{"id":327,"date":"2020-10-19T07:17:58","date_gmt":"2020-10-19T07:17:58","guid":{"rendered":"https:\/\/ibomberdefense.standardof.net\/?page_id=327"},"modified":"2020-10-19T08:05:28","modified_gmt":"2020-10-19T08:05:28","slug":"7-eastern-mediterranean-tigershark","status":"publish","type":"page","link":"https:\/\/ibomberdefense.standardof.net\/es\/guide\/campana-eje\/7-mediterraneo-oriental-tigershark\/","title":{"rendered":"7. Mediterr\u00e1neo oriental: Tigershark"},"content":{"rendered":"<div class=\"wp-block-image\"><figure class=\"aligncenter size-large\"><a href=\"https:\/\/ibomberdefense.standardof.net\/es\/guide\/campana-eje\/7-mediterraneo-oriental-tigershark\/ibomber-defense-axis-campaign-07-eastern-mediterranean-tigershark-1\/\"><img decoding=\"async\" width=\"800\" height=\"450\" src=\"https:\/\/ibomberdefense.standardof.net\/wp-content\/uploads\/sites\/5\/2020\/10\/iBomber-Defense-Axis-Campaign-07.-Eastern-Mediterranean-Tigershark-1-800x450.jpg\" alt=\"&quot;iBomber Defense&quot; - Campa\u00f1a del Eje - 07. Mediterr\u00e1neo Oriental: Tigershark (1)\" class=\"wp-image-100\" title=\"\" srcset=\"https:\/\/ibomberdefense.standardof.net\/wp-content\/uploads\/sites\/5\/2020\/10\/iBomber-Defense-Axis-Campaign-07.-Eastern-Mediterranean-Tigershark-1-800x450.jpg 800w, https:\/\/ibomberdefense.standardof.net\/wp-content\/uploads\/sites\/5\/2020\/10\/iBomber-Defense-Axis-Campaign-07.-Eastern-Mediterranean-Tigershark-1-512x288.jpg 512w, https:\/\/ibomberdefense.standardof.net\/wp-content\/uploads\/sites\/5\/2020\/10\/iBomber-Defense-Axis-Campaign-07.-Eastern-Mediterranean-Tigershark-1-200x113.jpg 200w, https:\/\/ibomberdefense.standardof.net\/wp-content\/uploads\/sites\/5\/2020\/10\/iBomber-Defense-Axis-Campaign-07.-Eastern-Mediterranean-Tigershark-1-768x432.jpg 768w, https:\/\/ibomberdefense.standardof.net\/wp-content\/uploads\/sites\/5\/2020\/10\/iBomber-Defense-Axis-Campaign-07.-Eastern-Mediterranean-Tigershark-1-16x9.jpg 16w, https:\/\/ibomberdefense.standardof.net\/wp-content\/uploads\/sites\/5\/2020\/10\/iBomber-Defense-Axis-Campaign-07.-Eastern-Mediterranean-Tigershark-1.jpg 1280w\" sizes=\"(max-width: 800px) 100vw, 800px\" \/><\/a><figcaption>Mapa de las rutas tomadas por las unidades enemigas en el nivel del Mediterr\u00e1neo Oriental &quot;Tigershark&quot; en el videojuego &quot;iBomber Defense&quot;. El camino azul denota aviones.<\/figcaption><\/figure><\/div>\n\n\n\n<p>La misi\u00f3n n\u00famero siete en la campa\u00f1a del Eje ahora te enfrenta a un total de cuarenta oleadas de enemigos, todos acerc\u00e1ndose desde tres caminos diferentes desde el suroeste. Los buques navales comenzar\u00e1n el nivel, pero aseg\u00farese de estar preparado para la oleada 20 cuando aparezca el avi\u00f3n.<\/p>\n\n\n\n<p>La ubicaci\u00f3n de la torreta debe enfocarse en utilizar el espacio m\u00e1s cercano a donde los caminos se encuentran hacia el este del mapa a lo largo de la peque\u00f1a isla donde convergen los caminos.<\/p>\n\n\n\n<h3 class=\"wp-block-heading\"><strong>Colocaci\u00f3n de la torreta<\/strong><\/h3>\n\n\n\n<figure class=\"wp-block-gallery columns-2 is-cropped wp-block-gallery-1 is-layout-flex wp-block-gallery-is-layout-flex\"><ul class=\"blocks-gallery-grid\"><li class=\"blocks-gallery-item\"><figure><a href=\"https:\/\/ibomberdefense.standardof.net\/es\/guide\/campana-eje\/7-mediterraneo-oriental-tigershark\/ibomber-defense-axis-campaign-07-eastern-mediterranean-tigershark-2\/\"><img decoding=\"async\" width=\"800\" height=\"450\" src=\"https:\/\/ibomberdefense.standardof.net\/wp-content\/uploads\/sites\/5\/2020\/10\/iBomber-Defense-Axis-Campaign-07.-Eastern-Mediterranean-Tigershark-2-800x450.jpg\" alt=\"&quot;iBomber Defense&quot; - Campa\u00f1a del Eje - 07. Mediterr\u00e1neo Oriental: Tigershark (2)\" data-id=\"101\" data-full-url=\"https:\/\/ibomberdefense.standardof.net\/wp-content\/uploads\/sites\/5\/2020\/10\/iBomber-Defense-Axis-Campaign-07.-Eastern-Mediterranean-Tigershark-2.jpg\" data-link=\"https:\/\/ibomberdefense.standardof.net\/guide\/axis-campaign\/7-eastern-mediterranean-tigershark\/ibomber-defense-axis-campaign-07-eastern-mediterranean-tigershark-2\/\" class=\"wp-image-101\" title=\"\" srcset=\"https:\/\/ibomberdefense.standardof.net\/wp-content\/uploads\/sites\/5\/2020\/10\/iBomber-Defense-Axis-Campaign-07.-Eastern-Mediterranean-Tigershark-2-800x450.jpg 800w, https:\/\/ibomberdefense.standardof.net\/wp-content\/uploads\/sites\/5\/2020\/10\/iBomber-Defense-Axis-Campaign-07.-Eastern-Mediterranean-Tigershark-2-512x288.jpg 512w, https:\/\/ibomberdefense.standardof.net\/wp-content\/uploads\/sites\/5\/2020\/10\/iBomber-Defense-Axis-Campaign-07.-Eastern-Mediterranean-Tigershark-2-200x113.jpg 200w, https:\/\/ibomberdefense.standardof.net\/wp-content\/uploads\/sites\/5\/2020\/10\/iBomber-Defense-Axis-Campaign-07.-Eastern-Mediterranean-Tigershark-2-768x432.jpg 768w, https:\/\/ibomberdefense.standardof.net\/wp-content\/uploads\/sites\/5\/2020\/10\/iBomber-Defense-Axis-Campaign-07.-Eastern-Mediterranean-Tigershark-2-16x9.jpg 16w, https:\/\/ibomberdefense.standardof.net\/wp-content\/uploads\/sites\/5\/2020\/10\/iBomber-Defense-Axis-Campaign-07.-Eastern-Mediterranean-Tigershark-2.jpg 1280w\" sizes=\"(max-width: 800px) 100vw, 800px\" \/><\/a><figcaption class=\"blocks-gallery-item__caption\">Colocaci\u00f3n de la torreta Wave 10.<\/figcaption><\/figure><\/li><li class=\"blocks-gallery-item\"><figure><a href=\"https:\/\/ibomberdefense.standardof.net\/es\/guide\/campana-eje\/7-mediterraneo-oriental-tigershark\/ibomber-defense-axis-campaign-07-eastern-mediterranean-tigershark-3\/\"><img decoding=\"async\" width=\"800\" height=\"450\" src=\"https:\/\/ibomberdefense.standardof.net\/wp-content\/uploads\/sites\/5\/2020\/10\/iBomber-Defense-Axis-Campaign-07.-Eastern-Mediterranean-Tigershark-3-800x450.jpg\" alt=\"&quot;iBomber Defense&quot; - Campa\u00f1a del Eje - 07. Mediterr\u00e1neo Oriental: Tigershark (3)\" data-id=\"102\" data-full-url=\"https:\/\/ibomberdefense.standardof.net\/wp-content\/uploads\/sites\/5\/2020\/10\/iBomber-Defense-Axis-Campaign-07.-Eastern-Mediterranean-Tigershark-3.jpg\" data-link=\"https:\/\/ibomberdefense.standardof.net\/guide\/axis-campaign\/7-eastern-mediterranean-tigershark\/ibomber-defense-axis-campaign-07-eastern-mediterranean-tigershark-3\/\" class=\"wp-image-102\" title=\"\" srcset=\"https:\/\/ibomberdefense.standardof.net\/wp-content\/uploads\/sites\/5\/2020\/10\/iBomber-Defense-Axis-Campaign-07.-Eastern-Mediterranean-Tigershark-3-800x450.jpg 800w, https:\/\/ibomberdefense.standardof.net\/wp-content\/uploads\/sites\/5\/2020\/10\/iBomber-Defense-Axis-Campaign-07.-Eastern-Mediterranean-Tigershark-3-512x288.jpg 512w, https:\/\/ibomberdefense.standardof.net\/wp-content\/uploads\/sites\/5\/2020\/10\/iBomber-Defense-Axis-Campaign-07.-Eastern-Mediterranean-Tigershark-3-200x113.jpg 200w, https:\/\/ibomberdefense.standardof.net\/wp-content\/uploads\/sites\/5\/2020\/10\/iBomber-Defense-Axis-Campaign-07.-Eastern-Mediterranean-Tigershark-3-768x432.jpg 768w, https:\/\/ibomberdefense.standardof.net\/wp-content\/uploads\/sites\/5\/2020\/10\/iBomber-Defense-Axis-Campaign-07.-Eastern-Mediterranean-Tigershark-3-16x9.jpg 16w, https:\/\/ibomberdefense.standardof.net\/wp-content\/uploads\/sites\/5\/2020\/10\/iBomber-Defense-Axis-Campaign-07.-Eastern-Mediterranean-Tigershark-3.jpg 1280w\" sizes=\"(max-width: 800px) 100vw, 800px\" \/><\/a><figcaption class=\"blocks-gallery-item__caption\">Colocaci\u00f3n de la torreta Wave 20.<\/figcaption><\/figure><\/li><\/ul><\/figure>\n\n\n\n<p>Las primeras torretas colocadas deben ser dos torretas de ametralladora en la peque\u00f1a isla en los espacios inferior derecho y superior izquierdo. El tercer espacio superior derecho debe estar ocupado por un infierno despu\u00e9s de que ambas ametralladoras y un tercero por la convergencia se actualicen al nivel m\u00e1ximo.<\/p>\n\n\n\n<p>La ola 20 trae consigo aviones enemigos, por lo que colocar una torreta AA de nivel uno deber\u00eda ser una prioridad m\u00e1xima al final de la ola 19. Antes de eso, construya algunos ca\u00f1ones en los lados norte y sur del \u00e1rea de convergencia. Desde el nivel 20 hasta el treinta, trabaje para obtener un arma X de segundo nivel con un impulso m\u00e1ximo mientras trabaja en m\u00e1s ca\u00f1ones y AA seg\u00fan sea necesario.<\/p>\n\n\n\n<p>Cuando llegues al tramo final de oleadas hacia los desaf\u00edos finales, ahorra para un segundo X-Weapon y col\u00f3calo en alg\u00fan lugar donde pueda recibir un impulso decente de las torretas cercanas. Habr\u00e1 un contraataque aqu\u00ed en un nivel futuro, por lo que vale la pena construir tanto como sea posible, incluso si ya est\u00e1 dominando al enemigo. Si puedes, intenta vender las torretas de la peque\u00f1a isla justo antes de completar la misi\u00f3n y \u00fasalas para construir algo m\u00e1s, ya que ser\u00e1n destruidas en los primeros momentos del Contraataque.<\/p>\n\n\n\n<figure class=\"wp-block-gallery columns-2 is-cropped wp-block-gallery-2 is-layout-flex wp-block-gallery-is-layout-flex\"><ul class=\"blocks-gallery-grid\"><li class=\"blocks-gallery-item\"><figure><a href=\"https:\/\/ibomberdefense.standardof.net\/es\/guide\/campana-eje\/7-mediterraneo-oriental-tigershark\/ibomber-defense-axis-campaign-07-eastern-mediterranean-tigershark-4\/\"><img decoding=\"async\" width=\"800\" height=\"450\" src=\"https:\/\/ibomberdefense.standardof.net\/wp-content\/uploads\/sites\/5\/2020\/10\/iBomber-Defense-Axis-Campaign-07.-Eastern-Mediterranean-Tigershark-4-800x450.jpg\" alt=\"&quot;iBomber Defense&quot; - Campa\u00f1a del Eje - 07. Mediterr\u00e1neo Oriental: Tigershark (4)\" data-id=\"103\" data-full-url=\"https:\/\/ibomberdefense.standardof.net\/wp-content\/uploads\/sites\/5\/2020\/10\/iBomber-Defense-Axis-Campaign-07.-Eastern-Mediterranean-Tigershark-4.jpg\" data-link=\"https:\/\/ibomberdefense.standardof.net\/guide\/axis-campaign\/7-eastern-mediterranean-tigershark\/ibomber-defense-axis-campaign-07-eastern-mediterranean-tigershark-4\/\" class=\"wp-image-103\" title=\"\" srcset=\"https:\/\/ibomberdefense.standardof.net\/wp-content\/uploads\/sites\/5\/2020\/10\/iBomber-Defense-Axis-Campaign-07.-Eastern-Mediterranean-Tigershark-4-800x450.jpg 800w, https:\/\/ibomberdefense.standardof.net\/wp-content\/uploads\/sites\/5\/2020\/10\/iBomber-Defense-Axis-Campaign-07.-Eastern-Mediterranean-Tigershark-4-512x288.jpg 512w, https:\/\/ibomberdefense.standardof.net\/wp-content\/uploads\/sites\/5\/2020\/10\/iBomber-Defense-Axis-Campaign-07.-Eastern-Mediterranean-Tigershark-4-200x113.jpg 200w, https:\/\/ibomberdefense.standardof.net\/wp-content\/uploads\/sites\/5\/2020\/10\/iBomber-Defense-Axis-Campaign-07.-Eastern-Mediterranean-Tigershark-4-768x432.jpg 768w, https:\/\/ibomberdefense.standardof.net\/wp-content\/uploads\/sites\/5\/2020\/10\/iBomber-Defense-Axis-Campaign-07.-Eastern-Mediterranean-Tigershark-4-16x9.jpg 16w, https:\/\/ibomberdefense.standardof.net\/wp-content\/uploads\/sites\/5\/2020\/10\/iBomber-Defense-Axis-Campaign-07.-Eastern-Mediterranean-Tigershark-4.jpg 1280w\" sizes=\"(max-width: 800px) 100vw, 800px\" \/><\/a><figcaption class=\"blocks-gallery-item__caption\">Colocaci\u00f3n de la torreta Wave 30.<\/figcaption><\/figure><\/li><li class=\"blocks-gallery-item\"><figure><a href=\"https:\/\/ibomberdefense.standardof.net\/es\/guide\/campana-eje\/7-mediterraneo-oriental-tigershark\/ibomber-defense-axis-campaign-07-eastern-mediterranean-tigershark-5\/\"><img decoding=\"async\" width=\"800\" height=\"450\" src=\"https:\/\/ibomberdefense.standardof.net\/wp-content\/uploads\/sites\/5\/2020\/10\/iBomber-Defense-Axis-Campaign-07.-Eastern-Mediterranean-Tigershark-5-800x450.jpg\" alt=\"&quot;iBomber Defense&quot; - Campa\u00f1a del Eje - 07. Mediterr\u00e1neo Oriental: Tigershark (5)\" data-id=\"104\" data-full-url=\"https:\/\/ibomberdefense.standardof.net\/wp-content\/uploads\/sites\/5\/2020\/10\/iBomber-Defense-Axis-Campaign-07.-Eastern-Mediterranean-Tigershark-5.jpg\" data-link=\"https:\/\/ibomberdefense.standardof.net\/guide\/axis-campaign\/7-eastern-mediterranean-tigershark\/ibomber-defense-axis-campaign-07-eastern-mediterranean-tigershark-5\/\" class=\"wp-image-104\" title=\"\" srcset=\"https:\/\/ibomberdefense.standardof.net\/wp-content\/uploads\/sites\/5\/2020\/10\/iBomber-Defense-Axis-Campaign-07.-Eastern-Mediterranean-Tigershark-5-800x450.jpg 800w, https:\/\/ibomberdefense.standardof.net\/wp-content\/uploads\/sites\/5\/2020\/10\/iBomber-Defense-Axis-Campaign-07.-Eastern-Mediterranean-Tigershark-5-512x288.jpg 512w, https:\/\/ibomberdefense.standardof.net\/wp-content\/uploads\/sites\/5\/2020\/10\/iBomber-Defense-Axis-Campaign-07.-Eastern-Mediterranean-Tigershark-5-200x113.jpg 200w, https:\/\/ibomberdefense.standardof.net\/wp-content\/uploads\/sites\/5\/2020\/10\/iBomber-Defense-Axis-Campaign-07.-Eastern-Mediterranean-Tigershark-5-768x432.jpg 768w, https:\/\/ibomberdefense.standardof.net\/wp-content\/uploads\/sites\/5\/2020\/10\/iBomber-Defense-Axis-Campaign-07.-Eastern-Mediterranean-Tigershark-5-16x9.jpg 16w, https:\/\/ibomberdefense.standardof.net\/wp-content\/uploads\/sites\/5\/2020\/10\/iBomber-Defense-Axis-Campaign-07.-Eastern-Mediterranean-Tigershark-5.jpg 1280w\" sizes=\"(max-width: 800px) 100vw, 800px\" \/><\/a><figcaption class=\"blocks-gallery-item__caption\">Colocaci\u00f3n de la torreta Wave 40.<\/figcaption><\/figure><\/li><\/ul><\/figure>\n\n\n\n<h3 class=\"wp-block-heading\"><strong>Gasto en puntos de victoria<\/strong><\/h3>\n\n\n\n<p>La mayor\u00eda de las veces todo est\u00e1 al m\u00e1ximo en este punto con 3 opciones para elegir y dos puntos para gastar. Decid\u00ed ir con los segundos niveles de X-Weapon y Repair, ya que las Firestorms de segundo nivel todav\u00eda cumplen su prop\u00f3sito bastante bien. En este punto, Firestorm es lo \u00fanico que no est\u00e1 en el nivel 3 (2).<\/p>\n\n\n\n<hr class=\"wp-block-separator\"\/>\n\n\n\n<h4 class=\"has-text-align-center wp-block-heading\">Gu\u00eda de video<\/h4>\n\n\n\n<figure class=\"wp-block-embed-youtube wp-block-embed is-type-video is-provider-youtube wp-embed-aspect-16-9 wp-has-aspect-ratio\"><div class=\"wp-block-embed__wrapper\">\n<div class=\"ast-oembed-container\" style=\"height: 100%;\"><iframe title=\"iBomber Defense - Mediterr\u00e1neo Oriental - Tigershark - Veterano + Perfecto\" width=\"500\" height=\"281\" src=\"https:\/\/www.youtube.com\/embed\/Zh013SOZgjQ?feature=oembed\" frameborder=\"0\" allow=\"accelerometer; autoplay; clipboard-write; encrypted-media; gyroscope; picture-in-picture; web-share\" referrerpolicy=\"strict-origin-when-cross-origin\" allowfullscreen><\/iframe><\/div>\n<\/div><\/figure>","protected":false},"excerpt":{"rendered":"<p>Mission number seven in the Axis campaign now has you facing a total of forty waves of enemies, all approaching from three different paths from the Southwest. Naval vessels will start off the level but make sure you are prepared for wave 20 when the aircraft show up. Turret placement should focus on utilizing the [&hellip;]<\/p>","protected":false},"author":1,"featured_media":104,"parent":268,"menu_order":7,"comment_status":"open","ping_status":"closed","template":"","meta":{"_uag_custom_page_level_css":"","site-sidebar-layout":"default","site-content-layout":"default","ast-site-content-layout":"","site-content-style":"default","site-sidebar-style":"default","ast-global-header-display":"","ast-banner-title-visibility":"","ast-main-header-display":"","ast-hfb-above-header-display":"","ast-hfb-below-header-display":"","ast-hfb-mobile-header-display":"","site-post-title":"","ast-breadcrumbs-content":"","ast-featured-img":"","footer-sml-layout":"","theme-transparent-header-meta":"default","adv-header-id-meta":"","stick-header-meta":"","header-above-stick-meta":"","header-main-stick-meta":"","header-below-stick-meta":"","astra-migrate-meta-layouts":"default","ast-page-background-enabled":"default","ast-page-background-meta":{"desktop":{"background-color":"","background-image":"","background-repeat":"repeat","background-position":"center center","background-size":"auto","background-attachment":"scroll","background-type":"","background-media":"","overlay-type":"","overlay-color":"","overlay-gradient":""},"tablet":{"background-color":"","background-image":"","background-repeat":"repeat","background-position":"center center","background-size":"auto","background-attachment":"scroll","background-type":"","background-media":"","overlay-type":"","overlay-color":"","overlay-gradient":""},"mobile":{"background-color":"","background-image":"","background-repeat":"repeat","background-position":"center center","background-size":"auto","background-attachment":"scroll","background-type":"","background-media":"","overlay-type":"","overlay-color":"","overlay-gradient":""}},"ast-content-background-meta":{"desktop":{"background-color":"var(--ast-global-color-5)","background-image":"","background-repeat":"repeat","background-position":"center center","background-size":"auto","background-attachment":"scroll","background-type":"","background-media":"","overlay-type":"","overlay-color":"","overlay-gradient":""},"tablet":{"background-color":"var(--ast-global-color-5)","background-image":"","background-repeat":"repeat","background-position":"center center","background-size":"auto","background-attachment":"scroll","background-type":"","background-media":"","overlay-type":"","overlay-color":"","overlay-gradient":""},"mobile":{"background-color":"var(--ast-global-color-5)","background-image":"","background-repeat":"repeat","background-position":"center center","background-size":"auto","background-attachment":"scroll","background-type":"","background-media":"","overlay-type":"","overlay-color":"","overlay-gradient":""}},"footnotes":""},"uagb_featured_image_src":{"full":["https:\/\/ibomberdefense.standardof.net\/wp-content\/uploads\/sites\/5\/2020\/10\/iBomber-Defense-Axis-Campaign-07.-Eastern-Mediterranean-Tigershark-5.jpg",1280,720,false],"thumbnail":["https:\/\/ibomberdefense.standardof.net\/wp-content\/uploads\/sites\/5\/2020\/10\/iBomber-Defense-Axis-Campaign-07.-Eastern-Mediterranean-Tigershark-5-200x113.jpg",200,113,true],"medium":["https:\/\/ibomberdefense.standardof.net\/wp-content\/uploads\/sites\/5\/2020\/10\/iBomber-Defense-Axis-Campaign-07.-Eastern-Mediterranean-Tigershark-5-512x288.jpg",512,288,true],"medium_large":["https:\/\/ibomberdefense.standardof.net\/wp-content\/uploads\/sites\/5\/2020\/10\/iBomber-Defense-Axis-Campaign-07.-Eastern-Mediterranean-Tigershark-5-768x432.jpg",768,432,true],"large":["https:\/\/ibomberdefense.standardof.net\/wp-content\/uploads\/sites\/5\/2020\/10\/iBomber-Defense-Axis-Campaign-07.-Eastern-Mediterranean-Tigershark-5-800x450.jpg",800,450,true],"1536x1536":["https:\/\/ibomberdefense.standardof.net\/wp-content\/uploads\/sites\/5\/2020\/10\/iBomber-Defense-Axis-Campaign-07.-Eastern-Mediterranean-Tigershark-5.jpg",1280,720,false],"2048x2048":["https:\/\/ibomberdefense.standardof.net\/wp-content\/uploads\/sites\/5\/2020\/10\/iBomber-Defense-Axis-Campaign-07.-Eastern-Mediterranean-Tigershark-5.jpg",1280,720,false],"trp-custom-language-flag":["https:\/\/ibomberdefense.standardof.net\/wp-content\/uploads\/sites\/5\/2020\/10\/iBomber-Defense-Axis-Campaign-07.-Eastern-Mediterranean-Tigershark-5-16x9.jpg",16,9,true]},"uagb_author_info":{"display_name":"SOE","author_link":"https:\/\/ibomberdefense.standardof.net\/es\/author\/k-tastic\/"},"uagb_comment_info":0,"uagb_excerpt":"Mission number seven in the Axis campaign now has you facing a total of forty waves of enemies, all approaching from three different paths from the Southwest. Naval vessels will start off the level but make sure you are prepared for wave 20 when the aircraft show up. Turret placement should focus on utilizing the&hellip;","_links":{"self":[{"href":"https:\/\/ibomberdefense.standardof.net\/es\/wp-json\/wp\/v2\/pages\/327"}],"collection":[{"href":"https:\/\/ibomberdefense.standardof.net\/es\/wp-json\/wp\/v2\/pages"}],"about":[{"href":"https:\/\/ibomberdefense.standardof.net\/es\/wp-json\/wp\/v2\/types\/page"}],"author":[{"embeddable":true,"href":"https:\/\/ibomberdefense.standardof.net\/es\/wp-json\/wp\/v2\/users\/1"}],"replies":[{"embeddable":true,"href":"https:\/\/ibomberdefense.standardof.net\/es\/wp-json\/wp\/v2\/comments?post=327"}],"version-history":[{"count":0,"href":"https:\/\/ibomberdefense.standardof.net\/es\/wp-json\/wp\/v2\/pages\/327\/revisions"}],"up":[{"embeddable":true,"href":"https:\/\/ibomberdefense.standardof.net\/es\/wp-json\/wp\/v2\/pages\/268"}],"wp:featuredmedia":[{"embeddable":true,"href":"https:\/\/ibomberdefense.standardof.net\/es\/wp-json\/wp\/v2\/media\/104"}],"wp:attachment":[{"href":"https:\/\/ibomberdefense.standardof.net\/es\/wp-json\/wp\/v2\/media?parent=327"}],"curies":[{"name":"wp","href":"https:\/\/api.w.org\/{rel}","templated":true}]}}