{"id":344,"date":"2020-10-19T07:39:41","date_gmt":"2020-10-19T07:39:41","guid":{"rendered":"https:\/\/ibomberdefense.standardof.net\/?page_id=344"},"modified":"2020-10-19T08:04:53","modified_gmt":"2020-10-19T08:04:53","slug":"9-north-west-africa-on-the-beach","status":"publish","type":"page","link":"https:\/\/ibomberdefense.standardof.net\/es\/guide\/campana-eje\/9-africa-noroeste-en-la-playa\/","title":{"rendered":"9. \u00c1frica noroccidental: en la playa"},"content":{"rendered":"<div class=\"wp-block-image\"><figure class=\"aligncenter size-large\"><a href=\"https:\/\/ibomberdefense.standardof.net\/es\/guide\/campana-eje\/9-africa-noroeste-en-la-playa\/ibomber-defense-axis-campaign-09-north-west-africa-on-the-beach-1\/\"><img decoding=\"async\" width=\"800\" height=\"450\" src=\"https:\/\/ibomberdefense.standardof.net\/wp-content\/uploads\/sites\/5\/2020\/10\/iBomber-Defense-Axis-Campaign-09.-North-West-Africa-On-the-Beach-1-800x450.jpg\" alt=\"&quot;iBomber Defense&quot; - Campa\u00f1a Axis - 09. Noroeste de \u00c1frica - En la playa (1)\" class=\"wp-image-108\" title=\"\" srcset=\"https:\/\/ibomberdefense.standardof.net\/wp-content\/uploads\/sites\/5\/2020\/10\/iBomber-Defense-Axis-Campaign-09.-North-West-Africa-On-the-Beach-1-800x450.jpg 800w, https:\/\/ibomberdefense.standardof.net\/wp-content\/uploads\/sites\/5\/2020\/10\/iBomber-Defense-Axis-Campaign-09.-North-West-Africa-On-the-Beach-1-512x288.jpg 512w, https:\/\/ibomberdefense.standardof.net\/wp-content\/uploads\/sites\/5\/2020\/10\/iBomber-Defense-Axis-Campaign-09.-North-West-Africa-On-the-Beach-1-200x113.jpg 200w, https:\/\/ibomberdefense.standardof.net\/wp-content\/uploads\/sites\/5\/2020\/10\/iBomber-Defense-Axis-Campaign-09.-North-West-Africa-On-the-Beach-1-768x432.jpg 768w, https:\/\/ibomberdefense.standardof.net\/wp-content\/uploads\/sites\/5\/2020\/10\/iBomber-Defense-Axis-Campaign-09.-North-West-Africa-On-the-Beach-1-16x9.jpg 16w, https:\/\/ibomberdefense.standardof.net\/wp-content\/uploads\/sites\/5\/2020\/10\/iBomber-Defense-Axis-Campaign-09.-North-West-Africa-On-the-Beach-1.jpg 1280w\" sizes=\"(max-width: 800px) 100vw, 800px\" \/><\/a><figcaption>Las rutas entrantes de los atacantes en el nivel de \u00c1frica del Noroeste &quot;En la playa&quot; con la l\u00ednea azul para los aviones.<\/figcaption><\/figure><\/div>\n\n\n\n<p>La novena misi\u00f3n de la campa\u00f1a Axis en el videojuego <em>iBomber Defense<\/em>, Noroeste de \u00c1frica &quot;On the Beach&quot; te lleva a un lugar des\u00e9rtico para luchar contra 35 oleadas de unidades. Te enfrentar\u00e1s principalmente a unidades terrestres con aviones apareciendo en la oleada 20.<\/p>\n\n\n\n<p>Los enemigos en este nivel se acercar\u00e1n desde el norte, bajando en 6 caminos terrestres que r\u00e1pidamente se fusionan en cuatro que se encuentran justo antes de la base. La ubicaci\u00f3n de la torreta se centrar\u00e1 en establecer 3 grupos principales de torretas entre estos caminos antes de la base y estirar hacia afuera, aprovechando el terreno elevado.<\/p>\n\n\n\n<h3 class=\"wp-block-heading\"><strong>Colocaci\u00f3n de la torreta:<\/strong><\/h3>\n\n\n\n<figure class=\"wp-block-gallery columns-2 is-cropped wp-block-gallery-1 is-layout-flex wp-block-gallery-is-layout-flex\"><ul class=\"blocks-gallery-grid\"><li class=\"blocks-gallery-item\"><figure><a href=\"https:\/\/ibomberdefense.standardof.net\/es\/guide\/campana-eje\/9-africa-noroeste-en-la-playa\/ibomber-defense-axis-campaign-09-north-west-africa-on-the-beach-2\/\"><img decoding=\"async\" width=\"800\" height=\"450\" src=\"https:\/\/ibomberdefense.standardof.net\/wp-content\/uploads\/sites\/5\/2020\/10\/iBomber-Defense-Axis-Campaign-09.-North-West-Africa-On-the-Beach-2-800x450.jpg\" alt=\"&quot;iBomber Defense&quot; - Campa\u00f1a Axis - 09. Noroeste de \u00c1frica - En la playa (2)\" data-id=\"109\" data-full-url=\"https:\/\/ibomberdefense.standardof.net\/wp-content\/uploads\/sites\/5\/2020\/10\/iBomber-Defense-Axis-Campaign-09.-North-West-Africa-On-the-Beach-2.jpg\" data-link=\"https:\/\/ibomberdefense.standardof.net\/guide\/axis-campaign\/9-north-west-africa-on-the-beach\/ibomber-defense-axis-campaign-09-north-west-africa-on-the-beach-2\/\" class=\"wp-image-109\" title=\"\" srcset=\"https:\/\/ibomberdefense.standardof.net\/wp-content\/uploads\/sites\/5\/2020\/10\/iBomber-Defense-Axis-Campaign-09.-North-West-Africa-On-the-Beach-2-800x450.jpg 800w, https:\/\/ibomberdefense.standardof.net\/wp-content\/uploads\/sites\/5\/2020\/10\/iBomber-Defense-Axis-Campaign-09.-North-West-Africa-On-the-Beach-2-512x288.jpg 512w, https:\/\/ibomberdefense.standardof.net\/wp-content\/uploads\/sites\/5\/2020\/10\/iBomber-Defense-Axis-Campaign-09.-North-West-Africa-On-the-Beach-2-200x113.jpg 200w, https:\/\/ibomberdefense.standardof.net\/wp-content\/uploads\/sites\/5\/2020\/10\/iBomber-Defense-Axis-Campaign-09.-North-West-Africa-On-the-Beach-2-768x432.jpg 768w, https:\/\/ibomberdefense.standardof.net\/wp-content\/uploads\/sites\/5\/2020\/10\/iBomber-Defense-Axis-Campaign-09.-North-West-Africa-On-the-Beach-2-16x9.jpg 16w, https:\/\/ibomberdefense.standardof.net\/wp-content\/uploads\/sites\/5\/2020\/10\/iBomber-Defense-Axis-Campaign-09.-North-West-Africa-On-the-Beach-2.jpg 1280w\" sizes=\"(max-width: 800px) 100vw, 800px\" \/><\/a><figcaption class=\"blocks-gallery-item__caption\">Colocaci\u00f3n de la torreta Wave 15.<\/figcaption><\/figure><\/li><li class=\"blocks-gallery-item\"><figure><a href=\"https:\/\/ibomberdefense.standardof.net\/es\/guide\/campana-eje\/9-africa-noroeste-en-la-playa\/ibomber-defense-axis-campaign-09-north-west-africa-on-the-beach-3\/\"><img decoding=\"async\" width=\"800\" height=\"450\" src=\"https:\/\/ibomberdefense.standardof.net\/wp-content\/uploads\/sites\/5\/2020\/10\/iBomber-Defense-Axis-Campaign-09.-North-West-Africa-On-the-Beach-3-800x450.jpg\" alt=\"&quot;iBomber Defense&quot; - Campa\u00f1a Axis - 09. Noroeste de \u00c1frica - En la playa (3)\" data-id=\"110\" data-full-url=\"https:\/\/ibomberdefense.standardof.net\/wp-content\/uploads\/sites\/5\/2020\/10\/iBomber-Defense-Axis-Campaign-09.-North-West-Africa-On-the-Beach-3.jpg\" data-link=\"https:\/\/ibomberdefense.standardof.net\/guide\/axis-campaign\/9-north-west-africa-on-the-beach\/ibomber-defense-axis-campaign-09-north-west-africa-on-the-beach-3\/\" class=\"wp-image-110\" title=\"\" srcset=\"https:\/\/ibomberdefense.standardof.net\/wp-content\/uploads\/sites\/5\/2020\/10\/iBomber-Defense-Axis-Campaign-09.-North-West-Africa-On-the-Beach-3-800x450.jpg 800w, https:\/\/ibomberdefense.standardof.net\/wp-content\/uploads\/sites\/5\/2020\/10\/iBomber-Defense-Axis-Campaign-09.-North-West-Africa-On-the-Beach-3-512x288.jpg 512w, https:\/\/ibomberdefense.standardof.net\/wp-content\/uploads\/sites\/5\/2020\/10\/iBomber-Defense-Axis-Campaign-09.-North-West-Africa-On-the-Beach-3-200x113.jpg 200w, https:\/\/ibomberdefense.standardof.net\/wp-content\/uploads\/sites\/5\/2020\/10\/iBomber-Defense-Axis-Campaign-09.-North-West-Africa-On-the-Beach-3-768x432.jpg 768w, https:\/\/ibomberdefense.standardof.net\/wp-content\/uploads\/sites\/5\/2020\/10\/iBomber-Defense-Axis-Campaign-09.-North-West-Africa-On-the-Beach-3-16x9.jpg 16w, https:\/\/ibomberdefense.standardof.net\/wp-content\/uploads\/sites\/5\/2020\/10\/iBomber-Defense-Axis-Campaign-09.-North-West-Africa-On-the-Beach-3.jpg 1280w\" sizes=\"(max-width: 800px) 100vw, 800px\" \/><\/a><figcaption class=\"blocks-gallery-item__caption\">Colocaci\u00f3n de la torreta Wave 25.<\/figcaption><\/figure><\/li><\/ul><\/figure>\n\n\n\n<p>M\u00e1s all\u00e1 del primer concepto inicial de Ametralladoras, las oleadas 1 a 15 deber\u00edan centrarse en colocar 2 torretas Inferno para que puedan cubrir los cuatro caminos principales para ralentizar los veh\u00edculos r\u00e1pidos que se ven pronto en el nivel. Un par de ca\u00f1ones colocados estrat\u00e9gicamente tambi\u00e9n ser\u00e1n importantes.<\/p>\n\n\n\n<p>Hasta la oleada 25 del nivel, conc\u00e9ntrate en conseguir 2 ca\u00f1ones de segundo nivel en ambas mesetas y el parche correcto de espacio edificable que va entre dos caminos. Aseg\u00farate de tener AA arriba para la oleada 20 y trabaja para colocar un Arma X en el medio de uno de tus grupos de torretas.<\/p>\n\n\n\n<p>Al final del nivel, deber\u00e1s haber construido dos torretas AA, una en el nivel 3 y la segunda en el 1, mientras trabajas en tu segunda X-Weapon despu\u00e9s de actualizar por completo y potenciar la primera. Es posible que deba vender una torreta o dos en este momento para dejar espacio para algo m\u00e1s importante, como el segundo AA o X-Weapon. Tener los 6 ca\u00f1ones en el nivel 3 es suficiente, considerando el poder otorgado con las armas X.<\/p>\n\n\n\n<div class=\"wp-block-image\"><figure class=\"aligncenter size-large\"><a href=\"https:\/\/ibomberdefense.standardof.net\/es\/guide\/campana-eje\/9-africa-noroeste-en-la-playa\/ibomber-defense-axis-campaign-09-north-west-africa-on-the-beach-4\/\"><img decoding=\"async\" width=\"800\" height=\"450\" src=\"https:\/\/ibomberdefense.standardof.net\/wp-content\/uploads\/sites\/5\/2020\/10\/iBomber-Defense-Axis-Campaign-09.-North-West-Africa-On-the-Beach-4-800x450.jpg\" alt=\"&quot;iBomber Defense&quot; - Campa\u00f1a Axis - 09. Noroeste de \u00c1frica - En la playa (4)\" class=\"wp-image-111\" title=\"\" srcset=\"https:\/\/ibomberdefense.standardof.net\/wp-content\/uploads\/sites\/5\/2020\/10\/iBomber-Defense-Axis-Campaign-09.-North-West-Africa-On-the-Beach-4-800x450.jpg 800w, https:\/\/ibomberdefense.standardof.net\/wp-content\/uploads\/sites\/5\/2020\/10\/iBomber-Defense-Axis-Campaign-09.-North-West-Africa-On-the-Beach-4-512x288.jpg 512w, https:\/\/ibomberdefense.standardof.net\/wp-content\/uploads\/sites\/5\/2020\/10\/iBomber-Defense-Axis-Campaign-09.-North-West-Africa-On-the-Beach-4-200x113.jpg 200w, https:\/\/ibomberdefense.standardof.net\/wp-content\/uploads\/sites\/5\/2020\/10\/iBomber-Defense-Axis-Campaign-09.-North-West-Africa-On-the-Beach-4-768x432.jpg 768w, https:\/\/ibomberdefense.standardof.net\/wp-content\/uploads\/sites\/5\/2020\/10\/iBomber-Defense-Axis-Campaign-09.-North-West-Africa-On-the-Beach-4-16x9.jpg 16w, https:\/\/ibomberdefense.standardof.net\/wp-content\/uploads\/sites\/5\/2020\/10\/iBomber-Defense-Axis-Campaign-09.-North-West-Africa-On-the-Beach-4.jpg 1280w\" sizes=\"(max-width: 800px) 100vw, 800px\" \/><\/a><figcaption>Colocaci\u00f3n de la torreta Wave 35.<\/figcaption><\/figure><\/div>\n\n\n\n<hr class=\"wp-block-separator\"\/>\n\n\n\n<h4 class=\"has-text-align-center wp-block-heading\">Gu\u00eda de video<\/h4>\n\n\n\n<figure class=\"wp-block-embed-youtube wp-block-embed is-type-video is-provider-youtube wp-embed-aspect-16-9 wp-has-aspect-ratio\"><div class=\"wp-block-embed__wrapper\">\n<div class=\"ast-oembed-container\" style=\"height: 100%;\"><iframe title=\"iBomber Defense - Noroeste de \u00c1frica - En la playa - Veterano + Perfecto\" width=\"500\" height=\"281\" src=\"https:\/\/www.youtube.com\/embed\/uEiGCIDFvis?feature=oembed\" frameborder=\"0\" allow=\"accelerometer; autoplay; clipboard-write; encrypted-media; gyroscope; picture-in-picture; web-share\" referrerpolicy=\"strict-origin-when-cross-origin\" allowfullscreen><\/iframe><\/div>\n<\/div><\/figure>","protected":false},"excerpt":{"rendered":"<p>The ninth mission in the Axis campaign in the video game iBomber Defense, North West Africa &#8220;On the Beach,&#8221; takes you to a desert locale for a fight against 35 waves of units. You will face primarily land units with aircraft showing up at wave 20. The enemies in this level will approach from the [&hellip;]<\/p>","protected":false},"author":1,"featured_media":111,"parent":268,"menu_order":9,"comment_status":"open","ping_status":"closed","template":"","meta":{"_uag_custom_page_level_css":"","site-sidebar-layout":"default","site-content-layout":"default","ast-site-content-layout":"","site-content-style":"default","site-sidebar-style":"default","ast-global-header-display":"","ast-banner-title-visibility":"","ast-main-header-display":"","ast-hfb-above-header-display":"","ast-hfb-below-header-display":"","ast-hfb-mobile-header-display":"","site-post-title":"","ast-breadcrumbs-content":"","ast-featured-img":"","footer-sml-layout":"","theme-transparent-header-meta":"default","adv-header-id-meta":"","stick-header-meta":"","header-above-stick-meta":"","header-main-stick-meta":"","header-below-stick-meta":"","astra-migrate-meta-layouts":"default","ast-page-background-enabled":"default","ast-page-background-meta":{"desktop":{"background-color":"","background-image":"","background-repeat":"repeat","background-position":"center center","background-size":"auto","background-attachment":"scroll","background-type":"","background-media":"","overlay-type":"","overlay-color":"","overlay-gradient":""},"tablet":{"background-color":"","background-image":"","background-repeat":"repeat","background-position":"center center","background-size":"auto","background-attachment":"scroll","background-type":"","background-media":"","overlay-type":"","overlay-color":"","overlay-gradient":""},"mobile":{"background-color":"","background-image":"","background-repeat":"repeat","background-position":"center center","background-size":"auto","background-attachment":"scroll","background-type":"","background-media":"","overlay-type":"","overlay-color":"","overlay-gradient":""}},"ast-content-background-meta":{"desktop":{"background-color":"var(--ast-global-color-5)","background-image":"","background-repeat":"repeat","background-position":"center center","background-size":"auto","background-attachment":"scroll","background-type":"","background-media":"","overlay-type":"","overlay-color":"","overlay-gradient":""},"tablet":{"background-color":"var(--ast-global-color-5)","background-image":"","background-repeat":"repeat","background-position":"center center","background-size":"auto","background-attachment":"scroll","background-type":"","background-media":"","overlay-type":"","overlay-color":"","overlay-gradient":""},"mobile":{"background-color":"var(--ast-global-color-5)","background-image":"","background-repeat":"repeat","background-position":"center center","background-size":"auto","background-attachment":"scroll","background-type":"","background-media":"","overlay-type":"","overlay-color":"","overlay-gradient":""}},"footnotes":""},"uagb_featured_image_src":{"full":["https:\/\/ibomberdefense.standardof.net\/wp-content\/uploads\/sites\/5\/2020\/10\/iBomber-Defense-Axis-Campaign-09.-North-West-Africa-On-the-Beach-4.jpg",1280,720,false],"thumbnail":["https:\/\/ibomberdefense.standardof.net\/wp-content\/uploads\/sites\/5\/2020\/10\/iBomber-Defense-Axis-Campaign-09.-North-West-Africa-On-the-Beach-4-200x113.jpg",200,113,true],"medium":["https:\/\/ibomberdefense.standardof.net\/wp-content\/uploads\/sites\/5\/2020\/10\/iBomber-Defense-Axis-Campaign-09.-North-West-Africa-On-the-Beach-4-512x288.jpg",512,288,true],"medium_large":["https:\/\/ibomberdefense.standardof.net\/wp-content\/uploads\/sites\/5\/2020\/10\/iBomber-Defense-Axis-Campaign-09.-North-West-Africa-On-the-Beach-4-768x432.jpg",768,432,true],"large":["https:\/\/ibomberdefense.standardof.net\/wp-content\/uploads\/sites\/5\/2020\/10\/iBomber-Defense-Axis-Campaign-09.-North-West-Africa-On-the-Beach-4-800x450.jpg",800,450,true],"1536x1536":["https:\/\/ibomberdefense.standardof.net\/wp-content\/uploads\/sites\/5\/2020\/10\/iBomber-Defense-Axis-Campaign-09.-North-West-Africa-On-the-Beach-4.jpg",1280,720,false],"2048x2048":["https:\/\/ibomberdefense.standardof.net\/wp-content\/uploads\/sites\/5\/2020\/10\/iBomber-Defense-Axis-Campaign-09.-North-West-Africa-On-the-Beach-4.jpg",1280,720,false],"trp-custom-language-flag":["https:\/\/ibomberdefense.standardof.net\/wp-content\/uploads\/sites\/5\/2020\/10\/iBomber-Defense-Axis-Campaign-09.-North-West-Africa-On-the-Beach-4-16x9.jpg",16,9,true]},"uagb_author_info":{"display_name":"SOE","author_link":"https:\/\/ibomberdefense.standardof.net\/es\/author\/k-tastic\/"},"uagb_comment_info":0,"uagb_excerpt":"The ninth mission in the Axis campaign in the video game iBomber Defense, North West Africa &#8220;On the Beach,&#8221; takes you to a desert locale for a fight against 35 waves of units. You will face primarily land units with aircraft showing up at wave 20. The enemies in this level will approach from the&hellip;","_links":{"self":[{"href":"https:\/\/ibomberdefense.standardof.net\/es\/wp-json\/wp\/v2\/pages\/344"}],"collection":[{"href":"https:\/\/ibomberdefense.standardof.net\/es\/wp-json\/wp\/v2\/pages"}],"about":[{"href":"https:\/\/ibomberdefense.standardof.net\/es\/wp-json\/wp\/v2\/types\/page"}],"author":[{"embeddable":true,"href":"https:\/\/ibomberdefense.standardof.net\/es\/wp-json\/wp\/v2\/users\/1"}],"replies":[{"embeddable":true,"href":"https:\/\/ibomberdefense.standardof.net\/es\/wp-json\/wp\/v2\/comments?post=344"}],"version-history":[{"count":0,"href":"https:\/\/ibomberdefense.standardof.net\/es\/wp-json\/wp\/v2\/pages\/344\/revisions"}],"up":[{"embeddable":true,"href":"https:\/\/ibomberdefense.standardof.net\/es\/wp-json\/wp\/v2\/pages\/268"}],"wp:featuredmedia":[{"embeddable":true,"href":"https:\/\/ibomberdefense.standardof.net\/es\/wp-json\/wp\/v2\/media\/111"}],"wp:attachment":[{"href":"https:\/\/ibomberdefense.standardof.net\/es\/wp-json\/wp\/v2\/media?parent=344"}],"curies":[{"name":"wp","href":"https:\/\/api.w.org\/{rel}","templated":true}]}}