{"id":346,"date":"2020-10-19T07:40:37","date_gmt":"2020-10-19T07:40:37","guid":{"rendered":"https:\/\/ibomberdefense.standardof.net\/?page_id=346"},"modified":"2020-10-19T08:04:29","modified_gmt":"2020-10-19T08:04:29","slug":"11-western-europe-cross-of-iron","status":"publish","type":"page","link":"https:\/\/ibomberdefense.standardof.net\/es\/guide\/campana-eje\/11-cruz-de-hierro-de-europa-occidental\/","title":{"rendered":"11. Europa Occidental: Cruz de Hierro"},"content":{"rendered":"<div class=\"wp-block-image\"><figure class=\"aligncenter size-large\"><a href=\"https:\/\/ibomberdefense.standardof.net\/es\/guide\/campana-eje\/11-cruz-de-hierro-de-europa-occidental\/ibomber-defense-axis-campaign-11-western-europe-cross-of-iron-1\/\"><img decoding=\"async\" width=\"800\" height=\"450\" src=\"https:\/\/ibomberdefense.standardof.net\/wp-content\/uploads\/sites\/5\/2020\/10\/iBomber-Defense-Axis-Campaign-11.-Western-Europe-Cross-of-Iron-1-800x450.jpg\" alt=\"&quot;iBomber Defense&quot; - Campa\u00f1a del Eje - 11. Europa Occidental - Cruz de Hierro (1)\" class=\"wp-image-117\" title=\"\" srcset=\"https:\/\/ibomberdefense.standardof.net\/wp-content\/uploads\/sites\/5\/2020\/10\/iBomber-Defense-Axis-Campaign-11.-Western-Europe-Cross-of-Iron-1-800x450.jpg 800w, https:\/\/ibomberdefense.standardof.net\/wp-content\/uploads\/sites\/5\/2020\/10\/iBomber-Defense-Axis-Campaign-11.-Western-Europe-Cross-of-Iron-1-512x288.jpg 512w, https:\/\/ibomberdefense.standardof.net\/wp-content\/uploads\/sites\/5\/2020\/10\/iBomber-Defense-Axis-Campaign-11.-Western-Europe-Cross-of-Iron-1-200x113.jpg 200w, https:\/\/ibomberdefense.standardof.net\/wp-content\/uploads\/sites\/5\/2020\/10\/iBomber-Defense-Axis-Campaign-11.-Western-Europe-Cross-of-Iron-1-768x432.jpg 768w, https:\/\/ibomberdefense.standardof.net\/wp-content\/uploads\/sites\/5\/2020\/10\/iBomber-Defense-Axis-Campaign-11.-Western-Europe-Cross-of-Iron-1-16x9.jpg 16w, https:\/\/ibomberdefense.standardof.net\/wp-content\/uploads\/sites\/5\/2020\/10\/iBomber-Defense-Axis-Campaign-11.-Western-Europe-Cross-of-Iron-1.jpg 1280w\" sizes=\"(max-width: 800px) 100vw, 800px\" \/><\/a><figcaption>Rutas tomadas por unidades enemigas en iBomber Defense, nivel de campa\u00f1a de Axis Europa Occidental &quot;Cruz de Hierro&quot;. El camino azul es para aviones.<\/figcaption><\/figure><\/div>\n\n\n\n<p>Nivel once de la campa\u00f1a Axis en <em>iBomber Defense<\/em> tiene lugar en Europa Occidental, enfrent\u00e1ndose a tres rutas de entrada principales de unidades terrestres durante 45 ondas. Las unidades que vienen del camino rojo pueden tomar uno de los 3 subrutas al llegar a la divisi\u00f3n como se muestra a la derecha antes de fusionarse nuevamente justo antes de la base. Las aeronaves llegar\u00e1n para unirse a la refriega al comienzo de la ola 24.<\/p>\n\n\n\n<p>La ubicaci\u00f3n de la torreta se centrar\u00e1 en un primer momento en llenar los espacios que existen en el medio del c\u00edrculo formado por la divisi\u00f3n y posterior fusi\u00f3n del camino rojo, junto con la posterior uni\u00f3n del naranja y el amarillo. Desde all\u00ed se extender\u00e1 para ocupar las 3 plataues al oeste una vez que esta primera porci\u00f3n est\u00e9 suficientemente asentada.<\/p>\n\n\n\n<h3 class=\"wp-block-heading\"><strong>Colocaci\u00f3n de la torreta:<\/strong><\/h3>\n\n\n\n<figure class=\"wp-block-gallery columns-2 is-cropped wp-block-gallery-1 is-layout-flex wp-block-gallery-is-layout-flex\"><ul class=\"blocks-gallery-grid\"><li class=\"blocks-gallery-item\"><figure><a href=\"https:\/\/ibomberdefense.standardof.net\/es\/guide\/campana-eje\/11-cruz-de-hierro-de-europa-occidental\/ibomber-defense-axis-campaign-11-western-europe-cross-of-iron-2\/\"><img decoding=\"async\" width=\"800\" height=\"450\" src=\"https:\/\/ibomberdefense.standardof.net\/wp-content\/uploads\/sites\/5\/2020\/10\/iBomber-Defense-Axis-Campaign-11.-Western-Europe-Cross-of-Iron-2-800x450.jpg\" alt=\"&quot;iBomber Defense&quot; - Campa\u00f1a del Eje - 11. Europa Occidental - Cruz de Hierro (2)\" data-id=\"118\" data-full-url=\"https:\/\/ibomberdefense.standardof.net\/wp-content\/uploads\/sites\/5\/2020\/10\/iBomber-Defense-Axis-Campaign-11.-Western-Europe-Cross-of-Iron-2.jpg\" data-link=\"https:\/\/ibomberdefense.standardof.net\/guide\/axis-campaign\/11-western-europe-cross-of-iron\/ibomber-defense-axis-campaign-11-western-europe-cross-of-iron-2\/\" class=\"wp-image-118\" title=\"\" srcset=\"https:\/\/ibomberdefense.standardof.net\/wp-content\/uploads\/sites\/5\/2020\/10\/iBomber-Defense-Axis-Campaign-11.-Western-Europe-Cross-of-Iron-2-800x450.jpg 800w, https:\/\/ibomberdefense.standardof.net\/wp-content\/uploads\/sites\/5\/2020\/10\/iBomber-Defense-Axis-Campaign-11.-Western-Europe-Cross-of-Iron-2-512x288.jpg 512w, https:\/\/ibomberdefense.standardof.net\/wp-content\/uploads\/sites\/5\/2020\/10\/iBomber-Defense-Axis-Campaign-11.-Western-Europe-Cross-of-Iron-2-200x113.jpg 200w, https:\/\/ibomberdefense.standardof.net\/wp-content\/uploads\/sites\/5\/2020\/10\/iBomber-Defense-Axis-Campaign-11.-Western-Europe-Cross-of-Iron-2-768x432.jpg 768w, https:\/\/ibomberdefense.standardof.net\/wp-content\/uploads\/sites\/5\/2020\/10\/iBomber-Defense-Axis-Campaign-11.-Western-Europe-Cross-of-Iron-2-16x9.jpg 16w, https:\/\/ibomberdefense.standardof.net\/wp-content\/uploads\/sites\/5\/2020\/10\/iBomber-Defense-Axis-Campaign-11.-Western-Europe-Cross-of-Iron-2.jpg 1280w\" sizes=\"(max-width: 800px) 100vw, 800px\" \/><\/a><figcaption class=\"blocks-gallery-item__caption\">Colocaci\u00f3n de la torreta Wave 10.<\/figcaption><\/figure><\/li><li class=\"blocks-gallery-item\"><figure><a href=\"https:\/\/ibomberdefense.standardof.net\/es\/guide\/campana-eje\/11-cruz-de-hierro-de-europa-occidental\/ibomber-defense-axis-campaign-11-western-europe-cross-of-iron-3\/\"><img decoding=\"async\" width=\"800\" height=\"450\" src=\"https:\/\/ibomberdefense.standardof.net\/wp-content\/uploads\/sites\/5\/2020\/10\/iBomber-Defense-Axis-Campaign-11.-Western-Europe-Cross-of-Iron-3-800x450.jpg\" alt=\"&quot;iBomber Defense&quot; - Campa\u00f1a del Eje - 11. Europa Occidental - Cruz de Hierro (3)\" data-id=\"119\" data-full-url=\"https:\/\/ibomberdefense.standardof.net\/wp-content\/uploads\/sites\/5\/2020\/10\/iBomber-Defense-Axis-Campaign-11.-Western-Europe-Cross-of-Iron-3.jpg\" data-link=\"https:\/\/ibomberdefense.standardof.net\/guide\/axis-campaign\/11-western-europe-cross-of-iron\/ibomber-defense-axis-campaign-11-western-europe-cross-of-iron-3\/\" class=\"wp-image-119\" title=\"\" srcset=\"https:\/\/ibomberdefense.standardof.net\/wp-content\/uploads\/sites\/5\/2020\/10\/iBomber-Defense-Axis-Campaign-11.-Western-Europe-Cross-of-Iron-3-800x450.jpg 800w, https:\/\/ibomberdefense.standardof.net\/wp-content\/uploads\/sites\/5\/2020\/10\/iBomber-Defense-Axis-Campaign-11.-Western-Europe-Cross-of-Iron-3-512x288.jpg 512w, https:\/\/ibomberdefense.standardof.net\/wp-content\/uploads\/sites\/5\/2020\/10\/iBomber-Defense-Axis-Campaign-11.-Western-Europe-Cross-of-Iron-3-200x113.jpg 200w, https:\/\/ibomberdefense.standardof.net\/wp-content\/uploads\/sites\/5\/2020\/10\/iBomber-Defense-Axis-Campaign-11.-Western-Europe-Cross-of-Iron-3-768x432.jpg 768w, https:\/\/ibomberdefense.standardof.net\/wp-content\/uploads\/sites\/5\/2020\/10\/iBomber-Defense-Axis-Campaign-11.-Western-Europe-Cross-of-Iron-3-16x9.jpg 16w, https:\/\/ibomberdefense.standardof.net\/wp-content\/uploads\/sites\/5\/2020\/10\/iBomber-Defense-Axis-Campaign-11.-Western-Europe-Cross-of-Iron-3.jpg 1280w\" sizes=\"(max-width: 800px) 100vw, 800px\" \/><\/a><figcaption class=\"blocks-gallery-item__caption\">Colocaci\u00f3n de la torreta Wave 20.<\/figcaption><\/figure><\/li><\/ul><\/figure>\n\n\n\n<p>Sus ubicaciones iniciales deben centrarse en poner en funcionamiento 6 ametralladoras completamente mejoradas en posiciones donde puedan cubrir mejor los m\u00faltiples caminos entrantes. Una vez que est\u00e9n abajo, coloque una torreta Inferno al lado de donde se fusionan los caminos amarillo y rojo y los caminos naranja y rojo, preferiblemente en el borde interior de estos caminos para que puedan detener el camino rojo que viaja por el medio. Finalmente, deber\u00edas poder ahorrar para una sola X-Weapon con las numerosas unidades d\u00e9biles que vienen durante estas oleadas, coloc\u00e1ndola en una posici\u00f3n donde su poder sea aumentado por tus torretas ya construidas.<\/p>\n\n\n\n<p>Desde las oleadas 15 a la 25, su enfoque debe estar en obtener una segunda X-Weapon, luego actualizar ambas al nivel 2 mientras actualiza las torretas Inferno. Colocar un par de ca\u00f1ones es una buena medida durante este tiempo en posiciones en las que puedan potenciar las armas X. Finalmente, aseg\u00farate de tener tu Anti-Air arriba en la ola 24, una buena posici\u00f3n para esta es la colina sur.<\/p>\n\n\n\n<p>Continuando con la ola 35, trabaje en actualizar sus X-Weapons a sus niveles finales para comenzar a causar el da\u00f1o por salpicadura de AOE realmente grande que cambia el rumbo de las misiones del Eje. Una vez que est\u00e9n construidos con actualizaciones y torretas para impulsar, preferiblemente ca\u00f1ones, comience a trabajar en un nuevo X-Weapon. Como puede ver en las im\u00e1genes a la derecha, cuatro Ca\u00f1ones completamente mejorados son posibles con la ola 35 y el trabajo comienza en el quinto. Si\u00e9ntase libre de comenzar a vender algunas de sus ametralladoras para colocar armas m\u00e1s valiosas.<\/p>\n\n\n\n<p>Puede continuar esta estrategia hacia las olas finales, eventualmente construyendo bases de X-Weapon en las 3 colinas. La colina occidental es un lugar apropiado para una tercera y \u00faltima torreta AA por si acaso.<\/p>\n\n\n\n<figure class=\"wp-block-gallery columns-2 is-cropped wp-block-gallery-2 is-layout-flex wp-block-gallery-is-layout-flex\"><ul class=\"blocks-gallery-grid\"><li class=\"blocks-gallery-item\"><figure><a href=\"https:\/\/ibomberdefense.standardof.net\/es\/guide\/campana-eje\/11-cruz-de-hierro-de-europa-occidental\/ibomber-defense-axis-campaign-11-western-europe-cross-of-iron-4\/\"><img decoding=\"async\" width=\"800\" height=\"450\" src=\"https:\/\/ibomberdefense.standardof.net\/wp-content\/uploads\/sites\/5\/2020\/10\/iBomber-Defense-Axis-Campaign-11.-Western-Europe-Cross-of-Iron-4-800x450.jpg\" alt=\"&quot;iBomber Defense&quot; - Campa\u00f1a del Eje - 11. Europa Occidental - Cruz de Hierro (4)\" data-id=\"120\" data-full-url=\"https:\/\/ibomberdefense.standardof.net\/wp-content\/uploads\/sites\/5\/2020\/10\/iBomber-Defense-Axis-Campaign-11.-Western-Europe-Cross-of-Iron-4.jpg\" data-link=\"https:\/\/ibomberdefense.standardof.net\/guide\/axis-campaign\/11-western-europe-cross-of-iron\/ibomber-defense-axis-campaign-11-western-europe-cross-of-iron-4\/\" class=\"wp-image-120\" title=\"\" srcset=\"https:\/\/ibomberdefense.standardof.net\/wp-content\/uploads\/sites\/5\/2020\/10\/iBomber-Defense-Axis-Campaign-11.-Western-Europe-Cross-of-Iron-4-800x450.jpg 800w, https:\/\/ibomberdefense.standardof.net\/wp-content\/uploads\/sites\/5\/2020\/10\/iBomber-Defense-Axis-Campaign-11.-Western-Europe-Cross-of-Iron-4-512x288.jpg 512w, https:\/\/ibomberdefense.standardof.net\/wp-content\/uploads\/sites\/5\/2020\/10\/iBomber-Defense-Axis-Campaign-11.-Western-Europe-Cross-of-Iron-4-200x113.jpg 200w, https:\/\/ibomberdefense.standardof.net\/wp-content\/uploads\/sites\/5\/2020\/10\/iBomber-Defense-Axis-Campaign-11.-Western-Europe-Cross-of-Iron-4-768x432.jpg 768w, https:\/\/ibomberdefense.standardof.net\/wp-content\/uploads\/sites\/5\/2020\/10\/iBomber-Defense-Axis-Campaign-11.-Western-Europe-Cross-of-Iron-4-16x9.jpg 16w, https:\/\/ibomberdefense.standardof.net\/wp-content\/uploads\/sites\/5\/2020\/10\/iBomber-Defense-Axis-Campaign-11.-Western-Europe-Cross-of-Iron-4.jpg 1280w\" sizes=\"(max-width: 800px) 100vw, 800px\" \/><\/a><figcaption class=\"blocks-gallery-item__caption\">Colocaci\u00f3n de la torreta Wave 30.<\/figcaption><\/figure><\/li><li class=\"blocks-gallery-item\"><figure><a href=\"https:\/\/ibomberdefense.standardof.net\/es\/guide\/campana-eje\/11-cruz-de-hierro-de-europa-occidental\/ibomber-defense-axis-campaign-11-western-europe-cross-of-iron-5\/\"><img decoding=\"async\" width=\"800\" height=\"450\" src=\"https:\/\/ibomberdefense.standardof.net\/wp-content\/uploads\/sites\/5\/2020\/10\/iBomber-Defense-Axis-Campaign-11.-Western-Europe-Cross-of-Iron-5-800x450.jpg\" alt=\"&quot;iBomber Defense&quot; - Campa\u00f1a del Eje - 11. Europa Occidental - Cruz de Hierro (5)\" data-id=\"121\" data-full-url=\"https:\/\/ibomberdefense.standardof.net\/wp-content\/uploads\/sites\/5\/2020\/10\/iBomber-Defense-Axis-Campaign-11.-Western-Europe-Cross-of-Iron-5.jpg\" data-link=\"https:\/\/ibomberdefense.standardof.net\/guide\/axis-campaign\/11-western-europe-cross-of-iron\/ibomber-defense-axis-campaign-11-western-europe-cross-of-iron-5\/\" class=\"wp-image-121\" title=\"\" srcset=\"https:\/\/ibomberdefense.standardof.net\/wp-content\/uploads\/sites\/5\/2020\/10\/iBomber-Defense-Axis-Campaign-11.-Western-Europe-Cross-of-Iron-5-800x450.jpg 800w, https:\/\/ibomberdefense.standardof.net\/wp-content\/uploads\/sites\/5\/2020\/10\/iBomber-Defense-Axis-Campaign-11.-Western-Europe-Cross-of-Iron-5-512x288.jpg 512w, https:\/\/ibomberdefense.standardof.net\/wp-content\/uploads\/sites\/5\/2020\/10\/iBomber-Defense-Axis-Campaign-11.-Western-Europe-Cross-of-Iron-5-200x113.jpg 200w, https:\/\/ibomberdefense.standardof.net\/wp-content\/uploads\/sites\/5\/2020\/10\/iBomber-Defense-Axis-Campaign-11.-Western-Europe-Cross-of-Iron-5-768x432.jpg 768w, https:\/\/ibomberdefense.standardof.net\/wp-content\/uploads\/sites\/5\/2020\/10\/iBomber-Defense-Axis-Campaign-11.-Western-Europe-Cross-of-Iron-5-16x9.jpg 16w, https:\/\/ibomberdefense.standardof.net\/wp-content\/uploads\/sites\/5\/2020\/10\/iBomber-Defense-Axis-Campaign-11.-Western-Europe-Cross-of-Iron-5.jpg 1280w\" sizes=\"(max-width: 800px) 100vw, 800px\" \/><\/a><figcaption class=\"blocks-gallery-item__caption\">Colocaci\u00f3n de la torreta Wave 40.<\/figcaption><\/figure><\/li><\/ul><\/figure>\n\n\n\n<hr class=\"wp-block-separator\"\/>\n\n\n\n<h4 class=\"has-text-align-center wp-block-heading\">Gu\u00eda de video<\/h4>\n\n\n\n<figure class=\"wp-block-embed-youtube wp-block-embed is-type-video is-provider-youtube wp-embed-aspect-4-3 wp-has-aspect-ratio wp-embed-aspect-16-9\"><div class=\"wp-block-embed__wrapper\">\n<div class=\"ast-oembed-container\" style=\"height: 100%;\"><iframe title=\"iBomber Defense - Europa Occidental - Cruz de Hierro - Veterano + Perfecto\" width=\"500\" height=\"281\" src=\"https:\/\/www.youtube.com\/embed\/HpVdfQL9ZdY?feature=oembed\" frameborder=\"0\" allow=\"accelerometer; autoplay; clipboard-write; encrypted-media; gyroscope; picture-in-picture; web-share\" referrerpolicy=\"strict-origin-when-cross-origin\" allowfullscreen><\/iframe><\/div>\n<\/div><\/figure>","protected":false},"excerpt":{"rendered":"<p>Level eleven of the Axis campaign in iBomber Defense takes place in Western Europe, facing off against three main incoming paths of ground units for 45 waves. Units coming from the red path can actually take one of 3 sub-paths upon reaching the split as depicted to the right before merging again just before the [&hellip;]<\/p>","protected":false},"author":1,"featured_media":121,"parent":268,"menu_order":11,"comment_status":"open","ping_status":"closed","template":"","meta":{"_uag_custom_page_level_css":"","site-sidebar-layout":"default","site-content-layout":"default","ast-site-content-layout":"","site-content-style":"default","site-sidebar-style":"default","ast-global-header-display":"","ast-banner-title-visibility":"","ast-main-header-display":"","ast-hfb-above-header-display":"","ast-hfb-below-header-display":"","ast-hfb-mobile-header-display":"","site-post-title":"","ast-breadcrumbs-content":"","ast-featured-img":"","footer-sml-layout":"","theme-transparent-header-meta":"default","adv-header-id-meta":"","stick-header-meta":"","header-above-stick-meta":"","header-main-stick-meta":"","header-below-stick-meta":"","astra-migrate-meta-layouts":"default","ast-page-background-enabled":"default","ast-page-background-meta":{"desktop":{"background-color":"","background-image":"","background-repeat":"repeat","background-position":"center center","background-size":"auto","background-attachment":"scroll","background-type":"","background-media":"","overlay-type":"","overlay-color":"","overlay-gradient":""},"tablet":{"background-color":"","background-image":"","background-repeat":"repeat","background-position":"center center","background-size":"auto","background-attachment":"scroll","background-type":"","background-media":"","overlay-type":"","overlay-color":"","overlay-gradient":""},"mobile":{"background-color":"","background-image":"","background-repeat":"repeat","background-position":"center center","background-size":"auto","background-attachment":"scroll","background-type":"","background-media":"","overlay-type":"","overlay-color":"","overlay-gradient":""}},"ast-content-background-meta":{"desktop":{"background-color":"var(--ast-global-color-5)","background-image":"","background-repeat":"repeat","background-position":"center center","background-size":"auto","background-attachment":"scroll","background-type":"","background-media":"","overlay-type":"","overlay-color":"","overlay-gradient":""},"tablet":{"background-color":"var(--ast-global-color-5)","background-image":"","background-repeat":"repeat","background-position":"center center","background-size":"auto","background-attachment":"scroll","background-type":"","background-media":"","overlay-type":"","overlay-color":"","overlay-gradient":""},"mobile":{"background-color":"var(--ast-global-color-5)","background-image":"","background-repeat":"repeat","background-position":"center center","background-size":"auto","background-attachment":"scroll","background-type":"","background-media":"","overlay-type":"","overlay-color":"","overlay-gradient":""}},"footnotes":""},"uagb_featured_image_src":{"full":["https:\/\/ibomberdefense.standardof.net\/wp-content\/uploads\/sites\/5\/2020\/10\/iBomber-Defense-Axis-Campaign-11.-Western-Europe-Cross-of-Iron-5.jpg",1280,720,false],"thumbnail":["https:\/\/ibomberdefense.standardof.net\/wp-content\/uploads\/sites\/5\/2020\/10\/iBomber-Defense-Axis-Campaign-11.-Western-Europe-Cross-of-Iron-5-200x113.jpg",200,113,true],"medium":["https:\/\/ibomberdefense.standardof.net\/wp-content\/uploads\/sites\/5\/2020\/10\/iBomber-Defense-Axis-Campaign-11.-Western-Europe-Cross-of-Iron-5-512x288.jpg",512,288,true],"medium_large":["https:\/\/ibomberdefense.standardof.net\/wp-content\/uploads\/sites\/5\/2020\/10\/iBomber-Defense-Axis-Campaign-11.-Western-Europe-Cross-of-Iron-5-768x432.jpg",768,432,true],"large":["https:\/\/ibomberdefense.standardof.net\/wp-content\/uploads\/sites\/5\/2020\/10\/iBomber-Defense-Axis-Campaign-11.-Western-Europe-Cross-of-Iron-5-800x450.jpg",800,450,true],"1536x1536":["https:\/\/ibomberdefense.standardof.net\/wp-content\/uploads\/sites\/5\/2020\/10\/iBomber-Defense-Axis-Campaign-11.-Western-Europe-Cross-of-Iron-5.jpg",1280,720,false],"2048x2048":["https:\/\/ibomberdefense.standardof.net\/wp-content\/uploads\/sites\/5\/2020\/10\/iBomber-Defense-Axis-Campaign-11.-Western-Europe-Cross-of-Iron-5.jpg",1280,720,false],"trp-custom-language-flag":["https:\/\/ibomberdefense.standardof.net\/wp-content\/uploads\/sites\/5\/2020\/10\/iBomber-Defense-Axis-Campaign-11.-Western-Europe-Cross-of-Iron-5-16x9.jpg",16,9,true]},"uagb_author_info":{"display_name":"SOE","author_link":"https:\/\/ibomberdefense.standardof.net\/es\/author\/k-tastic\/"},"uagb_comment_info":0,"uagb_excerpt":"Level eleven of the Axis campaign in iBomber Defense takes place in Western Europe, facing off against three main incoming paths of ground units for 45 waves. Units coming from the red path can actually take one of 3 sub-paths upon reaching the split as depicted to the right before merging again just before the&hellip;","_links":{"self":[{"href":"https:\/\/ibomberdefense.standardof.net\/es\/wp-json\/wp\/v2\/pages\/346"}],"collection":[{"href":"https:\/\/ibomberdefense.standardof.net\/es\/wp-json\/wp\/v2\/pages"}],"about":[{"href":"https:\/\/ibomberdefense.standardof.net\/es\/wp-json\/wp\/v2\/types\/page"}],"author":[{"embeddable":true,"href":"https:\/\/ibomberdefense.standardof.net\/es\/wp-json\/wp\/v2\/users\/1"}],"replies":[{"embeddable":true,"href":"https:\/\/ibomberdefense.standardof.net\/es\/wp-json\/wp\/v2\/comments?post=346"}],"version-history":[{"count":0,"href":"https:\/\/ibomberdefense.standardof.net\/es\/wp-json\/wp\/v2\/pages\/346\/revisions"}],"up":[{"embeddable":true,"href":"https:\/\/ibomberdefense.standardof.net\/es\/wp-json\/wp\/v2\/pages\/268"}],"wp:featuredmedia":[{"embeddable":true,"href":"https:\/\/ibomberdefense.standardof.net\/es\/wp-json\/wp\/v2\/media\/121"}],"wp:attachment":[{"href":"https:\/\/ibomberdefense.standardof.net\/es\/wp-json\/wp\/v2\/media?parent=346"}],"curies":[{"name":"wp","href":"https:\/\/api.w.org\/{rel}","templated":true}]}}