{"id":347,"date":"2020-10-19T07:40:58","date_gmt":"2020-10-19T07:40:58","guid":{"rendered":"https:\/\/ibomberdefense.standardof.net\/?page_id=347"},"modified":"2020-10-19T08:04:34","modified_gmt":"2020-10-19T08:04:34","slug":"12-western-mediterranean-spiderweb","status":"publish","type":"page","link":"https:\/\/ibomberdefense.standardof.net\/es\/guide\/campana-eje\/12-telarana-del-mediterraneo-occidental\/","title":{"rendered":"12. Mediterr\u00e1neo occidental: telara\u00f1a"},"content":{"rendered":"<div class=\"wp-block-image\"><figure class=\"aligncenter size-large\"><a href=\"https:\/\/ibomberdefense.standardof.net\/es\/guide\/campana-eje\/12-telarana-del-mediterraneo-occidental\/ibomber-defense-axis-campaign-12-western-mediterranean-spiderweb-1\/\"><img decoding=\"async\" width=\"800\" height=\"450\" src=\"https:\/\/ibomberdefense.standardof.net\/wp-content\/uploads\/sites\/5\/2020\/10\/iBomber-Defense-Axis-Campaign-12.-Western-Mediterranean-Spiderweb-1-800x450.jpg\" alt=\"&quot;iBomber Defense&quot; - Campa\u00f1a del Eje - 12. Mediterr\u00e1neo Occidental - Telara\u00f1a (1)\" class=\"wp-image-122\" title=\"\" srcset=\"https:\/\/ibomberdefense.standardof.net\/wp-content\/uploads\/sites\/5\/2020\/10\/iBomber-Defense-Axis-Campaign-12.-Western-Mediterranean-Spiderweb-1-800x450.jpg 800w, https:\/\/ibomberdefense.standardof.net\/wp-content\/uploads\/sites\/5\/2020\/10\/iBomber-Defense-Axis-Campaign-12.-Western-Mediterranean-Spiderweb-1-512x288.jpg 512w, https:\/\/ibomberdefense.standardof.net\/wp-content\/uploads\/sites\/5\/2020\/10\/iBomber-Defense-Axis-Campaign-12.-Western-Mediterranean-Spiderweb-1-200x113.jpg 200w, https:\/\/ibomberdefense.standardof.net\/wp-content\/uploads\/sites\/5\/2020\/10\/iBomber-Defense-Axis-Campaign-12.-Western-Mediterranean-Spiderweb-1-768x432.jpg 768w, https:\/\/ibomberdefense.standardof.net\/wp-content\/uploads\/sites\/5\/2020\/10\/iBomber-Defense-Axis-Campaign-12.-Western-Mediterranean-Spiderweb-1-16x9.jpg 16w, https:\/\/ibomberdefense.standardof.net\/wp-content\/uploads\/sites\/5\/2020\/10\/iBomber-Defense-Axis-Campaign-12.-Western-Mediterranean-Spiderweb-1.jpg 1280w\" sizes=\"(max-width: 800px) 100vw, 800px\" \/><\/a><figcaption>Mapa de las rutas tomadas por el enemigo en el Mediterr\u00e1neo Occidental \u201cTelara\u00f1a\u201d con aviones dibujados en azul.<\/figcaption><\/figure><\/div>\n\n\n\n<p>Ha llegado el momento de dirigirse al Mediterr\u00e1neo occidental durante la misi\u00f3n &quot;Telara\u00f1a&quot; en la campa\u00f1a del Eje de <em>iBomber Defense<\/em>, frente a 50 oleadas de unidades navales que se abren paso a trav\u00e9s de una serie de islas. Estas unidades descienden a lo largo de cuatro caminos principales, viajan de oeste a este y rodean las tres islas centrales en las que se concentrar\u00e1 la ubicaci\u00f3n de la torreta en este nivel.<\/p>\n\n\n\n<p>Colocar sus armas en este nivel debe centrarse en cubrir las principales \u00e1reas de convergencia desde el principio mientras se construye radialmente desde estos puntos. Deber\u00e1n realizarse preparativos antes de la oleada 19, cuando la aeronave llegue por primera vez a la escena.<\/p>\n\n\n\n<h3 class=\"wp-block-heading\"><strong>Colocaci\u00f3n de la torreta:<\/strong><\/h3>\n\n\n\n<figure class=\"wp-block-gallery columns-2 is-cropped wp-block-gallery-1 is-layout-flex wp-block-gallery-is-layout-flex\"><ul class=\"blocks-gallery-grid\"><li class=\"blocks-gallery-item\"><figure><a href=\"https:\/\/ibomberdefense.standardof.net\/es\/guide\/campana-eje\/12-telarana-del-mediterraneo-occidental\/ibomber-defense-axis-campaign-12-western-mediterranean-spiderweb-2\/\"><img decoding=\"async\" width=\"800\" height=\"450\" src=\"https:\/\/ibomberdefense.standardof.net\/wp-content\/uploads\/sites\/5\/2020\/10\/iBomber-Defense-Axis-Campaign-12.-Western-Mediterranean-Spiderweb-2-800x450.jpg\" alt=\"&quot;iBomber Defense&quot; - Campa\u00f1a del Eje - 12. Mediterr\u00e1neo Occidental - Telara\u00f1a (2)\" data-id=\"123\" data-full-url=\"https:\/\/ibomberdefense.standardof.net\/wp-content\/uploads\/sites\/5\/2020\/10\/iBomber-Defense-Axis-Campaign-12.-Western-Mediterranean-Spiderweb-2.jpg\" data-link=\"https:\/\/ibomberdefense.standardof.net\/guide\/axis-campaign\/12-western-mediterranean-spiderweb\/ibomber-defense-axis-campaign-12-western-mediterranean-spiderweb-2\/\" class=\"wp-image-123\" title=\"\" srcset=\"https:\/\/ibomberdefense.standardof.net\/wp-content\/uploads\/sites\/5\/2020\/10\/iBomber-Defense-Axis-Campaign-12.-Western-Mediterranean-Spiderweb-2-800x450.jpg 800w, https:\/\/ibomberdefense.standardof.net\/wp-content\/uploads\/sites\/5\/2020\/10\/iBomber-Defense-Axis-Campaign-12.-Western-Mediterranean-Spiderweb-2-512x288.jpg 512w, https:\/\/ibomberdefense.standardof.net\/wp-content\/uploads\/sites\/5\/2020\/10\/iBomber-Defense-Axis-Campaign-12.-Western-Mediterranean-Spiderweb-2-200x113.jpg 200w, https:\/\/ibomberdefense.standardof.net\/wp-content\/uploads\/sites\/5\/2020\/10\/iBomber-Defense-Axis-Campaign-12.-Western-Mediterranean-Spiderweb-2-768x432.jpg 768w, https:\/\/ibomberdefense.standardof.net\/wp-content\/uploads\/sites\/5\/2020\/10\/iBomber-Defense-Axis-Campaign-12.-Western-Mediterranean-Spiderweb-2-16x9.jpg 16w, https:\/\/ibomberdefense.standardof.net\/wp-content\/uploads\/sites\/5\/2020\/10\/iBomber-Defense-Axis-Campaign-12.-Western-Mediterranean-Spiderweb-2.jpg 1280w\" sizes=\"(max-width: 800px) 100vw, 800px\" \/><\/a><figcaption class=\"blocks-gallery-item__caption\">Colocaci\u00f3n de la torreta Wave 10.<\/figcaption><\/figure><\/li><li class=\"blocks-gallery-item\"><figure><a href=\"https:\/\/ibomberdefense.standardof.net\/es\/guide\/campana-eje\/12-telarana-del-mediterraneo-occidental\/ibomber-defense-axis-campaign-12-western-mediterranean-spiderweb-3\/\"><img decoding=\"async\" width=\"800\" height=\"450\" src=\"https:\/\/ibomberdefense.standardof.net\/wp-content\/uploads\/sites\/5\/2020\/10\/iBomber-Defense-Axis-Campaign-12.-Western-Mediterranean-Spiderweb-3-800x450.jpg\" alt=\"&quot;iBomber Defense&quot; - Campa\u00f1a del Eje - 12. Mediterr\u00e1neo Occidental - Telara\u00f1a (3)\" data-id=\"124\" data-full-url=\"https:\/\/ibomberdefense.standardof.net\/wp-content\/uploads\/sites\/5\/2020\/10\/iBomber-Defense-Axis-Campaign-12.-Western-Mediterranean-Spiderweb-3.jpg\" data-link=\"https:\/\/ibomberdefense.standardof.net\/guide\/axis-campaign\/12-western-mediterranean-spiderweb\/ibomber-defense-axis-campaign-12-western-mediterranean-spiderweb-3\/\" class=\"wp-image-124\" title=\"\" srcset=\"https:\/\/ibomberdefense.standardof.net\/wp-content\/uploads\/sites\/5\/2020\/10\/iBomber-Defense-Axis-Campaign-12.-Western-Mediterranean-Spiderweb-3-800x450.jpg 800w, https:\/\/ibomberdefense.standardof.net\/wp-content\/uploads\/sites\/5\/2020\/10\/iBomber-Defense-Axis-Campaign-12.-Western-Mediterranean-Spiderweb-3-512x288.jpg 512w, https:\/\/ibomberdefense.standardof.net\/wp-content\/uploads\/sites\/5\/2020\/10\/iBomber-Defense-Axis-Campaign-12.-Western-Mediterranean-Spiderweb-3-200x113.jpg 200w, https:\/\/ibomberdefense.standardof.net\/wp-content\/uploads\/sites\/5\/2020\/10\/iBomber-Defense-Axis-Campaign-12.-Western-Mediterranean-Spiderweb-3-768x432.jpg 768w, https:\/\/ibomberdefense.standardof.net\/wp-content\/uploads\/sites\/5\/2020\/10\/iBomber-Defense-Axis-Campaign-12.-Western-Mediterranean-Spiderweb-3-16x9.jpg 16w, https:\/\/ibomberdefense.standardof.net\/wp-content\/uploads\/sites\/5\/2020\/10\/iBomber-Defense-Axis-Campaign-12.-Western-Mediterranean-Spiderweb-3.jpg 1280w\" sizes=\"(max-width: 800px) 100vw, 800px\" \/><\/a><figcaption class=\"blocks-gallery-item__caption\">Colocaci\u00f3n de la torreta Wave 20.<\/figcaption><\/figure><\/li><\/ul><\/figure>\n\n\n\n<p>Dado que las misiones navales suelen ser m\u00e1s limitadas en cuanto a fondos, la ubicaci\u00f3n de las torretas, especialmente al principio de la oleada 10, tendr\u00e1 que ser bastante precisa. Las ametralladoras de nivel 3 deben colocarse en la peque\u00f1a isla oeste donde los caminos rojo, verde y naranja se dividen por primera vez, la curva donde los caminos naranja y verde se superponen al amarillo, donde los caminos naranja y rojo se superponen alrededor de la curva final. Una segunda torreta a lo largo del camino combinado amarillo y verde.<\/p>\n\n\n\n<p>Hacia la oleada 20, puede comenzar a colocar armas m\u00e1s grandes como un par de ca\u00f1ones y preferiblemente un arma X temprana en las islas central y derecha. Colocar el X-Weapon en el medio del mapa deber\u00eda darle cobertura en todos los caminos mientras trabajas para mejorarlo. Conc\u00e9ntrese m\u00e1s en lanzar fuego pesado con la ayuda de una torreta Inferno en la curva sur donde se cruzan los caminos naranja, amarillo y verde, ya que el camino rojo del norte se transita ligeramente, especialmente al principio. Recuerde bajar un AA de nivel uno a tiempo para la oleada 19.<\/p>\n\n\n\n<p>La peque\u00f1a isla a la derecha es el siguiente lugar perfecto para un arma X en su camino hacia la ola 30, colocando ca\u00f1ones ahora en m\u00e1s ubicaciones en las tres islas centrales y la masa continental del sur a lo largo de la l\u00ednea amarilla y verde. Mantenga su dedo cerca del bot\u00f3n de pausa o tome nota cuidadosamente de las ondas en el video a continuaci\u00f3n para mantener las actualizaciones de AA como una necesidad mientras contin\u00faa invirtiendo en potencia de fuego terrestre.<\/p>\n\n\n\n<figure class=\"wp-block-gallery columns-2 is-cropped wp-block-gallery-2 is-layout-flex wp-block-gallery-is-layout-flex\"><ul class=\"blocks-gallery-grid\"><li class=\"blocks-gallery-item\"><figure><a href=\"https:\/\/ibomberdefense.standardof.net\/es\/guide\/campana-eje\/12-telarana-del-mediterraneo-occidental\/ibomber-defense-axis-campaign-12-western-mediterranean-spiderweb-4\/\"><img decoding=\"async\" width=\"800\" height=\"450\" src=\"https:\/\/ibomberdefense.standardof.net\/wp-content\/uploads\/sites\/5\/2020\/10\/iBomber-Defense-Axis-Campaign-12.-Western-Mediterranean-Spiderweb-4-800x450.jpg\" alt=\"&quot;iBomber Defense&quot; - Campa\u00f1a del Eje - 12. Mediterr\u00e1neo Occidental - Telara\u00f1a (4)\" data-id=\"125\" data-full-url=\"https:\/\/ibomberdefense.standardof.net\/wp-content\/uploads\/sites\/5\/2020\/10\/iBomber-Defense-Axis-Campaign-12.-Western-Mediterranean-Spiderweb-4.jpg\" data-link=\"https:\/\/ibomberdefense.standardof.net\/guide\/axis-campaign\/12-western-mediterranean-spiderweb\/ibomber-defense-axis-campaign-12-western-mediterranean-spiderweb-4\/\" class=\"wp-image-125\" title=\"\" srcset=\"https:\/\/ibomberdefense.standardof.net\/wp-content\/uploads\/sites\/5\/2020\/10\/iBomber-Defense-Axis-Campaign-12.-Western-Mediterranean-Spiderweb-4-800x450.jpg 800w, https:\/\/ibomberdefense.standardof.net\/wp-content\/uploads\/sites\/5\/2020\/10\/iBomber-Defense-Axis-Campaign-12.-Western-Mediterranean-Spiderweb-4-512x288.jpg 512w, https:\/\/ibomberdefense.standardof.net\/wp-content\/uploads\/sites\/5\/2020\/10\/iBomber-Defense-Axis-Campaign-12.-Western-Mediterranean-Spiderweb-4-200x113.jpg 200w, https:\/\/ibomberdefense.standardof.net\/wp-content\/uploads\/sites\/5\/2020\/10\/iBomber-Defense-Axis-Campaign-12.-Western-Mediterranean-Spiderweb-4-768x432.jpg 768w, https:\/\/ibomberdefense.standardof.net\/wp-content\/uploads\/sites\/5\/2020\/10\/iBomber-Defense-Axis-Campaign-12.-Western-Mediterranean-Spiderweb-4-16x9.jpg 16w, https:\/\/ibomberdefense.standardof.net\/wp-content\/uploads\/sites\/5\/2020\/10\/iBomber-Defense-Axis-Campaign-12.-Western-Mediterranean-Spiderweb-4.jpg 1280w\" sizes=\"(max-width: 800px) 100vw, 800px\" \/><\/a><figcaption class=\"blocks-gallery-item__caption\">Colocaci\u00f3n de la torreta Wave 30.<\/figcaption><\/figure><\/li><li class=\"blocks-gallery-item\"><figure><a href=\"https:\/\/ibomberdefense.standardof.net\/es\/guide\/campana-eje\/12-telarana-del-mediterraneo-occidental\/ibomber-defense-axis-campaign-12-western-mediterranean-spiderweb-5\/\"><img decoding=\"async\" width=\"800\" height=\"450\" src=\"https:\/\/ibomberdefense.standardof.net\/wp-content\/uploads\/sites\/5\/2020\/10\/iBomber-Defense-Axis-Campaign-12.-Western-Mediterranean-Spiderweb-5-800x450.jpg\" alt=\"&quot;iBomber Defense&quot; - Campa\u00f1a del Eje - 12. Mediterr\u00e1neo Occidental - Telara\u00f1a (5)\" data-id=\"126\" data-full-url=\"https:\/\/ibomberdefense.standardof.net\/wp-content\/uploads\/sites\/5\/2020\/10\/iBomber-Defense-Axis-Campaign-12.-Western-Mediterranean-Spiderweb-5.jpg\" data-link=\"https:\/\/ibomberdefense.standardof.net\/guide\/axis-campaign\/12-western-mediterranean-spiderweb\/ibomber-defense-axis-campaign-12-western-mediterranean-spiderweb-5\/\" class=\"wp-image-126\" title=\"\" srcset=\"https:\/\/ibomberdefense.standardof.net\/wp-content\/uploads\/sites\/5\/2020\/10\/iBomber-Defense-Axis-Campaign-12.-Western-Mediterranean-Spiderweb-5-800x450.jpg 800w, https:\/\/ibomberdefense.standardof.net\/wp-content\/uploads\/sites\/5\/2020\/10\/iBomber-Defense-Axis-Campaign-12.-Western-Mediterranean-Spiderweb-5-512x288.jpg 512w, https:\/\/ibomberdefense.standardof.net\/wp-content\/uploads\/sites\/5\/2020\/10\/iBomber-Defense-Axis-Campaign-12.-Western-Mediterranean-Spiderweb-5-200x113.jpg 200w, https:\/\/ibomberdefense.standardof.net\/wp-content\/uploads\/sites\/5\/2020\/10\/iBomber-Defense-Axis-Campaign-12.-Western-Mediterranean-Spiderweb-5-768x432.jpg 768w, https:\/\/ibomberdefense.standardof.net\/wp-content\/uploads\/sites\/5\/2020\/10\/iBomber-Defense-Axis-Campaign-12.-Western-Mediterranean-Spiderweb-5-16x9.jpg 16w, https:\/\/ibomberdefense.standardof.net\/wp-content\/uploads\/sites\/5\/2020\/10\/iBomber-Defense-Axis-Campaign-12.-Western-Mediterranean-Spiderweb-5.jpg 1280w\" sizes=\"(max-width: 800px) 100vw, 800px\" \/><\/a><figcaption class=\"blocks-gallery-item__caption\">Colocaci\u00f3n de la torreta Wave 40.<\/figcaption><\/figure><\/li><\/ul><\/figure>\n\n\n\n<p>Para la oleada 40, es una buena medida tener tres armas X completamente mejoradas, una en cada isla central y ca\u00f1ones mejorados como apoyo. Las torretas de ametralladoras, si a\u00fan est\u00e1n presentes, deben estar en posiciones en las que absorban las armas m\u00e1s caras para mantener bajos los costos de reparaci\u00f3n y aumentar su potencia de fuego total. Para entonces, se necesitar\u00e1 una segunda torreta AA de nivel 2 despu\u00e9s de actualizar completamente la primera.<\/p>\n\n\n\n<p>En este punto, ya deber\u00eda estar haciendo un da\u00f1o bastante impresionante, pero puede continuar mejorando sus ca\u00f1ones y gastar sus fondos restantes trabajando para un par de s\u00faper armas del eje en la masa continental del sur, justo debajo de la isla correcta. Las armas X construidas aqu\u00ed pueden golpear el camino naranja, verde y amarillo, que es donde descienden las naves realmente fuertemente blindadas.<\/p>\n\n\n\n<div class=\"wp-block-image\"><figure class=\"aligncenter size-large\"><a href=\"https:\/\/ibomberdefense.standardof.net\/es\/guide\/campana-eje\/12-telarana-del-mediterraneo-occidental\/ibomber-defense-axis-campaign-12-western-mediterranean-spiderweb-6\/\"><img decoding=\"async\" width=\"800\" height=\"450\" src=\"https:\/\/ibomberdefense.standardof.net\/wp-content\/uploads\/sites\/5\/2020\/10\/iBomber-Defense-Axis-Campaign-12.-Western-Mediterranean-Spiderweb-6-800x450.jpg\" alt=\"&quot;iBomber Defense&quot; - Campa\u00f1a del Eje - 12. Mediterr\u00e1neo Occidental - Telara\u00f1a (6)\" class=\"wp-image-127\" title=\"\" srcset=\"https:\/\/ibomberdefense.standardof.net\/wp-content\/uploads\/sites\/5\/2020\/10\/iBomber-Defense-Axis-Campaign-12.-Western-Mediterranean-Spiderweb-6-800x450.jpg 800w, https:\/\/ibomberdefense.standardof.net\/wp-content\/uploads\/sites\/5\/2020\/10\/iBomber-Defense-Axis-Campaign-12.-Western-Mediterranean-Spiderweb-6-512x288.jpg 512w, https:\/\/ibomberdefense.standardof.net\/wp-content\/uploads\/sites\/5\/2020\/10\/iBomber-Defense-Axis-Campaign-12.-Western-Mediterranean-Spiderweb-6-200x113.jpg 200w, https:\/\/ibomberdefense.standardof.net\/wp-content\/uploads\/sites\/5\/2020\/10\/iBomber-Defense-Axis-Campaign-12.-Western-Mediterranean-Spiderweb-6-768x432.jpg 768w, https:\/\/ibomberdefense.standardof.net\/wp-content\/uploads\/sites\/5\/2020\/10\/iBomber-Defense-Axis-Campaign-12.-Western-Mediterranean-Spiderweb-6-16x9.jpg 16w, https:\/\/ibomberdefense.standardof.net\/wp-content\/uploads\/sites\/5\/2020\/10\/iBomber-Defense-Axis-Campaign-12.-Western-Mediterranean-Spiderweb-6.jpg 1280w\" sizes=\"(max-width: 800px) 100vw, 800px\" \/><\/a><figcaption>Colocaci\u00f3n de la torreta Wave 50.<\/figcaption><\/figure><\/div>\n\n\n\n<hr class=\"wp-block-separator\"\/>\n\n\n\n<h4 class=\"has-text-align-center wp-block-heading\">Gu\u00eda de video<\/h4>\n\n\n\n<figure class=\"wp-block-embed-youtube wp-block-embed is-type-video is-provider-youtube wp-embed-aspect-16-9 wp-has-aspect-ratio\"><div class=\"wp-block-embed__wrapper\">\n<div class=\"ast-oembed-container\" style=\"height: 100%;\"><iframe title=\"iBomber Defense - Mediterr\u00e1neo occidental - Telara\u00f1a - Veterano + Perfecto\" width=\"500\" height=\"281\" src=\"https:\/\/www.youtube.com\/embed\/4eg1jnuLb5s?feature=oembed\" frameborder=\"0\" allow=\"accelerometer; autoplay; clipboard-write; encrypted-media; gyroscope; picture-in-picture; web-share\" referrerpolicy=\"strict-origin-when-cross-origin\" allowfullscreen><\/iframe><\/div>\n<\/div><\/figure>","protected":false},"excerpt":{"rendered":"<p>It is now time to head to the Western Mediterranean during mission &#8220;Spiderweb&#8221; in the Axis campaign of iBomber Defense, facing 50 waves of naval units winding their way through a series of islands. These units come down along four main paths, traveling west to east and circling the central three islands turret placement will [&hellip;]<\/p>","protected":false},"author":1,"featured_media":127,"parent":268,"menu_order":12,"comment_status":"open","ping_status":"closed","template":"","meta":{"_uag_custom_page_level_css":"","site-sidebar-layout":"default","site-content-layout":"default","ast-site-content-layout":"","site-content-style":"default","site-sidebar-style":"default","ast-global-header-display":"","ast-banner-title-visibility":"","ast-main-header-display":"","ast-hfb-above-header-display":"","ast-hfb-below-header-display":"","ast-hfb-mobile-header-display":"","site-post-title":"","ast-breadcrumbs-content":"","ast-featured-img":"","footer-sml-layout":"","theme-transparent-header-meta":"default","adv-header-id-meta":"","stick-header-meta":"","header-above-stick-meta":"","header-main-stick-meta":"","header-below-stick-meta":"","astra-migrate-meta-layouts":"default","ast-page-background-enabled":"default","ast-page-background-meta":{"desktop":{"background-color":"","background-image":"","background-repeat":"repeat","background-position":"center center","background-size":"auto","background-attachment":"scroll","background-type":"","background-media":"","overlay-type":"","overlay-color":"","overlay-gradient":""},"tablet":{"background-color":"","background-image":"","background-repeat":"repeat","background-position":"center center","background-size":"auto","background-attachment":"scroll","background-type":"","background-media":"","overlay-type":"","overlay-color":"","overlay-gradient":""},"mobile":{"background-color":"","background-image":"","background-repeat":"repeat","background-position":"center center","background-size":"auto","background-attachment":"scroll","background-type":"","background-media":"","overlay-type":"","overlay-color":"","overlay-gradient":""}},"ast-content-background-meta":{"desktop":{"background-color":"var(--ast-global-color-5)","background-image":"","background-repeat":"repeat","background-position":"center center","background-size":"auto","background-attachment":"scroll","background-type":"","background-media":"","overlay-type":"","overlay-color":"","overlay-gradient":""},"tablet":{"background-color":"var(--ast-global-color-5)","background-image":"","background-repeat":"repeat","background-position":"center center","background-size":"auto","background-attachment":"scroll","background-type":"","background-media":"","overlay-type":"","overlay-color":"","overlay-gradient":""},"mobile":{"background-color":"var(--ast-global-color-5)","background-image":"","background-repeat":"repeat","background-position":"center center","background-size":"auto","background-attachment":"scroll","background-type":"","background-media":"","overlay-type":"","overlay-color":"","overlay-gradient":""}},"footnotes":""},"uagb_featured_image_src":{"full":["https:\/\/ibomberdefense.standardof.net\/wp-content\/uploads\/sites\/5\/2020\/10\/iBomber-Defense-Axis-Campaign-12.-Western-Mediterranean-Spiderweb-6.jpg",1280,720,false],"thumbnail":["https:\/\/ibomberdefense.standardof.net\/wp-content\/uploads\/sites\/5\/2020\/10\/iBomber-Defense-Axis-Campaign-12.-Western-Mediterranean-Spiderweb-6-200x113.jpg",200,113,true],"medium":["https:\/\/ibomberdefense.standardof.net\/wp-content\/uploads\/sites\/5\/2020\/10\/iBomber-Defense-Axis-Campaign-12.-Western-Mediterranean-Spiderweb-6-512x288.jpg",512,288,true],"medium_large":["https:\/\/ibomberdefense.standardof.net\/wp-content\/uploads\/sites\/5\/2020\/10\/iBomber-Defense-Axis-Campaign-12.-Western-Mediterranean-Spiderweb-6-768x432.jpg",768,432,true],"large":["https:\/\/ibomberdefense.standardof.net\/wp-content\/uploads\/sites\/5\/2020\/10\/iBomber-Defense-Axis-Campaign-12.-Western-Mediterranean-Spiderweb-6-800x450.jpg",800,450,true],"1536x1536":["https:\/\/ibomberdefense.standardof.net\/wp-content\/uploads\/sites\/5\/2020\/10\/iBomber-Defense-Axis-Campaign-12.-Western-Mediterranean-Spiderweb-6.jpg",1280,720,false],"2048x2048":["https:\/\/ibomberdefense.standardof.net\/wp-content\/uploads\/sites\/5\/2020\/10\/iBomber-Defense-Axis-Campaign-12.-Western-Mediterranean-Spiderweb-6.jpg",1280,720,false],"trp-custom-language-flag":["https:\/\/ibomberdefense.standardof.net\/wp-content\/uploads\/sites\/5\/2020\/10\/iBomber-Defense-Axis-Campaign-12.-Western-Mediterranean-Spiderweb-6-16x9.jpg",16,9,true]},"uagb_author_info":{"display_name":"SOE","author_link":"https:\/\/ibomberdefense.standardof.net\/es\/author\/k-tastic\/"},"uagb_comment_info":0,"uagb_excerpt":"It is now time to head to the Western Mediterranean during mission &#8220;Spiderweb&#8221; in the Axis campaign of iBomber Defense, facing 50 waves of naval units winding their way through a series of islands. These units come down along four main paths, traveling west to east and circling the central three islands turret placement will&hellip;","_links":{"self":[{"href":"https:\/\/ibomberdefense.standardof.net\/es\/wp-json\/wp\/v2\/pages\/347"}],"collection":[{"href":"https:\/\/ibomberdefense.standardof.net\/es\/wp-json\/wp\/v2\/pages"}],"about":[{"href":"https:\/\/ibomberdefense.standardof.net\/es\/wp-json\/wp\/v2\/types\/page"}],"author":[{"embeddable":true,"href":"https:\/\/ibomberdefense.standardof.net\/es\/wp-json\/wp\/v2\/users\/1"}],"replies":[{"embeddable":true,"href":"https:\/\/ibomberdefense.standardof.net\/es\/wp-json\/wp\/v2\/comments?post=347"}],"version-history":[{"count":0,"href":"https:\/\/ibomberdefense.standardof.net\/es\/wp-json\/wp\/v2\/pages\/347\/revisions"}],"up":[{"embeddable":true,"href":"https:\/\/ibomberdefense.standardof.net\/es\/wp-json\/wp\/v2\/pages\/268"}],"wp:featuredmedia":[{"embeddable":true,"href":"https:\/\/ibomberdefense.standardof.net\/es\/wp-json\/wp\/v2\/media\/127"}],"wp:attachment":[{"href":"https:\/\/ibomberdefense.standardof.net\/es\/wp-json\/wp\/v2\/media?parent=347"}],"curies":[{"name":"wp","href":"https:\/\/api.w.org\/{rel}","templated":true}]}}