{"id":348,"date":"2020-10-19T07:41:17","date_gmt":"2020-10-19T07:41:17","guid":{"rendered":"https:\/\/ibomberdefense.standardof.net\/?page_id=348"},"modified":"2020-10-19T08:04:38","modified_gmt":"2020-10-19T08:04:38","slug":"13-north-west-africa-counterattack","status":"publish","type":"page","link":"https:\/\/ibomberdefense.standardof.net\/es\/guide\/campana-eje\/13-noroeste-africa-contraataque\/","title":{"rendered":"13. \u00c1frica noroccidental: contraataque"},"content":{"rendered":"<div class=\"wp-block-image\"><figure class=\"aligncenter size-large\"><a href=\"https:\/\/ibomberdefense.standardof.net\/es\/guide\/campana-eje\/13-noroeste-africa-contraataque\/ibomber-defense-axis-campaign-13-north-west-africa-counterattack-1\/\"><img decoding=\"async\" width=\"800\" height=\"450\" src=\"https:\/\/ibomberdefense.standardof.net\/wp-content\/uploads\/sites\/5\/2020\/10\/iBomber-Defense-Axis-Campaign-13.-North-West-Africa-Counterattack-1-800x450.jpg\" alt=\"&quot;iBomber Defense&quot; - Campa\u00f1a del Eje - 13. Noroeste de \u00c1frica - Contraataque (1)\" class=\"wp-image-128\" title=\"\" srcset=\"https:\/\/ibomberdefense.standardof.net\/wp-content\/uploads\/sites\/5\/2020\/10\/iBomber-Defense-Axis-Campaign-13.-North-West-Africa-Counterattack-1-800x450.jpg 800w, https:\/\/ibomberdefense.standardof.net\/wp-content\/uploads\/sites\/5\/2020\/10\/iBomber-Defense-Axis-Campaign-13.-North-West-Africa-Counterattack-1-512x288.jpg 512w, https:\/\/ibomberdefense.standardof.net\/wp-content\/uploads\/sites\/5\/2020\/10\/iBomber-Defense-Axis-Campaign-13.-North-West-Africa-Counterattack-1-200x113.jpg 200w, https:\/\/ibomberdefense.standardof.net\/wp-content\/uploads\/sites\/5\/2020\/10\/iBomber-Defense-Axis-Campaign-13.-North-West-Africa-Counterattack-1-768x432.jpg 768w, https:\/\/ibomberdefense.standardof.net\/wp-content\/uploads\/sites\/5\/2020\/10\/iBomber-Defense-Axis-Campaign-13.-North-West-Africa-Counterattack-1-16x9.jpg 16w, https:\/\/ibomberdefense.standardof.net\/wp-content\/uploads\/sites\/5\/2020\/10\/iBomber-Defense-Axis-Campaign-13.-North-West-Africa-Counterattack-1.jpg 1280w\" sizes=\"(max-width: 800px) 100vw, 800px\" \/><\/a><figcaption>Las dos rutas a\u00e9reas en el noroeste de \u00c1frica contraatacan, las rutas terrestres permanecen sin cambios, como se ve en la siguiente imagen.<\/figcaption><\/figure><\/div>\n\n\n\n<div class=\"wp-block-image\"><figure class=\"aligncenter size-large\"><a href=\"https:\/\/ibomberdefense.standardof.net\/es\/guide\/campana-eje\/13-noroeste-africa-contraataque\/ibomber-defense-axis-campaign-13-north-west-africa-counterattack-2\/\"><img decoding=\"async\" width=\"800\" height=\"450\" src=\"https:\/\/ibomberdefense.standardof.net\/wp-content\/uploads\/sites\/5\/2020\/10\/iBomber-Defense-Axis-Campaign-13.-North-West-Africa-Counterattack-2-800x450.jpg\" alt=\"&quot;iBomber Defense&quot; - Campa\u00f1a del Eje - 13. \u00c1frica Noroeste - Contraataque (2)\" class=\"wp-image-129\" title=\"\" srcset=\"https:\/\/ibomberdefense.standardof.net\/wp-content\/uploads\/sites\/5\/2020\/10\/iBomber-Defense-Axis-Campaign-13.-North-West-Africa-Counterattack-2-800x450.jpg 800w, https:\/\/ibomberdefense.standardof.net\/wp-content\/uploads\/sites\/5\/2020\/10\/iBomber-Defense-Axis-Campaign-13.-North-West-Africa-Counterattack-2-512x288.jpg 512w, https:\/\/ibomberdefense.standardof.net\/wp-content\/uploads\/sites\/5\/2020\/10\/iBomber-Defense-Axis-Campaign-13.-North-West-Africa-Counterattack-2-200x113.jpg 200w, https:\/\/ibomberdefense.standardof.net\/wp-content\/uploads\/sites\/5\/2020\/10\/iBomber-Defense-Axis-Campaign-13.-North-West-Africa-Counterattack-2-768x432.jpg 768w, https:\/\/ibomberdefense.standardof.net\/wp-content\/uploads\/sites\/5\/2020\/10\/iBomber-Defense-Axis-Campaign-13.-North-West-Africa-Counterattack-2-16x9.jpg 16w, https:\/\/ibomberdefense.standardof.net\/wp-content\/uploads\/sites\/5\/2020\/10\/iBomber-Defense-Axis-Campaign-13.-North-West-Africa-Counterattack-2.jpg 1280w\" sizes=\"(max-width: 800px) 100vw, 800px\" \/><\/a><figcaption>Mostrando las rutas antiguas en el noroeste de \u00c1frica. Tenga en cuenta que el \u00fanico cambio es la ruta a\u00e9rea azul que se ha desplazado como se ve en la primera imagen junto con la adici\u00f3n de una segunda ruta a\u00e9rea.<\/figcaption><\/figure><\/div>\n\n\n\n<p>La misi\u00f3n 13 en la campa\u00f1a del Eje es su nivel de bonificaci\u00f3n de contraataque final, regresando al noroeste de \u00c1frica para 20 oleadas adicionales de aviones enemigos y unidades terrestres. Los aviones aparecer\u00e1n temprano esta vez en la ola 2, y el ataque sorpresa da\u00f1ar\u00e1 gravemente una gran cantidad de sus torretas en lugar de abrir un nuevo camino terrestre.<\/p>\n\n\n\n<p>La colocaci\u00f3n de armamento se centrar\u00e1 principalmente en la construcci\u00f3n alrededor de las bases de combate previamente establecidas. Desafortunadamente, debido al ataque sorpresa, es probable que los fondos iniciales que se le proporcionen se consuman en reparaciones. Puede vender cualquier torreta para la que no tenga fondos para reparar y es probable que sea destruida para evitar perder esos fondos.<\/p>\n\n\n\n<h3 class=\"wp-block-heading\"><strong>Colocaci\u00f3n de la torreta:<\/strong><\/h3>\n\n\n\n<figure class=\"wp-block-gallery columns-2 is-cropped wp-block-gallery-1 is-layout-flex wp-block-gallery-is-layout-flex\"><ul class=\"blocks-gallery-grid\"><li class=\"blocks-gallery-item\"><figure><a href=\"https:\/\/ibomberdefense.standardof.net\/es\/guide\/campana-eje\/13-noroeste-africa-contraataque\/ibomber-defense-axis-campaign-13-north-west-africa-counterattack-3\/\"><img decoding=\"async\" width=\"800\" height=\"450\" src=\"https:\/\/ibomberdefense.standardof.net\/wp-content\/uploads\/sites\/5\/2020\/10\/iBomber-Defense-Axis-Campaign-13.-North-West-Africa-Counterattack-3-800x450.jpg\" alt=\"&quot;iBomber Defense&quot; - Campa\u00f1a del Eje - 13. Noroeste de \u00c1frica - Contraataque (3)\" data-id=\"130\" data-full-url=\"https:\/\/ibomberdefense.standardof.net\/wp-content\/uploads\/sites\/5\/2020\/10\/iBomber-Defense-Axis-Campaign-13.-North-West-Africa-Counterattack-3.jpg\" data-link=\"https:\/\/ibomberdefense.standardof.net\/guide\/axis-campaign\/13-north-west-africa-counterattack\/ibomber-defense-axis-campaign-13-north-west-africa-counterattack-3\/\" class=\"wp-image-130\" title=\"\" srcset=\"https:\/\/ibomberdefense.standardof.net\/wp-content\/uploads\/sites\/5\/2020\/10\/iBomber-Defense-Axis-Campaign-13.-North-West-Africa-Counterattack-3-800x450.jpg 800w, https:\/\/ibomberdefense.standardof.net\/wp-content\/uploads\/sites\/5\/2020\/10\/iBomber-Defense-Axis-Campaign-13.-North-West-Africa-Counterattack-3-512x288.jpg 512w, https:\/\/ibomberdefense.standardof.net\/wp-content\/uploads\/sites\/5\/2020\/10\/iBomber-Defense-Axis-Campaign-13.-North-West-Africa-Counterattack-3-200x113.jpg 200w, https:\/\/ibomberdefense.standardof.net\/wp-content\/uploads\/sites\/5\/2020\/10\/iBomber-Defense-Axis-Campaign-13.-North-West-Africa-Counterattack-3-768x432.jpg 768w, https:\/\/ibomberdefense.standardof.net\/wp-content\/uploads\/sites\/5\/2020\/10\/iBomber-Defense-Axis-Campaign-13.-North-West-Africa-Counterattack-3-16x9.jpg 16w, https:\/\/ibomberdefense.standardof.net\/wp-content\/uploads\/sites\/5\/2020\/10\/iBomber-Defense-Axis-Campaign-13.-North-West-Africa-Counterattack-3.jpg 1280w\" sizes=\"(max-width: 800px) 100vw, 800px\" \/><\/a><figcaption class=\"blocks-gallery-item__caption\">Colocaci\u00f3n de la torreta Wave 10.<\/figcaption><\/figure><\/li><li class=\"blocks-gallery-item\"><figure><a href=\"https:\/\/ibomberdefense.standardof.net\/es\/guide\/campana-eje\/13-noroeste-africa-contraataque\/ibomber-defense-axis-campaign-13-north-west-africa-counterattack-4\/\"><img decoding=\"async\" width=\"800\" height=\"450\" src=\"https:\/\/ibomberdefense.standardof.net\/wp-content\/uploads\/sites\/5\/2020\/10\/iBomber-Defense-Axis-Campaign-13.-North-West-Africa-Counterattack-4-800x450.jpg\" alt=\"&quot;iBomber Defense&quot; - Campa\u00f1a del Eje - 13. Noroeste de \u00c1frica - Contraataque (4)\" data-id=\"131\" data-full-url=\"https:\/\/ibomberdefense.standardof.net\/wp-content\/uploads\/sites\/5\/2020\/10\/iBomber-Defense-Axis-Campaign-13.-North-West-Africa-Counterattack-4.jpg\" data-link=\"https:\/\/ibomberdefense.standardof.net\/guide\/axis-campaign\/13-north-west-africa-counterattack\/ibomber-defense-axis-campaign-13-north-west-africa-counterattack-4\/\" class=\"wp-image-131\" title=\"\" srcset=\"https:\/\/ibomberdefense.standardof.net\/wp-content\/uploads\/sites\/5\/2020\/10\/iBomber-Defense-Axis-Campaign-13.-North-West-Africa-Counterattack-4-800x450.jpg 800w, https:\/\/ibomberdefense.standardof.net\/wp-content\/uploads\/sites\/5\/2020\/10\/iBomber-Defense-Axis-Campaign-13.-North-West-Africa-Counterattack-4-512x288.jpg 512w, https:\/\/ibomberdefense.standardof.net\/wp-content\/uploads\/sites\/5\/2020\/10\/iBomber-Defense-Axis-Campaign-13.-North-West-Africa-Counterattack-4-200x113.jpg 200w, https:\/\/ibomberdefense.standardof.net\/wp-content\/uploads\/sites\/5\/2020\/10\/iBomber-Defense-Axis-Campaign-13.-North-West-Africa-Counterattack-4-768x432.jpg 768w, https:\/\/ibomberdefense.standardof.net\/wp-content\/uploads\/sites\/5\/2020\/10\/iBomber-Defense-Axis-Campaign-13.-North-West-Africa-Counterattack-4-16x9.jpg 16w, https:\/\/ibomberdefense.standardof.net\/wp-content\/uploads\/sites\/5\/2020\/10\/iBomber-Defense-Axis-Campaign-13.-North-West-Africa-Counterattack-4.jpg 1280w\" sizes=\"(max-width: 800px) 100vw, 800px\" \/><\/a><figcaption class=\"blocks-gallery-item__caption\">Colocaci\u00f3n de la torreta Wave 20.<\/figcaption><\/figure><\/li><\/ul><\/figure>\n\n\n\n<p>Su enfoque principal puede centrarse en el X-Weapon desde el principio, considerando las defensas sustanciales con las que deber\u00eda comenzar. Aseg\u00farate de colocar AA adicional cuando tengas los fondos gratis, o cuando lo exijan oleadas m\u00e1s desafiantes, ya que este es el \u00fanico nivel en el que puedes ser atacado desde dos rutas de unidades a\u00e9reas al mismo tiempo.<\/p>\n\n\n\n<p>Las ametralladoras siguen cumpliendo su funci\u00f3n como forraje para las armas del enemigo cuando se colocan estrat\u00e9gicamente. Siguiendo la estrategia de armamento abrumador, deber\u00eda ser posible obtener 6 armas X completamente mejoradas para la oleada 20. Realmente no hay mucho m\u00e1s complicado m\u00e1s all\u00e1 de la defensa a\u00e9rea adicional para esta misi\u00f3n.<\/p>\n\n\n\n<hr class=\"wp-block-separator\"\/>\n\n\n\n<h4 class=\"has-text-align-center wp-block-heading\">Gu\u00eda de video<\/h4>\n\n\n\n<figure class=\"wp-block-embed-youtube wp-block-embed is-type-video is-provider-youtube wp-embed-aspect-16-9 wp-has-aspect-ratio\"><div class=\"wp-block-embed__wrapper\">\n<div class=\"ast-oembed-container\" style=\"height: 100%;\"><iframe title=\"iBomber Defense - Noroeste de \u00c1frica - Eje de contraataque - Veterano + Perfecto\" width=\"500\" height=\"281\" src=\"https:\/\/www.youtube.com\/embed\/gbE5k52J2rA?feature=oembed\" frameborder=\"0\" allow=\"accelerometer; autoplay; clipboard-write; encrypted-media; gyroscope; picture-in-picture; web-share\" referrerpolicy=\"strict-origin-when-cross-origin\" allowfullscreen><\/iframe><\/div>\n<\/div><\/figure>","protected":false},"excerpt":{"rendered":"<p>Mission 13 in the Axis campaign is your final counterattack bonus level, returning to North West Africa for an additional 20 waves of enemy aircraft and ground units. Aircraft will show up early this time around at wave 2, and the surprise attack will severely damage a large amount of your turrets instead of opening [&hellip;]<\/p>","protected":false},"author":1,"featured_media":131,"parent":268,"menu_order":13,"comment_status":"open","ping_status":"closed","template":"","meta":{"_uag_custom_page_level_css":"","site-sidebar-layout":"default","site-content-layout":"default","ast-site-content-layout":"","site-content-style":"default","site-sidebar-style":"default","ast-global-header-display":"","ast-banner-title-visibility":"","ast-main-header-display":"","ast-hfb-above-header-display":"","ast-hfb-below-header-display":"","ast-hfb-mobile-header-display":"","site-post-title":"","ast-breadcrumbs-content":"","ast-featured-img":"","footer-sml-layout":"","theme-transparent-header-meta":"default","adv-header-id-meta":"","stick-header-meta":"","header-above-stick-meta":"","header-main-stick-meta":"","header-below-stick-meta":"","astra-migrate-meta-layouts":"default","ast-page-background-enabled":"default","ast-page-background-meta":{"desktop":{"background-color":"","background-image":"","background-repeat":"repeat","background-position":"center center","background-size":"auto","background-attachment":"scroll","background-type":"","background-media":"","overlay-type":"","overlay-color":"","overlay-gradient":""},"tablet":{"background-color":"","background-image":"","background-repeat":"repeat","background-position":"center center","background-size":"auto","background-attachment":"scroll","background-type":"","background-media":"","overlay-type":"","overlay-color":"","overlay-gradient":""},"mobile":{"background-color":"","background-image":"","background-repeat":"repeat","background-position":"center center","background-size":"auto","background-attachment":"scroll","background-type":"","background-media":"","overlay-type":"","overlay-color":"","overlay-gradient":""}},"ast-content-background-meta":{"desktop":{"background-color":"var(--ast-global-color-5)","background-image":"","background-repeat":"repeat","background-position":"center center","background-size":"auto","background-attachment":"scroll","background-type":"","background-media":"","overlay-type":"","overlay-color":"","overlay-gradient":""},"tablet":{"background-color":"var(--ast-global-color-5)","background-image":"","background-repeat":"repeat","background-position":"center center","background-size":"auto","background-attachment":"scroll","background-type":"","background-media":"","overlay-type":"","overlay-color":"","overlay-gradient":""},"mobile":{"background-color":"var(--ast-global-color-5)","background-image":"","background-repeat":"repeat","background-position":"center center","background-size":"auto","background-attachment":"scroll","background-type":"","background-media":"","overlay-type":"","overlay-color":"","overlay-gradient":""}},"footnotes":""},"uagb_featured_image_src":{"full":["https:\/\/ibomberdefense.standardof.net\/wp-content\/uploads\/sites\/5\/2020\/10\/iBomber-Defense-Axis-Campaign-13.-North-West-Africa-Counterattack-4.jpg",1280,720,false],"thumbnail":["https:\/\/ibomberdefense.standardof.net\/wp-content\/uploads\/sites\/5\/2020\/10\/iBomber-Defense-Axis-Campaign-13.-North-West-Africa-Counterattack-4-200x113.jpg",200,113,true],"medium":["https:\/\/ibomberdefense.standardof.net\/wp-content\/uploads\/sites\/5\/2020\/10\/iBomber-Defense-Axis-Campaign-13.-North-West-Africa-Counterattack-4-512x288.jpg",512,288,true],"medium_large":["https:\/\/ibomberdefense.standardof.net\/wp-content\/uploads\/sites\/5\/2020\/10\/iBomber-Defense-Axis-Campaign-13.-North-West-Africa-Counterattack-4-768x432.jpg",768,432,true],"large":["https:\/\/ibomberdefense.standardof.net\/wp-content\/uploads\/sites\/5\/2020\/10\/iBomber-Defense-Axis-Campaign-13.-North-West-Africa-Counterattack-4-800x450.jpg",800,450,true],"1536x1536":["https:\/\/ibomberdefense.standardof.net\/wp-content\/uploads\/sites\/5\/2020\/10\/iBomber-Defense-Axis-Campaign-13.-North-West-Africa-Counterattack-4.jpg",1280,720,false],"2048x2048":["https:\/\/ibomberdefense.standardof.net\/wp-content\/uploads\/sites\/5\/2020\/10\/iBomber-Defense-Axis-Campaign-13.-North-West-Africa-Counterattack-4.jpg",1280,720,false],"trp-custom-language-flag":["https:\/\/ibomberdefense.standardof.net\/wp-content\/uploads\/sites\/5\/2020\/10\/iBomber-Defense-Axis-Campaign-13.-North-West-Africa-Counterattack-4-16x9.jpg",16,9,true]},"uagb_author_info":{"display_name":"SOE","author_link":"https:\/\/ibomberdefense.standardof.net\/es\/author\/k-tastic\/"},"uagb_comment_info":0,"uagb_excerpt":"Mission 13 in the Axis campaign is your final counterattack bonus level, returning to North West Africa for an additional 20 waves of enemy aircraft and ground units. Aircraft will show up early this time around at wave 2, and the surprise attack will severely damage a large amount of your turrets instead of opening&hellip;","_links":{"self":[{"href":"https:\/\/ibomberdefense.standardof.net\/es\/wp-json\/wp\/v2\/pages\/348"}],"collection":[{"href":"https:\/\/ibomberdefense.standardof.net\/es\/wp-json\/wp\/v2\/pages"}],"about":[{"href":"https:\/\/ibomberdefense.standardof.net\/es\/wp-json\/wp\/v2\/types\/page"}],"author":[{"embeddable":true,"href":"https:\/\/ibomberdefense.standardof.net\/es\/wp-json\/wp\/v2\/users\/1"}],"replies":[{"embeddable":true,"href":"https:\/\/ibomberdefense.standardof.net\/es\/wp-json\/wp\/v2\/comments?post=348"}],"version-history":[{"count":0,"href":"https:\/\/ibomberdefense.standardof.net\/es\/wp-json\/wp\/v2\/pages\/348\/revisions"}],"up":[{"embeddable":true,"href":"https:\/\/ibomberdefense.standardof.net\/es\/wp-json\/wp\/v2\/pages\/268"}],"wp:featuredmedia":[{"embeddable":true,"href":"https:\/\/ibomberdefense.standardof.net\/es\/wp-json\/wp\/v2\/media\/131"}],"wp:attachment":[{"href":"https:\/\/ibomberdefense.standardof.net\/es\/wp-json\/wp\/v2\/media?parent=348"}],"curies":[{"name":"wp","href":"https:\/\/api.w.org\/{rel}","templated":true}]}}