{"id":349,"date":"2020-10-19T07:41:48","date_gmt":"2020-10-19T07:41:48","guid":{"rendered":"https:\/\/ibomberdefense.standardof.net\/?page_id=349"},"modified":"2020-10-19T08:04:43","modified_gmt":"2020-10-19T08:04:43","slug":"14-great-britain-final-victory","status":"publish","type":"page","link":"https:\/\/ibomberdefense.standardof.net\/es\/guide\/campana-eje\/14-victoria-final-de-gran-bretana\/","title":{"rendered":"14. Gran Breta\u00f1a: \u00a1Victoria final!"},"content":{"rendered":"<div class=\"wp-block-image\"><figure class=\"aligncenter size-large\"><a href=\"https:\/\/ibomberdefense.standardof.net\/es\/guide\/campana-eje\/14-victoria-final-de-gran-bretana\/ibomber-defense-axis-campaign-14-great-britain-final-victory-1\/\"><img decoding=\"async\" width=\"800\" height=\"450\" src=\"https:\/\/ibomberdefense.standardof.net\/wp-content\/uploads\/sites\/5\/2020\/10\/iBomber-Defense-Axis-Campaign-14.-Great-Britain-Final-Victory-1-800x450.jpg\" alt=\"&quot;iBomber Defense&quot; - Campa\u00f1a Axis - 14. Gran Breta\u00f1a - \u00a1Victoria final! (1)\" class=\"wp-image-132\" title=\"\" srcset=\"https:\/\/ibomberdefense.standardof.net\/wp-content\/uploads\/sites\/5\/2020\/10\/iBomber-Defense-Axis-Campaign-14.-Great-Britain-Final-Victory-1-800x450.jpg 800w, https:\/\/ibomberdefense.standardof.net\/wp-content\/uploads\/sites\/5\/2020\/10\/iBomber-Defense-Axis-Campaign-14.-Great-Britain-Final-Victory-1-512x288.jpg 512w, https:\/\/ibomberdefense.standardof.net\/wp-content\/uploads\/sites\/5\/2020\/10\/iBomber-Defense-Axis-Campaign-14.-Great-Britain-Final-Victory-1-200x113.jpg 200w, https:\/\/ibomberdefense.standardof.net\/wp-content\/uploads\/sites\/5\/2020\/10\/iBomber-Defense-Axis-Campaign-14.-Great-Britain-Final-Victory-1-768x432.jpg 768w, https:\/\/ibomberdefense.standardof.net\/wp-content\/uploads\/sites\/5\/2020\/10\/iBomber-Defense-Axis-Campaign-14.-Great-Britain-Final-Victory-1-16x9.jpg 16w, https:\/\/ibomberdefense.standardof.net\/wp-content\/uploads\/sites\/5\/2020\/10\/iBomber-Defense-Axis-Campaign-14.-Great-Britain-Final-Victory-1.jpg 1280w\" sizes=\"(max-width: 800px) 100vw, 800px\" \/><\/a><figcaption>Rutas tomadas por el enemigo en el nivel final de la campa\u00f1a del Eje de iBomber Defense, Gran Breta\u00f1a. El morado es para unidades navales, mientras que el azul es para aviones. <\/figcaption><\/figure><\/div>\n\n\n\n<p>La decimocuarta y \u00faltima misi\u00f3n de la campa\u00f1a Axis te lleva al paisaje destrozado de Gran Breta\u00f1a para defenderte de 50 oleadas de aviones, unidades navales y unidades terrestres combinadas. Los enemigos se acercar\u00e1n desde m\u00faltiples caminos, desde todas las direcciones excepto el norte, con unidades navales llegando a la ola 10 y aviones a la ola 21.<\/p>\n\n\n\n<p>La ubicaci\u00f3n de la torreta se centrar\u00e1 en construir defensas cerca de sus bases de operaciones y alcanzar el estado de arma X lo antes posible. Eventualmente, todo se extender\u00e1 como el nivel final de la campa\u00f1a aliada, esta misi\u00f3n tiene un espacio de construcci\u00f3n limitado.<\/p>\n\n\n\n<h3 class=\"wp-block-heading\"><strong>Colocaci\u00f3n de la torreta:<\/strong><\/h3>\n\n\n\n<figure class=\"wp-block-gallery columns-2 is-cropped wp-block-gallery-1 is-layout-flex wp-block-gallery-is-layout-flex\"><ul class=\"blocks-gallery-grid\"><li class=\"blocks-gallery-item\"><figure><a href=\"https:\/\/ibomberdefense.standardof.net\/es\/guide\/campana-eje\/14-victoria-final-de-gran-bretana\/ibomber-defense-axis-campaign-14-great-britain-final-victory-2\/\"><img decoding=\"async\" width=\"800\" height=\"450\" src=\"https:\/\/ibomberdefense.standardof.net\/wp-content\/uploads\/sites\/5\/2020\/10\/iBomber-Defense-Axis-Campaign-14.-Great-Britain-Final-Victory-2-800x450.jpg\" alt=\"&quot;iBomber Defense&quot; - Campa\u00f1a Axis - 14. Gran Breta\u00f1a - \u00a1Victoria final! (2)\" data-id=\"133\" data-full-url=\"https:\/\/ibomberdefense.standardof.net\/wp-content\/uploads\/sites\/5\/2020\/10\/iBomber-Defense-Axis-Campaign-14.-Great-Britain-Final-Victory-2.jpg\" data-link=\"https:\/\/ibomberdefense.standardof.net\/guide\/axis-campaign\/14-great-britain-final-victory\/ibomber-defense-axis-campaign-14-great-britain-final-victory-2\/\" class=\"wp-image-133\" title=\"\" srcset=\"https:\/\/ibomberdefense.standardof.net\/wp-content\/uploads\/sites\/5\/2020\/10\/iBomber-Defense-Axis-Campaign-14.-Great-Britain-Final-Victory-2-800x450.jpg 800w, https:\/\/ibomberdefense.standardof.net\/wp-content\/uploads\/sites\/5\/2020\/10\/iBomber-Defense-Axis-Campaign-14.-Great-Britain-Final-Victory-2-512x288.jpg 512w, https:\/\/ibomberdefense.standardof.net\/wp-content\/uploads\/sites\/5\/2020\/10\/iBomber-Defense-Axis-Campaign-14.-Great-Britain-Final-Victory-2-200x113.jpg 200w, https:\/\/ibomberdefense.standardof.net\/wp-content\/uploads\/sites\/5\/2020\/10\/iBomber-Defense-Axis-Campaign-14.-Great-Britain-Final-Victory-2-768x432.jpg 768w, https:\/\/ibomberdefense.standardof.net\/wp-content\/uploads\/sites\/5\/2020\/10\/iBomber-Defense-Axis-Campaign-14.-Great-Britain-Final-Victory-2-16x9.jpg 16w, https:\/\/ibomberdefense.standardof.net\/wp-content\/uploads\/sites\/5\/2020\/10\/iBomber-Defense-Axis-Campaign-14.-Great-Britain-Final-Victory-2.jpg 1280w\" sizes=\"(max-width: 800px) 100vw, 800px\" \/><\/a><figcaption class=\"blocks-gallery-item__caption\">Colocaci\u00f3n de la torreta Wave 10.<\/figcaption><\/figure><\/li><li class=\"blocks-gallery-item\"><figure><a href=\"https:\/\/ibomberdefense.standardof.net\/es\/guide\/campana-eje\/14-victoria-final-de-gran-bretana\/ibomber-defense-axis-campaign-14-great-britain-final-victory-3\/\"><img decoding=\"async\" width=\"800\" height=\"450\" src=\"https:\/\/ibomberdefense.standardof.net\/wp-content\/uploads\/sites\/5\/2020\/10\/iBomber-Defense-Axis-Campaign-14.-Great-Britain-Final-Victory-3-800x450.jpg\" alt=\"&quot;iBomber Defense&quot; - Campa\u00f1a Axis - 14. Gran Breta\u00f1a - \u00a1Victoria final! (3)\" data-id=\"134\" data-full-url=\"https:\/\/ibomberdefense.standardof.net\/wp-content\/uploads\/sites\/5\/2020\/10\/iBomber-Defense-Axis-Campaign-14.-Great-Britain-Final-Victory-3.jpg\" data-link=\"https:\/\/ibomberdefense.standardof.net\/guide\/axis-campaign\/14-great-britain-final-victory\/ibomber-defense-axis-campaign-14-great-britain-final-victory-3\/\" class=\"wp-image-134\" title=\"\" srcset=\"https:\/\/ibomberdefense.standardof.net\/wp-content\/uploads\/sites\/5\/2020\/10\/iBomber-Defense-Axis-Campaign-14.-Great-Britain-Final-Victory-3-800x450.jpg 800w, https:\/\/ibomberdefense.standardof.net\/wp-content\/uploads\/sites\/5\/2020\/10\/iBomber-Defense-Axis-Campaign-14.-Great-Britain-Final-Victory-3-512x288.jpg 512w, https:\/\/ibomberdefense.standardof.net\/wp-content\/uploads\/sites\/5\/2020\/10\/iBomber-Defense-Axis-Campaign-14.-Great-Britain-Final-Victory-3-200x113.jpg 200w, https:\/\/ibomberdefense.standardof.net\/wp-content\/uploads\/sites\/5\/2020\/10\/iBomber-Defense-Axis-Campaign-14.-Great-Britain-Final-Victory-3-768x432.jpg 768w, https:\/\/ibomberdefense.standardof.net\/wp-content\/uploads\/sites\/5\/2020\/10\/iBomber-Defense-Axis-Campaign-14.-Great-Britain-Final-Victory-3-16x9.jpg 16w, https:\/\/ibomberdefense.standardof.net\/wp-content\/uploads\/sites\/5\/2020\/10\/iBomber-Defense-Axis-Campaign-14.-Great-Britain-Final-Victory-3.jpg 1280w\" sizes=\"(max-width: 800px) 100vw, 800px\" \/><\/a><figcaption class=\"blocks-gallery-item__caption\">Colocaci\u00f3n de la torreta Wave 20.<\/figcaption><\/figure><\/li><\/ul><\/figure>\n\n\n\n<p>Intente colocar un arma X desde el principio con sus fondos iniciales directamente en la parte inferior izquierda de la base terrestre. Siga esto con una ametralladora r\u00e1pidamente mejorada al nivel 3 colocada en una secci\u00f3n de terreno elevado justo debajo de la base terrestre por la que pasa directamente la l\u00ednea azul de aviones. Para la oleada 10, deber\u00edas tener una segunda X-Weapon en el parche directamente a la derecha de tu base terrestre con una ametralladora completamente mejorada en la cresta para detener los botes patrulleros que inician los ataques navales.<\/p>\n\n\n\n<p>Entre el nivel 10 al 20, comience a colocar ca\u00f1ones alrededor de sus armas X, ignorando cualquier otra ametralladora (en las im\u00e1genes, ver\u00e1 que mov\u00ed la ametralladora hacia abajo algunos espacios para evitar que el arma X se distraiga, m\u00e1s informaci\u00f3n en el video a continuaci\u00f3n) y colocando un par de torretas Inferno hacia abajo para ralentizar el acercamiento de las unidades terrestres. Aseg\u00farese de tener AA listo al final de la oleada 20.<\/p>\n\n\n\n<p>Las ondas 20 a 30 ahora deber\u00edan centrarse en actualizar los ca\u00f1ones colocados para impulsar las armas X y luego actualizar las armas X en s\u00ed mismas. Intenta construir una torreta Inferno a lo largo de la cresta superior para ralentizar tambi\u00e9n a las unidades navales. Los infiernos son una necesidad pr\u00e1ctica indiscutible en este nivel.<\/p>\n\n\n\n<figure class=\"wp-block-gallery columns-2 is-cropped wp-block-gallery-2 is-layout-flex wp-block-gallery-is-layout-flex\"><ul class=\"blocks-gallery-grid\"><li class=\"blocks-gallery-item\"><figure><a href=\"https:\/\/ibomberdefense.standardof.net\/es\/guide\/campana-eje\/14-victoria-final-de-gran-bretana\/ibomber-defense-axis-campaign-14-great-britain-final-victory-4\/\"><img decoding=\"async\" width=\"800\" height=\"450\" src=\"https:\/\/ibomberdefense.standardof.net\/wp-content\/uploads\/sites\/5\/2020\/10\/iBomber-Defense-Axis-Campaign-14.-Great-Britain-Final-Victory-4-800x450.jpg\" alt=\"&quot;iBomber Defense&quot; - Campa\u00f1a Axis - 14. Gran Breta\u00f1a - \u00a1Victoria final! (4)\" data-id=\"135\" data-full-url=\"https:\/\/ibomberdefense.standardof.net\/wp-content\/uploads\/sites\/5\/2020\/10\/iBomber-Defense-Axis-Campaign-14.-Great-Britain-Final-Victory-4.jpg\" data-link=\"https:\/\/ibomberdefense.standardof.net\/guide\/axis-campaign\/14-great-britain-final-victory\/ibomber-defense-axis-campaign-14-great-britain-final-victory-4\/\" class=\"wp-image-135\" title=\"\" srcset=\"https:\/\/ibomberdefense.standardof.net\/wp-content\/uploads\/sites\/5\/2020\/10\/iBomber-Defense-Axis-Campaign-14.-Great-Britain-Final-Victory-4-800x450.jpg 800w, https:\/\/ibomberdefense.standardof.net\/wp-content\/uploads\/sites\/5\/2020\/10\/iBomber-Defense-Axis-Campaign-14.-Great-Britain-Final-Victory-4-512x288.jpg 512w, https:\/\/ibomberdefense.standardof.net\/wp-content\/uploads\/sites\/5\/2020\/10\/iBomber-Defense-Axis-Campaign-14.-Great-Britain-Final-Victory-4-200x113.jpg 200w, https:\/\/ibomberdefense.standardof.net\/wp-content\/uploads\/sites\/5\/2020\/10\/iBomber-Defense-Axis-Campaign-14.-Great-Britain-Final-Victory-4-768x432.jpg 768w, https:\/\/ibomberdefense.standardof.net\/wp-content\/uploads\/sites\/5\/2020\/10\/iBomber-Defense-Axis-Campaign-14.-Great-Britain-Final-Victory-4-16x9.jpg 16w, https:\/\/ibomberdefense.standardof.net\/wp-content\/uploads\/sites\/5\/2020\/10\/iBomber-Defense-Axis-Campaign-14.-Great-Britain-Final-Victory-4.jpg 1280w\" sizes=\"(max-width: 800px) 100vw, 800px\" \/><\/a><figcaption class=\"blocks-gallery-item__caption\">Colocaci\u00f3n de la torreta Wave 30.<\/figcaption><\/figure><\/li><li class=\"blocks-gallery-item\"><figure><a href=\"https:\/\/ibomberdefense.standardof.net\/es\/guide\/campana-eje\/14-victoria-final-de-gran-bretana\/ibomber-defense-axis-campaign-14-great-britain-final-victory-5\/\"><img decoding=\"async\" width=\"800\" height=\"450\" src=\"https:\/\/ibomberdefense.standardof.net\/wp-content\/uploads\/sites\/5\/2020\/10\/iBomber-Defense-Axis-Campaign-14.-Great-Britain-Final-Victory-5-800x450.jpg\" alt=\"&quot;iBomber Defense&quot; - Campa\u00f1a Axis - 14. Gran Breta\u00f1a - \u00a1Victoria final! (5)\" data-id=\"136\" data-full-url=\"https:\/\/ibomberdefense.standardof.net\/wp-content\/uploads\/sites\/5\/2020\/10\/iBomber-Defense-Axis-Campaign-14.-Great-Britain-Final-Victory-5.jpg\" data-link=\"https:\/\/ibomberdefense.standardof.net\/guide\/axis-campaign\/14-great-britain-final-victory\/ibomber-defense-axis-campaign-14-great-britain-final-victory-5\/\" class=\"wp-image-136\" title=\"\" srcset=\"https:\/\/ibomberdefense.standardof.net\/wp-content\/uploads\/sites\/5\/2020\/10\/iBomber-Defense-Axis-Campaign-14.-Great-Britain-Final-Victory-5-800x450.jpg 800w, https:\/\/ibomberdefense.standardof.net\/wp-content\/uploads\/sites\/5\/2020\/10\/iBomber-Defense-Axis-Campaign-14.-Great-Britain-Final-Victory-5-512x288.jpg 512w, https:\/\/ibomberdefense.standardof.net\/wp-content\/uploads\/sites\/5\/2020\/10\/iBomber-Defense-Axis-Campaign-14.-Great-Britain-Final-Victory-5-200x113.jpg 200w, https:\/\/ibomberdefense.standardof.net\/wp-content\/uploads\/sites\/5\/2020\/10\/iBomber-Defense-Axis-Campaign-14.-Great-Britain-Final-Victory-5-768x432.jpg 768w, https:\/\/ibomberdefense.standardof.net\/wp-content\/uploads\/sites\/5\/2020\/10\/iBomber-Defense-Axis-Campaign-14.-Great-Britain-Final-Victory-5-16x9.jpg 16w, https:\/\/ibomberdefense.standardof.net\/wp-content\/uploads\/sites\/5\/2020\/10\/iBomber-Defense-Axis-Campaign-14.-Great-Britain-Final-Victory-5.jpg 1280w\" sizes=\"(max-width: 800px) 100vw, 800px\" \/><\/a><figcaption class=\"blocks-gallery-item__caption\">Colocaci\u00f3n de la torreta Wave 40.<\/figcaption><\/figure><\/li><\/ul><\/figure>\n\n\n\n<p>Otras dos X-Weapons, con lo que su total es cuatro, es un buen objetivo hacia el que dirigirse en el camino hacia la ola 40. Poner una torreta Inferno cerca del camino verde y amarillo se fusionan cuando el ataque sorpresa los abre en la ola 30 es importante. mano amiga para tener.<\/p>\n\n\n\n<p>Las 10 oleadas finales deber\u00edan ser similares a 30\u201340, construyendo otro par de armas X con ca\u00f1ones de apoyo, tal vez un par de ametralladoras una vez que ya est\u00e9s haciendo avances serios para proporcionar un m\u00e9todo m\u00e1s barato de potenciar tus superamas. La peque\u00f1a parcela de tierra verde cerca de su bace naval es un buen lugar para poner algunos fondos adicionales para un solo Ca\u00f1\u00f3n como respaldo en caso de que algo atraviese sus defensas del norte en la confusi\u00f3n.<\/p>\n\n\n\n<div class=\"wp-block-image\"><figure class=\"aligncenter size-large\"><a href=\"https:\/\/ibomberdefense.standardof.net\/es\/guide\/campana-eje\/14-victoria-final-de-gran-bretana\/ibomber-defense-axis-campaign-14-great-britain-final-victory-6\/\"><img decoding=\"async\" width=\"800\" height=\"450\" src=\"https:\/\/ibomberdefense.standardof.net\/wp-content\/uploads\/sites\/5\/2020\/10\/iBomber-Defense-Axis-Campaign-14.-Great-Britain-Final-Victory-6-800x450.jpg\" alt=\"&quot;iBomber Defense&quot; - Campa\u00f1a Axis - 14. Gran Breta\u00f1a - \u00a1Victoria final! (6)\" class=\"wp-image-137\" title=\"\" srcset=\"https:\/\/ibomberdefense.standardof.net\/wp-content\/uploads\/sites\/5\/2020\/10\/iBomber-Defense-Axis-Campaign-14.-Great-Britain-Final-Victory-6-800x450.jpg 800w, https:\/\/ibomberdefense.standardof.net\/wp-content\/uploads\/sites\/5\/2020\/10\/iBomber-Defense-Axis-Campaign-14.-Great-Britain-Final-Victory-6-512x288.jpg 512w, https:\/\/ibomberdefense.standardof.net\/wp-content\/uploads\/sites\/5\/2020\/10\/iBomber-Defense-Axis-Campaign-14.-Great-Britain-Final-Victory-6-200x113.jpg 200w, https:\/\/ibomberdefense.standardof.net\/wp-content\/uploads\/sites\/5\/2020\/10\/iBomber-Defense-Axis-Campaign-14.-Great-Britain-Final-Victory-6-768x432.jpg 768w, https:\/\/ibomberdefense.standardof.net\/wp-content\/uploads\/sites\/5\/2020\/10\/iBomber-Defense-Axis-Campaign-14.-Great-Britain-Final-Victory-6-16x9.jpg 16w, https:\/\/ibomberdefense.standardof.net\/wp-content\/uploads\/sites\/5\/2020\/10\/iBomber-Defense-Axis-Campaign-14.-Great-Britain-Final-Victory-6.jpg 1280w\" sizes=\"(max-width: 800px) 100vw, 800px\" \/><\/a><figcaption>Colocaci\u00f3n de la torreta Wave 50.<\/figcaption><\/figure><\/div>\n\n\n\n<hr class=\"wp-block-separator\"\/>\n\n\n\n<h4 class=\"has-text-align-center wp-block-heading\">Gu\u00eda de video<\/h4>\n\n\n\n<figure class=\"wp-block-embed-youtube wp-block-embed is-type-video is-provider-youtube wp-embed-aspect-4-3 wp-has-aspect-ratio\"><div class=\"wp-block-embed__wrapper\">\n<div class=\"ast-oembed-container\" style=\"height: 100%;\"><iframe title=\"iBomber Defense - Gran Breta\u00f1a - \u00a1Victoria final! - Veterano + Perfecto\" width=\"500\" height=\"281\" src=\"https:\/\/www.youtube.com\/embed\/kG0MR7czZHg?feature=oembed\" frameborder=\"0\" allow=\"accelerometer; autoplay; clipboard-write; encrypted-media; gyroscope; picture-in-picture; web-share\" referrerpolicy=\"strict-origin-when-cross-origin\" allowfullscreen><\/iframe><\/div>\n<\/div><\/figure>","protected":false},"excerpt":{"rendered":"<p>The fourteenth and final mission in the Axis campaign takes you to the wrecked landscape of Great Britain to fend off 50 waves of combined aircraft, naval units, and ground units. Enemies will approach from multiple paths, from every direction except north with naval units arriving at wave 10 and aircraft at wave 21. Turret [&hellip;]<\/p>","protected":false},"author":1,"featured_media":137,"parent":268,"menu_order":14,"comment_status":"open","ping_status":"closed","template":"","meta":{"_uag_custom_page_level_css":"","site-sidebar-layout":"default","site-content-layout":"default","ast-site-content-layout":"","site-content-style":"default","site-sidebar-style":"default","ast-global-header-display":"","ast-banner-title-visibility":"","ast-main-header-display":"","ast-hfb-above-header-display":"","ast-hfb-below-header-display":"","ast-hfb-mobile-header-display":"","site-post-title":"","ast-breadcrumbs-content":"","ast-featured-img":"","footer-sml-layout":"","theme-transparent-header-meta":"default","adv-header-id-meta":"","stick-header-meta":"","header-above-stick-meta":"","header-main-stick-meta":"","header-below-stick-meta":"","astra-migrate-meta-layouts":"default","ast-page-background-enabled":"default","ast-page-background-meta":{"desktop":{"background-color":"","background-image":"","background-repeat":"repeat","background-position":"center center","background-size":"auto","background-attachment":"scroll","background-type":"","background-media":"","overlay-type":"","overlay-color":"","overlay-gradient":""},"tablet":{"background-color":"","background-image":"","background-repeat":"repeat","background-position":"center center","background-size":"auto","background-attachment":"scroll","background-type":"","background-media":"","overlay-type":"","overlay-color":"","overlay-gradient":""},"mobile":{"background-color":"","background-image":"","background-repeat":"repeat","background-position":"center center","background-size":"auto","background-attachment":"scroll","background-type":"","background-media":"","overlay-type":"","overlay-color":"","overlay-gradient":""}},"ast-content-background-meta":{"desktop":{"background-color":"var(--ast-global-color-5)","background-image":"","background-repeat":"repeat","background-position":"center center","background-size":"auto","background-attachment":"scroll","background-type":"","background-media":"","overlay-type":"","overlay-color":"","overlay-gradient":""},"tablet":{"background-color":"var(--ast-global-color-5)","background-image":"","background-repeat":"repeat","background-position":"center center","background-size":"auto","background-attachment":"scroll","background-type":"","background-media":"","overlay-type":"","overlay-color":"","overlay-gradient":""},"mobile":{"background-color":"var(--ast-global-color-5)","background-image":"","background-repeat":"repeat","background-position":"center center","background-size":"auto","background-attachment":"scroll","background-type":"","background-media":"","overlay-type":"","overlay-color":"","overlay-gradient":""}},"footnotes":""},"uagb_featured_image_src":{"full":["https:\/\/ibomberdefense.standardof.net\/wp-content\/uploads\/sites\/5\/2020\/10\/iBomber-Defense-Axis-Campaign-14.-Great-Britain-Final-Victory-6.jpg",1280,720,false],"thumbnail":["https:\/\/ibomberdefense.standardof.net\/wp-content\/uploads\/sites\/5\/2020\/10\/iBomber-Defense-Axis-Campaign-14.-Great-Britain-Final-Victory-6-200x113.jpg",200,113,true],"medium":["https:\/\/ibomberdefense.standardof.net\/wp-content\/uploads\/sites\/5\/2020\/10\/iBomber-Defense-Axis-Campaign-14.-Great-Britain-Final-Victory-6-512x288.jpg",512,288,true],"medium_large":["https:\/\/ibomberdefense.standardof.net\/wp-content\/uploads\/sites\/5\/2020\/10\/iBomber-Defense-Axis-Campaign-14.-Great-Britain-Final-Victory-6-768x432.jpg",768,432,true],"large":["https:\/\/ibomberdefense.standardof.net\/wp-content\/uploads\/sites\/5\/2020\/10\/iBomber-Defense-Axis-Campaign-14.-Great-Britain-Final-Victory-6-800x450.jpg",800,450,true],"1536x1536":["https:\/\/ibomberdefense.standardof.net\/wp-content\/uploads\/sites\/5\/2020\/10\/iBomber-Defense-Axis-Campaign-14.-Great-Britain-Final-Victory-6.jpg",1280,720,false],"2048x2048":["https:\/\/ibomberdefense.standardof.net\/wp-content\/uploads\/sites\/5\/2020\/10\/iBomber-Defense-Axis-Campaign-14.-Great-Britain-Final-Victory-6.jpg",1280,720,false],"trp-custom-language-flag":["https:\/\/ibomberdefense.standardof.net\/wp-content\/uploads\/sites\/5\/2020\/10\/iBomber-Defense-Axis-Campaign-14.-Great-Britain-Final-Victory-6-16x9.jpg",16,9,true]},"uagb_author_info":{"display_name":"SOE","author_link":"https:\/\/ibomberdefense.standardof.net\/es\/author\/k-tastic\/"},"uagb_comment_info":0,"uagb_excerpt":"The fourteenth and final mission in the Axis campaign takes you to the wrecked landscape of Great Britain to fend off 50 waves of combined aircraft, naval units, and ground units. Enemies will approach from multiple paths, from every direction except north with naval units arriving at wave 10 and aircraft at wave 21. Turret&hellip;","_links":{"self":[{"href":"https:\/\/ibomberdefense.standardof.net\/es\/wp-json\/wp\/v2\/pages\/349"}],"collection":[{"href":"https:\/\/ibomberdefense.standardof.net\/es\/wp-json\/wp\/v2\/pages"}],"about":[{"href":"https:\/\/ibomberdefense.standardof.net\/es\/wp-json\/wp\/v2\/types\/page"}],"author":[{"embeddable":true,"href":"https:\/\/ibomberdefense.standardof.net\/es\/wp-json\/wp\/v2\/users\/1"}],"replies":[{"embeddable":true,"href":"https:\/\/ibomberdefense.standardof.net\/es\/wp-json\/wp\/v2\/comments?post=349"}],"version-history":[{"count":0,"href":"https:\/\/ibomberdefense.standardof.net\/es\/wp-json\/wp\/v2\/pages\/349\/revisions"}],"up":[{"embeddable":true,"href":"https:\/\/ibomberdefense.standardof.net\/es\/wp-json\/wp\/v2\/pages\/268"}],"wp:featuredmedia":[{"embeddable":true,"href":"https:\/\/ibomberdefense.standardof.net\/es\/wp-json\/wp\/v2\/media\/137"}],"wp:attachment":[{"href":"https:\/\/ibomberdefense.standardof.net\/es\/wp-json\/wp\/v2\/media?parent=349"}],"curies":[{"name":"wp","href":"https:\/\/api.w.org\/{rel}","templated":true}]}}