{"id":156,"date":"2020-10-18T16:15:45","date_gmt":"2020-10-18T16:15:45","guid":{"rendered":"https:\/\/ibomberdefense.standardof.net\/?page_id=156"},"modified":"2020-10-19T08:06:58","modified_gmt":"2020-10-19T08:06:58","slug":"quick-play-and-bonus-levels","status":"publish","type":"page","link":"https:\/\/ibomberdefense.standardof.net\/fr\/guide\/niveaux-de-jeu-rapides-et-bonus\/","title":{"rendered":"Jeu rapide et niveaux de bonus"},"content":{"rendered":"<p>Ce guide continue la proc\u00e9dure pas \u00e0 pas du jeu vid\u00e9o iBomber Defense, couvrant toutes les cartes Quick Play et Bonus Level. Ces guides sont r\u00e9dig\u00e9s pour <strong>V\u00e9t\u00e9ran <\/strong>difficult\u00e9 (la plus difficile) et d\u00e9montrez les m\u00e9thodes utilis\u00e9es pour <strong>Parfait <\/strong>note sur chaque carte. Ces strat\u00e9gies sont destin\u00e9es \u00e0 \u00eatre utilis\u00e9es afin d&#039;obtenir \u00e9galement les m\u00e9dailles Survivor, Base Defender et Turret Guard pour chaque carte, qui se rapportent aux r\u00e9alisations Garde, Survivor et Defender pour le v\u00e9t\u00e9ran et des difficult\u00e9s plus faibles.<\/p>\n\n\n\n<p><strong>Remarque: <\/strong>Bien que j&#039;aie d\u00e9j\u00e0 mentionn\u00e9 le contraire, les missions Quickplay diff\u00e8rent consid\u00e9rablement des missions de campagne en ce sens que vous ferez face \u00e0 des vagues l\u00e9g\u00e8rement diff\u00e9rentes avec des options de tourelles plus limit\u00e9es. Pour cette raison, j&#039;ai d\u00e9cid\u00e9 de continuer le guide pour ces missions. Chaque niveau est li\u00e9 ci-dessous, chacun ayant son propre guide et sa propre page.<\/p>\n\n\n\n<p>** Ce guide et ses sous-sections sont actuellement WIP. Au fur et \u00e0 mesure que les guides de chaque mission sont compl\u00e9t\u00e9s et publi\u00e9s, vous trouverez cette page mise \u00e0 jour avec les liens vers chacune.<\/p>\n\n\n\n<h3 class=\"wp-block-heading\">Niveaux de jeu rapide alli\u00e9s:<\/h3>\n\n\n\n<ol><li><strong><a href=\"https:\/\/ibomberdefense.standardof.net\/fr\/guide\/niveaux-de-jeu-rapides-et-bonus\/allie-europe-occidentale-2\/\" class=\"rank-math-link\">Europe de l&#039;Ouest<\/a><\/strong><\/li><li><strong><a href=\"https:\/\/ibomberdefense.standardof.net\/fr\/guide\/niveaux-de-jeu-rapides-et-bonus\/allie-ouest-mediterraneen-2\/\" class=\"rank-math-link\">M\u00e9diterran\u00e9e occidentale<\/a><\/strong><\/li><li>Afrique du Nord-Ouest<\/li><li>Europe de l&#039;Ouest<\/li><li>Europe du sud-est<\/li><li>M\u00e9diterran\u00e9e orientale<\/li><li>Europe du Sud<\/li><li>Russie occidentale<\/li><li>Europe du Nord-Est<\/li><li>Europe du Nord<\/li><li>Allemagne<\/li><\/ol>\n\n\n\n<h3 class=\"wp-block-heading\">Niveaux de lecture rapide de l&#039;axe:<\/h3>\n\n\n\n<ol><li>Europe du Nord<\/li><li>Russie occidentale<\/li><li>Europe du Nord-Est<\/li><li>Afrique du Nord-Est<\/li><li>Europe du sud-est<\/li><li>M\u00e9diterran\u00e9e orientale<\/li><li>Afrique du Nord-Ouest<\/li><li>Europe du Sud<\/li><li>M\u00e9diterran\u00e9e occidentale<\/li><li>Europe de l&#039;Ouest<\/li><li>Grande Bretagne<\/li><\/ol>\n\n\n\n<h3 class=\"wp-block-heading\">Missions bonus:<\/h3>\n\n\n\n<ol><li>R\u00e9colte am\u00e8re<\/li><li>Parmi les ruines<\/li><\/ol>\n\n\n\n<h3 class=\"wp-block-heading\">Autres guides iBomber Defense:<\/h3>\n\n\n\n<p>Proc\u00e9dure pas \u00e0 pas de la campagne alli\u00e9e<br>Proc\u00e9dure pas \u00e0 pas de la campagne Axis<\/p>","protected":false},"excerpt":{"rendered":"<p>This guide continues the walkthrough of the video game iBomber Defense, covering all of the Quick Play and Bonus Level maps. These guides are written for the Veteran difficulty (hardest) and demonstrate methods used to get a Perfect rating on every single map. These strategies are meant to be used in order to also achieve [&hellip;]<\/p>","protected":false},"author":1,"featured_media":15,"parent":139,"menu_order":3,"comment_status":"closed","ping_status":"closed","template":"","meta":{"_uag_custom_page_level_css":"","site-sidebar-layout":"default","site-content-layout":"default","ast-site-content-layout":"","site-content-style":"default","site-sidebar-style":"default","ast-global-header-display":"","ast-banner-title-visibility":"","ast-main-header-display":"","ast-hfb-above-header-display":"","ast-hfb-below-header-display":"","ast-hfb-mobile-header-display":"","site-post-title":"","ast-breadcrumbs-content":"","ast-featured-img":"","footer-sml-layout":"","theme-transparent-header-meta":"default","adv-header-id-meta":"","stick-header-meta":"","header-above-stick-meta":"","header-main-stick-meta":"","header-below-stick-meta":"","astra-migrate-meta-layouts":"default","ast-page-background-enabled":"default","ast-page-background-meta":{"desktop":{"background-color":"","background-image":"","background-repeat":"repeat","background-position":"center center","background-size":"auto","background-attachment":"scroll","background-type":"","background-media":"","overlay-type":"","overlay-color":"","overlay-gradient":""},"tablet":{"background-color":"","background-image":"","background-repeat":"repeat","background-position":"center center","background-size":"auto","background-attachment":"scroll","background-type":"","background-media":"","overlay-type":"","overlay-color":"","overlay-gradient":""},"mobile":{"background-color":"","background-image":"","background-repeat":"repeat","background-position":"center center","background-size":"auto","background-attachment":"scroll","background-type":"","background-media":"","overlay-type":"","overlay-color":"","overlay-gradient":""}},"ast-content-background-meta":{"desktop":{"background-color":"var(--ast-global-color-5)","background-image":"","background-repeat":"repeat","background-position":"center center","background-size":"auto","background-attachment":"scroll","background-type":"","background-media":"","overlay-type":"","overlay-color":"","overlay-gradient":""},"tablet":{"background-color":"var(--ast-global-color-5)","background-image":"","background-repeat":"repeat","background-position":"center center","background-size":"auto","background-attachment":"scroll","background-type":"","background-media":"","overlay-type":"","overlay-color":"","overlay-gradient":""},"mobile":{"background-color":"var(--ast-global-color-5)","background-image":"","background-repeat":"repeat","background-position":"center center","background-size":"auto","background-attachment":"scroll","background-type":"","background-media":"","overlay-type":"","overlay-color":"","overlay-gradient":""}},"footnotes":""},"uagb_featured_image_src":{"full":["https:\/\/ibomberdefense.standardof.net\/wp-content\/uploads\/sites\/5\/2020\/10\/iBomber-Defense-Header-1.jpg",1020,766,false],"thumbnail":["https:\/\/ibomberdefense.standardof.net\/wp-content\/uploads\/sites\/5\/2020\/10\/iBomber-Defense-Header-1-200x150.jpg",200,150,true],"medium":["https:\/\/ibomberdefense.standardof.net\/wp-content\/uploads\/sites\/5\/2020\/10\/iBomber-Defense-Header-1-512x385.jpg",512,385,true],"medium_large":["https:\/\/ibomberdefense.standardof.net\/wp-content\/uploads\/sites\/5\/2020\/10\/iBomber-Defense-Header-1-768x577.jpg",768,577,true],"large":["https:\/\/ibomberdefense.standardof.net\/wp-content\/uploads\/sites\/5\/2020\/10\/iBomber-Defense-Header-1-800x601.jpg",800,601,true],"1536x1536":["https:\/\/ibomberdefense.standardof.net\/wp-content\/uploads\/sites\/5\/2020\/10\/iBomber-Defense-Header-1.jpg",1020,766,false],"2048x2048":["https:\/\/ibomberdefense.standardof.net\/wp-content\/uploads\/sites\/5\/2020\/10\/iBomber-Defense-Header-1.jpg",1020,766,false],"trp-custom-language-flag":["https:\/\/ibomberdefense.standardof.net\/wp-content\/uploads\/sites\/5\/2020\/10\/iBomber-Defense-Header-1-16x12.jpg",16,12,true]},"uagb_author_info":{"display_name":"SOE","author_link":"https:\/\/ibomberdefense.standardof.net\/fr\/author\/k-tastic\/"},"uagb_comment_info":0,"uagb_excerpt":"This guide continues the walkthrough of the video game iBomber Defense, covering all of the Quick Play and Bonus Level maps. These guides are written for the Veteran difficulty (hardest) and demonstrate methods used to get a Perfect rating on every single map. These strategies are meant to be used in order to also achieve&hellip;","_links":{"self":[{"href":"https:\/\/ibomberdefense.standardof.net\/fr\/wp-json\/wp\/v2\/pages\/156"}],"collection":[{"href":"https:\/\/ibomberdefense.standardof.net\/fr\/wp-json\/wp\/v2\/pages"}],"about":[{"href":"https:\/\/ibomberdefense.standardof.net\/fr\/wp-json\/wp\/v2\/types\/page"}],"author":[{"embeddable":true,"href":"https:\/\/ibomberdefense.standardof.net\/fr\/wp-json\/wp\/v2\/users\/1"}],"replies":[{"embeddable":true,"href":"https:\/\/ibomberdefense.standardof.net\/fr\/wp-json\/wp\/v2\/comments?post=156"}],"version-history":[{"count":0,"href":"https:\/\/ibomberdefense.standardof.net\/fr\/wp-json\/wp\/v2\/pages\/156\/revisions"}],"up":[{"embeddable":true,"href":"https:\/\/ibomberdefense.standardof.net\/fr\/wp-json\/wp\/v2\/pages\/139"}],"wp:featuredmedia":[{"embeddable":true,"href":"https:\/\/ibomberdefense.standardof.net\/fr\/wp-json\/wp\/v2\/media\/15"}],"wp:attachment":[{"href":"https:\/\/ibomberdefense.standardof.net\/fr\/wp-json\/wp\/v2\/media?parent=156"}],"curies":[{"name":"wp","href":"https:\/\/api.w.org\/{rel}","templated":true}]}}