{"id":159,"date":"2020-10-18T16:32:10","date_gmt":"2020-10-18T16:32:10","guid":{"rendered":"https:\/\/ibomberdefense.standardof.net\/?page_id=159"},"modified":"2020-10-19T08:07:04","modified_gmt":"2020-10-19T08:07:04","slug":"allied-western-europe","status":"publish","type":"page","link":"https:\/\/ibomberdefense.standardof.net\/fr\/guide\/niveaux-de-jeu-rapides-et-bonus\/allie-europe-occidentale-2\/","title":{"rendered":"Niveau de jeu rapide alli\u00e9: Europe de l&#039;Ouest"},"content":{"rendered":"<p>Ce guide pas \u00e0 pas couvrira l&#039;Europe de l&#039;Ouest, niveau Allied Quickplay dans le jeu vid\u00e9o iBomber Defense. Vous y trouverez une vid\u00e9o avec des commentaires ainsi que des instructions d\u00e9taill\u00e9es sur la mani\u00e8re et les tourelles \u00e0 placer afin de prot\u00e9ger votre base et d&#039;obtenir une note parfaite avec les trois m\u00e9dailles de ce niveau.<\/p>\n\n\n\n<div class=\"wp-block-image\"><figure class=\"aligncenter size-large\"><a href=\"https:\/\/ibomberdefense.standardof.net\/fr\/guide\/niveaux-de-jeu-rapides-et-bonus\/allie-europe-occidentale-2\/ibomber-defense-allied-quick-play-01-western-europe-1\/\"><img decoding=\"async\" width=\"800\" height=\"500\" src=\"https:\/\/ibomberdefense.standardof.net\/wp-content\/uploads\/sites\/5\/2020\/10\/iBomber-Defense-Allied-Quick-Play-01-Western-Europe-1-800x500.jpg\" alt=\"&quot;iBomber Defense&quot; - Allied Quick Play 01 - Europe de l&#039;Ouest (1)\" class=\"wp-image-7\" title=\"\" srcset=\"https:\/\/ibomberdefense.standardof.net\/wp-content\/uploads\/sites\/5\/2020\/10\/iBomber-Defense-Allied-Quick-Play-01-Western-Europe-1-800x500.jpg 800w, https:\/\/ibomberdefense.standardof.net\/wp-content\/uploads\/sites\/5\/2020\/10\/iBomber-Defense-Allied-Quick-Play-01-Western-Europe-1-512x320.jpg 512w, https:\/\/ibomberdefense.standardof.net\/wp-content\/uploads\/sites\/5\/2020\/10\/iBomber-Defense-Allied-Quick-Play-01-Western-Europe-1-200x125.jpg 200w, https:\/\/ibomberdefense.standardof.net\/wp-content\/uploads\/sites\/5\/2020\/10\/iBomber-Defense-Allied-Quick-Play-01-Western-Europe-1-768x480.jpg 768w, https:\/\/ibomberdefense.standardof.net\/wp-content\/uploads\/sites\/5\/2020\/10\/iBomber-Defense-Allied-Quick-Play-01-Western-Europe-1-16x10.jpg 16w, https:\/\/ibomberdefense.standardof.net\/wp-content\/uploads\/sites\/5\/2020\/10\/iBomber-Defense-Allied-Quick-Play-01-Western-Europe-1.jpg 1280w\" sizes=\"(max-width: 800px) 100vw, 800px\" \/><\/a><figcaption>Direction des forces ennemies.<\/figcaption><\/figure><\/div>\n\n\n\n<p>Dans cette revisite de la carte d&#039;ouverture, simple, vous ferez face \u00e0 un assaut mixte d&#039;unit\u00e9s terrestres, principalement de l&#039;infanterie et des v\u00e9hicules l\u00e9gers, pendant 20 vagues. Comme la version campagne, il y a deux routes qui viennent du haut de la carte, qui convergent vers un seul chemin menant vers votre base. La strat\u00e9gie optimale ici sera de concentrer le placement de la tourelle le long de ce chemin converg\u00e9, en ignorant les itin\u00e9raires divis\u00e9s pour maximiser l&#039;utilisation de chaque dollar d\u00e9pens\u00e9.<\/p>\n\n\n\n<h3 class=\"wp-block-heading\"><strong>D\u00e9penses en points de victoire:<\/strong><\/h3>\n\n\n\n<p>Vous n&#039;aurez qu&#039;un seul point \u00e0 d\u00e9penser pour les am\u00e9liorations de vos tourelles, avec le niveau 2 de Canon et de mitrailleuse d\u00e9j\u00e0 donn\u00e9, ainsi que le niveau un AA (inutilis\u00e9). Prenez le point disponible et d\u00e9pensez-le sur les tours de communication de niveau un.<\/p>\n\n\n\n<h3 class=\"wp-block-heading\"><strong>Placement de la tourelle:<\/strong><\/h3>\n\n\n\n<p>Les premi\u00e8res vagues seront assez l\u00e9g\u00e8res, alors concentrez-vous sur la construction et la mise \u00e0 niveau compl\u00e8te d&#039;une paire de mitrailleuses le long du chemin converg\u00e9<strong>,<\/strong> avant son premier virage au sud. Placez une troisi\u00e8me tourelle de mitrailleuse autour de la vague 7 \u00e0 l&#039;entr\u00e9e de votre base, avec un peu de distance entre elle et le b\u00e2timent lui-m\u00eame pour aider \u00e0 couvrir les fuites potentielles. Le d\u00e9but de la vague 10 devrait entra\u00eener une tourelle Cannon plac\u00e9e \u00e0 proximit\u00e9 des deux premiers canons, cet endroit \u00e9tant appel\u00e9 le groupe de d\u00e9fense principal. Assurez-vous que le groupe principal est regroup\u00e9 de sorte que lorsque vous placez une tour de communication plus tard, ils seront tous mis \u00e0 niveau avec son boost.<\/p>\n\n\n\n<p>La vague 11 devrait \u00eatre l&#039;heure de la tour de communication, plac\u00e9e comme mentionn\u00e9 ci-dessus. En plus d&#039;\u00e9conomiser \u00e9ventuellement 50$ pour mettre \u00e0 niveau votre canon au niveau 2 vers la vague 17, le reste de votre argent peut servir \u00e0 placer plus de tourelles de mitrailleuses dans le groupe de d\u00e9fense frontale. Si quelque chose r\u00e9ussit, vous pouvez \u00e9ventuellement mettre \u00e0 niveau votre tour de protection contre les fuites, mais j&#039;ai trouv\u00e9 inutile de le faire. N&#039;essayez pas d&#039;\u00e9conomiser trop d&#039;argent car vous devrez en d\u00e9penser la majeure partie pour suivre les vagues.<\/p>\n\n\n\n<figure class=\"wp-block-gallery columns-2 is-cropped wp-block-gallery-1 is-layout-flex wp-block-gallery-is-layout-flex\"><ul class=\"blocks-gallery-grid\"><li class=\"blocks-gallery-item\"><figure><a href=\"https:\/\/ibomberdefense.standardof.net\/fr\/guide\/niveaux-de-jeu-rapides-et-bonus\/allie-europe-occidentale-2\/ibomber-defense-allied-quick-play-01-western-europe-2\/\"><img decoding=\"async\" width=\"800\" height=\"500\" src=\"https:\/\/ibomberdefense.standardof.net\/wp-content\/uploads\/sites\/5\/2020\/10\/iBomber-Defense-Allied-Quick-Play-01-Western-Europe-2-800x500.jpg\" alt=\"&quot;iBomber Defense&quot; - Allied Quick Play 01 - Europe de l&#039;Ouest (2)\" data-id=\"8\" data-full-url=\"https:\/\/ibomberdefense.standardof.net\/wp-content\/uploads\/sites\/5\/2020\/10\/iBomber-Defense-Allied-Quick-Play-01-Western-Europe-2.jpg\" data-link=\"https:\/\/ibomberdefense.standardof.net\/guide\/quick-play-and-bonus-levels\/allied-western-europe\/ibomber-defense-allied-quick-play-01-western-europe-2\/\" class=\"wp-image-8\" title=\"\" srcset=\"https:\/\/ibomberdefense.standardof.net\/wp-content\/uploads\/sites\/5\/2020\/10\/iBomber-Defense-Allied-Quick-Play-01-Western-Europe-2-800x500.jpg 800w, https:\/\/ibomberdefense.standardof.net\/wp-content\/uploads\/sites\/5\/2020\/10\/iBomber-Defense-Allied-Quick-Play-01-Western-Europe-2-512x320.jpg 512w, https:\/\/ibomberdefense.standardof.net\/wp-content\/uploads\/sites\/5\/2020\/10\/iBomber-Defense-Allied-Quick-Play-01-Western-Europe-2-200x125.jpg 200w, https:\/\/ibomberdefense.standardof.net\/wp-content\/uploads\/sites\/5\/2020\/10\/iBomber-Defense-Allied-Quick-Play-01-Western-Europe-2-768x480.jpg 768w, https:\/\/ibomberdefense.standardof.net\/wp-content\/uploads\/sites\/5\/2020\/10\/iBomber-Defense-Allied-Quick-Play-01-Western-Europe-2-16x10.jpg 16w, https:\/\/ibomberdefense.standardof.net\/wp-content\/uploads\/sites\/5\/2020\/10\/iBomber-Defense-Allied-Quick-Play-01-Western-Europe-2.jpg 1280w\" sizes=\"(max-width: 800px) 100vw, 800px\" \/><\/a><figcaption class=\"blocks-gallery-item__caption\">Placement de la tourelle Wave 10.<\/figcaption><\/figure><\/li><li class=\"blocks-gallery-item\"><figure><a href=\"https:\/\/ibomberdefense.standardof.net\/fr\/guide\/niveaux-de-jeu-rapides-et-bonus\/allie-europe-occidentale-2\/ibomber-defense-allied-quick-play-01-western-europe-3\/\"><img decoding=\"async\" width=\"800\" height=\"500\" src=\"https:\/\/ibomberdefense.standardof.net\/wp-content\/uploads\/sites\/5\/2020\/10\/iBomber-Defense-Allied-Quick-Play-01-Western-Europe-3-800x500.jpg\" alt=\"&quot;iBomber Defense&quot; - Allied Quick Play 01 - Europe de l&#039;Ouest (3)\" data-id=\"9\" data-full-url=\"https:\/\/ibomberdefense.standardof.net\/wp-content\/uploads\/sites\/5\/2020\/10\/iBomber-Defense-Allied-Quick-Play-01-Western-Europe-3.jpg\" data-link=\"https:\/\/ibomberdefense.standardof.net\/guide\/quick-play-and-bonus-levels\/allied-western-europe\/ibomber-defense-allied-quick-play-01-western-europe-3\/\" class=\"wp-image-9\" title=\"\" srcset=\"https:\/\/ibomberdefense.standardof.net\/wp-content\/uploads\/sites\/5\/2020\/10\/iBomber-Defense-Allied-Quick-Play-01-Western-Europe-3-800x500.jpg 800w, https:\/\/ibomberdefense.standardof.net\/wp-content\/uploads\/sites\/5\/2020\/10\/iBomber-Defense-Allied-Quick-Play-01-Western-Europe-3-512x320.jpg 512w, https:\/\/ibomberdefense.standardof.net\/wp-content\/uploads\/sites\/5\/2020\/10\/iBomber-Defense-Allied-Quick-Play-01-Western-Europe-3-200x125.jpg 200w, https:\/\/ibomberdefense.standardof.net\/wp-content\/uploads\/sites\/5\/2020\/10\/iBomber-Defense-Allied-Quick-Play-01-Western-Europe-3-768x480.jpg 768w, https:\/\/ibomberdefense.standardof.net\/wp-content\/uploads\/sites\/5\/2020\/10\/iBomber-Defense-Allied-Quick-Play-01-Western-Europe-3-16x10.jpg 16w, https:\/\/ibomberdefense.standardof.net\/wp-content\/uploads\/sites\/5\/2020\/10\/iBomber-Defense-Allied-Quick-Play-01-Western-Europe-3.jpg 1280w\" sizes=\"(max-width: 800px) 100vw, 800px\" \/><\/a><figcaption class=\"blocks-gallery-item__caption\">Placement de la tourelle Wave 20.<\/figcaption><\/figure><\/li><\/ul><\/figure>\n\n\n\n<hr class=\"wp-block-separator\"\/>\n\n\n\n<h4 class=\"has-text-align-center wp-block-heading\">Guide vid\u00e9o<\/h4>\n\n\n\n<figure class=\"wp-block-embed-youtube wp-block-embed is-type-video is-provider-youtube wp-embed-aspect-4-3 wp-has-aspect-ratio\"><div class=\"wp-block-embed__wrapper\">\n<div class=\"ast-oembed-container\" style=\"height: 100%;\"><iframe title=\"iBomber Defense - Europe de l&#039;Ouest - Mode Quickplay - V\u00e9t\u00e9ran + Parfait\" width=\"500\" height=\"375\" src=\"https:\/\/www.youtube.com\/embed\/NHkoyBFki8k?feature=oembed\" frameborder=\"0\" allow=\"accelerometer; autoplay; clipboard-write; encrypted-media; gyroscope; picture-in-picture; web-share\" referrerpolicy=\"strict-origin-when-cross-origin\" allowfullscreen><\/iframe><\/div>\n<\/div><\/figure>","protected":false},"excerpt":{"rendered":"<p>This walkthrough guide will cover the Western Europe, Allied Quickplay level in the video game iBomber Defense. Within you will find a video playthrough with commentary along with detailed instructions on how and what turrets to place in order to protect your base and achieve a perfect rating along with all three medals in this [&hellip;]<\/p>","protected":false},"author":1,"featured_media":18,"parent":156,"menu_order":1,"comment_status":"open","ping_status":"closed","template":"","meta":{"_uag_custom_page_level_css":"","site-sidebar-layout":"default","site-content-layout":"default","ast-site-content-layout":"","site-content-style":"default","site-sidebar-style":"default","ast-global-header-display":"","ast-banner-title-visibility":"","ast-main-header-display":"","ast-hfb-above-header-display":"","ast-hfb-below-header-display":"","ast-hfb-mobile-header-display":"","site-post-title":"","ast-breadcrumbs-content":"","ast-featured-img":"","footer-sml-layout":"","theme-transparent-header-meta":"default","adv-header-id-meta":"","stick-header-meta":"","header-above-stick-meta":"","header-main-stick-meta":"","header-below-stick-meta":"","astra-migrate-meta-layouts":"default","ast-page-background-enabled":"default","ast-page-background-meta":{"desktop":{"background-color":"","background-image":"","background-repeat":"repeat","background-position":"center center","background-size":"auto","background-attachment":"scroll","background-type":"","background-media":"","overlay-type":"","overlay-color":"","overlay-gradient":""},"tablet":{"background-color":"","background-image":"","background-repeat":"repeat","background-position":"center center","background-size":"auto","background-attachment":"scroll","background-type":"","background-media":"","overlay-type":"","overlay-color":"","overlay-gradient":""},"mobile":{"background-color":"","background-image":"","background-repeat":"repeat","background-position":"center center","background-size":"auto","background-attachment":"scroll","background-type":"","background-media":"","overlay-type":"","overlay-color":"","overlay-gradient":""}},"ast-content-background-meta":{"desktop":{"background-color":"var(--ast-global-color-5)","background-image":"","background-repeat":"repeat","background-position":"center center","background-size":"auto","background-attachment":"scroll","background-type":"","background-media":"","overlay-type":"","overlay-color":"","overlay-gradient":""},"tablet":{"background-color":"var(--ast-global-color-5)","background-image":"","background-repeat":"repeat","background-position":"center center","background-size":"auto","background-attachment":"scroll","background-type":"","background-media":"","overlay-type":"","overlay-color":"","overlay-gradient":""},"mobile":{"background-color":"var(--ast-global-color-5)","background-image":"","background-repeat":"repeat","background-position":"center center","background-size":"auto","background-attachment":"scroll","background-type":"","background-media":"","overlay-type":"","overlay-color":"","overlay-gradient":""}},"footnotes":""},"uagb_featured_image_src":{"full":["https:\/\/ibomberdefense.standardof.net\/wp-content\/uploads\/sites\/5\/2020\/10\/iBomber-Defense-Level-1-Western-Europe-The-Fight-Starts-Here-2.jpg",1280,720,false],"thumbnail":["https:\/\/ibomberdefense.standardof.net\/wp-content\/uploads\/sites\/5\/2020\/10\/iBomber-Defense-Level-1-Western-Europe-The-Fight-Starts-Here-2-200x113.jpg",200,113,true],"medium":["https:\/\/ibomberdefense.standardof.net\/wp-content\/uploads\/sites\/5\/2020\/10\/iBomber-Defense-Level-1-Western-Europe-The-Fight-Starts-Here-2-512x288.jpg",512,288,true],"medium_large":["https:\/\/ibomberdefense.standardof.net\/wp-content\/uploads\/sites\/5\/2020\/10\/iBomber-Defense-Level-1-Western-Europe-The-Fight-Starts-Here-2-768x432.jpg",768,432,true],"large":["https:\/\/ibomberdefense.standardof.net\/wp-content\/uploads\/sites\/5\/2020\/10\/iBomber-Defense-Level-1-Western-Europe-The-Fight-Starts-Here-2-800x450.jpg",800,450,true],"1536x1536":["https:\/\/ibomberdefense.standardof.net\/wp-content\/uploads\/sites\/5\/2020\/10\/iBomber-Defense-Level-1-Western-Europe-The-Fight-Starts-Here-2.jpg",1280,720,false],"2048x2048":["https:\/\/ibomberdefense.standardof.net\/wp-content\/uploads\/sites\/5\/2020\/10\/iBomber-Defense-Level-1-Western-Europe-The-Fight-Starts-Here-2.jpg",1280,720,false],"trp-custom-language-flag":["https:\/\/ibomberdefense.standardof.net\/wp-content\/uploads\/sites\/5\/2020\/10\/iBomber-Defense-Level-1-Western-Europe-The-Fight-Starts-Here-2-16x9.jpg",16,9,true]},"uagb_author_info":{"display_name":"SOE","author_link":"https:\/\/ibomberdefense.standardof.net\/fr\/author\/k-tastic\/"},"uagb_comment_info":0,"uagb_excerpt":"This walkthrough guide will cover the Western Europe, Allied Quickplay level in the video game iBomber Defense. Within you will find a video playthrough with commentary along with detailed instructions on how and what turrets to place in order to protect your base and achieve a perfect rating along with all three medals in this&hellip;","_links":{"self":[{"href":"https:\/\/ibomberdefense.standardof.net\/fr\/wp-json\/wp\/v2\/pages\/159"}],"collection":[{"href":"https:\/\/ibomberdefense.standardof.net\/fr\/wp-json\/wp\/v2\/pages"}],"about":[{"href":"https:\/\/ibomberdefense.standardof.net\/fr\/wp-json\/wp\/v2\/types\/page"}],"author":[{"embeddable":true,"href":"https:\/\/ibomberdefense.standardof.net\/fr\/wp-json\/wp\/v2\/users\/1"}],"replies":[{"embeddable":true,"href":"https:\/\/ibomberdefense.standardof.net\/fr\/wp-json\/wp\/v2\/comments?post=159"}],"version-history":[{"count":0,"href":"https:\/\/ibomberdefense.standardof.net\/fr\/wp-json\/wp\/v2\/pages\/159\/revisions"}],"up":[{"embeddable":true,"href":"https:\/\/ibomberdefense.standardof.net\/fr\/wp-json\/wp\/v2\/pages\/156"}],"wp:featuredmedia":[{"embeddable":true,"href":"https:\/\/ibomberdefense.standardof.net\/fr\/wp-json\/wp\/v2\/media\/18"}],"wp:attachment":[{"href":"https:\/\/ibomberdefense.standardof.net\/fr\/wp-json\/wp\/v2\/media?parent=159"}],"curies":[{"name":"wp","href":"https:\/\/api.w.org\/{rel}","templated":true}]}}