{"id":262,"date":"2020-10-19T05:24:17","date_gmt":"2020-10-19T05:24:17","guid":{"rendered":"https:\/\/ibomberdefense.standardof.net\/?page_id=262"},"modified":"2020-10-19T08:07:07","modified_gmt":"2020-10-19T08:07:07","slug":"allied-western-mediterranean","status":"publish","type":"page","link":"https:\/\/ibomberdefense.standardof.net\/fr\/guide\/niveaux-de-jeu-rapides-et-bonus\/allie-ouest-mediterraneen-2\/","title":{"rendered":"Niveau de jeu rapide alli\u00e9: M\u00e9diterran\u00e9e occidentale"},"content":{"rendered":"<p>Ce guide pas \u00e0 pas couvrira le niveau de jeu rapide alli\u00e9 de la M\u00e9diterran\u00e9e occidentale dans le jeu vid\u00e9o iBomber Defense. Vous y trouverez une vid\u00e9o avec des commentaires ainsi que des instructions d\u00e9taill\u00e9es sur la mani\u00e8re et les tourelles \u00e0 placer afin de prot\u00e9ger votre base et d&#039;obtenir une note parfaite avec les trois m\u00e9dailles de ce niveau.<\/p>\n\n\n\n<div class=\"wp-block-image\"><figure class=\"aligncenter size-large\"><a href=\"https:\/\/ibomberdefense.standardof.net\/fr\/guide\/niveaux-de-jeu-rapides-et-bonus\/allie-ouest-mediterraneen-2\/ibomber-defense-allied-quick-play-02-western-mediterranean-1\/\"><img decoding=\"async\" width=\"800\" height=\"500\" src=\"https:\/\/ibomberdefense.standardof.net\/wp-content\/uploads\/sites\/5\/2020\/10\/iBomber-Defense-Allied-Quick-Play-02-Western-Mediterranean-1-800x500.jpg\" alt=\"&quot;iBomber Defense&quot; - Jeu rapide alli\u00e9 02 - M\u00e9diterran\u00e9e occidentale (1)\" class=\"wp-image-10\" title=\"\" srcset=\"https:\/\/ibomberdefense.standardof.net\/wp-content\/uploads\/sites\/5\/2020\/10\/iBomber-Defense-Allied-Quick-Play-02-Western-Mediterranean-1-800x500.jpg 800w, https:\/\/ibomberdefense.standardof.net\/wp-content\/uploads\/sites\/5\/2020\/10\/iBomber-Defense-Allied-Quick-Play-02-Western-Mediterranean-1-512x320.jpg 512w, https:\/\/ibomberdefense.standardof.net\/wp-content\/uploads\/sites\/5\/2020\/10\/iBomber-Defense-Allied-Quick-Play-02-Western-Mediterranean-1-200x125.jpg 200w, https:\/\/ibomberdefense.standardof.net\/wp-content\/uploads\/sites\/5\/2020\/10\/iBomber-Defense-Allied-Quick-Play-02-Western-Mediterranean-1-768x480.jpg 768w, https:\/\/ibomberdefense.standardof.net\/wp-content\/uploads\/sites\/5\/2020\/10\/iBomber-Defense-Allied-Quick-Play-02-Western-Mediterranean-1-16x10.jpg 16w, https:\/\/ibomberdefense.standardof.net\/wp-content\/uploads\/sites\/5\/2020\/10\/iBomber-Defense-Allied-Quick-Play-02-Western-Mediterranean-1.jpg 1280w\" sizes=\"(max-width: 800px) 100vw, 800px\" \/><\/a><figcaption>Le chemin que suivront les unit\u00e9s ennemies en M\u00e9diterran\u00e9e occidentale.<\/figcaption><\/figure><\/div>\n\n\n\n<p>Une autre mission simple de jeu rapide, dans la version alli\u00e9e de la M\u00e9diterran\u00e9e occidentale, vous ferez face \u00e0 une s\u00e9rie d&#039;unit\u00e9s navales mixtes uniquement, qui traversent un trio d&#039;\u00eeles espac\u00e9es entre certaines p\u00e9ninsules continentales, voyageant du sud-ouest au nord-est. Cette mission se concentrera sur la qualit\u00e9 des tourelles et le placement sur la quantit\u00e9 car l&#039;utilisation des quelques positions de tir optimales sera la cl\u00e9 ici.<\/p>\n\n\n\n<h3 class=\"wp-block-heading\">D\u00e9penses en points de victoire:<\/h3>\n\n\n\n<p>Un seul point \u00e0 d\u00e9penser, il devrait \u00eatre consacr\u00e9 \u00e0 la mise \u00e0 niveau des tourelles de mitrailleuses pour d\u00e9bloquer le niveau trois, ce qui sera une aide significative dans cette mission.<\/p>\n\n\n\n<div class=\"wp-block-image\"><figure class=\"aligncenter size-large\"><a href=\"https:\/\/ibomberdefense.standardof.net\/fr\/guide\/niveaux-de-jeu-rapides-et-bonus\/allie-ouest-mediterraneen-2\/ibomber-defense-allied-quick-play-02-western-mediterranean-2\/\"><img decoding=\"async\" width=\"800\" height=\"500\" src=\"https:\/\/ibomberdefense.standardof.net\/wp-content\/uploads\/sites\/5\/2020\/10\/iBomber-Defense-Allied-Quick-Play-02-Western-Mediterranean-2-800x500.jpg\" alt=\"&quot;iBomber Defense&quot; - Jeu rapide alli\u00e9 02 - M\u00e9diterran\u00e9e occidentale (2)\" class=\"wp-image-11\" title=\"\" srcset=\"https:\/\/ibomberdefense.standardof.net\/wp-content\/uploads\/sites\/5\/2020\/10\/iBomber-Defense-Allied-Quick-Play-02-Western-Mediterranean-2-800x500.jpg 800w, https:\/\/ibomberdefense.standardof.net\/wp-content\/uploads\/sites\/5\/2020\/10\/iBomber-Defense-Allied-Quick-Play-02-Western-Mediterranean-2-512x320.jpg 512w, https:\/\/ibomberdefense.standardof.net\/wp-content\/uploads\/sites\/5\/2020\/10\/iBomber-Defense-Allied-Quick-Play-02-Western-Mediterranean-2-200x125.jpg 200w, https:\/\/ibomberdefense.standardof.net\/wp-content\/uploads\/sites\/5\/2020\/10\/iBomber-Defense-Allied-Quick-Play-02-Western-Mediterranean-2-768x480.jpg 768w, https:\/\/ibomberdefense.standardof.net\/wp-content\/uploads\/sites\/5\/2020\/10\/iBomber-Defense-Allied-Quick-Play-02-Western-Mediterranean-2-16x10.jpg 16w, https:\/\/ibomberdefense.standardof.net\/wp-content\/uploads\/sites\/5\/2020\/10\/iBomber-Defense-Allied-Quick-Play-02-Western-Mediterranean-2.jpg 1280w\" sizes=\"(max-width: 800px) 100vw, 800px\" \/><\/a><figcaption>Guide de placement de la tourelle.<\/figcaption><\/figure><\/div>\n\n\n\n<h3 class=\"wp-block-heading\">Placement de la tourelle<\/h3>\n\n\n\n<p>Aux fins du guide de cette mission, je vais adopter une approche l\u00e9g\u00e8rement diff\u00e9rente de la normale, puisque la strat\u00e9gie utilis\u00e9e ne g\u00e8re qu&#039;une poign\u00e9e de tourelles plac\u00e9es \u00e0 des endroits strat\u00e9giques, je vais passer en revue un guide de placement \u00e9tape par \u00e9tape pour chaque tourelle individuellement et elles vague sur laquelle ils sont plac\u00e9s. Assurez-vous de vous r\u00e9f\u00e9rer \u00e0 la deuxi\u00e8me image \u00e0 droite pour les emplacements appropri\u00e9s des points auxquels il est fait r\u00e9f\u00e9rence.<\/p>\n\n\n\n<p>Vague 1: Commencez par construire et mettre \u00e0 niveau compl\u00e8tement une mitrailleuse au niveau 3, plac\u00e9e au point <strong>UNE<\/strong>, qui est la petite \u00eele \u00e0 un seul endroit pr\u00e8s de l&#039;endroit o\u00f9 les navires entrent sur la carte. Gardez un \u0153il sur cette tourelle tout au long du niveau car vous devrez \u00e9ventuellement la r\u00e9parer vers la fin.<\/p>\n\n\n\n<p>Fin de la vague 4: placez une tourelle MG de niveau 1 au point <strong>B<\/strong>, sur la p\u00e9ninsule continentale \u00e0 l&#039;endroit qui d\u00e9passe dans l&#039;eau, le plus \u00e0 l&#039;ouest. Passez au niveau 2 \u00e0 la vague 6 et au niveau 3 \u00e0 la fin de la vague 8.<\/p>\n\n\n\n<p>Vague 9: Placez votre troisi\u00e8me et derni\u00e8re mitrailleuse au point <strong>r\u00e9<\/strong> sur le point le plus au sud de l&#039;\u00eele du nord. Passez au niveau 2 \u00e0 la vague 10.<\/p>\n\n\n\n<p>Fin de la vague 13: Placez votre premi\u00e8re tourelle Cannon au point <strong>C<\/strong> sur la p\u00e9ninsule sud, 2 cases \u00e0 droite et une case en haut de la mitrailleuse sur le m\u00eame terrain que vous avez construit plus t\u00f4t.<\/p>\n\n\n\n<p>Vague 16: Am\u00e9liorez le point <strong>r\u00e9<\/strong> Tourelle MG \u00e0 son niveau final (3).<\/p>\n\n\n\n<p>Vague 17: Construisez un deuxi\u00e8me canon au point <strong>E<\/strong> qui est un carr\u00e9 au nord-est du point le point <strong>r\u00e9<\/strong> mitrailleuse que vous venez de mettre \u00e0 niveau.<\/p>\n\n\n\n<p>\u00c0 partir de maintenant, mettez \u00e0 niveau votre premier canon au point C au niveau 2 lorsque vous en avez l&#039;occasion et v\u00e9rifiez vos tourelles de plomb pour toutes les r\u00e9parations dont elles pourraient avoir besoin. Cela devrait \u00eatre une enveloppe avec ce que vous avez maintenant.<\/p>\n\n\n\n<figure class=\"wp-block-gallery columns-2 is-cropped wp-block-gallery-1 is-layout-flex wp-block-gallery-is-layout-flex\"><ul class=\"blocks-gallery-grid\"><li class=\"blocks-gallery-item\"><figure><a href=\"https:\/\/ibomberdefense.standardof.net\/fr\/guide\/niveaux-de-jeu-rapides-et-bonus\/allie-ouest-mediterraneen-2\/ibomber-defense-allied-quick-play-02-western-mediterranean-3\/\"><img decoding=\"async\" width=\"800\" height=\"500\" src=\"https:\/\/ibomberdefense.standardof.net\/wp-content\/uploads\/sites\/5\/2020\/10\/iBomber-Defense-Allied-Quick-Play-02-Western-Mediterranean-3-800x500.jpg\" alt=\"&quot;iBomber Defense&quot; - Jeu rapide alli\u00e9 02 - M\u00e9diterran\u00e9e occidentale (3)\" data-id=\"12\" data-full-url=\"https:\/\/ibomberdefense.standardof.net\/wp-content\/uploads\/sites\/5\/2020\/10\/iBomber-Defense-Allied-Quick-Play-02-Western-Mediterranean-3.jpg\" data-link=\"https:\/\/ibomberdefense.standardof.net\/guide\/quick-play-and-bonus-levels\/allied-western-mediterranean\/ibomber-defense-allied-quick-play-02-western-mediterranean-3\/\" class=\"wp-image-12\" title=\"\" srcset=\"https:\/\/ibomberdefense.standardof.net\/wp-content\/uploads\/sites\/5\/2020\/10\/iBomber-Defense-Allied-Quick-Play-02-Western-Mediterranean-3-800x500.jpg 800w, https:\/\/ibomberdefense.standardof.net\/wp-content\/uploads\/sites\/5\/2020\/10\/iBomber-Defense-Allied-Quick-Play-02-Western-Mediterranean-3-512x320.jpg 512w, https:\/\/ibomberdefense.standardof.net\/wp-content\/uploads\/sites\/5\/2020\/10\/iBomber-Defense-Allied-Quick-Play-02-Western-Mediterranean-3-200x125.jpg 200w, https:\/\/ibomberdefense.standardof.net\/wp-content\/uploads\/sites\/5\/2020\/10\/iBomber-Defense-Allied-Quick-Play-02-Western-Mediterranean-3-768x480.jpg 768w, https:\/\/ibomberdefense.standardof.net\/wp-content\/uploads\/sites\/5\/2020\/10\/iBomber-Defense-Allied-Quick-Play-02-Western-Mediterranean-3-16x10.jpg 16w, https:\/\/ibomberdefense.standardof.net\/wp-content\/uploads\/sites\/5\/2020\/10\/iBomber-Defense-Allied-Quick-Play-02-Western-Mediterranean-3.jpg 1280w\" sizes=\"(max-width: 800px) 100vw, 800px\" \/><\/a><figcaption class=\"blocks-gallery-item__caption\">Placement de la tourelle Wave 10.<\/figcaption><\/figure><\/li><li class=\"blocks-gallery-item\"><figure><a href=\"https:\/\/ibomberdefense.standardof.net\/fr\/guide\/niveaux-de-jeu-rapides-et-bonus\/allie-ouest-mediterraneen-2\/ibomber-defense-allied-quick-play-02-western-mediterranean-4\/\"><img decoding=\"async\" width=\"800\" height=\"500\" src=\"https:\/\/ibomberdefense.standardof.net\/wp-content\/uploads\/sites\/5\/2020\/10\/iBomber-Defense-Allied-Quick-Play-02-Western-Mediterranean-4-800x500.jpg\" alt=\"&quot;iBomber Defense&quot; - Jeu rapide alli\u00e9 02 - M\u00e9diterran\u00e9e occidentale (4)\" data-id=\"13\" data-full-url=\"https:\/\/ibomberdefense.standardof.net\/wp-content\/uploads\/sites\/5\/2020\/10\/iBomber-Defense-Allied-Quick-Play-02-Western-Mediterranean-4.jpg\" data-link=\"https:\/\/ibomberdefense.standardof.net\/guide\/quick-play-and-bonus-levels\/allied-western-mediterranean\/ibomber-defense-allied-quick-play-02-western-mediterranean-4\/\" class=\"wp-image-13\" title=\"\" srcset=\"https:\/\/ibomberdefense.standardof.net\/wp-content\/uploads\/sites\/5\/2020\/10\/iBomber-Defense-Allied-Quick-Play-02-Western-Mediterranean-4-800x500.jpg 800w, https:\/\/ibomberdefense.standardof.net\/wp-content\/uploads\/sites\/5\/2020\/10\/iBomber-Defense-Allied-Quick-Play-02-Western-Mediterranean-4-512x320.jpg 512w, https:\/\/ibomberdefense.standardof.net\/wp-content\/uploads\/sites\/5\/2020\/10\/iBomber-Defense-Allied-Quick-Play-02-Western-Mediterranean-4-200x125.jpg 200w, https:\/\/ibomberdefense.standardof.net\/wp-content\/uploads\/sites\/5\/2020\/10\/iBomber-Defense-Allied-Quick-Play-02-Western-Mediterranean-4-768x480.jpg 768w, https:\/\/ibomberdefense.standardof.net\/wp-content\/uploads\/sites\/5\/2020\/10\/iBomber-Defense-Allied-Quick-Play-02-Western-Mediterranean-4-16x10.jpg 16w, https:\/\/ibomberdefense.standardof.net\/wp-content\/uploads\/sites\/5\/2020\/10\/iBomber-Defense-Allied-Quick-Play-02-Western-Mediterranean-4.jpg 1280w\" sizes=\"(max-width: 800px) 100vw, 800px\" \/><\/a><figcaption class=\"blocks-gallery-item__caption\">Vague 20.<\/figcaption><\/figure><\/li><\/ul><\/figure>\n\n\n\n<hr class=\"wp-block-separator\"\/>\n\n\n\n<h4 class=\"has-text-align-center wp-block-heading\">Guide vid\u00e9o<\/h4>\n\n\n\n<figure class=\"wp-block-embed-youtube wp-block-embed is-type-video is-provider-youtube wp-embed-aspect-4-3 wp-has-aspect-ratio\"><div class=\"wp-block-embed__wrapper\">\n<div class=\"ast-oembed-container\" style=\"height: 100%;\"><iframe title=\"iBomber Defense - M\u00e9diterran\u00e9e occidentale - Mode de jeu rapide - V\u00e9t\u00e9ran + Parfait\" width=\"500\" height=\"375\" src=\"https:\/\/www.youtube.com\/embed\/9nyuZG1F55g?feature=oembed\" frameborder=\"0\" allow=\"accelerometer; autoplay; clipboard-write; encrypted-media; gyroscope; picture-in-picture; web-share\" referrerpolicy=\"strict-origin-when-cross-origin\" allowfullscreen><\/iframe><\/div>\n<\/div><\/figure>","protected":false},"excerpt":{"rendered":"<p>This walkthrough guide will cover the Western Mediterranean, Allied Quick Play level in the video game iBomber Defense. Within you will find a video playthrough with commentary along with detailed instructions on how and what turrets to place in order to protect your base and achieve a perfect rating along with all three medals in [&hellip;]<\/p>","protected":false},"author":1,"featured_media":13,"parent":156,"menu_order":2,"comment_status":"open","ping_status":"closed","template":"","meta":{"_uag_custom_page_level_css":"","site-sidebar-layout":"default","site-content-layout":"default","ast-site-content-layout":"","site-content-style":"default","site-sidebar-style":"default","ast-global-header-display":"","ast-banner-title-visibility":"","ast-main-header-display":"","ast-hfb-above-header-display":"","ast-hfb-below-header-display":"","ast-hfb-mobile-header-display":"","site-post-title":"","ast-breadcrumbs-content":"","ast-featured-img":"","footer-sml-layout":"","theme-transparent-header-meta":"default","adv-header-id-meta":"","stick-header-meta":"","header-above-stick-meta":"","header-main-stick-meta":"","header-below-stick-meta":"","astra-migrate-meta-layouts":"default","ast-page-background-enabled":"default","ast-page-background-meta":{"desktop":{"background-color":"","background-image":"","background-repeat":"repeat","background-position":"center center","background-size":"auto","background-attachment":"scroll","background-type":"","background-media":"","overlay-type":"","overlay-color":"","overlay-gradient":""},"tablet":{"background-color":"","background-image":"","background-repeat":"repeat","background-position":"center center","background-size":"auto","background-attachment":"scroll","background-type":"","background-media":"","overlay-type":"","overlay-color":"","overlay-gradient":""},"mobile":{"background-color":"","background-image":"","background-repeat":"repeat","background-position":"center center","background-size":"auto","background-attachment":"scroll","background-type":"","background-media":"","overlay-type":"","overlay-color":"","overlay-gradient":""}},"ast-content-background-meta":{"desktop":{"background-color":"var(--ast-global-color-5)","background-image":"","background-repeat":"repeat","background-position":"center center","background-size":"auto","background-attachment":"scroll","background-type":"","background-media":"","overlay-type":"","overlay-color":"","overlay-gradient":""},"tablet":{"background-color":"var(--ast-global-color-5)","background-image":"","background-repeat":"repeat","background-position":"center center","background-size":"auto","background-attachment":"scroll","background-type":"","background-media":"","overlay-type":"","overlay-color":"","overlay-gradient":""},"mobile":{"background-color":"var(--ast-global-color-5)","background-image":"","background-repeat":"repeat","background-position":"center center","background-size":"auto","background-attachment":"scroll","background-type":"","background-media":"","overlay-type":"","overlay-color":"","overlay-gradient":""}},"footnotes":""},"uagb_featured_image_src":{"full":["https:\/\/ibomberdefense.standardof.net\/wp-content\/uploads\/sites\/5\/2020\/10\/iBomber-Defense-Allied-Quick-Play-02-Western-Mediterranean-4.jpg",1280,800,false],"thumbnail":["https:\/\/ibomberdefense.standardof.net\/wp-content\/uploads\/sites\/5\/2020\/10\/iBomber-Defense-Allied-Quick-Play-02-Western-Mediterranean-4-200x125.jpg",200,125,true],"medium":["https:\/\/ibomberdefense.standardof.net\/wp-content\/uploads\/sites\/5\/2020\/10\/iBomber-Defense-Allied-Quick-Play-02-Western-Mediterranean-4-512x320.jpg",512,320,true],"medium_large":["https:\/\/ibomberdefense.standardof.net\/wp-content\/uploads\/sites\/5\/2020\/10\/iBomber-Defense-Allied-Quick-Play-02-Western-Mediterranean-4-768x480.jpg",768,480,true],"large":["https:\/\/ibomberdefense.standardof.net\/wp-content\/uploads\/sites\/5\/2020\/10\/iBomber-Defense-Allied-Quick-Play-02-Western-Mediterranean-4-800x500.jpg",800,500,true],"1536x1536":["https:\/\/ibomberdefense.standardof.net\/wp-content\/uploads\/sites\/5\/2020\/10\/iBomber-Defense-Allied-Quick-Play-02-Western-Mediterranean-4.jpg",1280,800,false],"2048x2048":["https:\/\/ibomberdefense.standardof.net\/wp-content\/uploads\/sites\/5\/2020\/10\/iBomber-Defense-Allied-Quick-Play-02-Western-Mediterranean-4.jpg",1280,800,false],"trp-custom-language-flag":["https:\/\/ibomberdefense.standardof.net\/wp-content\/uploads\/sites\/5\/2020\/10\/iBomber-Defense-Allied-Quick-Play-02-Western-Mediterranean-4-16x10.jpg",16,10,true]},"uagb_author_info":{"display_name":"SOE","author_link":"https:\/\/ibomberdefense.standardof.net\/fr\/author\/k-tastic\/"},"uagb_comment_info":0,"uagb_excerpt":"This walkthrough guide will cover the Western Mediterranean, Allied Quick Play level in the video game iBomber Defense. Within you will find a video playthrough with commentary along with detailed instructions on how and what turrets to place in order to protect your base and achieve a perfect rating along with all three medals in&hellip;","_links":{"self":[{"href":"https:\/\/ibomberdefense.standardof.net\/fr\/wp-json\/wp\/v2\/pages\/262"}],"collection":[{"href":"https:\/\/ibomberdefense.standardof.net\/fr\/wp-json\/wp\/v2\/pages"}],"about":[{"href":"https:\/\/ibomberdefense.standardof.net\/fr\/wp-json\/wp\/v2\/types\/page"}],"author":[{"embeddable":true,"href":"https:\/\/ibomberdefense.standardof.net\/fr\/wp-json\/wp\/v2\/users\/1"}],"replies":[{"embeddable":true,"href":"https:\/\/ibomberdefense.standardof.net\/fr\/wp-json\/wp\/v2\/comments?post=262"}],"version-history":[{"count":0,"href":"https:\/\/ibomberdefense.standardof.net\/fr\/wp-json\/wp\/v2\/pages\/262\/revisions"}],"up":[{"embeddable":true,"href":"https:\/\/ibomberdefense.standardof.net\/fr\/wp-json\/wp\/v2\/pages\/156"}],"wp:featuredmedia":[{"embeddable":true,"href":"https:\/\/ibomberdefense.standardof.net\/fr\/wp-json\/wp\/v2\/media\/13"}],"wp:attachment":[{"href":"https:\/\/ibomberdefense.standardof.net\/fr\/wp-json\/wp\/v2\/media?parent=262"}],"curies":[{"name":"wp","href":"https:\/\/api.w.org\/{rel}","templated":true}]}}