{"id":266,"date":"2020-10-19T05:28:50","date_gmt":"2020-10-19T05:28:50","guid":{"rendered":"https:\/\/ibomberdefense.standardof.net\/?page_id=266"},"modified":"2020-10-19T08:06:52","modified_gmt":"2020-10-19T08:06:52","slug":"allied-campaign","status":"publish","type":"page","link":"https:\/\/ibomberdefense.standardof.net\/fr\/guide\/campagne-alliee\/","title":{"rendered":"Campagne alli\u00e9e"},"content":{"rendered":"<h2 class=\"wp-block-heading\">Partie 1<\/h2>\n\n\n\n<p>Cette proc\u00e9dure pas \u00e0 pas couvrira les 7 premi\u00e8res missions jou\u00e9es en mode campagne alli\u00e9e dans le jeu vid\u00e9o PC et iPhone <em>D\u00e9fense iBomber<\/em>. La difficult\u00e9 des playthroughs effectu\u00e9s pour la r\u00e9daction de ce guide et la cr\u00e9ation de ses vid\u00e9os est fix\u00e9e \u00e0 <strong>V\u00e9t\u00e9ran<\/strong>ou la difficult\u00e9 la plus difficile du jeu. De plus, les vid\u00e9os expliqueront comment obtenir un <strong>Parfait <\/strong>note \u00e0 tous les niveaux.<\/p>\n\n\n\n<p>Ce guide et ses vid\u00e9os peuvent \u00eatre utilis\u00e9s pour d\u00e9bloquer les trois m\u00e9dailles sur Veteran; Survivant, d\u00e9fenseur de base et garde de tourelle.<\/p>\n\n\n\n<ol><li><a href=\"https:\/\/ibomberdefense.standardof.net\/fr\/guide\/campagne-alliee\/1-europe-occidentale-le-combat-commence-ici\/\" class=\"rank-math-link\">Europe occidentale: le combat commence ici!<\/a><\/li><li><a href=\"https:\/\/ibomberdefense.standardof.net\/fr\/guide\/campagne-alliee\/2-diables-de-la-mediterranee-occidentale\/\" class=\"rank-math-link\">M\u00e9diterran\u00e9e occidentale: les diables de la mer!<\/a><\/li><li><a href=\"https:\/\/ibomberdefense.standardof.net\/fr\/guide\/campagne-alliee\/3-nord-ouest-afrique-seiged\/\" class=\"rank-math-link\">Afrique du Nord-Ouest: Seiged<\/a><\/li><li><a href=\"https:\/\/ibomberdefense.standardof.net\/fr\/guide\/campagne-alliee\/4-contre-attaque-afrique-du-nord-ouest\/\" class=\"rank-math-link\">Afrique du Nord-Ouest: contre-attaque<\/a><\/li><li><a href=\"https:\/\/ibomberdefense.standardof.net\/fr\/guide\/campagne-alliee\/5-afrique-du-nord-est-scorpion-rouge\/\" class=\"rank-math-link\">Afrique du Nord-Est: Scorpion rouge<\/a><\/li><li><a href=\"https:\/\/ibomberdefense.standardof.net\/fr\/guide\/campagne-alliee\/6-sud-est-europe-8ball-2\/\" class=\"rank-math-link\">Europe du Sud-Est: Eightball<\/a><\/li><li><a href=\"https:\/\/ibomberdefense.standardof.net\/fr\/guide\/campagne-alliee\/7-goulot-detranglement-est-mediterraneen-2\/\" class=\"rank-math-link\">M\u00e9diterran\u00e9e orientale: goulot d&#039;\u00e9tranglement<\/a><\/li><\/ol>\n\n\n\n<h2 class=\"wp-block-heading\">Partie 2<\/h2>\n\n\n\n<p>Ce guide continue la seconde moiti\u00e9 et les sept derni\u00e8res missions de la campagne alli\u00e9e dans le jeu vid\u00e9o <em>D\u00e9fense iBomber<\/em>. Comme mentionn\u00e9 pr\u00e9c\u00e9demment dans la premi\u00e8re moiti\u00e9, ces guides sont r\u00e9dig\u00e9s pour <strong>V\u00e9t\u00e9ran <\/strong>difficult\u00e9 (la plus difficile) et d\u00e9montrez les m\u00e9thodes utilis\u00e9es pour <strong>Parfait <\/strong>note sur chaque carte.<\/p>\n\n\n\n<p>\u00c0 ce stade de la campagne, il est important de noter que toutes les am\u00e9liorations ont \u00e9t\u00e9 enti\u00e8rement d\u00e9bloqu\u00e9es \u00e0 partir de la mission 7, car atteindre la perfection \u00e0 chaque mission donne suffisamment de points de victoire pour ce faire. Pour cette raison, les points de victoire et leurs d\u00e9penses ne seront pas discut\u00e9s dans cette p\u00e9riode car ils ne sont plus pertinents.<\/p>\n\n\n\n<ul><li>8. <a href=\"https:\/\/ibomberdefense.standardof.net\/fr\/guide\/campagne-alliee\/8-contre-attaque-mediterraneenne-orientale-2\/\" class=\"rank-math-link\">M\u00e9diterran\u00e9e orientale: contre-attaque<\/a><\/li><li>9. <a href=\"https:\/\/ibomberdefense.standardof.net\/fr\/guide\/campagne-alliee\/9-sud-est-europe-snowblind-2\/\" class=\"rank-math-link\">Europe du Sud-Est: Snowblind<\/a><\/li><li>10. <a href=\"https:\/\/ibomberdefense.standardof.net\/fr\/guide\/campagne-alliee\/10-russie-occidentale-barbarosse-2\/\" class=\"rank-math-link\">Russie occidentale: Barbarossa<\/a><\/li><li>11. <a href=\"https:\/\/ibomberdefense.standardof.net\/fr\/guide\/campagne-alliee\/11-europe-nord-est-coeur-de-chene-2\/\" class=\"rank-math-link\">Europe du Nord-Est: Heart of Oak<\/a><\/li><li>12. <a href=\"https:\/\/ibomberdefense.standardof.net\/fr\/guide\/campagne-alliee\/12-europe-du-nord-tempete-de-feu-2\/\" class=\"rank-math-link\">Europe du Nord: Firestorm<\/a><\/li><li>13. <a href=\"https:\/\/ibomberdefense.standardof.net\/fr\/guide\/campagne-alliee\/13-contre-attaque-europe-du-sud-est\/\" class=\"rank-math-link\">Europe du Sud-Est: contre-attaque<\/a><\/li><li>14. <a href=\"https:\/\/ibomberdefense.standardof.net\/fr\/guide\/campagne-alliee\/14-allemagne-le-combat-final-2\/\" class=\"rank-math-link\">Allemagne: le combat final<\/a><\/li><\/ul>","protected":false},"excerpt":{"rendered":"<p>Part 1 This walkthrough will cover the first 7 missions played in the Allied campaign mode in the PC and iPhone video game iBomber Defense. The difficulty of the playthroughs performed for the writing of this guide and the creation of its videos is set to Veteran, or the hardest difficulty in the game. In [&hellip;]<\/p>","protected":false},"author":1,"featured_media":15,"parent":139,"menu_order":1,"comment_status":"open","ping_status":"closed","template":"","meta":{"_uag_custom_page_level_css":"","site-sidebar-layout":"default","site-content-layout":"default","ast-site-content-layout":"","site-content-style":"default","site-sidebar-style":"default","ast-global-header-display":"","ast-banner-title-visibility":"","ast-main-header-display":"","ast-hfb-above-header-display":"","ast-hfb-below-header-display":"","ast-hfb-mobile-header-display":"","site-post-title":"","ast-breadcrumbs-content":"","ast-featured-img":"","footer-sml-layout":"","theme-transparent-header-meta":"default","adv-header-id-meta":"","stick-header-meta":"","header-above-stick-meta":"","header-main-stick-meta":"","header-below-stick-meta":"","astra-migrate-meta-layouts":"default","ast-page-background-enabled":"default","ast-page-background-meta":{"desktop":{"background-color":"","background-image":"","background-repeat":"repeat","background-position":"center center","background-size":"auto","background-attachment":"scroll","background-type":"","background-media":"","overlay-type":"","overlay-color":"","overlay-gradient":""},"tablet":{"background-color":"","background-image":"","background-repeat":"repeat","background-position":"center center","background-size":"auto","background-attachment":"scroll","background-type":"","background-media":"","overlay-type":"","overlay-color":"","overlay-gradient":""},"mobile":{"background-color":"","background-image":"","background-repeat":"repeat","background-position":"center center","background-size":"auto","background-attachment":"scroll","background-type":"","background-media":"","overlay-type":"","overlay-color":"","overlay-gradient":""}},"ast-content-background-meta":{"desktop":{"background-color":"var(--ast-global-color-5)","background-image":"","background-repeat":"repeat","background-position":"center center","background-size":"auto","background-attachment":"scroll","background-type":"","background-media":"","overlay-type":"","overlay-color":"","overlay-gradient":""},"tablet":{"background-color":"var(--ast-global-color-5)","background-image":"","background-repeat":"repeat","background-position":"center center","background-size":"auto","background-attachment":"scroll","background-type":"","background-media":"","overlay-type":"","overlay-color":"","overlay-gradient":""},"mobile":{"background-color":"var(--ast-global-color-5)","background-image":"","background-repeat":"repeat","background-position":"center center","background-size":"auto","background-attachment":"scroll","background-type":"","background-media":"","overlay-type":"","overlay-color":"","overlay-gradient":""}},"footnotes":""},"uagb_featured_image_src":{"full":["https:\/\/ibomberdefense.standardof.net\/wp-content\/uploads\/sites\/5\/2020\/10\/iBomber-Defense-Header-1.jpg",1020,766,false],"thumbnail":["https:\/\/ibomberdefense.standardof.net\/wp-content\/uploads\/sites\/5\/2020\/10\/iBomber-Defense-Header-1-200x150.jpg",200,150,true],"medium":["https:\/\/ibomberdefense.standardof.net\/wp-content\/uploads\/sites\/5\/2020\/10\/iBomber-Defense-Header-1-512x385.jpg",512,385,true],"medium_large":["https:\/\/ibomberdefense.standardof.net\/wp-content\/uploads\/sites\/5\/2020\/10\/iBomber-Defense-Header-1-768x577.jpg",768,577,true],"large":["https:\/\/ibomberdefense.standardof.net\/wp-content\/uploads\/sites\/5\/2020\/10\/iBomber-Defense-Header-1-800x601.jpg",800,601,true],"1536x1536":["https:\/\/ibomberdefense.standardof.net\/wp-content\/uploads\/sites\/5\/2020\/10\/iBomber-Defense-Header-1.jpg",1020,766,false],"2048x2048":["https:\/\/ibomberdefense.standardof.net\/wp-content\/uploads\/sites\/5\/2020\/10\/iBomber-Defense-Header-1.jpg",1020,766,false],"trp-custom-language-flag":["https:\/\/ibomberdefense.standardof.net\/wp-content\/uploads\/sites\/5\/2020\/10\/iBomber-Defense-Header-1-16x12.jpg",16,12,true]},"uagb_author_info":{"display_name":"SOE","author_link":"https:\/\/ibomberdefense.standardof.net\/fr\/author\/k-tastic\/"},"uagb_comment_info":0,"uagb_excerpt":"Part 1 This walkthrough will cover the first 7 missions played in the Allied campaign mode in the PC and iPhone video game iBomber Defense. The difficulty of the playthroughs performed for the writing of this guide and the creation of its videos is set to Veteran, or the hardest difficulty in the game. In&hellip;","_links":{"self":[{"href":"https:\/\/ibomberdefense.standardof.net\/fr\/wp-json\/wp\/v2\/pages\/266"}],"collection":[{"href":"https:\/\/ibomberdefense.standardof.net\/fr\/wp-json\/wp\/v2\/pages"}],"about":[{"href":"https:\/\/ibomberdefense.standardof.net\/fr\/wp-json\/wp\/v2\/types\/page"}],"author":[{"embeddable":true,"href":"https:\/\/ibomberdefense.standardof.net\/fr\/wp-json\/wp\/v2\/users\/1"}],"replies":[{"embeddable":true,"href":"https:\/\/ibomberdefense.standardof.net\/fr\/wp-json\/wp\/v2\/comments?post=266"}],"version-history":[{"count":0,"href":"https:\/\/ibomberdefense.standardof.net\/fr\/wp-json\/wp\/v2\/pages\/266\/revisions"}],"up":[{"embeddable":true,"href":"https:\/\/ibomberdefense.standardof.net\/fr\/wp-json\/wp\/v2\/pages\/139"}],"wp:featuredmedia":[{"embeddable":true,"href":"https:\/\/ibomberdefense.standardof.net\/fr\/wp-json\/wp\/v2\/media\/15"}],"wp:attachment":[{"href":"https:\/\/ibomberdefense.standardof.net\/fr\/wp-json\/wp\/v2\/media?parent=266"}],"curies":[{"name":"wp","href":"https:\/\/api.w.org\/{rel}","templated":true}]}}