{"id":268,"date":"2020-10-19T05:30:12","date_gmt":"2020-10-19T05:30:12","guid":{"rendered":"https:\/\/ibomberdefense.standardof.net\/?page_id=268"},"modified":"2020-10-19T08:06:55","modified_gmt":"2020-10-19T08:06:55","slug":"axis-campaign","status":"publish","type":"page","link":"https:\/\/ibomberdefense.standardof.net\/fr\/guide\/axe-campagne\/","title":{"rendered":"Campagne de l&#039;Axe"},"content":{"rendered":"<h2 class=\"wp-block-heading\">Partie 1<\/h2>\n\n\n\n<p>Ceci est un guide pour le jeu vid\u00e9o <em>D\u00e9fense iBomber<\/em>, et il fournit des proc\u00e9dures pas \u00e0 pas pour les sept premiers niveaux de la campagne Axis. Ce guide est r\u00e9dig\u00e9 pour <strong>V\u00e9t\u00e9ran <\/strong>difficult\u00e9 (plus difficile) et montre les m\u00e9thodes utilis\u00e9es pour obtenir un <strong>Parfait <\/strong>note sur chaque carte. Vous y trouverez des vid\u00e9os, des cartes et des informations utiles suppl\u00e9mentaires.<\/p>\n\n\n\n<p>Commencer la nouvelle campagne de l&#039;Axe apr\u00e8s avoir termin\u00e9 la campagne alli\u00e9e vous permet de recommencer en termes d&#039;acquisition de points de victoire, avec deux tourelles sensiblement diff\u00e9rentes des variantes alli\u00e9es: la temp\u00eate de feu et l&#039;arme X remplacent respectivement le sabotage et les communications. De plus, puisque vous n&#039;avez plus de Comms, les int\u00e9r\u00eats ne peuvent plus \u00eatre courus; cependant, les tourelles de l&#039;Axe sont moins ch\u00e8res \u00e0 construire. Les strat\u00e9gies sp\u00e9cifiques qui ont chang\u00e9 seront discut\u00e9es dans les sections de niveau ci-dessous.<\/p>\n\n\n\n<h3 class=\"wp-block-heading\"><strong>Table des mati\u00e8res<\/strong><\/h3>\n\n\n\n<ol><li><a href=\"https:\/\/ibomberdefense.standardof.net\/fr\/guide\/axe-campagne\/1-europe-du-nord-valhalla\/\" class=\"rank-math-link\">Europe du Nord: Valhalla<\/a><\/li><li><a href=\"https:\/\/ibomberdefense.standardof.net\/fr\/guide\/axe-campagne\/2-eclair-europe-nord-est\/\" class=\"rank-math-link\">Europe du Nord-Est: Lightning Bolt<\/a><\/li><li><a href=\"https:\/\/ibomberdefense.standardof.net\/fr\/guide\/axe-campagne\/3-russie-ouest-barbe-rouge\/\" class=\"rank-math-link\">Russie occidentale: Barbe Rouge<\/a><\/li><li><a href=\"https:\/\/ibomberdefense.standardof.net\/fr\/guide\/axe-campagne\/4-contre-attaque-europe-nord-est\/\" class=\"rank-math-link\">Europe du Nord-Est: contre-attaque<\/a><\/li><li><a href=\"https:\/\/ibomberdefense.standardof.net\/fr\/guide\/axe-campagne\/5-afrique-nord-est-desert-dusk\/\" class=\"rank-math-link\">Afrique du Nord-Est: cr\u00e9puscule du d\u00e9sert<\/a><\/li><li><a href=\"https:\/\/ibomberdefense.standardof.net\/fr\/guide\/axe-campagne\/6-canicule-sud-est-europe\/\" class=\"rank-math-link\">Europe du Sud-Est: vague de chaleur<\/a><\/li><li><a href=\"https:\/\/ibomberdefense.standardof.net\/fr\/guide\/axe-campagne\/7-requin-tigre-de-mediterranee-orientale\/\" class=\"rank-math-link\">M\u00e9diterran\u00e9e orientale: Tigershark<\/a><\/li><\/ol>\n\n\n\n<h2 class=\"wp-block-heading\">Partie 2<\/h2>\n\n\n\n<p>Ce guide pas \u00e0 pas couvre la seconde moiti\u00e9 de la campagne Axis dans le jeu vid\u00e9o <em>D\u00e9fense iBomber<\/em>. \u00c0 l&#039;int\u00e9rieur, vous trouverez des cartes et des conseils pour le placement de la tourelle, \u00e9crits pour le <strong>V\u00e9t\u00e9ran <\/strong>difficult\u00e9, avec des vid\u00e9os montrant comment obtenir un <strong>Parfait <\/strong>notation dans les missions 8 \u00e0 14.<\/p>\n\n\n\n<p><strong>Table des mati\u00e8res:<\/strong><\/p>\n\n\n\n<p>8. <a href=\"https:\/\/ibomberdefense.standardof.net\/fr\/guide\/axe-campagne\/8-contre-attaque-mediterraneenne-orientale\/\" class=\"rank-math-link\">M\u00e9diterran\u00e9e orientale - Contre-attaque<\/a><br>9. <a href=\"https:\/\/ibomberdefense.standardof.net\/fr\/guide\/axe-campagne\/9-afrique-du-nord-ouest-sur-la-plage-2\/\" class=\"rank-math-link\">Afrique du Nord-Ouest - Sur la plage<\/a><br>10. <a href=\"https:\/\/ibomberdefense.standardof.net\/fr\/guide\/axe-campagne\/10-trident-europe-du-sud\/\" class=\"rank-math-link\">Europe du Sud - Trident<\/a><br>11. <a href=\"https:\/\/ibomberdefense.standardof.net\/fr\/guide\/axe-campagne\/11-croix-de-fer-europe-ouest\/\" class=\"rank-math-link\">Europe de l&#039;Ouest - Croix de fer<\/a><br>12. <a href=\"https:\/\/ibomberdefense.standardof.net\/fr\/guide\/axe-campagne\/12-toile-daraignee-ouest-mediterraneenne\/\" class=\"rank-math-link\">M\u00e9diterran\u00e9e occidentale - Spiderweb<\/a><br>13. <a href=\"https:\/\/ibomberdefense.standardof.net\/fr\/guide\/axe-campagne\/13-contre-attaque-afrique-du-nord-ouest\/\" class=\"rank-math-link\">Afrique du Nord-Ouest - Contre-attaque<\/a><br>14. <a href=\"https:\/\/ibomberdefense.standardof.net\/fr\/guide\/axe-campagne\/14-grande-bretagne-finale-victoire\/\" class=\"rank-math-link\">Grande-Bretagne - Victoire finale!<\/a><\/p>","protected":false},"excerpt":{"rendered":"<p>Part 1 This is a guide for the video game iBomber Defense, and it provides walkthroughs for the first seven levels of the Axis campaign. This guide is written for the Veteran difficulty (hardest) and demonstrates methods used to get a Perfect rating on every single map. Within you will find videos, maps, and additional [&hellip;]<\/p>","protected":false},"author":1,"featured_media":15,"parent":139,"menu_order":2,"comment_status":"open","ping_status":"closed","template":"","meta":{"_uag_custom_page_level_css":"","site-sidebar-layout":"default","site-content-layout":"default","ast-site-content-layout":"","site-content-style":"default","site-sidebar-style":"default","ast-global-header-display":"","ast-banner-title-visibility":"","ast-main-header-display":"","ast-hfb-above-header-display":"","ast-hfb-below-header-display":"","ast-hfb-mobile-header-display":"","site-post-title":"","ast-breadcrumbs-content":"","ast-featured-img":"","footer-sml-layout":"","theme-transparent-header-meta":"default","adv-header-id-meta":"","stick-header-meta":"","header-above-stick-meta":"","header-main-stick-meta":"","header-below-stick-meta":"","astra-migrate-meta-layouts":"default","ast-page-background-enabled":"default","ast-page-background-meta":{"desktop":{"background-color":"","background-image":"","background-repeat":"repeat","background-position":"center center","background-size":"auto","background-attachment":"scroll","background-type":"","background-media":"","overlay-type":"","overlay-color":"","overlay-gradient":""},"tablet":{"background-color":"","background-image":"","background-repeat":"repeat","background-position":"center center","background-size":"auto","background-attachment":"scroll","background-type":"","background-media":"","overlay-type":"","overlay-color":"","overlay-gradient":""},"mobile":{"background-color":"","background-image":"","background-repeat":"repeat","background-position":"center center","background-size":"auto","background-attachment":"scroll","background-type":"","background-media":"","overlay-type":"","overlay-color":"","overlay-gradient":""}},"ast-content-background-meta":{"desktop":{"background-color":"var(--ast-global-color-5)","background-image":"","background-repeat":"repeat","background-position":"center center","background-size":"auto","background-attachment":"scroll","background-type":"","background-media":"","overlay-type":"","overlay-color":"","overlay-gradient":""},"tablet":{"background-color":"var(--ast-global-color-5)","background-image":"","background-repeat":"repeat","background-position":"center center","background-size":"auto","background-attachment":"scroll","background-type":"","background-media":"","overlay-type":"","overlay-color":"","overlay-gradient":""},"mobile":{"background-color":"var(--ast-global-color-5)","background-image":"","background-repeat":"repeat","background-position":"center center","background-size":"auto","background-attachment":"scroll","background-type":"","background-media":"","overlay-type":"","overlay-color":"","overlay-gradient":""}},"footnotes":""},"uagb_featured_image_src":{"full":["https:\/\/ibomberdefense.standardof.net\/wp-content\/uploads\/sites\/5\/2020\/10\/iBomber-Defense-Header-1.jpg",1020,766,false],"thumbnail":["https:\/\/ibomberdefense.standardof.net\/wp-content\/uploads\/sites\/5\/2020\/10\/iBomber-Defense-Header-1-200x150.jpg",200,150,true],"medium":["https:\/\/ibomberdefense.standardof.net\/wp-content\/uploads\/sites\/5\/2020\/10\/iBomber-Defense-Header-1-512x385.jpg",512,385,true],"medium_large":["https:\/\/ibomberdefense.standardof.net\/wp-content\/uploads\/sites\/5\/2020\/10\/iBomber-Defense-Header-1-768x577.jpg",768,577,true],"large":["https:\/\/ibomberdefense.standardof.net\/wp-content\/uploads\/sites\/5\/2020\/10\/iBomber-Defense-Header-1-800x601.jpg",800,601,true],"1536x1536":["https:\/\/ibomberdefense.standardof.net\/wp-content\/uploads\/sites\/5\/2020\/10\/iBomber-Defense-Header-1.jpg",1020,766,false],"2048x2048":["https:\/\/ibomberdefense.standardof.net\/wp-content\/uploads\/sites\/5\/2020\/10\/iBomber-Defense-Header-1.jpg",1020,766,false],"trp-custom-language-flag":["https:\/\/ibomberdefense.standardof.net\/wp-content\/uploads\/sites\/5\/2020\/10\/iBomber-Defense-Header-1-16x12.jpg",16,12,true]},"uagb_author_info":{"display_name":"SOE","author_link":"https:\/\/ibomberdefense.standardof.net\/fr\/author\/k-tastic\/"},"uagb_comment_info":0,"uagb_excerpt":"Part 1 This is a guide for the video game iBomber Defense, and it provides walkthroughs for the first seven levels of the Axis campaign. This guide is written for the Veteran difficulty (hardest) and demonstrates methods used to get a Perfect rating on every single map. Within you will find videos, maps, and additional&hellip;","_links":{"self":[{"href":"https:\/\/ibomberdefense.standardof.net\/fr\/wp-json\/wp\/v2\/pages\/268"}],"collection":[{"href":"https:\/\/ibomberdefense.standardof.net\/fr\/wp-json\/wp\/v2\/pages"}],"about":[{"href":"https:\/\/ibomberdefense.standardof.net\/fr\/wp-json\/wp\/v2\/types\/page"}],"author":[{"embeddable":true,"href":"https:\/\/ibomberdefense.standardof.net\/fr\/wp-json\/wp\/v2\/users\/1"}],"replies":[{"embeddable":true,"href":"https:\/\/ibomberdefense.standardof.net\/fr\/wp-json\/wp\/v2\/comments?post=268"}],"version-history":[{"count":0,"href":"https:\/\/ibomberdefense.standardof.net\/fr\/wp-json\/wp\/v2\/pages\/268\/revisions"}],"up":[{"embeddable":true,"href":"https:\/\/ibomberdefense.standardof.net\/fr\/wp-json\/wp\/v2\/pages\/139"}],"wp:featuredmedia":[{"embeddable":true,"href":"https:\/\/ibomberdefense.standardof.net\/fr\/wp-json\/wp\/v2\/media\/15"}],"wp:attachment":[{"href":"https:\/\/ibomberdefense.standardof.net\/fr\/wp-json\/wp\/v2\/media?parent=268"}],"curies":[{"name":"wp","href":"https:\/\/api.w.org\/{rel}","templated":true}]}}