{"id":274,"date":"2020-10-19T05:56:18","date_gmt":"2020-10-19T05:56:18","guid":{"rendered":"https:\/\/ibomberdefense.standardof.net\/?page_id=274"},"modified":"2020-10-19T08:05:52","modified_gmt":"2020-10-19T08:05:52","slug":"2-western-mediterranean-sea-devils","status":"publish","type":"page","link":"https:\/\/ibomberdefense.standardof.net\/fr\/guide\/campagne-alliee\/2-diables-de-la-mediterranee-occidentale\/","title":{"rendered":"2. M\u00e9diterran\u00e9e occidentale: les diables de la mer!"},"content":{"rendered":"<p>Le niveau de la M\u00e9diterran\u00e9e occidentale en <em>D\u00e9fense iBomber<\/em> nous am\u00e8ne \u00e0 un canal que les navires de guerre ennemis tentent de traverser pour atteindre votre base. Il est temps de rencontrer des unit\u00e9s d&#039;eau pour la premi\u00e8re fois dans le jeu, en utilisant les avantages de hauteur pour augmenter la port\u00e9e de vos tourelles.<\/p>\n\n\n\n<div class=\"wp-block-image\"><figure class=\"aligncenter size-large\"><a href=\"https:\/\/ibomberdefense.standardof.net\/fr\/guide\/campagne-alliee\/2-diables-de-la-mediterranee-occidentale\/ibomber-defense-level-2-western-mediterranean-sea-devils-1\/\"><img decoding=\"async\" width=\"800\" height=\"450\" src=\"https:\/\/ibomberdefense.standardof.net\/wp-content\/uploads\/sites\/5\/2020\/10\/iBomber-Defense-Level-2-Western-Mediterranean-Sea-Devils-1-800x450.jpg\" alt=\"&quot;iBomber Defense&quot; - Niveau 2 - M\u00e9diterran\u00e9e occidentale: Sea Devils! (1)\" class=\"wp-image-20\" title=\"\" srcset=\"https:\/\/ibomberdefense.standardof.net\/wp-content\/uploads\/sites\/5\/2020\/10\/iBomber-Defense-Level-2-Western-Mediterranean-Sea-Devils-1-800x450.jpg 800w, https:\/\/ibomberdefense.standardof.net\/wp-content\/uploads\/sites\/5\/2020\/10\/iBomber-Defense-Level-2-Western-Mediterranean-Sea-Devils-1-512x288.jpg 512w, https:\/\/ibomberdefense.standardof.net\/wp-content\/uploads\/sites\/5\/2020\/10\/iBomber-Defense-Level-2-Western-Mediterranean-Sea-Devils-1-200x113.jpg 200w, https:\/\/ibomberdefense.standardof.net\/wp-content\/uploads\/sites\/5\/2020\/10\/iBomber-Defense-Level-2-Western-Mediterranean-Sea-Devils-1-768x432.jpg 768w, https:\/\/ibomberdefense.standardof.net\/wp-content\/uploads\/sites\/5\/2020\/10\/iBomber-Defense-Level-2-Western-Mediterranean-Sea-Devils-1-16x9.jpg 16w, https:\/\/ibomberdefense.standardof.net\/wp-content\/uploads\/sites\/5\/2020\/10\/iBomber-Defense-Level-2-Western-Mediterranean-Sea-Devils-1.jpg 1280w\" sizes=\"(max-width: 800px) 100vw, 800px\" \/><\/a><figcaption>Il n&#039;y a qu&#039;un seul chemin pour les unit\u00e9s navales en M\u00e9diterran\u00e9e occidentale.<\/figcaption><\/figure><\/div>\n\n\n\n<p>Les niveaux navals donneront g\u00e9n\u00e9ralement la priorit\u00e9 au placement des tourelles Cannon sur les tourelles de mitrailleuses en raison des unit\u00e9s g\u00e9n\u00e9ralement plus lourdement blind\u00e9es et des distances plus \u00e9loign\u00e9es d&#039;o\u00f9 les unit\u00e9s navales se d\u00e9placent le long de leur chemin et des emplacements ouverts pour le placement des tourelles. Ce niveau est en quelque sorte une exception, \u00e9tant encore pr\u00e9coce, mais les tourelles \u00e0 canon auront toujours leur valeur ici.<\/p>\n\n\n\n<h3 class=\"wp-block-heading\"><strong>Placement de la tourelle<\/strong><\/h3>\n\n\n\n<p>Depuis que nous avons r\u00e9cemment d\u00e9bloqu\u00e9 des canons et des mitrailleuses de niveau 3, nous allons nous concentrer sur l&#039;obtention d&#039;une poign\u00e9e de tourelles de haut niveau pour ce niveau, ce qui conviendra parfaitement \u00e0 l&#039;objectif d&#039;arr\u00eater parfaitement l&#039;ennemi. Ceci est pr\u00e9f\u00e9rable \u00e0 de nombreuses tourelles car les emplacements de tir optimaux dans cette mission sont minces.<\/p>\n\n\n\n<p>Deux tourelles de mitrailleuses devraient finir par occuper chaque c\u00f4t\u00e9 du terrain qui fait le premier virage dans le chemin des unit\u00e9s navales tandis que 2 mitrailleuses suppl\u00e9mentaires et un seul canon occuperont l&#039;\u00eele de droite. V\u00e9rifiez les images \u00e0 droite ou vous pouvez regarder la vid\u00e9o ci-dessous pour les emplacements de tourelle sp\u00e9cifiques utilis\u00e9s.<\/p>\n\n\n\n<figure class=\"wp-block-gallery columns-2 is-cropped wp-block-gallery-1 is-layout-flex wp-block-gallery-is-layout-flex\"><ul class=\"blocks-gallery-grid\"><li class=\"blocks-gallery-item\"><figure><a href=\"https:\/\/ibomberdefense.standardof.net\/fr\/guide\/campagne-alliee\/2-diables-de-la-mediterranee-occidentale\/ibomber-defense-level-2-western-mediterranean-sea-devils-2\/\"><img decoding=\"async\" width=\"800\" height=\"450\" src=\"https:\/\/ibomberdefense.standardof.net\/wp-content\/uploads\/sites\/5\/2020\/10\/iBomber-Defense-Level-2-Western-Mediterranean-Sea-Devils-2-800x450.jpg\" alt=\"&quot;iBomber Defense&quot; - Niveau 2 - M\u00e9diterran\u00e9e occidentale: Sea Devils! (2)\" data-id=\"21\" data-full-url=\"https:\/\/ibomberdefense.standardof.net\/wp-content\/uploads\/sites\/5\/2020\/10\/iBomber-Defense-Level-2-Western-Mediterranean-Sea-Devils-2.jpg\" data-link=\"https:\/\/ibomberdefense.standardof.net\/guide\/allied-campaign\/2-western-mediterranean-sea-devils\/ibomber-defense-level-2-western-mediterranean-sea-devils-2\/\" class=\"wp-image-21\" title=\"\" srcset=\"https:\/\/ibomberdefense.standardof.net\/wp-content\/uploads\/sites\/5\/2020\/10\/iBomber-Defense-Level-2-Western-Mediterranean-Sea-Devils-2-800x450.jpg 800w, https:\/\/ibomberdefense.standardof.net\/wp-content\/uploads\/sites\/5\/2020\/10\/iBomber-Defense-Level-2-Western-Mediterranean-Sea-Devils-2-512x288.jpg 512w, https:\/\/ibomberdefense.standardof.net\/wp-content\/uploads\/sites\/5\/2020\/10\/iBomber-Defense-Level-2-Western-Mediterranean-Sea-Devils-2-200x113.jpg 200w, https:\/\/ibomberdefense.standardof.net\/wp-content\/uploads\/sites\/5\/2020\/10\/iBomber-Defense-Level-2-Western-Mediterranean-Sea-Devils-2-768x432.jpg 768w, https:\/\/ibomberdefense.standardof.net\/wp-content\/uploads\/sites\/5\/2020\/10\/iBomber-Defense-Level-2-Western-Mediterranean-Sea-Devils-2-16x9.jpg 16w, https:\/\/ibomberdefense.standardof.net\/wp-content\/uploads\/sites\/5\/2020\/10\/iBomber-Defense-Level-2-Western-Mediterranean-Sea-Devils-2.jpg 1280w\" sizes=\"(max-width: 800px) 100vw, 800px\" \/><\/a><figcaption class=\"blocks-gallery-item__caption\">Placement de la tourelle Wave 10.<\/figcaption><\/figure><\/li><li class=\"blocks-gallery-item\"><figure><a href=\"https:\/\/ibomberdefense.standardof.net\/fr\/guide\/campagne-alliee\/2-diables-de-la-mediterranee-occidentale\/ibomber-defense-level-2-western-mediterranean-sea-devils-3\/\"><img decoding=\"async\" width=\"800\" height=\"450\" src=\"https:\/\/ibomberdefense.standardof.net\/wp-content\/uploads\/sites\/5\/2020\/10\/iBomber-Defense-Level-2-Western-Mediterranean-Sea-Devils-3-800x450.jpg\" alt=\"&quot;iBomber Defense&quot; - Niveau 2 - M\u00e9diterran\u00e9e occidentale: Sea Devils! (3)\" data-id=\"22\" data-full-url=\"https:\/\/ibomberdefense.standardof.net\/wp-content\/uploads\/sites\/5\/2020\/10\/iBomber-Defense-Level-2-Western-Mediterranean-Sea-Devils-3.jpg\" data-link=\"https:\/\/ibomberdefense.standardof.net\/guide\/allied-campaign\/2-western-mediterranean-sea-devils\/ibomber-defense-level-2-western-mediterranean-sea-devils-3\/\" class=\"wp-image-22\" title=\"\" srcset=\"https:\/\/ibomberdefense.standardof.net\/wp-content\/uploads\/sites\/5\/2020\/10\/iBomber-Defense-Level-2-Western-Mediterranean-Sea-Devils-3-800x450.jpg 800w, https:\/\/ibomberdefense.standardof.net\/wp-content\/uploads\/sites\/5\/2020\/10\/iBomber-Defense-Level-2-Western-Mediterranean-Sea-Devils-3-512x288.jpg 512w, https:\/\/ibomberdefense.standardof.net\/wp-content\/uploads\/sites\/5\/2020\/10\/iBomber-Defense-Level-2-Western-Mediterranean-Sea-Devils-3-200x113.jpg 200w, https:\/\/ibomberdefense.standardof.net\/wp-content\/uploads\/sites\/5\/2020\/10\/iBomber-Defense-Level-2-Western-Mediterranean-Sea-Devils-3-768x432.jpg 768w, https:\/\/ibomberdefense.standardof.net\/wp-content\/uploads\/sites\/5\/2020\/10\/iBomber-Defense-Level-2-Western-Mediterranean-Sea-Devils-3-16x9.jpg 16w, https:\/\/ibomberdefense.standardof.net\/wp-content\/uploads\/sites\/5\/2020\/10\/iBomber-Defense-Level-2-Western-Mediterranean-Sea-Devils-3.jpg 1280w\" sizes=\"(max-width: 800px) 100vw, 800px\" \/><\/a><figcaption class=\"blocks-gallery-item__caption\">Placement de la tourelle Wave 20.<\/figcaption><\/figure><\/li><\/ul><\/figure>\n\n\n\n<h3 class=\"wp-block-heading\"><strong>D\u00e9penses en points de victoire<\/strong><\/h3>\n\n\n\n<p>\u00c0 ce stade, les deux points de victoire atteints dans cette mission ont \u00e9t\u00e9 d\u00e9pens\u00e9s pour d\u00e9verrouiller la tourelle de sabotage \u00e0 utiliser dans le but de ralentir des groupes d&#039;ennemis tandis qu&#039;un point a \u00e9t\u00e9 plac\u00e9 dans la tourelle anti-a\u00e9rienne pour d\u00e9verrouiller son deuxi\u00e8me niveau, car il sera n\u00e9cessaire. bient\u00f4t.<\/p>\n\n\n\n<p>Rangs actuels des objets d\u00e9verrouill\u00e9s:<br>Mitrailleuse 3, Canon 3, Anti Air 2, Sabotage 1<\/p>\n\n\n\n<hr class=\"wp-block-separator\"\/>\n\n\n\n<h4 class=\"has-text-align-center wp-block-heading\">Guide vid\u00e9o<\/h4>\n\n\n\n<figure class=\"wp-block-embed-youtube wp-block-embed is-type-video is-provider-youtube wp-embed-aspect-16-9 wp-has-aspect-ratio wp-embed-aspect-4-3\"><div class=\"wp-block-embed__wrapper\">\n<div class=\"ast-oembed-container\" style=\"height: 100%;\"><iframe title=\"iBomber Defense - M\u00e9diterran\u00e9e occidentale - V\u00e9t\u00e9ran + Parfait\" width=\"500\" height=\"281\" src=\"https:\/\/www.youtube.com\/embed\/hEjBsdPlZ4A?feature=oembed\" frameborder=\"0\" allow=\"accelerometer; autoplay; clipboard-write; encrypted-media; gyroscope; picture-in-picture; web-share\" referrerpolicy=\"strict-origin-when-cross-origin\" allowfullscreen><\/iframe><\/div>\n<\/div><\/figure>","protected":false},"excerpt":{"rendered":"<p>The Western Mediterranean level in iBomber Defense takes us to a channel which enemy naval vessels are trying to cross in order to reach your base. Its time to encounter water units for the first time in the game, using height advantages to boost the range of your turrets. Naval levels will generally prioritize the [&hellip;]<\/p>","protected":false},"author":1,"featured_media":22,"parent":266,"menu_order":2,"comment_status":"open","ping_status":"closed","template":"","meta":{"_uag_custom_page_level_css":"","site-sidebar-layout":"default","site-content-layout":"default","ast-site-content-layout":"","site-content-style":"default","site-sidebar-style":"default","ast-global-header-display":"","ast-banner-title-visibility":"","ast-main-header-display":"","ast-hfb-above-header-display":"","ast-hfb-below-header-display":"","ast-hfb-mobile-header-display":"","site-post-title":"","ast-breadcrumbs-content":"","ast-featured-img":"","footer-sml-layout":"","theme-transparent-header-meta":"default","adv-header-id-meta":"","stick-header-meta":"","header-above-stick-meta":"","header-main-stick-meta":"","header-below-stick-meta":"","astra-migrate-meta-layouts":"default","ast-page-background-enabled":"default","ast-page-background-meta":{"desktop":{"background-color":"","background-image":"","background-repeat":"repeat","background-position":"center center","background-size":"auto","background-attachment":"scroll","background-type":"","background-media":"","overlay-type":"","overlay-color":"","overlay-gradient":""},"tablet":{"background-color":"","background-image":"","background-repeat":"repeat","background-position":"center center","background-size":"auto","background-attachment":"scroll","background-type":"","background-media":"","overlay-type":"","overlay-color":"","overlay-gradient":""},"mobile":{"background-color":"","background-image":"","background-repeat":"repeat","background-position":"center center","background-size":"auto","background-attachment":"scroll","background-type":"","background-media":"","overlay-type":"","overlay-color":"","overlay-gradient":""}},"ast-content-background-meta":{"desktop":{"background-color":"var(--ast-global-color-5)","background-image":"","background-repeat":"repeat","background-position":"center center","background-size":"auto","background-attachment":"scroll","background-type":"","background-media":"","overlay-type":"","overlay-color":"","overlay-gradient":""},"tablet":{"background-color":"var(--ast-global-color-5)","background-image":"","background-repeat":"repeat","background-position":"center center","background-size":"auto","background-attachment":"scroll","background-type":"","background-media":"","overlay-type":"","overlay-color":"","overlay-gradient":""},"mobile":{"background-color":"var(--ast-global-color-5)","background-image":"","background-repeat":"repeat","background-position":"center center","background-size":"auto","background-attachment":"scroll","background-type":"","background-media":"","overlay-type":"","overlay-color":"","overlay-gradient":""}},"footnotes":""},"uagb_featured_image_src":{"full":["https:\/\/ibomberdefense.standardof.net\/wp-content\/uploads\/sites\/5\/2020\/10\/iBomber-Defense-Level-2-Western-Mediterranean-Sea-Devils-3.jpg",1280,720,false],"thumbnail":["https:\/\/ibomberdefense.standardof.net\/wp-content\/uploads\/sites\/5\/2020\/10\/iBomber-Defense-Level-2-Western-Mediterranean-Sea-Devils-3-200x113.jpg",200,113,true],"medium":["https:\/\/ibomberdefense.standardof.net\/wp-content\/uploads\/sites\/5\/2020\/10\/iBomber-Defense-Level-2-Western-Mediterranean-Sea-Devils-3-512x288.jpg",512,288,true],"medium_large":["https:\/\/ibomberdefense.standardof.net\/wp-content\/uploads\/sites\/5\/2020\/10\/iBomber-Defense-Level-2-Western-Mediterranean-Sea-Devils-3-768x432.jpg",768,432,true],"large":["https:\/\/ibomberdefense.standardof.net\/wp-content\/uploads\/sites\/5\/2020\/10\/iBomber-Defense-Level-2-Western-Mediterranean-Sea-Devils-3-800x450.jpg",800,450,true],"1536x1536":["https:\/\/ibomberdefense.standardof.net\/wp-content\/uploads\/sites\/5\/2020\/10\/iBomber-Defense-Level-2-Western-Mediterranean-Sea-Devils-3.jpg",1280,720,false],"2048x2048":["https:\/\/ibomberdefense.standardof.net\/wp-content\/uploads\/sites\/5\/2020\/10\/iBomber-Defense-Level-2-Western-Mediterranean-Sea-Devils-3.jpg",1280,720,false],"trp-custom-language-flag":["https:\/\/ibomberdefense.standardof.net\/wp-content\/uploads\/sites\/5\/2020\/10\/iBomber-Defense-Level-2-Western-Mediterranean-Sea-Devils-3-16x9.jpg",16,9,true]},"uagb_author_info":{"display_name":"SOE","author_link":"https:\/\/ibomberdefense.standardof.net\/fr\/author\/k-tastic\/"},"uagb_comment_info":0,"uagb_excerpt":"The Western Mediterranean level in iBomber Defense takes us to a channel which enemy naval vessels are trying to cross in order to reach your base. Its time to encounter water units for the first time in the game, using height advantages to boost the range of your turrets. Naval levels will generally prioritize the&hellip;","_links":{"self":[{"href":"https:\/\/ibomberdefense.standardof.net\/fr\/wp-json\/wp\/v2\/pages\/274"}],"collection":[{"href":"https:\/\/ibomberdefense.standardof.net\/fr\/wp-json\/wp\/v2\/pages"}],"about":[{"href":"https:\/\/ibomberdefense.standardof.net\/fr\/wp-json\/wp\/v2\/types\/page"}],"author":[{"embeddable":true,"href":"https:\/\/ibomberdefense.standardof.net\/fr\/wp-json\/wp\/v2\/users\/1"}],"replies":[{"embeddable":true,"href":"https:\/\/ibomberdefense.standardof.net\/fr\/wp-json\/wp\/v2\/comments?post=274"}],"version-history":[{"count":0,"href":"https:\/\/ibomberdefense.standardof.net\/fr\/wp-json\/wp\/v2\/pages\/274\/revisions"}],"up":[{"embeddable":true,"href":"https:\/\/ibomberdefense.standardof.net\/fr\/wp-json\/wp\/v2\/pages\/266"}],"wp:featuredmedia":[{"embeddable":true,"href":"https:\/\/ibomberdefense.standardof.net\/fr\/wp-json\/wp\/v2\/media\/22"}],"wp:attachment":[{"href":"https:\/\/ibomberdefense.standardof.net\/fr\/wp-json\/wp\/v2\/media?parent=274"}],"curies":[{"name":"wp","href":"https:\/\/api.w.org\/{rel}","templated":true}]}}