{"id":276,"date":"2020-10-19T06:00:04","date_gmt":"2020-10-19T06:00:04","guid":{"rendered":"https:\/\/ibomberdefense.standardof.net\/?page_id=276"},"modified":"2020-10-19T08:05:56","modified_gmt":"2020-10-19T08:05:56","slug":"3-north-west-africa-seiged","status":"publish","type":"page","link":"https:\/\/ibomberdefense.standardof.net\/fr\/guide\/campagne-alliee\/3-nord-ouest-afrique-seiged\/","title":{"rendered":"3. Afrique du Nord-Ouest: Seiged"},"content":{"rendered":"<div class=\"wp-block-image\"><figure class=\"aligncenter size-large\"><a href=\"https:\/\/ibomberdefense.standardof.net\/fr\/guide\/campagne-alliee\/3-nord-ouest-afrique-seiged\/ibomber-defense-level-3-north-west-africa-seiged-1\/\"><img decoding=\"async\" width=\"800\" height=\"450\" src=\"https:\/\/ibomberdefense.standardof.net\/wp-content\/uploads\/sites\/5\/2020\/10\/iBomber-Defense-Level-3-North-West-Africa-Seiged-1-800x450.jpg\" alt=\"&quot;iBomber Defense&quot; - Niveau 3 - Afrique du Nord-Ouest: Seiged (1)\" class=\"wp-image-23\" title=\"\" srcset=\"https:\/\/ibomberdefense.standardof.net\/wp-content\/uploads\/sites\/5\/2020\/10\/iBomber-Defense-Level-3-North-West-Africa-Seiged-1-800x450.jpg 800w, https:\/\/ibomberdefense.standardof.net\/wp-content\/uploads\/sites\/5\/2020\/10\/iBomber-Defense-Level-3-North-West-Africa-Seiged-1-512x288.jpg 512w, https:\/\/ibomberdefense.standardof.net\/wp-content\/uploads\/sites\/5\/2020\/10\/iBomber-Defense-Level-3-North-West-Africa-Seiged-1-200x113.jpg 200w, https:\/\/ibomberdefense.standardof.net\/wp-content\/uploads\/sites\/5\/2020\/10\/iBomber-Defense-Level-3-North-West-Africa-Seiged-1-768x432.jpg 768w, https:\/\/ibomberdefense.standardof.net\/wp-content\/uploads\/sites\/5\/2020\/10\/iBomber-Defense-Level-3-North-West-Africa-Seiged-1-16x9.jpg 16w, https:\/\/ibomberdefense.standardof.net\/wp-content\/uploads\/sites\/5\/2020\/10\/iBomber-Defense-Level-3-North-West-Africa-Seiged-1.jpg 1280w\" sizes=\"(max-width: 800px) 100vw, 800px\" \/><\/a><figcaption>Chemins de voyage de l&#039;unit\u00e9 de l&#039;Afrique du Nord-Ouest.<\/figcaption><\/figure><\/div>\n\n\n\n<p>L&#039;Afrique du Nord-Ouest nous ram\u00e8ne \u00e0 l&#039;affrontement des unit\u00e9s terrestres uniquement au troisi\u00e8me niveau de la campagne alli\u00e9e en <em>D\u00e9fense iBomber<\/em>. Dans ce niveau d\u00e9sertique comportant plusieurs plateaux qui ne peuvent pas \u00eatre construits, nous affronterons 30 vagues venant de deux chemins convergeant rapidement vers l&#039;un de l&#039;ouest.<\/p>\n\n\n\n<p>\u00c9vitez de construire des tourelles \u00e0 proximit\u00e9 ou le long du faible contour d&#039;un chemin qui se courbe au sud du plateau o\u00f9 les deux routes convergent auparavant. Il y aura ensuite une mission bonus de contre-attaque qui fera bombarder cette bande de terre, d\u00e9truisant des tourelles plac\u00e9es directement sur ou pr\u00e8s de cette ligne.<\/p>\n\n\n\n<h3 class=\"wp-block-heading\"><strong>Placement de la tourelle<\/strong><\/h3>\n\n\n\n<p>Le meilleur endroit pour placer la majorit\u00e9 de vos tourelles est le long du c\u00f4t\u00e9 droit du chemin menant \u00e0 votre base, directement au nord de la base elle-m\u00eame. Quelques canons et une poign\u00e9e de tourelles de mitrailleuses, tous mis \u00e0 niveau au niveau 3, feront un excellent travail pour lutter contre les ennemis. Nous sommes encore assez t\u00f4t dans le jeu o\u00f9 les unit\u00e9s blind\u00e9es ne viennent pas dans les raz-de-mar\u00e9e, les mitrailleuses sont donc d\u00e9finitivement prioritaires.<\/p>\n\n\n\n<p>Une tourelle de sabotage fera bien l&#039;affaire, plac\u00e9e juste avant votre groupe principal de tourelles plac\u00e9es juste avant la base. Les tourelles ici seront \u00e9galement utiles contre les unit\u00e9s venant sur le chemin de contour faible lors de la prochaine mission de contre-attaque, qui conserve toutes les tourelles que vous avez construites \u00e0 ce niveau, moins celles d\u00e9truites. Si vous remarquez l&#039;image de la vague 30 \u00e0 droite, la tourelle de mitrailleuse au centre du trio plac\u00e9e \u00e0 gauche du chemin pr\u00e8s de la base se trouve sur la zone de destruction qui sera d\u00e9truite lorsque le nouveau chemin ouvrira la prochaine mission .<\/p>\n\n\n\n<figure class=\"wp-block-gallery columns-2 is-cropped wp-block-gallery-1 is-layout-flex wp-block-gallery-is-layout-flex\"><ul class=\"blocks-gallery-grid\"><li class=\"blocks-gallery-item\"><figure><a href=\"https:\/\/ibomberdefense.standardof.net\/fr\/guide\/campagne-alliee\/3-nord-ouest-afrique-seiged\/ibomber-defense-level-3-north-west-africa-seiged-2\/\"><img decoding=\"async\" width=\"800\" height=\"450\" src=\"https:\/\/ibomberdefense.standardof.net\/wp-content\/uploads\/sites\/5\/2020\/10\/iBomber-Defense-Level-3-North-West-Africa-Seiged-2-800x450.jpg\" alt=\"&quot;iBomber Defense&quot; - Niveau 3 - Afrique du Nord-Ouest: Seiged (2)\" data-id=\"24\" data-full-url=\"https:\/\/ibomberdefense.standardof.net\/wp-content\/uploads\/sites\/5\/2020\/10\/iBomber-Defense-Level-3-North-West-Africa-Seiged-2.jpg\" data-link=\"https:\/\/ibomberdefense.standardof.net\/guide\/allied-campaign\/3-north-west-africa-seiged\/ibomber-defense-level-3-north-west-africa-seiged-2\/\" class=\"wp-image-24\" title=\"\" srcset=\"https:\/\/ibomberdefense.standardof.net\/wp-content\/uploads\/sites\/5\/2020\/10\/iBomber-Defense-Level-3-North-West-Africa-Seiged-2-800x450.jpg 800w, https:\/\/ibomberdefense.standardof.net\/wp-content\/uploads\/sites\/5\/2020\/10\/iBomber-Defense-Level-3-North-West-Africa-Seiged-2-512x288.jpg 512w, https:\/\/ibomberdefense.standardof.net\/wp-content\/uploads\/sites\/5\/2020\/10\/iBomber-Defense-Level-3-North-West-Africa-Seiged-2-200x113.jpg 200w, https:\/\/ibomberdefense.standardof.net\/wp-content\/uploads\/sites\/5\/2020\/10\/iBomber-Defense-Level-3-North-West-Africa-Seiged-2-768x432.jpg 768w, https:\/\/ibomberdefense.standardof.net\/wp-content\/uploads\/sites\/5\/2020\/10\/iBomber-Defense-Level-3-North-West-Africa-Seiged-2-16x9.jpg 16w, https:\/\/ibomberdefense.standardof.net\/wp-content\/uploads\/sites\/5\/2020\/10\/iBomber-Defense-Level-3-North-West-Africa-Seiged-2.jpg 1280w\" sizes=\"(max-width: 800px) 100vw, 800px\" \/><\/a><figcaption class=\"blocks-gallery-item__caption\">Placement de la tourelle Wave 10.<\/figcaption><\/figure><\/li><li class=\"blocks-gallery-item\"><figure><a href=\"https:\/\/ibomberdefense.standardof.net\/fr\/guide\/campagne-alliee\/3-nord-ouest-afrique-seiged\/ibomber-defense-level-3-north-west-africa-seiged-3\/\"><img decoding=\"async\" width=\"800\" height=\"450\" src=\"https:\/\/ibomberdefense.standardof.net\/wp-content\/uploads\/sites\/5\/2020\/10\/iBomber-Defense-Level-3-North-West-Africa-Seiged-3-800x450.jpg\" alt=\"&quot;iBomber Defense&quot; - Niveau 3 - Afrique du Nord-Ouest: Seiged (3)\" data-id=\"25\" data-full-url=\"https:\/\/ibomberdefense.standardof.net\/wp-content\/uploads\/sites\/5\/2020\/10\/iBomber-Defense-Level-3-North-West-Africa-Seiged-3.jpg\" data-link=\"https:\/\/ibomberdefense.standardof.net\/guide\/allied-campaign\/3-north-west-africa-seiged\/ibomber-defense-level-3-north-west-africa-seiged-3\/\" class=\"wp-image-25\" title=\"\" srcset=\"https:\/\/ibomberdefense.standardof.net\/wp-content\/uploads\/sites\/5\/2020\/10\/iBomber-Defense-Level-3-North-West-Africa-Seiged-3-800x450.jpg 800w, https:\/\/ibomberdefense.standardof.net\/wp-content\/uploads\/sites\/5\/2020\/10\/iBomber-Defense-Level-3-North-West-Africa-Seiged-3-512x288.jpg 512w, https:\/\/ibomberdefense.standardof.net\/wp-content\/uploads\/sites\/5\/2020\/10\/iBomber-Defense-Level-3-North-West-Africa-Seiged-3-200x113.jpg 200w, https:\/\/ibomberdefense.standardof.net\/wp-content\/uploads\/sites\/5\/2020\/10\/iBomber-Defense-Level-3-North-West-Africa-Seiged-3-768x432.jpg 768w, https:\/\/ibomberdefense.standardof.net\/wp-content\/uploads\/sites\/5\/2020\/10\/iBomber-Defense-Level-3-North-West-Africa-Seiged-3-16x9.jpg 16w, https:\/\/ibomberdefense.standardof.net\/wp-content\/uploads\/sites\/5\/2020\/10\/iBomber-Defense-Level-3-North-West-Africa-Seiged-3.jpg 1280w\" sizes=\"(max-width: 800px) 100vw, 800px\" \/><\/a><figcaption class=\"blocks-gallery-item__caption\">Placement de la tourelle Wave 20.<\/figcaption><\/figure><\/li><li class=\"blocks-gallery-item\"><figure><a href=\"https:\/\/ibomberdefense.standardof.net\/fr\/guide\/campagne-alliee\/3-nord-ouest-afrique-seiged\/ibomber-defense-level-3-north-west-africa-seiged-4\/\"><img decoding=\"async\" width=\"800\" height=\"450\" src=\"https:\/\/ibomberdefense.standardof.net\/wp-content\/uploads\/sites\/5\/2020\/10\/iBomber-Defense-Level-3-North-West-Africa-Seiged-4-800x450.jpg\" alt=\"&quot;iBomber Defense&quot; - Niveau 3 - Afrique du Nord-Ouest: Seiged (4)\" data-id=\"26\" data-full-url=\"https:\/\/ibomberdefense.standardof.net\/wp-content\/uploads\/sites\/5\/2020\/10\/iBomber-Defense-Level-3-North-West-Africa-Seiged-4.jpg\" data-link=\"https:\/\/ibomberdefense.standardof.net\/guide\/allied-campaign\/3-north-west-africa-seiged\/ibomber-defense-level-3-north-west-africa-seiged-4\/\" class=\"wp-image-26\" title=\"\" srcset=\"https:\/\/ibomberdefense.standardof.net\/wp-content\/uploads\/sites\/5\/2020\/10\/iBomber-Defense-Level-3-North-West-Africa-Seiged-4-800x450.jpg 800w, https:\/\/ibomberdefense.standardof.net\/wp-content\/uploads\/sites\/5\/2020\/10\/iBomber-Defense-Level-3-North-West-Africa-Seiged-4-512x288.jpg 512w, https:\/\/ibomberdefense.standardof.net\/wp-content\/uploads\/sites\/5\/2020\/10\/iBomber-Defense-Level-3-North-West-Africa-Seiged-4-200x113.jpg 200w, https:\/\/ibomberdefense.standardof.net\/wp-content\/uploads\/sites\/5\/2020\/10\/iBomber-Defense-Level-3-North-West-Africa-Seiged-4-768x432.jpg 768w, https:\/\/ibomberdefense.standardof.net\/wp-content\/uploads\/sites\/5\/2020\/10\/iBomber-Defense-Level-3-North-West-Africa-Seiged-4-16x9.jpg 16w, https:\/\/ibomberdefense.standardof.net\/wp-content\/uploads\/sites\/5\/2020\/10\/iBomber-Defense-Level-3-North-West-Africa-Seiged-4.jpg 1280w\" sizes=\"(max-width: 800px) 100vw, 800px\" \/><\/a><figcaption class=\"blocks-gallery-item__caption\">Placement de la tourelle Wave 30.<\/figcaption><\/figure><\/li><\/ul><\/figure>\n\n\n\n<h3 class=\"wp-block-heading\"><strong>D\u00e9penses en points de victoire<\/strong><\/h3>\n\n\n\n<p>Les deux points de victoire que j&#039;ai obtenus dans mon jeu de cette mission ont \u00e9t\u00e9 consacr\u00e9s au d\u00e9verrouillage des tourelles de communication au niveau 1 et \u00e0 la r\u00e9paration au niveau 1, r\u00e9duisant le co\u00fbt de r\u00e9paration des tourelles pendant le jeu. La tourelle de communication augmentera la port\u00e9e et la puissance de feu des tourelles \u00e0 proximit\u00e9 tout en vous permettant d&#039;accumuler des int\u00e9r\u00eats avec de l&#039;argent \u00e9conomis\u00e9 pendant les niveaux.<\/p>\n\n\n\n<p>Niveaux des \u00e9l\u00e9ments actuellement d\u00e9verrouill\u00e9s:<br>Mitrailleuse 3, Canon 3, Anti Air 2, Sabotage 1, Comms 1, R\u00e9paration 1<\/p>\n\n\n\n<hr class=\"wp-block-separator\"\/>\n\n\n\n<h4 class=\"has-text-align-center wp-block-heading\">Guide vid\u00e9o<\/h4>\n\n\n\n<figure class=\"wp-block-embed-youtube wp-block-embed is-type-video is-provider-youtube wp-embed-aspect-16-9 wp-has-aspect-ratio wp-embed-aspect-4-3\"><div class=\"wp-block-embed__wrapper\">\n<div class=\"ast-oembed-container\" style=\"height: 100%;\"><iframe title=\"iBomber Defense - Afrique du Nord-Ouest - Seiged - V\u00e9t\u00e9ran + Parfait\" width=\"500\" height=\"281\" src=\"https:\/\/www.youtube.com\/embed\/qSDFBieAOa0?feature=oembed\" frameborder=\"0\" allow=\"accelerometer; autoplay; clipboard-write; encrypted-media; gyroscope; picture-in-picture; web-share\" referrerpolicy=\"strict-origin-when-cross-origin\" allowfullscreen><\/iframe><\/div>\n<\/div><\/figure>","protected":false},"excerpt":{"rendered":"<p>North West Africa takes us back to facing ground units only in the third level of the Allied campaign in iBomber Defense. In this desert level featuring several plateaus that cannot be built on we will face 30 waves coming from two paths converging quickly to one from the west. Avoid building turrets near or [&hellip;]<\/p>","protected":false},"author":1,"featured_media":26,"parent":266,"menu_order":3,"comment_status":"open","ping_status":"closed","template":"","meta":{"_uag_custom_page_level_css":"","site-sidebar-layout":"default","site-content-layout":"default","ast-site-content-layout":"","site-content-style":"default","site-sidebar-style":"default","ast-global-header-display":"","ast-banner-title-visibility":"","ast-main-header-display":"","ast-hfb-above-header-display":"","ast-hfb-below-header-display":"","ast-hfb-mobile-header-display":"","site-post-title":"","ast-breadcrumbs-content":"","ast-featured-img":"","footer-sml-layout":"","theme-transparent-header-meta":"default","adv-header-id-meta":"","stick-header-meta":"","header-above-stick-meta":"","header-main-stick-meta":"","header-below-stick-meta":"","astra-migrate-meta-layouts":"default","ast-page-background-enabled":"default","ast-page-background-meta":{"desktop":{"background-color":"","background-image":"","background-repeat":"repeat","background-position":"center center","background-size":"auto","background-attachment":"scroll","background-type":"","background-media":"","overlay-type":"","overlay-color":"","overlay-gradient":""},"tablet":{"background-color":"","background-image":"","background-repeat":"repeat","background-position":"center center","background-size":"auto","background-attachment":"scroll","background-type":"","background-media":"","overlay-type":"","overlay-color":"","overlay-gradient":""},"mobile":{"background-color":"","background-image":"","background-repeat":"repeat","background-position":"center center","background-size":"auto","background-attachment":"scroll","background-type":"","background-media":"","overlay-type":"","overlay-color":"","overlay-gradient":""}},"ast-content-background-meta":{"desktop":{"background-color":"var(--ast-global-color-5)","background-image":"","background-repeat":"repeat","background-position":"center center","background-size":"auto","background-attachment":"scroll","background-type":"","background-media":"","overlay-type":"","overlay-color":"","overlay-gradient":""},"tablet":{"background-color":"var(--ast-global-color-5)","background-image":"","background-repeat":"repeat","background-position":"center center","background-size":"auto","background-attachment":"scroll","background-type":"","background-media":"","overlay-type":"","overlay-color":"","overlay-gradient":""},"mobile":{"background-color":"var(--ast-global-color-5)","background-image":"","background-repeat":"repeat","background-position":"center center","background-size":"auto","background-attachment":"scroll","background-type":"","background-media":"","overlay-type":"","overlay-color":"","overlay-gradient":""}},"footnotes":""},"uagb_featured_image_src":{"full":["https:\/\/ibomberdefense.standardof.net\/wp-content\/uploads\/sites\/5\/2020\/10\/iBomber-Defense-Level-3-North-West-Africa-Seiged-4.jpg",1280,720,false],"thumbnail":["https:\/\/ibomberdefense.standardof.net\/wp-content\/uploads\/sites\/5\/2020\/10\/iBomber-Defense-Level-3-North-West-Africa-Seiged-4-200x113.jpg",200,113,true],"medium":["https:\/\/ibomberdefense.standardof.net\/wp-content\/uploads\/sites\/5\/2020\/10\/iBomber-Defense-Level-3-North-West-Africa-Seiged-4-512x288.jpg",512,288,true],"medium_large":["https:\/\/ibomberdefense.standardof.net\/wp-content\/uploads\/sites\/5\/2020\/10\/iBomber-Defense-Level-3-North-West-Africa-Seiged-4-768x432.jpg",768,432,true],"large":["https:\/\/ibomberdefense.standardof.net\/wp-content\/uploads\/sites\/5\/2020\/10\/iBomber-Defense-Level-3-North-West-Africa-Seiged-4-800x450.jpg",800,450,true],"1536x1536":["https:\/\/ibomberdefense.standardof.net\/wp-content\/uploads\/sites\/5\/2020\/10\/iBomber-Defense-Level-3-North-West-Africa-Seiged-4.jpg",1280,720,false],"2048x2048":["https:\/\/ibomberdefense.standardof.net\/wp-content\/uploads\/sites\/5\/2020\/10\/iBomber-Defense-Level-3-North-West-Africa-Seiged-4.jpg",1280,720,false],"trp-custom-language-flag":["https:\/\/ibomberdefense.standardof.net\/wp-content\/uploads\/sites\/5\/2020\/10\/iBomber-Defense-Level-3-North-West-Africa-Seiged-4-16x9.jpg",16,9,true]},"uagb_author_info":{"display_name":"SOE","author_link":"https:\/\/ibomberdefense.standardof.net\/fr\/author\/k-tastic\/"},"uagb_comment_info":0,"uagb_excerpt":"North West Africa takes us back to facing ground units only in the third level of the Allied campaign in iBomber Defense. In this desert level featuring several plateaus that cannot be built on we will face 30 waves coming from two paths converging quickly to one from the west. Avoid building turrets near or&hellip;","_links":{"self":[{"href":"https:\/\/ibomberdefense.standardof.net\/fr\/wp-json\/wp\/v2\/pages\/276"}],"collection":[{"href":"https:\/\/ibomberdefense.standardof.net\/fr\/wp-json\/wp\/v2\/pages"}],"about":[{"href":"https:\/\/ibomberdefense.standardof.net\/fr\/wp-json\/wp\/v2\/types\/page"}],"author":[{"embeddable":true,"href":"https:\/\/ibomberdefense.standardof.net\/fr\/wp-json\/wp\/v2\/users\/1"}],"replies":[{"embeddable":true,"href":"https:\/\/ibomberdefense.standardof.net\/fr\/wp-json\/wp\/v2\/comments?post=276"}],"version-history":[{"count":0,"href":"https:\/\/ibomberdefense.standardof.net\/fr\/wp-json\/wp\/v2\/pages\/276\/revisions"}],"up":[{"embeddable":true,"href":"https:\/\/ibomberdefense.standardof.net\/fr\/wp-json\/wp\/v2\/pages\/266"}],"wp:featuredmedia":[{"embeddable":true,"href":"https:\/\/ibomberdefense.standardof.net\/fr\/wp-json\/wp\/v2\/media\/26"}],"wp:attachment":[{"href":"https:\/\/ibomberdefense.standardof.net\/fr\/wp-json\/wp\/v2\/media?parent=276"}],"curies":[{"name":"wp","href":"https:\/\/api.w.org\/{rel}","templated":true}]}}