{"id":284,"date":"2020-10-19T06:07:15","date_gmt":"2020-10-19T06:07:15","guid":{"rendered":"https:\/\/ibomberdefense.standardof.net\/?page_id=284"},"modified":"2020-10-19T08:06:04","modified_gmt":"2020-10-19T08:06:04","slug":"5-north-east-africa-red-scorpion","status":"publish","type":"page","link":"https:\/\/ibomberdefense.standardof.net\/fr\/guide\/campagne-alliee\/5-afrique-du-nord-est-scorpion-rouge\/","title":{"rendered":"5. Afrique du Nord-Est: Scorpion rouge"},"content":{"rendered":"<div class=\"wp-block-image\"><figure class=\"aligncenter size-large\"><a href=\"https:\/\/ibomberdefense.standardof.net\/fr\/guide\/campagne-alliee\/5-afrique-du-nord-est-scorpion-rouge\/ibomber-defense-level-5-north-east-africa-red-scorpion-1\/\"><img decoding=\"async\" width=\"800\" height=\"450\" src=\"https:\/\/ibomberdefense.standardof.net\/wp-content\/uploads\/sites\/5\/2020\/10\/iBomber-Defense-Level-5-North-East-Africa-Red-Scorpion-1-800x450.jpg\" alt=\"&quot;iBomber Defense&quot; - Niveau 5 - Afrique du Nord-Est: Red Scorpion (1)\" class=\"wp-image-30\" title=\"\" srcset=\"https:\/\/ibomberdefense.standardof.net\/wp-content\/uploads\/sites\/5\/2020\/10\/iBomber-Defense-Level-5-North-East-Africa-Red-Scorpion-1-800x450.jpg 800w, https:\/\/ibomberdefense.standardof.net\/wp-content\/uploads\/sites\/5\/2020\/10\/iBomber-Defense-Level-5-North-East-Africa-Red-Scorpion-1-512x288.jpg 512w, https:\/\/ibomberdefense.standardof.net\/wp-content\/uploads\/sites\/5\/2020\/10\/iBomber-Defense-Level-5-North-East-Africa-Red-Scorpion-1-200x113.jpg 200w, https:\/\/ibomberdefense.standardof.net\/wp-content\/uploads\/sites\/5\/2020\/10\/iBomber-Defense-Level-5-North-East-Africa-Red-Scorpion-1-768x432.jpg 768w, https:\/\/ibomberdefense.standardof.net\/wp-content\/uploads\/sites\/5\/2020\/10\/iBomber-Defense-Level-5-North-East-Africa-Red-Scorpion-1-16x9.jpg 16w, https:\/\/ibomberdefense.standardof.net\/wp-content\/uploads\/sites\/5\/2020\/10\/iBomber-Defense-Level-5-North-East-Africa-Red-Scorpion-1.jpg 1280w\" sizes=\"(max-width: 800px) 100vw, 800px\" \/><\/a><figcaption>Routes des unit\u00e9s ennemies en Afrique du Nord-Est. Les chemins verts et jaunes sont des unit\u00e9s au sol, la ligne noire est des unit\u00e9s a\u00e9riennes.<\/figcaption><\/figure><\/div>\n\n\n\n<p>Nous \u00e9tions maintenant de retour dans le d\u00e9sert, mais dans un nouvel emplacement, l&#039;Afrique du Nord-Est faisant face \u00e0 3 chemins diff\u00e9rents d&#039;unit\u00e9s terrestres qui voyagent entre une s\u00e9rie de plateaux sur lesquels nous pouvons b\u00e2tir pour une port\u00e9e accrue avec le premier groupe d&#039;unit\u00e9s a\u00e9riennes confront\u00e9es jusqu&#039;\u00e0 pr\u00e9sent \u00e0 descendre. le centre de la carte.<\/p>\n\n\n\n<p>Le meilleur endroit pour se concentrer sur la construction de votre armement est sur ces plateaux qui occupent le centre de la carte. \u00c9tant donn\u00e9 que les routes se faufilent entre et convergent autour de ce terrain sur\u00e9lev\u00e9, les tourelles plac\u00e9es le long de cette zone auront un excellent champ de tir pour frapper la grande majorit\u00e9 des unit\u00e9s venant vers votre base.<\/p>\n\n\n\n<h3 class=\"wp-block-heading\"><strong>Placement de la tourelle<\/strong><\/h3>\n\n\n\n<p>D\u00e9but de la mise en place d&#039;une paire de tourelles de mitrailleuses l\u00e0 o\u00f9 les chemins convergent vers la route unique finale vers la base, sur le plateau directement au nord-ouest de la base. Commencez \u00e0 \u00e9conomiser pour les tourelles de communication \u00e0 placer sur ce plateau, puis continuez \u00e0 construire dessus avec des canons et une autre mitrailleuse pour que plusieurs tourelles chevauchent toutes la zone de convergence, en particulier compte tenu de la hauteur et de l&#039;augmentation de la port\u00e9e des communications.<\/p>\n\n\n\n<p>Les ondes a\u00e9riennes apparaissent pour la premi\u00e8re fois dans le jeu \u00e0 la vague 20, alors assurez-vous d&#039;avoir des tourelles anti-a\u00e9riennes d&#039;ici l\u00e0, en les pla\u00e7ant vers le centre de la carte pour obtenir la meilleure couverture le long du trajet de l&#039;unit\u00e9 a\u00e9rienne. Une fois le premier plateau bien arm\u00e9, vous pouvez travailler sur l&#039;ajout des 3 autres plateaux centraux tout en ajoutant des communications \u00e0 chacun pour vous donner un r\u00e9seau de d\u00e9fense puissant.<\/p>\n\n\n\n<figure class=\"wp-block-gallery columns-2 is-cropped wp-block-gallery-1 is-layout-flex wp-block-gallery-is-layout-flex\"><ul class=\"blocks-gallery-grid\"><li class=\"blocks-gallery-item\"><figure><a href=\"https:\/\/ibomberdefense.standardof.net\/fr\/guide\/campagne-alliee\/5-afrique-du-nord-est-scorpion-rouge\/ibomber-defense-level-5-north-east-africa-red-scorpion-2\/\"><img decoding=\"async\" width=\"800\" height=\"450\" src=\"https:\/\/ibomberdefense.standardof.net\/wp-content\/uploads\/sites\/5\/2020\/10\/iBomber-Defense-Level-5-North-East-Africa-Red-Scorpion-2-800x450.jpg\" alt=\"&quot;iBomber Defense&quot; - Niveau 5 - Afrique du Nord-Est: Red Scorpion (2)\" data-id=\"31\" data-full-url=\"https:\/\/ibomberdefense.standardof.net\/wp-content\/uploads\/sites\/5\/2020\/10\/iBomber-Defense-Level-5-North-East-Africa-Red-Scorpion-2.jpg\" data-link=\"https:\/\/ibomberdefense.standardof.net\/guide\/allied-campaign\/5-north-east-africa-red-scorpion\/ibomber-defense-level-5-north-east-africa-red-scorpion-2\/\" class=\"wp-image-31\" title=\"\" srcset=\"https:\/\/ibomberdefense.standardof.net\/wp-content\/uploads\/sites\/5\/2020\/10\/iBomber-Defense-Level-5-North-East-Africa-Red-Scorpion-2-800x450.jpg 800w, https:\/\/ibomberdefense.standardof.net\/wp-content\/uploads\/sites\/5\/2020\/10\/iBomber-Defense-Level-5-North-East-Africa-Red-Scorpion-2-512x288.jpg 512w, https:\/\/ibomberdefense.standardof.net\/wp-content\/uploads\/sites\/5\/2020\/10\/iBomber-Defense-Level-5-North-East-Africa-Red-Scorpion-2-200x113.jpg 200w, https:\/\/ibomberdefense.standardof.net\/wp-content\/uploads\/sites\/5\/2020\/10\/iBomber-Defense-Level-5-North-East-Africa-Red-Scorpion-2-768x432.jpg 768w, https:\/\/ibomberdefense.standardof.net\/wp-content\/uploads\/sites\/5\/2020\/10\/iBomber-Defense-Level-5-North-East-Africa-Red-Scorpion-2-16x9.jpg 16w, https:\/\/ibomberdefense.standardof.net\/wp-content\/uploads\/sites\/5\/2020\/10\/iBomber-Defense-Level-5-North-East-Africa-Red-Scorpion-2.jpg 1280w\" sizes=\"(max-width: 800px) 100vw, 800px\" \/><\/a><figcaption class=\"blocks-gallery-item__caption\">Placement de la tourelle Wave 10.<\/figcaption><\/figure><\/li><li class=\"blocks-gallery-item\"><figure><a href=\"https:\/\/ibomberdefense.standardof.net\/fr\/guide\/campagne-alliee\/5-afrique-du-nord-est-scorpion-rouge\/ibomber-defense-level-5-north-east-africa-red-scorpion-3\/\"><img decoding=\"async\" width=\"800\" height=\"450\" src=\"https:\/\/ibomberdefense.standardof.net\/wp-content\/uploads\/sites\/5\/2020\/10\/iBomber-Defense-Level-5-North-East-Africa-Red-Scorpion-3-800x450.jpg\" alt=\"&quot;iBomber Defense&quot; - Niveau 5 - Afrique du Nord-Est: Red Scorpion (3)\" data-id=\"32\" data-full-url=\"https:\/\/ibomberdefense.standardof.net\/wp-content\/uploads\/sites\/5\/2020\/10\/iBomber-Defense-Level-5-North-East-Africa-Red-Scorpion-3.jpg\" data-link=\"https:\/\/ibomberdefense.standardof.net\/guide\/allied-campaign\/5-north-east-africa-red-scorpion\/ibomber-defense-level-5-north-east-africa-red-scorpion-3\/\" class=\"wp-image-32\" title=\"\" srcset=\"https:\/\/ibomberdefense.standardof.net\/wp-content\/uploads\/sites\/5\/2020\/10\/iBomber-Defense-Level-5-North-East-Africa-Red-Scorpion-3-800x450.jpg 800w, https:\/\/ibomberdefense.standardof.net\/wp-content\/uploads\/sites\/5\/2020\/10\/iBomber-Defense-Level-5-North-East-Africa-Red-Scorpion-3-512x288.jpg 512w, https:\/\/ibomberdefense.standardof.net\/wp-content\/uploads\/sites\/5\/2020\/10\/iBomber-Defense-Level-5-North-East-Africa-Red-Scorpion-3-200x113.jpg 200w, https:\/\/ibomberdefense.standardof.net\/wp-content\/uploads\/sites\/5\/2020\/10\/iBomber-Defense-Level-5-North-East-Africa-Red-Scorpion-3-768x432.jpg 768w, https:\/\/ibomberdefense.standardof.net\/wp-content\/uploads\/sites\/5\/2020\/10\/iBomber-Defense-Level-5-North-East-Africa-Red-Scorpion-3-16x9.jpg 16w, https:\/\/ibomberdefense.standardof.net\/wp-content\/uploads\/sites\/5\/2020\/10\/iBomber-Defense-Level-5-North-East-Africa-Red-Scorpion-3.jpg 1280w\" sizes=\"(max-width: 800px) 100vw, 800px\" \/><\/a><figcaption class=\"blocks-gallery-item__caption\">Placement de la tourelle Wave 20.<\/figcaption><\/figure><\/li><li class=\"blocks-gallery-item\"><figure><a href=\"https:\/\/ibomberdefense.standardof.net\/fr\/guide\/campagne-alliee\/5-afrique-du-nord-est-scorpion-rouge\/ibomber-defense-level-5-north-east-africa-red-scorpion-4\/\"><img decoding=\"async\" width=\"800\" height=\"450\" src=\"https:\/\/ibomberdefense.standardof.net\/wp-content\/uploads\/sites\/5\/2020\/10\/iBomber-Defense-Level-5-North-East-Africa-Red-Scorpion-4-800x450.jpg\" alt=\"&quot;iBomber Defense&quot; - Niveau 5 - Afrique du Nord-Est: Red Scorpion (4)\" data-id=\"33\" data-full-url=\"https:\/\/ibomberdefense.standardof.net\/wp-content\/uploads\/sites\/5\/2020\/10\/iBomber-Defense-Level-5-North-East-Africa-Red-Scorpion-4.jpg\" data-link=\"https:\/\/ibomberdefense.standardof.net\/guide\/allied-campaign\/5-north-east-africa-red-scorpion\/ibomber-defense-level-5-north-east-africa-red-scorpion-4\/\" class=\"wp-image-33\" title=\"\" srcset=\"https:\/\/ibomberdefense.standardof.net\/wp-content\/uploads\/sites\/5\/2020\/10\/iBomber-Defense-Level-5-North-East-Africa-Red-Scorpion-4-800x450.jpg 800w, https:\/\/ibomberdefense.standardof.net\/wp-content\/uploads\/sites\/5\/2020\/10\/iBomber-Defense-Level-5-North-East-Africa-Red-Scorpion-4-512x288.jpg 512w, https:\/\/ibomberdefense.standardof.net\/wp-content\/uploads\/sites\/5\/2020\/10\/iBomber-Defense-Level-5-North-East-Africa-Red-Scorpion-4-200x113.jpg 200w, https:\/\/ibomberdefense.standardof.net\/wp-content\/uploads\/sites\/5\/2020\/10\/iBomber-Defense-Level-5-North-East-Africa-Red-Scorpion-4-768x432.jpg 768w, https:\/\/ibomberdefense.standardof.net\/wp-content\/uploads\/sites\/5\/2020\/10\/iBomber-Defense-Level-5-North-East-Africa-Red-Scorpion-4-16x9.jpg 16w, https:\/\/ibomberdefense.standardof.net\/wp-content\/uploads\/sites\/5\/2020\/10\/iBomber-Defense-Level-5-North-East-Africa-Red-Scorpion-4.jpg 1280w\" sizes=\"(max-width: 800px) 100vw, 800px\" \/><\/a><figcaption class=\"blocks-gallery-item__caption\">Placement de la tourelle Wave 30.<\/figcaption><\/figure><\/li><\/ul><\/figure>\n\n\n\n<h3 class=\"wp-block-heading\"><strong>D\u00e9penses en points de victoire<\/strong><\/h3>\n\n\n\n<p>Avec l&#039;introduction des unit\u00e9s a\u00e9riennes \u00e0 ce stade du jeu, il est pr\u00e9f\u00e9rable de d\u00e9penser l&#039;un des deux points de victoire gagn\u00e9s \u00e0 ce niveau sur la tourelle Anti Air pour d\u00e9bloquer le troisi\u00e8me niveau car l&#039;espace pour elles est souvent limit\u00e9, n\u00e9cessitant des mises \u00e0 niveau de 3\u00e8me niveau. Ensuite, nous pouvons am\u00e9liorer la tourelle de sabotage au niveau 2 afin d&#039;avoir un meilleur outil avec lequel utiliser pour ralentir l&#039;ennemi.<\/p>\n\n\n\n<p>Niveaux des \u00e9l\u00e9ments actuellement d\u00e9verrouill\u00e9s:<br>Mitrailleuse 3, Cannon 3, Anti Air 3, Sabotage 2, Comms 2, Buy 2, Repair 1<\/p>\n\n\n\n<hr class=\"wp-block-separator\"\/>\n\n\n\n<h4 class=\"has-text-align-center wp-block-heading\">Guide vid\u00e9o<\/h4>\n\n\n\n<figure class=\"wp-block-embed-youtube wp-block-embed is-type-video is-provider-youtube wp-embed-aspect-16-9 wp-has-aspect-ratio\"><div class=\"wp-block-embed__wrapper\">\n<div class=\"ast-oembed-container\" style=\"height: 100%;\"><iframe title=\"iBomber Defence - Afrique du Nord-Est - Scorpion rouge - V\u00e9t\u00e9ran + Parfait\" width=\"500\" height=\"281\" src=\"https:\/\/www.youtube.com\/embed\/3Vn9yk3Rkgc?feature=oembed\" frameborder=\"0\" allow=\"accelerometer; autoplay; clipboard-write; encrypted-media; gyroscope; picture-in-picture; web-share\" referrerpolicy=\"strict-origin-when-cross-origin\" allowfullscreen><\/iframe><\/div>\n<\/div><\/figure>","protected":false},"excerpt":{"rendered":"<p>Now were back to the desert again but in a new location, North East Africa facing 3 different paths of ground units that travel between a series of plateaus that we can build on for increased range with the first group of air units faced so far traveling down the center of the map. The [&hellip;]<\/p>","protected":false},"author":1,"featured_media":33,"parent":266,"menu_order":5,"comment_status":"open","ping_status":"closed","template":"","meta":{"_uag_custom_page_level_css":"","site-sidebar-layout":"default","site-content-layout":"default","ast-site-content-layout":"","site-content-style":"default","site-sidebar-style":"default","ast-global-header-display":"","ast-banner-title-visibility":"","ast-main-header-display":"","ast-hfb-above-header-display":"","ast-hfb-below-header-display":"","ast-hfb-mobile-header-display":"","site-post-title":"","ast-breadcrumbs-content":"","ast-featured-img":"","footer-sml-layout":"","theme-transparent-header-meta":"default","adv-header-id-meta":"","stick-header-meta":"","header-above-stick-meta":"","header-main-stick-meta":"","header-below-stick-meta":"","astra-migrate-meta-layouts":"default","ast-page-background-enabled":"default","ast-page-background-meta":{"desktop":{"background-color":"","background-image":"","background-repeat":"repeat","background-position":"center center","background-size":"auto","background-attachment":"scroll","background-type":"","background-media":"","overlay-type":"","overlay-color":"","overlay-gradient":""},"tablet":{"background-color":"","background-image":"","background-repeat":"repeat","background-position":"center center","background-size":"auto","background-attachment":"scroll","background-type":"","background-media":"","overlay-type":"","overlay-color":"","overlay-gradient":""},"mobile":{"background-color":"","background-image":"","background-repeat":"repeat","background-position":"center center","background-size":"auto","background-attachment":"scroll","background-type":"","background-media":"","overlay-type":"","overlay-color":"","overlay-gradient":""}},"ast-content-background-meta":{"desktop":{"background-color":"var(--ast-global-color-5)","background-image":"","background-repeat":"repeat","background-position":"center center","background-size":"auto","background-attachment":"scroll","background-type":"","background-media":"","overlay-type":"","overlay-color":"","overlay-gradient":""},"tablet":{"background-color":"var(--ast-global-color-5)","background-image":"","background-repeat":"repeat","background-position":"center center","background-size":"auto","background-attachment":"scroll","background-type":"","background-media":"","overlay-type":"","overlay-color":"","overlay-gradient":""},"mobile":{"background-color":"var(--ast-global-color-5)","background-image":"","background-repeat":"repeat","background-position":"center center","background-size":"auto","background-attachment":"scroll","background-type":"","background-media":"","overlay-type":"","overlay-color":"","overlay-gradient":""}},"footnotes":""},"uagb_featured_image_src":{"full":["https:\/\/ibomberdefense.standardof.net\/wp-content\/uploads\/sites\/5\/2020\/10\/iBomber-Defense-Level-5-North-East-Africa-Red-Scorpion-4.jpg",1280,720,false],"thumbnail":["https:\/\/ibomberdefense.standardof.net\/wp-content\/uploads\/sites\/5\/2020\/10\/iBomber-Defense-Level-5-North-East-Africa-Red-Scorpion-4-200x113.jpg",200,113,true],"medium":["https:\/\/ibomberdefense.standardof.net\/wp-content\/uploads\/sites\/5\/2020\/10\/iBomber-Defense-Level-5-North-East-Africa-Red-Scorpion-4-512x288.jpg",512,288,true],"medium_large":["https:\/\/ibomberdefense.standardof.net\/wp-content\/uploads\/sites\/5\/2020\/10\/iBomber-Defense-Level-5-North-East-Africa-Red-Scorpion-4-768x432.jpg",768,432,true],"large":["https:\/\/ibomberdefense.standardof.net\/wp-content\/uploads\/sites\/5\/2020\/10\/iBomber-Defense-Level-5-North-East-Africa-Red-Scorpion-4-800x450.jpg",800,450,true],"1536x1536":["https:\/\/ibomberdefense.standardof.net\/wp-content\/uploads\/sites\/5\/2020\/10\/iBomber-Defense-Level-5-North-East-Africa-Red-Scorpion-4.jpg",1280,720,false],"2048x2048":["https:\/\/ibomberdefense.standardof.net\/wp-content\/uploads\/sites\/5\/2020\/10\/iBomber-Defense-Level-5-North-East-Africa-Red-Scorpion-4.jpg",1280,720,false],"trp-custom-language-flag":["https:\/\/ibomberdefense.standardof.net\/wp-content\/uploads\/sites\/5\/2020\/10\/iBomber-Defense-Level-5-North-East-Africa-Red-Scorpion-4-16x9.jpg",16,9,true]},"uagb_author_info":{"display_name":"SOE","author_link":"https:\/\/ibomberdefense.standardof.net\/fr\/author\/k-tastic\/"},"uagb_comment_info":0,"uagb_excerpt":"Now were back to the desert again but in a new location, North East Africa facing 3 different paths of ground units that travel between a series of plateaus that we can build on for increased range with the first group of air units faced so far traveling down the center of the map. The&hellip;","_links":{"self":[{"href":"https:\/\/ibomberdefense.standardof.net\/fr\/wp-json\/wp\/v2\/pages\/284"}],"collection":[{"href":"https:\/\/ibomberdefense.standardof.net\/fr\/wp-json\/wp\/v2\/pages"}],"about":[{"href":"https:\/\/ibomberdefense.standardof.net\/fr\/wp-json\/wp\/v2\/types\/page"}],"author":[{"embeddable":true,"href":"https:\/\/ibomberdefense.standardof.net\/fr\/wp-json\/wp\/v2\/users\/1"}],"replies":[{"embeddable":true,"href":"https:\/\/ibomberdefense.standardof.net\/fr\/wp-json\/wp\/v2\/comments?post=284"}],"version-history":[{"count":0,"href":"https:\/\/ibomberdefense.standardof.net\/fr\/wp-json\/wp\/v2\/pages\/284\/revisions"}],"up":[{"embeddable":true,"href":"https:\/\/ibomberdefense.standardof.net\/fr\/wp-json\/wp\/v2\/pages\/266"}],"wp:featuredmedia":[{"embeddable":true,"href":"https:\/\/ibomberdefense.standardof.net\/fr\/wp-json\/wp\/v2\/media\/33"}],"wp:attachment":[{"href":"https:\/\/ibomberdefense.standardof.net\/fr\/wp-json\/wp\/v2\/media?parent=284"}],"curies":[{"name":"wp","href":"https:\/\/api.w.org\/{rel}","templated":true}]}}