{"id":285,"date":"2020-10-19T06:07:32","date_gmt":"2020-10-19T06:07:32","guid":{"rendered":"https:\/\/ibomberdefense.standardof.net\/?page_id=285"},"modified":"2020-10-19T08:06:08","modified_gmt":"2020-10-19T08:06:08","slug":"6-south-east-europe-eightball","status":"publish","type":"page","link":"https:\/\/ibomberdefense.standardof.net\/fr\/guide\/campagne-alliee\/6-sud-est-europe-8ball-2\/","title":{"rendered":"6. Europe du Sud-Est: Eightball"},"content":{"rendered":"<div class=\"wp-block-image\"><figure class=\"aligncenter size-large\"><a href=\"https:\/\/ibomberdefense.standardof.net\/fr\/guide\/campagne-alliee\/6-sud-est-europe-8ball-2\/ibomber-defense-level-6-south-east-europe-eightball-1\/\"><img decoding=\"async\" width=\"800\" height=\"450\" src=\"https:\/\/ibomberdefense.standardof.net\/wp-content\/uploads\/sites\/5\/2020\/10\/iBomber-Defense-Level-6-South-East-Europe-Eightball-1-800x450.jpg\" alt=\"&quot;iBomber Defense&quot; - Niveau 6 - Europe du Sud-Est: Eightball (1)\" class=\"wp-image-34\" title=\"\" srcset=\"https:\/\/ibomberdefense.standardof.net\/wp-content\/uploads\/sites\/5\/2020\/10\/iBomber-Defense-Level-6-South-East-Europe-Eightball-1-800x450.jpg 800w, https:\/\/ibomberdefense.standardof.net\/wp-content\/uploads\/sites\/5\/2020\/10\/iBomber-Defense-Level-6-South-East-Europe-Eightball-1-512x288.jpg 512w, https:\/\/ibomberdefense.standardof.net\/wp-content\/uploads\/sites\/5\/2020\/10\/iBomber-Defense-Level-6-South-East-Europe-Eightball-1-200x113.jpg 200w, https:\/\/ibomberdefense.standardof.net\/wp-content\/uploads\/sites\/5\/2020\/10\/iBomber-Defense-Level-6-South-East-Europe-Eightball-1-768x432.jpg 768w, https:\/\/ibomberdefense.standardof.net\/wp-content\/uploads\/sites\/5\/2020\/10\/iBomber-Defense-Level-6-South-East-Europe-Eightball-1-16x9.jpg 16w, https:\/\/ibomberdefense.standardof.net\/wp-content\/uploads\/sites\/5\/2020\/10\/iBomber-Defense-Level-6-South-East-Europe-Eightball-1.jpg 1280w\" sizes=\"(max-width: 800px) 100vw, 800px\" \/><\/a><figcaption>Les chemins rouges et bleus indiquent les itin\u00e9raires de voyage des unit\u00e9s terrestres avec les unit\u00e9s a\u00e9riennes empruntant le chemin orange en Europe du Sud-Est.<\/figcaption><\/figure><\/div>\n\n\n\n<p>Nous sommes maintenant de retour sur les terres vertes et brillantes de la for\u00eat pour affronter 30 vagues d&#039;unit\u00e9s terrestres et a\u00e9riennes qui voyagent autour et au-dessus d&#039;un lac voisin dont la base se trouve juste au sud-est de. Malheureusement, les chemins ici convergent tr\u00e8s tardivement avec peu d&#039;opportunit\u00e9s de placement de tourelles, donc les strat\u00e9gies ici devront se concentrer sur deux bases de tir s\u00e9par\u00e9es pour g\u00e9rer chacun des chemins d&#039;entr\u00e9e des unit\u00e9s terrestres avec AA au centre.<\/p>\n\n\n\n<p>Il n&#039;y a que deux chemins que les unit\u00e9s au sol empruntent, avec un troisi\u00e8me pour l&#039;avion voyageant \u00e0 travers la courbe du milieu vers la base. Les bases de feu que nous choisirons de construire seront sur le plateau sud et la parcelle ouverte entre les bois et le lac par l&#039;entr\u00e9e nord.<\/p>\n\n\n\n<h3 class=\"wp-block-heading\"><strong>Placement de la tourelle<\/strong><\/h3>\n\n\n\n<p>Jusqu&#039;\u00e0 la vague 10, il est pr\u00e9f\u00e9rable de se concentrer sur une paire de tourelles de mitrailleuses pour chacune des bases de tir mentionn\u00e9es ci-dessus et visibles sur les images de vagues \u00e0 droite. Amenez chaque paire de tourelles de mitrailleuses au niveau 3 car elles seront principalement confront\u00e9es \u00e0 des unit\u00e9s l\u00e9g\u00e8res jusqu&#039;\u00e0 pr\u00e9sent. Chaque fois qu&#039;une nouvelle tourelle de mitrailleuse monte, elle devrait \u00eatre mise \u00e0 niveau au niveau 3 assez rapidement.<\/p>\n\n\n\n<p>Des vagues 10 \u00e0 20, vous voudrez vous concentrer sur la construction d&#039;une 3e tourelle de mitrailleuse \u00e0 chaque base de tir tout en ajoutant une tourelle de communication \u00e0 chacune pour am\u00e9liorer leur port\u00e9e. Au niveau 15, vous aurez besoin d&#039;une tourelle anti-a\u00e9rienne plac\u00e9e \u00e0 la base de tir nord, loin du bord du chemin pour \u00e9viter d&#039;utiliser un endroit plus utile pour un autre canon. Vers 20, l&#039;ajout d&#039;un canon avec une troisi\u00e8me tourelle de communication juste \u00e0 c\u00f4t\u00e9 de la base au niveau des chemins de convergence nous permettra une sauvegarde contre tout ce qui passe.<\/p>\n\n\n\n<p>Les vagues 20 \u00e0 30 devraient \u00eatre ax\u00e9es sur la mise \u00e0 niveau des tourelles de communication au niveau 2 tout en ajoutant une tourelle Cannon suppl\u00e9mentaire aux deux bases de tir et de l&#039;autre c\u00f4t\u00e9 du chemin \u00e0 c\u00f4t\u00e9 de la base o\u00f9 les deux routes principales convergent. Si vous avez de l&#039;argent suppl\u00e9mentaire, la mise \u00e0 niveau des canons au-del\u00e0 du niveau 1 devrait arriver vers la fin car les canons de niveau 2 ne sont pas exactement n\u00e9cessaires ici.<\/p>\n\n\n\n<figure class=\"wp-block-gallery columns-2 is-cropped wp-block-gallery-1 is-layout-flex wp-block-gallery-is-layout-flex\"><ul class=\"blocks-gallery-grid\"><li class=\"blocks-gallery-item\"><figure><a href=\"https:\/\/ibomberdefense.standardof.net\/fr\/guide\/campagne-alliee\/6-sud-est-europe-8ball-2\/ibomber-defense-level-6-south-east-europe-eightball-2\/\"><img decoding=\"async\" width=\"800\" height=\"450\" src=\"https:\/\/ibomberdefense.standardof.net\/wp-content\/uploads\/sites\/5\/2020\/10\/iBomber-Defense-Level-6-South-East-Europe-Eightball-2-800x450.jpg\" alt=\"&quot;iBomber Defense&quot; - Niveau 6 - Europe du Sud-Est: Eightball (2)\" data-id=\"35\" data-full-url=\"https:\/\/ibomberdefense.standardof.net\/wp-content\/uploads\/sites\/5\/2020\/10\/iBomber-Defense-Level-6-South-East-Europe-Eightball-2.jpg\" data-link=\"https:\/\/ibomberdefense.standardof.net\/guide\/allied-campaign\/6-south-east-europe-eightball\/ibomber-defense-level-6-south-east-europe-eightball-2\/\" class=\"wp-image-35\" title=\"\" srcset=\"https:\/\/ibomberdefense.standardof.net\/wp-content\/uploads\/sites\/5\/2020\/10\/iBomber-Defense-Level-6-South-East-Europe-Eightball-2-800x450.jpg 800w, https:\/\/ibomberdefense.standardof.net\/wp-content\/uploads\/sites\/5\/2020\/10\/iBomber-Defense-Level-6-South-East-Europe-Eightball-2-512x288.jpg 512w, https:\/\/ibomberdefense.standardof.net\/wp-content\/uploads\/sites\/5\/2020\/10\/iBomber-Defense-Level-6-South-East-Europe-Eightball-2-200x113.jpg 200w, https:\/\/ibomberdefense.standardof.net\/wp-content\/uploads\/sites\/5\/2020\/10\/iBomber-Defense-Level-6-South-East-Europe-Eightball-2-768x432.jpg 768w, https:\/\/ibomberdefense.standardof.net\/wp-content\/uploads\/sites\/5\/2020\/10\/iBomber-Defense-Level-6-South-East-Europe-Eightball-2-16x9.jpg 16w, https:\/\/ibomberdefense.standardof.net\/wp-content\/uploads\/sites\/5\/2020\/10\/iBomber-Defense-Level-6-South-East-Europe-Eightball-2.jpg 1280w\" sizes=\"(max-width: 800px) 100vw, 800px\" \/><\/a><figcaption class=\"blocks-gallery-item__caption\">Placement de la tourelle Wave 10.<\/figcaption><\/figure><\/li><li class=\"blocks-gallery-item\"><figure><a href=\"https:\/\/ibomberdefense.standardof.net\/fr\/guide\/campagne-alliee\/6-sud-est-europe-8ball-2\/ibomber-defense-level-6-south-east-europe-eightball-3\/\"><img decoding=\"async\" width=\"800\" height=\"450\" src=\"https:\/\/ibomberdefense.standardof.net\/wp-content\/uploads\/sites\/5\/2020\/10\/iBomber-Defense-Level-6-South-East-Europe-Eightball-3-800x450.jpg\" alt=\"&quot;iBomber Defense&quot; - Niveau 6 - Europe du Sud-Est: Eightball (3)\" data-id=\"36\" data-full-url=\"https:\/\/ibomberdefense.standardof.net\/wp-content\/uploads\/sites\/5\/2020\/10\/iBomber-Defense-Level-6-South-East-Europe-Eightball-3.jpg\" data-link=\"https:\/\/ibomberdefense.standardof.net\/guide\/allied-campaign\/6-south-east-europe-eightball\/ibomber-defense-level-6-south-east-europe-eightball-3\/\" class=\"wp-image-36\" title=\"\" srcset=\"https:\/\/ibomberdefense.standardof.net\/wp-content\/uploads\/sites\/5\/2020\/10\/iBomber-Defense-Level-6-South-East-Europe-Eightball-3-800x450.jpg 800w, https:\/\/ibomberdefense.standardof.net\/wp-content\/uploads\/sites\/5\/2020\/10\/iBomber-Defense-Level-6-South-East-Europe-Eightball-3-512x288.jpg 512w, https:\/\/ibomberdefense.standardof.net\/wp-content\/uploads\/sites\/5\/2020\/10\/iBomber-Defense-Level-6-South-East-Europe-Eightball-3-200x113.jpg 200w, https:\/\/ibomberdefense.standardof.net\/wp-content\/uploads\/sites\/5\/2020\/10\/iBomber-Defense-Level-6-South-East-Europe-Eightball-3-768x432.jpg 768w, https:\/\/ibomberdefense.standardof.net\/wp-content\/uploads\/sites\/5\/2020\/10\/iBomber-Defense-Level-6-South-East-Europe-Eightball-3-16x9.jpg 16w, https:\/\/ibomberdefense.standardof.net\/wp-content\/uploads\/sites\/5\/2020\/10\/iBomber-Defense-Level-6-South-East-Europe-Eightball-3.jpg 1280w\" sizes=\"(max-width: 800px) 100vw, 800px\" \/><\/a><figcaption class=\"blocks-gallery-item__caption\">Placement de la tourelle Wave 20.<\/figcaption><\/figure><\/li><li class=\"blocks-gallery-item\"><figure><a href=\"https:\/\/ibomberdefense.standardof.net\/fr\/guide\/campagne-alliee\/6-sud-est-europe-8ball-2\/ibomber-defense-level-6-south-east-europe-eightball-4\/\"><img decoding=\"async\" width=\"800\" height=\"450\" src=\"https:\/\/ibomberdefense.standardof.net\/wp-content\/uploads\/sites\/5\/2020\/10\/iBomber-Defense-Level-6-South-East-Europe-Eightball-4-800x450.jpg\" alt=\"&quot;iBomber Defense&quot; - Niveau 6 - Europe du Sud-Est: Eightball (4)\" data-id=\"37\" data-full-url=\"https:\/\/ibomberdefense.standardof.net\/wp-content\/uploads\/sites\/5\/2020\/10\/iBomber-Defense-Level-6-South-East-Europe-Eightball-4.jpg\" data-link=\"https:\/\/ibomberdefense.standardof.net\/guide\/allied-campaign\/6-south-east-europe-eightball\/ibomber-defense-level-6-south-east-europe-eightball-4\/\" class=\"wp-image-37\" title=\"\" srcset=\"https:\/\/ibomberdefense.standardof.net\/wp-content\/uploads\/sites\/5\/2020\/10\/iBomber-Defense-Level-6-South-East-Europe-Eightball-4-800x450.jpg 800w, https:\/\/ibomberdefense.standardof.net\/wp-content\/uploads\/sites\/5\/2020\/10\/iBomber-Defense-Level-6-South-East-Europe-Eightball-4-512x288.jpg 512w, https:\/\/ibomberdefense.standardof.net\/wp-content\/uploads\/sites\/5\/2020\/10\/iBomber-Defense-Level-6-South-East-Europe-Eightball-4-200x113.jpg 200w, https:\/\/ibomberdefense.standardof.net\/wp-content\/uploads\/sites\/5\/2020\/10\/iBomber-Defense-Level-6-South-East-Europe-Eightball-4-768x432.jpg 768w, https:\/\/ibomberdefense.standardof.net\/wp-content\/uploads\/sites\/5\/2020\/10\/iBomber-Defense-Level-6-South-East-Europe-Eightball-4-16x9.jpg 16w, https:\/\/ibomberdefense.standardof.net\/wp-content\/uploads\/sites\/5\/2020\/10\/iBomber-Defense-Level-6-South-East-Europe-Eightball-4.jpg 1280w\" sizes=\"(max-width: 800px) 100vw, 800px\" \/><\/a><figcaption class=\"blocks-gallery-item__caption\">Placement de la tourelle Wave 30.<\/figcaption><\/figure><\/li><\/ul><\/figure>\n\n\n\n<h3 class=\"wp-block-heading\"><strong>D\u00e9penses en points de victoire<\/strong><\/h3>\n\n\n\n<p>Avec les deux points attribu\u00e9s pour l&#039;ach\u00e8vement parfait de ce niveau, un point a \u00e9t\u00e9 d\u00e9pens\u00e9 sur la tourelle de communication pour d\u00e9bloquer son 3\u00e8me niveau et son incroyable potentiel de cr\u00e9dits bonus tout en prenant l&#039;autre \u00e0 utiliser sur la tourelle de sabotage afin que tous les armes puissent \u00eatre am\u00e9lior\u00e9es \u00e0 niveau 3. \u00c0 ce stade, tout est au niveau 3 \u00e0 l&#039;exception de l&#039;achat et de la r\u00e9paration qui se trouvent toujours au niveau 2.<\/p>\n\n\n\n<hr class=\"wp-block-separator\"\/>\n\n\n\n<h4 class=\"has-text-align-center wp-block-heading\">Guide vid\u00e9o<\/h4>\n\n\n\n<figure class=\"wp-block-embed-youtube wp-block-embed is-type-video is-provider-youtube wp-embed-aspect-16-9 wp-has-aspect-ratio\"><div class=\"wp-block-embed__wrapper\">\n<div class=\"ast-oembed-container\" style=\"height: 100%;\"><iframe title=\"iBomber Defense - Europe du Sud-Est - Eightball - V\u00e9t\u00e9ran + Parfait\" width=\"500\" height=\"281\" src=\"https:\/\/www.youtube.com\/embed\/bWgEgcBmGLY?feature=oembed\" frameborder=\"0\" allow=\"accelerometer; autoplay; clipboard-write; encrypted-media; gyroscope; picture-in-picture; web-share\" referrerpolicy=\"strict-origin-when-cross-origin\" allowfullscreen><\/iframe><\/div>\n<\/div><\/figure>","protected":false},"excerpt":{"rendered":"<p>Now we are back to the bright green lands of forest to face 30 waves of ground and air units that travel around and over a nearby lake which the base sits just southeast of. Unfortunately the paths here converge very late in an are with little turret placement opportunity so strategies here will have [&hellip;]<\/p>","protected":false},"author":1,"featured_media":37,"parent":266,"menu_order":6,"comment_status":"open","ping_status":"closed","template":"","meta":{"_uag_custom_page_level_css":"","site-sidebar-layout":"default","site-content-layout":"default","ast-site-content-layout":"","site-content-style":"default","site-sidebar-style":"default","ast-global-header-display":"","ast-banner-title-visibility":"","ast-main-header-display":"","ast-hfb-above-header-display":"","ast-hfb-below-header-display":"","ast-hfb-mobile-header-display":"","site-post-title":"","ast-breadcrumbs-content":"","ast-featured-img":"","footer-sml-layout":"","theme-transparent-header-meta":"default","adv-header-id-meta":"","stick-header-meta":"","header-above-stick-meta":"","header-main-stick-meta":"","header-below-stick-meta":"","astra-migrate-meta-layouts":"default","ast-page-background-enabled":"default","ast-page-background-meta":{"desktop":{"background-color":"","background-image":"","background-repeat":"repeat","background-position":"center center","background-size":"auto","background-attachment":"scroll","background-type":"","background-media":"","overlay-type":"","overlay-color":"","overlay-gradient":""},"tablet":{"background-color":"","background-image":"","background-repeat":"repeat","background-position":"center center","background-size":"auto","background-attachment":"scroll","background-type":"","background-media":"","overlay-type":"","overlay-color":"","overlay-gradient":""},"mobile":{"background-color":"","background-image":"","background-repeat":"repeat","background-position":"center center","background-size":"auto","background-attachment":"scroll","background-type":"","background-media":"","overlay-type":"","overlay-color":"","overlay-gradient":""}},"ast-content-background-meta":{"desktop":{"background-color":"var(--ast-global-color-5)","background-image":"","background-repeat":"repeat","background-position":"center center","background-size":"auto","background-attachment":"scroll","background-type":"","background-media":"","overlay-type":"","overlay-color":"","overlay-gradient":""},"tablet":{"background-color":"var(--ast-global-color-5)","background-image":"","background-repeat":"repeat","background-position":"center center","background-size":"auto","background-attachment":"scroll","background-type":"","background-media":"","overlay-type":"","overlay-color":"","overlay-gradient":""},"mobile":{"background-color":"var(--ast-global-color-5)","background-image":"","background-repeat":"repeat","background-position":"center center","background-size":"auto","background-attachment":"scroll","background-type":"","background-media":"","overlay-type":"","overlay-color":"","overlay-gradient":""}},"footnotes":""},"uagb_featured_image_src":{"full":["https:\/\/ibomberdefense.standardof.net\/wp-content\/uploads\/sites\/5\/2020\/10\/iBomber-Defense-Level-6-South-East-Europe-Eightball-4.jpg",1280,720,false],"thumbnail":["https:\/\/ibomberdefense.standardof.net\/wp-content\/uploads\/sites\/5\/2020\/10\/iBomber-Defense-Level-6-South-East-Europe-Eightball-4-200x113.jpg",200,113,true],"medium":["https:\/\/ibomberdefense.standardof.net\/wp-content\/uploads\/sites\/5\/2020\/10\/iBomber-Defense-Level-6-South-East-Europe-Eightball-4-512x288.jpg",512,288,true],"medium_large":["https:\/\/ibomberdefense.standardof.net\/wp-content\/uploads\/sites\/5\/2020\/10\/iBomber-Defense-Level-6-South-East-Europe-Eightball-4-768x432.jpg",768,432,true],"large":["https:\/\/ibomberdefense.standardof.net\/wp-content\/uploads\/sites\/5\/2020\/10\/iBomber-Defense-Level-6-South-East-Europe-Eightball-4-800x450.jpg",800,450,true],"1536x1536":["https:\/\/ibomberdefense.standardof.net\/wp-content\/uploads\/sites\/5\/2020\/10\/iBomber-Defense-Level-6-South-East-Europe-Eightball-4.jpg",1280,720,false],"2048x2048":["https:\/\/ibomberdefense.standardof.net\/wp-content\/uploads\/sites\/5\/2020\/10\/iBomber-Defense-Level-6-South-East-Europe-Eightball-4.jpg",1280,720,false],"trp-custom-language-flag":["https:\/\/ibomberdefense.standardof.net\/wp-content\/uploads\/sites\/5\/2020\/10\/iBomber-Defense-Level-6-South-East-Europe-Eightball-4-16x9.jpg",16,9,true]},"uagb_author_info":{"display_name":"SOE","author_link":"https:\/\/ibomberdefense.standardof.net\/fr\/author\/k-tastic\/"},"uagb_comment_info":0,"uagb_excerpt":"Now we are back to the bright green lands of forest to face 30 waves of ground and air units that travel around and over a nearby lake which the base sits just southeast of. Unfortunately the paths here converge very late in an are with little turret placement opportunity so strategies here will have&hellip;","_links":{"self":[{"href":"https:\/\/ibomberdefense.standardof.net\/fr\/wp-json\/wp\/v2\/pages\/285"}],"collection":[{"href":"https:\/\/ibomberdefense.standardof.net\/fr\/wp-json\/wp\/v2\/pages"}],"about":[{"href":"https:\/\/ibomberdefense.standardof.net\/fr\/wp-json\/wp\/v2\/types\/page"}],"author":[{"embeddable":true,"href":"https:\/\/ibomberdefense.standardof.net\/fr\/wp-json\/wp\/v2\/users\/1"}],"replies":[{"embeddable":true,"href":"https:\/\/ibomberdefense.standardof.net\/fr\/wp-json\/wp\/v2\/comments?post=285"}],"version-history":[{"count":0,"href":"https:\/\/ibomberdefense.standardof.net\/fr\/wp-json\/wp\/v2\/pages\/285\/revisions"}],"up":[{"embeddable":true,"href":"https:\/\/ibomberdefense.standardof.net\/fr\/wp-json\/wp\/v2\/pages\/266"}],"wp:featuredmedia":[{"embeddable":true,"href":"https:\/\/ibomberdefense.standardof.net\/fr\/wp-json\/wp\/v2\/media\/37"}],"wp:attachment":[{"href":"https:\/\/ibomberdefense.standardof.net\/fr\/wp-json\/wp\/v2\/media?parent=285"}],"curies":[{"name":"wp","href":"https:\/\/api.w.org\/{rel}","templated":true}]}}