{"id":286,"date":"2020-10-19T06:07:46","date_gmt":"2020-10-19T06:07:46","guid":{"rendered":"https:\/\/ibomberdefense.standardof.net\/?page_id=286"},"modified":"2020-10-19T08:06:12","modified_gmt":"2020-10-19T08:06:12","slug":"7-eastern-mediterranean-bottleneck","status":"publish","type":"page","link":"https:\/\/ibomberdefense.standardof.net\/fr\/guide\/campagne-alliee\/7-goulot-detranglement-est-mediterraneen-2\/","title":{"rendered":"7. M\u00e9diterran\u00e9e orientale: goulot d&#039;\u00e9tranglement"},"content":{"rendered":"<div class=\"wp-block-image\"><figure class=\"aligncenter size-large\"><a href=\"https:\/\/ibomberdefense.standardof.net\/fr\/guide\/campagne-alliee\/7-goulot-detranglement-est-mediterraneen-2\/ibomber-defense-level-7-eastern-mediterranean-bottleneck-1\/\"><img decoding=\"async\" width=\"800\" height=\"450\" src=\"https:\/\/ibomberdefense.standardof.net\/wp-content\/uploads\/sites\/5\/2020\/10\/iBomber-Defense-Level-7-Eastern-Mediterranean-Bottleneck-1-800x450.jpg\" alt=\"&quot;iBomber Defense&quot; - Niveau 7 - M\u00e9diterran\u00e9e orientale: goulot d&#039;\u00e9tranglement (1)\" class=\"wp-image-38\" title=\"\" srcset=\"https:\/\/ibomberdefense.standardof.net\/wp-content\/uploads\/sites\/5\/2020\/10\/iBomber-Defense-Level-7-Eastern-Mediterranean-Bottleneck-1-800x450.jpg 800w, https:\/\/ibomberdefense.standardof.net\/wp-content\/uploads\/sites\/5\/2020\/10\/iBomber-Defense-Level-7-Eastern-Mediterranean-Bottleneck-1-512x288.jpg 512w, https:\/\/ibomberdefense.standardof.net\/wp-content\/uploads\/sites\/5\/2020\/10\/iBomber-Defense-Level-7-Eastern-Mediterranean-Bottleneck-1-200x113.jpg 200w, https:\/\/ibomberdefense.standardof.net\/wp-content\/uploads\/sites\/5\/2020\/10\/iBomber-Defense-Level-7-Eastern-Mediterranean-Bottleneck-1-768x432.jpg 768w, https:\/\/ibomberdefense.standardof.net\/wp-content\/uploads\/sites\/5\/2020\/10\/iBomber-Defense-Level-7-Eastern-Mediterranean-Bottleneck-1-16x9.jpg 16w, https:\/\/ibomberdefense.standardof.net\/wp-content\/uploads\/sites\/5\/2020\/10\/iBomber-Defense-Level-7-Eastern-Mediterranean-Bottleneck-1.jpg 1280w\" sizes=\"(max-width: 800px) 100vw, 800px\" \/><\/a><figcaption>Le chemin vert indique la route parcourue par les unit\u00e9s a\u00e9riennes tandis que la marque rouge et orange o\u00f9 les unit\u00e9s navales voyagent en M\u00e9diterran\u00e9e orientale.<\/figcaption><\/figure><\/div>\n\n\n\n<p>Le septi\u00e8me niveau de la campagne alli\u00e9e, en comptant les missions bonus, est la carte de la M\u00e9diterran\u00e9e orientale qui vous permet de d\u00e9fendre un port avec un trio d&#039;\u00eeles que les unit\u00e9s navales ennemies courberont \u00e0 partir de deux entr\u00e9es principales sur leur route jusqu&#039;\u00e0 votre base. \u00e9cran \u00e0 l&#039;est.<\/p>\n\n\n\n<p>Cette fois-ci, nous serons confront\u00e9s \u00e0 40 vagues d&#039;unit\u00e9s a\u00e9riennes et d&#039;unit\u00e9s navales, l&#039;avion se pr\u00e9sentant \u00e0 la vague 20. Finalement, vous retournerez \u00e0 cette mission pour un niveau de contre-attaque, alors assurez-vous de ne rien vendre \u00e0 la fin de cette mission.<\/p>\n\n\n\n<h3 class=\"wp-block-heading\"><strong>Placement de la tourelle<\/strong><\/h3>\n\n\n\n<figure class=\"wp-block-gallery columns-2 is-cropped wp-block-gallery-1 is-layout-flex wp-block-gallery-is-layout-flex\"><ul class=\"blocks-gallery-grid\"><li class=\"blocks-gallery-item\"><figure><a href=\"https:\/\/ibomberdefense.standardof.net\/fr\/guide\/campagne-alliee\/7-goulot-detranglement-est-mediterraneen-2\/ibomber-defense-level-7-eastern-mediterranean-bottleneck-2\/\"><img decoding=\"async\" width=\"800\" height=\"450\" src=\"https:\/\/ibomberdefense.standardof.net\/wp-content\/uploads\/sites\/5\/2020\/10\/iBomber-Defense-Level-7-Eastern-Mediterranean-Bottleneck-2-800x450.jpg\" alt=\"&quot;iBomber Defense&quot; - Niveau 7 - M\u00e9diterran\u00e9e orientale: goulot d&#039;\u00e9tranglement (2)\" data-id=\"39\" data-full-url=\"https:\/\/ibomberdefense.standardof.net\/wp-content\/uploads\/sites\/5\/2020\/10\/iBomber-Defense-Level-7-Eastern-Mediterranean-Bottleneck-2.jpg\" data-link=\"https:\/\/ibomberdefense.standardof.net\/guide\/allied-campaign\/7-eastern-mediterranean-bottleneck\/ibomber-defense-level-7-eastern-mediterranean-bottleneck-2\/\" class=\"wp-image-39\" title=\"\" srcset=\"https:\/\/ibomberdefense.standardof.net\/wp-content\/uploads\/sites\/5\/2020\/10\/iBomber-Defense-Level-7-Eastern-Mediterranean-Bottleneck-2-800x450.jpg 800w, https:\/\/ibomberdefense.standardof.net\/wp-content\/uploads\/sites\/5\/2020\/10\/iBomber-Defense-Level-7-Eastern-Mediterranean-Bottleneck-2-512x288.jpg 512w, https:\/\/ibomberdefense.standardof.net\/wp-content\/uploads\/sites\/5\/2020\/10\/iBomber-Defense-Level-7-Eastern-Mediterranean-Bottleneck-2-200x113.jpg 200w, https:\/\/ibomberdefense.standardof.net\/wp-content\/uploads\/sites\/5\/2020\/10\/iBomber-Defense-Level-7-Eastern-Mediterranean-Bottleneck-2-768x432.jpg 768w, https:\/\/ibomberdefense.standardof.net\/wp-content\/uploads\/sites\/5\/2020\/10\/iBomber-Defense-Level-7-Eastern-Mediterranean-Bottleneck-2-16x9.jpg 16w, https:\/\/ibomberdefense.standardof.net\/wp-content\/uploads\/sites\/5\/2020\/10\/iBomber-Defense-Level-7-Eastern-Mediterranean-Bottleneck-2.jpg 1280w\" sizes=\"(max-width: 800px) 100vw, 800px\" \/><\/a><figcaption class=\"blocks-gallery-item__caption\">Placement de la tourelle Wave 10.<\/figcaption><\/figure><\/li><li class=\"blocks-gallery-item\"><figure><a href=\"https:\/\/ibomberdefense.standardof.net\/fr\/guide\/campagne-alliee\/7-goulot-detranglement-est-mediterraneen-2\/ibomber-defense-level-7-eastern-mediterranean-bottleneck-3\/\"><img decoding=\"async\" width=\"800\" height=\"450\" src=\"https:\/\/ibomberdefense.standardof.net\/wp-content\/uploads\/sites\/5\/2020\/10\/iBomber-Defense-Level-7-Eastern-Mediterranean-Bottleneck-3-800x450.jpg\" alt=\"&quot;iBomber Defense&quot; - Niveau 7 - M\u00e9diterran\u00e9e orientale: goulot d&#039;\u00e9tranglement (3)\" data-id=\"40\" data-full-url=\"https:\/\/ibomberdefense.standardof.net\/wp-content\/uploads\/sites\/5\/2020\/10\/iBomber-Defense-Level-7-Eastern-Mediterranean-Bottleneck-3.jpg\" data-link=\"https:\/\/ibomberdefense.standardof.net\/guide\/allied-campaign\/7-eastern-mediterranean-bottleneck\/ibomber-defense-level-7-eastern-mediterranean-bottleneck-3\/\" class=\"wp-image-40\" title=\"\" srcset=\"https:\/\/ibomberdefense.standardof.net\/wp-content\/uploads\/sites\/5\/2020\/10\/iBomber-Defense-Level-7-Eastern-Mediterranean-Bottleneck-3-800x450.jpg 800w, https:\/\/ibomberdefense.standardof.net\/wp-content\/uploads\/sites\/5\/2020\/10\/iBomber-Defense-Level-7-Eastern-Mediterranean-Bottleneck-3-512x288.jpg 512w, https:\/\/ibomberdefense.standardof.net\/wp-content\/uploads\/sites\/5\/2020\/10\/iBomber-Defense-Level-7-Eastern-Mediterranean-Bottleneck-3-200x113.jpg 200w, https:\/\/ibomberdefense.standardof.net\/wp-content\/uploads\/sites\/5\/2020\/10\/iBomber-Defense-Level-7-Eastern-Mediterranean-Bottleneck-3-768x432.jpg 768w, https:\/\/ibomberdefense.standardof.net\/wp-content\/uploads\/sites\/5\/2020\/10\/iBomber-Defense-Level-7-Eastern-Mediterranean-Bottleneck-3-16x9.jpg 16w, https:\/\/ibomberdefense.standardof.net\/wp-content\/uploads\/sites\/5\/2020\/10\/iBomber-Defense-Level-7-Eastern-Mediterranean-Bottleneck-3.jpg 1280w\" sizes=\"(max-width: 800px) 100vw, 800px\" \/><\/a><figcaption class=\"blocks-gallery-item__caption\">Placement de la tourelle Wave 20.<\/figcaption><\/figure><\/li><\/ul><\/figure>\n\n\n\n<p>Jusqu&#039;\u00e0 la vague 10, il faut se concentrer sur la construction de 3 mitrailleuses et les \u00e9lever au niveau 3 chacune. Deux d&#039;entre eux doivent \u00eatre plac\u00e9s sur le plus petit des deux \u00eeles non connect\u00e9es tandis que le troisi\u00e8me se trouve au point de convergence le plus \u00e0 l&#039;ouest possible contre l&#039;eau.<\/p>\n\n\n\n<p>En vous dirigeant vers la vague 20, vous devriez vous concentrer sur les morceaux de terre sup\u00e9rieurs et inf\u00e9rieurs qui forment le haut du Y lat\u00e9ral qui constitue le point de convergence des deux trajectoires des navires de guerre. Ajoutez au moins une tourelle de communication pour augmenter la puissance de feu du c\u00f4t\u00e9 nord et d\u00e9ployez une tourelle anti-a\u00e9rienne avant d&#039;atteindre le niveau 20.<\/p>\n\n\n\n<p>Essayez de commencer \u00e0 \u00e9conomiser de l&#039;argent exc\u00e9dentaire une fois que vous avez un deuxi\u00e8me niveau de communications alors que vous vous dirigez vers la vague trente, qui d&#039;ici l\u00e0, vous devriez avoir au moins deux canons de niveau 3 et un niveau 3 de communications avec lequel accorder la puissance de feu, la port\u00e9e et l&#039;int\u00e9r\u00eat croissant avec vos restes argent. De nombreuses tourelles de mitrailleuses sont toujours efficaces \u00e0 ce stade du jeu, m\u00eame si elles font face \u00e0 des navires de guerre, car il existe encore de nombreuses vari\u00e9t\u00e9s les plus faibles ici.<\/p>\n\n\n\n<p>Une fois que vous atteignez le niveau 35, il est temps de commencer \u00e0 ajouter uniquement des canons, ayant jusqu&#039;\u00e0 ce point rempli la majorit\u00e9 des espaces ouverts le long de la zone de convergence, ajoutant un peu d&#039;anti-air suppl\u00e9mentaire \u00e0 mesure que les bombardiers plus lourds commencent \u00e0 appara\u00eetre. N&#039;oubliez pas de v\u00e9rifier les images \u00e0 droite pour voir \u00e0 quoi ressemblaient mes tourelles sur les diff\u00e9rentes vagues.<\/p>\n\n\n\n<figure class=\"wp-block-gallery columns-2 is-cropped wp-block-gallery-2 is-layout-flex wp-block-gallery-is-layout-flex\"><ul class=\"blocks-gallery-grid\"><li class=\"blocks-gallery-item\"><figure><a href=\"https:\/\/ibomberdefense.standardof.net\/fr\/guide\/campagne-alliee\/7-goulot-detranglement-est-mediterraneen-2\/ibomber-defense-level-7-eastern-mediterranean-bottleneck-4\/\"><img decoding=\"async\" width=\"800\" height=\"450\" src=\"https:\/\/ibomberdefense.standardof.net\/wp-content\/uploads\/sites\/5\/2020\/10\/iBomber-Defense-Level-7-Eastern-Mediterranean-Bottleneck-4-800x450.jpg\" alt=\"&quot;iBomber Defense&quot; - Niveau 7 - M\u00e9diterran\u00e9e orientale: goulot d&#039;\u00e9tranglement (4)\" data-id=\"41\" data-full-url=\"https:\/\/ibomberdefense.standardof.net\/wp-content\/uploads\/sites\/5\/2020\/10\/iBomber-Defense-Level-7-Eastern-Mediterranean-Bottleneck-4.jpg\" data-link=\"https:\/\/ibomberdefense.standardof.net\/guide\/allied-campaign\/7-eastern-mediterranean-bottleneck\/ibomber-defense-level-7-eastern-mediterranean-bottleneck-4\/\" class=\"wp-image-41\" title=\"\" srcset=\"https:\/\/ibomberdefense.standardof.net\/wp-content\/uploads\/sites\/5\/2020\/10\/iBomber-Defense-Level-7-Eastern-Mediterranean-Bottleneck-4-800x450.jpg 800w, https:\/\/ibomberdefense.standardof.net\/wp-content\/uploads\/sites\/5\/2020\/10\/iBomber-Defense-Level-7-Eastern-Mediterranean-Bottleneck-4-512x288.jpg 512w, https:\/\/ibomberdefense.standardof.net\/wp-content\/uploads\/sites\/5\/2020\/10\/iBomber-Defense-Level-7-Eastern-Mediterranean-Bottleneck-4-200x113.jpg 200w, https:\/\/ibomberdefense.standardof.net\/wp-content\/uploads\/sites\/5\/2020\/10\/iBomber-Defense-Level-7-Eastern-Mediterranean-Bottleneck-4-768x432.jpg 768w, https:\/\/ibomberdefense.standardof.net\/wp-content\/uploads\/sites\/5\/2020\/10\/iBomber-Defense-Level-7-Eastern-Mediterranean-Bottleneck-4-16x9.jpg 16w, https:\/\/ibomberdefense.standardof.net\/wp-content\/uploads\/sites\/5\/2020\/10\/iBomber-Defense-Level-7-Eastern-Mediterranean-Bottleneck-4.jpg 1280w\" sizes=\"(max-width: 800px) 100vw, 800px\" \/><\/a><figcaption class=\"blocks-gallery-item__caption\">Placement de la tourelle Wave 30.<\/figcaption><\/figure><\/li><li class=\"blocks-gallery-item\"><figure><a href=\"https:\/\/ibomberdefense.standardof.net\/fr\/guide\/campagne-alliee\/7-goulot-detranglement-est-mediterraneen-2\/ibomber-defense-level-7-eastern-mediterranean-bottleneck-5\/\"><img decoding=\"async\" width=\"800\" height=\"450\" src=\"https:\/\/ibomberdefense.standardof.net\/wp-content\/uploads\/sites\/5\/2020\/10\/iBomber-Defense-Level-7-Eastern-Mediterranean-Bottleneck-5-800x450.jpg\" alt=\"&quot;iBomber Defense&quot; - Niveau 7 - M\u00e9diterran\u00e9e orientale: goulot d&#039;\u00e9tranglement (5)\" data-id=\"42\" data-full-url=\"https:\/\/ibomberdefense.standardof.net\/wp-content\/uploads\/sites\/5\/2020\/10\/iBomber-Defense-Level-7-Eastern-Mediterranean-Bottleneck-5.jpg\" data-link=\"https:\/\/ibomberdefense.standardof.net\/guide\/allied-campaign\/7-eastern-mediterranean-bottleneck\/ibomber-defense-level-7-eastern-mediterranean-bottleneck-5\/\" class=\"wp-image-42\" title=\"\" srcset=\"https:\/\/ibomberdefense.standardof.net\/wp-content\/uploads\/sites\/5\/2020\/10\/iBomber-Defense-Level-7-Eastern-Mediterranean-Bottleneck-5-800x450.jpg 800w, https:\/\/ibomberdefense.standardof.net\/wp-content\/uploads\/sites\/5\/2020\/10\/iBomber-Defense-Level-7-Eastern-Mediterranean-Bottleneck-5-512x288.jpg 512w, https:\/\/ibomberdefense.standardof.net\/wp-content\/uploads\/sites\/5\/2020\/10\/iBomber-Defense-Level-7-Eastern-Mediterranean-Bottleneck-5-200x113.jpg 200w, https:\/\/ibomberdefense.standardof.net\/wp-content\/uploads\/sites\/5\/2020\/10\/iBomber-Defense-Level-7-Eastern-Mediterranean-Bottleneck-5-768x432.jpg 768w, https:\/\/ibomberdefense.standardof.net\/wp-content\/uploads\/sites\/5\/2020\/10\/iBomber-Defense-Level-7-Eastern-Mediterranean-Bottleneck-5-16x9.jpg 16w, https:\/\/ibomberdefense.standardof.net\/wp-content\/uploads\/sites\/5\/2020\/10\/iBomber-Defense-Level-7-Eastern-Mediterranean-Bottleneck-5.jpg 1280w\" sizes=\"(max-width: 800px) 100vw, 800px\" \/><\/a><figcaption class=\"blocks-gallery-item__caption\">Placement de la tourelle Wave 40.<\/figcaption><\/figure><\/li><\/ul><\/figure>\n\n\n\n<h3 class=\"wp-block-heading\"><strong>D\u00e9penses en points de victoire<\/strong><\/h3>\n\n\n\n<p>Avec les deux points de victoire gagn\u00e9s dans ce niveau, si vous avez gagn\u00e9 le montant maximum des missions pr\u00e9c\u00e9dentes jusqu&#039;\u00e0 pr\u00e9sent, vous pourrez d\u00e9sormais avoir toutes les am\u00e9liorations au maximum. \u00c0 partir de ce moment, les points de victoire seront exclus du guide de campagne alli\u00e9 pendant <em>D\u00e9fense iBomber<\/em> car les d\u00e9penser n&#039;est plus un probl\u00e8me.<\/p>\n\n\n\n<hr class=\"wp-block-separator\"\/>\n\n\n\n<h4 class=\"has-text-align-center wp-block-heading\">Guide vid\u00e9o<\/h4>\n\n\n\n<figure class=\"wp-block-embed-youtube wp-block-embed is-type-video is-provider-youtube wp-embed-aspect-16-9 wp-has-aspect-ratio\"><div class=\"wp-block-embed__wrapper\">\n<div class=\"ast-oembed-container\" style=\"height: 100%;\"><iframe title=\"iBomber Defense - M\u00e9diterran\u00e9e orientale - Goulot d&#039;\u00e9tranglement - V\u00e9t\u00e9ran + Parfait\" width=\"500\" height=\"281\" src=\"https:\/\/www.youtube.com\/embed\/BkCTuVpcb6A?feature=oembed\" frameborder=\"0\" allow=\"accelerometer; autoplay; clipboard-write; encrypted-media; gyroscope; picture-in-picture; web-share\" referrerpolicy=\"strict-origin-when-cross-origin\" allowfullscreen><\/iframe><\/div>\n<\/div><\/figure>","protected":false},"excerpt":{"rendered":"<p>The seventh level in the Allied campaign, counting the bonus missions, is the Eastern Mediterranean map which has you defending a harbor with a trio of Islands that the enemy naval units will curve around from two main entrances on their route through to your base off-screen to the east. This time around we will [&hellip;]<\/p>","protected":false},"author":1,"featured_media":42,"parent":266,"menu_order":7,"comment_status":"open","ping_status":"closed","template":"","meta":{"_uag_custom_page_level_css":"","site-sidebar-layout":"default","site-content-layout":"default","ast-site-content-layout":"","site-content-style":"default","site-sidebar-style":"default","ast-global-header-display":"","ast-banner-title-visibility":"","ast-main-header-display":"","ast-hfb-above-header-display":"","ast-hfb-below-header-display":"","ast-hfb-mobile-header-display":"","site-post-title":"","ast-breadcrumbs-content":"","ast-featured-img":"","footer-sml-layout":"","theme-transparent-header-meta":"default","adv-header-id-meta":"","stick-header-meta":"","header-above-stick-meta":"","header-main-stick-meta":"","header-below-stick-meta":"","astra-migrate-meta-layouts":"default","ast-page-background-enabled":"default","ast-page-background-meta":{"desktop":{"background-color":"","background-image":"","background-repeat":"repeat","background-position":"center center","background-size":"auto","background-attachment":"scroll","background-type":"","background-media":"","overlay-type":"","overlay-color":"","overlay-gradient":""},"tablet":{"background-color":"","background-image":"","background-repeat":"repeat","background-position":"center center","background-size":"auto","background-attachment":"scroll","background-type":"","background-media":"","overlay-type":"","overlay-color":"","overlay-gradient":""},"mobile":{"background-color":"","background-image":"","background-repeat":"repeat","background-position":"center center","background-size":"auto","background-attachment":"scroll","background-type":"","background-media":"","overlay-type":"","overlay-color":"","overlay-gradient":""}},"ast-content-background-meta":{"desktop":{"background-color":"var(--ast-global-color-5)","background-image":"","background-repeat":"repeat","background-position":"center center","background-size":"auto","background-attachment":"scroll","background-type":"","background-media":"","overlay-type":"","overlay-color":"","overlay-gradient":""},"tablet":{"background-color":"var(--ast-global-color-5)","background-image":"","background-repeat":"repeat","background-position":"center center","background-size":"auto","background-attachment":"scroll","background-type":"","background-media":"","overlay-type":"","overlay-color":"","overlay-gradient":""},"mobile":{"background-color":"var(--ast-global-color-5)","background-image":"","background-repeat":"repeat","background-position":"center center","background-size":"auto","background-attachment":"scroll","background-type":"","background-media":"","overlay-type":"","overlay-color":"","overlay-gradient":""}},"footnotes":""},"uagb_featured_image_src":{"full":["https:\/\/ibomberdefense.standardof.net\/wp-content\/uploads\/sites\/5\/2020\/10\/iBomber-Defense-Level-7-Eastern-Mediterranean-Bottleneck-5.jpg",1280,720,false],"thumbnail":["https:\/\/ibomberdefense.standardof.net\/wp-content\/uploads\/sites\/5\/2020\/10\/iBomber-Defense-Level-7-Eastern-Mediterranean-Bottleneck-5-200x113.jpg",200,113,true],"medium":["https:\/\/ibomberdefense.standardof.net\/wp-content\/uploads\/sites\/5\/2020\/10\/iBomber-Defense-Level-7-Eastern-Mediterranean-Bottleneck-5-512x288.jpg",512,288,true],"medium_large":["https:\/\/ibomberdefense.standardof.net\/wp-content\/uploads\/sites\/5\/2020\/10\/iBomber-Defense-Level-7-Eastern-Mediterranean-Bottleneck-5-768x432.jpg",768,432,true],"large":["https:\/\/ibomberdefense.standardof.net\/wp-content\/uploads\/sites\/5\/2020\/10\/iBomber-Defense-Level-7-Eastern-Mediterranean-Bottleneck-5-800x450.jpg",800,450,true],"1536x1536":["https:\/\/ibomberdefense.standardof.net\/wp-content\/uploads\/sites\/5\/2020\/10\/iBomber-Defense-Level-7-Eastern-Mediterranean-Bottleneck-5.jpg",1280,720,false],"2048x2048":["https:\/\/ibomberdefense.standardof.net\/wp-content\/uploads\/sites\/5\/2020\/10\/iBomber-Defense-Level-7-Eastern-Mediterranean-Bottleneck-5.jpg",1280,720,false],"trp-custom-language-flag":["https:\/\/ibomberdefense.standardof.net\/wp-content\/uploads\/sites\/5\/2020\/10\/iBomber-Defense-Level-7-Eastern-Mediterranean-Bottleneck-5-16x9.jpg",16,9,true]},"uagb_author_info":{"display_name":"SOE","author_link":"https:\/\/ibomberdefense.standardof.net\/fr\/author\/k-tastic\/"},"uagb_comment_info":0,"uagb_excerpt":"The seventh level in the Allied campaign, counting the bonus missions, is the Eastern Mediterranean map which has you defending a harbor with a trio of Islands that the enemy naval units will curve around from two main entrances on their route through to your base off-screen to the east. This time around we will&hellip;","_links":{"self":[{"href":"https:\/\/ibomberdefense.standardof.net\/fr\/wp-json\/wp\/v2\/pages\/286"}],"collection":[{"href":"https:\/\/ibomberdefense.standardof.net\/fr\/wp-json\/wp\/v2\/pages"}],"about":[{"href":"https:\/\/ibomberdefense.standardof.net\/fr\/wp-json\/wp\/v2\/types\/page"}],"author":[{"embeddable":true,"href":"https:\/\/ibomberdefense.standardof.net\/fr\/wp-json\/wp\/v2\/users\/1"}],"replies":[{"embeddable":true,"href":"https:\/\/ibomberdefense.standardof.net\/fr\/wp-json\/wp\/v2\/comments?post=286"}],"version-history":[{"count":0,"href":"https:\/\/ibomberdefense.standardof.net\/fr\/wp-json\/wp\/v2\/pages\/286\/revisions"}],"up":[{"embeddable":true,"href":"https:\/\/ibomberdefense.standardof.net\/fr\/wp-json\/wp\/v2\/pages\/266"}],"wp:featuredmedia":[{"embeddable":true,"href":"https:\/\/ibomberdefense.standardof.net\/fr\/wp-json\/wp\/v2\/media\/42"}],"wp:attachment":[{"href":"https:\/\/ibomberdefense.standardof.net\/fr\/wp-json\/wp\/v2\/media?parent=286"}],"curies":[{"name":"wp","href":"https:\/\/api.w.org\/{rel}","templated":true}]}}