{"id":299,"date":"2020-10-19T06:25:43","date_gmt":"2020-10-19T06:25:43","guid":{"rendered":"https:\/\/ibomberdefense.standardof.net\/?page_id=299"},"modified":"2020-10-19T08:06:19","modified_gmt":"2020-10-19T08:06:19","slug":"9-south-east-europe-snowblind","status":"publish","type":"page","link":"https:\/\/ibomberdefense.standardof.net\/fr\/guide\/campagne-alliee\/9-sud-est-europe-snowblind-2\/","title":{"rendered":"9. Europe du Sud-Est: Snowblind"},"content":{"rendered":"<div class=\"wp-block-image\"><figure class=\"aligncenter size-large\"><a href=\"https:\/\/ibomberdefense.standardof.net\/fr\/guide\/campagne-alliee\/9-sud-est-europe-snowblind-2\/ibomber-defense-level-9-south-east-europe-snowblind-1\/\"><img decoding=\"async\" width=\"800\" height=\"450\" src=\"https:\/\/ibomberdefense.standardof.net\/wp-content\/uploads\/sites\/5\/2020\/10\/iBomber-Defense-Level-9-South-East-Europe-Snowblind-1-800x450.jpg\" alt=\"&quot;iBomber Defense&quot; - Niveau 9 - Europe du Sud-Est: Snowblind (1)\" class=\"wp-image-46\" title=\"\" srcset=\"https:\/\/ibomberdefense.standardof.net\/wp-content\/uploads\/sites\/5\/2020\/10\/iBomber-Defense-Level-9-South-East-Europe-Snowblind-1-800x450.jpg 800w, https:\/\/ibomberdefense.standardof.net\/wp-content\/uploads\/sites\/5\/2020\/10\/iBomber-Defense-Level-9-South-East-Europe-Snowblind-1-512x288.jpg 512w, https:\/\/ibomberdefense.standardof.net\/wp-content\/uploads\/sites\/5\/2020\/10\/iBomber-Defense-Level-9-South-East-Europe-Snowblind-1-200x113.jpg 200w, https:\/\/ibomberdefense.standardof.net\/wp-content\/uploads\/sites\/5\/2020\/10\/iBomber-Defense-Level-9-South-East-Europe-Snowblind-1-768x432.jpg 768w, https:\/\/ibomberdefense.standardof.net\/wp-content\/uploads\/sites\/5\/2020\/10\/iBomber-Defense-Level-9-South-East-Europe-Snowblind-1-16x9.jpg 16w, https:\/\/ibomberdefense.standardof.net\/wp-content\/uploads\/sites\/5\/2020\/10\/iBomber-Defense-Level-9-South-East-Europe-Snowblind-1.jpg 1280w\" sizes=\"(max-width: 800px) 100vw, 800px\" \/><\/a><figcaption>Chemins des ennemis entrants au niveau de l&#039;Europe du Sud-Est d&#039;iBomber Defence. Le rouge, le jaune et l&#039;orange sont des unit\u00e9s au sol, la ligne bleue est un avion.<\/figcaption><\/figure><\/div>\n\n\n\n<p>Poursuite de la campagne alli\u00e9e de <em>D\u00e9fense iBomber<\/em> il est temps d&#039;affronter le niveau de l&#039;Europe du Sud-Est, se d\u00e9roulant dans une vall\u00e9e verdoyante qui longe une montagne centrale couverte de neige et bord\u00e9e de cr\u00eates couvertes de neige encore plus grandes sur les c\u00f4t\u00e9s. Vous devrez affronter un total de 40 vagues d&#039;ennemis de combiner des unit\u00e9s terrestres et des avions.<\/p>\n\n\n\n<p>Le positionnement des tourelles se concentrera en grande partie sur la moiti\u00e9 ouest de la carte avec des tourelles plac\u00e9es sur la montagne centrale pour atteindre les routes du haut et du bas. Les unit\u00e9s a\u00e9riennes appara\u00eetront au niveau vingt et il y aura une mission de contre-attaque bonus qui reviendra \u00e0 ce niveau plus tard.<\/p>\n\n\n\n<h3 class=\"wp-block-heading\"><strong>Placement de la tourelle<\/strong><\/h3>\n\n\n\n<figure class=\"wp-block-gallery columns-2 is-cropped wp-block-gallery-1 is-layout-flex wp-block-gallery-is-layout-flex\"><ul class=\"blocks-gallery-grid\"><li class=\"blocks-gallery-item\"><figure><a href=\"https:\/\/ibomberdefense.standardof.net\/fr\/guide\/campagne-alliee\/9-sud-est-europe-snowblind-2\/ibomber-defense-level-9-south-east-europe-snowblind-2\/\"><img decoding=\"async\" width=\"800\" height=\"450\" src=\"https:\/\/ibomberdefense.standardof.net\/wp-content\/uploads\/sites\/5\/2020\/10\/iBomber-Defense-Level-9-South-East-Europe-Snowblind-2-800x450.jpg\" alt=\"&quot;iBomber Defense&quot; - Niveau 9 - Europe du Sud-Est: Snowblind (2)\" data-id=\"47\" data-full-url=\"https:\/\/ibomberdefense.standardof.net\/wp-content\/uploads\/sites\/5\/2020\/10\/iBomber-Defense-Level-9-South-East-Europe-Snowblind-2.jpg\" data-link=\"https:\/\/ibomberdefense.standardof.net\/guide\/allied-campaign\/9-south-east-europe-snowblind\/ibomber-defense-level-9-south-east-europe-snowblind-2\/\" class=\"wp-image-47\" title=\"\" srcset=\"https:\/\/ibomberdefense.standardof.net\/wp-content\/uploads\/sites\/5\/2020\/10\/iBomber-Defense-Level-9-South-East-Europe-Snowblind-2-800x450.jpg 800w, https:\/\/ibomberdefense.standardof.net\/wp-content\/uploads\/sites\/5\/2020\/10\/iBomber-Defense-Level-9-South-East-Europe-Snowblind-2-512x288.jpg 512w, https:\/\/ibomberdefense.standardof.net\/wp-content\/uploads\/sites\/5\/2020\/10\/iBomber-Defense-Level-9-South-East-Europe-Snowblind-2-200x113.jpg 200w, https:\/\/ibomberdefense.standardof.net\/wp-content\/uploads\/sites\/5\/2020\/10\/iBomber-Defense-Level-9-South-East-Europe-Snowblind-2-768x432.jpg 768w, https:\/\/ibomberdefense.standardof.net\/wp-content\/uploads\/sites\/5\/2020\/10\/iBomber-Defense-Level-9-South-East-Europe-Snowblind-2-16x9.jpg 16w, https:\/\/ibomberdefense.standardof.net\/wp-content\/uploads\/sites\/5\/2020\/10\/iBomber-Defense-Level-9-South-East-Europe-Snowblind-2.jpg 1280w\" sizes=\"(max-width: 800px) 100vw, 800px\" \/><\/a><figcaption class=\"blocks-gallery-item__caption\">Placement de la tourelle \u00e0 la vague 10.<\/figcaption><\/figure><\/li><li class=\"blocks-gallery-item\"><figure><a href=\"https:\/\/ibomberdefense.standardof.net\/fr\/guide\/campagne-alliee\/9-sud-est-europe-snowblind-2\/ibomber-defense-level-9-south-east-europe-snowblind-3\/\"><img decoding=\"async\" width=\"800\" height=\"450\" src=\"https:\/\/ibomberdefense.standardof.net\/wp-content\/uploads\/sites\/5\/2020\/10\/iBomber-Defense-Level-9-South-East-Europe-Snowblind-3-800x450.jpg\" alt=\"&quot;iBomber Defense&quot; - Niveau 9 - Europe du Sud-Est: Snowblind (3)\" data-id=\"48\" data-full-url=\"https:\/\/ibomberdefense.standardof.net\/wp-content\/uploads\/sites\/5\/2020\/10\/iBomber-Defense-Level-9-South-East-Europe-Snowblind-3.jpg\" data-link=\"https:\/\/ibomberdefense.standardof.net\/guide\/allied-campaign\/9-south-east-europe-snowblind\/ibomber-defense-level-9-south-east-europe-snowblind-3\/\" class=\"wp-image-48\" title=\"\" srcset=\"https:\/\/ibomberdefense.standardof.net\/wp-content\/uploads\/sites\/5\/2020\/10\/iBomber-Defense-Level-9-South-East-Europe-Snowblind-3-800x450.jpg 800w, https:\/\/ibomberdefense.standardof.net\/wp-content\/uploads\/sites\/5\/2020\/10\/iBomber-Defense-Level-9-South-East-Europe-Snowblind-3-512x288.jpg 512w, https:\/\/ibomberdefense.standardof.net\/wp-content\/uploads\/sites\/5\/2020\/10\/iBomber-Defense-Level-9-South-East-Europe-Snowblind-3-200x113.jpg 200w, https:\/\/ibomberdefense.standardof.net\/wp-content\/uploads\/sites\/5\/2020\/10\/iBomber-Defense-Level-9-South-East-Europe-Snowblind-3-768x432.jpg 768w, https:\/\/ibomberdefense.standardof.net\/wp-content\/uploads\/sites\/5\/2020\/10\/iBomber-Defense-Level-9-South-East-Europe-Snowblind-3-16x9.jpg 16w, https:\/\/ibomberdefense.standardof.net\/wp-content\/uploads\/sites\/5\/2020\/10\/iBomber-Defense-Level-9-South-East-Europe-Snowblind-3.jpg 1280w\" sizes=\"(max-width: 800px) 100vw, 800px\" \/><\/a><figcaption class=\"blocks-gallery-item__caption\">Placement de la tourelle \u00e0 la vague 20.<\/figcaption><\/figure><\/li><\/ul><\/figure>\n\n\n\n<p>De la vague de d\u00e9part au num\u00e9ro dix, il sera pr\u00e9f\u00e9rable de se concentrer sur l&#039;obtention de deux tourelles de mitrailleuses enti\u00e8rement am\u00e9lior\u00e9es, une par chaque entr\u00e9e avec une suppl\u00e9mentaire par la base et une tourelle de canon sur la montagne centrale qui peut tirer de ladite position contre les deux. itin\u00e9raires. Gardez \u00e0 l&#039;esprit que la mission de contre-attaque ouvrira une nouvelle route en bas au centre-gauche de la carte o\u00f9 vous pourrez voir un chemin couvert de neige.<\/p>\n\n\n\n<p>Vers la vingti\u00e8me vague, vous voudrez vous concentrer sur la construction d&#039;un autre canon sur la montagne centrale avec une tourelle AA pour l&#039;avion entrant. Vous devriez \u00e9galement vous concentrer sur la construction de nouvelles bases de tir suppl\u00e9mentaires avec des tourelles de communication pour booster et commencer \u00e0 accro\u00eetre l&#039;int\u00e9r\u00eat pour les parties nord et sud-ouest de la carte pr\u00e8s de la base.<\/p>\n\n\n\n<p>De la vague 20 \u00e0 30, vous devriez travailler sur la mise \u00e0 niveau de vos tourelles de communication \u00e0 des fins d&#039;int\u00e9r\u00eat tout en ajoutant des tourelles \u00e0 canon aux 3 emplacements construits jusqu&#039;\u00e0 pr\u00e9sent sur les c\u00f4t\u00e9s nord et sud-ouest de la carte et la montagne centrale. Travaillez \u00e9galement \u00e0 faire monter votre tourelle anti-air au niveau 3 pendant cette p\u00e9riode.<\/p>\n\n\n\n<p>Les dix derni\u00e8res vagues devraient \u00eatre ax\u00e9es sur la maximisation du bonus d&#039;int\u00e9r\u00eat de chaque tour tout en utilisant l&#039;argent suppl\u00e9mentaire pour am\u00e9liorer toutes vos tourelles Cannon vers le niveau 3. Il vaudra la peine d&#039;ajouter une deuxi\u00e8me tourelle anti-a\u00e9rienne quelque part le long du chemin central emprunt\u00e9 par les avions, Personnellement, je choisis le c\u00f4t\u00e9 est de la montagne centrale.<\/p>\n\n\n\n<figure class=\"wp-block-gallery columns-2 is-cropped wp-block-gallery-2 is-layout-flex wp-block-gallery-is-layout-flex\"><ul class=\"blocks-gallery-grid\"><li class=\"blocks-gallery-item\"><figure><a href=\"https:\/\/ibomberdefense.standardof.net\/fr\/guide\/campagne-alliee\/9-sud-est-europe-snowblind-2\/ibomber-defense-level-9-south-east-europe-snowblind-4\/\"><img decoding=\"async\" width=\"800\" height=\"450\" src=\"https:\/\/ibomberdefense.standardof.net\/wp-content\/uploads\/sites\/5\/2020\/10\/iBomber-Defense-Level-9-South-East-Europe-Snowblind-4-800x450.jpg\" alt=\"&quot;iBomber Defense&quot; - Niveau 9 - Europe du Sud-Est: Snowblind (4)\" data-id=\"49\" data-full-url=\"https:\/\/ibomberdefense.standardof.net\/wp-content\/uploads\/sites\/5\/2020\/10\/iBomber-Defense-Level-9-South-East-Europe-Snowblind-4.jpg\" data-link=\"https:\/\/ibomberdefense.standardof.net\/guide\/allied-campaign\/9-south-east-europe-snowblind\/ibomber-defense-level-9-south-east-europe-snowblind-4\/\" class=\"wp-image-49\" title=\"\" srcset=\"https:\/\/ibomberdefense.standardof.net\/wp-content\/uploads\/sites\/5\/2020\/10\/iBomber-Defense-Level-9-South-East-Europe-Snowblind-4-800x450.jpg 800w, https:\/\/ibomberdefense.standardof.net\/wp-content\/uploads\/sites\/5\/2020\/10\/iBomber-Defense-Level-9-South-East-Europe-Snowblind-4-512x288.jpg 512w, https:\/\/ibomberdefense.standardof.net\/wp-content\/uploads\/sites\/5\/2020\/10\/iBomber-Defense-Level-9-South-East-Europe-Snowblind-4-200x113.jpg 200w, https:\/\/ibomberdefense.standardof.net\/wp-content\/uploads\/sites\/5\/2020\/10\/iBomber-Defense-Level-9-South-East-Europe-Snowblind-4-768x432.jpg 768w, https:\/\/ibomberdefense.standardof.net\/wp-content\/uploads\/sites\/5\/2020\/10\/iBomber-Defense-Level-9-South-East-Europe-Snowblind-4-16x9.jpg 16w, https:\/\/ibomberdefense.standardof.net\/wp-content\/uploads\/sites\/5\/2020\/10\/iBomber-Defense-Level-9-South-East-Europe-Snowblind-4.jpg 1280w\" sizes=\"(max-width: 800px) 100vw, 800px\" \/><\/a><figcaption class=\"blocks-gallery-item__caption\">Placement de la tourelle \u00e0 la vague 30.<\/figcaption><\/figure><\/li><li class=\"blocks-gallery-item\"><figure><a href=\"https:\/\/ibomberdefense.standardof.net\/fr\/guide\/campagne-alliee\/9-sud-est-europe-snowblind-2\/ibomber-defense-level-9-south-east-europe-snowblind-5\/\"><img decoding=\"async\" width=\"800\" height=\"450\" src=\"https:\/\/ibomberdefense.standardof.net\/wp-content\/uploads\/sites\/5\/2020\/10\/iBomber-Defense-Level-9-South-East-Europe-Snowblind-5-800x450.jpg\" alt=\"&quot;iBomber Defense&quot; - Niveau 9 - Europe du Sud-Est: Snowblind (5)\" data-id=\"50\" data-full-url=\"https:\/\/ibomberdefense.standardof.net\/wp-content\/uploads\/sites\/5\/2020\/10\/iBomber-Defense-Level-9-South-East-Europe-Snowblind-5.jpg\" data-link=\"https:\/\/ibomberdefense.standardof.net\/guide\/allied-campaign\/9-south-east-europe-snowblind\/ibomber-defense-level-9-south-east-europe-snowblind-5\/\" class=\"wp-image-50\" title=\"\" srcset=\"https:\/\/ibomberdefense.standardof.net\/wp-content\/uploads\/sites\/5\/2020\/10\/iBomber-Defense-Level-9-South-East-Europe-Snowblind-5-800x450.jpg 800w, https:\/\/ibomberdefense.standardof.net\/wp-content\/uploads\/sites\/5\/2020\/10\/iBomber-Defense-Level-9-South-East-Europe-Snowblind-5-512x288.jpg 512w, https:\/\/ibomberdefense.standardof.net\/wp-content\/uploads\/sites\/5\/2020\/10\/iBomber-Defense-Level-9-South-East-Europe-Snowblind-5-200x113.jpg 200w, https:\/\/ibomberdefense.standardof.net\/wp-content\/uploads\/sites\/5\/2020\/10\/iBomber-Defense-Level-9-South-East-Europe-Snowblind-5-768x432.jpg 768w, https:\/\/ibomberdefense.standardof.net\/wp-content\/uploads\/sites\/5\/2020\/10\/iBomber-Defense-Level-9-South-East-Europe-Snowblind-5-16x9.jpg 16w, https:\/\/ibomberdefense.standardof.net\/wp-content\/uploads\/sites\/5\/2020\/10\/iBomber-Defense-Level-9-South-East-Europe-Snowblind-5.jpg 1280w\" sizes=\"(max-width: 800px) 100vw, 800px\" \/><\/a><figcaption class=\"blocks-gallery-item__caption\">Placement de la tourelle \u00e0 la vague 40.<\/figcaption><\/figure><\/li><\/ul><\/figure>\n\n\n\n<hr class=\"wp-block-separator\"\/>\n\n\n\n<h4 class=\"has-text-align-center wp-block-heading\">Guide vid\u00e9o<\/h4>\n\n\n\n<figure class=\"wp-block-embed-youtube wp-block-embed is-type-video is-provider-youtube wp-embed-aspect-4-3 wp-has-aspect-ratio\"><div class=\"wp-block-embed__wrapper\">\n<div class=\"ast-oembed-container\" style=\"height: 100%;\"><iframe title=\"iBomber Defense - Europe du Sud-Est - Snowblind - V\u00e9t\u00e9ran + Parfait\" width=\"500\" height=\"281\" src=\"https:\/\/www.youtube.com\/embed\/qZ8uu88C06g?feature=oembed\" frameborder=\"0\" allow=\"accelerometer; autoplay; clipboard-write; encrypted-media; gyroscope; picture-in-picture; web-share\" referrerpolicy=\"strict-origin-when-cross-origin\" allowfullscreen><\/iframe><\/div>\n<\/div><\/figure>","protected":false},"excerpt":{"rendered":"<p>Proceeding onwards in the Allied campaign of iBomber Defense it is time to face the South East Europe level, taking place in a green valley that runs around a central snow covered mountain and lined with even larger snow covered ridges along the sides. You will have to face a total of 40 waves of [&hellip;]<\/p>","protected":false},"author":1,"featured_media":50,"parent":266,"menu_order":9,"comment_status":"open","ping_status":"closed","template":"","meta":{"_uag_custom_page_level_css":"","site-sidebar-layout":"default","site-content-layout":"default","ast-site-content-layout":"","site-content-style":"default","site-sidebar-style":"default","ast-global-header-display":"","ast-banner-title-visibility":"","ast-main-header-display":"","ast-hfb-above-header-display":"","ast-hfb-below-header-display":"","ast-hfb-mobile-header-display":"","site-post-title":"","ast-breadcrumbs-content":"","ast-featured-img":"","footer-sml-layout":"","theme-transparent-header-meta":"default","adv-header-id-meta":"","stick-header-meta":"","header-above-stick-meta":"","header-main-stick-meta":"","header-below-stick-meta":"","astra-migrate-meta-layouts":"default","ast-page-background-enabled":"default","ast-page-background-meta":{"desktop":{"background-color":"","background-image":"","background-repeat":"repeat","background-position":"center center","background-size":"auto","background-attachment":"scroll","background-type":"","background-media":"","overlay-type":"","overlay-color":"","overlay-gradient":""},"tablet":{"background-color":"","background-image":"","background-repeat":"repeat","background-position":"center center","background-size":"auto","background-attachment":"scroll","background-type":"","background-media":"","overlay-type":"","overlay-color":"","overlay-gradient":""},"mobile":{"background-color":"","background-image":"","background-repeat":"repeat","background-position":"center center","background-size":"auto","background-attachment":"scroll","background-type":"","background-media":"","overlay-type":"","overlay-color":"","overlay-gradient":""}},"ast-content-background-meta":{"desktop":{"background-color":"var(--ast-global-color-5)","background-image":"","background-repeat":"repeat","background-position":"center center","background-size":"auto","background-attachment":"scroll","background-type":"","background-media":"","overlay-type":"","overlay-color":"","overlay-gradient":""},"tablet":{"background-color":"var(--ast-global-color-5)","background-image":"","background-repeat":"repeat","background-position":"center center","background-size":"auto","background-attachment":"scroll","background-type":"","background-media":"","overlay-type":"","overlay-color":"","overlay-gradient":""},"mobile":{"background-color":"var(--ast-global-color-5)","background-image":"","background-repeat":"repeat","background-position":"center center","background-size":"auto","background-attachment":"scroll","background-type":"","background-media":"","overlay-type":"","overlay-color":"","overlay-gradient":""}},"footnotes":""},"uagb_featured_image_src":{"full":["https:\/\/ibomberdefense.standardof.net\/wp-content\/uploads\/sites\/5\/2020\/10\/iBomber-Defense-Level-9-South-East-Europe-Snowblind-5.jpg",1280,720,false],"thumbnail":["https:\/\/ibomberdefense.standardof.net\/wp-content\/uploads\/sites\/5\/2020\/10\/iBomber-Defense-Level-9-South-East-Europe-Snowblind-5-200x113.jpg",200,113,true],"medium":["https:\/\/ibomberdefense.standardof.net\/wp-content\/uploads\/sites\/5\/2020\/10\/iBomber-Defense-Level-9-South-East-Europe-Snowblind-5-512x288.jpg",512,288,true],"medium_large":["https:\/\/ibomberdefense.standardof.net\/wp-content\/uploads\/sites\/5\/2020\/10\/iBomber-Defense-Level-9-South-East-Europe-Snowblind-5-768x432.jpg",768,432,true],"large":["https:\/\/ibomberdefense.standardof.net\/wp-content\/uploads\/sites\/5\/2020\/10\/iBomber-Defense-Level-9-South-East-Europe-Snowblind-5-800x450.jpg",800,450,true],"1536x1536":["https:\/\/ibomberdefense.standardof.net\/wp-content\/uploads\/sites\/5\/2020\/10\/iBomber-Defense-Level-9-South-East-Europe-Snowblind-5.jpg",1280,720,false],"2048x2048":["https:\/\/ibomberdefense.standardof.net\/wp-content\/uploads\/sites\/5\/2020\/10\/iBomber-Defense-Level-9-South-East-Europe-Snowblind-5.jpg",1280,720,false],"trp-custom-language-flag":["https:\/\/ibomberdefense.standardof.net\/wp-content\/uploads\/sites\/5\/2020\/10\/iBomber-Defense-Level-9-South-East-Europe-Snowblind-5-16x9.jpg",16,9,true]},"uagb_author_info":{"display_name":"SOE","author_link":"https:\/\/ibomberdefense.standardof.net\/fr\/author\/k-tastic\/"},"uagb_comment_info":0,"uagb_excerpt":"Proceeding onwards in the Allied campaign of iBomber Defense it is time to face the South East Europe level, taking place in a green valley that runs around a central snow covered mountain and lined with even larger snow covered ridges along the sides. You will have to face a total of 40 waves of&hellip;","_links":{"self":[{"href":"https:\/\/ibomberdefense.standardof.net\/fr\/wp-json\/wp\/v2\/pages\/299"}],"collection":[{"href":"https:\/\/ibomberdefense.standardof.net\/fr\/wp-json\/wp\/v2\/pages"}],"about":[{"href":"https:\/\/ibomberdefense.standardof.net\/fr\/wp-json\/wp\/v2\/types\/page"}],"author":[{"embeddable":true,"href":"https:\/\/ibomberdefense.standardof.net\/fr\/wp-json\/wp\/v2\/users\/1"}],"replies":[{"embeddable":true,"href":"https:\/\/ibomberdefense.standardof.net\/fr\/wp-json\/wp\/v2\/comments?post=299"}],"version-history":[{"count":0,"href":"https:\/\/ibomberdefense.standardof.net\/fr\/wp-json\/wp\/v2\/pages\/299\/revisions"}],"up":[{"embeddable":true,"href":"https:\/\/ibomberdefense.standardof.net\/fr\/wp-json\/wp\/v2\/pages\/266"}],"wp:featuredmedia":[{"embeddable":true,"href":"https:\/\/ibomberdefense.standardof.net\/fr\/wp-json\/wp\/v2\/media\/50"}],"wp:attachment":[{"href":"https:\/\/ibomberdefense.standardof.net\/fr\/wp-json\/wp\/v2\/media?parent=299"}],"curies":[{"name":"wp","href":"https:\/\/api.w.org\/{rel}","templated":true}]}}