{"id":300,"date":"2020-10-19T06:26:07","date_gmt":"2020-10-19T06:26:07","guid":{"rendered":"https:\/\/ibomberdefense.standardof.net\/?page_id=300"},"modified":"2020-10-19T08:06:23","modified_gmt":"2020-10-19T08:06:23","slug":"10-western-russia-barbarossa","status":"publish","type":"page","link":"https:\/\/ibomberdefense.standardof.net\/fr\/guide\/campagne-alliee\/10-russie-occidentale-barbarosse-2\/","title":{"rendered":"10. Russie occidentale: Barbarossa"},"content":{"rendered":"<div class=\"wp-block-image\"><figure class=\"aligncenter size-large\"><a href=\"https:\/\/ibomberdefense.standardof.net\/fr\/guide\/campagne-alliee\/10-russie-occidentale-barbarosse-2\/ibomber-defense-level-10-western-russia-barbarossa-1\/\"><img decoding=\"async\" width=\"800\" height=\"450\" src=\"https:\/\/ibomberdefense.standardof.net\/wp-content\/uploads\/sites\/5\/2020\/10\/iBomber-Defense-Level-10-Western-Russia-Barbarossa-1-800x450.jpg\" alt=\"&quot;iBomber Defense&quot; - Niveau 10 - Russie occidentale: Barbarossa (1)\" class=\"wp-image-51\" title=\"\" srcset=\"https:\/\/ibomberdefense.standardof.net\/wp-content\/uploads\/sites\/5\/2020\/10\/iBomber-Defense-Level-10-Western-Russia-Barbarossa-1-800x450.jpg 800w, https:\/\/ibomberdefense.standardof.net\/wp-content\/uploads\/sites\/5\/2020\/10\/iBomber-Defense-Level-10-Western-Russia-Barbarossa-1-512x288.jpg 512w, https:\/\/ibomberdefense.standardof.net\/wp-content\/uploads\/sites\/5\/2020\/10\/iBomber-Defense-Level-10-Western-Russia-Barbarossa-1-200x113.jpg 200w, https:\/\/ibomberdefense.standardof.net\/wp-content\/uploads\/sites\/5\/2020\/10\/iBomber-Defense-Level-10-Western-Russia-Barbarossa-1-768x432.jpg 768w, https:\/\/ibomberdefense.standardof.net\/wp-content\/uploads\/sites\/5\/2020\/10\/iBomber-Defense-Level-10-Western-Russia-Barbarossa-1-16x9.jpg 16w, https:\/\/ibomberdefense.standardof.net\/wp-content\/uploads\/sites\/5\/2020\/10\/iBomber-Defense-Level-10-Western-Russia-Barbarossa-1.jpg 1280w\" sizes=\"(max-width: 800px) 100vw, 800px\" \/><\/a><figcaption>Chemins emprunt\u00e9s par les unit\u00e9s terrestres en Russie occidentale.<\/figcaption><\/figure><\/div>\n\n\n\n<p>Le dixi\u00e8me niveau de la campagne alli\u00e9e de <em>D\u00e9fense iBomber<\/em> et la troisi\u00e8me mission de cette seconde moiti\u00e9 du guide pas \u00e0 pas nous emm\u00e8ne dans les terres couvertes de neige de la Russie occidentale. Vous ferez face \u00e0 une quarantaine de vagues d&#039;unit\u00e9s terrestres provenant de 3 routes \u00e9manant du nord-ouest, nord-est et sud-ouest, se recroquevillant vers le centre de la carte o\u00f9 se trouve la base. Il n&#039;y a pas d&#039;unit\u00e9s a\u00e9riennes \u00e0 affronter dans ce niveau.<\/p>\n\n\n\n<p>Le placement des tourelles dans l&#039;ouest de la Russie va se concentrer sur la cr\u00e9ation d&#039;une ligne \u00e9paisse de canons principalement tous renforc\u00e9s par des tours de communication qui s&#039;\u00e9tendent au centre de la carte. Ce niveau a d&#039;excellents endroits pour mettre de nombreuses tourelles qui couvrent plusieurs itin\u00e9raires.<\/p>\n\n\n\n<h3 class=\"wp-block-heading\"><strong>Placement de la tourelle<\/strong><\/h3>\n\n\n\n<figure class=\"wp-block-gallery columns-2 is-cropped wp-block-gallery-1 is-layout-flex wp-block-gallery-is-layout-flex\"><ul class=\"blocks-gallery-grid\"><li class=\"blocks-gallery-item\"><figure><a href=\"https:\/\/ibomberdefense.standardof.net\/fr\/guide\/campagne-alliee\/10-russie-occidentale-barbarosse-2\/ibomber-defense-level-10-western-russia-barbarossa-2\/\"><img decoding=\"async\" width=\"800\" height=\"450\" src=\"https:\/\/ibomberdefense.standardof.net\/wp-content\/uploads\/sites\/5\/2020\/10\/iBomber-Defense-Level-10-Western-Russia-Barbarossa-2-800x450.jpg\" alt=\"&quot;iBomber Defense&quot; - Niveau 10 - Russie occidentale: Barbarossa (2)\" data-id=\"52\" data-full-url=\"https:\/\/ibomberdefense.standardof.net\/wp-content\/uploads\/sites\/5\/2020\/10\/iBomber-Defense-Level-10-Western-Russia-Barbarossa-2.jpg\" data-link=\"https:\/\/ibomberdefense.standardof.net\/guide\/allied-campaign\/10-western-russia-barbarossa\/ibomber-defense-level-10-western-russia-barbarossa-2\/\" class=\"wp-image-52\" title=\"\" srcset=\"https:\/\/ibomberdefense.standardof.net\/wp-content\/uploads\/sites\/5\/2020\/10\/iBomber-Defense-Level-10-Western-Russia-Barbarossa-2-800x450.jpg 800w, https:\/\/ibomberdefense.standardof.net\/wp-content\/uploads\/sites\/5\/2020\/10\/iBomber-Defense-Level-10-Western-Russia-Barbarossa-2-512x288.jpg 512w, https:\/\/ibomberdefense.standardof.net\/wp-content\/uploads\/sites\/5\/2020\/10\/iBomber-Defense-Level-10-Western-Russia-Barbarossa-2-200x113.jpg 200w, https:\/\/ibomberdefense.standardof.net\/wp-content\/uploads\/sites\/5\/2020\/10\/iBomber-Defense-Level-10-Western-Russia-Barbarossa-2-768x432.jpg 768w, https:\/\/ibomberdefense.standardof.net\/wp-content\/uploads\/sites\/5\/2020\/10\/iBomber-Defense-Level-10-Western-Russia-Barbarossa-2-16x9.jpg 16w, https:\/\/ibomberdefense.standardof.net\/wp-content\/uploads\/sites\/5\/2020\/10\/iBomber-Defense-Level-10-Western-Russia-Barbarossa-2.jpg 1280w\" sizes=\"(max-width: 800px) 100vw, 800px\" \/><\/a><figcaption class=\"blocks-gallery-item__caption\">Placement de la tourelle Wave 10.<\/figcaption><\/figure><\/li><li class=\"blocks-gallery-item\"><figure><a href=\"https:\/\/ibomberdefense.standardof.net\/fr\/guide\/campagne-alliee\/10-russie-occidentale-barbarosse-2\/ibomber-defense-level-10-western-russia-barbarossa-3\/\"><img decoding=\"async\" width=\"800\" height=\"450\" src=\"https:\/\/ibomberdefense.standardof.net\/wp-content\/uploads\/sites\/5\/2020\/10\/iBomber-Defense-Level-10-Western-Russia-Barbarossa-3-800x450.jpg\" alt=\"&quot;iBomber Defense&quot; - Niveau 10 - Russie occidentale: Barbarossa (3)\" data-id=\"53\" data-full-url=\"https:\/\/ibomberdefense.standardof.net\/wp-content\/uploads\/sites\/5\/2020\/10\/iBomber-Defense-Level-10-Western-Russia-Barbarossa-3.jpg\" data-link=\"https:\/\/ibomberdefense.standardof.net\/guide\/allied-campaign\/10-western-russia-barbarossa\/ibomber-defense-level-10-western-russia-barbarossa-3\/\" class=\"wp-image-53\" title=\"\" srcset=\"https:\/\/ibomberdefense.standardof.net\/wp-content\/uploads\/sites\/5\/2020\/10\/iBomber-Defense-Level-10-Western-Russia-Barbarossa-3-800x450.jpg 800w, https:\/\/ibomberdefense.standardof.net\/wp-content\/uploads\/sites\/5\/2020\/10\/iBomber-Defense-Level-10-Western-Russia-Barbarossa-3-512x288.jpg 512w, https:\/\/ibomberdefense.standardof.net\/wp-content\/uploads\/sites\/5\/2020\/10\/iBomber-Defense-Level-10-Western-Russia-Barbarossa-3-200x113.jpg 200w, https:\/\/ibomberdefense.standardof.net\/wp-content\/uploads\/sites\/5\/2020\/10\/iBomber-Defense-Level-10-Western-Russia-Barbarossa-3-768x432.jpg 768w, https:\/\/ibomberdefense.standardof.net\/wp-content\/uploads\/sites\/5\/2020\/10\/iBomber-Defense-Level-10-Western-Russia-Barbarossa-3-16x9.jpg 16w, https:\/\/ibomberdefense.standardof.net\/wp-content\/uploads\/sites\/5\/2020\/10\/iBomber-Defense-Level-10-Western-Russia-Barbarossa-3.jpg 1280w\" sizes=\"(max-width: 800px) 100vw, 800px\" \/><\/a><figcaption class=\"blocks-gallery-item__caption\">Placement de la tourelle Wave 20.<\/figcaption><\/figure><\/li><\/ul><\/figure>\n\n\n\n<p>Du d\u00e9marrage \u00e0 la vague 10, vos efforts doivent \u00eatre concentr\u00e9s, comme c&#039;est normalement le cas face aux forces terrestres, pour construire d&#039;abord une paire de mitrailleuses de niveau 3, une de chaque c\u00f4t\u00e9 du point o\u00f9 les 3 chemins convergent. Une fois que ceux-ci sont en place, vous pouvez ajouter une autre mitrailleuse pour commencer la mise \u00e0 niveau juste \u00e0 gauche du petit plateau pr\u00e8s de votre base.<\/p>\n\n\n\n<p>Atteindre la vague 20 devrait englober l&#039;expansion des d\u00e9fenses de tourelle que vous avez sur les c\u00f4t\u00e9s droit et gauche de la base, chacune soutenue par des tours de communication de niveau 2 qui devraient commencer \u00e0 g\u00e9n\u00e9rer des int\u00e9r\u00eats pour vous. Assurez-vous de commencer \u00e0 placer des canons de niveau 1 des deux c\u00f4t\u00e9s avec des mitrailleuses suppl\u00e9mentaires.<\/p>\n\n\n\n<p>Sur le chemin de la trentei\u00e8me vague dans l&#039;ouest de la Russie, commencez \u00e0 construire une tourelle de base o\u00f9 les routes d&#039;entr\u00e9e en haut \u00e0 droite et en bas \u00e0 gauche convergent vers une avant de rencontrer la route en haut \u00e0 gauche avant la base. Essayez d&#039;avoir trois tours de communication de niveau 3 et toutes vos tourelles plac\u00e9es mises \u00e0 niveau \u00e0 leur niveau maximum. Les tourelles de sabotage peuvent \u00eatre utiles ici pour compenser les courtes distances avec lesquelles vous devez arr\u00eater l&#039;ennemi.<\/p>\n\n\n\n<p>Entre la vague 30 et finalement la vague 40, vous devriez pouvoir utiliser l&#039;\u00e9norme quantit\u00e9 d&#039;int\u00e9r\u00eat que vous obtenez chaque vague pour commencer \u00e0 amasser des champs de canons pour vaincre l&#039;ennemi. N&#039;oubliez pas d&#039;utiliser les images \u00e0 droite et la vid\u00e9o ci-dessous pour plus de d\u00e9tails sur les emplacements de mes tourelles.<\/p>\n\n\n\n<figure class=\"wp-block-gallery columns-2 is-cropped wp-block-gallery-2 is-layout-flex wp-block-gallery-is-layout-flex\"><ul class=\"blocks-gallery-grid\"><li class=\"blocks-gallery-item\"><figure><a href=\"https:\/\/ibomberdefense.standardof.net\/fr\/guide\/campagne-alliee\/10-russie-occidentale-barbarosse-2\/ibomber-defense-level-10-western-russia-barbarossa-4\/\"><img decoding=\"async\" width=\"800\" height=\"450\" src=\"https:\/\/ibomberdefense.standardof.net\/wp-content\/uploads\/sites\/5\/2020\/10\/iBomber-Defense-Level-10-Western-Russia-Barbarossa-4-800x450.jpg\" alt=\"&quot;iBomber Defense&quot; - Niveau 10 - Russie occidentale: Barbarossa (4)\" data-id=\"54\" data-full-url=\"https:\/\/ibomberdefense.standardof.net\/wp-content\/uploads\/sites\/5\/2020\/10\/iBomber-Defense-Level-10-Western-Russia-Barbarossa-4.jpg\" data-link=\"https:\/\/ibomberdefense.standardof.net\/guide\/allied-campaign\/10-western-russia-barbarossa\/ibomber-defense-level-10-western-russia-barbarossa-4\/\" class=\"wp-image-54\" title=\"\" srcset=\"https:\/\/ibomberdefense.standardof.net\/wp-content\/uploads\/sites\/5\/2020\/10\/iBomber-Defense-Level-10-Western-Russia-Barbarossa-4-800x450.jpg 800w, https:\/\/ibomberdefense.standardof.net\/wp-content\/uploads\/sites\/5\/2020\/10\/iBomber-Defense-Level-10-Western-Russia-Barbarossa-4-512x288.jpg 512w, https:\/\/ibomberdefense.standardof.net\/wp-content\/uploads\/sites\/5\/2020\/10\/iBomber-Defense-Level-10-Western-Russia-Barbarossa-4-200x113.jpg 200w, https:\/\/ibomberdefense.standardof.net\/wp-content\/uploads\/sites\/5\/2020\/10\/iBomber-Defense-Level-10-Western-Russia-Barbarossa-4-768x432.jpg 768w, https:\/\/ibomberdefense.standardof.net\/wp-content\/uploads\/sites\/5\/2020\/10\/iBomber-Defense-Level-10-Western-Russia-Barbarossa-4-16x9.jpg 16w, https:\/\/ibomberdefense.standardof.net\/wp-content\/uploads\/sites\/5\/2020\/10\/iBomber-Defense-Level-10-Western-Russia-Barbarossa-4.jpg 1280w\" sizes=\"(max-width: 800px) 100vw, 800px\" \/><\/a><figcaption class=\"blocks-gallery-item__caption\">Placement de la tourelle Wave 30.<\/figcaption><\/figure><\/li><li class=\"blocks-gallery-item\"><figure><a href=\"https:\/\/ibomberdefense.standardof.net\/fr\/guide\/campagne-alliee\/10-russie-occidentale-barbarosse-2\/ibomber-defense-level-10-western-russia-barbarossa-5\/\"><img decoding=\"async\" width=\"800\" height=\"450\" src=\"https:\/\/ibomberdefense.standardof.net\/wp-content\/uploads\/sites\/5\/2020\/10\/iBomber-Defense-Level-10-Western-Russia-Barbarossa-5-800x450.jpg\" alt=\"&quot;iBomber Defense&quot; - Niveau 10 - Russie occidentale: Barbarossa (5)\" data-id=\"55\" data-full-url=\"https:\/\/ibomberdefense.standardof.net\/wp-content\/uploads\/sites\/5\/2020\/10\/iBomber-Defense-Level-10-Western-Russia-Barbarossa-5.jpg\" data-link=\"https:\/\/ibomberdefense.standardof.net\/guide\/allied-campaign\/10-western-russia-barbarossa\/ibomber-defense-level-10-western-russia-barbarossa-5\/\" class=\"wp-image-55\" title=\"\" srcset=\"https:\/\/ibomberdefense.standardof.net\/wp-content\/uploads\/sites\/5\/2020\/10\/iBomber-Defense-Level-10-Western-Russia-Barbarossa-5-800x450.jpg 800w, https:\/\/ibomberdefense.standardof.net\/wp-content\/uploads\/sites\/5\/2020\/10\/iBomber-Defense-Level-10-Western-Russia-Barbarossa-5-512x288.jpg 512w, https:\/\/ibomberdefense.standardof.net\/wp-content\/uploads\/sites\/5\/2020\/10\/iBomber-Defense-Level-10-Western-Russia-Barbarossa-5-200x113.jpg 200w, https:\/\/ibomberdefense.standardof.net\/wp-content\/uploads\/sites\/5\/2020\/10\/iBomber-Defense-Level-10-Western-Russia-Barbarossa-5-768x432.jpg 768w, https:\/\/ibomberdefense.standardof.net\/wp-content\/uploads\/sites\/5\/2020\/10\/iBomber-Defense-Level-10-Western-Russia-Barbarossa-5-16x9.jpg 16w, https:\/\/ibomberdefense.standardof.net\/wp-content\/uploads\/sites\/5\/2020\/10\/iBomber-Defense-Level-10-Western-Russia-Barbarossa-5.jpg 1280w\" sizes=\"(max-width: 800px) 100vw, 800px\" \/><\/a><figcaption class=\"blocks-gallery-item__caption\">Placement de la tourelle Wave 40.<\/figcaption><\/figure><\/li><\/ul><\/figure>\n\n\n\n<hr class=\"wp-block-separator\"\/>\n\n\n\n<h4 class=\"has-text-align-center wp-block-heading\">Guide vid\u00e9o<\/h4>\n\n\n\n<figure class=\"wp-block-embed-youtube wp-block-embed is-type-video is-provider-youtube wp-embed-aspect-16-9 wp-has-aspect-ratio\"><div class=\"wp-block-embed__wrapper\">\n<div class=\"ast-oembed-container\" style=\"height: 100%;\"><iframe title=\"iBomber Defense - Russie occidentale - Barbarossa - V\u00e9t\u00e9ran + Parfait\" width=\"500\" height=\"281\" src=\"https:\/\/www.youtube.com\/embed\/UuXaSzCxym8?feature=oembed\" frameborder=\"0\" allow=\"accelerometer; autoplay; clipboard-write; encrypted-media; gyroscope; picture-in-picture; web-share\" referrerpolicy=\"strict-origin-when-cross-origin\" allowfullscreen><\/iframe><\/div>\n<\/div><\/figure>","protected":false},"excerpt":{"rendered":"<p>The tenth level in the Allied campaign of iBomber Defense and the third mission in this second half of the walkthrough guide takes us to the snow covered lands of Western Russia. You will be facing forty waves of ground units that come from 3 roads emanating from the northwest, northeast and southwest, curling around [&hellip;]<\/p>","protected":false},"author":1,"featured_media":55,"parent":266,"menu_order":10,"comment_status":"open","ping_status":"closed","template":"","meta":{"_uag_custom_page_level_css":"","site-sidebar-layout":"default","site-content-layout":"default","ast-site-content-layout":"","site-content-style":"default","site-sidebar-style":"default","ast-global-header-display":"","ast-banner-title-visibility":"","ast-main-header-display":"","ast-hfb-above-header-display":"","ast-hfb-below-header-display":"","ast-hfb-mobile-header-display":"","site-post-title":"","ast-breadcrumbs-content":"","ast-featured-img":"","footer-sml-layout":"","theme-transparent-header-meta":"default","adv-header-id-meta":"","stick-header-meta":"","header-above-stick-meta":"","header-main-stick-meta":"","header-below-stick-meta":"","astra-migrate-meta-layouts":"default","ast-page-background-enabled":"default","ast-page-background-meta":{"desktop":{"background-color":"","background-image":"","background-repeat":"repeat","background-position":"center center","background-size":"auto","background-attachment":"scroll","background-type":"","background-media":"","overlay-type":"","overlay-color":"","overlay-gradient":""},"tablet":{"background-color":"","background-image":"","background-repeat":"repeat","background-position":"center center","background-size":"auto","background-attachment":"scroll","background-type":"","background-media":"","overlay-type":"","overlay-color":"","overlay-gradient":""},"mobile":{"background-color":"","background-image":"","background-repeat":"repeat","background-position":"center center","background-size":"auto","background-attachment":"scroll","background-type":"","background-media":"","overlay-type":"","overlay-color":"","overlay-gradient":""}},"ast-content-background-meta":{"desktop":{"background-color":"var(--ast-global-color-5)","background-image":"","background-repeat":"repeat","background-position":"center center","background-size":"auto","background-attachment":"scroll","background-type":"","background-media":"","overlay-type":"","overlay-color":"","overlay-gradient":""},"tablet":{"background-color":"var(--ast-global-color-5)","background-image":"","background-repeat":"repeat","background-position":"center center","background-size":"auto","background-attachment":"scroll","background-type":"","background-media":"","overlay-type":"","overlay-color":"","overlay-gradient":""},"mobile":{"background-color":"var(--ast-global-color-5)","background-image":"","background-repeat":"repeat","background-position":"center center","background-size":"auto","background-attachment":"scroll","background-type":"","background-media":"","overlay-type":"","overlay-color":"","overlay-gradient":""}},"footnotes":""},"uagb_featured_image_src":{"full":["https:\/\/ibomberdefense.standardof.net\/wp-content\/uploads\/sites\/5\/2020\/10\/iBomber-Defense-Level-10-Western-Russia-Barbarossa-5.jpg",1280,720,false],"thumbnail":["https:\/\/ibomberdefense.standardof.net\/wp-content\/uploads\/sites\/5\/2020\/10\/iBomber-Defense-Level-10-Western-Russia-Barbarossa-5-200x113.jpg",200,113,true],"medium":["https:\/\/ibomberdefense.standardof.net\/wp-content\/uploads\/sites\/5\/2020\/10\/iBomber-Defense-Level-10-Western-Russia-Barbarossa-5-512x288.jpg",512,288,true],"medium_large":["https:\/\/ibomberdefense.standardof.net\/wp-content\/uploads\/sites\/5\/2020\/10\/iBomber-Defense-Level-10-Western-Russia-Barbarossa-5-768x432.jpg",768,432,true],"large":["https:\/\/ibomberdefense.standardof.net\/wp-content\/uploads\/sites\/5\/2020\/10\/iBomber-Defense-Level-10-Western-Russia-Barbarossa-5-800x450.jpg",800,450,true],"1536x1536":["https:\/\/ibomberdefense.standardof.net\/wp-content\/uploads\/sites\/5\/2020\/10\/iBomber-Defense-Level-10-Western-Russia-Barbarossa-5.jpg",1280,720,false],"2048x2048":["https:\/\/ibomberdefense.standardof.net\/wp-content\/uploads\/sites\/5\/2020\/10\/iBomber-Defense-Level-10-Western-Russia-Barbarossa-5.jpg",1280,720,false],"trp-custom-language-flag":["https:\/\/ibomberdefense.standardof.net\/wp-content\/uploads\/sites\/5\/2020\/10\/iBomber-Defense-Level-10-Western-Russia-Barbarossa-5-16x9.jpg",16,9,true]},"uagb_author_info":{"display_name":"SOE","author_link":"https:\/\/ibomberdefense.standardof.net\/fr\/author\/k-tastic\/"},"uagb_comment_info":0,"uagb_excerpt":"The tenth level in the Allied campaign of iBomber Defense and the third mission in this second half of the walkthrough guide takes us to the snow covered lands of Western Russia. You will be facing forty waves of ground units that come from 3 roads emanating from the northwest, northeast and southwest, curling around&hellip;","_links":{"self":[{"href":"https:\/\/ibomberdefense.standardof.net\/fr\/wp-json\/wp\/v2\/pages\/300"}],"collection":[{"href":"https:\/\/ibomberdefense.standardof.net\/fr\/wp-json\/wp\/v2\/pages"}],"about":[{"href":"https:\/\/ibomberdefense.standardof.net\/fr\/wp-json\/wp\/v2\/types\/page"}],"author":[{"embeddable":true,"href":"https:\/\/ibomberdefense.standardof.net\/fr\/wp-json\/wp\/v2\/users\/1"}],"replies":[{"embeddable":true,"href":"https:\/\/ibomberdefense.standardof.net\/fr\/wp-json\/wp\/v2\/comments?post=300"}],"version-history":[{"count":0,"href":"https:\/\/ibomberdefense.standardof.net\/fr\/wp-json\/wp\/v2\/pages\/300\/revisions"}],"up":[{"embeddable":true,"href":"https:\/\/ibomberdefense.standardof.net\/fr\/wp-json\/wp\/v2\/pages\/266"}],"wp:featuredmedia":[{"embeddable":true,"href":"https:\/\/ibomberdefense.standardof.net\/fr\/wp-json\/wp\/v2\/media\/55"}],"wp:attachment":[{"href":"https:\/\/ibomberdefense.standardof.net\/fr\/wp-json\/wp\/v2\/media?parent=300"}],"curies":[{"name":"wp","href":"https:\/\/api.w.org\/{rel}","templated":true}]}}