{"id":301,"date":"2020-10-19T06:26:26","date_gmt":"2020-10-19T06:26:26","guid":{"rendered":"https:\/\/ibomberdefense.standardof.net\/?page_id=301"},"modified":"2020-10-19T08:06:28","modified_gmt":"2020-10-19T08:06:28","slug":"11-north-east-europe-heart-of-oak","status":"publish","type":"page","link":"https:\/\/ibomberdefense.standardof.net\/fr\/guide\/campagne-alliee\/11-europe-nord-est-coeur-de-chene-2\/","title":{"rendered":"11. Europe du Nord-Est: Heart of Oak"},"content":{"rendered":"<div class=\"wp-block-image\"><figure class=\"aligncenter size-large\"><a href=\"https:\/\/ibomberdefense.standardof.net\/fr\/guide\/campagne-alliee\/11-europe-nord-est-coeur-de-chene-2\/ibomber-defense-level-11-north-east-europe-heart-of-oak-1\/\"><img decoding=\"async\" width=\"800\" height=\"450\" src=\"https:\/\/ibomberdefense.standardof.net\/wp-content\/uploads\/sites\/5\/2020\/10\/iBomber-Defense-Level-11-North-East-Europe-Heart-of-Oak-1-800x450.jpg\" alt=\"&quot;iBomber Defense&quot; - Niveau 11 - Europe du Nord-Est: Heart of Oak (1)\" class=\"wp-image-56\" title=\"\" srcset=\"https:\/\/ibomberdefense.standardof.net\/wp-content\/uploads\/sites\/5\/2020\/10\/iBomber-Defense-Level-11-North-East-Europe-Heart-of-Oak-1-800x450.jpg 800w, https:\/\/ibomberdefense.standardof.net\/wp-content\/uploads\/sites\/5\/2020\/10\/iBomber-Defense-Level-11-North-East-Europe-Heart-of-Oak-1-512x288.jpg 512w, https:\/\/ibomberdefense.standardof.net\/wp-content\/uploads\/sites\/5\/2020\/10\/iBomber-Defense-Level-11-North-East-Europe-Heart-of-Oak-1-200x113.jpg 200w, https:\/\/ibomberdefense.standardof.net\/wp-content\/uploads\/sites\/5\/2020\/10\/iBomber-Defense-Level-11-North-East-Europe-Heart-of-Oak-1-768x432.jpg 768w, https:\/\/ibomberdefense.standardof.net\/wp-content\/uploads\/sites\/5\/2020\/10\/iBomber-Defense-Level-11-North-East-Europe-Heart-of-Oak-1-16x9.jpg 16w, https:\/\/ibomberdefense.standardof.net\/wp-content\/uploads\/sites\/5\/2020\/10\/iBomber-Defense-Level-11-North-East-Europe-Heart-of-Oak-1.jpg 1280w\" sizes=\"(max-width: 800px) 100vw, 800px\" \/><\/a><figcaption>Les nombreux itin\u00e9raires emprunt\u00e9s par les unit\u00e9s ennemies en Europe du Nord-Est. La ligne violette est l&#039;avion.<\/figcaption><\/figure><\/div>\n\n\n\n<p>Le niveau de l&#039;Europe du Nord-Est de la campagne alli\u00e9e en <em>D\u00e9fense iBomber<\/em> nous ram\u00e8ne dans les terres bois\u00e9es vertes pour d\u00e9fendre une base qui a 8 routes d&#039;attaque diff\u00e9rentes, sans compter la route parcourue par les unit\u00e9s a\u00e9riennes vers votre base. Le placement de la tourelle commence \u00e0 devenir un peu d\u00e9licat \u00e0 ce niveau car les routes prennent tellement de place que les options de placement sont quelque peu limit\u00e9es.<\/p>\n\n\n\n<p>Comme il s&#039;agit d&#039;une autre mission avec des emplacements de construction limit\u00e9s, il est tr\u00e8s important de mettre \u00e0 niveau vos tourelles jusqu&#039;\u00e0 leur niveau maximum. Les tourelles construites ici seront principalement centr\u00e9es sur et autour des deux plateaux centraux. Il y a 40 vagues au total \u00e0 repousser en Europe du Nord-Est et les avions commenceront \u00e0 appara\u00eetre \u00e0 la vague 20.<\/p>\n\n\n\n<h3 class=\"wp-block-heading\"><strong>Placement de la tourelle<\/strong><\/h3>\n\n\n\n<figure class=\"wp-block-gallery columns-2 is-cropped wp-block-gallery-1 is-layout-flex wp-block-gallery-is-layout-flex\"><ul class=\"blocks-gallery-grid\"><li class=\"blocks-gallery-item\"><figure><a href=\"https:\/\/ibomberdefense.standardof.net\/fr\/guide\/campagne-alliee\/11-europe-nord-est-coeur-de-chene-2\/ibomber-defense-level-11-north-east-europe-heart-of-oak-2\/\"><img decoding=\"async\" width=\"800\" height=\"450\" src=\"https:\/\/ibomberdefense.standardof.net\/wp-content\/uploads\/sites\/5\/2020\/10\/iBomber-Defense-Level-11-North-East-Europe-Heart-of-Oak-2-800x450.jpg\" alt=\"&quot;iBomber Defense&quot; - Niveau 11 - Europe du Nord-Est: Heart of Oak (2)\" data-id=\"57\" data-full-url=\"https:\/\/ibomberdefense.standardof.net\/wp-content\/uploads\/sites\/5\/2020\/10\/iBomber-Defense-Level-11-North-East-Europe-Heart-of-Oak-2.jpg\" data-link=\"https:\/\/ibomberdefense.standardof.net\/guide\/allied-campaign\/11-north-east-europe-heart-of-oak\/ibomber-defense-level-11-north-east-europe-heart-of-oak-2\/\" class=\"wp-image-57\" title=\"\" srcset=\"https:\/\/ibomberdefense.standardof.net\/wp-content\/uploads\/sites\/5\/2020\/10\/iBomber-Defense-Level-11-North-East-Europe-Heart-of-Oak-2-800x450.jpg 800w, https:\/\/ibomberdefense.standardof.net\/wp-content\/uploads\/sites\/5\/2020\/10\/iBomber-Defense-Level-11-North-East-Europe-Heart-of-Oak-2-512x288.jpg 512w, https:\/\/ibomberdefense.standardof.net\/wp-content\/uploads\/sites\/5\/2020\/10\/iBomber-Defense-Level-11-North-East-Europe-Heart-of-Oak-2-200x113.jpg 200w, https:\/\/ibomberdefense.standardof.net\/wp-content\/uploads\/sites\/5\/2020\/10\/iBomber-Defense-Level-11-North-East-Europe-Heart-of-Oak-2-768x432.jpg 768w, https:\/\/ibomberdefense.standardof.net\/wp-content\/uploads\/sites\/5\/2020\/10\/iBomber-Defense-Level-11-North-East-Europe-Heart-of-Oak-2-16x9.jpg 16w, https:\/\/ibomberdefense.standardof.net\/wp-content\/uploads\/sites\/5\/2020\/10\/iBomber-Defense-Level-11-North-East-Europe-Heart-of-Oak-2.jpg 1280w\" sizes=\"(max-width: 800px) 100vw, 800px\" \/><\/a><figcaption class=\"blocks-gallery-item__caption\">Placement de la tourelle Wave 10.<\/figcaption><\/figure><\/li><li class=\"blocks-gallery-item\"><figure><a href=\"https:\/\/ibomberdefense.standardof.net\/fr\/guide\/campagne-alliee\/11-europe-nord-est-coeur-de-chene-2\/ibomber-defense-level-11-north-east-europe-heart-of-oak-3\/\"><img decoding=\"async\" width=\"800\" height=\"450\" src=\"https:\/\/ibomberdefense.standardof.net\/wp-content\/uploads\/sites\/5\/2020\/10\/iBomber-Defense-Level-11-North-East-Europe-Heart-of-Oak-3-800x450.jpg\" alt=\"&quot;iBomber Defense&quot; - Niveau 11 - Europe du Nord-Est: Heart of Oak (3)\" data-id=\"58\" data-full-url=\"https:\/\/ibomberdefense.standardof.net\/wp-content\/uploads\/sites\/5\/2020\/10\/iBomber-Defense-Level-11-North-East-Europe-Heart-of-Oak-3.jpg\" data-link=\"https:\/\/ibomberdefense.standardof.net\/guide\/allied-campaign\/11-north-east-europe-heart-of-oak\/ibomber-defense-level-11-north-east-europe-heart-of-oak-3\/\" class=\"wp-image-58\" title=\"\" srcset=\"https:\/\/ibomberdefense.standardof.net\/wp-content\/uploads\/sites\/5\/2020\/10\/iBomber-Defense-Level-11-North-East-Europe-Heart-of-Oak-3-800x450.jpg 800w, https:\/\/ibomberdefense.standardof.net\/wp-content\/uploads\/sites\/5\/2020\/10\/iBomber-Defense-Level-11-North-East-Europe-Heart-of-Oak-3-512x288.jpg 512w, https:\/\/ibomberdefense.standardof.net\/wp-content\/uploads\/sites\/5\/2020\/10\/iBomber-Defense-Level-11-North-East-Europe-Heart-of-Oak-3-200x113.jpg 200w, https:\/\/ibomberdefense.standardof.net\/wp-content\/uploads\/sites\/5\/2020\/10\/iBomber-Defense-Level-11-North-East-Europe-Heart-of-Oak-3-768x432.jpg 768w, https:\/\/ibomberdefense.standardof.net\/wp-content\/uploads\/sites\/5\/2020\/10\/iBomber-Defense-Level-11-North-East-Europe-Heart-of-Oak-3-16x9.jpg 16w, https:\/\/ibomberdefense.standardof.net\/wp-content\/uploads\/sites\/5\/2020\/10\/iBomber-Defense-Level-11-North-East-Europe-Heart-of-Oak-3.jpg 1280w\" sizes=\"(max-width: 800px) 100vw, 800px\" \/><\/a><figcaption class=\"blocks-gallery-item__caption\">Placement de la tourelle Wave 20.<\/figcaption><\/figure><\/li><\/ul><\/figure>\n\n\n\n<p>Pour commencer et faire avancer les choses, le chemin vers la vague 10 devrait se concentrer sur l&#039;obtention de deux tourelles de mitrailleuses de chaque c\u00f4t\u00e9 du chemin o\u00f9 toutes les routes convergent. Une fois ces deux premiers mont\u00e9s et au moins au niveau 2, assurez-vous de placer une tourelle quelque part le long du chemin rouge, de pr\u00e9f\u00e9rence \u00e0 l&#039;endroit o\u00f9 les chemins rouge et orange se rencontrent (voir l&#039;image \u00e0 droite).<\/p>\n\n\n\n<p>Se diriger vers la vague vingt devrait se concentrer sur l&#039;ajout de tourelles Cannon \u00e0 votre arsenal, une tour de communication de niveau 2 et une tourelle anti-a\u00e9rienne qui pourrait probablement faire avec une mise \u00e0 niveau de niveau 2 d\u00e8s le d\u00e9part, plac\u00e9e dans le coin sup\u00e9rieur gauche du plateau central droit. . Le plateau de gauche doit avoir ses deux espaces occup\u00e9s, dont au moins un doit \u00eatre Cannon, l&#039;autre peut \u00eatre une mitrailleuse.<\/p>\n\n\n\n<p>Au fur et \u00e0 mesure que vous avancez de la vague vingt \u00e0 trente, d\u00e9veloppez les emplacements sur lesquels vous avez commenc\u00e9 \u00e0 vous appuyer jusqu&#039;\u00e0 pr\u00e9sent, en pla\u00e7ant 3 tours de communication de niveau trois pour booster vos tourelles et recommencer le processus \u00e9crasant avec des bonus d&#039;int\u00e9r\u00eat 50$ \u00e0 chaque vague. Une tourelle anti-air de niveau 3 convient toujours \u00e0 ce stade, mais vous devriez maintenant avoir quelques canons de niveau 2.<\/p>\n\n\n\n<p>Les 10 derni\u00e8res vagues, qui sont g\u00e9n\u00e9ralement les plus \u00e9tir\u00e9es et bien s\u00fbr les plus blind\u00e9es, voudront uniquement obtenir la masse de tourelles Cannon que vous devriez avoir, augment\u00e9es par des communications, le tout jusqu&#039;au niveau 3. Un niveau suppl\u00e9mentaire 3 Une tourelle anti-a\u00e9rienne peut \u00eatre plac\u00e9e et si les deux sont renforc\u00e9s avec des communications, ce sera suffisant pour endiguer la mar\u00e9e de tous les avions ennemis auxquels vous faites face.<\/p>\n\n\n\n<figure class=\"wp-block-gallery columns-2 is-cropped wp-block-gallery-2 is-layout-flex wp-block-gallery-is-layout-flex\"><ul class=\"blocks-gallery-grid\"><li class=\"blocks-gallery-item\"><figure><a href=\"https:\/\/ibomberdefense.standardof.net\/fr\/guide\/campagne-alliee\/11-europe-nord-est-coeur-de-chene-2\/ibomber-defense-level-11-north-east-europe-heart-of-oak-4\/\"><img decoding=\"async\" width=\"800\" height=\"450\" src=\"https:\/\/ibomberdefense.standardof.net\/wp-content\/uploads\/sites\/5\/2020\/10\/iBomber-Defense-Level-11-North-East-Europe-Heart-of-Oak-4-800x450.jpg\" alt=\"&quot;iBomber Defense&quot; - Niveau 11 - Europe du Nord-Est: Heart of Oak (4)\" data-id=\"59\" data-full-url=\"https:\/\/ibomberdefense.standardof.net\/wp-content\/uploads\/sites\/5\/2020\/10\/iBomber-Defense-Level-11-North-East-Europe-Heart-of-Oak-4.jpg\" data-link=\"https:\/\/ibomberdefense.standardof.net\/guide\/allied-campaign\/11-north-east-europe-heart-of-oak\/ibomber-defense-level-11-north-east-europe-heart-of-oak-4\/\" class=\"wp-image-59\" title=\"\" srcset=\"https:\/\/ibomberdefense.standardof.net\/wp-content\/uploads\/sites\/5\/2020\/10\/iBomber-Defense-Level-11-North-East-Europe-Heart-of-Oak-4-800x450.jpg 800w, https:\/\/ibomberdefense.standardof.net\/wp-content\/uploads\/sites\/5\/2020\/10\/iBomber-Defense-Level-11-North-East-Europe-Heart-of-Oak-4-512x288.jpg 512w, https:\/\/ibomberdefense.standardof.net\/wp-content\/uploads\/sites\/5\/2020\/10\/iBomber-Defense-Level-11-North-East-Europe-Heart-of-Oak-4-200x113.jpg 200w, https:\/\/ibomberdefense.standardof.net\/wp-content\/uploads\/sites\/5\/2020\/10\/iBomber-Defense-Level-11-North-East-Europe-Heart-of-Oak-4-768x432.jpg 768w, https:\/\/ibomberdefense.standardof.net\/wp-content\/uploads\/sites\/5\/2020\/10\/iBomber-Defense-Level-11-North-East-Europe-Heart-of-Oak-4-16x9.jpg 16w, https:\/\/ibomberdefense.standardof.net\/wp-content\/uploads\/sites\/5\/2020\/10\/iBomber-Defense-Level-11-North-East-Europe-Heart-of-Oak-4.jpg 1280w\" sizes=\"(max-width: 800px) 100vw, 800px\" \/><\/a><figcaption class=\"blocks-gallery-item__caption\">Placement de la tourelle Wave 30.<\/figcaption><\/figure><\/li><li class=\"blocks-gallery-item\"><figure><a href=\"https:\/\/ibomberdefense.standardof.net\/fr\/guide\/campagne-alliee\/11-europe-nord-est-coeur-de-chene-2\/ibomber-defense-level-11-north-east-europe-heart-of-oak-5\/\"><img decoding=\"async\" width=\"800\" height=\"450\" src=\"https:\/\/ibomberdefense.standardof.net\/wp-content\/uploads\/sites\/5\/2020\/10\/iBomber-Defense-Level-11-North-East-Europe-Heart-of-Oak-5-800x450.jpg\" alt=\"&quot;iBomber Defense&quot; - Niveau 11 - Europe du Nord-Est: Heart of Oak (5)\" data-id=\"60\" data-full-url=\"https:\/\/ibomberdefense.standardof.net\/wp-content\/uploads\/sites\/5\/2020\/10\/iBomber-Defense-Level-11-North-East-Europe-Heart-of-Oak-5.jpg\" data-link=\"https:\/\/ibomberdefense.standardof.net\/guide\/allied-campaign\/11-north-east-europe-heart-of-oak\/ibomber-defense-level-11-north-east-europe-heart-of-oak-5\/\" class=\"wp-image-60\" title=\"\" srcset=\"https:\/\/ibomberdefense.standardof.net\/wp-content\/uploads\/sites\/5\/2020\/10\/iBomber-Defense-Level-11-North-East-Europe-Heart-of-Oak-5-800x450.jpg 800w, https:\/\/ibomberdefense.standardof.net\/wp-content\/uploads\/sites\/5\/2020\/10\/iBomber-Defense-Level-11-North-East-Europe-Heart-of-Oak-5-512x288.jpg 512w, https:\/\/ibomberdefense.standardof.net\/wp-content\/uploads\/sites\/5\/2020\/10\/iBomber-Defense-Level-11-North-East-Europe-Heart-of-Oak-5-200x113.jpg 200w, https:\/\/ibomberdefense.standardof.net\/wp-content\/uploads\/sites\/5\/2020\/10\/iBomber-Defense-Level-11-North-East-Europe-Heart-of-Oak-5-768x432.jpg 768w, https:\/\/ibomberdefense.standardof.net\/wp-content\/uploads\/sites\/5\/2020\/10\/iBomber-Defense-Level-11-North-East-Europe-Heart-of-Oak-5-16x9.jpg 16w, https:\/\/ibomberdefense.standardof.net\/wp-content\/uploads\/sites\/5\/2020\/10\/iBomber-Defense-Level-11-North-East-Europe-Heart-of-Oak-5.jpg 1280w\" sizes=\"(max-width: 800px) 100vw, 800px\" \/><\/a><figcaption class=\"blocks-gallery-item__caption\">Placement de la tourelle Wave 40.<\/figcaption><\/figure><\/li><\/ul><\/figure>\n\n\n\n<hr class=\"wp-block-separator\"\/>\n\n\n\n<h4 class=\"has-text-align-center wp-block-heading\">Guide vid\u00e9o<\/h4>\n\n\n\n<figure class=\"wp-block-embed-youtube wp-block-embed is-type-video is-provider-youtube wp-embed-aspect-16-9 wp-has-aspect-ratio\"><div class=\"wp-block-embed__wrapper\">\n<div class=\"ast-oembed-container\" style=\"height: 100%;\"><iframe title=\"iBomber Defence - Europe du Nord-Est - Heart of Oak - Veteran + Perfect\" width=\"500\" height=\"281\" src=\"https:\/\/www.youtube.com\/embed\/8mlxvN6yhaY?feature=oembed\" frameborder=\"0\" allow=\"accelerometer; autoplay; clipboard-write; encrypted-media; gyroscope; picture-in-picture; web-share\" referrerpolicy=\"strict-origin-when-cross-origin\" allowfullscreen><\/iframe><\/div>\n<\/div><\/figure>","protected":false},"excerpt":{"rendered":"<p>The North East Europe level of the Allied campaign in iBomber Defense takes us back to the green forested lands to defend a base that has 8 different routes of attack, not including the route traveled by air units towards your base. Turret placement begins to get a little tricky in this level as so [&hellip;]<\/p>","protected":false},"author":1,"featured_media":60,"parent":266,"menu_order":11,"comment_status":"open","ping_status":"closed","template":"","meta":{"_uag_custom_page_level_css":"","site-sidebar-layout":"default","site-content-layout":"default","ast-site-content-layout":"","site-content-style":"default","site-sidebar-style":"default","ast-global-header-display":"","ast-banner-title-visibility":"","ast-main-header-display":"","ast-hfb-above-header-display":"","ast-hfb-below-header-display":"","ast-hfb-mobile-header-display":"","site-post-title":"","ast-breadcrumbs-content":"","ast-featured-img":"","footer-sml-layout":"","theme-transparent-header-meta":"default","adv-header-id-meta":"","stick-header-meta":"","header-above-stick-meta":"","header-main-stick-meta":"","header-below-stick-meta":"","astra-migrate-meta-layouts":"default","ast-page-background-enabled":"default","ast-page-background-meta":{"desktop":{"background-color":"","background-image":"","background-repeat":"repeat","background-position":"center center","background-size":"auto","background-attachment":"scroll","background-type":"","background-media":"","overlay-type":"","overlay-color":"","overlay-gradient":""},"tablet":{"background-color":"","background-image":"","background-repeat":"repeat","background-position":"center center","background-size":"auto","background-attachment":"scroll","background-type":"","background-media":"","overlay-type":"","overlay-color":"","overlay-gradient":""},"mobile":{"background-color":"","background-image":"","background-repeat":"repeat","background-position":"center center","background-size":"auto","background-attachment":"scroll","background-type":"","background-media":"","overlay-type":"","overlay-color":"","overlay-gradient":""}},"ast-content-background-meta":{"desktop":{"background-color":"var(--ast-global-color-5)","background-image":"","background-repeat":"repeat","background-position":"center center","background-size":"auto","background-attachment":"scroll","background-type":"","background-media":"","overlay-type":"","overlay-color":"","overlay-gradient":""},"tablet":{"background-color":"var(--ast-global-color-5)","background-image":"","background-repeat":"repeat","background-position":"center center","background-size":"auto","background-attachment":"scroll","background-type":"","background-media":"","overlay-type":"","overlay-color":"","overlay-gradient":""},"mobile":{"background-color":"var(--ast-global-color-5)","background-image":"","background-repeat":"repeat","background-position":"center center","background-size":"auto","background-attachment":"scroll","background-type":"","background-media":"","overlay-type":"","overlay-color":"","overlay-gradient":""}},"footnotes":""},"uagb_featured_image_src":{"full":["https:\/\/ibomberdefense.standardof.net\/wp-content\/uploads\/sites\/5\/2020\/10\/iBomber-Defense-Level-11-North-East-Europe-Heart-of-Oak-5.jpg",1280,720,false],"thumbnail":["https:\/\/ibomberdefense.standardof.net\/wp-content\/uploads\/sites\/5\/2020\/10\/iBomber-Defense-Level-11-North-East-Europe-Heart-of-Oak-5-200x113.jpg",200,113,true],"medium":["https:\/\/ibomberdefense.standardof.net\/wp-content\/uploads\/sites\/5\/2020\/10\/iBomber-Defense-Level-11-North-East-Europe-Heart-of-Oak-5-512x288.jpg",512,288,true],"medium_large":["https:\/\/ibomberdefense.standardof.net\/wp-content\/uploads\/sites\/5\/2020\/10\/iBomber-Defense-Level-11-North-East-Europe-Heart-of-Oak-5-768x432.jpg",768,432,true],"large":["https:\/\/ibomberdefense.standardof.net\/wp-content\/uploads\/sites\/5\/2020\/10\/iBomber-Defense-Level-11-North-East-Europe-Heart-of-Oak-5-800x450.jpg",800,450,true],"1536x1536":["https:\/\/ibomberdefense.standardof.net\/wp-content\/uploads\/sites\/5\/2020\/10\/iBomber-Defense-Level-11-North-East-Europe-Heart-of-Oak-5.jpg",1280,720,false],"2048x2048":["https:\/\/ibomberdefense.standardof.net\/wp-content\/uploads\/sites\/5\/2020\/10\/iBomber-Defense-Level-11-North-East-Europe-Heart-of-Oak-5.jpg",1280,720,false],"trp-custom-language-flag":["https:\/\/ibomberdefense.standardof.net\/wp-content\/uploads\/sites\/5\/2020\/10\/iBomber-Defense-Level-11-North-East-Europe-Heart-of-Oak-5-16x9.jpg",16,9,true]},"uagb_author_info":{"display_name":"SOE","author_link":"https:\/\/ibomberdefense.standardof.net\/fr\/author\/k-tastic\/"},"uagb_comment_info":0,"uagb_excerpt":"The North East Europe level of the Allied campaign in iBomber Defense takes us back to the green forested lands to defend a base that has 8 different routes of attack, not including the route traveled by air units towards your base. Turret placement begins to get a little tricky in this level as so&hellip;","_links":{"self":[{"href":"https:\/\/ibomberdefense.standardof.net\/fr\/wp-json\/wp\/v2\/pages\/301"}],"collection":[{"href":"https:\/\/ibomberdefense.standardof.net\/fr\/wp-json\/wp\/v2\/pages"}],"about":[{"href":"https:\/\/ibomberdefense.standardof.net\/fr\/wp-json\/wp\/v2\/types\/page"}],"author":[{"embeddable":true,"href":"https:\/\/ibomberdefense.standardof.net\/fr\/wp-json\/wp\/v2\/users\/1"}],"replies":[{"embeddable":true,"href":"https:\/\/ibomberdefense.standardof.net\/fr\/wp-json\/wp\/v2\/comments?post=301"}],"version-history":[{"count":0,"href":"https:\/\/ibomberdefense.standardof.net\/fr\/wp-json\/wp\/v2\/pages\/301\/revisions"}],"up":[{"embeddable":true,"href":"https:\/\/ibomberdefense.standardof.net\/fr\/wp-json\/wp\/v2\/pages\/266"}],"wp:featuredmedia":[{"embeddable":true,"href":"https:\/\/ibomberdefense.standardof.net\/fr\/wp-json\/wp\/v2\/media\/60"}],"wp:attachment":[{"href":"https:\/\/ibomberdefense.standardof.net\/fr\/wp-json\/wp\/v2\/media?parent=301"}],"curies":[{"name":"wp","href":"https:\/\/api.w.org\/{rel}","templated":true}]}}