{"id":302,"date":"2020-10-19T06:26:41","date_gmt":"2020-10-19T06:26:41","guid":{"rendered":"https:\/\/ibomberdefense.standardof.net\/?page_id=302"},"modified":"2020-10-19T08:06:32","modified_gmt":"2020-10-19T08:06:32","slug":"12-northern-europe-firestorm","status":"publish","type":"page","link":"https:\/\/ibomberdefense.standardof.net\/fr\/guide\/campagne-alliee\/12-europe-du-nord-tempete-de-feu-2\/","title":{"rendered":"12. Europe du Nord: Firestorm"},"content":{"rendered":"<div class=\"wp-block-image\"><figure class=\"aligncenter size-large\"><a href=\"https:\/\/ibomberdefense.standardof.net\/fr\/guide\/campagne-alliee\/12-europe-du-nord-tempete-de-feu-2\/ibomber-defense-level-12-northern-europe-firestorm-1\/\"><img decoding=\"async\" width=\"800\" height=\"450\" src=\"https:\/\/ibomberdefense.standardof.net\/wp-content\/uploads\/sites\/5\/2020\/10\/iBomber-Defense-Level-12-Northern-Europe-Firestorm-1-800x450.jpg\" alt=\"&quot;iBomber Defense&quot; - Niveau 12 - Europe du Nord: Temp\u00eate de feu (1)\" class=\"wp-image-61\" title=\"\" srcset=\"https:\/\/ibomberdefense.standardof.net\/wp-content\/uploads\/sites\/5\/2020\/10\/iBomber-Defense-Level-12-Northern-Europe-Firestorm-1-800x450.jpg 800w, https:\/\/ibomberdefense.standardof.net\/wp-content\/uploads\/sites\/5\/2020\/10\/iBomber-Defense-Level-12-Northern-Europe-Firestorm-1-512x288.jpg 512w, https:\/\/ibomberdefense.standardof.net\/wp-content\/uploads\/sites\/5\/2020\/10\/iBomber-Defense-Level-12-Northern-Europe-Firestorm-1-200x113.jpg 200w, https:\/\/ibomberdefense.standardof.net\/wp-content\/uploads\/sites\/5\/2020\/10\/iBomber-Defense-Level-12-Northern-Europe-Firestorm-1-768x432.jpg 768w, https:\/\/ibomberdefense.standardof.net\/wp-content\/uploads\/sites\/5\/2020\/10\/iBomber-Defense-Level-12-Northern-Europe-Firestorm-1-16x9.jpg 16w, https:\/\/ibomberdefense.standardof.net\/wp-content\/uploads\/sites\/5\/2020\/10\/iBomber-Defense-Level-12-Northern-Europe-Firestorm-1.jpg 1280w\" sizes=\"(max-width: 800px) 100vw, 800px\" \/><\/a><figcaption>Les nombreux itin\u00e9raires emprunt\u00e9s par les navires de guerre en Europe du Nord \u00e0 l&#039;exception du chemin bleu clair parcouru par les avions. Les fl\u00e8ches sont laiss\u00e9es de c\u00f4t\u00e9 pour r\u00e9duire l&#039;encombrement, mais tout se d\u00e9place d&#039;ouest en est.<\/figcaption><\/figure><\/div>\n\n\n\n<p>L&#039;Europe du Nord nous ram\u00e8ne dans les eaux glac\u00e9es afin de repousser une cinquantaine de vagues de navires de guerre sur ce qui est probablement la carte la plus compliqu\u00e9e \u00e0 ce jour lorsqu&#039;il s&#039;agit de pr\u00e9dire la route que prendra votre ennemi. \u00c9tant donn\u00e9 que cette carte est une s\u00e9rie d&#039;\u00eeles \u00e0 travers lesquelles les navires se faufilent, il sera important d&#039;avoir une large gamme de couverture pour g\u00e9rer l&#039;ennemi.<\/p>\n\n\n\n<p>Les a\u00e9ronefs commencent \u00e0 appara\u00eetre comme ils l&#039;ont fait dans le pass\u00e9, \u00e0 la vague 20, mais pour la plupart, votre objectif sera de joncher les \u00eeles centrales et droites avec autant de tourelles de canon de niveau 3 que possible, toutes renforc\u00e9es avec des tours de communication avec des anti Tourelle a\u00e9rienne et juste une \u00e9claboussure de tourelles de mitrailleuses \u00e0 certains des virages sur le chemin des ennemis.<\/p>\n\n\n\n<h3 class=\"wp-block-heading\"><strong>Placement de la tourelle<\/strong><\/h3>\n\n\n\n<figure class=\"wp-block-gallery columns-2 is-cropped wp-block-gallery-1 is-layout-flex wp-block-gallery-is-layout-flex\"><ul class=\"blocks-gallery-grid\"><li class=\"blocks-gallery-item\"><figure><a href=\"https:\/\/ibomberdefense.standardof.net\/fr\/guide\/campagne-alliee\/12-europe-du-nord-tempete-de-feu-2\/ibomber-defense-level-12-northern-europe-firestorm-2\/\"><img decoding=\"async\" width=\"800\" height=\"450\" src=\"https:\/\/ibomberdefense.standardof.net\/wp-content\/uploads\/sites\/5\/2020\/10\/iBomber-Defense-Level-12-Northern-Europe-Firestorm-2-800x450.jpg\" alt=\"&quot;iBomber Defense&quot; - Niveau 12 - Europe du Nord: Temp\u00eate de feu (2)\" data-id=\"62\" data-full-url=\"https:\/\/ibomberdefense.standardof.net\/wp-content\/uploads\/sites\/5\/2020\/10\/iBomber-Defense-Level-12-Northern-Europe-Firestorm-2.jpg\" data-link=\"https:\/\/ibomberdefense.standardof.net\/guide\/allied-campaign\/12-northern-europe-firestorm\/ibomber-defense-level-12-northern-europe-firestorm-2\/\" class=\"wp-image-62\" title=\"\" srcset=\"https:\/\/ibomberdefense.standardof.net\/wp-content\/uploads\/sites\/5\/2020\/10\/iBomber-Defense-Level-12-Northern-Europe-Firestorm-2-800x450.jpg 800w, https:\/\/ibomberdefense.standardof.net\/wp-content\/uploads\/sites\/5\/2020\/10\/iBomber-Defense-Level-12-Northern-Europe-Firestorm-2-512x288.jpg 512w, https:\/\/ibomberdefense.standardof.net\/wp-content\/uploads\/sites\/5\/2020\/10\/iBomber-Defense-Level-12-Northern-Europe-Firestorm-2-200x113.jpg 200w, https:\/\/ibomberdefense.standardof.net\/wp-content\/uploads\/sites\/5\/2020\/10\/iBomber-Defense-Level-12-Northern-Europe-Firestorm-2-768x432.jpg 768w, https:\/\/ibomberdefense.standardof.net\/wp-content\/uploads\/sites\/5\/2020\/10\/iBomber-Defense-Level-12-Northern-Europe-Firestorm-2-16x9.jpg 16w, https:\/\/ibomberdefense.standardof.net\/wp-content\/uploads\/sites\/5\/2020\/10\/iBomber-Defense-Level-12-Northern-Europe-Firestorm-2.jpg 1280w\" sizes=\"(max-width: 800px) 100vw, 800px\" \/><\/a><figcaption class=\"blocks-gallery-item__caption\">Placement de la tourelle Wave 10 dans le niveau Europe du Nord de \u00abiBomber Defense\u00bb.<\/figcaption><\/figure><\/li><li class=\"blocks-gallery-item\"><figure><a href=\"https:\/\/ibomberdefense.standardof.net\/fr\/guide\/campagne-alliee\/12-europe-du-nord-tempete-de-feu-2\/ibomber-defense-level-12-northern-europe-firestorm-3\/\"><img decoding=\"async\" width=\"800\" height=\"450\" src=\"https:\/\/ibomberdefense.standardof.net\/wp-content\/uploads\/sites\/5\/2020\/10\/iBomber-Defense-Level-12-Northern-Europe-Firestorm-3-800x450.jpg\" alt=\"&quot;iBomber Defense&quot; - Niveau 12 - Europe du Nord: Temp\u00eate de feu (3)\" data-id=\"63\" data-full-url=\"https:\/\/ibomberdefense.standardof.net\/wp-content\/uploads\/sites\/5\/2020\/10\/iBomber-Defense-Level-12-Northern-Europe-Firestorm-3.jpg\" data-link=\"https:\/\/ibomberdefense.standardof.net\/guide\/allied-campaign\/12-northern-europe-firestorm\/ibomber-defense-level-12-northern-europe-firestorm-3\/\" class=\"wp-image-63\" title=\"\" srcset=\"https:\/\/ibomberdefense.standardof.net\/wp-content\/uploads\/sites\/5\/2020\/10\/iBomber-Defense-Level-12-Northern-Europe-Firestorm-3-800x450.jpg 800w, https:\/\/ibomberdefense.standardof.net\/wp-content\/uploads\/sites\/5\/2020\/10\/iBomber-Defense-Level-12-Northern-Europe-Firestorm-3-512x288.jpg 512w, https:\/\/ibomberdefense.standardof.net\/wp-content\/uploads\/sites\/5\/2020\/10\/iBomber-Defense-Level-12-Northern-Europe-Firestorm-3-200x113.jpg 200w, https:\/\/ibomberdefense.standardof.net\/wp-content\/uploads\/sites\/5\/2020\/10\/iBomber-Defense-Level-12-Northern-Europe-Firestorm-3-768x432.jpg 768w, https:\/\/ibomberdefense.standardof.net\/wp-content\/uploads\/sites\/5\/2020\/10\/iBomber-Defense-Level-12-Northern-Europe-Firestorm-3-16x9.jpg 16w, https:\/\/ibomberdefense.standardof.net\/wp-content\/uploads\/sites\/5\/2020\/10\/iBomber-Defense-Level-12-Northern-Europe-Firestorm-3.jpg 1280w\" sizes=\"(max-width: 800px) 100vw, 800px\" \/><\/a><figcaption class=\"blocks-gallery-item__caption\">Placement de la tourelle Wave 20.<\/figcaption><\/figure><\/li><\/ul><\/figure>\n\n\n\n<p>De la mont\u00e9e vers la vague dix, vous voudrez vous concentrer comme d&#039;habitude, sur les tourelles de mitrailleuses, en pla\u00e7ant quatre d&#039;entre elles, une \u00e0 chacun des diff\u00e9rents virages que les navires de guerre font sur leur trajectoire. Ceci est mieux visible sur les images de droite (vignette #2).<\/p>\n\n\n\n<p>Le chemin vers la vague 20 devrait \u00eatre pav\u00e9 avec la mise \u00e0 niveau de certaines de ces tourelles de mitrailleuses tout en construisant une seule tourelle AA dans le centre de la plus grande \u00eele tout en couvrant la petite \u00eele droite pleine de tourelles renforc\u00e9es par une tour de communication. Les canons seront votre b\u00e2timent pr\u00e9f\u00e9r\u00e9 \u00e0 partir de maintenant.<\/p>\n\n\n\n<p>En passant du niveau 20 au niveau trente, passez ce temps \u00e0 accumuler de l&#039;int\u00e9r\u00eat tout en am\u00e9liorant les tourelles de votre petite \u00eele droite tout en commen\u00e7ant le d\u00e9veloppement sur la grande \u00eele centrale. La vague 30 elle-m\u00eame devrait \u00e9galement signifier avoir 2 tours de communication de niveau 3 vous accordant de l&#039;argent suppl\u00e9mentaire \u00e0 chaque tour pass\u00e9.<\/p>\n\n\n\n<p>En continuant jusqu&#039;\u00e0 la vague quarante, vous devriez vraiment ratisser la p\u00e2te apr\u00e8s avoir plac\u00e9 une 3e tour de communication pour fournir une couverture aux tourelles plac\u00e9es sur l&#039;\u00eelot central tout en am\u00e9liorant les trois tours \u00e0 leur niveau de mise \u00e0 niveau le plus \u00e9lev\u00e9. Utilisez les fonds surpuissants pour rendre tout l&#039;\u00eelot central recouvert de canons, \u00e0 l&#039;exception des communications stimulantes et de deux tourelles anti-air au niveau 3. Lorsque vous vous dirigez vers le niveau 50, l&#039;accent sera mis sur l&#039;obtention du rack de canons vu dans l&#039;image de la vague 40. au niveau 3, fournissant un mur litt\u00e9ral d&#039;obus lourds pour pilonner les navires de guerre en mille morceaux.<\/p>\n\n\n\n<figure class=\"wp-block-gallery columns-2 is-cropped wp-block-gallery-2 is-layout-flex wp-block-gallery-is-layout-flex\"><ul class=\"blocks-gallery-grid\"><li class=\"blocks-gallery-item\"><figure><a href=\"https:\/\/ibomberdefense.standardof.net\/fr\/guide\/campagne-alliee\/12-europe-du-nord-tempete-de-feu-2\/ibomber-defense-level-12-northern-europe-firestorm-4\/\"><img decoding=\"async\" width=\"800\" height=\"450\" src=\"https:\/\/ibomberdefense.standardof.net\/wp-content\/uploads\/sites\/5\/2020\/10\/iBomber-Defense-Level-12-Northern-Europe-Firestorm-4-800x450.jpg\" alt=\"&quot;iBomber Defense&quot; - Niveau 12 - Europe du Nord: Temp\u00eate de feu (4)\" data-id=\"64\" data-full-url=\"https:\/\/ibomberdefense.standardof.net\/wp-content\/uploads\/sites\/5\/2020\/10\/iBomber-Defense-Level-12-Northern-Europe-Firestorm-4.jpg\" data-link=\"https:\/\/ibomberdefense.standardof.net\/guide\/allied-campaign\/12-northern-europe-firestorm\/ibomber-defense-level-12-northern-europe-firestorm-4\/\" class=\"wp-image-64\" title=\"\" srcset=\"https:\/\/ibomberdefense.standardof.net\/wp-content\/uploads\/sites\/5\/2020\/10\/iBomber-Defense-Level-12-Northern-Europe-Firestorm-4-800x450.jpg 800w, https:\/\/ibomberdefense.standardof.net\/wp-content\/uploads\/sites\/5\/2020\/10\/iBomber-Defense-Level-12-Northern-Europe-Firestorm-4-512x288.jpg 512w, https:\/\/ibomberdefense.standardof.net\/wp-content\/uploads\/sites\/5\/2020\/10\/iBomber-Defense-Level-12-Northern-Europe-Firestorm-4-200x113.jpg 200w, https:\/\/ibomberdefense.standardof.net\/wp-content\/uploads\/sites\/5\/2020\/10\/iBomber-Defense-Level-12-Northern-Europe-Firestorm-4-768x432.jpg 768w, https:\/\/ibomberdefense.standardof.net\/wp-content\/uploads\/sites\/5\/2020\/10\/iBomber-Defense-Level-12-Northern-Europe-Firestorm-4-16x9.jpg 16w, https:\/\/ibomberdefense.standardof.net\/wp-content\/uploads\/sites\/5\/2020\/10\/iBomber-Defense-Level-12-Northern-Europe-Firestorm-4.jpg 1280w\" sizes=\"(max-width: 800px) 100vw, 800px\" \/><\/a><figcaption class=\"blocks-gallery-item__caption\">Placement de la tourelle Wave 30.<\/figcaption><\/figure><\/li><li class=\"blocks-gallery-item\"><figure><a href=\"https:\/\/ibomberdefense.standardof.net\/fr\/guide\/campagne-alliee\/12-europe-du-nord-tempete-de-feu-2\/ibomber-defense-level-12-northern-europe-firestorm-5\/\"><img decoding=\"async\" width=\"800\" height=\"450\" src=\"https:\/\/ibomberdefense.standardof.net\/wp-content\/uploads\/sites\/5\/2020\/10\/iBomber-Defense-Level-12-Northern-Europe-Firestorm-5-800x450.jpg\" alt=\"&quot;iBomber Defense&quot; - Niveau 12 - Europe du Nord: Temp\u00eate de feu (5)\" data-id=\"65\" data-full-url=\"https:\/\/ibomberdefense.standardof.net\/wp-content\/uploads\/sites\/5\/2020\/10\/iBomber-Defense-Level-12-Northern-Europe-Firestorm-5.jpg\" data-link=\"https:\/\/ibomberdefense.standardof.net\/guide\/allied-campaign\/12-northern-europe-firestorm\/ibomber-defense-level-12-northern-europe-firestorm-5\/\" class=\"wp-image-65\" title=\"\" srcset=\"https:\/\/ibomberdefense.standardof.net\/wp-content\/uploads\/sites\/5\/2020\/10\/iBomber-Defense-Level-12-Northern-Europe-Firestorm-5-800x450.jpg 800w, https:\/\/ibomberdefense.standardof.net\/wp-content\/uploads\/sites\/5\/2020\/10\/iBomber-Defense-Level-12-Northern-Europe-Firestorm-5-512x288.jpg 512w, https:\/\/ibomberdefense.standardof.net\/wp-content\/uploads\/sites\/5\/2020\/10\/iBomber-Defense-Level-12-Northern-Europe-Firestorm-5-200x113.jpg 200w, https:\/\/ibomberdefense.standardof.net\/wp-content\/uploads\/sites\/5\/2020\/10\/iBomber-Defense-Level-12-Northern-Europe-Firestorm-5-768x432.jpg 768w, https:\/\/ibomberdefense.standardof.net\/wp-content\/uploads\/sites\/5\/2020\/10\/iBomber-Defense-Level-12-Northern-Europe-Firestorm-5-16x9.jpg 16w, https:\/\/ibomberdefense.standardof.net\/wp-content\/uploads\/sites\/5\/2020\/10\/iBomber-Defense-Level-12-Northern-Europe-Firestorm-5.jpg 1280w\" sizes=\"(max-width: 800px) 100vw, 800px\" \/><\/a><figcaption class=\"blocks-gallery-item__caption\">Placement de la tourelle Wave 40 dans le niveau Europe du Nord de \u00abiBomber Defense\u00bb.<\/figcaption><\/figure><\/li><li class=\"blocks-gallery-item\"><figure><a href=\"https:\/\/ibomberdefense.standardof.net\/fr\/guide\/campagne-alliee\/12-europe-du-nord-tempete-de-feu-2\/ibomber-defense-level-12-northern-europe-firestorm-6\/\"><img decoding=\"async\" width=\"800\" height=\"450\" src=\"https:\/\/ibomberdefense.standardof.net\/wp-content\/uploads\/sites\/5\/2020\/10\/iBomber-Defense-Level-12-Northern-Europe-Firestorm-6-800x450.jpg\" alt=\"&quot;iBomber Defense&quot; - Niveau 12 - Europe du Nord: Temp\u00eate de feu (6)\" data-id=\"66\" data-full-url=\"https:\/\/ibomberdefense.standardof.net\/wp-content\/uploads\/sites\/5\/2020\/10\/iBomber-Defense-Level-12-Northern-Europe-Firestorm-6.jpg\" data-link=\"https:\/\/ibomberdefense.standardof.net\/guide\/allied-campaign\/12-northern-europe-firestorm\/ibomber-defense-level-12-northern-europe-firestorm-6\/\" class=\"wp-image-66\" title=\"\" srcset=\"https:\/\/ibomberdefense.standardof.net\/wp-content\/uploads\/sites\/5\/2020\/10\/iBomber-Defense-Level-12-Northern-Europe-Firestorm-6-800x450.jpg 800w, https:\/\/ibomberdefense.standardof.net\/wp-content\/uploads\/sites\/5\/2020\/10\/iBomber-Defense-Level-12-Northern-Europe-Firestorm-6-512x288.jpg 512w, https:\/\/ibomberdefense.standardof.net\/wp-content\/uploads\/sites\/5\/2020\/10\/iBomber-Defense-Level-12-Northern-Europe-Firestorm-6-200x113.jpg 200w, https:\/\/ibomberdefense.standardof.net\/wp-content\/uploads\/sites\/5\/2020\/10\/iBomber-Defense-Level-12-Northern-Europe-Firestorm-6-768x432.jpg 768w, https:\/\/ibomberdefense.standardof.net\/wp-content\/uploads\/sites\/5\/2020\/10\/iBomber-Defense-Level-12-Northern-Europe-Firestorm-6-16x9.jpg 16w, https:\/\/ibomberdefense.standardof.net\/wp-content\/uploads\/sites\/5\/2020\/10\/iBomber-Defense-Level-12-Northern-Europe-Firestorm-6.jpg 1280w\" sizes=\"(max-width: 800px) 100vw, 800px\" \/><\/a><figcaption class=\"blocks-gallery-item__caption\">Placement de la tourelle Wave 50 dans le niveau Europe du Nord de \u00abiBomber Defense\u00bb.<\/figcaption><\/figure><\/li><\/ul><\/figure>\n\n\n\n<hr class=\"wp-block-separator\"\/>\n\n\n\n<h4 class=\"has-text-align-center wp-block-heading\">Guide vid\u00e9o<\/h4>\n\n\n\n<figure class=\"wp-block-embed-youtube wp-block-embed is-type-video is-provider-youtube wp-embed-aspect-16-9 wp-has-aspect-ratio\"><div class=\"wp-block-embed__wrapper\">\n<div class=\"ast-oembed-container\" style=\"height: 100%;\"><iframe title=\"iBomber Defense - Europe du Nord - Firestorm - V\u00e9t\u00e9ran + Parfait\" width=\"500\" height=\"281\" src=\"https:\/\/www.youtube.com\/embed\/kwe8sJlFnhk?feature=oembed\" frameborder=\"0\" allow=\"accelerometer; autoplay; clipboard-write; encrypted-media; gyroscope; picture-in-picture; web-share\" referrerpolicy=\"strict-origin-when-cross-origin\" allowfullscreen><\/iframe><\/div>\n<\/div><\/figure>","protected":false},"excerpt":{"rendered":"<p>Northern Europe takes us back to the icy waters in order to fend off a massive 50 waves of naval vessels in what is quite possibly the most complicated map so far when it comes to predicting the route your enemy will take. Since this map is a series of island through which the ships [&hellip;]<\/p>","protected":false},"author":1,"featured_media":66,"parent":266,"menu_order":12,"comment_status":"open","ping_status":"closed","template":"","meta":{"_uag_custom_page_level_css":"","site-sidebar-layout":"default","site-content-layout":"default","ast-site-content-layout":"","site-content-style":"default","site-sidebar-style":"default","ast-global-header-display":"","ast-banner-title-visibility":"","ast-main-header-display":"","ast-hfb-above-header-display":"","ast-hfb-below-header-display":"","ast-hfb-mobile-header-display":"","site-post-title":"","ast-breadcrumbs-content":"","ast-featured-img":"","footer-sml-layout":"","theme-transparent-header-meta":"default","adv-header-id-meta":"","stick-header-meta":"","header-above-stick-meta":"","header-main-stick-meta":"","header-below-stick-meta":"","astra-migrate-meta-layouts":"default","ast-page-background-enabled":"default","ast-page-background-meta":{"desktop":{"background-color":"","background-image":"","background-repeat":"repeat","background-position":"center center","background-size":"auto","background-attachment":"scroll","background-type":"","background-media":"","overlay-type":"","overlay-color":"","overlay-gradient":""},"tablet":{"background-color":"","background-image":"","background-repeat":"repeat","background-position":"center center","background-size":"auto","background-attachment":"scroll","background-type":"","background-media":"","overlay-type":"","overlay-color":"","overlay-gradient":""},"mobile":{"background-color":"","background-image":"","background-repeat":"repeat","background-position":"center center","background-size":"auto","background-attachment":"scroll","background-type":"","background-media":"","overlay-type":"","overlay-color":"","overlay-gradient":""}},"ast-content-background-meta":{"desktop":{"background-color":"var(--ast-global-color-5)","background-image":"","background-repeat":"repeat","background-position":"center center","background-size":"auto","background-attachment":"scroll","background-type":"","background-media":"","overlay-type":"","overlay-color":"","overlay-gradient":""},"tablet":{"background-color":"var(--ast-global-color-5)","background-image":"","background-repeat":"repeat","background-position":"center center","background-size":"auto","background-attachment":"scroll","background-type":"","background-media":"","overlay-type":"","overlay-color":"","overlay-gradient":""},"mobile":{"background-color":"var(--ast-global-color-5)","background-image":"","background-repeat":"repeat","background-position":"center center","background-size":"auto","background-attachment":"scroll","background-type":"","background-media":"","overlay-type":"","overlay-color":"","overlay-gradient":""}},"footnotes":""},"uagb_featured_image_src":{"full":["https:\/\/ibomberdefense.standardof.net\/wp-content\/uploads\/sites\/5\/2020\/10\/iBomber-Defense-Level-12-Northern-Europe-Firestorm-6.jpg",1280,720,false],"thumbnail":["https:\/\/ibomberdefense.standardof.net\/wp-content\/uploads\/sites\/5\/2020\/10\/iBomber-Defense-Level-12-Northern-Europe-Firestorm-6-200x113.jpg",200,113,true],"medium":["https:\/\/ibomberdefense.standardof.net\/wp-content\/uploads\/sites\/5\/2020\/10\/iBomber-Defense-Level-12-Northern-Europe-Firestorm-6-512x288.jpg",512,288,true],"medium_large":["https:\/\/ibomberdefense.standardof.net\/wp-content\/uploads\/sites\/5\/2020\/10\/iBomber-Defense-Level-12-Northern-Europe-Firestorm-6-768x432.jpg",768,432,true],"large":["https:\/\/ibomberdefense.standardof.net\/wp-content\/uploads\/sites\/5\/2020\/10\/iBomber-Defense-Level-12-Northern-Europe-Firestorm-6-800x450.jpg",800,450,true],"1536x1536":["https:\/\/ibomberdefense.standardof.net\/wp-content\/uploads\/sites\/5\/2020\/10\/iBomber-Defense-Level-12-Northern-Europe-Firestorm-6.jpg",1280,720,false],"2048x2048":["https:\/\/ibomberdefense.standardof.net\/wp-content\/uploads\/sites\/5\/2020\/10\/iBomber-Defense-Level-12-Northern-Europe-Firestorm-6.jpg",1280,720,false],"trp-custom-language-flag":["https:\/\/ibomberdefense.standardof.net\/wp-content\/uploads\/sites\/5\/2020\/10\/iBomber-Defense-Level-12-Northern-Europe-Firestorm-6-16x9.jpg",16,9,true]},"uagb_author_info":{"display_name":"SOE","author_link":"https:\/\/ibomberdefense.standardof.net\/fr\/author\/k-tastic\/"},"uagb_comment_info":0,"uagb_excerpt":"Northern Europe takes us back to the icy waters in order to fend off a massive 50 waves of naval vessels in what is quite possibly the most complicated map so far when it comes to predicting the route your enemy will take. Since this map is a series of island through which the ships&hellip;","_links":{"self":[{"href":"https:\/\/ibomberdefense.standardof.net\/fr\/wp-json\/wp\/v2\/pages\/302"}],"collection":[{"href":"https:\/\/ibomberdefense.standardof.net\/fr\/wp-json\/wp\/v2\/pages"}],"about":[{"href":"https:\/\/ibomberdefense.standardof.net\/fr\/wp-json\/wp\/v2\/types\/page"}],"author":[{"embeddable":true,"href":"https:\/\/ibomberdefense.standardof.net\/fr\/wp-json\/wp\/v2\/users\/1"}],"replies":[{"embeddable":true,"href":"https:\/\/ibomberdefense.standardof.net\/fr\/wp-json\/wp\/v2\/comments?post=302"}],"version-history":[{"count":0,"href":"https:\/\/ibomberdefense.standardof.net\/fr\/wp-json\/wp\/v2\/pages\/302\/revisions"}],"up":[{"embeddable":true,"href":"https:\/\/ibomberdefense.standardof.net\/fr\/wp-json\/wp\/v2\/pages\/266"}],"wp:featuredmedia":[{"embeddable":true,"href":"https:\/\/ibomberdefense.standardof.net\/fr\/wp-json\/wp\/v2\/media\/66"}],"wp:attachment":[{"href":"https:\/\/ibomberdefense.standardof.net\/fr\/wp-json\/wp\/v2\/media?parent=302"}],"curies":[{"name":"wp","href":"https:\/\/api.w.org\/{rel}","templated":true}]}}