{"id":303,"date":"2020-10-19T06:26:57","date_gmt":"2020-10-19T06:26:57","guid":{"rendered":"https:\/\/ibomberdefense.standardof.net\/?page_id=303"},"modified":"2020-10-19T08:06:36","modified_gmt":"2020-10-19T08:06:36","slug":"13-south-east-europe-counterattack","status":"publish","type":"page","link":"https:\/\/ibomberdefense.standardof.net\/fr\/guide\/campagne-alliee\/13-contre-attaque-europe-du-sud-est\/","title":{"rendered":"13. Europe du Sud-Est: contre-attaque"},"content":{"rendered":"<div class=\"wp-block-image\"><figure class=\"aligncenter size-large\"><a href=\"https:\/\/ibomberdefense.standardof.net\/fr\/guide\/campagne-alliee\/13-contre-attaque-europe-du-sud-est\/ibomber-defense-level-13-south-east-europe-counterattack-1\/\"><img decoding=\"async\" width=\"800\" height=\"450\" src=\"https:\/\/ibomberdefense.standardof.net\/wp-content\/uploads\/sites\/5\/2020\/10\/iBomber-Defense-Level-13-South-East-Europe-Counterattack-1-800x450.jpg\" alt=\"&quot;iBomber Defense&quot; - Niveau 13 - Europe du Sud-Est: Contre-attaque (1)\" class=\"wp-image-67\" title=\"\" srcset=\"https:\/\/ibomberdefense.standardof.net\/wp-content\/uploads\/sites\/5\/2020\/10\/iBomber-Defense-Level-13-South-East-Europe-Counterattack-1-800x450.jpg 800w, https:\/\/ibomberdefense.standardof.net\/wp-content\/uploads\/sites\/5\/2020\/10\/iBomber-Defense-Level-13-South-East-Europe-Counterattack-1-512x288.jpg 512w, https:\/\/ibomberdefense.standardof.net\/wp-content\/uploads\/sites\/5\/2020\/10\/iBomber-Defense-Level-13-South-East-Europe-Counterattack-1-200x113.jpg 200w, https:\/\/ibomberdefense.standardof.net\/wp-content\/uploads\/sites\/5\/2020\/10\/iBomber-Defense-Level-13-South-East-Europe-Counterattack-1-768x432.jpg 768w, https:\/\/ibomberdefense.standardof.net\/wp-content\/uploads\/sites\/5\/2020\/10\/iBomber-Defense-Level-13-South-East-Europe-Counterattack-1-16x9.jpg 16w, https:\/\/ibomberdefense.standardof.net\/wp-content\/uploads\/sites\/5\/2020\/10\/iBomber-Defense-Level-13-South-East-Europe-Counterattack-1.jpg 1280w\" sizes=\"(max-width: 800px) 100vw, 800px\" \/><\/a><figcaption>Trajectoires des ennemis entrants dans le niveau de contre-attaque de l&#039;Europe du Sud-Est de \u00abiBomber Defense\u00bb. Les deux chemins bleus sont des avions tandis que les autres sont des unit\u00e9s au sol.<\/figcaption><\/figure><\/div>\n\n\n\n<p>La troisi\u00e8me et derni\u00e8re mission bonus de contre-attaque de la campagne alli\u00e9e fait reculer certaines cartes pour la premi\u00e8re fois au premier niveau de la seconde moiti\u00e9 de la campagne, l&#039;Europe du Sud-Est. Comme pour les niveaux bonus pr\u00e9c\u00e9dents, nous commen\u00e7ons ce niveau de contre-attaque avec les tourelles restantes de la fin de la s\u00e9rie originale de vagues.<\/p>\n\n\n\n<p>Ce niveau de contre-attaque a \u00e9galement plus de vagues pour vous frayer un chemin, face \u00e0 30 tours suppl\u00e9mentaires d&#039;unit\u00e9s terrestres blind\u00e9es ainsi que des unit\u00e9s a\u00e9riennes apparaissant \u00e0 la vague 2. Le nouveau chemin ouvert dans ce tour sera le chemin couvert de neige vers le sud-ouest. Bien que vous ne verrez pas le chemin ouvert au d\u00e9part, il y aura \u00e9galement deux routes pour les avions entrants pour la premi\u00e8re fois dans ce niveau.<\/p>\n\n\n\n<h3 class=\"wp-block-heading\"><strong>Placement de la tourelle<\/strong><\/h3>\n\n\n\n<figure class=\"wp-block-gallery columns-2 is-cropped wp-block-gallery-1 is-layout-flex wp-block-gallery-is-layout-flex\"><ul class=\"blocks-gallery-grid\"><li class=\"blocks-gallery-item\"><figure><a href=\"https:\/\/ibomberdefense.standardof.net\/fr\/guide\/campagne-alliee\/13-contre-attaque-europe-du-sud-est\/ibomber-defense-level-13-south-east-europe-counterattack-2\/\"><img decoding=\"async\" width=\"800\" height=\"450\" src=\"https:\/\/ibomberdefense.standardof.net\/wp-content\/uploads\/sites\/5\/2020\/10\/iBomber-Defense-Level-13-South-East-Europe-Counterattack-2-800x450.jpg\" alt=\"&quot;iBomber Defense&quot; - Niveau 13 - Europe du Sud-Est: Contre-attaque (2)\" data-id=\"68\" data-full-url=\"https:\/\/ibomberdefense.standardof.net\/wp-content\/uploads\/sites\/5\/2020\/10\/iBomber-Defense-Level-13-South-East-Europe-Counterattack-2.jpg\" data-link=\"https:\/\/ibomberdefense.standardof.net\/guide\/allied-campaign\/13-south-east-europe-counterattack\/ibomber-defense-level-13-south-east-europe-counterattack-2\/\" class=\"wp-image-68\" title=\"\" srcset=\"https:\/\/ibomberdefense.standardof.net\/wp-content\/uploads\/sites\/5\/2020\/10\/iBomber-Defense-Level-13-South-East-Europe-Counterattack-2-800x450.jpg 800w, https:\/\/ibomberdefense.standardof.net\/wp-content\/uploads\/sites\/5\/2020\/10\/iBomber-Defense-Level-13-South-East-Europe-Counterattack-2-512x288.jpg 512w, https:\/\/ibomberdefense.standardof.net\/wp-content\/uploads\/sites\/5\/2020\/10\/iBomber-Defense-Level-13-South-East-Europe-Counterattack-2-200x113.jpg 200w, https:\/\/ibomberdefense.standardof.net\/wp-content\/uploads\/sites\/5\/2020\/10\/iBomber-Defense-Level-13-South-East-Europe-Counterattack-2-768x432.jpg 768w, https:\/\/ibomberdefense.standardof.net\/wp-content\/uploads\/sites\/5\/2020\/10\/iBomber-Defense-Level-13-South-East-Europe-Counterattack-2-16x9.jpg 16w, https:\/\/ibomberdefense.standardof.net\/wp-content\/uploads\/sites\/5\/2020\/10\/iBomber-Defense-Level-13-South-East-Europe-Counterattack-2.jpg 1280w\" sizes=\"(max-width: 800px) 100vw, 800px\" \/><\/a><figcaption class=\"blocks-gallery-item__caption\">Placement de la tourelle Wave 10.<\/figcaption><\/figure><\/li><li class=\"blocks-gallery-item\"><figure><a href=\"https:\/\/ibomberdefense.standardof.net\/fr\/guide\/campagne-alliee\/13-contre-attaque-europe-du-sud-est\/ibomber-defense-level-13-south-east-europe-counterattack-3\/\"><img decoding=\"async\" width=\"800\" height=\"450\" src=\"https:\/\/ibomberdefense.standardof.net\/wp-content\/uploads\/sites\/5\/2020\/10\/iBomber-Defense-Level-13-South-East-Europe-Counterattack-3-800x450.jpg\" alt=\"&quot;iBomber Defense&quot; - Niveau 13 - Europe du Sud-Est: Contre-attaque (3)\" data-id=\"69\" data-full-url=\"https:\/\/ibomberdefense.standardof.net\/wp-content\/uploads\/sites\/5\/2020\/10\/iBomber-Defense-Level-13-South-East-Europe-Counterattack-3.jpg\" data-link=\"https:\/\/ibomberdefense.standardof.net\/guide\/allied-campaign\/13-south-east-europe-counterattack\/ibomber-defense-level-13-south-east-europe-counterattack-3\/\" class=\"wp-image-69\" title=\"\" srcset=\"https:\/\/ibomberdefense.standardof.net\/wp-content\/uploads\/sites\/5\/2020\/10\/iBomber-Defense-Level-13-South-East-Europe-Counterattack-3-800x450.jpg 800w, https:\/\/ibomberdefense.standardof.net\/wp-content\/uploads\/sites\/5\/2020\/10\/iBomber-Defense-Level-13-South-East-Europe-Counterattack-3-512x288.jpg 512w, https:\/\/ibomberdefense.standardof.net\/wp-content\/uploads\/sites\/5\/2020\/10\/iBomber-Defense-Level-13-South-East-Europe-Counterattack-3-200x113.jpg 200w, https:\/\/ibomberdefense.standardof.net\/wp-content\/uploads\/sites\/5\/2020\/10\/iBomber-Defense-Level-13-South-East-Europe-Counterattack-3-768x432.jpg 768w, https:\/\/ibomberdefense.standardof.net\/wp-content\/uploads\/sites\/5\/2020\/10\/iBomber-Defense-Level-13-South-East-Europe-Counterattack-3-16x9.jpg 16w, https:\/\/ibomberdefense.standardof.net\/wp-content\/uploads\/sites\/5\/2020\/10\/iBomber-Defense-Level-13-South-East-Europe-Counterattack-3.jpg 1280w\" sizes=\"(max-width: 800px) 100vw, 800px\" \/><\/a><figcaption class=\"blocks-gallery-item__caption\">Placement de la tourelle Wave 20.<\/figcaption><\/figure><\/li><\/ul><\/figure>\n\n\n\n<p>\u00c0 peu pr\u00e8s d\u00e8s le d\u00e9part jusqu&#039;\u00e0 la vague 10, il sera important d&#039;ajouter un peu d&#039;anti-air suppl\u00e9mentaire, donnant trois tourelles au total tout en continuant \u00e0 \u00e9tendre le placement de la tourelle \u00e0 partir de l\u00e0 o\u00f9 nous nous sommes arr\u00eat\u00e9s dans l&#039;ex\u00e9cution originale de cette mission, en se concentrant principalement sur les tourelles Cannon. temps de travail \u00e0 partir du milieu de la carte vers l&#039;arri\u00e8re vers la base. Essayez vraiment d&#039;avoir une tour de communication avec des tourelles pr\u00e8s du nouveau chemin ouvert.<\/p>\n\n\n\n<p>En atteignant la vague 20, vous devriez avoir d\u00e9j\u00e0 gagn\u00e9 depuis longtemps 50$ d&#039;int\u00e9r\u00eat \u00e0 chaque vague termin\u00e9e, vous permettant ainsi de d\u00e9velopper encore plus vos champs de tourelles Cannon vers votre base, amenant la plupart sinon la totalit\u00e9 pour eux au niveau3 jusqu&#039;\u00e0 ce que vous n&#039;ayez pas de construction. espaces laiss\u00e9s sur la moiti\u00e9 ouest de la carte.<\/p>\n\n\n\n<p>Le d\u00e9passement de la vague 20 et la progression vers la derni\u00e8re vague de 30 devraient amener au moins une ou deux tourelles AA de plus haut niveau, portant le total \u00e0 5. De plus, si vous avez r\u00e9ussi \u00e0 utiliser tout l&#039;espace du b\u00e2timent sur la moiti\u00e9 ouest de cette carte, vous pouvez aussi bien commencer \u00e0 utiliser les espaces encore ouverts du c\u00f4t\u00e9 est pour l&#039;enfer pur.<\/p>\n\n\n\n<div class=\"wp-block-image\"><figure class=\"aligncenter size-large\"><a href=\"https:\/\/ibomberdefense.standardof.net\/fr\/guide\/campagne-alliee\/13-contre-attaque-europe-du-sud-est\/ibomber-defense-level-13-south-east-europe-counterattack-4\/\"><img decoding=\"async\" width=\"800\" height=\"450\" src=\"https:\/\/ibomberdefense.standardof.net\/wp-content\/uploads\/sites\/5\/2020\/10\/iBomber-Defense-Level-13-South-East-Europe-Counterattack-4-800x450.jpg\" alt=\"&quot;iBomber Defense&quot; - Niveau 13 - Europe du Sud-Est: Contre-attaque (4)\" class=\"wp-image-70\" title=\"\" srcset=\"https:\/\/ibomberdefense.standardof.net\/wp-content\/uploads\/sites\/5\/2020\/10\/iBomber-Defense-Level-13-South-East-Europe-Counterattack-4-800x450.jpg 800w, https:\/\/ibomberdefense.standardof.net\/wp-content\/uploads\/sites\/5\/2020\/10\/iBomber-Defense-Level-13-South-East-Europe-Counterattack-4-512x288.jpg 512w, https:\/\/ibomberdefense.standardof.net\/wp-content\/uploads\/sites\/5\/2020\/10\/iBomber-Defense-Level-13-South-East-Europe-Counterattack-4-200x113.jpg 200w, https:\/\/ibomberdefense.standardof.net\/wp-content\/uploads\/sites\/5\/2020\/10\/iBomber-Defense-Level-13-South-East-Europe-Counterattack-4-768x432.jpg 768w, https:\/\/ibomberdefense.standardof.net\/wp-content\/uploads\/sites\/5\/2020\/10\/iBomber-Defense-Level-13-South-East-Europe-Counterattack-4-16x9.jpg 16w, https:\/\/ibomberdefense.standardof.net\/wp-content\/uploads\/sites\/5\/2020\/10\/iBomber-Defense-Level-13-South-East-Europe-Counterattack-4.jpg 1280w\" sizes=\"(max-width: 800px) 100vw, 800px\" \/><\/a><figcaption>Placement de la tourelle Wave 30.<\/figcaption><\/figure><\/div>\n\n\n\n<hr class=\"wp-block-separator\"\/>\n\n\n\n<h4 class=\"has-text-align-center wp-block-heading\">Guide vid\u00e9o<\/h4>\n\n\n\n<figure class=\"wp-block-embed-youtube wp-block-embed is-type-video is-provider-youtube wp-embed-aspect-16-9 wp-has-aspect-ratio\"><div class=\"wp-block-embed__wrapper\">\n<div class=\"ast-oembed-container\" style=\"height: 100%;\"><iframe title=\"iBomber Defense - Europe du Sud-Est - Contre-attaque - V\u00e9t\u00e9ran + Parfait\" width=\"500\" height=\"281\" src=\"https:\/\/www.youtube.com\/embed\/Lj_IOXaCExs?feature=oembed\" frameborder=\"0\" allow=\"accelerometer; autoplay; clipboard-write; encrypted-media; gyroscope; picture-in-picture; web-share\" referrerpolicy=\"strict-origin-when-cross-origin\" allowfullscreen><\/iframe><\/div>\n<\/div><\/figure>","protected":false},"excerpt":{"rendered":"<p>The third and final counterattack bonus mission in the Allied campaign actually hops some maps backwards for the first time to the first level in the second half of the campaign, South East Europe. As with the previous bonus levels, we start this counterattack level with whatever turrets were left over from the end of [&hellip;]<\/p>","protected":false},"author":1,"featured_media":70,"parent":266,"menu_order":13,"comment_status":"open","ping_status":"closed","template":"","meta":{"_uag_custom_page_level_css":"","site-sidebar-layout":"default","site-content-layout":"default","ast-site-content-layout":"","site-content-style":"default","site-sidebar-style":"default","ast-global-header-display":"","ast-banner-title-visibility":"","ast-main-header-display":"","ast-hfb-above-header-display":"","ast-hfb-below-header-display":"","ast-hfb-mobile-header-display":"","site-post-title":"","ast-breadcrumbs-content":"","ast-featured-img":"","footer-sml-layout":"","theme-transparent-header-meta":"default","adv-header-id-meta":"","stick-header-meta":"","header-above-stick-meta":"","header-main-stick-meta":"","header-below-stick-meta":"","astra-migrate-meta-layouts":"default","ast-page-background-enabled":"default","ast-page-background-meta":{"desktop":{"background-color":"","background-image":"","background-repeat":"repeat","background-position":"center center","background-size":"auto","background-attachment":"scroll","background-type":"","background-media":"","overlay-type":"","overlay-color":"","overlay-gradient":""},"tablet":{"background-color":"","background-image":"","background-repeat":"repeat","background-position":"center center","background-size":"auto","background-attachment":"scroll","background-type":"","background-media":"","overlay-type":"","overlay-color":"","overlay-gradient":""},"mobile":{"background-color":"","background-image":"","background-repeat":"repeat","background-position":"center center","background-size":"auto","background-attachment":"scroll","background-type":"","background-media":"","overlay-type":"","overlay-color":"","overlay-gradient":""}},"ast-content-background-meta":{"desktop":{"background-color":"var(--ast-global-color-5)","background-image":"","background-repeat":"repeat","background-position":"center center","background-size":"auto","background-attachment":"scroll","background-type":"","background-media":"","overlay-type":"","overlay-color":"","overlay-gradient":""},"tablet":{"background-color":"var(--ast-global-color-5)","background-image":"","background-repeat":"repeat","background-position":"center center","background-size":"auto","background-attachment":"scroll","background-type":"","background-media":"","overlay-type":"","overlay-color":"","overlay-gradient":""},"mobile":{"background-color":"var(--ast-global-color-5)","background-image":"","background-repeat":"repeat","background-position":"center center","background-size":"auto","background-attachment":"scroll","background-type":"","background-media":"","overlay-type":"","overlay-color":"","overlay-gradient":""}},"footnotes":""},"uagb_featured_image_src":{"full":["https:\/\/ibomberdefense.standardof.net\/wp-content\/uploads\/sites\/5\/2020\/10\/iBomber-Defense-Level-13-South-East-Europe-Counterattack-4.jpg",1280,720,false],"thumbnail":["https:\/\/ibomberdefense.standardof.net\/wp-content\/uploads\/sites\/5\/2020\/10\/iBomber-Defense-Level-13-South-East-Europe-Counterattack-4-200x113.jpg",200,113,true],"medium":["https:\/\/ibomberdefense.standardof.net\/wp-content\/uploads\/sites\/5\/2020\/10\/iBomber-Defense-Level-13-South-East-Europe-Counterattack-4-512x288.jpg",512,288,true],"medium_large":["https:\/\/ibomberdefense.standardof.net\/wp-content\/uploads\/sites\/5\/2020\/10\/iBomber-Defense-Level-13-South-East-Europe-Counterattack-4-768x432.jpg",768,432,true],"large":["https:\/\/ibomberdefense.standardof.net\/wp-content\/uploads\/sites\/5\/2020\/10\/iBomber-Defense-Level-13-South-East-Europe-Counterattack-4-800x450.jpg",800,450,true],"1536x1536":["https:\/\/ibomberdefense.standardof.net\/wp-content\/uploads\/sites\/5\/2020\/10\/iBomber-Defense-Level-13-South-East-Europe-Counterattack-4.jpg",1280,720,false],"2048x2048":["https:\/\/ibomberdefense.standardof.net\/wp-content\/uploads\/sites\/5\/2020\/10\/iBomber-Defense-Level-13-South-East-Europe-Counterattack-4.jpg",1280,720,false],"trp-custom-language-flag":["https:\/\/ibomberdefense.standardof.net\/wp-content\/uploads\/sites\/5\/2020\/10\/iBomber-Defense-Level-13-South-East-Europe-Counterattack-4-16x9.jpg",16,9,true]},"uagb_author_info":{"display_name":"SOE","author_link":"https:\/\/ibomberdefense.standardof.net\/fr\/author\/k-tastic\/"},"uagb_comment_info":0,"uagb_excerpt":"The third and final counterattack bonus mission in the Allied campaign actually hops some maps backwards for the first time to the first level in the second half of the campaign, South East Europe. As with the previous bonus levels, we start this counterattack level with whatever turrets were left over from the end of&hellip;","_links":{"self":[{"href":"https:\/\/ibomberdefense.standardof.net\/fr\/wp-json\/wp\/v2\/pages\/303"}],"collection":[{"href":"https:\/\/ibomberdefense.standardof.net\/fr\/wp-json\/wp\/v2\/pages"}],"about":[{"href":"https:\/\/ibomberdefense.standardof.net\/fr\/wp-json\/wp\/v2\/types\/page"}],"author":[{"embeddable":true,"href":"https:\/\/ibomberdefense.standardof.net\/fr\/wp-json\/wp\/v2\/users\/1"}],"replies":[{"embeddable":true,"href":"https:\/\/ibomberdefense.standardof.net\/fr\/wp-json\/wp\/v2\/comments?post=303"}],"version-history":[{"count":0,"href":"https:\/\/ibomberdefense.standardof.net\/fr\/wp-json\/wp\/v2\/pages\/303\/revisions"}],"up":[{"embeddable":true,"href":"https:\/\/ibomberdefense.standardof.net\/fr\/wp-json\/wp\/v2\/pages\/266"}],"wp:featuredmedia":[{"embeddable":true,"href":"https:\/\/ibomberdefense.standardof.net\/fr\/wp-json\/wp\/v2\/media\/70"}],"wp:attachment":[{"href":"https:\/\/ibomberdefense.standardof.net\/fr\/wp-json\/wp\/v2\/media?parent=303"}],"curies":[{"name":"wp","href":"https:\/\/api.w.org\/{rel}","templated":true}]}}