{"id":304,"date":"2020-10-19T06:27:16","date_gmt":"2020-10-19T06:27:16","guid":{"rendered":"https:\/\/ibomberdefense.standardof.net\/?page_id=304"},"modified":"2020-10-19T08:06:40","modified_gmt":"2020-10-19T08:06:40","slug":"14-germany-the-final-fight","status":"publish","type":"page","link":"https:\/\/ibomberdefense.standardof.net\/fr\/guide\/campagne-alliee\/14-allemagne-le-combat-final-2\/","title":{"rendered":"14. Allemagne: le combat final"},"content":{"rendered":"<div class=\"wp-block-image\"><figure class=\"aligncenter size-large\"><a href=\"https:\/\/ibomberdefense.standardof.net\/fr\/guide\/campagne-alliee\/14-allemagne-le-combat-final-2\/ibomber-defense-level-14-germany-the-final-fight-1\/\"><img decoding=\"async\" width=\"800\" height=\"450\" src=\"https:\/\/ibomberdefense.standardof.net\/wp-content\/uploads\/sites\/5\/2020\/10\/iBomber-Defense-Level-14-Germany-The-Final-Fight-1-800x450.jpg\" alt=\"&quot;iBomber Defense&quot; - Niveau 14 - Allemagne: Le combat final (1)\" class=\"wp-image-71\" title=\"\" srcset=\"https:\/\/ibomberdefense.standardof.net\/wp-content\/uploads\/sites\/5\/2020\/10\/iBomber-Defense-Level-14-Germany-The-Final-Fight-1-800x450.jpg 800w, https:\/\/ibomberdefense.standardof.net\/wp-content\/uploads\/sites\/5\/2020\/10\/iBomber-Defense-Level-14-Germany-The-Final-Fight-1-512x288.jpg 512w, https:\/\/ibomberdefense.standardof.net\/wp-content\/uploads\/sites\/5\/2020\/10\/iBomber-Defense-Level-14-Germany-The-Final-Fight-1-200x113.jpg 200w, https:\/\/ibomberdefense.standardof.net\/wp-content\/uploads\/sites\/5\/2020\/10\/iBomber-Defense-Level-14-Germany-The-Final-Fight-1-768x432.jpg 768w, https:\/\/ibomberdefense.standardof.net\/wp-content\/uploads\/sites\/5\/2020\/10\/iBomber-Defense-Level-14-Germany-The-Final-Fight-1-16x9.jpg 16w, https:\/\/ibomberdefense.standardof.net\/wp-content\/uploads\/sites\/5\/2020\/10\/iBomber-Defense-Level-14-Germany-The-Final-Fight-1.jpg 1280w\" sizes=\"(max-width: 800px) 100vw, 800px\" \/><\/a><figcaption>Chemins emprunt\u00e9s par les unit\u00e9s ennemies au niveau allemand de \u00abiBomber Defense\u00bb. La ligne noire est pour les unit\u00e9s navales et violette pour les avions (fl\u00e8ches), le reste est au sol (lignes uniquement).<\/figcaption><\/figure><\/div>\n\n\n\n<p>Le niveau de l&#039;Allemagne est la derni\u00e8re mission que vous devez surmonter dans la campagne alli\u00e9e, vous servant le plus grand d\u00e9fi \u00e0 ce jour. Ici, vous serez confront\u00e9 aux trois types d&#039;unit\u00e9s \u00e0 la fois, des avions, des navires de guerre et des unit\u00e9s terrestres \u00e0 gogo. Ceci combin\u00e9 avec la ville bombard\u00e9e rendant difficile le placement des tourelles, il est tr\u00e8s important de savoir o\u00f9 placer quoi dans cette mission.<\/p>\n\n\n\n<p>Il y a 50 vagues d&#039;unit\u00e9s pour vous permettre de vous frayer un chemin avec des unit\u00e9s navales apparaissant pour la premi\u00e8re fois \u00e0 la vague 10 et des avions arrivant sur la sc\u00e8ne \u00e0 la vague 21 atypique. Il est presque n\u00e9cessaire d&#039;effectuer le tour de revenu \u00e9crasant en utilisant 150$ + de \u00e9conomis\u00e9 de l&#039;argent tout en poss\u00e9dant 3 tours de communication de niveau trois ou plus. \u00c9galement au milieu du niveau, une partie de l&#039;artillerie viendra de l&#039;\u00e9cran pour ouvrir le chemin rose traversant le b\u00e2timent d\u00e9moli, mais ne d\u00e9truira aucune de vos tourelles et la zone n&#039;\u00e9tait pas constructible en premier lieu.<\/p>\n\n\n\n<h3 class=\"wp-block-heading\"><strong>Placement de la tourelle<\/strong><\/h3>\n\n\n\n<figure class=\"wp-block-gallery columns-2 is-cropped wp-block-gallery-1 is-layout-flex wp-block-gallery-is-layout-flex\"><ul class=\"blocks-gallery-grid\"><li class=\"blocks-gallery-item\"><figure><a href=\"https:\/\/ibomberdefense.standardof.net\/fr\/guide\/campagne-alliee\/14-allemagne-le-combat-final-2\/ibomber-defense-level-14-germany-the-final-fight-2\/\"><img decoding=\"async\" width=\"800\" height=\"450\" src=\"https:\/\/ibomberdefense.standardof.net\/wp-content\/uploads\/sites\/5\/2020\/10\/iBomber-Defense-Level-14-Germany-The-Final-Fight-2-800x450.jpg\" alt=\"&quot;iBomber Defense&quot; - Niveau 14 - Allemagne: Le combat final (2)\" data-id=\"72\" data-full-url=\"https:\/\/ibomberdefense.standardof.net\/wp-content\/uploads\/sites\/5\/2020\/10\/iBomber-Defense-Level-14-Germany-The-Final-Fight-2.jpg\" data-link=\"https:\/\/ibomberdefense.standardof.net\/guide\/allied-campaign\/14-germany-the-final-fight\/ibomber-defense-level-14-germany-the-final-fight-2\/\" class=\"wp-image-72\" title=\"\" srcset=\"https:\/\/ibomberdefense.standardof.net\/wp-content\/uploads\/sites\/5\/2020\/10\/iBomber-Defense-Level-14-Germany-The-Final-Fight-2-800x450.jpg 800w, https:\/\/ibomberdefense.standardof.net\/wp-content\/uploads\/sites\/5\/2020\/10\/iBomber-Defense-Level-14-Germany-The-Final-Fight-2-512x288.jpg 512w, https:\/\/ibomberdefense.standardof.net\/wp-content\/uploads\/sites\/5\/2020\/10\/iBomber-Defense-Level-14-Germany-The-Final-Fight-2-200x113.jpg 200w, https:\/\/ibomberdefense.standardof.net\/wp-content\/uploads\/sites\/5\/2020\/10\/iBomber-Defense-Level-14-Germany-The-Final-Fight-2-768x432.jpg 768w, https:\/\/ibomberdefense.standardof.net\/wp-content\/uploads\/sites\/5\/2020\/10\/iBomber-Defense-Level-14-Germany-The-Final-Fight-2-16x9.jpg 16w, https:\/\/ibomberdefense.standardof.net\/wp-content\/uploads\/sites\/5\/2020\/10\/iBomber-Defense-Level-14-Germany-The-Final-Fight-2.jpg 1280w\" sizes=\"(max-width: 800px) 100vw, 800px\" \/><\/a><figcaption class=\"blocks-gallery-item__caption\">Placement de la tourelle Wave 10.<\/figcaption><\/figure><\/li><li class=\"blocks-gallery-item\"><figure><a href=\"https:\/\/ibomberdefense.standardof.net\/fr\/guide\/campagne-alliee\/14-allemagne-le-combat-final-2\/ibomber-defense-level-14-germany-the-final-fight-3\/\"><img decoding=\"async\" width=\"800\" height=\"450\" src=\"https:\/\/ibomberdefense.standardof.net\/wp-content\/uploads\/sites\/5\/2020\/10\/iBomber-Defense-Level-14-Germany-The-Final-Fight-3-800x450.jpg\" alt=\"&quot;iBomber Defense&quot; - Niveau 14 - Allemagne: Le combat final (3)\" data-id=\"73\" data-full-url=\"https:\/\/ibomberdefense.standardof.net\/wp-content\/uploads\/sites\/5\/2020\/10\/iBomber-Defense-Level-14-Germany-The-Final-Fight-3.jpg\" data-link=\"https:\/\/ibomberdefense.standardof.net\/guide\/allied-campaign\/14-germany-the-final-fight\/ibomber-defense-level-14-germany-the-final-fight-3\/\" class=\"wp-image-73\" title=\"\" srcset=\"https:\/\/ibomberdefense.standardof.net\/wp-content\/uploads\/sites\/5\/2020\/10\/iBomber-Defense-Level-14-Germany-The-Final-Fight-3-800x450.jpg 800w, https:\/\/ibomberdefense.standardof.net\/wp-content\/uploads\/sites\/5\/2020\/10\/iBomber-Defense-Level-14-Germany-The-Final-Fight-3-512x288.jpg 512w, https:\/\/ibomberdefense.standardof.net\/wp-content\/uploads\/sites\/5\/2020\/10\/iBomber-Defense-Level-14-Germany-The-Final-Fight-3-200x113.jpg 200w, https:\/\/ibomberdefense.standardof.net\/wp-content\/uploads\/sites\/5\/2020\/10\/iBomber-Defense-Level-14-Germany-The-Final-Fight-3-768x432.jpg 768w, https:\/\/ibomberdefense.standardof.net\/wp-content\/uploads\/sites\/5\/2020\/10\/iBomber-Defense-Level-14-Germany-The-Final-Fight-3-16x9.jpg 16w, https:\/\/ibomberdefense.standardof.net\/wp-content\/uploads\/sites\/5\/2020\/10\/iBomber-Defense-Level-14-Germany-The-Final-Fight-3.jpg 1280w\" sizes=\"(max-width: 800px) 100vw, 800px\" \/><\/a><figcaption class=\"blocks-gallery-item__caption\">Placement de la tourelle Wave 20.<\/figcaption><\/figure><\/li><\/ul><\/figure>\n\n\n\n<p>Encore une fois, il est vraiment utile de v\u00e9rifier la vid\u00e9o ci-dessous ou les images sur le c\u00f4t\u00e9 pour des d\u00e9tails plus sp\u00e9cifiques, mais le d\u00e9but de cette mission jusqu&#039;\u00e0 la dixi\u00e8me vague devrait consister en des mitrailleuses strat\u00e9giquement plac\u00e9es. Il faut aller dans le coin sup\u00e9rieur droit du plateau \u00e0 c\u00f4t\u00e9 de votre base terrestre, un de plus dans le petit anneau de sacs de sable au centre de la ville, la troisi\u00e8me tourelle va l\u00e0 o\u00f9 les chemins vert et jaune se rejoignent \u00e0 l&#039;est et enfin une en bas coin droit du plateau mentionn\u00e9 ci-dessus le plus pr\u00e8s possible du niveau 10 pour endiguer la mar\u00e9e de l&#039;unit\u00e9 navale. Vers la fin de cette mission, nous vendrons cette quatri\u00e8me tourelle de mitrailleuse lorsqu&#039;elle deviendra moins utile.<\/p>\n\n\n\n<p>Les vagues dix \u00e0 vingt devraient \u00eatre consacr\u00e9es \u00e0 la construction de canons et d&#039;une tourelle de communication de niveau 3 sur le plateau sur lequel nous avons construit les deux mitrailleuses pr\u00e9c\u00e9demment. Cette masse terrestre, lorsqu&#039;elle est augment\u00e9e avec la hauteur et les communications, permet aux canons qui y sont plac\u00e9s de toucher toutes les unit\u00e9s terrestres et navales pr\u00e9sentes sur cette carte, car tous leurs chemins se retrouveront sous leur port\u00e9e de tir.<\/p>\n\n\n\n<figure class=\"wp-block-gallery columns-2 is-cropped wp-block-gallery-2 is-layout-flex wp-block-gallery-is-layout-flex\"><ul class=\"blocks-gallery-grid\"><li class=\"blocks-gallery-item\"><figure><a href=\"https:\/\/ibomberdefense.standardof.net\/fr\/guide\/campagne-alliee\/14-allemagne-le-combat-final-2\/ibomber-defense-level-14-germany-the-final-fight-4\/\"><img decoding=\"async\" width=\"800\" height=\"450\" src=\"https:\/\/ibomberdefense.standardof.net\/wp-content\/uploads\/sites\/5\/2020\/10\/iBomber-Defense-Level-14-Germany-The-Final-Fight-4-800x450.jpg\" alt=\"&quot;iBomber Defense&quot; - Niveau 14 - Allemagne: Le combat final (4)\" data-id=\"74\" data-full-url=\"https:\/\/ibomberdefense.standardof.net\/wp-content\/uploads\/sites\/5\/2020\/10\/iBomber-Defense-Level-14-Germany-The-Final-Fight-4.jpg\" data-link=\"https:\/\/ibomberdefense.standardof.net\/guide\/allied-campaign\/14-germany-the-final-fight\/ibomber-defense-level-14-germany-the-final-fight-4\/\" class=\"wp-image-74\" title=\"\" srcset=\"https:\/\/ibomberdefense.standardof.net\/wp-content\/uploads\/sites\/5\/2020\/10\/iBomber-Defense-Level-14-Germany-The-Final-Fight-4-800x450.jpg 800w, https:\/\/ibomberdefense.standardof.net\/wp-content\/uploads\/sites\/5\/2020\/10\/iBomber-Defense-Level-14-Germany-The-Final-Fight-4-512x288.jpg 512w, https:\/\/ibomberdefense.standardof.net\/wp-content\/uploads\/sites\/5\/2020\/10\/iBomber-Defense-Level-14-Germany-The-Final-Fight-4-200x113.jpg 200w, https:\/\/ibomberdefense.standardof.net\/wp-content\/uploads\/sites\/5\/2020\/10\/iBomber-Defense-Level-14-Germany-The-Final-Fight-4-768x432.jpg 768w, https:\/\/ibomberdefense.standardof.net\/wp-content\/uploads\/sites\/5\/2020\/10\/iBomber-Defense-Level-14-Germany-The-Final-Fight-4-16x9.jpg 16w, https:\/\/ibomberdefense.standardof.net\/wp-content\/uploads\/sites\/5\/2020\/10\/iBomber-Defense-Level-14-Germany-The-Final-Fight-4.jpg 1280w\" sizes=\"(max-width: 800px) 100vw, 800px\" \/><\/a><figcaption class=\"blocks-gallery-item__caption\">Placement de la tourelle Wave 30.<\/figcaption><\/figure><\/li><li class=\"blocks-gallery-item\"><figure><a href=\"https:\/\/ibomberdefense.standardof.net\/fr\/guide\/campagne-alliee\/14-allemagne-le-combat-final-2\/ibomber-defense-level-14-germany-the-final-fight-5\/\"><img decoding=\"async\" width=\"800\" height=\"450\" src=\"https:\/\/ibomberdefense.standardof.net\/wp-content\/uploads\/sites\/5\/2020\/10\/iBomber-Defense-Level-14-Germany-The-Final-Fight-5-800x450.jpg\" alt=\"&quot;iBomber Defense&quot; - Niveau 14 - Allemagne: Le combat final (5)\" data-id=\"75\" data-full-url=\"https:\/\/ibomberdefense.standardof.net\/wp-content\/uploads\/sites\/5\/2020\/10\/iBomber-Defense-Level-14-Germany-The-Final-Fight-5.jpg\" data-link=\"https:\/\/ibomberdefense.standardof.net\/guide\/allied-campaign\/14-germany-the-final-fight\/ibomber-defense-level-14-germany-the-final-fight-5\/\" class=\"wp-image-75\" title=\"\" srcset=\"https:\/\/ibomberdefense.standardof.net\/wp-content\/uploads\/sites\/5\/2020\/10\/iBomber-Defense-Level-14-Germany-The-Final-Fight-5-800x450.jpg 800w, https:\/\/ibomberdefense.standardof.net\/wp-content\/uploads\/sites\/5\/2020\/10\/iBomber-Defense-Level-14-Germany-The-Final-Fight-5-512x288.jpg 512w, https:\/\/ibomberdefense.standardof.net\/wp-content\/uploads\/sites\/5\/2020\/10\/iBomber-Defense-Level-14-Germany-The-Final-Fight-5-200x113.jpg 200w, https:\/\/ibomberdefense.standardof.net\/wp-content\/uploads\/sites\/5\/2020\/10\/iBomber-Defense-Level-14-Germany-The-Final-Fight-5-768x432.jpg 768w, https:\/\/ibomberdefense.standardof.net\/wp-content\/uploads\/sites\/5\/2020\/10\/iBomber-Defense-Level-14-Germany-The-Final-Fight-5-16x9.jpg 16w, https:\/\/ibomberdefense.standardof.net\/wp-content\/uploads\/sites\/5\/2020\/10\/iBomber-Defense-Level-14-Germany-The-Final-Fight-5.jpg 1280w\" sizes=\"(max-width: 800px) 100vw, 800px\" \/><\/a><figcaption class=\"blocks-gallery-item__caption\">Placement de la tourelle Wave 40.<\/figcaption><\/figure><\/li><\/ul><\/figure>\n\n\n\n<p>Sur le chemin vers la vague 30, il sera temps de s&#039;\u00e9tendre, d&#039;am\u00e9liorer un peu les canons, mais surtout d&#039;en construire de nouveaux avec des communications augmentant dans le b\u00e2timent le plus d\u00e9moli \u00e0 gauche avec des tourelles anti-air l\u00e0-bas, les sacs de sable plus \u00e0 gauche et l&#039;\u00eele en dessous de cet endroit. Certaines tourelles plac\u00e9es dans le petit espace \u00e0 droite de votre base terrestre peuvent \u00eatre utiles pour tout ce qui se glisse, mais ignorez la zone d&#039;espace 2 \u00d7 2 \u00e0 droite de votre base navale. C&#039;est sans valeur.<\/p>\n\n\n\n<p>30 tout au long de la vague finale 50 devrait \u00eatre sur le point d&#039;utiliser d&#039;abord votre 50$ maintenant un int\u00e9r\u00eat de vague que vous devriez avoir atteint maintenant pour mettre \u00e0 niveau toutes vos tourelles \u00e0 leur plus haut niveau en arr\u00eatant votre Anti Air \u00e0 deux tourelles de niveau trois qui sont suffisantes pour le a\u00e9ronef limit\u00e9 pr\u00e9sent. C&#039;est \u00e9galement une bonne id\u00e9e de vendre certaines de vos tourelles de mitrailleuses d&#039;avant pour les remplacer par plus de canons, car c&#039;est le premier niveau r\u00e9el o\u00f9 l&#039;espace est limit\u00e9 au point o\u00f9 cela devient une bonne id\u00e9e. Les tourelles de sabotage peuvent \u00eatre \u00e0 peu pr\u00e8s ignor\u00e9es tout au long du niveau et ne sont pas si utiles avec l&#039;espace limit\u00e9.<\/p>\n\n\n\n<div class=\"wp-block-image\"><figure class=\"aligncenter size-large\"><a href=\"https:\/\/ibomberdefense.standardof.net\/fr\/guide\/campagne-alliee\/14-allemagne-le-combat-final-2\/ibomber-defense-level-14-germany-the-final-fight-6\/\"><img decoding=\"async\" width=\"800\" height=\"450\" src=\"https:\/\/ibomberdefense.standardof.net\/wp-content\/uploads\/sites\/5\/2020\/10\/iBomber-Defense-Level-14-Germany-The-Final-Fight-6-800x450.jpg\" alt=\"&quot;iBomber Defense&quot; - Niveau 14 - Allemagne: Le combat final (6)\" class=\"wp-image-76\" title=\"\" srcset=\"https:\/\/ibomberdefense.standardof.net\/wp-content\/uploads\/sites\/5\/2020\/10\/iBomber-Defense-Level-14-Germany-The-Final-Fight-6-800x450.jpg 800w, https:\/\/ibomberdefense.standardof.net\/wp-content\/uploads\/sites\/5\/2020\/10\/iBomber-Defense-Level-14-Germany-The-Final-Fight-6-512x288.jpg 512w, https:\/\/ibomberdefense.standardof.net\/wp-content\/uploads\/sites\/5\/2020\/10\/iBomber-Defense-Level-14-Germany-The-Final-Fight-6-200x113.jpg 200w, https:\/\/ibomberdefense.standardof.net\/wp-content\/uploads\/sites\/5\/2020\/10\/iBomber-Defense-Level-14-Germany-The-Final-Fight-6-768x432.jpg 768w, https:\/\/ibomberdefense.standardof.net\/wp-content\/uploads\/sites\/5\/2020\/10\/iBomber-Defense-Level-14-Germany-The-Final-Fight-6-16x9.jpg 16w, https:\/\/ibomberdefense.standardof.net\/wp-content\/uploads\/sites\/5\/2020\/10\/iBomber-Defense-Level-14-Germany-The-Final-Fight-6.jpg 1280w\" sizes=\"(max-width: 800px) 100vw, 800px\" \/><\/a><figcaption>Placement de la tourelle Wave 50.<\/figcaption><\/figure><\/div>\n\n\n\n<hr class=\"wp-block-separator\"\/>\n\n\n\n<h4 class=\"has-text-align-center wp-block-heading\">Guide vid\u00e9o<\/h4>\n\n\n\n<figure class=\"wp-block-embed-youtube wp-block-embed is-type-video is-provider-youtube wp-embed-aspect-4-3 wp-has-aspect-ratio\"><div class=\"wp-block-embed__wrapper\">\n<div class=\"ast-oembed-container\" style=\"height: 100%;\"><iframe title=\"iBomber Defense - Allemagne - Le combat final - V\u00e9t\u00e9ran + Parfait\" width=\"500\" height=\"281\" src=\"https:\/\/www.youtube.com\/embed\/QIdS_h-p84Q?feature=oembed\" frameborder=\"0\" allow=\"accelerometer; autoplay; clipboard-write; encrypted-media; gyroscope; picture-in-picture; web-share\" referrerpolicy=\"strict-origin-when-cross-origin\" allowfullscreen><\/iframe><\/div>\n<\/div><\/figure>","protected":false},"excerpt":{"rendered":"<p>The Germany level is the final mission for you to overcome in the Allied campaign, serving you the greatest challenge so far. Here you will be facing all three types of units at once, aircraft, naval vessels and ground units galore. This combined with the bombed out city making it difficult to place turrets, it [&hellip;]<\/p>","protected":false},"author":1,"featured_media":76,"parent":266,"menu_order":14,"comment_status":"open","ping_status":"closed","template":"","meta":{"_uag_custom_page_level_css":"","site-sidebar-layout":"default","site-content-layout":"default","ast-site-content-layout":"","site-content-style":"default","site-sidebar-style":"default","ast-global-header-display":"","ast-banner-title-visibility":"","ast-main-header-display":"","ast-hfb-above-header-display":"","ast-hfb-below-header-display":"","ast-hfb-mobile-header-display":"","site-post-title":"","ast-breadcrumbs-content":"","ast-featured-img":"","footer-sml-layout":"","theme-transparent-header-meta":"default","adv-header-id-meta":"","stick-header-meta":"","header-above-stick-meta":"","header-main-stick-meta":"","header-below-stick-meta":"","astra-migrate-meta-layouts":"default","ast-page-background-enabled":"default","ast-page-background-meta":{"desktop":{"background-color":"","background-image":"","background-repeat":"repeat","background-position":"center center","background-size":"auto","background-attachment":"scroll","background-type":"","background-media":"","overlay-type":"","overlay-color":"","overlay-gradient":""},"tablet":{"background-color":"","background-image":"","background-repeat":"repeat","background-position":"center center","background-size":"auto","background-attachment":"scroll","background-type":"","background-media":"","overlay-type":"","overlay-color":"","overlay-gradient":""},"mobile":{"background-color":"","background-image":"","background-repeat":"repeat","background-position":"center center","background-size":"auto","background-attachment":"scroll","background-type":"","background-media":"","overlay-type":"","overlay-color":"","overlay-gradient":""}},"ast-content-background-meta":{"desktop":{"background-color":"var(--ast-global-color-5)","background-image":"","background-repeat":"repeat","background-position":"center center","background-size":"auto","background-attachment":"scroll","background-type":"","background-media":"","overlay-type":"","overlay-color":"","overlay-gradient":""},"tablet":{"background-color":"var(--ast-global-color-5)","background-image":"","background-repeat":"repeat","background-position":"center center","background-size":"auto","background-attachment":"scroll","background-type":"","background-media":"","overlay-type":"","overlay-color":"","overlay-gradient":""},"mobile":{"background-color":"var(--ast-global-color-5)","background-image":"","background-repeat":"repeat","background-position":"center center","background-size":"auto","background-attachment":"scroll","background-type":"","background-media":"","overlay-type":"","overlay-color":"","overlay-gradient":""}},"footnotes":""},"uagb_featured_image_src":{"full":["https:\/\/ibomberdefense.standardof.net\/wp-content\/uploads\/sites\/5\/2020\/10\/iBomber-Defense-Level-14-Germany-The-Final-Fight-6.jpg",1280,720,false],"thumbnail":["https:\/\/ibomberdefense.standardof.net\/wp-content\/uploads\/sites\/5\/2020\/10\/iBomber-Defense-Level-14-Germany-The-Final-Fight-6-200x113.jpg",200,113,true],"medium":["https:\/\/ibomberdefense.standardof.net\/wp-content\/uploads\/sites\/5\/2020\/10\/iBomber-Defense-Level-14-Germany-The-Final-Fight-6-512x288.jpg",512,288,true],"medium_large":["https:\/\/ibomberdefense.standardof.net\/wp-content\/uploads\/sites\/5\/2020\/10\/iBomber-Defense-Level-14-Germany-The-Final-Fight-6-768x432.jpg",768,432,true],"large":["https:\/\/ibomberdefense.standardof.net\/wp-content\/uploads\/sites\/5\/2020\/10\/iBomber-Defense-Level-14-Germany-The-Final-Fight-6-800x450.jpg",800,450,true],"1536x1536":["https:\/\/ibomberdefense.standardof.net\/wp-content\/uploads\/sites\/5\/2020\/10\/iBomber-Defense-Level-14-Germany-The-Final-Fight-6.jpg",1280,720,false],"2048x2048":["https:\/\/ibomberdefense.standardof.net\/wp-content\/uploads\/sites\/5\/2020\/10\/iBomber-Defense-Level-14-Germany-The-Final-Fight-6.jpg",1280,720,false],"trp-custom-language-flag":["https:\/\/ibomberdefense.standardof.net\/wp-content\/uploads\/sites\/5\/2020\/10\/iBomber-Defense-Level-14-Germany-The-Final-Fight-6-16x9.jpg",16,9,true]},"uagb_author_info":{"display_name":"SOE","author_link":"https:\/\/ibomberdefense.standardof.net\/fr\/author\/k-tastic\/"},"uagb_comment_info":0,"uagb_excerpt":"The Germany level is the final mission for you to overcome in the Allied campaign, serving you the greatest challenge so far. Here you will be facing all three types of units at once, aircraft, naval vessels and ground units galore. This combined with the bombed out city making it difficult to place turrets, it&hellip;","_links":{"self":[{"href":"https:\/\/ibomberdefense.standardof.net\/fr\/wp-json\/wp\/v2\/pages\/304"}],"collection":[{"href":"https:\/\/ibomberdefense.standardof.net\/fr\/wp-json\/wp\/v2\/pages"}],"about":[{"href":"https:\/\/ibomberdefense.standardof.net\/fr\/wp-json\/wp\/v2\/types\/page"}],"author":[{"embeddable":true,"href":"https:\/\/ibomberdefense.standardof.net\/fr\/wp-json\/wp\/v2\/users\/1"}],"replies":[{"embeddable":true,"href":"https:\/\/ibomberdefense.standardof.net\/fr\/wp-json\/wp\/v2\/comments?post=304"}],"version-history":[{"count":0,"href":"https:\/\/ibomberdefense.standardof.net\/fr\/wp-json\/wp\/v2\/pages\/304\/revisions"}],"up":[{"embeddable":true,"href":"https:\/\/ibomberdefense.standardof.net\/fr\/wp-json\/wp\/v2\/pages\/266"}],"wp:featuredmedia":[{"embeddable":true,"href":"https:\/\/ibomberdefense.standardof.net\/fr\/wp-json\/wp\/v2\/media\/76"}],"wp:attachment":[{"href":"https:\/\/ibomberdefense.standardof.net\/fr\/wp-json\/wp\/v2\/media?parent=304"}],"curies":[{"name":"wp","href":"https:\/\/api.w.org\/{rel}","templated":true}]}}