{"id":321,"date":"2020-10-19T07:16:19","date_gmt":"2020-10-19T07:16:19","guid":{"rendered":"https:\/\/ibomberdefense.standardof.net\/?page_id=321"},"modified":"2020-10-19T08:05:03","modified_gmt":"2020-10-19T08:05:03","slug":"1-northern-europe-valhalla","status":"publish","type":"page","link":"https:\/\/ibomberdefense.standardof.net\/fr\/guide\/axe-campagne\/1-europe-du-nord-valhalla\/","title":{"rendered":"1. Europe du Nord: Valhalla"},"content":{"rendered":"<div class=\"wp-block-image\"><figure class=\"aligncenter size-large\"><a href=\"https:\/\/ibomberdefense.standardof.net\/fr\/guide\/axe-campagne\/1-europe-du-nord-valhalla\/ibomber-defense-axis-campaign-01-northern-europe-valhalla-1\/\"><img decoding=\"async\" width=\"800\" height=\"450\" src=\"https:\/\/ibomberdefense.standardof.net\/wp-content\/uploads\/sites\/5\/2020\/10\/iBomber-Defense-Axis-Campaign-01.-Northern-Europe-Valhalla-1-800x450.jpg\" alt=\"&quot;iBomber Defense&quot; - Campagne de l&#039;Axe - 01. Europe du Nord: Valhalla (1)\" class=\"wp-image-77\" title=\"\" srcset=\"https:\/\/ibomberdefense.standardof.net\/wp-content\/uploads\/sites\/5\/2020\/10\/iBomber-Defense-Axis-Campaign-01.-Northern-Europe-Valhalla-1-800x450.jpg 800w, https:\/\/ibomberdefense.standardof.net\/wp-content\/uploads\/sites\/5\/2020\/10\/iBomber-Defense-Axis-Campaign-01.-Northern-Europe-Valhalla-1-512x288.jpg 512w, https:\/\/ibomberdefense.standardof.net\/wp-content\/uploads\/sites\/5\/2020\/10\/iBomber-Defense-Axis-Campaign-01.-Northern-Europe-Valhalla-1-200x113.jpg 200w, https:\/\/ibomberdefense.standardof.net\/wp-content\/uploads\/sites\/5\/2020\/10\/iBomber-Defense-Axis-Campaign-01.-Northern-Europe-Valhalla-1-768x432.jpg 768w, https:\/\/ibomberdefense.standardof.net\/wp-content\/uploads\/sites\/5\/2020\/10\/iBomber-Defense-Axis-Campaign-01.-Northern-Europe-Valhalla-1-16x9.jpg 16w, https:\/\/ibomberdefense.standardof.net\/wp-content\/uploads\/sites\/5\/2020\/10\/iBomber-Defense-Axis-Campaign-01.-Northern-Europe-Valhalla-1.jpg 1280w\" sizes=\"(max-width: 800px) 100vw, 800px\" \/><\/a><figcaption>Carte des routes emprunt\u00e9es par l&#039;ennemi au niveau de l&#039;Axe Europe du Nord - Valhalla<\/figcaption><\/figure><\/div>\n\n\n\n<p>Le premier niveau de la campagne de l&#039;Axe nous ram\u00e8ne \u00e0 l&#039;un des territoires pr\u00e9c\u00e9demment conquis en commen\u00e7ant la s\u00e9rie de nouveaux rebondissements sur d&#039;anciennes zones qui sont pr\u00e9sentes dans cette partie du jeu. Tous les niveaux ne sont pas des r\u00e9p\u00e9titions et certains ont chang\u00e9 consid\u00e9rablement au-del\u00e0 des vagues qui attaquent ou des tourelles \u00e0 votre disposition.<\/p>\n\n\n\n<p>Cette fois-ci en Europe du Nord, Valhalla, vous \u00eates confront\u00e9 \u00e0 une menace nettement plus l\u00e9g\u00e8re de 20 vagues d&#039;engins navals plus l\u00e9gers sans aucun soutien a\u00e9rien. \u00c0 ce stade, vous \u00eates \u00e9galement limit\u00e9 aux mitrailleuses et canons de niveau 2. L&#039;ennemi parcourt un seul chemin de l&#039;ouest \u00e0 travers la bande d&#039;eau qui court entre la grande \u00eele et la p\u00e9ninsule droite.<\/p>\n\n\n\n<h3 class=\"wp-block-heading\"><strong>Placement de la tourelle<\/strong><\/h3>\n\n\n\n<p>Placer vos tourelles ici est assez simple compte tenu de la faible difficult\u00e9 et du nombre limit\u00e9 de vagues dans ce niveau. Les vagues 1 \u00e0 10 doivent \u00eatre ax\u00e9es sur la construction de tourelles de mitrailleuses de niveau 2 de niveau 5 le long du c\u00f4t\u00e9 sud-est de l&#039;\u00eele centrale \u00e0 des endroits o\u00f9 elles peuvent obtenir la meilleure couverture sur le chemin de l&#039;ennemi.<\/p>\n\n\n\n<p>Les vagues 10 \u00e0 20 peuvent \u00eatre concentr\u00e9es sur l&#039;ajout de 3 canons r\u00e9partis le long de la m\u00eame ligne contre laquelle les tourelles MG sont align\u00e9es pour fournir une puissance de feu suppl\u00e9mentaire contre les navires blind\u00e9s plus r\u00e9sistants. Vous devriez en avoir suffisamment pour en am\u00e9liorer au moins un au niveau deux, mais placez les trois avant de le faire car leur faible cadence de tir est compens\u00e9e par plusieurs armes \u00e0 feu.<\/p>\n\n\n\n<figure class=\"wp-block-gallery columns-2 is-cropped wp-block-gallery-1 is-layout-flex wp-block-gallery-is-layout-flex\"><ul class=\"blocks-gallery-grid\"><li class=\"blocks-gallery-item\"><figure><a href=\"https:\/\/ibomberdefense.standardof.net\/fr\/guide\/axe-campagne\/1-europe-du-nord-valhalla\/ibomber-defense-axis-campaign-01-northern-europe-valhalla-2\/\"><img decoding=\"async\" width=\"800\" height=\"450\" src=\"https:\/\/ibomberdefense.standardof.net\/wp-content\/uploads\/sites\/5\/2020\/10\/iBomber-Defense-Axis-Campaign-01.-Northern-Europe-Valhalla-2-800x450.jpg\" alt=\"&quot;iBomber Defense&quot; - Campagne de l&#039;Axe - 01. Europe du Nord: Valhalla (2)\" data-id=\"78\" data-full-url=\"https:\/\/ibomberdefense.standardof.net\/wp-content\/uploads\/sites\/5\/2020\/10\/iBomber-Defense-Axis-Campaign-01.-Northern-Europe-Valhalla-2.jpg\" data-link=\"https:\/\/ibomberdefense.standardof.net\/guide\/axis-campaign\/1-northern-europe-valhalla\/ibomber-defense-axis-campaign-01-northern-europe-valhalla-2\/\" class=\"wp-image-78\" title=\"\" srcset=\"https:\/\/ibomberdefense.standardof.net\/wp-content\/uploads\/sites\/5\/2020\/10\/iBomber-Defense-Axis-Campaign-01.-Northern-Europe-Valhalla-2-800x450.jpg 800w, https:\/\/ibomberdefense.standardof.net\/wp-content\/uploads\/sites\/5\/2020\/10\/iBomber-Defense-Axis-Campaign-01.-Northern-Europe-Valhalla-2-512x288.jpg 512w, https:\/\/ibomberdefense.standardof.net\/wp-content\/uploads\/sites\/5\/2020\/10\/iBomber-Defense-Axis-Campaign-01.-Northern-Europe-Valhalla-2-200x113.jpg 200w, https:\/\/ibomberdefense.standardof.net\/wp-content\/uploads\/sites\/5\/2020\/10\/iBomber-Defense-Axis-Campaign-01.-Northern-Europe-Valhalla-2-768x432.jpg 768w, https:\/\/ibomberdefense.standardof.net\/wp-content\/uploads\/sites\/5\/2020\/10\/iBomber-Defense-Axis-Campaign-01.-Northern-Europe-Valhalla-2-16x9.jpg 16w, https:\/\/ibomberdefense.standardof.net\/wp-content\/uploads\/sites\/5\/2020\/10\/iBomber-Defense-Axis-Campaign-01.-Northern-Europe-Valhalla-2.jpg 1280w\" sizes=\"(max-width: 800px) 100vw, 800px\" \/><\/a><figcaption class=\"blocks-gallery-item__caption\">Placement de la tourelle Wave 10.<\/figcaption><\/figure><\/li><li class=\"blocks-gallery-item\"><figure><a href=\"https:\/\/ibomberdefense.standardof.net\/fr\/guide\/axe-campagne\/1-europe-du-nord-valhalla\/ibomber-defense-axis-campaign-01-northern-europe-valhalla-3\/\"><img decoding=\"async\" width=\"800\" height=\"450\" src=\"https:\/\/ibomberdefense.standardof.net\/wp-content\/uploads\/sites\/5\/2020\/10\/iBomber-Defense-Axis-Campaign-01.-Northern-Europe-Valhalla-3-800x450.jpg\" alt=\"&quot;iBomber Defense&quot; - Campagne de l&#039;Axe - 01. Europe du Nord: Valhalla (3)\" data-id=\"79\" data-full-url=\"https:\/\/ibomberdefense.standardof.net\/wp-content\/uploads\/sites\/5\/2020\/10\/iBomber-Defense-Axis-Campaign-01.-Northern-Europe-Valhalla-3.jpg\" data-link=\"https:\/\/ibomberdefense.standardof.net\/guide\/axis-campaign\/1-northern-europe-valhalla\/ibomber-defense-axis-campaign-01-northern-europe-valhalla-3\/\" class=\"wp-image-79\" title=\"\" srcset=\"https:\/\/ibomberdefense.standardof.net\/wp-content\/uploads\/sites\/5\/2020\/10\/iBomber-Defense-Axis-Campaign-01.-Northern-Europe-Valhalla-3-800x450.jpg 800w, https:\/\/ibomberdefense.standardof.net\/wp-content\/uploads\/sites\/5\/2020\/10\/iBomber-Defense-Axis-Campaign-01.-Northern-Europe-Valhalla-3-512x288.jpg 512w, https:\/\/ibomberdefense.standardof.net\/wp-content\/uploads\/sites\/5\/2020\/10\/iBomber-Defense-Axis-Campaign-01.-Northern-Europe-Valhalla-3-200x113.jpg 200w, https:\/\/ibomberdefense.standardof.net\/wp-content\/uploads\/sites\/5\/2020\/10\/iBomber-Defense-Axis-Campaign-01.-Northern-Europe-Valhalla-3-768x432.jpg 768w, https:\/\/ibomberdefense.standardof.net\/wp-content\/uploads\/sites\/5\/2020\/10\/iBomber-Defense-Axis-Campaign-01.-Northern-Europe-Valhalla-3-16x9.jpg 16w, https:\/\/ibomberdefense.standardof.net\/wp-content\/uploads\/sites\/5\/2020\/10\/iBomber-Defense-Axis-Campaign-01.-Northern-Europe-Valhalla-3.jpg 1280w\" sizes=\"(max-width: 800px) 100vw, 800px\" \/><\/a><figcaption class=\"blocks-gallery-item__caption\">Placement de la tourelle Wave 20.<\/figcaption><\/figure><\/li><\/ul><\/figure>\n\n\n\n<h3 class=\"wp-block-heading\"><strong>D\u00e9penses en points de victoire<\/strong><\/h3>\n\n\n\n<p>Si nous recommen\u00e7ons avec seulement des canons et des mitrailleuses de niveau 2, il est temps de commencer \u00e0 d\u00e9bloquer \u00e0 nouveau toutes les mises \u00e0 niveau disponibles dans la campagne de l&#039;Axe. Puisque les fonds sont limit\u00e9s sans int\u00e9r\u00eat, mettez un point dans la capacit\u00e9 d&#039;achat pour de l&#039;argent de d\u00e9part suppl\u00e9mentaire et un autre point dans des mitrailleuses pour d\u00e9bloquer le niveau 3.<\/p>\n\n\n\n<p>Les rangs actuels des objets d\u00e9verrouill\u00e9s sont:<br>Mitrailleuse 3, Canon 2, Anti Air 1, Achetez 1<\/p>\n\n\n\n<hr class=\"wp-block-separator\"\/>\n\n\n\n<h4 class=\"has-text-align-center wp-block-heading\">Guide vid\u00e9o<\/h4>\n\n\n\n<figure class=\"wp-block-embed-youtube wp-block-embed is-type-video is-provider-youtube wp-embed-aspect-16-9 wp-has-aspect-ratio\"><div class=\"wp-block-embed__wrapper\">\n<div class=\"ast-oembed-container\" style=\"height: 100%;\"><iframe title=\"iBomber Defence - Europe du Nord - Valhalla - V\u00e9t\u00e9ran + Parfait\" width=\"500\" height=\"281\" src=\"https:\/\/www.youtube.com\/embed\/nha1AToCtFI?feature=oembed\" frameborder=\"0\" allow=\"accelerometer; autoplay; clipboard-write; encrypted-media; gyroscope; picture-in-picture; web-share\" referrerpolicy=\"strict-origin-when-cross-origin\" allowfullscreen><\/iframe><\/div>\n<\/div><\/figure>","protected":false},"excerpt":{"rendered":"<p>The first level in the Axis campaign takes us back to one of the previously conquered territories beginning the series of new twists on old areas that are present in this portion of the game. Not all levels are repeats and some that are have changed significantly beyond just the waves that attack or the [&hellip;]<\/p>","protected":false},"author":1,"featured_media":79,"parent":268,"menu_order":1,"comment_status":"open","ping_status":"closed","template":"","meta":{"_uag_custom_page_level_css":"","site-sidebar-layout":"default","site-content-layout":"default","ast-site-content-layout":"","site-content-style":"default","site-sidebar-style":"default","ast-global-header-display":"","ast-banner-title-visibility":"","ast-main-header-display":"","ast-hfb-above-header-display":"","ast-hfb-below-header-display":"","ast-hfb-mobile-header-display":"","site-post-title":"","ast-breadcrumbs-content":"","ast-featured-img":"","footer-sml-layout":"","theme-transparent-header-meta":"default","adv-header-id-meta":"","stick-header-meta":"","header-above-stick-meta":"","header-main-stick-meta":"","header-below-stick-meta":"","astra-migrate-meta-layouts":"default","ast-page-background-enabled":"default","ast-page-background-meta":{"desktop":{"background-color":"","background-image":"","background-repeat":"repeat","background-position":"center center","background-size":"auto","background-attachment":"scroll","background-type":"","background-media":"","overlay-type":"","overlay-color":"","overlay-gradient":""},"tablet":{"background-color":"","background-image":"","background-repeat":"repeat","background-position":"center center","background-size":"auto","background-attachment":"scroll","background-type":"","background-media":"","overlay-type":"","overlay-color":"","overlay-gradient":""},"mobile":{"background-color":"","background-image":"","background-repeat":"repeat","background-position":"center center","background-size":"auto","background-attachment":"scroll","background-type":"","background-media":"","overlay-type":"","overlay-color":"","overlay-gradient":""}},"ast-content-background-meta":{"desktop":{"background-color":"var(--ast-global-color-5)","background-image":"","background-repeat":"repeat","background-position":"center center","background-size":"auto","background-attachment":"scroll","background-type":"","background-media":"","overlay-type":"","overlay-color":"","overlay-gradient":""},"tablet":{"background-color":"var(--ast-global-color-5)","background-image":"","background-repeat":"repeat","background-position":"center center","background-size":"auto","background-attachment":"scroll","background-type":"","background-media":"","overlay-type":"","overlay-color":"","overlay-gradient":""},"mobile":{"background-color":"var(--ast-global-color-5)","background-image":"","background-repeat":"repeat","background-position":"center center","background-size":"auto","background-attachment":"scroll","background-type":"","background-media":"","overlay-type":"","overlay-color":"","overlay-gradient":""}},"footnotes":""},"uagb_featured_image_src":{"full":["https:\/\/ibomberdefense.standardof.net\/wp-content\/uploads\/sites\/5\/2020\/10\/iBomber-Defense-Axis-Campaign-01.-Northern-Europe-Valhalla-3.jpg",1280,720,false],"thumbnail":["https:\/\/ibomberdefense.standardof.net\/wp-content\/uploads\/sites\/5\/2020\/10\/iBomber-Defense-Axis-Campaign-01.-Northern-Europe-Valhalla-3-200x113.jpg",200,113,true],"medium":["https:\/\/ibomberdefense.standardof.net\/wp-content\/uploads\/sites\/5\/2020\/10\/iBomber-Defense-Axis-Campaign-01.-Northern-Europe-Valhalla-3-512x288.jpg",512,288,true],"medium_large":["https:\/\/ibomberdefense.standardof.net\/wp-content\/uploads\/sites\/5\/2020\/10\/iBomber-Defense-Axis-Campaign-01.-Northern-Europe-Valhalla-3-768x432.jpg",768,432,true],"large":["https:\/\/ibomberdefense.standardof.net\/wp-content\/uploads\/sites\/5\/2020\/10\/iBomber-Defense-Axis-Campaign-01.-Northern-Europe-Valhalla-3-800x450.jpg",800,450,true],"1536x1536":["https:\/\/ibomberdefense.standardof.net\/wp-content\/uploads\/sites\/5\/2020\/10\/iBomber-Defense-Axis-Campaign-01.-Northern-Europe-Valhalla-3.jpg",1280,720,false],"2048x2048":["https:\/\/ibomberdefense.standardof.net\/wp-content\/uploads\/sites\/5\/2020\/10\/iBomber-Defense-Axis-Campaign-01.-Northern-Europe-Valhalla-3.jpg",1280,720,false],"trp-custom-language-flag":["https:\/\/ibomberdefense.standardof.net\/wp-content\/uploads\/sites\/5\/2020\/10\/iBomber-Defense-Axis-Campaign-01.-Northern-Europe-Valhalla-3-16x9.jpg",16,9,true]},"uagb_author_info":{"display_name":"SOE","author_link":"https:\/\/ibomberdefense.standardof.net\/fr\/author\/k-tastic\/"},"uagb_comment_info":0,"uagb_excerpt":"The first level in the Axis campaign takes us back to one of the previously conquered territories beginning the series of new twists on old areas that are present in this portion of the game. Not all levels are repeats and some that are have changed significantly beyond just the waves that attack or the&hellip;","_links":{"self":[{"href":"https:\/\/ibomberdefense.standardof.net\/fr\/wp-json\/wp\/v2\/pages\/321"}],"collection":[{"href":"https:\/\/ibomberdefense.standardof.net\/fr\/wp-json\/wp\/v2\/pages"}],"about":[{"href":"https:\/\/ibomberdefense.standardof.net\/fr\/wp-json\/wp\/v2\/types\/page"}],"author":[{"embeddable":true,"href":"https:\/\/ibomberdefense.standardof.net\/fr\/wp-json\/wp\/v2\/users\/1"}],"replies":[{"embeddable":true,"href":"https:\/\/ibomberdefense.standardof.net\/fr\/wp-json\/wp\/v2\/comments?post=321"}],"version-history":[{"count":0,"href":"https:\/\/ibomberdefense.standardof.net\/fr\/wp-json\/wp\/v2\/pages\/321\/revisions"}],"up":[{"embeddable":true,"href":"https:\/\/ibomberdefense.standardof.net\/fr\/wp-json\/wp\/v2\/pages\/268"}],"wp:featuredmedia":[{"embeddable":true,"href":"https:\/\/ibomberdefense.standardof.net\/fr\/wp-json\/wp\/v2\/media\/79"}],"wp:attachment":[{"href":"https:\/\/ibomberdefense.standardof.net\/fr\/wp-json\/wp\/v2\/media?parent=321"}],"curies":[{"name":"wp","href":"https:\/\/api.w.org\/{rel}","templated":true}]}}