{"id":322,"date":"2020-10-19T07:16:37","date_gmt":"2020-10-19T07:16:37","guid":{"rendered":"https:\/\/ibomberdefense.standardof.net\/?page_id=322"},"modified":"2020-10-19T08:05:07","modified_gmt":"2020-10-19T08:05:07","slug":"2-north-east-europe-lightning-bolt","status":"publish","type":"page","link":"https:\/\/ibomberdefense.standardof.net\/fr\/guide\/axe-campagne\/2-eclair-europe-nord-est\/","title":{"rendered":"2. Europe du Nord-Est: Lightning Bolt"},"content":{"rendered":"<div class=\"wp-block-image\"><figure class=\"aligncenter size-large\"><a href=\"https:\/\/ibomberdefense.standardof.net\/fr\/guide\/axe-campagne\/2-eclair-europe-nord-est\/ibomber-defense-axis-campaign-02-north-east-europe-lightning-bolt-1\/\"><img decoding=\"async\" width=\"800\" height=\"450\" src=\"https:\/\/ibomberdefense.standardof.net\/wp-content\/uploads\/sites\/5\/2020\/10\/iBomber-Defense-Axis-Campaign-02.-North-East-Europe-Lightning-Bolt-1-800x450.jpg\" alt=\"&quot;iBomber Defense&quot; - Campagne de l&#039;Axe - 02. Europe du Nord-Est: Lightning Bolt (1)\" class=\"wp-image-80\" title=\"\" srcset=\"https:\/\/ibomberdefense.standardof.net\/wp-content\/uploads\/sites\/5\/2020\/10\/iBomber-Defense-Axis-Campaign-02.-North-East-Europe-Lightning-Bolt-1-800x450.jpg 800w, https:\/\/ibomberdefense.standardof.net\/wp-content\/uploads\/sites\/5\/2020\/10\/iBomber-Defense-Axis-Campaign-02.-North-East-Europe-Lightning-Bolt-1-512x288.jpg 512w, https:\/\/ibomberdefense.standardof.net\/wp-content\/uploads\/sites\/5\/2020\/10\/iBomber-Defense-Axis-Campaign-02.-North-East-Europe-Lightning-Bolt-1-200x113.jpg 200w, https:\/\/ibomberdefense.standardof.net\/wp-content\/uploads\/sites\/5\/2020\/10\/iBomber-Defense-Axis-Campaign-02.-North-East-Europe-Lightning-Bolt-1-768x432.jpg 768w, https:\/\/ibomberdefense.standardof.net\/wp-content\/uploads\/sites\/5\/2020\/10\/iBomber-Defense-Axis-Campaign-02.-North-East-Europe-Lightning-Bolt-1-16x9.jpg 16w, https:\/\/ibomberdefense.standardof.net\/wp-content\/uploads\/sites\/5\/2020\/10\/iBomber-Defense-Axis-Campaign-02.-North-East-Europe-Lightning-Bolt-1.jpg 1280w\" sizes=\"(max-width: 800px) 100vw, 800px\" \/><\/a><figcaption>Carte des itin\u00e9raires emprunt\u00e9s au niveau de l&#039;Axe de \u00abiBomber Defence\u00bb, Europe du Nord-Est - Lightning Bolt.<\/figcaption><\/figure><\/div>\n\n\n\n<p>Dans le deuxi\u00e8me niveau de la campagne de l&#039;Axe, il est temps d&#039;affronter des unit\u00e9s terrestres maintenant en Europe du Nord-Est, \u00abLightning Bolt\u00bb. Dans ce niveau, vous serez charg\u00e9 de faire face \u00e0 30 vagues d&#039;infanterie, de v\u00e9hicules et de chars qui s&#039;approchent des chemins nord-est et nord-ouest, convergeant pr\u00e8s du centre sup\u00e9rieur de la carte avant de se courber vers la base, formant une forme en J.<\/p>\n\n\n\n<p>Le placement des tourelles \u00e0 ce niveau du jeu se concentrera sur la construction d&#039;armements sur le plateau dans la partie centrale sud de la carte, juste \u00e0 c\u00f4t\u00e9 de la base. Les armes plac\u00e9es ici auront non seulement la meilleure efficacit\u00e9 contre les unit\u00e9s s&#039;approchant de l&#039;une ou l&#039;autre entr\u00e9e, mais se r\u00e9v\u00e9leront \u00e9galement dans une position utile lorsque viendra le temps de revenir \u00e0 ce niveau dans la mission bonus de contre-attaque \u00e0 venir.<\/p>\n\n\n\n<h3 class=\"wp-block-heading\"><strong>Placement de la tourelle<\/strong><\/h3>\n\n\n\n<figure class=\"wp-block-gallery columns-2 is-cropped wp-block-gallery-1 is-layout-flex wp-block-gallery-is-layout-flex\"><ul class=\"blocks-gallery-grid\"><li class=\"blocks-gallery-item\"><figure><a href=\"https:\/\/ibomberdefense.standardof.net\/fr\/guide\/axe-campagne\/2-eclair-europe-nord-est\/ibomber-defense-axis-campaign-02-north-east-europe-lightning-bolt-2\/\"><img decoding=\"async\" width=\"800\" height=\"450\" src=\"https:\/\/ibomberdefense.standardof.net\/wp-content\/uploads\/sites\/5\/2020\/10\/iBomber-Defense-Axis-Campaign-02.-North-East-Europe-Lightning-Bolt-2-800x450.jpg\" alt=\"&quot;iBomber Defense&quot; - Campagne de l&#039;Axe - 02. Europe du Nord-Est: Lightning Bolt (2)\" data-id=\"81\" data-full-url=\"https:\/\/ibomberdefense.standardof.net\/wp-content\/uploads\/sites\/5\/2020\/10\/iBomber-Defense-Axis-Campaign-02.-North-East-Europe-Lightning-Bolt-2.jpg\" data-link=\"https:\/\/ibomberdefense.standardof.net\/guide\/axis-campaign\/2-north-east-europe-lightning-bolt\/ibomber-defense-axis-campaign-02-north-east-europe-lightning-bolt-2\/\" class=\"wp-image-81\" title=\"\" srcset=\"https:\/\/ibomberdefense.standardof.net\/wp-content\/uploads\/sites\/5\/2020\/10\/iBomber-Defense-Axis-Campaign-02.-North-East-Europe-Lightning-Bolt-2-800x450.jpg 800w, https:\/\/ibomberdefense.standardof.net\/wp-content\/uploads\/sites\/5\/2020\/10\/iBomber-Defense-Axis-Campaign-02.-North-East-Europe-Lightning-Bolt-2-512x288.jpg 512w, https:\/\/ibomberdefense.standardof.net\/wp-content\/uploads\/sites\/5\/2020\/10\/iBomber-Defense-Axis-Campaign-02.-North-East-Europe-Lightning-Bolt-2-200x113.jpg 200w, https:\/\/ibomberdefense.standardof.net\/wp-content\/uploads\/sites\/5\/2020\/10\/iBomber-Defense-Axis-Campaign-02.-North-East-Europe-Lightning-Bolt-2-768x432.jpg 768w, https:\/\/ibomberdefense.standardof.net\/wp-content\/uploads\/sites\/5\/2020\/10\/iBomber-Defense-Axis-Campaign-02.-North-East-Europe-Lightning-Bolt-2-16x9.jpg 16w, https:\/\/ibomberdefense.standardof.net\/wp-content\/uploads\/sites\/5\/2020\/10\/iBomber-Defense-Axis-Campaign-02.-North-East-Europe-Lightning-Bolt-2.jpg 1280w\" sizes=\"(max-width: 800px) 100vw, 800px\" \/><\/a><figcaption class=\"blocks-gallery-item__caption\">Placement de la tourelle \u00e0 la fin de la vague 10.<\/figcaption><\/figure><\/li><li class=\"blocks-gallery-item\"><figure><a href=\"https:\/\/ibomberdefense.standardof.net\/fr\/guide\/axe-campagne\/2-eclair-europe-nord-est\/ibomber-defense-axis-campaign-02-north-east-europe-lightning-bolt-3\/\"><img decoding=\"async\" width=\"800\" height=\"450\" src=\"https:\/\/ibomberdefense.standardof.net\/wp-content\/uploads\/sites\/5\/2020\/10\/iBomber-Defense-Axis-Campaign-02.-North-East-Europe-Lightning-Bolt-3-800x450.jpg\" alt=\"&quot;iBomber Defense&quot; - Campagne de l&#039;Axe - 02. Europe du Nord-Est: Lightning Bolt (3)\" data-id=\"82\" data-full-url=\"https:\/\/ibomberdefense.standardof.net\/wp-content\/uploads\/sites\/5\/2020\/10\/iBomber-Defense-Axis-Campaign-02.-North-East-Europe-Lightning-Bolt-3.jpg\" data-link=\"https:\/\/ibomberdefense.standardof.net\/guide\/axis-campaign\/2-north-east-europe-lightning-bolt\/ibomber-defense-axis-campaign-02-north-east-europe-lightning-bolt-3\/\" class=\"wp-image-82\" title=\"\" srcset=\"https:\/\/ibomberdefense.standardof.net\/wp-content\/uploads\/sites\/5\/2020\/10\/iBomber-Defense-Axis-Campaign-02.-North-East-Europe-Lightning-Bolt-3-800x450.jpg 800w, https:\/\/ibomberdefense.standardof.net\/wp-content\/uploads\/sites\/5\/2020\/10\/iBomber-Defense-Axis-Campaign-02.-North-East-Europe-Lightning-Bolt-3-512x288.jpg 512w, https:\/\/ibomberdefense.standardof.net\/wp-content\/uploads\/sites\/5\/2020\/10\/iBomber-Defense-Axis-Campaign-02.-North-East-Europe-Lightning-Bolt-3-200x113.jpg 200w, https:\/\/ibomberdefense.standardof.net\/wp-content\/uploads\/sites\/5\/2020\/10\/iBomber-Defense-Axis-Campaign-02.-North-East-Europe-Lightning-Bolt-3-768x432.jpg 768w, https:\/\/ibomberdefense.standardof.net\/wp-content\/uploads\/sites\/5\/2020\/10\/iBomber-Defense-Axis-Campaign-02.-North-East-Europe-Lightning-Bolt-3-16x9.jpg 16w, https:\/\/ibomberdefense.standardof.net\/wp-content\/uploads\/sites\/5\/2020\/10\/iBomber-Defense-Axis-Campaign-02.-North-East-Europe-Lightning-Bolt-3.jpg 1280w\" sizes=\"(max-width: 800px) 100vw, 800px\" \/><\/a><figcaption class=\"blocks-gallery-item__caption\">Placement de la tourelle \u00e0 la fin de la vague 20.<\/figcaption><\/figure><\/li><\/ul><\/figure>\n\n\n\n<p>\u00c0 partir de ce niveau et jusqu&#039;\u00e0 la dixi\u00e8me vague d&#039;ennemis, le placement de votre tourelle devrait se concentrer sur l&#039;obtention de 3 tourelles de mitrailleuse de niveau trois plac\u00e9es le long du bord du plateau mentionn\u00e9 ci-dessus. Finalement, construisez un quatri\u00e8me dans la zone ouverte entre la falaise et la route elle-m\u00eame (voir la deuxi\u00e8me image \u00e0 droite) pour traiter les unit\u00e9s plus l\u00e9g\u00e8res initiales.<\/p>\n\n\n\n<p>En vous dirigeant vers la vague 20, assurez-vous que les quatre mitrailleuses que vous avez plac\u00e9es sont au niveau 3 et commencez \u00e0 construire un trio de tourelles Cannon dans les espaces ouverts restants de ce plateau. Essayez de mettre \u00e0 niveau l&#039;un de ces canons \u00e0 son deuxi\u00e8me niveau.<\/p>\n\n\n\n<p>De la vague 20 \u00e0 la vague finale, amenez tous vos canons \u00e0 leur deuxi\u00e8me niveau et trouvez un autre endroit pour placer une mitrailleuse de niveau 2 et un canon de niveau 1 qui devraient \u00eatre les derniers objets que vous construisez. Bien que la photo finale les montre plac\u00e9s \u00e0 la rencontre des deux chemins d&#039;entr\u00e9e, les placer vers le sud entre le plateau droit et la route principale les rendra plus efficaces dans la contre-attaque, mais pas n\u00e9cessaire.<\/p>\n\n\n\n<div class=\"wp-block-image\"><figure class=\"aligncenter size-large\"><a href=\"https:\/\/ibomberdefense.standardof.net\/fr\/guide\/axe-campagne\/2-eclair-europe-nord-est\/ibomber-defense-axis-campaign-02-north-east-europe-lightning-bolt-4\/\"><img decoding=\"async\" width=\"800\" height=\"450\" src=\"https:\/\/ibomberdefense.standardof.net\/wp-content\/uploads\/sites\/5\/2020\/10\/iBomber-Defense-Axis-Campaign-02.-North-East-Europe-Lightning-Bolt-4-800x450.jpg\" alt=\"&quot;iBomber Defense&quot; - Campagne de l&#039;Axe - 02. Europe du Nord-Est: Lightning Bolt (4)\" class=\"wp-image-83\" title=\"\" srcset=\"https:\/\/ibomberdefense.standardof.net\/wp-content\/uploads\/sites\/5\/2020\/10\/iBomber-Defense-Axis-Campaign-02.-North-East-Europe-Lightning-Bolt-4-800x450.jpg 800w, https:\/\/ibomberdefense.standardof.net\/wp-content\/uploads\/sites\/5\/2020\/10\/iBomber-Defense-Axis-Campaign-02.-North-East-Europe-Lightning-Bolt-4-512x288.jpg 512w, https:\/\/ibomberdefense.standardof.net\/wp-content\/uploads\/sites\/5\/2020\/10\/iBomber-Defense-Axis-Campaign-02.-North-East-Europe-Lightning-Bolt-4-200x113.jpg 200w, https:\/\/ibomberdefense.standardof.net\/wp-content\/uploads\/sites\/5\/2020\/10\/iBomber-Defense-Axis-Campaign-02.-North-East-Europe-Lightning-Bolt-4-768x432.jpg 768w, https:\/\/ibomberdefense.standardof.net\/wp-content\/uploads\/sites\/5\/2020\/10\/iBomber-Defense-Axis-Campaign-02.-North-East-Europe-Lightning-Bolt-4-16x9.jpg 16w, https:\/\/ibomberdefense.standardof.net\/wp-content\/uploads\/sites\/5\/2020\/10\/iBomber-Defense-Axis-Campaign-02.-North-East-Europe-Lightning-Bolt-4.jpg 1280w\" sizes=\"(max-width: 800px) 100vw, 800px\" \/><\/a><figcaption>Placement de la tourelle \u00e0 la fin de la vague 30.<\/figcaption><\/figure><\/div>\n\n\n\n<h3 class=\"wp-block-heading\"><strong>D\u00e9penses en points de victoire<\/strong><\/h3>\n\n\n\n<p>Comme nous sommes encore \u00e0 quelques niveaux d&#039;affronter n&#039;importe quel avion ou d&#039;accumuler la grande quantit\u00e9 de fonds n\u00e9cessaires pour une utilisation efficace de X-Weapon, le meilleur endroit pour d\u00e9penser des points de victoire pour le moment est de d\u00e9bloquer des canons de troisi\u00e8me niveau et le premier niveau de l&#039;arme Firestorm qui est incroyablement pratique dans cette campagne.<\/p>\n\n\n\n<p>Niveaux des \u00e9l\u00e9ments actuellement d\u00e9verrouill\u00e9s:<br>MG 3, Canon 3, AA 1, Firestorm 1, Achetez 1<\/p>\n\n\n\n<hr class=\"wp-block-separator\"\/>\n\n\n\n<h4 class=\"has-text-align-center wp-block-heading\">Guide vid\u00e9o<\/h4>\n\n\n\n<figure class=\"wp-block-embed-youtube wp-block-embed is-type-video is-provider-youtube wp-embed-aspect-16-9 wp-has-aspect-ratio\"><div class=\"wp-block-embed__wrapper\">\n<div class=\"ast-oembed-container\" style=\"height: 100%;\"><iframe title=\"iBomber Defense - Europe du Nord-Est - Lightning Bolt - Veteran + Perfect\" width=\"500\" height=\"281\" src=\"https:\/\/www.youtube.com\/embed\/bVfjuBohAys?feature=oembed\" frameborder=\"0\" allow=\"accelerometer; autoplay; clipboard-write; encrypted-media; gyroscope; picture-in-picture; web-share\" referrerpolicy=\"strict-origin-when-cross-origin\" allowfullscreen><\/iframe><\/div>\n<\/div><\/figure>","protected":false},"excerpt":{"rendered":"<p>In the second level of the Axis campaign it is time to face ground units now in North East Europe, &#8220;Lightning Bolt&#8221;. In this level you will be tasked with facing 30 waves of infantry, vehicles and tanks that approach from the northeast and northwest paths, converging near the top center of the map before [&hellip;]<\/p>","protected":false},"author":1,"featured_media":83,"parent":268,"menu_order":2,"comment_status":"open","ping_status":"closed","template":"","meta":{"_uag_custom_page_level_css":"","site-sidebar-layout":"default","site-content-layout":"default","ast-site-content-layout":"","site-content-style":"default","site-sidebar-style":"default","ast-global-header-display":"","ast-banner-title-visibility":"","ast-main-header-display":"","ast-hfb-above-header-display":"","ast-hfb-below-header-display":"","ast-hfb-mobile-header-display":"","site-post-title":"","ast-breadcrumbs-content":"","ast-featured-img":"","footer-sml-layout":"","theme-transparent-header-meta":"default","adv-header-id-meta":"","stick-header-meta":"","header-above-stick-meta":"","header-main-stick-meta":"","header-below-stick-meta":"","astra-migrate-meta-layouts":"default","ast-page-background-enabled":"default","ast-page-background-meta":{"desktop":{"background-color":"","background-image":"","background-repeat":"repeat","background-position":"center center","background-size":"auto","background-attachment":"scroll","background-type":"","background-media":"","overlay-type":"","overlay-color":"","overlay-gradient":""},"tablet":{"background-color":"","background-image":"","background-repeat":"repeat","background-position":"center center","background-size":"auto","background-attachment":"scroll","background-type":"","background-media":"","overlay-type":"","overlay-color":"","overlay-gradient":""},"mobile":{"background-color":"","background-image":"","background-repeat":"repeat","background-position":"center center","background-size":"auto","background-attachment":"scroll","background-type":"","background-media":"","overlay-type":"","overlay-color":"","overlay-gradient":""}},"ast-content-background-meta":{"desktop":{"background-color":"var(--ast-global-color-5)","background-image":"","background-repeat":"repeat","background-position":"center center","background-size":"auto","background-attachment":"scroll","background-type":"","background-media":"","overlay-type":"","overlay-color":"","overlay-gradient":""},"tablet":{"background-color":"var(--ast-global-color-5)","background-image":"","background-repeat":"repeat","background-position":"center center","background-size":"auto","background-attachment":"scroll","background-type":"","background-media":"","overlay-type":"","overlay-color":"","overlay-gradient":""},"mobile":{"background-color":"var(--ast-global-color-5)","background-image":"","background-repeat":"repeat","background-position":"center center","background-size":"auto","background-attachment":"scroll","background-type":"","background-media":"","overlay-type":"","overlay-color":"","overlay-gradient":""}},"footnotes":""},"uagb_featured_image_src":{"full":["https:\/\/ibomberdefense.standardof.net\/wp-content\/uploads\/sites\/5\/2020\/10\/iBomber-Defense-Axis-Campaign-02.-North-East-Europe-Lightning-Bolt-4.jpg",1280,720,false],"thumbnail":["https:\/\/ibomberdefense.standardof.net\/wp-content\/uploads\/sites\/5\/2020\/10\/iBomber-Defense-Axis-Campaign-02.-North-East-Europe-Lightning-Bolt-4-200x113.jpg",200,113,true],"medium":["https:\/\/ibomberdefense.standardof.net\/wp-content\/uploads\/sites\/5\/2020\/10\/iBomber-Defense-Axis-Campaign-02.-North-East-Europe-Lightning-Bolt-4-512x288.jpg",512,288,true],"medium_large":["https:\/\/ibomberdefense.standardof.net\/wp-content\/uploads\/sites\/5\/2020\/10\/iBomber-Defense-Axis-Campaign-02.-North-East-Europe-Lightning-Bolt-4-768x432.jpg",768,432,true],"large":["https:\/\/ibomberdefense.standardof.net\/wp-content\/uploads\/sites\/5\/2020\/10\/iBomber-Defense-Axis-Campaign-02.-North-East-Europe-Lightning-Bolt-4-800x450.jpg",800,450,true],"1536x1536":["https:\/\/ibomberdefense.standardof.net\/wp-content\/uploads\/sites\/5\/2020\/10\/iBomber-Defense-Axis-Campaign-02.-North-East-Europe-Lightning-Bolt-4.jpg",1280,720,false],"2048x2048":["https:\/\/ibomberdefense.standardof.net\/wp-content\/uploads\/sites\/5\/2020\/10\/iBomber-Defense-Axis-Campaign-02.-North-East-Europe-Lightning-Bolt-4.jpg",1280,720,false],"trp-custom-language-flag":["https:\/\/ibomberdefense.standardof.net\/wp-content\/uploads\/sites\/5\/2020\/10\/iBomber-Defense-Axis-Campaign-02.-North-East-Europe-Lightning-Bolt-4-16x9.jpg",16,9,true]},"uagb_author_info":{"display_name":"SOE","author_link":"https:\/\/ibomberdefense.standardof.net\/fr\/author\/k-tastic\/"},"uagb_comment_info":0,"uagb_excerpt":"In the second level of the Axis campaign it is time to face ground units now in North East Europe, &#8220;Lightning Bolt&#8221;. In this level you will be tasked with facing 30 waves of infantry, vehicles and tanks that approach from the northeast and northwest paths, converging near the top center of the map before&hellip;","_links":{"self":[{"href":"https:\/\/ibomberdefense.standardof.net\/fr\/wp-json\/wp\/v2\/pages\/322"}],"collection":[{"href":"https:\/\/ibomberdefense.standardof.net\/fr\/wp-json\/wp\/v2\/pages"}],"about":[{"href":"https:\/\/ibomberdefense.standardof.net\/fr\/wp-json\/wp\/v2\/types\/page"}],"author":[{"embeddable":true,"href":"https:\/\/ibomberdefense.standardof.net\/fr\/wp-json\/wp\/v2\/users\/1"}],"replies":[{"embeddable":true,"href":"https:\/\/ibomberdefense.standardof.net\/fr\/wp-json\/wp\/v2\/comments?post=322"}],"version-history":[{"count":0,"href":"https:\/\/ibomberdefense.standardof.net\/fr\/wp-json\/wp\/v2\/pages\/322\/revisions"}],"up":[{"embeddable":true,"href":"https:\/\/ibomberdefense.standardof.net\/fr\/wp-json\/wp\/v2\/pages\/268"}],"wp:featuredmedia":[{"embeddable":true,"href":"https:\/\/ibomberdefense.standardof.net\/fr\/wp-json\/wp\/v2\/media\/83"}],"wp:attachment":[{"href":"https:\/\/ibomberdefense.standardof.net\/fr\/wp-json\/wp\/v2\/media?parent=322"}],"curies":[{"name":"wp","href":"https:\/\/api.w.org\/{rel}","templated":true}]}}