{"id":323,"date":"2020-10-19T07:16:52","date_gmt":"2020-10-19T07:16:52","guid":{"rendered":"https:\/\/ibomberdefense.standardof.net\/?page_id=323"},"modified":"2020-10-19T08:05:11","modified_gmt":"2020-10-19T08:05:11","slug":"3-western-russia-redbeard","status":"publish","type":"page","link":"https:\/\/ibomberdefense.standardof.net\/fr\/guide\/axe-campagne\/3-russie-ouest-barbe-rouge\/","title":{"rendered":"3. Russie occidentale: Redbeard"},"content":{"rendered":"<div class=\"wp-block-image\"><figure class=\"aligncenter size-large\"><a href=\"https:\/\/ibomberdefense.standardof.net\/fr\/guide\/axe-campagne\/3-russie-ouest-barbe-rouge\/ibomber-defense-axis-campaign-03-western-russia-redbeard-1\/\"><img decoding=\"async\" width=\"800\" height=\"450\" src=\"https:\/\/ibomberdefense.standardof.net\/wp-content\/uploads\/sites\/5\/2020\/10\/iBomber-Defense-Axis-Campaign-03.-Western-Russia-Redbeard-1-800x450.jpg\" alt=\"&quot;iBomber Defense&quot; - Campagne de l&#039;Axe - 03. Russie occidentale: Barbe Rouge (1)\" class=\"wp-image-84\" title=\"\" srcset=\"https:\/\/ibomberdefense.standardof.net\/wp-content\/uploads\/sites\/5\/2020\/10\/iBomber-Defense-Axis-Campaign-03.-Western-Russia-Redbeard-1-800x450.jpg 800w, https:\/\/ibomberdefense.standardof.net\/wp-content\/uploads\/sites\/5\/2020\/10\/iBomber-Defense-Axis-Campaign-03.-Western-Russia-Redbeard-1-512x288.jpg 512w, https:\/\/ibomberdefense.standardof.net\/wp-content\/uploads\/sites\/5\/2020\/10\/iBomber-Defense-Axis-Campaign-03.-Western-Russia-Redbeard-1-200x113.jpg 200w, https:\/\/ibomberdefense.standardof.net\/wp-content\/uploads\/sites\/5\/2020\/10\/iBomber-Defense-Axis-Campaign-03.-Western-Russia-Redbeard-1-768x432.jpg 768w, https:\/\/ibomberdefense.standardof.net\/wp-content\/uploads\/sites\/5\/2020\/10\/iBomber-Defense-Axis-Campaign-03.-Western-Russia-Redbeard-1-16x9.jpg 16w, https:\/\/ibomberdefense.standardof.net\/wp-content\/uploads\/sites\/5\/2020\/10\/iBomber-Defense-Axis-Campaign-03.-Western-Russia-Redbeard-1.jpg 1280w\" sizes=\"(max-width: 800px) 100vw, 800px\" \/><\/a><figcaption>Itin\u00e9raires emprunt\u00e9s par l&#039;ennemi au niveau \u00abBarbe Rouge\u00bb de la Russie occidentale.<\/figcaption><\/figure><\/div>\n\n\n\n<p>Le niveau trois de la campagne de l&#039;Axe vous emm\u00e8ne dans le paysage enneig\u00e9 et accident\u00e9 de la Russie occidentale pour d\u00e9fendre votre base contre 30 vagues d&#039;unit\u00e9s purement terrestres, toujours exemptes de soutien a\u00e9rien. Deux entr\u00e9es existent sur cette carte, venant du nord-ouest, se dirigeant vers le sud-est faisant un Y incurv\u00e9 vers votre base.<\/p>\n\n\n\n<p>Comme la mission pr\u00e9c\u00e9dente, le placement de la tourelle doit \u00eatre concentr\u00e9 le long du chemin converg\u00e9 afin de permettre \u00e0 tous vos canons de tirer sur toutes les unit\u00e9s auxquelles vous allez faire face pour \u00e9viter une efficacit\u00e9 gaspill\u00e9e. Il y a des hauteurs du sud qui peuvent augmenter la port\u00e9e de vos canons mais qui sont un peu trop \u00e9loign\u00e9es du chemin pour les mitrailleuses.<\/p>\n\n\n\n<h3 class=\"wp-block-heading\"><strong>Placement de la tourelle<\/strong><\/h3>\n\n\n\n<figure class=\"wp-block-gallery columns-2 is-cropped wp-block-gallery-1 is-layout-flex wp-block-gallery-is-layout-flex\"><ul class=\"blocks-gallery-grid\"><li class=\"blocks-gallery-item\"><figure><a href=\"https:\/\/ibomberdefense.standardof.net\/fr\/guide\/axe-campagne\/3-russie-ouest-barbe-rouge\/ibomber-defense-axis-campaign-03-western-russia-redbeard-2\/\"><img decoding=\"async\" width=\"800\" height=\"450\" src=\"https:\/\/ibomberdefense.standardof.net\/wp-content\/uploads\/sites\/5\/2020\/10\/iBomber-Defense-Axis-Campaign-03.-Western-Russia-Redbeard-2-800x450.jpg\" alt=\"&quot;iBomber Defense&quot; - Campagne de l&#039;Axe - 03. Russie occidentale: Redbeard (2)\" data-id=\"85\" data-full-url=\"https:\/\/ibomberdefense.standardof.net\/wp-content\/uploads\/sites\/5\/2020\/10\/iBomber-Defense-Axis-Campaign-03.-Western-Russia-Redbeard-2.jpg\" data-link=\"https:\/\/ibomberdefense.standardof.net\/guide\/axis-campaign\/3-western-russia-redbeard\/ibomber-defense-axis-campaign-03-western-russia-redbeard-2\/\" class=\"wp-image-85\" title=\"\" srcset=\"https:\/\/ibomberdefense.standardof.net\/wp-content\/uploads\/sites\/5\/2020\/10\/iBomber-Defense-Axis-Campaign-03.-Western-Russia-Redbeard-2-800x450.jpg 800w, https:\/\/ibomberdefense.standardof.net\/wp-content\/uploads\/sites\/5\/2020\/10\/iBomber-Defense-Axis-Campaign-03.-Western-Russia-Redbeard-2-512x288.jpg 512w, https:\/\/ibomberdefense.standardof.net\/wp-content\/uploads\/sites\/5\/2020\/10\/iBomber-Defense-Axis-Campaign-03.-Western-Russia-Redbeard-2-200x113.jpg 200w, https:\/\/ibomberdefense.standardof.net\/wp-content\/uploads\/sites\/5\/2020\/10\/iBomber-Defense-Axis-Campaign-03.-Western-Russia-Redbeard-2-768x432.jpg 768w, https:\/\/ibomberdefense.standardof.net\/wp-content\/uploads\/sites\/5\/2020\/10\/iBomber-Defense-Axis-Campaign-03.-Western-Russia-Redbeard-2-16x9.jpg 16w, https:\/\/ibomberdefense.standardof.net\/wp-content\/uploads\/sites\/5\/2020\/10\/iBomber-Defense-Axis-Campaign-03.-Western-Russia-Redbeard-2.jpg 1280w\" sizes=\"(max-width: 800px) 100vw, 800px\" \/><\/a><figcaption class=\"blocks-gallery-item__caption\">Placement de la tourelle \u00e0 la fin de la vague 10.<\/figcaption><\/figure><\/li><li class=\"blocks-gallery-item\"><figure><a href=\"https:\/\/ibomberdefense.standardof.net\/fr\/guide\/axe-campagne\/3-russie-ouest-barbe-rouge\/ibomber-defense-axis-campaign-03-western-russia-redbeard-3\/\"><img decoding=\"async\" width=\"800\" height=\"450\" src=\"https:\/\/ibomberdefense.standardof.net\/wp-content\/uploads\/sites\/5\/2020\/10\/iBomber-Defense-Axis-Campaign-03.-Western-Russia-Redbeard-3-800x450.jpg\" alt=\"&quot;iBomber Defense&quot; - Campagne de l&#039;Axe - 03. Russie occidentale: Barbe Rouge (3)\" data-id=\"86\" data-full-url=\"https:\/\/ibomberdefense.standardof.net\/wp-content\/uploads\/sites\/5\/2020\/10\/iBomber-Defense-Axis-Campaign-03.-Western-Russia-Redbeard-3.jpg\" data-link=\"https:\/\/ibomberdefense.standardof.net\/guide\/axis-campaign\/3-western-russia-redbeard\/ibomber-defense-axis-campaign-03-western-russia-redbeard-3\/\" class=\"wp-image-86\" title=\"\" srcset=\"https:\/\/ibomberdefense.standardof.net\/wp-content\/uploads\/sites\/5\/2020\/10\/iBomber-Defense-Axis-Campaign-03.-Western-Russia-Redbeard-3-800x450.jpg 800w, https:\/\/ibomberdefense.standardof.net\/wp-content\/uploads\/sites\/5\/2020\/10\/iBomber-Defense-Axis-Campaign-03.-Western-Russia-Redbeard-3-512x288.jpg 512w, https:\/\/ibomberdefense.standardof.net\/wp-content\/uploads\/sites\/5\/2020\/10\/iBomber-Defense-Axis-Campaign-03.-Western-Russia-Redbeard-3-200x113.jpg 200w, https:\/\/ibomberdefense.standardof.net\/wp-content\/uploads\/sites\/5\/2020\/10\/iBomber-Defense-Axis-Campaign-03.-Western-Russia-Redbeard-3-768x432.jpg 768w, https:\/\/ibomberdefense.standardof.net\/wp-content\/uploads\/sites\/5\/2020\/10\/iBomber-Defense-Axis-Campaign-03.-Western-Russia-Redbeard-3-16x9.jpg 16w, https:\/\/ibomberdefense.standardof.net\/wp-content\/uploads\/sites\/5\/2020\/10\/iBomber-Defense-Axis-Campaign-03.-Western-Russia-Redbeard-3.jpg 1280w\" sizes=\"(max-width: 800px) 100vw, 800px\" \/><\/a><figcaption class=\"blocks-gallery-item__caption\">Placement de la tourelle \u00e0 la fin de la vague 20.<\/figcaption><\/figure><\/li><\/ul><\/figure>\n\n\n\n<p>Depuis le d\u00e9but, la vague dix ressemble beaucoup aux missions pr\u00e9c\u00e9dentes, en se concentrant sur la mise en place de mitrailleuses autour du chemin converg\u00e9. Essayez d&#039;en obtenir au moins trois enti\u00e8rement mis \u00e0 niveau \u00e0 la fin du niveau 10.<\/p>\n\n\n\n<p>Avec l&#039;augmentation du flux de fonds des ennemis suppl\u00e9mentaires qui viennent attaquer votre base dans les vagues 10 \u00e0 20, construisez une seule temp\u00eate de feu contre le chemin, une quatri\u00e8me mitrailleuse enti\u00e8rement am\u00e9lior\u00e9e et quelques canons le long des hauteurs sud. La temp\u00eate de feu aide \u00e0 ralentir l&#039;ennemi pour que vos autres tourelles puissent lancer plus de tirs tout en br\u00fblant leur armure.<\/p>\n\n\n\n<p>Au moment o\u00f9 vous atteignez la fin du niveau 30, essayez d&#039;avoir 5 canons de niveau 2 pour \u00e9liminer l&#039;armure lourde, ne construisant rien d&#039;autre que ceux-ci \u00e0 ce stade du niveau. Tant que ceux-ci sont \u00e9galement sur le chemin converg\u00e9, cette m\u00e9thode est suffisante pour arr\u00eater l&#039;ennemi.<\/p>\n\n\n\n<div class=\"wp-block-image\"><figure class=\"aligncenter size-large\"><a href=\"https:\/\/ibomberdefense.standardof.net\/fr\/guide\/axe-campagne\/3-russie-ouest-barbe-rouge\/ibomber-defense-axis-campaign-03-western-russia-redbeard-4\/\"><img decoding=\"async\" width=\"800\" height=\"450\" src=\"https:\/\/ibomberdefense.standardof.net\/wp-content\/uploads\/sites\/5\/2020\/10\/iBomber-Defense-Axis-Campaign-03.-Western-Russia-Redbeard-4-800x450.jpg\" alt=\"&quot;iBomber Defense&quot; - Campagne de l&#039;Axe - 03. Russie occidentale: Barbe Rouge (4)\" class=\"wp-image-87\" title=\"\" srcset=\"https:\/\/ibomberdefense.standardof.net\/wp-content\/uploads\/sites\/5\/2020\/10\/iBomber-Defense-Axis-Campaign-03.-Western-Russia-Redbeard-4-800x450.jpg 800w, https:\/\/ibomberdefense.standardof.net\/wp-content\/uploads\/sites\/5\/2020\/10\/iBomber-Defense-Axis-Campaign-03.-Western-Russia-Redbeard-4-512x288.jpg 512w, https:\/\/ibomberdefense.standardof.net\/wp-content\/uploads\/sites\/5\/2020\/10\/iBomber-Defense-Axis-Campaign-03.-Western-Russia-Redbeard-4-200x113.jpg 200w, https:\/\/ibomberdefense.standardof.net\/wp-content\/uploads\/sites\/5\/2020\/10\/iBomber-Defense-Axis-Campaign-03.-Western-Russia-Redbeard-4-768x432.jpg 768w, https:\/\/ibomberdefense.standardof.net\/wp-content\/uploads\/sites\/5\/2020\/10\/iBomber-Defense-Axis-Campaign-03.-Western-Russia-Redbeard-4-16x9.jpg 16w, https:\/\/ibomberdefense.standardof.net\/wp-content\/uploads\/sites\/5\/2020\/10\/iBomber-Defense-Axis-Campaign-03.-Western-Russia-Redbeard-4.jpg 1280w\" sizes=\"(max-width: 800px) 100vw, 800px\" \/><\/a><figcaption>Placement de la tourelle \u00e0 la fin de la vague 30.<\/figcaption><\/figure><\/div>\n\n\n\n<h3 class=\"wp-block-heading\"><strong>D\u00e9penses en points de victoire<\/strong><\/h3>\n\n\n\n<p>\u00c9tant donn\u00e9 que les niveaux des avions approcheront bient\u00f4t, \u00e0 ce stade, je choisis de mettre un seul point de victoire dans l&#039;anti-avion et le second dans la mise \u00e0 niveau de r\u00e9paration. Vous pouvez \u00e9ventuellement sauter le point AA pour autre chose, en l&#039;utilisant \u00e0 la place le niveau suivant, car la mission 4 n&#039;a pas d&#039;avion.<\/p>\n\n\n\n<p>Les rangs actuels des objets d\u00e9verrouill\u00e9s sont:<br>MG 3, Cannon 3, AA 2, Firestorm 1, Buy 1, Repair 1<\/p>\n\n\n\n<hr class=\"wp-block-separator\"\/>\n\n\n\n<h4 class=\"has-text-align-center wp-block-heading\">Guide vid\u00e9o<\/h4>\n\n\n\n<figure class=\"wp-block-embed-youtube wp-block-embed is-type-video is-provider-youtube wp-embed-aspect-4-3 wp-has-aspect-ratio\"><div class=\"wp-block-embed__wrapper\">\n<div class=\"ast-oembed-container\" style=\"height: 100%;\"><iframe title=\"iBomber Defense - Russie occidentale - Barbe Rouge - V\u00e9t\u00e9ran + Parfait\" width=\"500\" height=\"281\" src=\"https:\/\/www.youtube.com\/embed\/FazG-hJv3yU?feature=oembed\" frameborder=\"0\" allow=\"accelerometer; autoplay; clipboard-write; encrypted-media; gyroscope; picture-in-picture; web-share\" referrerpolicy=\"strict-origin-when-cross-origin\" allowfullscreen><\/iframe><\/div>\n<\/div><\/figure>","protected":false},"excerpt":{"rendered":"<p>Level three of the Axis campaign takes you to the snowy, rugged landscape of Western Russia to defend your base against 30 waves of purely ground units, still free of air support. Two entrances exist on this map, coming from the northwest, heading southeast making a curved Y towards your base. Like the previous mission, [&hellip;]<\/p>","protected":false},"author":1,"featured_media":87,"parent":268,"menu_order":3,"comment_status":"open","ping_status":"closed","template":"","meta":{"_uag_custom_page_level_css":"","site-sidebar-layout":"default","site-content-layout":"default","ast-site-content-layout":"","site-content-style":"default","site-sidebar-style":"default","ast-global-header-display":"","ast-banner-title-visibility":"","ast-main-header-display":"","ast-hfb-above-header-display":"","ast-hfb-below-header-display":"","ast-hfb-mobile-header-display":"","site-post-title":"","ast-breadcrumbs-content":"","ast-featured-img":"","footer-sml-layout":"","theme-transparent-header-meta":"default","adv-header-id-meta":"","stick-header-meta":"","header-above-stick-meta":"","header-main-stick-meta":"","header-below-stick-meta":"","astra-migrate-meta-layouts":"default","ast-page-background-enabled":"default","ast-page-background-meta":{"desktop":{"background-color":"","background-image":"","background-repeat":"repeat","background-position":"center center","background-size":"auto","background-attachment":"scroll","background-type":"","background-media":"","overlay-type":"","overlay-color":"","overlay-gradient":""},"tablet":{"background-color":"","background-image":"","background-repeat":"repeat","background-position":"center center","background-size":"auto","background-attachment":"scroll","background-type":"","background-media":"","overlay-type":"","overlay-color":"","overlay-gradient":""},"mobile":{"background-color":"","background-image":"","background-repeat":"repeat","background-position":"center center","background-size":"auto","background-attachment":"scroll","background-type":"","background-media":"","overlay-type":"","overlay-color":"","overlay-gradient":""}},"ast-content-background-meta":{"desktop":{"background-color":"var(--ast-global-color-5)","background-image":"","background-repeat":"repeat","background-position":"center center","background-size":"auto","background-attachment":"scroll","background-type":"","background-media":"","overlay-type":"","overlay-color":"","overlay-gradient":""},"tablet":{"background-color":"var(--ast-global-color-5)","background-image":"","background-repeat":"repeat","background-position":"center center","background-size":"auto","background-attachment":"scroll","background-type":"","background-media":"","overlay-type":"","overlay-color":"","overlay-gradient":""},"mobile":{"background-color":"var(--ast-global-color-5)","background-image":"","background-repeat":"repeat","background-position":"center center","background-size":"auto","background-attachment":"scroll","background-type":"","background-media":"","overlay-type":"","overlay-color":"","overlay-gradient":""}},"footnotes":""},"uagb_featured_image_src":{"full":["https:\/\/ibomberdefense.standardof.net\/wp-content\/uploads\/sites\/5\/2020\/10\/iBomber-Defense-Axis-Campaign-03.-Western-Russia-Redbeard-4.jpg",1280,720,false],"thumbnail":["https:\/\/ibomberdefense.standardof.net\/wp-content\/uploads\/sites\/5\/2020\/10\/iBomber-Defense-Axis-Campaign-03.-Western-Russia-Redbeard-4-200x113.jpg",200,113,true],"medium":["https:\/\/ibomberdefense.standardof.net\/wp-content\/uploads\/sites\/5\/2020\/10\/iBomber-Defense-Axis-Campaign-03.-Western-Russia-Redbeard-4-512x288.jpg",512,288,true],"medium_large":["https:\/\/ibomberdefense.standardof.net\/wp-content\/uploads\/sites\/5\/2020\/10\/iBomber-Defense-Axis-Campaign-03.-Western-Russia-Redbeard-4-768x432.jpg",768,432,true],"large":["https:\/\/ibomberdefense.standardof.net\/wp-content\/uploads\/sites\/5\/2020\/10\/iBomber-Defense-Axis-Campaign-03.-Western-Russia-Redbeard-4-800x450.jpg",800,450,true],"1536x1536":["https:\/\/ibomberdefense.standardof.net\/wp-content\/uploads\/sites\/5\/2020\/10\/iBomber-Defense-Axis-Campaign-03.-Western-Russia-Redbeard-4.jpg",1280,720,false],"2048x2048":["https:\/\/ibomberdefense.standardof.net\/wp-content\/uploads\/sites\/5\/2020\/10\/iBomber-Defense-Axis-Campaign-03.-Western-Russia-Redbeard-4.jpg",1280,720,false],"trp-custom-language-flag":["https:\/\/ibomberdefense.standardof.net\/wp-content\/uploads\/sites\/5\/2020\/10\/iBomber-Defense-Axis-Campaign-03.-Western-Russia-Redbeard-4-16x9.jpg",16,9,true]},"uagb_author_info":{"display_name":"SOE","author_link":"https:\/\/ibomberdefense.standardof.net\/fr\/author\/k-tastic\/"},"uagb_comment_info":0,"uagb_excerpt":"Level three of the Axis campaign takes you to the snowy, rugged landscape of Western Russia to defend your base against 30 waves of purely ground units, still free of air support. Two entrances exist on this map, coming from the northwest, heading southeast making a curved Y towards your base. Like the previous mission,&hellip;","_links":{"self":[{"href":"https:\/\/ibomberdefense.standardof.net\/fr\/wp-json\/wp\/v2\/pages\/323"}],"collection":[{"href":"https:\/\/ibomberdefense.standardof.net\/fr\/wp-json\/wp\/v2\/pages"}],"about":[{"href":"https:\/\/ibomberdefense.standardof.net\/fr\/wp-json\/wp\/v2\/types\/page"}],"author":[{"embeddable":true,"href":"https:\/\/ibomberdefense.standardof.net\/fr\/wp-json\/wp\/v2\/users\/1"}],"replies":[{"embeddable":true,"href":"https:\/\/ibomberdefense.standardof.net\/fr\/wp-json\/wp\/v2\/comments?post=323"}],"version-history":[{"count":0,"href":"https:\/\/ibomberdefense.standardof.net\/fr\/wp-json\/wp\/v2\/pages\/323\/revisions"}],"up":[{"embeddable":true,"href":"https:\/\/ibomberdefense.standardof.net\/fr\/wp-json\/wp\/v2\/pages\/268"}],"wp:featuredmedia":[{"embeddable":true,"href":"https:\/\/ibomberdefense.standardof.net\/fr\/wp-json\/wp\/v2\/media\/87"}],"wp:attachment":[{"href":"https:\/\/ibomberdefense.standardof.net\/fr\/wp-json\/wp\/v2\/media?parent=323"}],"curies":[{"name":"wp","href":"https:\/\/api.w.org\/{rel}","templated":true}]}}