{"id":325,"date":"2020-10-19T07:17:25","date_gmt":"2020-10-19T07:17:25","guid":{"rendered":"https:\/\/ibomberdefense.standardof.net\/?page_id=325"},"modified":"2020-10-19T08:05:18","modified_gmt":"2020-10-19T08:05:18","slug":"5-north-east-africa-desert-dusk","status":"publish","type":"page","link":"https:\/\/ibomberdefense.standardof.net\/fr\/guide\/axe-campagne\/5-afrique-nord-est-desert-dusk\/","title":{"rendered":"5. Afrique du Nord-Est: cr\u00e9puscule du d\u00e9sert"},"content":{"rendered":"<div class=\"wp-block-image\"><figure class=\"aligncenter size-large\"><a href=\"https:\/\/ibomberdefense.standardof.net\/fr\/guide\/axe-campagne\/5-afrique-nord-est-desert-dusk\/ibomber-defense-axis-campaign-05-north-east-africa-desert-dusk-1\/\"><img decoding=\"async\" width=\"800\" height=\"450\" src=\"https:\/\/ibomberdefense.standardof.net\/wp-content\/uploads\/sites\/5\/2020\/10\/iBomber-Defense-Axis-Campaign-05.-North-East-Africa-Desert-Dusk-1-800x450.jpg\" alt=\"&quot;iBomber Defense&quot; - Campagne de l&#039;Axe - 05. Afrique du Nord-Est: Desert Dusk (1)\" class=\"wp-image-92\" title=\"\" srcset=\"https:\/\/ibomberdefense.standardof.net\/wp-content\/uploads\/sites\/5\/2020\/10\/iBomber-Defense-Axis-Campaign-05.-North-East-Africa-Desert-Dusk-1-800x450.jpg 800w, https:\/\/ibomberdefense.standardof.net\/wp-content\/uploads\/sites\/5\/2020\/10\/iBomber-Defense-Axis-Campaign-05.-North-East-Africa-Desert-Dusk-1-512x288.jpg 512w, https:\/\/ibomberdefense.standardof.net\/wp-content\/uploads\/sites\/5\/2020\/10\/iBomber-Defense-Axis-Campaign-05.-North-East-Africa-Desert-Dusk-1-200x113.jpg 200w, https:\/\/ibomberdefense.standardof.net\/wp-content\/uploads\/sites\/5\/2020\/10\/iBomber-Defense-Axis-Campaign-05.-North-East-Africa-Desert-Dusk-1-768x432.jpg 768w, https:\/\/ibomberdefense.standardof.net\/wp-content\/uploads\/sites\/5\/2020\/10\/iBomber-Defense-Axis-Campaign-05.-North-East-Africa-Desert-Dusk-1-16x9.jpg 16w, https:\/\/ibomberdefense.standardof.net\/wp-content\/uploads\/sites\/5\/2020\/10\/iBomber-Defense-Axis-Campaign-05.-North-East-Africa-Desert-Dusk-1.jpg 1280w\" sizes=\"(max-width: 800px) 100vw, 800px\" \/><\/a><figcaption>Routes ennemies dans le niveau \u00abDesert Dusk\u00bb de l&#039;Afrique du Nord-Est de \u00abiBomber Defense\u00bb. La ligne bleue est prise par avion.<\/figcaption><\/figure><\/div>\n\n\n\n<p>Mission 5 n la campagne de l&#039;Axe est le premier niveau \u00e0 pr\u00e9senter les avions ennemis, vous emmenant dans les sables du d\u00e9sert de l&#039;Afrique du Nord-Est dans \u00abDesert Dusk\u00bb. Vous devrez repousser 30 vagues pleines d&#039;ennemis avec des avions faisant leur premi\u00e8re apparition pendant la vague 20.<\/p>\n\n\n\n<p>Le placement des tourelles dans ce niveau se concentrera sur la mise \u00e0 profit des nombreux plateaux pour leurs bonus de terrain \u00e9lev\u00e9s fournis \u00e0 la port\u00e9e de toutes les tourelles. Tout au long du niveau, vous devez \u00e9viter compl\u00e8tement de placer l&#039;une de vos tourelles sur le sol bas compte tenu du nombre de positions sur\u00e9lev\u00e9es disponibles.<\/p>\n\n\n\n<h3 class=\"wp-block-heading\"><strong>Placement de la tourelle<\/strong><\/h3>\n\n\n\n<figure class=\"wp-block-gallery columns-2 is-cropped wp-block-gallery-1 is-layout-flex wp-block-gallery-is-layout-flex\"><ul class=\"blocks-gallery-grid\"><li class=\"blocks-gallery-item\"><figure><a href=\"https:\/\/ibomberdefense.standardof.net\/fr\/guide\/axe-campagne\/5-afrique-nord-est-desert-dusk\/ibomber-defense-axis-campaign-05-north-east-africa-desert-dusk-2\/\"><img decoding=\"async\" width=\"800\" height=\"450\" src=\"https:\/\/ibomberdefense.standardof.net\/wp-content\/uploads\/sites\/5\/2020\/10\/iBomber-Defense-Axis-Campaign-05.-North-East-Africa-Desert-Dusk-2-800x450.jpg\" alt=\"&quot;iBomber Defense&quot; - Campagne de l&#039;Axe - 05. Afrique du Nord-Est: Desert Dusk (2)\" data-id=\"93\" data-full-url=\"https:\/\/ibomberdefense.standardof.net\/wp-content\/uploads\/sites\/5\/2020\/10\/iBomber-Defense-Axis-Campaign-05.-North-East-Africa-Desert-Dusk-2.jpg\" data-link=\"https:\/\/ibomberdefense.standardof.net\/guide\/axis-campaign\/5-north-east-africa-desert-dusk\/ibomber-defense-axis-campaign-05-north-east-africa-desert-dusk-2\/\" class=\"wp-image-93\" title=\"\" srcset=\"https:\/\/ibomberdefense.standardof.net\/wp-content\/uploads\/sites\/5\/2020\/10\/iBomber-Defense-Axis-Campaign-05.-North-East-Africa-Desert-Dusk-2-800x450.jpg 800w, https:\/\/ibomberdefense.standardof.net\/wp-content\/uploads\/sites\/5\/2020\/10\/iBomber-Defense-Axis-Campaign-05.-North-East-Africa-Desert-Dusk-2-512x288.jpg 512w, https:\/\/ibomberdefense.standardof.net\/wp-content\/uploads\/sites\/5\/2020\/10\/iBomber-Defense-Axis-Campaign-05.-North-East-Africa-Desert-Dusk-2-200x113.jpg 200w, https:\/\/ibomberdefense.standardof.net\/wp-content\/uploads\/sites\/5\/2020\/10\/iBomber-Defense-Axis-Campaign-05.-North-East-Africa-Desert-Dusk-2-768x432.jpg 768w, https:\/\/ibomberdefense.standardof.net\/wp-content\/uploads\/sites\/5\/2020\/10\/iBomber-Defense-Axis-Campaign-05.-North-East-Africa-Desert-Dusk-2-16x9.jpg 16w, https:\/\/ibomberdefense.standardof.net\/wp-content\/uploads\/sites\/5\/2020\/10\/iBomber-Defense-Axis-Campaign-05.-North-East-Africa-Desert-Dusk-2.jpg 1280w\" sizes=\"(max-width: 800px) 100vw, 800px\" \/><\/a><figcaption class=\"blocks-gallery-item__caption\">Placement de la tourelle Wave 10.<\/figcaption><\/figure><\/li><li class=\"blocks-gallery-item\"><figure><a href=\"https:\/\/ibomberdefense.standardof.net\/fr\/guide\/axe-campagne\/5-afrique-nord-est-desert-dusk\/ibomber-defense-axis-campaign-05-north-east-africa-desert-dusk-3\/\"><img decoding=\"async\" width=\"800\" height=\"450\" src=\"https:\/\/ibomberdefense.standardof.net\/wp-content\/uploads\/sites\/5\/2020\/10\/iBomber-Defense-Axis-Campaign-05.-North-East-Africa-Desert-Dusk-3-800x450.jpg\" alt=\"&quot;iBomber Defense&quot; - Campagne de l&#039;Axe - 05. Afrique du Nord-Est: Desert Dusk (3)\" data-id=\"94\" data-full-url=\"https:\/\/ibomberdefense.standardof.net\/wp-content\/uploads\/sites\/5\/2020\/10\/iBomber-Defense-Axis-Campaign-05.-North-East-Africa-Desert-Dusk-3.jpg\" data-link=\"https:\/\/ibomberdefense.standardof.net\/guide\/axis-campaign\/5-north-east-africa-desert-dusk\/ibomber-defense-axis-campaign-05-north-east-africa-desert-dusk-3\/\" class=\"wp-image-94\" title=\"\" srcset=\"https:\/\/ibomberdefense.standardof.net\/wp-content\/uploads\/sites\/5\/2020\/10\/iBomber-Defense-Axis-Campaign-05.-North-East-Africa-Desert-Dusk-3-800x450.jpg 800w, https:\/\/ibomberdefense.standardof.net\/wp-content\/uploads\/sites\/5\/2020\/10\/iBomber-Defense-Axis-Campaign-05.-North-East-Africa-Desert-Dusk-3-512x288.jpg 512w, https:\/\/ibomberdefense.standardof.net\/wp-content\/uploads\/sites\/5\/2020\/10\/iBomber-Defense-Axis-Campaign-05.-North-East-Africa-Desert-Dusk-3-200x113.jpg 200w, https:\/\/ibomberdefense.standardof.net\/wp-content\/uploads\/sites\/5\/2020\/10\/iBomber-Defense-Axis-Campaign-05.-North-East-Africa-Desert-Dusk-3-768x432.jpg 768w, https:\/\/ibomberdefense.standardof.net\/wp-content\/uploads\/sites\/5\/2020\/10\/iBomber-Defense-Axis-Campaign-05.-North-East-Africa-Desert-Dusk-3-16x9.jpg 16w, https:\/\/ibomberdefense.standardof.net\/wp-content\/uploads\/sites\/5\/2020\/10\/iBomber-Defense-Axis-Campaign-05.-North-East-Africa-Desert-Dusk-3.jpg 1280w\" sizes=\"(max-width: 800px) 100vw, 800px\" \/><\/a><figcaption class=\"blocks-gallery-item__caption\">Placement de la tourelle Wave 20.<\/figcaption><\/figure><\/li><\/ul><\/figure>\n\n\n\n<p>La vague 1 \u00e0 10 remonte \u00e0 la vieille \u00abplace \u00e0 quelques mitrailleuses\u00bb: strat\u00e9gie pour faire face aux vagues de d\u00e9but d&#039;unit\u00e9s l\u00e9g\u00e8res tout en fournissant un moyen d&#039;absorber les d\u00e9g\u00e2ts des tourelles plus ch\u00e8res plac\u00e9es plus tard. Trois doivent passer par la base d&#039;attache le long des bords du terrain sur\u00e9lev\u00e9 et deux plac\u00e9s sur les plateaux les plus \u00e0 l&#039;ouest, un pour chaque entr\u00e9e principale. Tout devrait \u00eatre maximis\u00e9 au niveau 10.<\/p>\n\n\n\n<p>Sur le chemin de la vingti\u00e8me vague, concentrez-vous sur l&#039;obtention de deux tourelles Inferno, une sur chacun des plateaux est pour ralentir l&#039;ennemi tout en vous concentrant sur l&#039;obtention d&#039;une arme X enti\u00e8rement renforc\u00e9e (3 \u00e9chelons ou formes en V dor\u00e9es), plac\u00e9e \u00e0 proximit\u00e9. les tourelles MG au maximum. Quelques canons iront bien, mais l&#039;arme X est comme un canon \u00e0 souper et devrait \u00eatre votre priorit\u00e9 absolue \u00e0 partir de maintenant. Assurez-vous d&#039;avoir un pistolet AA juste avant le niveau 20.<\/p>\n\n\n\n<p>Une arme X avec un boost complet devrait \u00eatre suffisante, le reste de vos fonds \u00e9tant consacr\u00e9 \u00e0 la mise \u00e0 niveau de votre tourelle AA au niveau 2 avec un deuxi\u00e8me niveau 1 le long de la route de l&#039;avion. Au-del\u00e0 de cela, travaillez \u00e0 construire des canons de niveau trois pr\u00e8s de la base pour aider \u00e0 \u00e9liminer les unit\u00e9s blind\u00e9es avec des champs de tir qui se chevauchent. Les enfers de niveau 2 peuvent \u00e9galement \u00eatre une utilisation pratique des ressources.<\/p>\n\n\n\n<div class=\"wp-block-image\"><figure class=\"aligncenter size-large\"><a href=\"https:\/\/ibomberdefense.standardof.net\/fr\/guide\/axe-campagne\/5-afrique-nord-est-desert-dusk\/ibomber-defense-axis-campaign-05-north-east-africa-desert-dusk-4\/\"><img decoding=\"async\" width=\"800\" height=\"450\" src=\"https:\/\/ibomberdefense.standardof.net\/wp-content\/uploads\/sites\/5\/2020\/10\/iBomber-Defense-Axis-Campaign-05.-North-East-Africa-Desert-Dusk-4-800x450.jpg\" alt=\"&quot;iBomber Defense&quot; - Campagne de l&#039;Axe - 05. Afrique du Nord-Est: Desert Dusk (4)\" class=\"wp-image-95\" title=\"\" srcset=\"https:\/\/ibomberdefense.standardof.net\/wp-content\/uploads\/sites\/5\/2020\/10\/iBomber-Defense-Axis-Campaign-05.-North-East-Africa-Desert-Dusk-4-800x450.jpg 800w, https:\/\/ibomberdefense.standardof.net\/wp-content\/uploads\/sites\/5\/2020\/10\/iBomber-Defense-Axis-Campaign-05.-North-East-Africa-Desert-Dusk-4-512x288.jpg 512w, https:\/\/ibomberdefense.standardof.net\/wp-content\/uploads\/sites\/5\/2020\/10\/iBomber-Defense-Axis-Campaign-05.-North-East-Africa-Desert-Dusk-4-200x113.jpg 200w, https:\/\/ibomberdefense.standardof.net\/wp-content\/uploads\/sites\/5\/2020\/10\/iBomber-Defense-Axis-Campaign-05.-North-East-Africa-Desert-Dusk-4-768x432.jpg 768w, https:\/\/ibomberdefense.standardof.net\/wp-content\/uploads\/sites\/5\/2020\/10\/iBomber-Defense-Axis-Campaign-05.-North-East-Africa-Desert-Dusk-4-16x9.jpg 16w, https:\/\/ibomberdefense.standardof.net\/wp-content\/uploads\/sites\/5\/2020\/10\/iBomber-Defense-Axis-Campaign-05.-North-East-Africa-Desert-Dusk-4.jpg 1280w\" sizes=\"(max-width: 800px) 100vw, 800px\" \/><\/a><figcaption>Placement de la tourelle Wave 30.<\/figcaption><\/figure><\/div>\n\n\n\n<h3 class=\"wp-block-heading\"><strong>D\u00e9penses en points de victoire<\/strong><\/h3>\n\n\n\n<p>Prenez les deux points de victoire gagn\u00e9s avec l&#039;ach\u00e8vement de ce niveau et mettez l&#039;un dans l&#039;arme X et l&#039;autre dans la r\u00e9paration, car les deux deviendront plus demand\u00e9s dans les niveaux suivants.<\/p>\n\n\n\n<p>Les rangs actuels des objets d\u00e9verrouill\u00e9s sont:<br>Machine Gun et Cannon sont de niveau 3, tout le reste est de niveau 2.<\/p>\n\n\n\n<hr class=\"wp-block-separator\"\/>\n\n\n\n<h4 class=\"has-text-align-center wp-block-heading\">Guide vid\u00e9o<\/h4>\n\n\n\n<figure class=\"wp-block-embed-youtube wp-block-embed is-type-video is-provider-youtube wp-embed-aspect-16-9 wp-has-aspect-ratio\"><div class=\"wp-block-embed__wrapper\">\n<div class=\"ast-oembed-container\" style=\"height: 100%;\"><iframe title=\"iBomber Defense - Afrique du Nord-Est - Cr\u00e9puscule du d\u00e9sert - V\u00e9t\u00e9ran + Parfait\" width=\"500\" height=\"281\" src=\"https:\/\/www.youtube.com\/embed\/QR9dh_1PO6k?feature=oembed\" frameborder=\"0\" allow=\"accelerometer; autoplay; clipboard-write; encrypted-media; gyroscope; picture-in-picture; web-share\" referrerpolicy=\"strict-origin-when-cross-origin\" allowfullscreen><\/iframe><\/div>\n<\/div><\/figure>","protected":false},"excerpt":{"rendered":"<p>Mission 5 n the Axis Campaign is the first level to introduce enemy aircraft, taking you to the desert sands of North East Africa in &#8220;Desert Dusk&#8221;. You will need to fend off 30 full waves of enemies with aircraft making their first appearance during wave 20. Turret placement in this level will focus on [&hellip;]<\/p>","protected":false},"author":1,"featured_media":95,"parent":268,"menu_order":5,"comment_status":"open","ping_status":"closed","template":"","meta":{"_uag_custom_page_level_css":"","site-sidebar-layout":"default","site-content-layout":"default","ast-site-content-layout":"","site-content-style":"default","site-sidebar-style":"default","ast-global-header-display":"","ast-banner-title-visibility":"","ast-main-header-display":"","ast-hfb-above-header-display":"","ast-hfb-below-header-display":"","ast-hfb-mobile-header-display":"","site-post-title":"","ast-breadcrumbs-content":"","ast-featured-img":"","footer-sml-layout":"","theme-transparent-header-meta":"default","adv-header-id-meta":"","stick-header-meta":"","header-above-stick-meta":"","header-main-stick-meta":"","header-below-stick-meta":"","astra-migrate-meta-layouts":"default","ast-page-background-enabled":"default","ast-page-background-meta":{"desktop":{"background-color":"","background-image":"","background-repeat":"repeat","background-position":"center center","background-size":"auto","background-attachment":"scroll","background-type":"","background-media":"","overlay-type":"","overlay-color":"","overlay-gradient":""},"tablet":{"background-color":"","background-image":"","background-repeat":"repeat","background-position":"center center","background-size":"auto","background-attachment":"scroll","background-type":"","background-media":"","overlay-type":"","overlay-color":"","overlay-gradient":""},"mobile":{"background-color":"","background-image":"","background-repeat":"repeat","background-position":"center center","background-size":"auto","background-attachment":"scroll","background-type":"","background-media":"","overlay-type":"","overlay-color":"","overlay-gradient":""}},"ast-content-background-meta":{"desktop":{"background-color":"var(--ast-global-color-5)","background-image":"","background-repeat":"repeat","background-position":"center center","background-size":"auto","background-attachment":"scroll","background-type":"","background-media":"","overlay-type":"","overlay-color":"","overlay-gradient":""},"tablet":{"background-color":"var(--ast-global-color-5)","background-image":"","background-repeat":"repeat","background-position":"center center","background-size":"auto","background-attachment":"scroll","background-type":"","background-media":"","overlay-type":"","overlay-color":"","overlay-gradient":""},"mobile":{"background-color":"var(--ast-global-color-5)","background-image":"","background-repeat":"repeat","background-position":"center center","background-size":"auto","background-attachment":"scroll","background-type":"","background-media":"","overlay-type":"","overlay-color":"","overlay-gradient":""}},"footnotes":""},"uagb_featured_image_src":{"full":["https:\/\/ibomberdefense.standardof.net\/wp-content\/uploads\/sites\/5\/2020\/10\/iBomber-Defense-Axis-Campaign-05.-North-East-Africa-Desert-Dusk-4.jpg",1280,720,false],"thumbnail":["https:\/\/ibomberdefense.standardof.net\/wp-content\/uploads\/sites\/5\/2020\/10\/iBomber-Defense-Axis-Campaign-05.-North-East-Africa-Desert-Dusk-4-200x113.jpg",200,113,true],"medium":["https:\/\/ibomberdefense.standardof.net\/wp-content\/uploads\/sites\/5\/2020\/10\/iBomber-Defense-Axis-Campaign-05.-North-East-Africa-Desert-Dusk-4-512x288.jpg",512,288,true],"medium_large":["https:\/\/ibomberdefense.standardof.net\/wp-content\/uploads\/sites\/5\/2020\/10\/iBomber-Defense-Axis-Campaign-05.-North-East-Africa-Desert-Dusk-4-768x432.jpg",768,432,true],"large":["https:\/\/ibomberdefense.standardof.net\/wp-content\/uploads\/sites\/5\/2020\/10\/iBomber-Defense-Axis-Campaign-05.-North-East-Africa-Desert-Dusk-4-800x450.jpg",800,450,true],"1536x1536":["https:\/\/ibomberdefense.standardof.net\/wp-content\/uploads\/sites\/5\/2020\/10\/iBomber-Defense-Axis-Campaign-05.-North-East-Africa-Desert-Dusk-4.jpg",1280,720,false],"2048x2048":["https:\/\/ibomberdefense.standardof.net\/wp-content\/uploads\/sites\/5\/2020\/10\/iBomber-Defense-Axis-Campaign-05.-North-East-Africa-Desert-Dusk-4.jpg",1280,720,false],"trp-custom-language-flag":["https:\/\/ibomberdefense.standardof.net\/wp-content\/uploads\/sites\/5\/2020\/10\/iBomber-Defense-Axis-Campaign-05.-North-East-Africa-Desert-Dusk-4-16x9.jpg",16,9,true]},"uagb_author_info":{"display_name":"SOE","author_link":"https:\/\/ibomberdefense.standardof.net\/fr\/author\/k-tastic\/"},"uagb_comment_info":0,"uagb_excerpt":"Mission 5 n the Axis Campaign is the first level to introduce enemy aircraft, taking you to the desert sands of North East Africa in &#8220;Desert Dusk&#8221;. You will need to fend off 30 full waves of enemies with aircraft making their first appearance during wave 20. Turret placement in this level will focus on&hellip;","_links":{"self":[{"href":"https:\/\/ibomberdefense.standardof.net\/fr\/wp-json\/wp\/v2\/pages\/325"}],"collection":[{"href":"https:\/\/ibomberdefense.standardof.net\/fr\/wp-json\/wp\/v2\/pages"}],"about":[{"href":"https:\/\/ibomberdefense.standardof.net\/fr\/wp-json\/wp\/v2\/types\/page"}],"author":[{"embeddable":true,"href":"https:\/\/ibomberdefense.standardof.net\/fr\/wp-json\/wp\/v2\/users\/1"}],"replies":[{"embeddable":true,"href":"https:\/\/ibomberdefense.standardof.net\/fr\/wp-json\/wp\/v2\/comments?post=325"}],"version-history":[{"count":0,"href":"https:\/\/ibomberdefense.standardof.net\/fr\/wp-json\/wp\/v2\/pages\/325\/revisions"}],"up":[{"embeddable":true,"href":"https:\/\/ibomberdefense.standardof.net\/fr\/wp-json\/wp\/v2\/pages\/268"}],"wp:featuredmedia":[{"embeddable":true,"href":"https:\/\/ibomberdefense.standardof.net\/fr\/wp-json\/wp\/v2\/media\/95"}],"wp:attachment":[{"href":"https:\/\/ibomberdefense.standardof.net\/fr\/wp-json\/wp\/v2\/media?parent=325"}],"curies":[{"name":"wp","href":"https:\/\/api.w.org\/{rel}","templated":true}]}}