{"id":326,"date":"2020-10-19T07:17:42","date_gmt":"2020-10-19T07:17:42","guid":{"rendered":"https:\/\/ibomberdefense.standardof.net\/?page_id=326"},"modified":"2020-10-19T08:05:23","modified_gmt":"2020-10-19T08:05:23","slug":"6-south-east-europe-heat-wave","status":"publish","type":"page","link":"https:\/\/ibomberdefense.standardof.net\/fr\/guide\/axe-campagne\/6-canicule-sud-est-europe\/","title":{"rendered":"6. Europe du Sud-Est: vague de chaleur"},"content":{"rendered":"<div class=\"wp-block-image\"><figure class=\"aligncenter size-large\"><a href=\"https:\/\/ibomberdefense.standardof.net\/fr\/guide\/axe-campagne\/6-canicule-sud-est-europe\/ibomber-defense-axis-campaign-06-south-east-europe-heat-wave-1\/\"><img decoding=\"async\" width=\"800\" height=\"450\" src=\"https:\/\/ibomberdefense.standardof.net\/wp-content\/uploads\/sites\/5\/2020\/10\/iBomber-Defense-Axis-Campaign-06.-South-East-Europe-Heat-Wave-1-800x450.jpg\" alt=\"&quot;iBomber Defense&quot; - Campagne de l&#039;Axe - 06. Europe du Sud-Est: vague de chaleur (1)\" class=\"wp-image-96\" title=\"\" srcset=\"https:\/\/ibomberdefense.standardof.net\/wp-content\/uploads\/sites\/5\/2020\/10\/iBomber-Defense-Axis-Campaign-06.-South-East-Europe-Heat-Wave-1-800x450.jpg 800w, https:\/\/ibomberdefense.standardof.net\/wp-content\/uploads\/sites\/5\/2020\/10\/iBomber-Defense-Axis-Campaign-06.-South-East-Europe-Heat-Wave-1-512x288.jpg 512w, https:\/\/ibomberdefense.standardof.net\/wp-content\/uploads\/sites\/5\/2020\/10\/iBomber-Defense-Axis-Campaign-06.-South-East-Europe-Heat-Wave-1-200x113.jpg 200w, https:\/\/ibomberdefense.standardof.net\/wp-content\/uploads\/sites\/5\/2020\/10\/iBomber-Defense-Axis-Campaign-06.-South-East-Europe-Heat-Wave-1-768x432.jpg 768w, https:\/\/ibomberdefense.standardof.net\/wp-content\/uploads\/sites\/5\/2020\/10\/iBomber-Defense-Axis-Campaign-06.-South-East-Europe-Heat-Wave-1-16x9.jpg 16w, https:\/\/ibomberdefense.standardof.net\/wp-content\/uploads\/sites\/5\/2020\/10\/iBomber-Defense-Axis-Campaign-06.-South-East-Europe-Heat-Wave-1.jpg 1280w\" sizes=\"(max-width: 800px) 100vw, 800px\" \/><\/a><figcaption>Carte des itin\u00e9raires emprunt\u00e9s par l&#039;ennemi en Europe du Sud-Est \u00abVague de chaleur\u00bb avec les avions repr\u00e9sent\u00e9s par la ligne bleue.<\/figcaption><\/figure><\/div>\n\n\n\n<p>En Europe du Sud-Est, \u00abHeat Wave\u00bb, vous revenez \u00e0 des terrains familiers, mais modifi\u00e9s d&#039;une mani\u00e8re qui porte bien son nom. Le lac qui existait auparavant ici s&#039;est compl\u00e8tement ass\u00e9ch\u00e9, vous emp\u00eachant toujours de placer des tourelles dans cette zone, ouvrant cependant une nouvelle d\u00e9route d&#039;attaque contre votre base. Les unit\u00e9s au sol que vous affronterez \u00e0 ce niveau seront compl\u00e9t\u00e9es par des avions \u00e0 la vague 15, avec 30 vagues au total pour vous frayer un chemin.<\/p>\n\n\n\n<p>Le placement des tourelles doit se concentrer sur la cr\u00e9ation d&#039;une ligne d\u00e9fensive \u00e9paisse pr\u00e8s de la convergence finale avant votre base d&#039;origine, avec des tourelles s&#039;\u00e9tendant du centre de ce point de rencontre au nord et \u00e0 l&#039;est pour couvrir les unit\u00e9s qui approchent. Les tourelles AA peuvent occuper l&#039;\u00eele de l&#039;espace constructible dans le lac ass\u00e9ch\u00e9.<\/p>\n\n\n\n<h3 class=\"wp-block-heading\"><strong>Placement de la tourelle<\/strong><\/h3>\n\n\n\n<figure class=\"wp-block-gallery columns-2 is-cropped wp-block-gallery-1 is-layout-flex wp-block-gallery-is-layout-flex\"><ul class=\"blocks-gallery-grid\"><li class=\"blocks-gallery-item\"><figure><a href=\"https:\/\/ibomberdefense.standardof.net\/fr\/guide\/axe-campagne\/6-canicule-sud-est-europe\/ibomber-defense-axis-campaign-06-south-east-europe-heat-wave-2\/\"><img decoding=\"async\" width=\"800\" height=\"450\" src=\"https:\/\/ibomberdefense.standardof.net\/wp-content\/uploads\/sites\/5\/2020\/10\/iBomber-Defense-Axis-Campaign-06.-South-East-Europe-Heat-Wave-2-800x450.jpg\" alt=\"&quot;iBomber Defense&quot; - Campagne de l&#039;Axe - 06. Europe du Sud-Est: vague de chaleur (2)\" data-id=\"97\" data-full-url=\"https:\/\/ibomberdefense.standardof.net\/wp-content\/uploads\/sites\/5\/2020\/10\/iBomber-Defense-Axis-Campaign-06.-South-East-Europe-Heat-Wave-2.jpg\" data-link=\"https:\/\/ibomberdefense.standardof.net\/guide\/axis-campaign\/6-south-east-europe-heat-wave\/ibomber-defense-axis-campaign-06-south-east-europe-heat-wave-2\/\" class=\"wp-image-97\" title=\"\" srcset=\"https:\/\/ibomberdefense.standardof.net\/wp-content\/uploads\/sites\/5\/2020\/10\/iBomber-Defense-Axis-Campaign-06.-South-East-Europe-Heat-Wave-2-800x450.jpg 800w, https:\/\/ibomberdefense.standardof.net\/wp-content\/uploads\/sites\/5\/2020\/10\/iBomber-Defense-Axis-Campaign-06.-South-East-Europe-Heat-Wave-2-512x288.jpg 512w, https:\/\/ibomberdefense.standardof.net\/wp-content\/uploads\/sites\/5\/2020\/10\/iBomber-Defense-Axis-Campaign-06.-South-East-Europe-Heat-Wave-2-200x113.jpg 200w, https:\/\/ibomberdefense.standardof.net\/wp-content\/uploads\/sites\/5\/2020\/10\/iBomber-Defense-Axis-Campaign-06.-South-East-Europe-Heat-Wave-2-768x432.jpg 768w, https:\/\/ibomberdefense.standardof.net\/wp-content\/uploads\/sites\/5\/2020\/10\/iBomber-Defense-Axis-Campaign-06.-South-East-Europe-Heat-Wave-2-16x9.jpg 16w, https:\/\/ibomberdefense.standardof.net\/wp-content\/uploads\/sites\/5\/2020\/10\/iBomber-Defense-Axis-Campaign-06.-South-East-Europe-Heat-Wave-2.jpg 1280w\" sizes=\"(max-width: 800px) 100vw, 800px\" \/><\/a><figcaption class=\"blocks-gallery-item__caption\">Placement de la tourelle Wave 10.<\/figcaption><\/figure><\/li><li class=\"blocks-gallery-item\"><figure><a href=\"https:\/\/ibomberdefense.standardof.net\/fr\/guide\/axe-campagne\/6-canicule-sud-est-europe\/ibomber-defense-axis-campaign-06-south-east-europe-heat-wave-3\/\"><img decoding=\"async\" width=\"800\" height=\"450\" src=\"https:\/\/ibomberdefense.standardof.net\/wp-content\/uploads\/sites\/5\/2020\/10\/iBomber-Defense-Axis-Campaign-06.-South-East-Europe-Heat-Wave-3-800x450.jpg\" alt=\"&quot;iBomber Defense&quot; - Campagne de l&#039;Axe - 06. Europe du Sud-Est: vague de chaleur (3)\" data-id=\"98\" data-full-url=\"https:\/\/ibomberdefense.standardof.net\/wp-content\/uploads\/sites\/5\/2020\/10\/iBomber-Defense-Axis-Campaign-06.-South-East-Europe-Heat-Wave-3.jpg\" data-link=\"https:\/\/ibomberdefense.standardof.net\/guide\/axis-campaign\/6-south-east-europe-heat-wave\/ibomber-defense-axis-campaign-06-south-east-europe-heat-wave-3\/\" class=\"wp-image-98\" title=\"\" srcset=\"https:\/\/ibomberdefense.standardof.net\/wp-content\/uploads\/sites\/5\/2020\/10\/iBomber-Defense-Axis-Campaign-06.-South-East-Europe-Heat-Wave-3-800x450.jpg 800w, https:\/\/ibomberdefense.standardof.net\/wp-content\/uploads\/sites\/5\/2020\/10\/iBomber-Defense-Axis-Campaign-06.-South-East-Europe-Heat-Wave-3-512x288.jpg 512w, https:\/\/ibomberdefense.standardof.net\/wp-content\/uploads\/sites\/5\/2020\/10\/iBomber-Defense-Axis-Campaign-06.-South-East-Europe-Heat-Wave-3-200x113.jpg 200w, https:\/\/ibomberdefense.standardof.net\/wp-content\/uploads\/sites\/5\/2020\/10\/iBomber-Defense-Axis-Campaign-06.-South-East-Europe-Heat-Wave-3-768x432.jpg 768w, https:\/\/ibomberdefense.standardof.net\/wp-content\/uploads\/sites\/5\/2020\/10\/iBomber-Defense-Axis-Campaign-06.-South-East-Europe-Heat-Wave-3-16x9.jpg 16w, https:\/\/ibomberdefense.standardof.net\/wp-content\/uploads\/sites\/5\/2020\/10\/iBomber-Defense-Axis-Campaign-06.-South-East-Europe-Heat-Wave-3.jpg 1280w\" sizes=\"(max-width: 800px) 100vw, 800px\" \/><\/a><figcaption class=\"blocks-gallery-item__caption\">Placement de la tourelle Wave 20.<\/figcaption><\/figure><\/li><\/ul><\/figure>\n\n\n\n<p>Repartir de son temps pour l&#039;investissement initial des tourelles de mitrailleuses, en les pla\u00e7ant juste au point de rencontre des routes \u00e0 c\u00f4t\u00e9 de votre base. Essayez d&#039;en avoir 5 au maximum \u00e0 la fin du niveau 10.<\/p>\n\n\n\n<p>En continuant dans le niveau, assurez-vous que votre AA est plac\u00e9 \u00e0 la fin de la vague 14 pour accueillir les premiers groupes d&#039;avions \u00e0 15. \u00c0 part cela, assurez-vous d&#039;\u00e9conomiser pour une arme X qui peut \u00eatre plac\u00e9e \u00e0 c\u00f4t\u00e9 de certains tourelles am\u00e9lior\u00e9es pour une puissance de feu accrue. Comme la mission pr\u00e9c\u00e9dente et les suivantes, ce sont vos atouts dans le trou.<\/p>\n\n\n\n<p>\u00c0 partir de la vague 20, \u00e9conomisez pour placer une tourelle Inferno sur chacun des chemins principaux qui se rencontrent avant votre base pour g\u00e9rer leur flux. \u00c0 la vague 30, vous devriez avoir 2 tourelles AA de deuxi\u00e8me niveau, une mise \u00e0 niveau de deuxi\u00e8me niveau de votre arme X et le reste de votre argent d\u00e9pens\u00e9 pour les canons de niveau 3.<\/p>\n\n\n\n<div class=\"wp-block-image\"><figure class=\"aligncenter size-large\"><a href=\"https:\/\/ibomberdefense.standardof.net\/fr\/guide\/axe-campagne\/6-canicule-sud-est-europe\/ibomber-defense-axis-campaign-06-south-east-europe-heat-wave-4\/\"><img decoding=\"async\" width=\"800\" height=\"450\" src=\"https:\/\/ibomberdefense.standardof.net\/wp-content\/uploads\/sites\/5\/2020\/10\/iBomber-Defense-Axis-Campaign-06.-South-East-Europe-Heat-Wave-4-800x450.jpg\" alt=\"&quot;iBomber Defense&quot; - Campagne de l&#039;Axe - 06. Europe du Sud-Est: vague de chaleur (4)\" class=\"wp-image-99\" title=\"\" srcset=\"https:\/\/ibomberdefense.standardof.net\/wp-content\/uploads\/sites\/5\/2020\/10\/iBomber-Defense-Axis-Campaign-06.-South-East-Europe-Heat-Wave-4-800x450.jpg 800w, https:\/\/ibomberdefense.standardof.net\/wp-content\/uploads\/sites\/5\/2020\/10\/iBomber-Defense-Axis-Campaign-06.-South-East-Europe-Heat-Wave-4-512x288.jpg 512w, https:\/\/ibomberdefense.standardof.net\/wp-content\/uploads\/sites\/5\/2020\/10\/iBomber-Defense-Axis-Campaign-06.-South-East-Europe-Heat-Wave-4-200x113.jpg 200w, https:\/\/ibomberdefense.standardof.net\/wp-content\/uploads\/sites\/5\/2020\/10\/iBomber-Defense-Axis-Campaign-06.-South-East-Europe-Heat-Wave-4-768x432.jpg 768w, https:\/\/ibomberdefense.standardof.net\/wp-content\/uploads\/sites\/5\/2020\/10\/iBomber-Defense-Axis-Campaign-06.-South-East-Europe-Heat-Wave-4-16x9.jpg 16w, https:\/\/ibomberdefense.standardof.net\/wp-content\/uploads\/sites\/5\/2020\/10\/iBomber-Defense-Axis-Campaign-06.-South-East-Europe-Heat-Wave-4.jpg 1280w\" sizes=\"(max-width: 800px) 100vw, 800px\" \/><\/a><figcaption>Placement de la tourelle \u00e0 la fin de la vague 30.<\/figcaption><\/figure><\/div>\n\n\n\n<h3 class=\"wp-block-heading\"><strong>D\u00e9penses en points de victoire<\/strong><\/h3>\n\n\n\n<p>C&#039;est le moment id\u00e9al pour mettre un troisi\u00e8me point dans la mise \u00e0 niveau Acheter, en vous donnant les plus gros fonds de d\u00e9part possibles qui peuvent faire toute la diff\u00e9rence \u00e0 partir de maintenant. Les tourelles AA de troisi\u00e8me niveau sont \u00e9galement pr\u00e9cieuses \u00e9tant donn\u00e9 que leur armement sera n\u00e9cessaire et il est pr\u00e9f\u00e9rable de ne pas gaspiller d&#039;espace sur plusieurs canons AA de niveau 2 o\u00f9 quelques niveaux 3 feront tr\u00e8s bien l&#039;affaire.<\/p>\n\n\n\n<p>Tout devrait maintenant \u00eatre au maximum sauf pour Firestorm, X-Weapon et Repair qui devraient \u00eatre au niveau 2.<\/p>\n\n\n\n<hr class=\"wp-block-separator\"\/>\n\n\n\n<h4 class=\"has-text-align-center wp-block-heading\">Guide vid\u00e9o<\/h4>\n\n\n\n<figure class=\"wp-block-embed-youtube wp-block-embed is-type-video is-provider-youtube wp-embed-aspect-16-9 wp-has-aspect-ratio\"><div class=\"wp-block-embed__wrapper\">\n<div class=\"ast-oembed-container\" style=\"height: 100%;\"><iframe title=\"iBomber Defense - Europe du Sud-Est - Canicule - V\u00e9t\u00e9ran + Parfait\" width=\"500\" height=\"281\" src=\"https:\/\/www.youtube.com\/embed\/3JA-d9zddsg?feature=oembed\" frameborder=\"0\" allow=\"accelerometer; autoplay; clipboard-write; encrypted-media; gyroscope; picture-in-picture; web-share\" referrerpolicy=\"strict-origin-when-cross-origin\" allowfullscreen><\/iframe><\/div>\n<\/div><\/figure>","protected":false},"excerpt":{"rendered":"<p>In South East Europe, &#8220;Heat Wave&#8221; you return to some familiar grounds, however changed in a way in which it is aptly named. The lake which previously existed here has completely dried up, still keeping you from placing turrets in this area, however opening up a new rout of attack against your base. The ground [&hellip;]<\/p>","protected":false},"author":1,"featured_media":99,"parent":268,"menu_order":6,"comment_status":"open","ping_status":"closed","template":"","meta":{"_uag_custom_page_level_css":"","site-sidebar-layout":"default","site-content-layout":"default","ast-site-content-layout":"","site-content-style":"default","site-sidebar-style":"default","ast-global-header-display":"","ast-banner-title-visibility":"","ast-main-header-display":"","ast-hfb-above-header-display":"","ast-hfb-below-header-display":"","ast-hfb-mobile-header-display":"","site-post-title":"","ast-breadcrumbs-content":"","ast-featured-img":"","footer-sml-layout":"","theme-transparent-header-meta":"default","adv-header-id-meta":"","stick-header-meta":"","header-above-stick-meta":"","header-main-stick-meta":"","header-below-stick-meta":"","astra-migrate-meta-layouts":"default","ast-page-background-enabled":"default","ast-page-background-meta":{"desktop":{"background-color":"","background-image":"","background-repeat":"repeat","background-position":"center center","background-size":"auto","background-attachment":"scroll","background-type":"","background-media":"","overlay-type":"","overlay-color":"","overlay-gradient":""},"tablet":{"background-color":"","background-image":"","background-repeat":"repeat","background-position":"center center","background-size":"auto","background-attachment":"scroll","background-type":"","background-media":"","overlay-type":"","overlay-color":"","overlay-gradient":""},"mobile":{"background-color":"","background-image":"","background-repeat":"repeat","background-position":"center center","background-size":"auto","background-attachment":"scroll","background-type":"","background-media":"","overlay-type":"","overlay-color":"","overlay-gradient":""}},"ast-content-background-meta":{"desktop":{"background-color":"var(--ast-global-color-5)","background-image":"","background-repeat":"repeat","background-position":"center center","background-size":"auto","background-attachment":"scroll","background-type":"","background-media":"","overlay-type":"","overlay-color":"","overlay-gradient":""},"tablet":{"background-color":"var(--ast-global-color-5)","background-image":"","background-repeat":"repeat","background-position":"center center","background-size":"auto","background-attachment":"scroll","background-type":"","background-media":"","overlay-type":"","overlay-color":"","overlay-gradient":""},"mobile":{"background-color":"var(--ast-global-color-5)","background-image":"","background-repeat":"repeat","background-position":"center center","background-size":"auto","background-attachment":"scroll","background-type":"","background-media":"","overlay-type":"","overlay-color":"","overlay-gradient":""}},"footnotes":""},"uagb_featured_image_src":{"full":["https:\/\/ibomberdefense.standardof.net\/wp-content\/uploads\/sites\/5\/2020\/10\/iBomber-Defense-Axis-Campaign-06.-South-East-Europe-Heat-Wave-4.jpg",1280,720,false],"thumbnail":["https:\/\/ibomberdefense.standardof.net\/wp-content\/uploads\/sites\/5\/2020\/10\/iBomber-Defense-Axis-Campaign-06.-South-East-Europe-Heat-Wave-4-200x113.jpg",200,113,true],"medium":["https:\/\/ibomberdefense.standardof.net\/wp-content\/uploads\/sites\/5\/2020\/10\/iBomber-Defense-Axis-Campaign-06.-South-East-Europe-Heat-Wave-4-512x288.jpg",512,288,true],"medium_large":["https:\/\/ibomberdefense.standardof.net\/wp-content\/uploads\/sites\/5\/2020\/10\/iBomber-Defense-Axis-Campaign-06.-South-East-Europe-Heat-Wave-4-768x432.jpg",768,432,true],"large":["https:\/\/ibomberdefense.standardof.net\/wp-content\/uploads\/sites\/5\/2020\/10\/iBomber-Defense-Axis-Campaign-06.-South-East-Europe-Heat-Wave-4-800x450.jpg",800,450,true],"1536x1536":["https:\/\/ibomberdefense.standardof.net\/wp-content\/uploads\/sites\/5\/2020\/10\/iBomber-Defense-Axis-Campaign-06.-South-East-Europe-Heat-Wave-4.jpg",1280,720,false],"2048x2048":["https:\/\/ibomberdefense.standardof.net\/wp-content\/uploads\/sites\/5\/2020\/10\/iBomber-Defense-Axis-Campaign-06.-South-East-Europe-Heat-Wave-4.jpg",1280,720,false],"trp-custom-language-flag":["https:\/\/ibomberdefense.standardof.net\/wp-content\/uploads\/sites\/5\/2020\/10\/iBomber-Defense-Axis-Campaign-06.-South-East-Europe-Heat-Wave-4-16x9.jpg",16,9,true]},"uagb_author_info":{"display_name":"SOE","author_link":"https:\/\/ibomberdefense.standardof.net\/fr\/author\/k-tastic\/"},"uagb_comment_info":0,"uagb_excerpt":"In South East Europe, &#8220;Heat Wave&#8221; you return to some familiar grounds, however changed in a way in which it is aptly named. The lake which previously existed here has completely dried up, still keeping you from placing turrets in this area, however opening up a new rout of attack against your base. The ground&hellip;","_links":{"self":[{"href":"https:\/\/ibomberdefense.standardof.net\/fr\/wp-json\/wp\/v2\/pages\/326"}],"collection":[{"href":"https:\/\/ibomberdefense.standardof.net\/fr\/wp-json\/wp\/v2\/pages"}],"about":[{"href":"https:\/\/ibomberdefense.standardof.net\/fr\/wp-json\/wp\/v2\/types\/page"}],"author":[{"embeddable":true,"href":"https:\/\/ibomberdefense.standardof.net\/fr\/wp-json\/wp\/v2\/users\/1"}],"replies":[{"embeddable":true,"href":"https:\/\/ibomberdefense.standardof.net\/fr\/wp-json\/wp\/v2\/comments?post=326"}],"version-history":[{"count":0,"href":"https:\/\/ibomberdefense.standardof.net\/fr\/wp-json\/wp\/v2\/pages\/326\/revisions"}],"up":[{"embeddable":true,"href":"https:\/\/ibomberdefense.standardof.net\/fr\/wp-json\/wp\/v2\/pages\/268"}],"wp:featuredmedia":[{"embeddable":true,"href":"https:\/\/ibomberdefense.standardof.net\/fr\/wp-json\/wp\/v2\/media\/99"}],"wp:attachment":[{"href":"https:\/\/ibomberdefense.standardof.net\/fr\/wp-json\/wp\/v2\/media?parent=326"}],"curies":[{"name":"wp","href":"https:\/\/api.w.org\/{rel}","templated":true}]}}