{"id":327,"date":"2020-10-19T07:17:58","date_gmt":"2020-10-19T07:17:58","guid":{"rendered":"https:\/\/ibomberdefense.standardof.net\/?page_id=327"},"modified":"2020-10-19T08:05:28","modified_gmt":"2020-10-19T08:05:28","slug":"7-eastern-mediterranean-tigershark","status":"publish","type":"page","link":"https:\/\/ibomberdefense.standardof.net\/fr\/guide\/axe-campagne\/7-requin-tigre-de-mediterranee-orientale\/","title":{"rendered":"7. M\u00e9diterran\u00e9e orientale: Tigershark"},"content":{"rendered":"<div class=\"wp-block-image\"><figure class=\"aligncenter size-large\"><a href=\"https:\/\/ibomberdefense.standardof.net\/fr\/guide\/axe-campagne\/7-requin-tigre-de-mediterranee-orientale\/ibomber-defense-axis-campaign-07-eastern-mediterranean-tigershark-1\/\"><img decoding=\"async\" width=\"800\" height=\"450\" src=\"https:\/\/ibomberdefense.standardof.net\/wp-content\/uploads\/sites\/5\/2020\/10\/iBomber-Defense-Axis-Campaign-07.-Eastern-Mediterranean-Tigershark-1-800x450.jpg\" alt=\"&quot;iBomber Defense&quot; - Campagne de l&#039;Axe - 07. M\u00e9diterran\u00e9e orientale: Tigershark (1)\" class=\"wp-image-100\" title=\"\" srcset=\"https:\/\/ibomberdefense.standardof.net\/wp-content\/uploads\/sites\/5\/2020\/10\/iBomber-Defense-Axis-Campaign-07.-Eastern-Mediterranean-Tigershark-1-800x450.jpg 800w, https:\/\/ibomberdefense.standardof.net\/wp-content\/uploads\/sites\/5\/2020\/10\/iBomber-Defense-Axis-Campaign-07.-Eastern-Mediterranean-Tigershark-1-512x288.jpg 512w, https:\/\/ibomberdefense.standardof.net\/wp-content\/uploads\/sites\/5\/2020\/10\/iBomber-Defense-Axis-Campaign-07.-Eastern-Mediterranean-Tigershark-1-200x113.jpg 200w, https:\/\/ibomberdefense.standardof.net\/wp-content\/uploads\/sites\/5\/2020\/10\/iBomber-Defense-Axis-Campaign-07.-Eastern-Mediterranean-Tigershark-1-768x432.jpg 768w, https:\/\/ibomberdefense.standardof.net\/wp-content\/uploads\/sites\/5\/2020\/10\/iBomber-Defense-Axis-Campaign-07.-Eastern-Mediterranean-Tigershark-1-16x9.jpg 16w, https:\/\/ibomberdefense.standardof.net\/wp-content\/uploads\/sites\/5\/2020\/10\/iBomber-Defense-Axis-Campaign-07.-Eastern-Mediterranean-Tigershark-1.jpg 1280w\" sizes=\"(max-width: 800px) 100vw, 800px\" \/><\/a><figcaption>Carte des routes emprunt\u00e9es par les unit\u00e9s ennemies au niveau de la M\u00e9diterran\u00e9e orientale \u00abTigershark\u00bb dans le jeu vid\u00e9o \u00abiBomber Defense\u00bb. Le chemin bleu indique les avions.<\/figcaption><\/figure><\/div>\n\n\n\n<p>La mission num\u00e9ro sept de la campagne de l&#039;Axe vous confronte d\u00e9sormais \u00e0 un total de quarante vagues d&#039;ennemis, tous s&#039;approchant de trois chemins diff\u00e9rents du sud-ouest. Les navires de la marine commenceront le niveau, mais assurez-vous que vous \u00eates pr\u00eat pour la vague 20 lorsque l&#039;avion se pr\u00e9sentera.<\/p>\n\n\n\n<p>Le placement de la tourelle doit se concentrer sur l&#039;utilisation de l&#039;espace le plus proche de l&#039;endroit o\u00f9 les chemins se rencontrent vers l&#039;est de la carte le long de la petite \u00eele o\u00f9 les chemins convergent.<\/p>\n\n\n\n<h3 class=\"wp-block-heading\"><strong>Placement de la tourelle<\/strong><\/h3>\n\n\n\n<figure class=\"wp-block-gallery columns-2 is-cropped wp-block-gallery-1 is-layout-flex wp-block-gallery-is-layout-flex\"><ul class=\"blocks-gallery-grid\"><li class=\"blocks-gallery-item\"><figure><a href=\"https:\/\/ibomberdefense.standardof.net\/fr\/guide\/axe-campagne\/7-requin-tigre-de-mediterranee-orientale\/ibomber-defense-axis-campaign-07-eastern-mediterranean-tigershark-2\/\"><img decoding=\"async\" width=\"800\" height=\"450\" src=\"https:\/\/ibomberdefense.standardof.net\/wp-content\/uploads\/sites\/5\/2020\/10\/iBomber-Defense-Axis-Campaign-07.-Eastern-Mediterranean-Tigershark-2-800x450.jpg\" alt=\"&quot;iBomber Defense&quot; - Campagne de l&#039;Axe - 07. M\u00e9diterran\u00e9e orientale: Tigershark (2)\" data-id=\"101\" data-full-url=\"https:\/\/ibomberdefense.standardof.net\/wp-content\/uploads\/sites\/5\/2020\/10\/iBomber-Defense-Axis-Campaign-07.-Eastern-Mediterranean-Tigershark-2.jpg\" data-link=\"https:\/\/ibomberdefense.standardof.net\/guide\/axis-campaign\/7-eastern-mediterranean-tigershark\/ibomber-defense-axis-campaign-07-eastern-mediterranean-tigershark-2\/\" class=\"wp-image-101\" title=\"\" srcset=\"https:\/\/ibomberdefense.standardof.net\/wp-content\/uploads\/sites\/5\/2020\/10\/iBomber-Defense-Axis-Campaign-07.-Eastern-Mediterranean-Tigershark-2-800x450.jpg 800w, https:\/\/ibomberdefense.standardof.net\/wp-content\/uploads\/sites\/5\/2020\/10\/iBomber-Defense-Axis-Campaign-07.-Eastern-Mediterranean-Tigershark-2-512x288.jpg 512w, https:\/\/ibomberdefense.standardof.net\/wp-content\/uploads\/sites\/5\/2020\/10\/iBomber-Defense-Axis-Campaign-07.-Eastern-Mediterranean-Tigershark-2-200x113.jpg 200w, https:\/\/ibomberdefense.standardof.net\/wp-content\/uploads\/sites\/5\/2020\/10\/iBomber-Defense-Axis-Campaign-07.-Eastern-Mediterranean-Tigershark-2-768x432.jpg 768w, https:\/\/ibomberdefense.standardof.net\/wp-content\/uploads\/sites\/5\/2020\/10\/iBomber-Defense-Axis-Campaign-07.-Eastern-Mediterranean-Tigershark-2-16x9.jpg 16w, https:\/\/ibomberdefense.standardof.net\/wp-content\/uploads\/sites\/5\/2020\/10\/iBomber-Defense-Axis-Campaign-07.-Eastern-Mediterranean-Tigershark-2.jpg 1280w\" sizes=\"(max-width: 800px) 100vw, 800px\" \/><\/a><figcaption class=\"blocks-gallery-item__caption\">Placement de la tourelle Wave 10.<\/figcaption><\/figure><\/li><li class=\"blocks-gallery-item\"><figure><a href=\"https:\/\/ibomberdefense.standardof.net\/fr\/guide\/axe-campagne\/7-requin-tigre-de-mediterranee-orientale\/ibomber-defense-axis-campaign-07-eastern-mediterranean-tigershark-3\/\"><img decoding=\"async\" width=\"800\" height=\"450\" src=\"https:\/\/ibomberdefense.standardof.net\/wp-content\/uploads\/sites\/5\/2020\/10\/iBomber-Defense-Axis-Campaign-07.-Eastern-Mediterranean-Tigershark-3-800x450.jpg\" alt=\"&quot;iBomber Defense&quot; - Campagne de l&#039;Axe - 07. M\u00e9diterran\u00e9e orientale: Tigershark (3)\" data-id=\"102\" data-full-url=\"https:\/\/ibomberdefense.standardof.net\/wp-content\/uploads\/sites\/5\/2020\/10\/iBomber-Defense-Axis-Campaign-07.-Eastern-Mediterranean-Tigershark-3.jpg\" data-link=\"https:\/\/ibomberdefense.standardof.net\/guide\/axis-campaign\/7-eastern-mediterranean-tigershark\/ibomber-defense-axis-campaign-07-eastern-mediterranean-tigershark-3\/\" class=\"wp-image-102\" title=\"\" srcset=\"https:\/\/ibomberdefense.standardof.net\/wp-content\/uploads\/sites\/5\/2020\/10\/iBomber-Defense-Axis-Campaign-07.-Eastern-Mediterranean-Tigershark-3-800x450.jpg 800w, https:\/\/ibomberdefense.standardof.net\/wp-content\/uploads\/sites\/5\/2020\/10\/iBomber-Defense-Axis-Campaign-07.-Eastern-Mediterranean-Tigershark-3-512x288.jpg 512w, https:\/\/ibomberdefense.standardof.net\/wp-content\/uploads\/sites\/5\/2020\/10\/iBomber-Defense-Axis-Campaign-07.-Eastern-Mediterranean-Tigershark-3-200x113.jpg 200w, https:\/\/ibomberdefense.standardof.net\/wp-content\/uploads\/sites\/5\/2020\/10\/iBomber-Defense-Axis-Campaign-07.-Eastern-Mediterranean-Tigershark-3-768x432.jpg 768w, https:\/\/ibomberdefense.standardof.net\/wp-content\/uploads\/sites\/5\/2020\/10\/iBomber-Defense-Axis-Campaign-07.-Eastern-Mediterranean-Tigershark-3-16x9.jpg 16w, https:\/\/ibomberdefense.standardof.net\/wp-content\/uploads\/sites\/5\/2020\/10\/iBomber-Defense-Axis-Campaign-07.-Eastern-Mediterranean-Tigershark-3.jpg 1280w\" sizes=\"(max-width: 800px) 100vw, 800px\" \/><\/a><figcaption class=\"blocks-gallery-item__caption\">Placement de la tourelle Wave 20.<\/figcaption><\/figure><\/li><\/ul><\/figure>\n\n\n\n<p>Les premi\u00e8res tourelles plac\u00e9es devraient \u00eatre deux tourelles de mitrailleuse sur la petite \u00eele sur les espaces en bas \u00e0 droite et en haut \u00e0 gauche. Le troisi\u00e8me espace en haut \u00e0 droite devrait \u00eatre occup\u00e9 par un Inferno apr\u00e8s que ces mitrailleuses et un troisi\u00e8me par la convergence soient mis \u00e0 niveau au niveau maximum.<\/p>\n\n\n\n<p>La vague 20 apporte avec elle des avions ennemis, donc placer une tourelle AA de niveau un devrait \u00eatre une priorit\u00e9 absolue \u00e0 la fin de la vague 19. Avant cela, construisez des canons sur les c\u00f4t\u00e9s nord et sud de la zone de convergence. Du niveau 20 \u00e0 trente, travaillez pour obtenir une arme X de 2e niveau avec un boost maximum tout en travaillant sur plus de canon et AA si n\u00e9cessaire.<\/p>\n\n\n\n<p>Lorsque vous atteignez la derni\u00e8re vague de vagues vers les derniers d\u00e9fis, \u00e9conomisez pour une deuxi\u00e8me X-Weapon et placez-la quelque part o\u00f9 elle peut obtenir un coup de pouce d\u00e9cent des tourelles \u00e0 proximit\u00e9. Il y aura une contre-attaque ici \u00e0 un niveau futur, il vaut donc la peine de construire autant que possible, m\u00eame si d\u00e9j\u00e0 surpuissant l&#039;ennemi. Si vous le pouvez, essayez de vendre les tourelles de la petite \u00eele juste avant de terminer la mission et utilisez-les pour construire autre chose, car elles seront d\u00e9truites dans les premiers instants de la contre-attaque.<\/p>\n\n\n\n<figure class=\"wp-block-gallery columns-2 is-cropped wp-block-gallery-2 is-layout-flex wp-block-gallery-is-layout-flex\"><ul class=\"blocks-gallery-grid\"><li class=\"blocks-gallery-item\"><figure><a href=\"https:\/\/ibomberdefense.standardof.net\/fr\/guide\/axe-campagne\/7-requin-tigre-de-mediterranee-orientale\/ibomber-defense-axis-campaign-07-eastern-mediterranean-tigershark-4\/\"><img decoding=\"async\" width=\"800\" height=\"450\" src=\"https:\/\/ibomberdefense.standardof.net\/wp-content\/uploads\/sites\/5\/2020\/10\/iBomber-Defense-Axis-Campaign-07.-Eastern-Mediterranean-Tigershark-4-800x450.jpg\" alt=\"&quot;iBomber Defense&quot; - Campagne de l&#039;Axe - 07. M\u00e9diterran\u00e9e orientale: Tigershark (4)\" data-id=\"103\" data-full-url=\"https:\/\/ibomberdefense.standardof.net\/wp-content\/uploads\/sites\/5\/2020\/10\/iBomber-Defense-Axis-Campaign-07.-Eastern-Mediterranean-Tigershark-4.jpg\" data-link=\"https:\/\/ibomberdefense.standardof.net\/guide\/axis-campaign\/7-eastern-mediterranean-tigershark\/ibomber-defense-axis-campaign-07-eastern-mediterranean-tigershark-4\/\" class=\"wp-image-103\" title=\"\" srcset=\"https:\/\/ibomberdefense.standardof.net\/wp-content\/uploads\/sites\/5\/2020\/10\/iBomber-Defense-Axis-Campaign-07.-Eastern-Mediterranean-Tigershark-4-800x450.jpg 800w, https:\/\/ibomberdefense.standardof.net\/wp-content\/uploads\/sites\/5\/2020\/10\/iBomber-Defense-Axis-Campaign-07.-Eastern-Mediterranean-Tigershark-4-512x288.jpg 512w, https:\/\/ibomberdefense.standardof.net\/wp-content\/uploads\/sites\/5\/2020\/10\/iBomber-Defense-Axis-Campaign-07.-Eastern-Mediterranean-Tigershark-4-200x113.jpg 200w, https:\/\/ibomberdefense.standardof.net\/wp-content\/uploads\/sites\/5\/2020\/10\/iBomber-Defense-Axis-Campaign-07.-Eastern-Mediterranean-Tigershark-4-768x432.jpg 768w, https:\/\/ibomberdefense.standardof.net\/wp-content\/uploads\/sites\/5\/2020\/10\/iBomber-Defense-Axis-Campaign-07.-Eastern-Mediterranean-Tigershark-4-16x9.jpg 16w, https:\/\/ibomberdefense.standardof.net\/wp-content\/uploads\/sites\/5\/2020\/10\/iBomber-Defense-Axis-Campaign-07.-Eastern-Mediterranean-Tigershark-4.jpg 1280w\" sizes=\"(max-width: 800px) 100vw, 800px\" \/><\/a><figcaption class=\"blocks-gallery-item__caption\">Placement de la tourelle Wave 30.<\/figcaption><\/figure><\/li><li class=\"blocks-gallery-item\"><figure><a href=\"https:\/\/ibomberdefense.standardof.net\/fr\/guide\/axe-campagne\/7-requin-tigre-de-mediterranee-orientale\/ibomber-defense-axis-campaign-07-eastern-mediterranean-tigershark-5\/\"><img decoding=\"async\" width=\"800\" height=\"450\" src=\"https:\/\/ibomberdefense.standardof.net\/wp-content\/uploads\/sites\/5\/2020\/10\/iBomber-Defense-Axis-Campaign-07.-Eastern-Mediterranean-Tigershark-5-800x450.jpg\" alt=\"&quot;iBomber Defense&quot; - Campagne de l&#039;Axe - 07. M\u00e9diterran\u00e9e orientale: Tigershark (5)\" data-id=\"104\" data-full-url=\"https:\/\/ibomberdefense.standardof.net\/wp-content\/uploads\/sites\/5\/2020\/10\/iBomber-Defense-Axis-Campaign-07.-Eastern-Mediterranean-Tigershark-5.jpg\" data-link=\"https:\/\/ibomberdefense.standardof.net\/guide\/axis-campaign\/7-eastern-mediterranean-tigershark\/ibomber-defense-axis-campaign-07-eastern-mediterranean-tigershark-5\/\" class=\"wp-image-104\" title=\"\" srcset=\"https:\/\/ibomberdefense.standardof.net\/wp-content\/uploads\/sites\/5\/2020\/10\/iBomber-Defense-Axis-Campaign-07.-Eastern-Mediterranean-Tigershark-5-800x450.jpg 800w, https:\/\/ibomberdefense.standardof.net\/wp-content\/uploads\/sites\/5\/2020\/10\/iBomber-Defense-Axis-Campaign-07.-Eastern-Mediterranean-Tigershark-5-512x288.jpg 512w, https:\/\/ibomberdefense.standardof.net\/wp-content\/uploads\/sites\/5\/2020\/10\/iBomber-Defense-Axis-Campaign-07.-Eastern-Mediterranean-Tigershark-5-200x113.jpg 200w, https:\/\/ibomberdefense.standardof.net\/wp-content\/uploads\/sites\/5\/2020\/10\/iBomber-Defense-Axis-Campaign-07.-Eastern-Mediterranean-Tigershark-5-768x432.jpg 768w, https:\/\/ibomberdefense.standardof.net\/wp-content\/uploads\/sites\/5\/2020\/10\/iBomber-Defense-Axis-Campaign-07.-Eastern-Mediterranean-Tigershark-5-16x9.jpg 16w, https:\/\/ibomberdefense.standardof.net\/wp-content\/uploads\/sites\/5\/2020\/10\/iBomber-Defense-Axis-Campaign-07.-Eastern-Mediterranean-Tigershark-5.jpg 1280w\" sizes=\"(max-width: 800px) 100vw, 800px\" \/><\/a><figcaption class=\"blocks-gallery-item__caption\">Placement de la tourelle Wave 40.<\/figcaption><\/figure><\/li><\/ul><\/figure>\n\n\n\n<h3 class=\"wp-block-heading\"><strong>D\u00e9penses en points de victoire<\/strong><\/h3>\n\n\n\n<p>La plupart du temps, tout est au maximum \u00e0 ce stade avec 3 options \u00e0 choisir et deux points \u00e0 d\u00e9penser. J&#039;ai d\u00e9cid\u00e9 d&#039;aller avec le 2\u00e8me niveau de l&#039;arme X et de la r\u00e9paration, car les temp\u00eates de feu de 2\u00e8me niveau servent toujours assez bien leur objectif. \u00c0 ce stade, le Firestorm est la seule chose qui ne soit pas au niveau 3 (2).<\/p>\n\n\n\n<hr class=\"wp-block-separator\"\/>\n\n\n\n<h4 class=\"has-text-align-center wp-block-heading\">Guide vid\u00e9o<\/h4>\n\n\n\n<figure class=\"wp-block-embed-youtube wp-block-embed is-type-video is-provider-youtube wp-embed-aspect-16-9 wp-has-aspect-ratio\"><div class=\"wp-block-embed__wrapper\">\n<div class=\"ast-oembed-container\" style=\"height: 100%;\"><iframe title=\"iBomber Defense - M\u00e9diterran\u00e9e orientale - Tigershark - V\u00e9t\u00e9ran + Parfait\" width=\"500\" height=\"281\" src=\"https:\/\/www.youtube.com\/embed\/Zh013SOZgjQ?feature=oembed\" frameborder=\"0\" allow=\"accelerometer; autoplay; clipboard-write; encrypted-media; gyroscope; picture-in-picture; web-share\" referrerpolicy=\"strict-origin-when-cross-origin\" allowfullscreen><\/iframe><\/div>\n<\/div><\/figure>","protected":false},"excerpt":{"rendered":"<p>Mission number seven in the Axis campaign now has you facing a total of forty waves of enemies, all approaching from three different paths from the Southwest. Naval vessels will start off the level but make sure you are prepared for wave 20 when the aircraft show up. Turret placement should focus on utilizing the [&hellip;]<\/p>","protected":false},"author":1,"featured_media":104,"parent":268,"menu_order":7,"comment_status":"open","ping_status":"closed","template":"","meta":{"_uag_custom_page_level_css":"","site-sidebar-layout":"default","site-content-layout":"default","ast-site-content-layout":"","site-content-style":"default","site-sidebar-style":"default","ast-global-header-display":"","ast-banner-title-visibility":"","ast-main-header-display":"","ast-hfb-above-header-display":"","ast-hfb-below-header-display":"","ast-hfb-mobile-header-display":"","site-post-title":"","ast-breadcrumbs-content":"","ast-featured-img":"","footer-sml-layout":"","theme-transparent-header-meta":"default","adv-header-id-meta":"","stick-header-meta":"","header-above-stick-meta":"","header-main-stick-meta":"","header-below-stick-meta":"","astra-migrate-meta-layouts":"default","ast-page-background-enabled":"default","ast-page-background-meta":{"desktop":{"background-color":"","background-image":"","background-repeat":"repeat","background-position":"center center","background-size":"auto","background-attachment":"scroll","background-type":"","background-media":"","overlay-type":"","overlay-color":"","overlay-gradient":""},"tablet":{"background-color":"","background-image":"","background-repeat":"repeat","background-position":"center center","background-size":"auto","background-attachment":"scroll","background-type":"","background-media":"","overlay-type":"","overlay-color":"","overlay-gradient":""},"mobile":{"background-color":"","background-image":"","background-repeat":"repeat","background-position":"center center","background-size":"auto","background-attachment":"scroll","background-type":"","background-media":"","overlay-type":"","overlay-color":"","overlay-gradient":""}},"ast-content-background-meta":{"desktop":{"background-color":"var(--ast-global-color-5)","background-image":"","background-repeat":"repeat","background-position":"center center","background-size":"auto","background-attachment":"scroll","background-type":"","background-media":"","overlay-type":"","overlay-color":"","overlay-gradient":""},"tablet":{"background-color":"var(--ast-global-color-5)","background-image":"","background-repeat":"repeat","background-position":"center center","background-size":"auto","background-attachment":"scroll","background-type":"","background-media":"","overlay-type":"","overlay-color":"","overlay-gradient":""},"mobile":{"background-color":"var(--ast-global-color-5)","background-image":"","background-repeat":"repeat","background-position":"center center","background-size":"auto","background-attachment":"scroll","background-type":"","background-media":"","overlay-type":"","overlay-color":"","overlay-gradient":""}},"footnotes":""},"uagb_featured_image_src":{"full":["https:\/\/ibomberdefense.standardof.net\/wp-content\/uploads\/sites\/5\/2020\/10\/iBomber-Defense-Axis-Campaign-07.-Eastern-Mediterranean-Tigershark-5.jpg",1280,720,false],"thumbnail":["https:\/\/ibomberdefense.standardof.net\/wp-content\/uploads\/sites\/5\/2020\/10\/iBomber-Defense-Axis-Campaign-07.-Eastern-Mediterranean-Tigershark-5-200x113.jpg",200,113,true],"medium":["https:\/\/ibomberdefense.standardof.net\/wp-content\/uploads\/sites\/5\/2020\/10\/iBomber-Defense-Axis-Campaign-07.-Eastern-Mediterranean-Tigershark-5-512x288.jpg",512,288,true],"medium_large":["https:\/\/ibomberdefense.standardof.net\/wp-content\/uploads\/sites\/5\/2020\/10\/iBomber-Defense-Axis-Campaign-07.-Eastern-Mediterranean-Tigershark-5-768x432.jpg",768,432,true],"large":["https:\/\/ibomberdefense.standardof.net\/wp-content\/uploads\/sites\/5\/2020\/10\/iBomber-Defense-Axis-Campaign-07.-Eastern-Mediterranean-Tigershark-5-800x450.jpg",800,450,true],"1536x1536":["https:\/\/ibomberdefense.standardof.net\/wp-content\/uploads\/sites\/5\/2020\/10\/iBomber-Defense-Axis-Campaign-07.-Eastern-Mediterranean-Tigershark-5.jpg",1280,720,false],"2048x2048":["https:\/\/ibomberdefense.standardof.net\/wp-content\/uploads\/sites\/5\/2020\/10\/iBomber-Defense-Axis-Campaign-07.-Eastern-Mediterranean-Tigershark-5.jpg",1280,720,false],"trp-custom-language-flag":["https:\/\/ibomberdefense.standardof.net\/wp-content\/uploads\/sites\/5\/2020\/10\/iBomber-Defense-Axis-Campaign-07.-Eastern-Mediterranean-Tigershark-5-16x9.jpg",16,9,true]},"uagb_author_info":{"display_name":"SOE","author_link":"https:\/\/ibomberdefense.standardof.net\/fr\/author\/k-tastic\/"},"uagb_comment_info":0,"uagb_excerpt":"Mission number seven in the Axis campaign now has you facing a total of forty waves of enemies, all approaching from three different paths from the Southwest. Naval vessels will start off the level but make sure you are prepared for wave 20 when the aircraft show up. Turret placement should focus on utilizing the&hellip;","_links":{"self":[{"href":"https:\/\/ibomberdefense.standardof.net\/fr\/wp-json\/wp\/v2\/pages\/327"}],"collection":[{"href":"https:\/\/ibomberdefense.standardof.net\/fr\/wp-json\/wp\/v2\/pages"}],"about":[{"href":"https:\/\/ibomberdefense.standardof.net\/fr\/wp-json\/wp\/v2\/types\/page"}],"author":[{"embeddable":true,"href":"https:\/\/ibomberdefense.standardof.net\/fr\/wp-json\/wp\/v2\/users\/1"}],"replies":[{"embeddable":true,"href":"https:\/\/ibomberdefense.standardof.net\/fr\/wp-json\/wp\/v2\/comments?post=327"}],"version-history":[{"count":0,"href":"https:\/\/ibomberdefense.standardof.net\/fr\/wp-json\/wp\/v2\/pages\/327\/revisions"}],"up":[{"embeddable":true,"href":"https:\/\/ibomberdefense.standardof.net\/fr\/wp-json\/wp\/v2\/pages\/268"}],"wp:featuredmedia":[{"embeddable":true,"href":"https:\/\/ibomberdefense.standardof.net\/fr\/wp-json\/wp\/v2\/media\/104"}],"wp:attachment":[{"href":"https:\/\/ibomberdefense.standardof.net\/fr\/wp-json\/wp\/v2\/media?parent=327"}],"curies":[{"name":"wp","href":"https:\/\/api.w.org\/{rel}","templated":true}]}}