{"id":343,"date":"2020-10-19T07:39:22","date_gmt":"2020-10-19T07:39:22","guid":{"rendered":"https:\/\/ibomberdefense.standardof.net\/?page_id=343"},"modified":"2020-10-19T08:04:48","modified_gmt":"2020-10-19T08:04:48","slug":"8-eastern-mediterranean-counterattack","status":"publish","type":"page","link":"https:\/\/ibomberdefense.standardof.net\/fr\/guide\/axe-campagne\/8-contre-attaque-mediterraneenne-orientale\/","title":{"rendered":"8. M\u00e9diterran\u00e9e orientale: contre-attaque"},"content":{"rendered":"<div class=\"wp-block-image\"><figure class=\"aligncenter size-large\"><a href=\"https:\/\/ibomberdefense.standardof.net\/fr\/guide\/axe-campagne\/8-contre-attaque-mediterraneenne-orientale\/ibomber-defense-axis-campaign-08-eastern-mediterranean-counterattack-1\/\"><img decoding=\"async\" width=\"800\" height=\"450\" src=\"https:\/\/ibomberdefense.standardof.net\/wp-content\/uploads\/sites\/5\/2020\/10\/iBomber-Defense-Axis-Campaign-08.-Eastern-Mediterranean-Counterattack-1-800x450.jpg\" alt=\"&quot;iBomber Defence&quot; - Campagne de l&#039;Axe - 08. M\u00e9diterran\u00e9e orientale - Contre-attaque (1)\" class=\"wp-image-105\" title=\"\" srcset=\"https:\/\/ibomberdefense.standardof.net\/wp-content\/uploads\/sites\/5\/2020\/10\/iBomber-Defense-Axis-Campaign-08.-Eastern-Mediterranean-Counterattack-1-800x450.jpg 800w, https:\/\/ibomberdefense.standardof.net\/wp-content\/uploads\/sites\/5\/2020\/10\/iBomber-Defense-Axis-Campaign-08.-Eastern-Mediterranean-Counterattack-1-512x288.jpg 512w, https:\/\/ibomberdefense.standardof.net\/wp-content\/uploads\/sites\/5\/2020\/10\/iBomber-Defense-Axis-Campaign-08.-Eastern-Mediterranean-Counterattack-1-200x113.jpg 200w, https:\/\/ibomberdefense.standardof.net\/wp-content\/uploads\/sites\/5\/2020\/10\/iBomber-Defense-Axis-Campaign-08.-Eastern-Mediterranean-Counterattack-1-768x432.jpg 768w, https:\/\/ibomberdefense.standardof.net\/wp-content\/uploads\/sites\/5\/2020\/10\/iBomber-Defense-Axis-Campaign-08.-Eastern-Mediterranean-Counterattack-1-16x9.jpg 16w, https:\/\/ibomberdefense.standardof.net\/wp-content\/uploads\/sites\/5\/2020\/10\/iBomber-Defense-Axis-Campaign-08.-Eastern-Mediterranean-Counterattack-1.jpg 1280w\" sizes=\"(max-width: 800px) 100vw, 800px\" \/><\/a><figcaption>Routes emprunt\u00e9es par les unit\u00e9s ennemies au niveau Contre-attaque de la M\u00e9diterran\u00e9e orientale dans le jeu iBomber Defense. Le chemin bleu indique les avions.<\/figcaption><\/figure><\/div>\n\n\n\n<p>La deuxi\u00e8me mission bonus de contre-attaque de la campagne de l&#039;Axe, et la huiti\u00e8me mission au total, vous ram\u00e8ne \u00e0 la carte de la M\u00e9diterran\u00e9e orientale pour affronter 20 autres vagues de navires et d&#039;avions de guerre. L&#039;avion fera sa premi\u00e8re apparition \u00e0 la vague 4.<\/p>\n\n\n\n<p>L&#039;attaque surprise d&#039;ouverture \u00e9liminera la plus petite \u00eele, d\u00e9truisant tout ce qui s&#039;y trouvait, tout en ouvrant une troisi\u00e8me route depuis le nord, tout comme la contre-attaque alli\u00e9e sur cette carte.<\/p>\n\n\n\n<h3 class=\"wp-block-heading\"><strong>Placement de la tourelle:<\/strong><\/h3>\n\n\n\n<figure class=\"wp-block-gallery columns-2 is-cropped wp-block-gallery-1 is-layout-flex wp-block-gallery-is-layout-flex\"><ul class=\"blocks-gallery-grid\"><li class=\"blocks-gallery-item\"><figure><a href=\"https:\/\/ibomberdefense.standardof.net\/fr\/guide\/axe-campagne\/8-contre-attaque-mediterraneenne-orientale\/ibomber-defense-axis-campaign-08-eastern-mediterranean-counterattack-2\/\"><img decoding=\"async\" width=\"800\" height=\"450\" src=\"https:\/\/ibomberdefense.standardof.net\/wp-content\/uploads\/sites\/5\/2020\/10\/iBomber-Defense-Axis-Campaign-08.-Eastern-Mediterranean-Counterattack-2-800x450.jpg\" alt=\"&quot;iBomber Defense&quot; - Campagne de l&#039;Axe - 08. M\u00e9diterran\u00e9e orientale - Contre-attaque (2)\" data-id=\"106\" data-full-url=\"https:\/\/ibomberdefense.standardof.net\/wp-content\/uploads\/sites\/5\/2020\/10\/iBomber-Defense-Axis-Campaign-08.-Eastern-Mediterranean-Counterattack-2.jpg\" data-link=\"https:\/\/ibomberdefense.standardof.net\/guide\/axis-campaign\/8-eastern-mediterranean-counterattack\/ibomber-defense-axis-campaign-08-eastern-mediterranean-counterattack-2\/\" class=\"wp-image-106\" title=\"\" srcset=\"https:\/\/ibomberdefense.standardof.net\/wp-content\/uploads\/sites\/5\/2020\/10\/iBomber-Defense-Axis-Campaign-08.-Eastern-Mediterranean-Counterattack-2-800x450.jpg 800w, https:\/\/ibomberdefense.standardof.net\/wp-content\/uploads\/sites\/5\/2020\/10\/iBomber-Defense-Axis-Campaign-08.-Eastern-Mediterranean-Counterattack-2-512x288.jpg 512w, https:\/\/ibomberdefense.standardof.net\/wp-content\/uploads\/sites\/5\/2020\/10\/iBomber-Defense-Axis-Campaign-08.-Eastern-Mediterranean-Counterattack-2-200x113.jpg 200w, https:\/\/ibomberdefense.standardof.net\/wp-content\/uploads\/sites\/5\/2020\/10\/iBomber-Defense-Axis-Campaign-08.-Eastern-Mediterranean-Counterattack-2-768x432.jpg 768w, https:\/\/ibomberdefense.standardof.net\/wp-content\/uploads\/sites\/5\/2020\/10\/iBomber-Defense-Axis-Campaign-08.-Eastern-Mediterranean-Counterattack-2-16x9.jpg 16w, https:\/\/ibomberdefense.standardof.net\/wp-content\/uploads\/sites\/5\/2020\/10\/iBomber-Defense-Axis-Campaign-08.-Eastern-Mediterranean-Counterattack-2.jpg 1280w\" sizes=\"(max-width: 800px) 100vw, 800px\" \/><\/a><figcaption class=\"blocks-gallery-item__caption\">Placement de la tourelle \u00e0 la fin de la vague 10.<\/figcaption><\/figure><\/li><li class=\"blocks-gallery-item\"><figure><a href=\"https:\/\/ibomberdefense.standardof.net\/fr\/guide\/axe-campagne\/8-contre-attaque-mediterraneenne-orientale\/ibomber-defense-axis-campaign-08-eastern-mediterranean-counterattack-3\/\"><img decoding=\"async\" width=\"800\" height=\"450\" src=\"https:\/\/ibomberdefense.standardof.net\/wp-content\/uploads\/sites\/5\/2020\/10\/iBomber-Defense-Axis-Campaign-08.-Eastern-Mediterranean-Counterattack-3-800x450.jpg\" alt=\"&quot;iBomber Defense&quot; - Campagne de l&#039;Axe - 08. M\u00e9diterran\u00e9e orientale - Contre-attaque (3)\" data-id=\"107\" data-full-url=\"https:\/\/ibomberdefense.standardof.net\/wp-content\/uploads\/sites\/5\/2020\/10\/iBomber-Defense-Axis-Campaign-08.-Eastern-Mediterranean-Counterattack-3.jpg\" data-link=\"https:\/\/ibomberdefense.standardof.net\/guide\/axis-campaign\/8-eastern-mediterranean-counterattack\/ibomber-defense-axis-campaign-08-eastern-mediterranean-counterattack-3\/\" class=\"wp-image-107\" title=\"\" srcset=\"https:\/\/ibomberdefense.standardof.net\/wp-content\/uploads\/sites\/5\/2020\/10\/iBomber-Defense-Axis-Campaign-08.-Eastern-Mediterranean-Counterattack-3-800x450.jpg 800w, https:\/\/ibomberdefense.standardof.net\/wp-content\/uploads\/sites\/5\/2020\/10\/iBomber-Defense-Axis-Campaign-08.-Eastern-Mediterranean-Counterattack-3-512x288.jpg 512w, https:\/\/ibomberdefense.standardof.net\/wp-content\/uploads\/sites\/5\/2020\/10\/iBomber-Defense-Axis-Campaign-08.-Eastern-Mediterranean-Counterattack-3-200x113.jpg 200w, https:\/\/ibomberdefense.standardof.net\/wp-content\/uploads\/sites\/5\/2020\/10\/iBomber-Defense-Axis-Campaign-08.-Eastern-Mediterranean-Counterattack-3-768x432.jpg 768w, https:\/\/ibomberdefense.standardof.net\/wp-content\/uploads\/sites\/5\/2020\/10\/iBomber-Defense-Axis-Campaign-08.-Eastern-Mediterranean-Counterattack-3-16x9.jpg 16w, https:\/\/ibomberdefense.standardof.net\/wp-content\/uploads\/sites\/5\/2020\/10\/iBomber-Defense-Axis-Campaign-08.-Eastern-Mediterranean-Counterattack-3.jpg 1280w\" sizes=\"(max-width: 800px) 100vw, 800px\" \/><\/a><figcaption class=\"blocks-gallery-item__caption\">Placement de la tourelle \u00e0 la fin de la vague 20.<\/figcaption><\/figure><\/li><\/ul><\/figure>\n\n\n\n<p>Les fonds de cette mission devraient \u00eatre d\u00e9pens\u00e9s pour am\u00e9liorer toutes les tourelles qui n&#039;\u00e9taient pas enti\u00e8rement nivel\u00e9es auparavant tout en augmentant les masses terrestres nord et sud sur lesquelles nous avions pr\u00e9c\u00e9demment install\u00e9 des bases de tir. Sur votre chemin vers la vague 10, essayez \u00e9galement d&#039;obtenir un Inferno de niveau 2 le long de chaque morceau de terrain o\u00f9 ils peuvent frapper tous les chemins \u00e0 proximit\u00e9.<\/p>\n\n\n\n<p>Si vous commencez \u00e0 utiliser toute votre pi\u00e8ce, il vaut la peine de vendre vos mitrailleuses pour les remplacer par une X-Weapon pour augmenter consid\u00e9rablement vos d\u00e9g\u00e2ts. Les derni\u00e8res vagues seront tir\u00e9es en raison de la t\u00e9nacit\u00e9 des navires ennemis, et finalement, la plupart de vos fonds iront \u00e0 la r\u00e9paration des tourelles de leur feu intense.<\/p>\n\n\n\n<h3 class=\"wp-block-heading\"><strong>D\u00e9penses en points de victoire:<\/strong><\/h3>\n\n\n\n<p>Il s&#039;agit de la derni\u00e8re mission o\u00f9 les points de victoire iront vers des am\u00e9liorations, l&#039;achat final disponible \u00e9tant le niveau 3 Inferno, ce qui rend tous les objets au niveau 3 et enti\u00e8rement mis \u00e0 niveau \u00e0 partir de maintenant.<\/p>\n\n\n\n<hr class=\"wp-block-separator\"\/>\n\n\n\n<h4 class=\"has-text-align-center wp-block-heading\">Guide vid\u00e9o<\/h4>\n\n\n\n<figure class=\"wp-block-embed-youtube wp-block-embed is-type-video is-provider-youtube wp-embed-aspect-16-9 wp-has-aspect-ratio\"><div class=\"wp-block-embed__wrapper\">\n<div class=\"ast-oembed-container\" style=\"height: 100%;\"><iframe title=\"iBomber Defense - M\u00e9diterran\u00e9e orientale - Axe de contre-attaque - V\u00e9t\u00e9ran + Parfait\" width=\"500\" height=\"281\" src=\"https:\/\/www.youtube.com\/embed\/m0pOPp7pzvE?feature=oembed\" frameborder=\"0\" allow=\"accelerometer; autoplay; clipboard-write; encrypted-media; gyroscope; picture-in-picture; web-share\" referrerpolicy=\"strict-origin-when-cross-origin\" allowfullscreen><\/iframe><\/div>\n<\/div><\/figure>","protected":false},"excerpt":{"rendered":"<p>The second counterattack bonus mission in the Axis campaign, and the eight mission overall, takes you back to the Eastern Mediterranean map to duke it out for another 20 waves of naval ships and aircraft. The aircraft will make their first appearance at wave 4. The opening surprise attack will take out the smallest island, [&hellip;]<\/p>","protected":false},"author":1,"featured_media":107,"parent":268,"menu_order":8,"comment_status":"open","ping_status":"closed","template":"","meta":{"_uag_custom_page_level_css":"","site-sidebar-layout":"default","site-content-layout":"default","ast-site-content-layout":"","site-content-style":"default","site-sidebar-style":"default","ast-global-header-display":"","ast-banner-title-visibility":"","ast-main-header-display":"","ast-hfb-above-header-display":"","ast-hfb-below-header-display":"","ast-hfb-mobile-header-display":"","site-post-title":"","ast-breadcrumbs-content":"","ast-featured-img":"","footer-sml-layout":"","theme-transparent-header-meta":"default","adv-header-id-meta":"","stick-header-meta":"","header-above-stick-meta":"","header-main-stick-meta":"","header-below-stick-meta":"","astra-migrate-meta-layouts":"default","ast-page-background-enabled":"default","ast-page-background-meta":{"desktop":{"background-color":"","background-image":"","background-repeat":"repeat","background-position":"center center","background-size":"auto","background-attachment":"scroll","background-type":"","background-media":"","overlay-type":"","overlay-color":"","overlay-gradient":""},"tablet":{"background-color":"","background-image":"","background-repeat":"repeat","background-position":"center center","background-size":"auto","background-attachment":"scroll","background-type":"","background-media":"","overlay-type":"","overlay-color":"","overlay-gradient":""},"mobile":{"background-color":"","background-image":"","background-repeat":"repeat","background-position":"center center","background-size":"auto","background-attachment":"scroll","background-type":"","background-media":"","overlay-type":"","overlay-color":"","overlay-gradient":""}},"ast-content-background-meta":{"desktop":{"background-color":"var(--ast-global-color-5)","background-image":"","background-repeat":"repeat","background-position":"center center","background-size":"auto","background-attachment":"scroll","background-type":"","background-media":"","overlay-type":"","overlay-color":"","overlay-gradient":""},"tablet":{"background-color":"var(--ast-global-color-5)","background-image":"","background-repeat":"repeat","background-position":"center center","background-size":"auto","background-attachment":"scroll","background-type":"","background-media":"","overlay-type":"","overlay-color":"","overlay-gradient":""},"mobile":{"background-color":"var(--ast-global-color-5)","background-image":"","background-repeat":"repeat","background-position":"center center","background-size":"auto","background-attachment":"scroll","background-type":"","background-media":"","overlay-type":"","overlay-color":"","overlay-gradient":""}},"footnotes":""},"uagb_featured_image_src":{"full":["https:\/\/ibomberdefense.standardof.net\/wp-content\/uploads\/sites\/5\/2020\/10\/iBomber-Defense-Axis-Campaign-08.-Eastern-Mediterranean-Counterattack-3.jpg",1280,720,false],"thumbnail":["https:\/\/ibomberdefense.standardof.net\/wp-content\/uploads\/sites\/5\/2020\/10\/iBomber-Defense-Axis-Campaign-08.-Eastern-Mediterranean-Counterattack-3-200x113.jpg",200,113,true],"medium":["https:\/\/ibomberdefense.standardof.net\/wp-content\/uploads\/sites\/5\/2020\/10\/iBomber-Defense-Axis-Campaign-08.-Eastern-Mediterranean-Counterattack-3-512x288.jpg",512,288,true],"medium_large":["https:\/\/ibomberdefense.standardof.net\/wp-content\/uploads\/sites\/5\/2020\/10\/iBomber-Defense-Axis-Campaign-08.-Eastern-Mediterranean-Counterattack-3-768x432.jpg",768,432,true],"large":["https:\/\/ibomberdefense.standardof.net\/wp-content\/uploads\/sites\/5\/2020\/10\/iBomber-Defense-Axis-Campaign-08.-Eastern-Mediterranean-Counterattack-3-800x450.jpg",800,450,true],"1536x1536":["https:\/\/ibomberdefense.standardof.net\/wp-content\/uploads\/sites\/5\/2020\/10\/iBomber-Defense-Axis-Campaign-08.-Eastern-Mediterranean-Counterattack-3.jpg",1280,720,false],"2048x2048":["https:\/\/ibomberdefense.standardof.net\/wp-content\/uploads\/sites\/5\/2020\/10\/iBomber-Defense-Axis-Campaign-08.-Eastern-Mediterranean-Counterattack-3.jpg",1280,720,false],"trp-custom-language-flag":["https:\/\/ibomberdefense.standardof.net\/wp-content\/uploads\/sites\/5\/2020\/10\/iBomber-Defense-Axis-Campaign-08.-Eastern-Mediterranean-Counterattack-3-16x9.jpg",16,9,true]},"uagb_author_info":{"display_name":"SOE","author_link":"https:\/\/ibomberdefense.standardof.net\/fr\/author\/k-tastic\/"},"uagb_comment_info":0,"uagb_excerpt":"The second counterattack bonus mission in the Axis campaign, and the eight mission overall, takes you back to the Eastern Mediterranean map to duke it out for another 20 waves of naval ships and aircraft. The aircraft will make their first appearance at wave 4. The opening surprise attack will take out the smallest island,&hellip;","_links":{"self":[{"href":"https:\/\/ibomberdefense.standardof.net\/fr\/wp-json\/wp\/v2\/pages\/343"}],"collection":[{"href":"https:\/\/ibomberdefense.standardof.net\/fr\/wp-json\/wp\/v2\/pages"}],"about":[{"href":"https:\/\/ibomberdefense.standardof.net\/fr\/wp-json\/wp\/v2\/types\/page"}],"author":[{"embeddable":true,"href":"https:\/\/ibomberdefense.standardof.net\/fr\/wp-json\/wp\/v2\/users\/1"}],"replies":[{"embeddable":true,"href":"https:\/\/ibomberdefense.standardof.net\/fr\/wp-json\/wp\/v2\/comments?post=343"}],"version-history":[{"count":0,"href":"https:\/\/ibomberdefense.standardof.net\/fr\/wp-json\/wp\/v2\/pages\/343\/revisions"}],"up":[{"embeddable":true,"href":"https:\/\/ibomberdefense.standardof.net\/fr\/wp-json\/wp\/v2\/pages\/268"}],"wp:featuredmedia":[{"embeddable":true,"href":"https:\/\/ibomberdefense.standardof.net\/fr\/wp-json\/wp\/v2\/media\/107"}],"wp:attachment":[{"href":"https:\/\/ibomberdefense.standardof.net\/fr\/wp-json\/wp\/v2\/media?parent=343"}],"curies":[{"name":"wp","href":"https:\/\/api.w.org\/{rel}","templated":true}]}}