{"id":344,"date":"2020-10-19T07:39:41","date_gmt":"2020-10-19T07:39:41","guid":{"rendered":"https:\/\/ibomberdefense.standardof.net\/?page_id=344"},"modified":"2020-10-19T08:04:53","modified_gmt":"2020-10-19T08:04:53","slug":"9-north-west-africa-on-the-beach","status":"publish","type":"page","link":"https:\/\/ibomberdefense.standardof.net\/fr\/guide\/axe-campagne\/9-afrique-du-nord-ouest-sur-la-plage-2\/","title":{"rendered":"9. Afrique du Nord-Ouest: sur la plage"},"content":{"rendered":"<div class=\"wp-block-image\"><figure class=\"aligncenter size-large\"><a href=\"https:\/\/ibomberdefense.standardof.net\/fr\/guide\/axe-campagne\/9-afrique-du-nord-ouest-sur-la-plage-2\/ibomber-defense-axis-campaign-09-north-west-africa-on-the-beach-1\/\"><img decoding=\"async\" width=\"800\" height=\"450\" src=\"https:\/\/ibomberdefense.standardof.net\/wp-content\/uploads\/sites\/5\/2020\/10\/iBomber-Defense-Axis-Campaign-09.-North-West-Africa-On-the-Beach-1-800x450.jpg\" alt=\"&quot;iBomber Defense&quot; - Campagne de l&#039;Axe - 09. Afrique du Nord-Ouest - Sur la plage (1)\" class=\"wp-image-108\" title=\"\" srcset=\"https:\/\/ibomberdefense.standardof.net\/wp-content\/uploads\/sites\/5\/2020\/10\/iBomber-Defense-Axis-Campaign-09.-North-West-Africa-On-the-Beach-1-800x450.jpg 800w, https:\/\/ibomberdefense.standardof.net\/wp-content\/uploads\/sites\/5\/2020\/10\/iBomber-Defense-Axis-Campaign-09.-North-West-Africa-On-the-Beach-1-512x288.jpg 512w, https:\/\/ibomberdefense.standardof.net\/wp-content\/uploads\/sites\/5\/2020\/10\/iBomber-Defense-Axis-Campaign-09.-North-West-Africa-On-the-Beach-1-200x113.jpg 200w, https:\/\/ibomberdefense.standardof.net\/wp-content\/uploads\/sites\/5\/2020\/10\/iBomber-Defense-Axis-Campaign-09.-North-West-Africa-On-the-Beach-1-768x432.jpg 768w, https:\/\/ibomberdefense.standardof.net\/wp-content\/uploads\/sites\/5\/2020\/10\/iBomber-Defense-Axis-Campaign-09.-North-West-Africa-On-the-Beach-1-16x9.jpg 16w, https:\/\/ibomberdefense.standardof.net\/wp-content\/uploads\/sites\/5\/2020\/10\/iBomber-Defense-Axis-Campaign-09.-North-West-Africa-On-the-Beach-1.jpg 1280w\" sizes=\"(max-width: 800px) 100vw, 800px\" \/><\/a><figcaption>Routes entrantes des assaillants dans le niveau Afrique du Nord-Ouest \u00abOn The Beach\u00bb avec la ligne bleue pour les avions.<\/figcaption><\/figure><\/div>\n\n\n\n<p>La neuvi\u00e8me mission de la campagne Axis dans le jeu vid\u00e9o <em>D\u00e9fense iBomber<\/em>, Afrique du Nord-Ouest \u00abOn the Beach\u00bb, vous emm\u00e8ne dans un endroit d\u00e9sertique pour un combat contre 35 vagues d&#039;unit\u00e9s. Vous affronterez principalement des unit\u00e9s terrestres avec des avions apparaissant \u00e0 la vague 20.<\/p>\n\n\n\n<p>Les ennemis de ce niveau s&#039;approcheront du nord, descendant par 6 chemins terrestres qui se fondent rapidement en quatre qui se rejoignent juste avant la base. Le placement des tourelles se concentrera sur la mise en place de 3 groupes principaux de tourelles entre ces chemins avant la base et sur l&#039;\u00e9tirement vers l&#039;ext\u00e9rieur, en profitant du terrain \u00e9lev\u00e9.<\/p>\n\n\n\n<h3 class=\"wp-block-heading\"><strong>Placement de la tourelle:<\/strong><\/h3>\n\n\n\n<figure class=\"wp-block-gallery columns-2 is-cropped wp-block-gallery-1 is-layout-flex wp-block-gallery-is-layout-flex\"><ul class=\"blocks-gallery-grid\"><li class=\"blocks-gallery-item\"><figure><a href=\"https:\/\/ibomberdefense.standardof.net\/fr\/guide\/axe-campagne\/9-afrique-du-nord-ouest-sur-la-plage-2\/ibomber-defense-axis-campaign-09-north-west-africa-on-the-beach-2\/\"><img decoding=\"async\" width=\"800\" height=\"450\" src=\"https:\/\/ibomberdefense.standardof.net\/wp-content\/uploads\/sites\/5\/2020\/10\/iBomber-Defense-Axis-Campaign-09.-North-West-Africa-On-the-Beach-2-800x450.jpg\" alt=\"&quot;iBomber Defense&quot; - Campagne de l&#039;Axe - 09. Afrique du Nord-Ouest - Sur la plage (2)\" data-id=\"109\" data-full-url=\"https:\/\/ibomberdefense.standardof.net\/wp-content\/uploads\/sites\/5\/2020\/10\/iBomber-Defense-Axis-Campaign-09.-North-West-Africa-On-the-Beach-2.jpg\" data-link=\"https:\/\/ibomberdefense.standardof.net\/guide\/axis-campaign\/9-north-west-africa-on-the-beach\/ibomber-defense-axis-campaign-09-north-west-africa-on-the-beach-2\/\" class=\"wp-image-109\" title=\"\" srcset=\"https:\/\/ibomberdefense.standardof.net\/wp-content\/uploads\/sites\/5\/2020\/10\/iBomber-Defense-Axis-Campaign-09.-North-West-Africa-On-the-Beach-2-800x450.jpg 800w, https:\/\/ibomberdefense.standardof.net\/wp-content\/uploads\/sites\/5\/2020\/10\/iBomber-Defense-Axis-Campaign-09.-North-West-Africa-On-the-Beach-2-512x288.jpg 512w, https:\/\/ibomberdefense.standardof.net\/wp-content\/uploads\/sites\/5\/2020\/10\/iBomber-Defense-Axis-Campaign-09.-North-West-Africa-On-the-Beach-2-200x113.jpg 200w, https:\/\/ibomberdefense.standardof.net\/wp-content\/uploads\/sites\/5\/2020\/10\/iBomber-Defense-Axis-Campaign-09.-North-West-Africa-On-the-Beach-2-768x432.jpg 768w, https:\/\/ibomberdefense.standardof.net\/wp-content\/uploads\/sites\/5\/2020\/10\/iBomber-Defense-Axis-Campaign-09.-North-West-Africa-On-the-Beach-2-16x9.jpg 16w, https:\/\/ibomberdefense.standardof.net\/wp-content\/uploads\/sites\/5\/2020\/10\/iBomber-Defense-Axis-Campaign-09.-North-West-Africa-On-the-Beach-2.jpg 1280w\" sizes=\"(max-width: 800px) 100vw, 800px\" \/><\/a><figcaption class=\"blocks-gallery-item__caption\">Placement de la tourelle Wave 15.<\/figcaption><\/figure><\/li><li class=\"blocks-gallery-item\"><figure><a href=\"https:\/\/ibomberdefense.standardof.net\/fr\/guide\/axe-campagne\/9-afrique-du-nord-ouest-sur-la-plage-2\/ibomber-defense-axis-campaign-09-north-west-africa-on-the-beach-3\/\"><img decoding=\"async\" width=\"800\" height=\"450\" src=\"https:\/\/ibomberdefense.standardof.net\/wp-content\/uploads\/sites\/5\/2020\/10\/iBomber-Defense-Axis-Campaign-09.-North-West-Africa-On-the-Beach-3-800x450.jpg\" alt=\"&quot;iBomber Defense&quot; - Campagne de l&#039;Axe - 09. Afrique du Nord-Ouest - Sur la plage (3)\" data-id=\"110\" data-full-url=\"https:\/\/ibomberdefense.standardof.net\/wp-content\/uploads\/sites\/5\/2020\/10\/iBomber-Defense-Axis-Campaign-09.-North-West-Africa-On-the-Beach-3.jpg\" data-link=\"https:\/\/ibomberdefense.standardof.net\/guide\/axis-campaign\/9-north-west-africa-on-the-beach\/ibomber-defense-axis-campaign-09-north-west-africa-on-the-beach-3\/\" class=\"wp-image-110\" title=\"\" srcset=\"https:\/\/ibomberdefense.standardof.net\/wp-content\/uploads\/sites\/5\/2020\/10\/iBomber-Defense-Axis-Campaign-09.-North-West-Africa-On-the-Beach-3-800x450.jpg 800w, https:\/\/ibomberdefense.standardof.net\/wp-content\/uploads\/sites\/5\/2020\/10\/iBomber-Defense-Axis-Campaign-09.-North-West-Africa-On-the-Beach-3-512x288.jpg 512w, https:\/\/ibomberdefense.standardof.net\/wp-content\/uploads\/sites\/5\/2020\/10\/iBomber-Defense-Axis-Campaign-09.-North-West-Africa-On-the-Beach-3-200x113.jpg 200w, https:\/\/ibomberdefense.standardof.net\/wp-content\/uploads\/sites\/5\/2020\/10\/iBomber-Defense-Axis-Campaign-09.-North-West-Africa-On-the-Beach-3-768x432.jpg 768w, https:\/\/ibomberdefense.standardof.net\/wp-content\/uploads\/sites\/5\/2020\/10\/iBomber-Defense-Axis-Campaign-09.-North-West-Africa-On-the-Beach-3-16x9.jpg 16w, https:\/\/ibomberdefense.standardof.net\/wp-content\/uploads\/sites\/5\/2020\/10\/iBomber-Defense-Axis-Campaign-09.-North-West-Africa-On-the-Beach-3.jpg 1280w\" sizes=\"(max-width: 800px) 100vw, 800px\" \/><\/a><figcaption class=\"blocks-gallery-item__caption\">Placement de la tourelle Wave 25.<\/figcaption><\/figure><\/li><\/ul><\/figure>\n\n\n\n<p>Au-del\u00e0 du premier concept initial des mitrailleuses, les vagues 1 \u00e0 15 devraient se concentrer sur le positionnement de 2 tourelles Inferno afin qu&#039;elles puissent couvrir les quatre chemins principaux pour ralentir les v\u00e9hicules rapides qui sont bient\u00f4t vus dans le niveau. Quelques canons plac\u00e9s strat\u00e9giquement seront \u00e9galement importants.<\/p>\n\n\n\n<p>Jusqu&#039;\u00e0 la vague 25 du niveau, concentrez-vous sur l&#039;obtention de 2 canons de deuxi\u00e8me niveau sur les deux plateaux et sur la bonne parcelle d&#039;espace \u00e0 construire qui passe entre deux chemins. Assurez-vous d&#039;avoir AA jusqu&#039;\u00e0 la vague 20 et travaillez \u00e0 placer une arme X au milieu de l&#039;un de vos groupes de tourelles.<\/p>\n\n\n\n<p>\u00c0 la fin du niveau, vous devrez avoir construit deux tourelles AA, une au niveau 3 et la seconde au niveau 1, tout en travaillant sur votre deuxi\u00e8me X-Weapon apr\u00e8s avoir compl\u00e8tement mis \u00e0 niveau et renforc\u00e9 la premi\u00e8re. Vous devrez peut-\u00eatre vendre une ou deux tourelles \u00e0 ce stade pour faire de la place pour quelque chose de plus important, comme la deuxi\u00e8me arme AA ou X-Weapon. Avoir les 6 canons au niveau 3 est assez suffisant, compte tenu de la puissance accord\u00e9e avec les X-Weapons.<\/p>\n\n\n\n<div class=\"wp-block-image\"><figure class=\"aligncenter size-large\"><a href=\"https:\/\/ibomberdefense.standardof.net\/fr\/guide\/axe-campagne\/9-afrique-du-nord-ouest-sur-la-plage-2\/ibomber-defense-axis-campaign-09-north-west-africa-on-the-beach-4\/\"><img decoding=\"async\" width=\"800\" height=\"450\" src=\"https:\/\/ibomberdefense.standardof.net\/wp-content\/uploads\/sites\/5\/2020\/10\/iBomber-Defense-Axis-Campaign-09.-North-West-Africa-On-the-Beach-4-800x450.jpg\" alt=\"&quot;iBomber Defense&quot; - Campagne de l&#039;Axe - 09. Afrique du Nord-Ouest - Sur la plage (4)\" class=\"wp-image-111\" title=\"\" srcset=\"https:\/\/ibomberdefense.standardof.net\/wp-content\/uploads\/sites\/5\/2020\/10\/iBomber-Defense-Axis-Campaign-09.-North-West-Africa-On-the-Beach-4-800x450.jpg 800w, https:\/\/ibomberdefense.standardof.net\/wp-content\/uploads\/sites\/5\/2020\/10\/iBomber-Defense-Axis-Campaign-09.-North-West-Africa-On-the-Beach-4-512x288.jpg 512w, https:\/\/ibomberdefense.standardof.net\/wp-content\/uploads\/sites\/5\/2020\/10\/iBomber-Defense-Axis-Campaign-09.-North-West-Africa-On-the-Beach-4-200x113.jpg 200w, https:\/\/ibomberdefense.standardof.net\/wp-content\/uploads\/sites\/5\/2020\/10\/iBomber-Defense-Axis-Campaign-09.-North-West-Africa-On-the-Beach-4-768x432.jpg 768w, https:\/\/ibomberdefense.standardof.net\/wp-content\/uploads\/sites\/5\/2020\/10\/iBomber-Defense-Axis-Campaign-09.-North-West-Africa-On-the-Beach-4-16x9.jpg 16w, https:\/\/ibomberdefense.standardof.net\/wp-content\/uploads\/sites\/5\/2020\/10\/iBomber-Defense-Axis-Campaign-09.-North-West-Africa-On-the-Beach-4.jpg 1280w\" sizes=\"(max-width: 800px) 100vw, 800px\" \/><\/a><figcaption>Placement de la tourelle Wave 35.<\/figcaption><\/figure><\/div>\n\n\n\n<hr class=\"wp-block-separator\"\/>\n\n\n\n<h4 class=\"has-text-align-center wp-block-heading\">Guide vid\u00e9o<\/h4>\n\n\n\n<figure class=\"wp-block-embed-youtube wp-block-embed is-type-video is-provider-youtube wp-embed-aspect-16-9 wp-has-aspect-ratio\"><div class=\"wp-block-embed__wrapper\">\n<div class=\"ast-oembed-container\" style=\"height: 100%;\"><iframe title=\"iBomber Defense - Afrique du Nord-Ouest - Sur la plage - V\u00e9t\u00e9ran + Parfait\" width=\"500\" height=\"281\" src=\"https:\/\/www.youtube.com\/embed\/uEiGCIDFvis?feature=oembed\" frameborder=\"0\" allow=\"accelerometer; autoplay; clipboard-write; encrypted-media; gyroscope; picture-in-picture; web-share\" referrerpolicy=\"strict-origin-when-cross-origin\" allowfullscreen><\/iframe><\/div>\n<\/div><\/figure>","protected":false},"excerpt":{"rendered":"<p>The ninth mission in the Axis campaign in the video game iBomber Defense, North West Africa &#8220;On the Beach,&#8221; takes you to a desert locale for a fight against 35 waves of units. You will face primarily land units with aircraft showing up at wave 20. The enemies in this level will approach from the [&hellip;]<\/p>","protected":false},"author":1,"featured_media":111,"parent":268,"menu_order":9,"comment_status":"open","ping_status":"closed","template":"","meta":{"_uag_custom_page_level_css":"","site-sidebar-layout":"default","site-content-layout":"default","ast-site-content-layout":"","site-content-style":"default","site-sidebar-style":"default","ast-global-header-display":"","ast-banner-title-visibility":"","ast-main-header-display":"","ast-hfb-above-header-display":"","ast-hfb-below-header-display":"","ast-hfb-mobile-header-display":"","site-post-title":"","ast-breadcrumbs-content":"","ast-featured-img":"","footer-sml-layout":"","theme-transparent-header-meta":"default","adv-header-id-meta":"","stick-header-meta":"","header-above-stick-meta":"","header-main-stick-meta":"","header-below-stick-meta":"","astra-migrate-meta-layouts":"default","ast-page-background-enabled":"default","ast-page-background-meta":{"desktop":{"background-color":"","background-image":"","background-repeat":"repeat","background-position":"center center","background-size":"auto","background-attachment":"scroll","background-type":"","background-media":"","overlay-type":"","overlay-color":"","overlay-gradient":""},"tablet":{"background-color":"","background-image":"","background-repeat":"repeat","background-position":"center center","background-size":"auto","background-attachment":"scroll","background-type":"","background-media":"","overlay-type":"","overlay-color":"","overlay-gradient":""},"mobile":{"background-color":"","background-image":"","background-repeat":"repeat","background-position":"center center","background-size":"auto","background-attachment":"scroll","background-type":"","background-media":"","overlay-type":"","overlay-color":"","overlay-gradient":""}},"ast-content-background-meta":{"desktop":{"background-color":"var(--ast-global-color-5)","background-image":"","background-repeat":"repeat","background-position":"center center","background-size":"auto","background-attachment":"scroll","background-type":"","background-media":"","overlay-type":"","overlay-color":"","overlay-gradient":""},"tablet":{"background-color":"var(--ast-global-color-5)","background-image":"","background-repeat":"repeat","background-position":"center center","background-size":"auto","background-attachment":"scroll","background-type":"","background-media":"","overlay-type":"","overlay-color":"","overlay-gradient":""},"mobile":{"background-color":"var(--ast-global-color-5)","background-image":"","background-repeat":"repeat","background-position":"center center","background-size":"auto","background-attachment":"scroll","background-type":"","background-media":"","overlay-type":"","overlay-color":"","overlay-gradient":""}},"footnotes":""},"uagb_featured_image_src":{"full":["https:\/\/ibomberdefense.standardof.net\/wp-content\/uploads\/sites\/5\/2020\/10\/iBomber-Defense-Axis-Campaign-09.-North-West-Africa-On-the-Beach-4.jpg",1280,720,false],"thumbnail":["https:\/\/ibomberdefense.standardof.net\/wp-content\/uploads\/sites\/5\/2020\/10\/iBomber-Defense-Axis-Campaign-09.-North-West-Africa-On-the-Beach-4-200x113.jpg",200,113,true],"medium":["https:\/\/ibomberdefense.standardof.net\/wp-content\/uploads\/sites\/5\/2020\/10\/iBomber-Defense-Axis-Campaign-09.-North-West-Africa-On-the-Beach-4-512x288.jpg",512,288,true],"medium_large":["https:\/\/ibomberdefense.standardof.net\/wp-content\/uploads\/sites\/5\/2020\/10\/iBomber-Defense-Axis-Campaign-09.-North-West-Africa-On-the-Beach-4-768x432.jpg",768,432,true],"large":["https:\/\/ibomberdefense.standardof.net\/wp-content\/uploads\/sites\/5\/2020\/10\/iBomber-Defense-Axis-Campaign-09.-North-West-Africa-On-the-Beach-4-800x450.jpg",800,450,true],"1536x1536":["https:\/\/ibomberdefense.standardof.net\/wp-content\/uploads\/sites\/5\/2020\/10\/iBomber-Defense-Axis-Campaign-09.-North-West-Africa-On-the-Beach-4.jpg",1280,720,false],"2048x2048":["https:\/\/ibomberdefense.standardof.net\/wp-content\/uploads\/sites\/5\/2020\/10\/iBomber-Defense-Axis-Campaign-09.-North-West-Africa-On-the-Beach-4.jpg",1280,720,false],"trp-custom-language-flag":["https:\/\/ibomberdefense.standardof.net\/wp-content\/uploads\/sites\/5\/2020\/10\/iBomber-Defense-Axis-Campaign-09.-North-West-Africa-On-the-Beach-4-16x9.jpg",16,9,true]},"uagb_author_info":{"display_name":"SOE","author_link":"https:\/\/ibomberdefense.standardof.net\/fr\/author\/k-tastic\/"},"uagb_comment_info":0,"uagb_excerpt":"The ninth mission in the Axis campaign in the video game iBomber Defense, North West Africa &#8220;On the Beach,&#8221; takes you to a desert locale for a fight against 35 waves of units. You will face primarily land units with aircraft showing up at wave 20. The enemies in this level will approach from the&hellip;","_links":{"self":[{"href":"https:\/\/ibomberdefense.standardof.net\/fr\/wp-json\/wp\/v2\/pages\/344"}],"collection":[{"href":"https:\/\/ibomberdefense.standardof.net\/fr\/wp-json\/wp\/v2\/pages"}],"about":[{"href":"https:\/\/ibomberdefense.standardof.net\/fr\/wp-json\/wp\/v2\/types\/page"}],"author":[{"embeddable":true,"href":"https:\/\/ibomberdefense.standardof.net\/fr\/wp-json\/wp\/v2\/users\/1"}],"replies":[{"embeddable":true,"href":"https:\/\/ibomberdefense.standardof.net\/fr\/wp-json\/wp\/v2\/comments?post=344"}],"version-history":[{"count":0,"href":"https:\/\/ibomberdefense.standardof.net\/fr\/wp-json\/wp\/v2\/pages\/344\/revisions"}],"up":[{"embeddable":true,"href":"https:\/\/ibomberdefense.standardof.net\/fr\/wp-json\/wp\/v2\/pages\/268"}],"wp:featuredmedia":[{"embeddable":true,"href":"https:\/\/ibomberdefense.standardof.net\/fr\/wp-json\/wp\/v2\/media\/111"}],"wp:attachment":[{"href":"https:\/\/ibomberdefense.standardof.net\/fr\/wp-json\/wp\/v2\/media?parent=344"}],"curies":[{"name":"wp","href":"https:\/\/api.w.org\/{rel}","templated":true}]}}