{"id":345,"date":"2020-10-19T07:40:13","date_gmt":"2020-10-19T07:40:13","guid":{"rendered":"https:\/\/ibomberdefense.standardof.net\/?page_id=345"},"modified":"2020-10-19T08:04:24","modified_gmt":"2020-10-19T08:04:24","slug":"10-southern-europe-trident","status":"publish","type":"page","link":"https:\/\/ibomberdefense.standardof.net\/fr\/guide\/axe-campagne\/10-trident-europe-du-sud\/","title":{"rendered":"10. Europe du Sud: Trident"},"content":{"rendered":"<div class=\"wp-block-image\"><figure class=\"aligncenter size-large\"><a href=\"https:\/\/ibomberdefense.standardof.net\/fr\/guide\/axe-campagne\/10-trident-europe-du-sud\/ibomber-defense-axis-campaign-10-southern-europe-trident-1\/\"><img decoding=\"async\" width=\"800\" height=\"450\" src=\"https:\/\/ibomberdefense.standardof.net\/wp-content\/uploads\/sites\/5\/2020\/10\/iBomber-Defense-Axis-Campaign-10.-Southern-Europe-Trident-1-800x450.jpg\" alt=\"&quot;iBomber Defense&quot; - Campagne de l&#039;Axe - 10. Europe du Sud - Trident (1)\" class=\"wp-image-112\" title=\"\" srcset=\"https:\/\/ibomberdefense.standardof.net\/wp-content\/uploads\/sites\/5\/2020\/10\/iBomber-Defense-Axis-Campaign-10.-Southern-Europe-Trident-1-800x450.jpg 800w, https:\/\/ibomberdefense.standardof.net\/wp-content\/uploads\/sites\/5\/2020\/10\/iBomber-Defense-Axis-Campaign-10.-Southern-Europe-Trident-1-512x288.jpg 512w, https:\/\/ibomberdefense.standardof.net\/wp-content\/uploads\/sites\/5\/2020\/10\/iBomber-Defense-Axis-Campaign-10.-Southern-Europe-Trident-1-200x113.jpg 200w, https:\/\/ibomberdefense.standardof.net\/wp-content\/uploads\/sites\/5\/2020\/10\/iBomber-Defense-Axis-Campaign-10.-Southern-Europe-Trident-1-768x432.jpg 768w, https:\/\/ibomberdefense.standardof.net\/wp-content\/uploads\/sites\/5\/2020\/10\/iBomber-Defense-Axis-Campaign-10.-Southern-Europe-Trident-1-16x9.jpg 16w, https:\/\/ibomberdefense.standardof.net\/wp-content\/uploads\/sites\/5\/2020\/10\/iBomber-Defense-Axis-Campaign-10.-Southern-Europe-Trident-1.jpg 1280w\" sizes=\"(max-width: 800px) 100vw, 800px\" \/><\/a><figcaption>Route des ennemis entrants dans le sud de l&#039;Europe \u00abTrident\u00bb avec des avions dessin\u00e9s en bleu.<\/figcaption><\/figure><\/div>\n\n\n\n<p>En Europe du Sud \u00abTrident\u00bb, le dixi\u00e8me niveau de la campagne de l&#039;Axe, vous revenez une fois de plus sur un terrain familier. Contrairement \u00e0 la derni\u00e8re fois que vous avez jou\u00e9 sur cette carte, les choses sont devenues particuli\u00e8rement plus enneig\u00e9es. Mais plus important encore, la voie suppl\u00e9mentaire de la contre-attaque alli\u00e9e est ouverte d\u00e8s le d\u00e9part. Il y a 40 vagues d&#039;unit\u00e9s terrestres \u00e0 affronter \u00e0 ce niveau, les avions arrivant sur la vague 19.<\/p>\n\n\n\n<p>Le placement de la tourelle doit se concentrer sur deux bases de tir principales, une au nord et au sud le long des chemins convergents rouge \/ orange et vert \/ jaune pour maximiser l&#039;efficacit\u00e9. Une ou deux tourelles plac\u00e9es par la s\u00e9paration jaune \/ orange peuvent valoir la peine d\u00e8s le d\u00e9part, mais perdront leur efficacit\u00e9 plus tard. Le terrain sur\u00e9lev\u00e9 central est parfait pour un canon le plus \u00e0 gauche, un X-Weapon \u00e0 c\u00f4t\u00e9 de celui-ci et de l&#039;anti-a\u00e9rien pour arr\u00eater l&#039;avion ennemi.<\/p>\n\n\n\n<h3 class=\"wp-block-heading\"><strong>Placement de la tourelle:<\/strong><\/h3>\n\n\n\n<figure class=\"wp-block-gallery columns-2 is-cropped wp-block-gallery-1 is-layout-flex wp-block-gallery-is-layout-flex\"><ul class=\"blocks-gallery-grid\"><li class=\"blocks-gallery-item\"><figure><a href=\"https:\/\/ibomberdefense.standardof.net\/fr\/guide\/axe-campagne\/10-trident-europe-du-sud\/ibomber-defense-axis-campaign-10-southern-europe-trident-2\/\"><img decoding=\"async\" width=\"800\" height=\"450\" src=\"https:\/\/ibomberdefense.standardof.net\/wp-content\/uploads\/sites\/5\/2020\/10\/iBomber-Defense-Axis-Campaign-10.-Southern-Europe-Trident-2-800x450.jpg\" alt=\"&quot;iBomber Defense&quot; - Campagne de l&#039;Axe - 10. Europe du Sud - Trident (2)\" data-id=\"113\" data-full-url=\"https:\/\/ibomberdefense.standardof.net\/wp-content\/uploads\/sites\/5\/2020\/10\/iBomber-Defense-Axis-Campaign-10.-Southern-Europe-Trident-2.jpg\" data-link=\"https:\/\/ibomberdefense.standardof.net\/guide\/axis-campaign\/10-southern-europe-trident\/ibomber-defense-axis-campaign-10-southern-europe-trident-2\/\" class=\"wp-image-113\" title=\"\" srcset=\"https:\/\/ibomberdefense.standardof.net\/wp-content\/uploads\/sites\/5\/2020\/10\/iBomber-Defense-Axis-Campaign-10.-Southern-Europe-Trident-2-800x450.jpg 800w, https:\/\/ibomberdefense.standardof.net\/wp-content\/uploads\/sites\/5\/2020\/10\/iBomber-Defense-Axis-Campaign-10.-Southern-Europe-Trident-2-512x288.jpg 512w, https:\/\/ibomberdefense.standardof.net\/wp-content\/uploads\/sites\/5\/2020\/10\/iBomber-Defense-Axis-Campaign-10.-Southern-Europe-Trident-2-200x113.jpg 200w, https:\/\/ibomberdefense.standardof.net\/wp-content\/uploads\/sites\/5\/2020\/10\/iBomber-Defense-Axis-Campaign-10.-Southern-Europe-Trident-2-768x432.jpg 768w, https:\/\/ibomberdefense.standardof.net\/wp-content\/uploads\/sites\/5\/2020\/10\/iBomber-Defense-Axis-Campaign-10.-Southern-Europe-Trident-2-16x9.jpg 16w, https:\/\/ibomberdefense.standardof.net\/wp-content\/uploads\/sites\/5\/2020\/10\/iBomber-Defense-Axis-Campaign-10.-Southern-Europe-Trident-2.jpg 1280w\" sizes=\"(max-width: 800px) 100vw, 800px\" \/><\/a><figcaption class=\"blocks-gallery-item__caption\">Placement de la tourelle Wave 10.<\/figcaption><\/figure><\/li><li class=\"blocks-gallery-item\"><figure><a href=\"https:\/\/ibomberdefense.standardof.net\/fr\/guide\/axe-campagne\/10-trident-europe-du-sud\/ibomber-defense-axis-campaign-10-southern-europe-trident-3\/\"><img decoding=\"async\" width=\"800\" height=\"450\" src=\"https:\/\/ibomberdefense.standardof.net\/wp-content\/uploads\/sites\/5\/2020\/10\/iBomber-Defense-Axis-Campaign-10.-Southern-Europe-Trident-3-800x450.jpg\" alt=\"&quot;iBomber Defense&quot; - Campagne de l&#039;Axe - 10. Europe du Sud - Trident (3)\" data-id=\"114\" data-full-url=\"https:\/\/ibomberdefense.standardof.net\/wp-content\/uploads\/sites\/5\/2020\/10\/iBomber-Defense-Axis-Campaign-10.-Southern-Europe-Trident-3.jpg\" data-link=\"https:\/\/ibomberdefense.standardof.net\/guide\/axis-campaign\/10-southern-europe-trident\/ibomber-defense-axis-campaign-10-southern-europe-trident-3\/\" class=\"wp-image-114\" title=\"\" srcset=\"https:\/\/ibomberdefense.standardof.net\/wp-content\/uploads\/sites\/5\/2020\/10\/iBomber-Defense-Axis-Campaign-10.-Southern-Europe-Trident-3-800x450.jpg 800w, https:\/\/ibomberdefense.standardof.net\/wp-content\/uploads\/sites\/5\/2020\/10\/iBomber-Defense-Axis-Campaign-10.-Southern-Europe-Trident-3-512x288.jpg 512w, https:\/\/ibomberdefense.standardof.net\/wp-content\/uploads\/sites\/5\/2020\/10\/iBomber-Defense-Axis-Campaign-10.-Southern-Europe-Trident-3-200x113.jpg 200w, https:\/\/ibomberdefense.standardof.net\/wp-content\/uploads\/sites\/5\/2020\/10\/iBomber-Defense-Axis-Campaign-10.-Southern-Europe-Trident-3-768x432.jpg 768w, https:\/\/ibomberdefense.standardof.net\/wp-content\/uploads\/sites\/5\/2020\/10\/iBomber-Defense-Axis-Campaign-10.-Southern-Europe-Trident-3-16x9.jpg 16w, https:\/\/ibomberdefense.standardof.net\/wp-content\/uploads\/sites\/5\/2020\/10\/iBomber-Defense-Axis-Campaign-10.-Southern-Europe-Trident-3.jpg 1280w\" sizes=\"(max-width: 800px) 100vw, 800px\" \/><\/a><figcaption class=\"blocks-gallery-item__caption\">Placement de la tourelle Wave 20.<\/figcaption><\/figure><\/li><\/ul><\/figure>\n\n\n\n<p>La course jusqu&#039;\u00e0 la vague 10 devrait se concentrer sur l&#039;obtention de votre premi\u00e8re poign\u00e9e de tourelles le long des chemins rouge \/ orange et jaune \/ vert, une positionn\u00e9e \u00e0 droite lorsque le bot fusionne avant la base. Sur la photo \u00e0 droite, il y a une tourelle situ\u00e9e sur la fente jaune \/ orange, mais elle sera vendue plus tard.<\/p>\n\n\n\n<p>En progressant vers la vague 20, vous devriez vous concentrer sur la fin de toutes les mises \u00e0 niveau des mitrailleuses, puis coller une tourelle Inferno sur les points de convergence jaune \/ vert et orange \/ rouge pour aider vos autres armes. Les canons plac\u00e9s sur la case la plus \u00e0 gauche du terrain sur\u00e9lev\u00e9 et pr\u00e8s de la base auront la capacit\u00e9 de couvrir tous les chemins dans une certaine mesure, alors essayez d&#039;obtenir des niveaux 1 autour de ces points. Une tourelle AA sera n\u00e9cessaire, plac\u00e9e de pr\u00e9f\u00e9rence 2 cases \u00e0 droite du canon au sol \u00e9lev\u00e9 avant la vague 19. Cet espace interm\u00e9diaire sera laiss\u00e9 pour une arme X plus tard.<\/p>\n\n\n\n<p>Vers la vague 30, vous voulez construire cette X-Weapon sur les hauteurs \u00e0 l&#039;endroit mentionn\u00e9 pr\u00e9c\u00e9demment tout en travaillant vers une deuxi\u00e8me tourelle AA \u00e0 c\u00f4t\u00e9. Au-del\u00e0 de cela, il est pr\u00e9f\u00e9rable d&#039;avoir 7 canons au total \u00e0 leur deuxi\u00e8me niveau, celui sur les hauteurs et 3 sur chaque base de feu des c\u00f4t\u00e9s nord et sud, \u00e0 proximit\u00e9 de votre base principale.<\/p>\n\n\n\n<p>Le dernier tron\u00e7on jusqu&#039;\u00e0 la vague 40 devrait impliquer l&#039;obtention de deux armes X enti\u00e8rement am\u00e9lior\u00e9es et am\u00e9lior\u00e9es, la seconde \u00e9tant plac\u00e9e \u00e0 un endroit \u00e0 c\u00f4t\u00e9 des canons mentionn\u00e9s pr\u00e9c\u00e9demment, pr\u00e8s de votre base principale afin qu&#039;elle puisse \u00e9galement frapper tous les chemins entrants. Les tourelles Inferno enti\u00e8rement am\u00e9lior\u00e9es constitueront un investissement rentable, mais il ne restera que les deux plac\u00e9es t\u00f4t.<\/p>\n\n\n\n<figure class=\"wp-block-gallery columns-2 is-cropped wp-block-gallery-2 is-layout-flex wp-block-gallery-is-layout-flex\"><ul class=\"blocks-gallery-grid\"><li class=\"blocks-gallery-item\"><figure><a href=\"https:\/\/ibomberdefense.standardof.net\/fr\/guide\/axe-campagne\/10-trident-europe-du-sud\/ibomber-defense-axis-campaign-10-southern-europe-trident-4\/\"><img decoding=\"async\" width=\"800\" height=\"450\" src=\"https:\/\/ibomberdefense.standardof.net\/wp-content\/uploads\/sites\/5\/2020\/10\/iBomber-Defense-Axis-Campaign-10.-Southern-Europe-Trident-4-800x450.jpg\" alt=\"&quot;iBomber Defense&quot; - Campagne de l&#039;Axe - 10. Europe du Sud - Trident (4)\" data-id=\"115\" data-full-url=\"https:\/\/ibomberdefense.standardof.net\/wp-content\/uploads\/sites\/5\/2020\/10\/iBomber-Defense-Axis-Campaign-10.-Southern-Europe-Trident-4.jpg\" data-link=\"https:\/\/ibomberdefense.standardof.net\/guide\/axis-campaign\/10-southern-europe-trident\/ibomber-defense-axis-campaign-10-southern-europe-trident-4\/\" class=\"wp-image-115\" title=\"\" srcset=\"https:\/\/ibomberdefense.standardof.net\/wp-content\/uploads\/sites\/5\/2020\/10\/iBomber-Defense-Axis-Campaign-10.-Southern-Europe-Trident-4-800x450.jpg 800w, https:\/\/ibomberdefense.standardof.net\/wp-content\/uploads\/sites\/5\/2020\/10\/iBomber-Defense-Axis-Campaign-10.-Southern-Europe-Trident-4-512x288.jpg 512w, https:\/\/ibomberdefense.standardof.net\/wp-content\/uploads\/sites\/5\/2020\/10\/iBomber-Defense-Axis-Campaign-10.-Southern-Europe-Trident-4-200x113.jpg 200w, https:\/\/ibomberdefense.standardof.net\/wp-content\/uploads\/sites\/5\/2020\/10\/iBomber-Defense-Axis-Campaign-10.-Southern-Europe-Trident-4-768x432.jpg 768w, https:\/\/ibomberdefense.standardof.net\/wp-content\/uploads\/sites\/5\/2020\/10\/iBomber-Defense-Axis-Campaign-10.-Southern-Europe-Trident-4-16x9.jpg 16w, https:\/\/ibomberdefense.standardof.net\/wp-content\/uploads\/sites\/5\/2020\/10\/iBomber-Defense-Axis-Campaign-10.-Southern-Europe-Trident-4.jpg 1280w\" sizes=\"(max-width: 800px) 100vw, 800px\" \/><\/a><figcaption class=\"blocks-gallery-item__caption\">Placement de la tourelle Wave 30.<\/figcaption><\/figure><\/li><li class=\"blocks-gallery-item\"><figure><a href=\"https:\/\/ibomberdefense.standardof.net\/fr\/guide\/axe-campagne\/10-trident-europe-du-sud\/ibomber-defense-axis-campaign-10-southern-europe-trident-5\/\"><img decoding=\"async\" width=\"800\" height=\"450\" src=\"https:\/\/ibomberdefense.standardof.net\/wp-content\/uploads\/sites\/5\/2020\/10\/iBomber-Defense-Axis-Campaign-10.-Southern-Europe-Trident-5-800x450.jpg\" alt=\"&quot;iBomber Defense&quot; - Campagne de l&#039;Axe - 10. Europe du Sud - Trident (5)\" data-id=\"116\" data-full-url=\"https:\/\/ibomberdefense.standardof.net\/wp-content\/uploads\/sites\/5\/2020\/10\/iBomber-Defense-Axis-Campaign-10.-Southern-Europe-Trident-5.jpg\" data-link=\"https:\/\/ibomberdefense.standardof.net\/guide\/axis-campaign\/10-southern-europe-trident\/ibomber-defense-axis-campaign-10-southern-europe-trident-5\/\" class=\"wp-image-116\" title=\"\" srcset=\"https:\/\/ibomberdefense.standardof.net\/wp-content\/uploads\/sites\/5\/2020\/10\/iBomber-Defense-Axis-Campaign-10.-Southern-Europe-Trident-5-800x450.jpg 800w, https:\/\/ibomberdefense.standardof.net\/wp-content\/uploads\/sites\/5\/2020\/10\/iBomber-Defense-Axis-Campaign-10.-Southern-Europe-Trident-5-512x288.jpg 512w, https:\/\/ibomberdefense.standardof.net\/wp-content\/uploads\/sites\/5\/2020\/10\/iBomber-Defense-Axis-Campaign-10.-Southern-Europe-Trident-5-200x113.jpg 200w, https:\/\/ibomberdefense.standardof.net\/wp-content\/uploads\/sites\/5\/2020\/10\/iBomber-Defense-Axis-Campaign-10.-Southern-Europe-Trident-5-768x432.jpg 768w, https:\/\/ibomberdefense.standardof.net\/wp-content\/uploads\/sites\/5\/2020\/10\/iBomber-Defense-Axis-Campaign-10.-Southern-Europe-Trident-5-16x9.jpg 16w, https:\/\/ibomberdefense.standardof.net\/wp-content\/uploads\/sites\/5\/2020\/10\/iBomber-Defense-Axis-Campaign-10.-Southern-Europe-Trident-5.jpg 1280w\" sizes=\"(max-width: 800px) 100vw, 800px\" \/><\/a><figcaption class=\"blocks-gallery-item__caption\">Placement de la tourelle Wave 40.<\/figcaption><\/figure><\/li><\/ul><\/figure>\n\n\n\n<hr class=\"wp-block-separator\"\/>\n\n\n\n<h4 class=\"has-text-align-center wp-block-heading\">Guide vid\u00e9o<\/h4>\n\n\n\n<figure class=\"wp-block-embed-youtube wp-block-embed is-type-video is-provider-youtube wp-embed-aspect-16-9 wp-has-aspect-ratio\"><div class=\"wp-block-embed__wrapper\">\n<div class=\"ast-oembed-container\" style=\"height: 100%;\"><iframe title=\"iBomber Defense - Europe du Sud - Trident - V\u00e9t\u00e9ran + Parfait\" width=\"500\" height=\"281\" src=\"https:\/\/www.youtube.com\/embed\/Cfi7BQTlWOM?feature=oembed\" frameborder=\"0\" allow=\"accelerometer; autoplay; clipboard-write; encrypted-media; gyroscope; picture-in-picture; web-share\" referrerpolicy=\"strict-origin-when-cross-origin\" allowfullscreen><\/iframe><\/div>\n<\/div><\/figure>","protected":false},"excerpt":{"rendered":"<p>In Southern Europe &#8220;Trident,\u201d the tenth level in the Axis campaign, you return once again to some familiar ground. Unlike the previous time you played on this map, things have gotten particularly more snowed over. But more importantly, the Allied counterattack extra path is open from the get go. There are 40 waves of ground [&hellip;]<\/p>","protected":false},"author":1,"featured_media":116,"parent":268,"menu_order":10,"comment_status":"open","ping_status":"closed","template":"","meta":{"_uag_custom_page_level_css":"","site-sidebar-layout":"default","site-content-layout":"default","ast-site-content-layout":"","site-content-style":"default","site-sidebar-style":"default","ast-global-header-display":"","ast-banner-title-visibility":"","ast-main-header-display":"","ast-hfb-above-header-display":"","ast-hfb-below-header-display":"","ast-hfb-mobile-header-display":"","site-post-title":"","ast-breadcrumbs-content":"","ast-featured-img":"","footer-sml-layout":"","theme-transparent-header-meta":"default","adv-header-id-meta":"","stick-header-meta":"","header-above-stick-meta":"","header-main-stick-meta":"","header-below-stick-meta":"","astra-migrate-meta-layouts":"default","ast-page-background-enabled":"default","ast-page-background-meta":{"desktop":{"background-color":"","background-image":"","background-repeat":"repeat","background-position":"center center","background-size":"auto","background-attachment":"scroll","background-type":"","background-media":"","overlay-type":"","overlay-color":"","overlay-gradient":""},"tablet":{"background-color":"","background-image":"","background-repeat":"repeat","background-position":"center center","background-size":"auto","background-attachment":"scroll","background-type":"","background-media":"","overlay-type":"","overlay-color":"","overlay-gradient":""},"mobile":{"background-color":"","background-image":"","background-repeat":"repeat","background-position":"center center","background-size":"auto","background-attachment":"scroll","background-type":"","background-media":"","overlay-type":"","overlay-color":"","overlay-gradient":""}},"ast-content-background-meta":{"desktop":{"background-color":"var(--ast-global-color-5)","background-image":"","background-repeat":"repeat","background-position":"center center","background-size":"auto","background-attachment":"scroll","background-type":"","background-media":"","overlay-type":"","overlay-color":"","overlay-gradient":""},"tablet":{"background-color":"var(--ast-global-color-5)","background-image":"","background-repeat":"repeat","background-position":"center center","background-size":"auto","background-attachment":"scroll","background-type":"","background-media":"","overlay-type":"","overlay-color":"","overlay-gradient":""},"mobile":{"background-color":"var(--ast-global-color-5)","background-image":"","background-repeat":"repeat","background-position":"center center","background-size":"auto","background-attachment":"scroll","background-type":"","background-media":"","overlay-type":"","overlay-color":"","overlay-gradient":""}},"footnotes":""},"uagb_featured_image_src":{"full":["https:\/\/ibomberdefense.standardof.net\/wp-content\/uploads\/sites\/5\/2020\/10\/iBomber-Defense-Axis-Campaign-10.-Southern-Europe-Trident-5.jpg",1280,720,false],"thumbnail":["https:\/\/ibomberdefense.standardof.net\/wp-content\/uploads\/sites\/5\/2020\/10\/iBomber-Defense-Axis-Campaign-10.-Southern-Europe-Trident-5-200x113.jpg",200,113,true],"medium":["https:\/\/ibomberdefense.standardof.net\/wp-content\/uploads\/sites\/5\/2020\/10\/iBomber-Defense-Axis-Campaign-10.-Southern-Europe-Trident-5-512x288.jpg",512,288,true],"medium_large":["https:\/\/ibomberdefense.standardof.net\/wp-content\/uploads\/sites\/5\/2020\/10\/iBomber-Defense-Axis-Campaign-10.-Southern-Europe-Trident-5-768x432.jpg",768,432,true],"large":["https:\/\/ibomberdefense.standardof.net\/wp-content\/uploads\/sites\/5\/2020\/10\/iBomber-Defense-Axis-Campaign-10.-Southern-Europe-Trident-5-800x450.jpg",800,450,true],"1536x1536":["https:\/\/ibomberdefense.standardof.net\/wp-content\/uploads\/sites\/5\/2020\/10\/iBomber-Defense-Axis-Campaign-10.-Southern-Europe-Trident-5.jpg",1280,720,false],"2048x2048":["https:\/\/ibomberdefense.standardof.net\/wp-content\/uploads\/sites\/5\/2020\/10\/iBomber-Defense-Axis-Campaign-10.-Southern-Europe-Trident-5.jpg",1280,720,false],"trp-custom-language-flag":["https:\/\/ibomberdefense.standardof.net\/wp-content\/uploads\/sites\/5\/2020\/10\/iBomber-Defense-Axis-Campaign-10.-Southern-Europe-Trident-5-16x9.jpg",16,9,true]},"uagb_author_info":{"display_name":"SOE","author_link":"https:\/\/ibomberdefense.standardof.net\/fr\/author\/k-tastic\/"},"uagb_comment_info":0,"uagb_excerpt":"In Southern Europe &#8220;Trident,\u201d the tenth level in the Axis campaign, you return once again to some familiar ground. Unlike the previous time you played on this map, things have gotten particularly more snowed over. But more importantly, the Allied counterattack extra path is open from the get go. There are 40 waves of ground&hellip;","_links":{"self":[{"href":"https:\/\/ibomberdefense.standardof.net\/fr\/wp-json\/wp\/v2\/pages\/345"}],"collection":[{"href":"https:\/\/ibomberdefense.standardof.net\/fr\/wp-json\/wp\/v2\/pages"}],"about":[{"href":"https:\/\/ibomberdefense.standardof.net\/fr\/wp-json\/wp\/v2\/types\/page"}],"author":[{"embeddable":true,"href":"https:\/\/ibomberdefense.standardof.net\/fr\/wp-json\/wp\/v2\/users\/1"}],"replies":[{"embeddable":true,"href":"https:\/\/ibomberdefense.standardof.net\/fr\/wp-json\/wp\/v2\/comments?post=345"}],"version-history":[{"count":0,"href":"https:\/\/ibomberdefense.standardof.net\/fr\/wp-json\/wp\/v2\/pages\/345\/revisions"}],"up":[{"embeddable":true,"href":"https:\/\/ibomberdefense.standardof.net\/fr\/wp-json\/wp\/v2\/pages\/268"}],"wp:featuredmedia":[{"embeddable":true,"href":"https:\/\/ibomberdefense.standardof.net\/fr\/wp-json\/wp\/v2\/media\/116"}],"wp:attachment":[{"href":"https:\/\/ibomberdefense.standardof.net\/fr\/wp-json\/wp\/v2\/media?parent=345"}],"curies":[{"name":"wp","href":"https:\/\/api.w.org\/{rel}","templated":true}]}}