{"id":346,"date":"2020-10-19T07:40:37","date_gmt":"2020-10-19T07:40:37","guid":{"rendered":"https:\/\/ibomberdefense.standardof.net\/?page_id=346"},"modified":"2020-10-19T08:04:29","modified_gmt":"2020-10-19T08:04:29","slug":"11-western-europe-cross-of-iron","status":"publish","type":"page","link":"https:\/\/ibomberdefense.standardof.net\/fr\/guide\/axe-campagne\/11-croix-de-fer-europe-ouest\/","title":{"rendered":"11. Europe occidentale: Croix de fer"},"content":{"rendered":"<div class=\"wp-block-image\"><figure class=\"aligncenter size-large\"><a href=\"https:\/\/ibomberdefense.standardof.net\/fr\/guide\/axe-campagne\/11-croix-de-fer-europe-ouest\/ibomber-defense-axis-campaign-11-western-europe-cross-of-iron-1\/\"><img decoding=\"async\" width=\"800\" height=\"450\" src=\"https:\/\/ibomberdefense.standardof.net\/wp-content\/uploads\/sites\/5\/2020\/10\/iBomber-Defense-Axis-Campaign-11.-Western-Europe-Cross-of-Iron-1-800x450.jpg\" alt=\"&quot;iBomber Defense&quot; - Campagne de l&#039;Axe - 11. Europe de l&#039;Ouest - Croix de fer (1)\" class=\"wp-image-117\" title=\"\" srcset=\"https:\/\/ibomberdefense.standardof.net\/wp-content\/uploads\/sites\/5\/2020\/10\/iBomber-Defense-Axis-Campaign-11.-Western-Europe-Cross-of-Iron-1-800x450.jpg 800w, https:\/\/ibomberdefense.standardof.net\/wp-content\/uploads\/sites\/5\/2020\/10\/iBomber-Defense-Axis-Campaign-11.-Western-Europe-Cross-of-Iron-1-512x288.jpg 512w, https:\/\/ibomberdefense.standardof.net\/wp-content\/uploads\/sites\/5\/2020\/10\/iBomber-Defense-Axis-Campaign-11.-Western-Europe-Cross-of-Iron-1-200x113.jpg 200w, https:\/\/ibomberdefense.standardof.net\/wp-content\/uploads\/sites\/5\/2020\/10\/iBomber-Defense-Axis-Campaign-11.-Western-Europe-Cross-of-Iron-1-768x432.jpg 768w, https:\/\/ibomberdefense.standardof.net\/wp-content\/uploads\/sites\/5\/2020\/10\/iBomber-Defense-Axis-Campaign-11.-Western-Europe-Cross-of-Iron-1-16x9.jpg 16w, https:\/\/ibomberdefense.standardof.net\/wp-content\/uploads\/sites\/5\/2020\/10\/iBomber-Defense-Axis-Campaign-11.-Western-Europe-Cross-of-Iron-1.jpg 1280w\" sizes=\"(max-width: 800px) 100vw, 800px\" \/><\/a><figcaption>Routes emprunt\u00e9es par les unit\u00e9s ennemies dans l&#039;iBomber Defence, niveau de campagne de l&#039;Axe Europe de l&#039;Ouest \u00abCroix de fer\u00bb. Le chemin bleu est pour les avions.<\/figcaption><\/figure><\/div>\n\n\n\n<p>Niveau onze de la campagne de l&#039;Axe en <em>D\u00e9fense iBomber<\/em> se d\u00e9roule en Europe de l&#039;Ouest, face \u00e0 trois voies principales entrantes d&#039;unit\u00e9s terrestres pour 45 vagues. Les unit\u00e9s venant du chemin rouge peuvent en fait emprunter l&#039;un des 3 sous-chemins en atteignant la scission comme illustr\u00e9 \u00e0 droite avant de fusionner \u00e0 nouveau juste avant la base. Les avions arriveront pour rejoindre la m\u00eal\u00e9e au d\u00e9but de la vague 24.<\/p>\n\n\n\n<p>Le placement de la tourelle se concentrera d&#039;abord sur le remplissage des espaces qui existent au milieu du cercle fait par la division et la fusion subs\u00e9quente du chemin rouge, ainsi que la jonction ult\u00e9rieure de l&#039;orange et du jaune. De l\u00e0, il s&#039;\u00e9talera pour occuper les 3 plateaux \u00e0 l&#039;ouest une fois cette premi\u00e8re portion suffisamment \u00e9tablie.<\/p>\n\n\n\n<h3 class=\"wp-block-heading\"><strong>Placement de la tourelle:<\/strong><\/h3>\n\n\n\n<figure class=\"wp-block-gallery columns-2 is-cropped wp-block-gallery-1 is-layout-flex wp-block-gallery-is-layout-flex\"><ul class=\"blocks-gallery-grid\"><li class=\"blocks-gallery-item\"><figure><a href=\"https:\/\/ibomberdefense.standardof.net\/fr\/guide\/axe-campagne\/11-croix-de-fer-europe-ouest\/ibomber-defense-axis-campaign-11-western-europe-cross-of-iron-2\/\"><img decoding=\"async\" width=\"800\" height=\"450\" src=\"https:\/\/ibomberdefense.standardof.net\/wp-content\/uploads\/sites\/5\/2020\/10\/iBomber-Defense-Axis-Campaign-11.-Western-Europe-Cross-of-Iron-2-800x450.jpg\" alt=\"&quot;iBomber Defense&quot; - Campagne de l&#039;Axe - 11. Europe de l&#039;Ouest - Croix de fer (2)\" data-id=\"118\" data-full-url=\"https:\/\/ibomberdefense.standardof.net\/wp-content\/uploads\/sites\/5\/2020\/10\/iBomber-Defense-Axis-Campaign-11.-Western-Europe-Cross-of-Iron-2.jpg\" data-link=\"https:\/\/ibomberdefense.standardof.net\/guide\/axis-campaign\/11-western-europe-cross-of-iron\/ibomber-defense-axis-campaign-11-western-europe-cross-of-iron-2\/\" class=\"wp-image-118\" title=\"\" srcset=\"https:\/\/ibomberdefense.standardof.net\/wp-content\/uploads\/sites\/5\/2020\/10\/iBomber-Defense-Axis-Campaign-11.-Western-Europe-Cross-of-Iron-2-800x450.jpg 800w, https:\/\/ibomberdefense.standardof.net\/wp-content\/uploads\/sites\/5\/2020\/10\/iBomber-Defense-Axis-Campaign-11.-Western-Europe-Cross-of-Iron-2-512x288.jpg 512w, https:\/\/ibomberdefense.standardof.net\/wp-content\/uploads\/sites\/5\/2020\/10\/iBomber-Defense-Axis-Campaign-11.-Western-Europe-Cross-of-Iron-2-200x113.jpg 200w, https:\/\/ibomberdefense.standardof.net\/wp-content\/uploads\/sites\/5\/2020\/10\/iBomber-Defense-Axis-Campaign-11.-Western-Europe-Cross-of-Iron-2-768x432.jpg 768w, https:\/\/ibomberdefense.standardof.net\/wp-content\/uploads\/sites\/5\/2020\/10\/iBomber-Defense-Axis-Campaign-11.-Western-Europe-Cross-of-Iron-2-16x9.jpg 16w, https:\/\/ibomberdefense.standardof.net\/wp-content\/uploads\/sites\/5\/2020\/10\/iBomber-Defense-Axis-Campaign-11.-Western-Europe-Cross-of-Iron-2.jpg 1280w\" sizes=\"(max-width: 800px) 100vw, 800px\" \/><\/a><figcaption class=\"blocks-gallery-item__caption\">Placement de la tourelle Wave 10.<\/figcaption><\/figure><\/li><li class=\"blocks-gallery-item\"><figure><a href=\"https:\/\/ibomberdefense.standardof.net\/fr\/guide\/axe-campagne\/11-croix-de-fer-europe-ouest\/ibomber-defense-axis-campaign-11-western-europe-cross-of-iron-3\/\"><img decoding=\"async\" width=\"800\" height=\"450\" src=\"https:\/\/ibomberdefense.standardof.net\/wp-content\/uploads\/sites\/5\/2020\/10\/iBomber-Defense-Axis-Campaign-11.-Western-Europe-Cross-of-Iron-3-800x450.jpg\" alt=\"&quot;iBomber Defense&quot; - Campagne de l&#039;Axe - 11. Europe de l&#039;Ouest - Croix de fer (3)\" data-id=\"119\" data-full-url=\"https:\/\/ibomberdefense.standardof.net\/wp-content\/uploads\/sites\/5\/2020\/10\/iBomber-Defense-Axis-Campaign-11.-Western-Europe-Cross-of-Iron-3.jpg\" data-link=\"https:\/\/ibomberdefense.standardof.net\/guide\/axis-campaign\/11-western-europe-cross-of-iron\/ibomber-defense-axis-campaign-11-western-europe-cross-of-iron-3\/\" class=\"wp-image-119\" title=\"\" srcset=\"https:\/\/ibomberdefense.standardof.net\/wp-content\/uploads\/sites\/5\/2020\/10\/iBomber-Defense-Axis-Campaign-11.-Western-Europe-Cross-of-Iron-3-800x450.jpg 800w, https:\/\/ibomberdefense.standardof.net\/wp-content\/uploads\/sites\/5\/2020\/10\/iBomber-Defense-Axis-Campaign-11.-Western-Europe-Cross-of-Iron-3-512x288.jpg 512w, https:\/\/ibomberdefense.standardof.net\/wp-content\/uploads\/sites\/5\/2020\/10\/iBomber-Defense-Axis-Campaign-11.-Western-Europe-Cross-of-Iron-3-200x113.jpg 200w, https:\/\/ibomberdefense.standardof.net\/wp-content\/uploads\/sites\/5\/2020\/10\/iBomber-Defense-Axis-Campaign-11.-Western-Europe-Cross-of-Iron-3-768x432.jpg 768w, https:\/\/ibomberdefense.standardof.net\/wp-content\/uploads\/sites\/5\/2020\/10\/iBomber-Defense-Axis-Campaign-11.-Western-Europe-Cross-of-Iron-3-16x9.jpg 16w, https:\/\/ibomberdefense.standardof.net\/wp-content\/uploads\/sites\/5\/2020\/10\/iBomber-Defense-Axis-Campaign-11.-Western-Europe-Cross-of-Iron-3.jpg 1280w\" sizes=\"(max-width: 800px) 100vw, 800px\" \/><\/a><figcaption class=\"blocks-gallery-item__caption\">Placement de la tourelle Wave 20.<\/figcaption><\/figure><\/li><\/ul><\/figure>\n\n\n\n<p>Vos placements initiaux devraient se concentrer sur la mise en service de 6 mitrailleuses enti\u00e8rement mises \u00e0 niveau dans des positions o\u00f9 elles peuvent au mieux couvrir les multiples chemins entrants. Une fois que ceux-ci sont en bas, placez une tourelle Inferno \u00e0 c\u00f4t\u00e9 de l&#039;endroit o\u00f9 les chemins jaune et rouge sont fusionn\u00e9s et les chemins orange et rouge, de pr\u00e9f\u00e9rence sur le bord int\u00e9rieur de ces routes afin qu&#039;ils puissent arr\u00eater le chemin rouge qui traverse le milieu. Enfin, vous devriez pouvoir \u00e9conomiser pour une seule X-Weapon avec les nombreuses unit\u00e9s faibles qui viennent pendant ces vagues, en la pla\u00e7ant dans une position o\u00f9 sa puissance est augment\u00e9e par vos tourelles d\u00e9j\u00e0 construites.<\/p>\n\n\n\n<p>Des vagues 15 \u00e0 25, vous devez vous concentrer sur l&#039;obtention d&#039;une deuxi\u00e8me arme X, puis sur la mise \u00e0 niveau des deux au niveau 2 tout en am\u00e9liorant les tourelles Inferno. Placer quelques canons est une bonne mesure pendant ce temps dans des positions o\u00f9 ils peuvent renforcer les X-Weapons. Enfin, assurez-vous d&#039;avoir votre Anti-Air jusqu&#039;\u00e0 la vague 24, une bonne position pour cela \u00e9tant la colline sud.<\/p>\n\n\n\n<p>En continuant vers la vague 35, travaillez sur la mise \u00e0 niveau de vos X-Weapons \u00e0 leurs niveaux finaux pour commencer \u00e0 causer les tr\u00e8s gros d\u00e9g\u00e2ts d&#039;\u00e9claboussure AOE qui renversent la tendance dans les missions de l&#039;Axe. Une fois qu&#039;ils sont construits avec des mises \u00e0 niveau et des tourelles \u00e0 booster, de pr\u00e9f\u00e9rence des canons, commencez \u00e0 travailler sur une nouvelle X-Weapon. Comme vous pouvez le voir sur les images \u00e0 droite, quatre canons enti\u00e8rement am\u00e9lior\u00e9s sont possibles par la vague 35 avec le travail commen\u00e7ant le cinqui\u00e8me. N&#039;h\u00e9sitez pas \u00e0 commencer \u00e0 vendre certaines de vos mitrailleuses pour placer des armes plus pr\u00e9cieuses.<\/p>\n\n\n\n<p>Vous pouvez continuer cette strat\u00e9gie vers les derni\u00e8res vagues, en construisant \u00e9ventuellement des bases X-Weapon sur les 3 collines. La colline ouest est un endroit appropri\u00e9 pour une troisi\u00e8me et derni\u00e8re tourelle AA pour faire bonne mesure.<\/p>\n\n\n\n<figure class=\"wp-block-gallery columns-2 is-cropped wp-block-gallery-2 is-layout-flex wp-block-gallery-is-layout-flex\"><ul class=\"blocks-gallery-grid\"><li class=\"blocks-gallery-item\"><figure><a href=\"https:\/\/ibomberdefense.standardof.net\/fr\/guide\/axe-campagne\/11-croix-de-fer-europe-ouest\/ibomber-defense-axis-campaign-11-western-europe-cross-of-iron-4\/\"><img decoding=\"async\" width=\"800\" height=\"450\" src=\"https:\/\/ibomberdefense.standardof.net\/wp-content\/uploads\/sites\/5\/2020\/10\/iBomber-Defense-Axis-Campaign-11.-Western-Europe-Cross-of-Iron-4-800x450.jpg\" alt=\"&quot;iBomber Defense&quot; - Campagne de l&#039;Axe - 11. Europe de l&#039;Ouest - Croix de fer (4)\" data-id=\"120\" data-full-url=\"https:\/\/ibomberdefense.standardof.net\/wp-content\/uploads\/sites\/5\/2020\/10\/iBomber-Defense-Axis-Campaign-11.-Western-Europe-Cross-of-Iron-4.jpg\" data-link=\"https:\/\/ibomberdefense.standardof.net\/guide\/axis-campaign\/11-western-europe-cross-of-iron\/ibomber-defense-axis-campaign-11-western-europe-cross-of-iron-4\/\" class=\"wp-image-120\" title=\"\" srcset=\"https:\/\/ibomberdefense.standardof.net\/wp-content\/uploads\/sites\/5\/2020\/10\/iBomber-Defense-Axis-Campaign-11.-Western-Europe-Cross-of-Iron-4-800x450.jpg 800w, https:\/\/ibomberdefense.standardof.net\/wp-content\/uploads\/sites\/5\/2020\/10\/iBomber-Defense-Axis-Campaign-11.-Western-Europe-Cross-of-Iron-4-512x288.jpg 512w, https:\/\/ibomberdefense.standardof.net\/wp-content\/uploads\/sites\/5\/2020\/10\/iBomber-Defense-Axis-Campaign-11.-Western-Europe-Cross-of-Iron-4-200x113.jpg 200w, https:\/\/ibomberdefense.standardof.net\/wp-content\/uploads\/sites\/5\/2020\/10\/iBomber-Defense-Axis-Campaign-11.-Western-Europe-Cross-of-Iron-4-768x432.jpg 768w, https:\/\/ibomberdefense.standardof.net\/wp-content\/uploads\/sites\/5\/2020\/10\/iBomber-Defense-Axis-Campaign-11.-Western-Europe-Cross-of-Iron-4-16x9.jpg 16w, https:\/\/ibomberdefense.standardof.net\/wp-content\/uploads\/sites\/5\/2020\/10\/iBomber-Defense-Axis-Campaign-11.-Western-Europe-Cross-of-Iron-4.jpg 1280w\" sizes=\"(max-width: 800px) 100vw, 800px\" \/><\/a><figcaption class=\"blocks-gallery-item__caption\">Placement de la tourelle Wave 30.<\/figcaption><\/figure><\/li><li class=\"blocks-gallery-item\"><figure><a href=\"https:\/\/ibomberdefense.standardof.net\/fr\/guide\/axe-campagne\/11-croix-de-fer-europe-ouest\/ibomber-defense-axis-campaign-11-western-europe-cross-of-iron-5\/\"><img decoding=\"async\" width=\"800\" height=\"450\" src=\"https:\/\/ibomberdefense.standardof.net\/wp-content\/uploads\/sites\/5\/2020\/10\/iBomber-Defense-Axis-Campaign-11.-Western-Europe-Cross-of-Iron-5-800x450.jpg\" alt=\"&quot;iBomber Defense&quot; - Campagne de l&#039;Axe - 11. Europe de l&#039;Ouest - Croix de fer (5)\" data-id=\"121\" data-full-url=\"https:\/\/ibomberdefense.standardof.net\/wp-content\/uploads\/sites\/5\/2020\/10\/iBomber-Defense-Axis-Campaign-11.-Western-Europe-Cross-of-Iron-5.jpg\" data-link=\"https:\/\/ibomberdefense.standardof.net\/guide\/axis-campaign\/11-western-europe-cross-of-iron\/ibomber-defense-axis-campaign-11-western-europe-cross-of-iron-5\/\" class=\"wp-image-121\" title=\"\" srcset=\"https:\/\/ibomberdefense.standardof.net\/wp-content\/uploads\/sites\/5\/2020\/10\/iBomber-Defense-Axis-Campaign-11.-Western-Europe-Cross-of-Iron-5-800x450.jpg 800w, https:\/\/ibomberdefense.standardof.net\/wp-content\/uploads\/sites\/5\/2020\/10\/iBomber-Defense-Axis-Campaign-11.-Western-Europe-Cross-of-Iron-5-512x288.jpg 512w, https:\/\/ibomberdefense.standardof.net\/wp-content\/uploads\/sites\/5\/2020\/10\/iBomber-Defense-Axis-Campaign-11.-Western-Europe-Cross-of-Iron-5-200x113.jpg 200w, https:\/\/ibomberdefense.standardof.net\/wp-content\/uploads\/sites\/5\/2020\/10\/iBomber-Defense-Axis-Campaign-11.-Western-Europe-Cross-of-Iron-5-768x432.jpg 768w, https:\/\/ibomberdefense.standardof.net\/wp-content\/uploads\/sites\/5\/2020\/10\/iBomber-Defense-Axis-Campaign-11.-Western-Europe-Cross-of-Iron-5-16x9.jpg 16w, https:\/\/ibomberdefense.standardof.net\/wp-content\/uploads\/sites\/5\/2020\/10\/iBomber-Defense-Axis-Campaign-11.-Western-Europe-Cross-of-Iron-5.jpg 1280w\" sizes=\"(max-width: 800px) 100vw, 800px\" \/><\/a><figcaption class=\"blocks-gallery-item__caption\">Placement de la tourelle Wave 40.<\/figcaption><\/figure><\/li><\/ul><\/figure>\n\n\n\n<hr class=\"wp-block-separator\"\/>\n\n\n\n<h4 class=\"has-text-align-center wp-block-heading\">Guide vid\u00e9o<\/h4>\n\n\n\n<figure class=\"wp-block-embed-youtube wp-block-embed is-type-video is-provider-youtube wp-embed-aspect-4-3 wp-has-aspect-ratio wp-embed-aspect-16-9\"><div class=\"wp-block-embed__wrapper\">\n<div class=\"ast-oembed-container\" style=\"height: 100%;\"><iframe title=\"iBomber Defense - Europe de l&#039;Ouest - Croix de fer - V\u00e9t\u00e9ran + Parfait\" width=\"500\" height=\"281\" src=\"https:\/\/www.youtube.com\/embed\/HpVdfQL9ZdY?feature=oembed\" frameborder=\"0\" allow=\"accelerometer; autoplay; clipboard-write; encrypted-media; gyroscope; picture-in-picture; web-share\" referrerpolicy=\"strict-origin-when-cross-origin\" allowfullscreen><\/iframe><\/div>\n<\/div><\/figure>","protected":false},"excerpt":{"rendered":"<p>Level eleven of the Axis campaign in iBomber Defense takes place in Western Europe, facing off against three main incoming paths of ground units for 45 waves. Units coming from the red path can actually take one of 3 sub-paths upon reaching the split as depicted to the right before merging again just before the [&hellip;]<\/p>","protected":false},"author":1,"featured_media":121,"parent":268,"menu_order":11,"comment_status":"open","ping_status":"closed","template":"","meta":{"_uag_custom_page_level_css":"","site-sidebar-layout":"default","site-content-layout":"default","ast-site-content-layout":"","site-content-style":"default","site-sidebar-style":"default","ast-global-header-display":"","ast-banner-title-visibility":"","ast-main-header-display":"","ast-hfb-above-header-display":"","ast-hfb-below-header-display":"","ast-hfb-mobile-header-display":"","site-post-title":"","ast-breadcrumbs-content":"","ast-featured-img":"","footer-sml-layout":"","theme-transparent-header-meta":"default","adv-header-id-meta":"","stick-header-meta":"","header-above-stick-meta":"","header-main-stick-meta":"","header-below-stick-meta":"","astra-migrate-meta-layouts":"default","ast-page-background-enabled":"default","ast-page-background-meta":{"desktop":{"background-color":"","background-image":"","background-repeat":"repeat","background-position":"center center","background-size":"auto","background-attachment":"scroll","background-type":"","background-media":"","overlay-type":"","overlay-color":"","overlay-gradient":""},"tablet":{"background-color":"","background-image":"","background-repeat":"repeat","background-position":"center center","background-size":"auto","background-attachment":"scroll","background-type":"","background-media":"","overlay-type":"","overlay-color":"","overlay-gradient":""},"mobile":{"background-color":"","background-image":"","background-repeat":"repeat","background-position":"center center","background-size":"auto","background-attachment":"scroll","background-type":"","background-media":"","overlay-type":"","overlay-color":"","overlay-gradient":""}},"ast-content-background-meta":{"desktop":{"background-color":"var(--ast-global-color-5)","background-image":"","background-repeat":"repeat","background-position":"center center","background-size":"auto","background-attachment":"scroll","background-type":"","background-media":"","overlay-type":"","overlay-color":"","overlay-gradient":""},"tablet":{"background-color":"var(--ast-global-color-5)","background-image":"","background-repeat":"repeat","background-position":"center center","background-size":"auto","background-attachment":"scroll","background-type":"","background-media":"","overlay-type":"","overlay-color":"","overlay-gradient":""},"mobile":{"background-color":"var(--ast-global-color-5)","background-image":"","background-repeat":"repeat","background-position":"center center","background-size":"auto","background-attachment":"scroll","background-type":"","background-media":"","overlay-type":"","overlay-color":"","overlay-gradient":""}},"footnotes":""},"uagb_featured_image_src":{"full":["https:\/\/ibomberdefense.standardof.net\/wp-content\/uploads\/sites\/5\/2020\/10\/iBomber-Defense-Axis-Campaign-11.-Western-Europe-Cross-of-Iron-5.jpg",1280,720,false],"thumbnail":["https:\/\/ibomberdefense.standardof.net\/wp-content\/uploads\/sites\/5\/2020\/10\/iBomber-Defense-Axis-Campaign-11.-Western-Europe-Cross-of-Iron-5-200x113.jpg",200,113,true],"medium":["https:\/\/ibomberdefense.standardof.net\/wp-content\/uploads\/sites\/5\/2020\/10\/iBomber-Defense-Axis-Campaign-11.-Western-Europe-Cross-of-Iron-5-512x288.jpg",512,288,true],"medium_large":["https:\/\/ibomberdefense.standardof.net\/wp-content\/uploads\/sites\/5\/2020\/10\/iBomber-Defense-Axis-Campaign-11.-Western-Europe-Cross-of-Iron-5-768x432.jpg",768,432,true],"large":["https:\/\/ibomberdefense.standardof.net\/wp-content\/uploads\/sites\/5\/2020\/10\/iBomber-Defense-Axis-Campaign-11.-Western-Europe-Cross-of-Iron-5-800x450.jpg",800,450,true],"1536x1536":["https:\/\/ibomberdefense.standardof.net\/wp-content\/uploads\/sites\/5\/2020\/10\/iBomber-Defense-Axis-Campaign-11.-Western-Europe-Cross-of-Iron-5.jpg",1280,720,false],"2048x2048":["https:\/\/ibomberdefense.standardof.net\/wp-content\/uploads\/sites\/5\/2020\/10\/iBomber-Defense-Axis-Campaign-11.-Western-Europe-Cross-of-Iron-5.jpg",1280,720,false],"trp-custom-language-flag":["https:\/\/ibomberdefense.standardof.net\/wp-content\/uploads\/sites\/5\/2020\/10\/iBomber-Defense-Axis-Campaign-11.-Western-Europe-Cross-of-Iron-5-16x9.jpg",16,9,true]},"uagb_author_info":{"display_name":"SOE","author_link":"https:\/\/ibomberdefense.standardof.net\/fr\/author\/k-tastic\/"},"uagb_comment_info":0,"uagb_excerpt":"Level eleven of the Axis campaign in iBomber Defense takes place in Western Europe, facing off against three main incoming paths of ground units for 45 waves. Units coming from the red path can actually take one of 3 sub-paths upon reaching the split as depicted to the right before merging again just before the&hellip;","_links":{"self":[{"href":"https:\/\/ibomberdefense.standardof.net\/fr\/wp-json\/wp\/v2\/pages\/346"}],"collection":[{"href":"https:\/\/ibomberdefense.standardof.net\/fr\/wp-json\/wp\/v2\/pages"}],"about":[{"href":"https:\/\/ibomberdefense.standardof.net\/fr\/wp-json\/wp\/v2\/types\/page"}],"author":[{"embeddable":true,"href":"https:\/\/ibomberdefense.standardof.net\/fr\/wp-json\/wp\/v2\/users\/1"}],"replies":[{"embeddable":true,"href":"https:\/\/ibomberdefense.standardof.net\/fr\/wp-json\/wp\/v2\/comments?post=346"}],"version-history":[{"count":0,"href":"https:\/\/ibomberdefense.standardof.net\/fr\/wp-json\/wp\/v2\/pages\/346\/revisions"}],"up":[{"embeddable":true,"href":"https:\/\/ibomberdefense.standardof.net\/fr\/wp-json\/wp\/v2\/pages\/268"}],"wp:featuredmedia":[{"embeddable":true,"href":"https:\/\/ibomberdefense.standardof.net\/fr\/wp-json\/wp\/v2\/media\/121"}],"wp:attachment":[{"href":"https:\/\/ibomberdefense.standardof.net\/fr\/wp-json\/wp\/v2\/media?parent=346"}],"curies":[{"name":"wp","href":"https:\/\/api.w.org\/{rel}","templated":true}]}}