{"id":347,"date":"2020-10-19T07:40:58","date_gmt":"2020-10-19T07:40:58","guid":{"rendered":"https:\/\/ibomberdefense.standardof.net\/?page_id=347"},"modified":"2020-10-19T08:04:34","modified_gmt":"2020-10-19T08:04:34","slug":"12-western-mediterranean-spiderweb","status":"publish","type":"page","link":"https:\/\/ibomberdefense.standardof.net\/fr\/guide\/axe-campagne\/12-toile-daraignee-ouest-mediterraneenne\/","title":{"rendered":"12. M\u00e9diterran\u00e9e occidentale: toile d&#039;araign\u00e9e"},"content":{"rendered":"<div class=\"wp-block-image\"><figure class=\"aligncenter size-large\"><a href=\"https:\/\/ibomberdefense.standardof.net\/fr\/guide\/axe-campagne\/12-toile-daraignee-ouest-mediterraneenne\/ibomber-defense-axis-campaign-12-western-mediterranean-spiderweb-1\/\"><img decoding=\"async\" width=\"800\" height=\"450\" src=\"https:\/\/ibomberdefense.standardof.net\/wp-content\/uploads\/sites\/5\/2020\/10\/iBomber-Defense-Axis-Campaign-12.-Western-Mediterranean-Spiderweb-1-800x450.jpg\" alt=\"&quot;iBomber Defense&quot; - Campagne de l&#039;Axe - 12. M\u00e9diterran\u00e9e occidentale - Toile d&#039;araign\u00e9e (1)\" class=\"wp-image-122\" title=\"\" srcset=\"https:\/\/ibomberdefense.standardof.net\/wp-content\/uploads\/sites\/5\/2020\/10\/iBomber-Defense-Axis-Campaign-12.-Western-Mediterranean-Spiderweb-1-800x450.jpg 800w, https:\/\/ibomberdefense.standardof.net\/wp-content\/uploads\/sites\/5\/2020\/10\/iBomber-Defense-Axis-Campaign-12.-Western-Mediterranean-Spiderweb-1-512x288.jpg 512w, https:\/\/ibomberdefense.standardof.net\/wp-content\/uploads\/sites\/5\/2020\/10\/iBomber-Defense-Axis-Campaign-12.-Western-Mediterranean-Spiderweb-1-200x113.jpg 200w, https:\/\/ibomberdefense.standardof.net\/wp-content\/uploads\/sites\/5\/2020\/10\/iBomber-Defense-Axis-Campaign-12.-Western-Mediterranean-Spiderweb-1-768x432.jpg 768w, https:\/\/ibomberdefense.standardof.net\/wp-content\/uploads\/sites\/5\/2020\/10\/iBomber-Defense-Axis-Campaign-12.-Western-Mediterranean-Spiderweb-1-16x9.jpg 16w, https:\/\/ibomberdefense.standardof.net\/wp-content\/uploads\/sites\/5\/2020\/10\/iBomber-Defense-Axis-Campaign-12.-Western-Mediterranean-Spiderweb-1.jpg 1280w\" sizes=\"(max-width: 800px) 100vw, 800px\" \/><\/a><figcaption>Carte des itin\u00e9raires emprunt\u00e9s par l&#039;ennemi en M\u00e9diterran\u00e9e occidentale \u00abSpiderweb\u00bb avec des avions dessin\u00e9s en bleu.<\/figcaption><\/figure><\/div>\n\n\n\n<p>Il est maintenant temps de se diriger vers la M\u00e9diterran\u00e9e occidentale lors de la mission \u00abSpiderweb\u00bb dans la campagne de l&#039;Axe de <em>D\u00e9fense iBomber<\/em>, face \u00e0 50 vagues d&#039;unit\u00e9s navales serpentant \u00e0 travers une s\u00e9rie d&#039;\u00eeles. Ces unit\u00e9s descendent le long de quatre chemins principaux, voyageant d&#039;ouest en est et encerclant les trois \u00eeles centrales sur lesquelles le placement de la tourelle se concentrera \u00e0 ce niveau.<\/p>\n\n\n\n<p>Placer vos armes dans ce niveau devrait se concentrer sur la couverture des principales zones de convergence d\u00e8s le d\u00e9part tout en construisant radialement \u00e0 partir de ces points. Les pr\u00e9paratifs devront \u00eatre faits avant la vague 19, lorsque l&#039;avion arrivera pour la premi\u00e8re fois sur les lieux.<\/p>\n\n\n\n<h3 class=\"wp-block-heading\"><strong>Placement de la tourelle:<\/strong><\/h3>\n\n\n\n<figure class=\"wp-block-gallery columns-2 is-cropped wp-block-gallery-1 is-layout-flex wp-block-gallery-is-layout-flex\"><ul class=\"blocks-gallery-grid\"><li class=\"blocks-gallery-item\"><figure><a href=\"https:\/\/ibomberdefense.standardof.net\/fr\/guide\/axe-campagne\/12-toile-daraignee-ouest-mediterraneenne\/ibomber-defense-axis-campaign-12-western-mediterranean-spiderweb-2\/\"><img decoding=\"async\" width=\"800\" height=\"450\" src=\"https:\/\/ibomberdefense.standardof.net\/wp-content\/uploads\/sites\/5\/2020\/10\/iBomber-Defense-Axis-Campaign-12.-Western-Mediterranean-Spiderweb-2-800x450.jpg\" alt=\"&quot;iBomber Defense&quot; - Campagne de l&#039;Axe - 12. M\u00e9diterran\u00e9e occidentale - Toile d&#039;araign\u00e9e (2)\" data-id=\"123\" data-full-url=\"https:\/\/ibomberdefense.standardof.net\/wp-content\/uploads\/sites\/5\/2020\/10\/iBomber-Defense-Axis-Campaign-12.-Western-Mediterranean-Spiderweb-2.jpg\" data-link=\"https:\/\/ibomberdefense.standardof.net\/guide\/axis-campaign\/12-western-mediterranean-spiderweb\/ibomber-defense-axis-campaign-12-western-mediterranean-spiderweb-2\/\" class=\"wp-image-123\" title=\"\" srcset=\"https:\/\/ibomberdefense.standardof.net\/wp-content\/uploads\/sites\/5\/2020\/10\/iBomber-Defense-Axis-Campaign-12.-Western-Mediterranean-Spiderweb-2-800x450.jpg 800w, https:\/\/ibomberdefense.standardof.net\/wp-content\/uploads\/sites\/5\/2020\/10\/iBomber-Defense-Axis-Campaign-12.-Western-Mediterranean-Spiderweb-2-512x288.jpg 512w, https:\/\/ibomberdefense.standardof.net\/wp-content\/uploads\/sites\/5\/2020\/10\/iBomber-Defense-Axis-Campaign-12.-Western-Mediterranean-Spiderweb-2-200x113.jpg 200w, https:\/\/ibomberdefense.standardof.net\/wp-content\/uploads\/sites\/5\/2020\/10\/iBomber-Defense-Axis-Campaign-12.-Western-Mediterranean-Spiderweb-2-768x432.jpg 768w, https:\/\/ibomberdefense.standardof.net\/wp-content\/uploads\/sites\/5\/2020\/10\/iBomber-Defense-Axis-Campaign-12.-Western-Mediterranean-Spiderweb-2-16x9.jpg 16w, https:\/\/ibomberdefense.standardof.net\/wp-content\/uploads\/sites\/5\/2020\/10\/iBomber-Defense-Axis-Campaign-12.-Western-Mediterranean-Spiderweb-2.jpg 1280w\" sizes=\"(max-width: 800px) 100vw, 800px\" \/><\/a><figcaption class=\"blocks-gallery-item__caption\">Placement de la tourelle Wave 10.<\/figcaption><\/figure><\/li><li class=\"blocks-gallery-item\"><figure><a href=\"https:\/\/ibomberdefense.standardof.net\/fr\/guide\/axe-campagne\/12-toile-daraignee-ouest-mediterraneenne\/ibomber-defense-axis-campaign-12-western-mediterranean-spiderweb-3\/\"><img decoding=\"async\" width=\"800\" height=\"450\" src=\"https:\/\/ibomberdefense.standardof.net\/wp-content\/uploads\/sites\/5\/2020\/10\/iBomber-Defense-Axis-Campaign-12.-Western-Mediterranean-Spiderweb-3-800x450.jpg\" alt=\"&quot;iBomber Defense&quot; - Campagne de l&#039;Axe - 12. M\u00e9diterran\u00e9e occidentale - Toile d&#039;araign\u00e9e (3)\" data-id=\"124\" data-full-url=\"https:\/\/ibomberdefense.standardof.net\/wp-content\/uploads\/sites\/5\/2020\/10\/iBomber-Defense-Axis-Campaign-12.-Western-Mediterranean-Spiderweb-3.jpg\" data-link=\"https:\/\/ibomberdefense.standardof.net\/guide\/axis-campaign\/12-western-mediterranean-spiderweb\/ibomber-defense-axis-campaign-12-western-mediterranean-spiderweb-3\/\" class=\"wp-image-124\" title=\"\" srcset=\"https:\/\/ibomberdefense.standardof.net\/wp-content\/uploads\/sites\/5\/2020\/10\/iBomber-Defense-Axis-Campaign-12.-Western-Mediterranean-Spiderweb-3-800x450.jpg 800w, https:\/\/ibomberdefense.standardof.net\/wp-content\/uploads\/sites\/5\/2020\/10\/iBomber-Defense-Axis-Campaign-12.-Western-Mediterranean-Spiderweb-3-512x288.jpg 512w, https:\/\/ibomberdefense.standardof.net\/wp-content\/uploads\/sites\/5\/2020\/10\/iBomber-Defense-Axis-Campaign-12.-Western-Mediterranean-Spiderweb-3-200x113.jpg 200w, https:\/\/ibomberdefense.standardof.net\/wp-content\/uploads\/sites\/5\/2020\/10\/iBomber-Defense-Axis-Campaign-12.-Western-Mediterranean-Spiderweb-3-768x432.jpg 768w, https:\/\/ibomberdefense.standardof.net\/wp-content\/uploads\/sites\/5\/2020\/10\/iBomber-Defense-Axis-Campaign-12.-Western-Mediterranean-Spiderweb-3-16x9.jpg 16w, https:\/\/ibomberdefense.standardof.net\/wp-content\/uploads\/sites\/5\/2020\/10\/iBomber-Defense-Axis-Campaign-12.-Western-Mediterranean-Spiderweb-3.jpg 1280w\" sizes=\"(max-width: 800px) 100vw, 800px\" \/><\/a><figcaption class=\"blocks-gallery-item__caption\">Placement de la tourelle Wave 20.<\/figcaption><\/figure><\/li><\/ul><\/figure>\n\n\n\n<p>\u00c9tant donn\u00e9 que les missions navales sont g\u00e9n\u00e9ralement plus limit\u00e9es en termes de fonds, le placement des tourelles, en particulier au d\u00e9but de la vague 10, devra \u00eatre assez pr\u00e9cis. Les mitrailleuses de niveau 3 doivent \u00eatre plac\u00e9es sur la petite \u00eele ouest o\u00f9 les chemins rouge, vert et orange se s\u00e9parent pour la premi\u00e8re fois, le virage o\u00f9 les chemins orange et vert se chevauchent en jaune, o\u00f9 les chemins orange et rouge se chevauchent autour du virage final. Une deuxi\u00e8me tourelle le long du chemin fusionn\u00e9 jaune et vert.<\/p>\n\n\n\n<p>Vers la vague 20, vous pouvez commencer \u00e0 placer des armes plus grosses comme quelques canons et de pr\u00e9f\u00e9rence une arme X pr\u00e9coce sur les \u00eeles centrales et droites. Placer l&#039;arme X au milieu de la carte devrait lui donner une couverture sur tous les chemins pendant que vous travaillez \u00e0 l&#039;am\u00e9liorer. Concentrez-vous davantage sur la r\u00e9duction des tirs nourris avec une tourelle Inferno dans le virage sud o\u00f9 les chemins orange, jaune et vert se croisent, car le chemin rouge nord est l\u00e9g\u00e8rement parcouru, surtout au d\u00e9but. N&#039;oubliez pas d&#039;obtenir un AA de niveau un \u00e0 temps pour la vague 19.<\/p>\n\n\n\n<p>La petite \u00eele \u00e0 droite est le prochain endroit parfait pour une X-Weapon sur le chemin de la vague 30, pla\u00e7ant maintenant les canons \u00e0 plus d&#039;endroits sur les trois \u00eeles centrales et la masse continentale sud le long de la ligne jaune et verte. Gardez votre doigt pr\u00e8s du bouton de pause ou prenez bien note des ondes dans la vid\u00e9o ci-dessous pour garder les mises \u00e0 niveau AA comme une n\u00e9cessit\u00e9 pendant que vous continuez \u00e0 investir dans la puissance de feu au sol.<\/p>\n\n\n\n<figure class=\"wp-block-gallery columns-2 is-cropped wp-block-gallery-2 is-layout-flex wp-block-gallery-is-layout-flex\"><ul class=\"blocks-gallery-grid\"><li class=\"blocks-gallery-item\"><figure><a href=\"https:\/\/ibomberdefense.standardof.net\/fr\/guide\/axe-campagne\/12-toile-daraignee-ouest-mediterraneenne\/ibomber-defense-axis-campaign-12-western-mediterranean-spiderweb-4\/\"><img decoding=\"async\" width=\"800\" height=\"450\" src=\"https:\/\/ibomberdefense.standardof.net\/wp-content\/uploads\/sites\/5\/2020\/10\/iBomber-Defense-Axis-Campaign-12.-Western-Mediterranean-Spiderweb-4-800x450.jpg\" alt=\"&quot;iBomber Defense&quot; - Campagne de l&#039;Axe - 12. M\u00e9diterran\u00e9e occidentale - Toile d&#039;araign\u00e9e (4)\" data-id=\"125\" data-full-url=\"https:\/\/ibomberdefense.standardof.net\/wp-content\/uploads\/sites\/5\/2020\/10\/iBomber-Defense-Axis-Campaign-12.-Western-Mediterranean-Spiderweb-4.jpg\" data-link=\"https:\/\/ibomberdefense.standardof.net\/guide\/axis-campaign\/12-western-mediterranean-spiderweb\/ibomber-defense-axis-campaign-12-western-mediterranean-spiderweb-4\/\" class=\"wp-image-125\" title=\"\" srcset=\"https:\/\/ibomberdefense.standardof.net\/wp-content\/uploads\/sites\/5\/2020\/10\/iBomber-Defense-Axis-Campaign-12.-Western-Mediterranean-Spiderweb-4-800x450.jpg 800w, https:\/\/ibomberdefense.standardof.net\/wp-content\/uploads\/sites\/5\/2020\/10\/iBomber-Defense-Axis-Campaign-12.-Western-Mediterranean-Spiderweb-4-512x288.jpg 512w, https:\/\/ibomberdefense.standardof.net\/wp-content\/uploads\/sites\/5\/2020\/10\/iBomber-Defense-Axis-Campaign-12.-Western-Mediterranean-Spiderweb-4-200x113.jpg 200w, https:\/\/ibomberdefense.standardof.net\/wp-content\/uploads\/sites\/5\/2020\/10\/iBomber-Defense-Axis-Campaign-12.-Western-Mediterranean-Spiderweb-4-768x432.jpg 768w, https:\/\/ibomberdefense.standardof.net\/wp-content\/uploads\/sites\/5\/2020\/10\/iBomber-Defense-Axis-Campaign-12.-Western-Mediterranean-Spiderweb-4-16x9.jpg 16w, https:\/\/ibomberdefense.standardof.net\/wp-content\/uploads\/sites\/5\/2020\/10\/iBomber-Defense-Axis-Campaign-12.-Western-Mediterranean-Spiderweb-4.jpg 1280w\" sizes=\"(max-width: 800px) 100vw, 800px\" \/><\/a><figcaption class=\"blocks-gallery-item__caption\">Placement de la tourelle Wave 30.<\/figcaption><\/figure><\/li><li class=\"blocks-gallery-item\"><figure><a href=\"https:\/\/ibomberdefense.standardof.net\/fr\/guide\/axe-campagne\/12-toile-daraignee-ouest-mediterraneenne\/ibomber-defense-axis-campaign-12-western-mediterranean-spiderweb-5\/\"><img decoding=\"async\" width=\"800\" height=\"450\" src=\"https:\/\/ibomberdefense.standardof.net\/wp-content\/uploads\/sites\/5\/2020\/10\/iBomber-Defense-Axis-Campaign-12.-Western-Mediterranean-Spiderweb-5-800x450.jpg\" alt=\"&quot;iBomber Defense&quot; - Campagne de l&#039;Axe - 12. M\u00e9diterran\u00e9e occidentale - Toile d&#039;araign\u00e9e (5)\" data-id=\"126\" data-full-url=\"https:\/\/ibomberdefense.standardof.net\/wp-content\/uploads\/sites\/5\/2020\/10\/iBomber-Defense-Axis-Campaign-12.-Western-Mediterranean-Spiderweb-5.jpg\" data-link=\"https:\/\/ibomberdefense.standardof.net\/guide\/axis-campaign\/12-western-mediterranean-spiderweb\/ibomber-defense-axis-campaign-12-western-mediterranean-spiderweb-5\/\" class=\"wp-image-126\" title=\"\" srcset=\"https:\/\/ibomberdefense.standardof.net\/wp-content\/uploads\/sites\/5\/2020\/10\/iBomber-Defense-Axis-Campaign-12.-Western-Mediterranean-Spiderweb-5-800x450.jpg 800w, https:\/\/ibomberdefense.standardof.net\/wp-content\/uploads\/sites\/5\/2020\/10\/iBomber-Defense-Axis-Campaign-12.-Western-Mediterranean-Spiderweb-5-512x288.jpg 512w, https:\/\/ibomberdefense.standardof.net\/wp-content\/uploads\/sites\/5\/2020\/10\/iBomber-Defense-Axis-Campaign-12.-Western-Mediterranean-Spiderweb-5-200x113.jpg 200w, https:\/\/ibomberdefense.standardof.net\/wp-content\/uploads\/sites\/5\/2020\/10\/iBomber-Defense-Axis-Campaign-12.-Western-Mediterranean-Spiderweb-5-768x432.jpg 768w, https:\/\/ibomberdefense.standardof.net\/wp-content\/uploads\/sites\/5\/2020\/10\/iBomber-Defense-Axis-Campaign-12.-Western-Mediterranean-Spiderweb-5-16x9.jpg 16w, https:\/\/ibomberdefense.standardof.net\/wp-content\/uploads\/sites\/5\/2020\/10\/iBomber-Defense-Axis-Campaign-12.-Western-Mediterranean-Spiderweb-5.jpg 1280w\" sizes=\"(max-width: 800px) 100vw, 800px\" \/><\/a><figcaption class=\"blocks-gallery-item__caption\">Placement de la tourelle Wave 40.<\/figcaption><\/figure><\/li><\/ul><\/figure>\n\n\n\n<p>\u00c0 la vague 40, c&#039;est une bonne mesure d&#039;avoir trois X-Weapons enti\u00e8rement am\u00e9lior\u00e9s, une sur chaque \u00eele centrale et des canons am\u00e9lior\u00e9s pour le soutien. Les tourelles de mitrailleuses, si elles sont toujours pr\u00e9sentes, devraient \u00eatre dans des positions o\u00f9 elles absorbent du sapin pour vos armes plus ch\u00e8res afin de maintenir les co\u00fbts de r\u00e9paration \u00e0 un bas niveau et votre puissance de feu totale \u00e0 la hausse. \u00c0 ce moment, une deuxi\u00e8me tourelle AA de niveau 2 sera n\u00e9cessaire apr\u00e8s la mise \u00e0 niveau compl\u00e8te de la premi\u00e8re.<\/p>\n\n\n\n<p>\u00c0 ce stade, vous devriez d\u00e9j\u00e0 faire des d\u00e9g\u00e2ts assez impressionnants, mais vous pouvez continuer \u00e0 mettre \u00e0 niveau vos canons et d\u00e9penser vos fonds restants pour acheter une paire de super armes d&#039;axe sur la masse continentale sud juste en dessous de la bonne \u00eele. Les X-Weapons construits ici peuvent frapper le chemin orange, vert et jaune, o\u00f9 descendent les navires vraiment lourdement blind\u00e9s.<\/p>\n\n\n\n<div class=\"wp-block-image\"><figure class=\"aligncenter size-large\"><a href=\"https:\/\/ibomberdefense.standardof.net\/fr\/guide\/axe-campagne\/12-toile-daraignee-ouest-mediterraneenne\/ibomber-defense-axis-campaign-12-western-mediterranean-spiderweb-6\/\"><img decoding=\"async\" width=\"800\" height=\"450\" src=\"https:\/\/ibomberdefense.standardof.net\/wp-content\/uploads\/sites\/5\/2020\/10\/iBomber-Defense-Axis-Campaign-12.-Western-Mediterranean-Spiderweb-6-800x450.jpg\" alt=\"&quot;iBomber Defense&quot; - Campagne de l&#039;Axe - 12. M\u00e9diterran\u00e9e occidentale - Toile d&#039;araign\u00e9e (6)\" class=\"wp-image-127\" title=\"\" srcset=\"https:\/\/ibomberdefense.standardof.net\/wp-content\/uploads\/sites\/5\/2020\/10\/iBomber-Defense-Axis-Campaign-12.-Western-Mediterranean-Spiderweb-6-800x450.jpg 800w, https:\/\/ibomberdefense.standardof.net\/wp-content\/uploads\/sites\/5\/2020\/10\/iBomber-Defense-Axis-Campaign-12.-Western-Mediterranean-Spiderweb-6-512x288.jpg 512w, https:\/\/ibomberdefense.standardof.net\/wp-content\/uploads\/sites\/5\/2020\/10\/iBomber-Defense-Axis-Campaign-12.-Western-Mediterranean-Spiderweb-6-200x113.jpg 200w, https:\/\/ibomberdefense.standardof.net\/wp-content\/uploads\/sites\/5\/2020\/10\/iBomber-Defense-Axis-Campaign-12.-Western-Mediterranean-Spiderweb-6-768x432.jpg 768w, https:\/\/ibomberdefense.standardof.net\/wp-content\/uploads\/sites\/5\/2020\/10\/iBomber-Defense-Axis-Campaign-12.-Western-Mediterranean-Spiderweb-6-16x9.jpg 16w, https:\/\/ibomberdefense.standardof.net\/wp-content\/uploads\/sites\/5\/2020\/10\/iBomber-Defense-Axis-Campaign-12.-Western-Mediterranean-Spiderweb-6.jpg 1280w\" sizes=\"(max-width: 800px) 100vw, 800px\" \/><\/a><figcaption>Placement de la tourelle Wave 50.<\/figcaption><\/figure><\/div>\n\n\n\n<hr class=\"wp-block-separator\"\/>\n\n\n\n<h4 class=\"has-text-align-center wp-block-heading\">Guide vid\u00e9o<\/h4>\n\n\n\n<figure class=\"wp-block-embed-youtube wp-block-embed is-type-video is-provider-youtube wp-embed-aspect-16-9 wp-has-aspect-ratio\"><div class=\"wp-block-embed__wrapper\">\n<div class=\"ast-oembed-container\" style=\"height: 100%;\"><iframe title=\"iBomber Defense - M\u00e9diterran\u00e9e occidentale - Toile d&#039;araign\u00e9e - V\u00e9t\u00e9ran + Parfait\" width=\"500\" height=\"281\" src=\"https:\/\/www.youtube.com\/embed\/4eg1jnuLb5s?feature=oembed\" frameborder=\"0\" allow=\"accelerometer; autoplay; clipboard-write; encrypted-media; gyroscope; picture-in-picture; web-share\" referrerpolicy=\"strict-origin-when-cross-origin\" allowfullscreen><\/iframe><\/div>\n<\/div><\/figure>","protected":false},"excerpt":{"rendered":"<p>It is now time to head to the Western Mediterranean during mission &#8220;Spiderweb&#8221; in the Axis campaign of iBomber Defense, facing 50 waves of naval units winding their way through a series of islands. These units come down along four main paths, traveling west to east and circling the central three islands turret placement will [&hellip;]<\/p>","protected":false},"author":1,"featured_media":127,"parent":268,"menu_order":12,"comment_status":"open","ping_status":"closed","template":"","meta":{"_uag_custom_page_level_css":"","site-sidebar-layout":"default","site-content-layout":"default","ast-site-content-layout":"","site-content-style":"default","site-sidebar-style":"default","ast-global-header-display":"","ast-banner-title-visibility":"","ast-main-header-display":"","ast-hfb-above-header-display":"","ast-hfb-below-header-display":"","ast-hfb-mobile-header-display":"","site-post-title":"","ast-breadcrumbs-content":"","ast-featured-img":"","footer-sml-layout":"","theme-transparent-header-meta":"default","adv-header-id-meta":"","stick-header-meta":"","header-above-stick-meta":"","header-main-stick-meta":"","header-below-stick-meta":"","astra-migrate-meta-layouts":"default","ast-page-background-enabled":"default","ast-page-background-meta":{"desktop":{"background-color":"","background-image":"","background-repeat":"repeat","background-position":"center center","background-size":"auto","background-attachment":"scroll","background-type":"","background-media":"","overlay-type":"","overlay-color":"","overlay-gradient":""},"tablet":{"background-color":"","background-image":"","background-repeat":"repeat","background-position":"center center","background-size":"auto","background-attachment":"scroll","background-type":"","background-media":"","overlay-type":"","overlay-color":"","overlay-gradient":""},"mobile":{"background-color":"","background-image":"","background-repeat":"repeat","background-position":"center center","background-size":"auto","background-attachment":"scroll","background-type":"","background-media":"","overlay-type":"","overlay-color":"","overlay-gradient":""}},"ast-content-background-meta":{"desktop":{"background-color":"var(--ast-global-color-5)","background-image":"","background-repeat":"repeat","background-position":"center center","background-size":"auto","background-attachment":"scroll","background-type":"","background-media":"","overlay-type":"","overlay-color":"","overlay-gradient":""},"tablet":{"background-color":"var(--ast-global-color-5)","background-image":"","background-repeat":"repeat","background-position":"center center","background-size":"auto","background-attachment":"scroll","background-type":"","background-media":"","overlay-type":"","overlay-color":"","overlay-gradient":""},"mobile":{"background-color":"var(--ast-global-color-5)","background-image":"","background-repeat":"repeat","background-position":"center center","background-size":"auto","background-attachment":"scroll","background-type":"","background-media":"","overlay-type":"","overlay-color":"","overlay-gradient":""}},"footnotes":""},"uagb_featured_image_src":{"full":["https:\/\/ibomberdefense.standardof.net\/wp-content\/uploads\/sites\/5\/2020\/10\/iBomber-Defense-Axis-Campaign-12.-Western-Mediterranean-Spiderweb-6.jpg",1280,720,false],"thumbnail":["https:\/\/ibomberdefense.standardof.net\/wp-content\/uploads\/sites\/5\/2020\/10\/iBomber-Defense-Axis-Campaign-12.-Western-Mediterranean-Spiderweb-6-200x113.jpg",200,113,true],"medium":["https:\/\/ibomberdefense.standardof.net\/wp-content\/uploads\/sites\/5\/2020\/10\/iBomber-Defense-Axis-Campaign-12.-Western-Mediterranean-Spiderweb-6-512x288.jpg",512,288,true],"medium_large":["https:\/\/ibomberdefense.standardof.net\/wp-content\/uploads\/sites\/5\/2020\/10\/iBomber-Defense-Axis-Campaign-12.-Western-Mediterranean-Spiderweb-6-768x432.jpg",768,432,true],"large":["https:\/\/ibomberdefense.standardof.net\/wp-content\/uploads\/sites\/5\/2020\/10\/iBomber-Defense-Axis-Campaign-12.-Western-Mediterranean-Spiderweb-6-800x450.jpg",800,450,true],"1536x1536":["https:\/\/ibomberdefense.standardof.net\/wp-content\/uploads\/sites\/5\/2020\/10\/iBomber-Defense-Axis-Campaign-12.-Western-Mediterranean-Spiderweb-6.jpg",1280,720,false],"2048x2048":["https:\/\/ibomberdefense.standardof.net\/wp-content\/uploads\/sites\/5\/2020\/10\/iBomber-Defense-Axis-Campaign-12.-Western-Mediterranean-Spiderweb-6.jpg",1280,720,false],"trp-custom-language-flag":["https:\/\/ibomberdefense.standardof.net\/wp-content\/uploads\/sites\/5\/2020\/10\/iBomber-Defense-Axis-Campaign-12.-Western-Mediterranean-Spiderweb-6-16x9.jpg",16,9,true]},"uagb_author_info":{"display_name":"SOE","author_link":"https:\/\/ibomberdefense.standardof.net\/fr\/author\/k-tastic\/"},"uagb_comment_info":0,"uagb_excerpt":"It is now time to head to the Western Mediterranean during mission &#8220;Spiderweb&#8221; in the Axis campaign of iBomber Defense, facing 50 waves of naval units winding their way through a series of islands. These units come down along four main paths, traveling west to east and circling the central three islands turret placement will&hellip;","_links":{"self":[{"href":"https:\/\/ibomberdefense.standardof.net\/fr\/wp-json\/wp\/v2\/pages\/347"}],"collection":[{"href":"https:\/\/ibomberdefense.standardof.net\/fr\/wp-json\/wp\/v2\/pages"}],"about":[{"href":"https:\/\/ibomberdefense.standardof.net\/fr\/wp-json\/wp\/v2\/types\/page"}],"author":[{"embeddable":true,"href":"https:\/\/ibomberdefense.standardof.net\/fr\/wp-json\/wp\/v2\/users\/1"}],"replies":[{"embeddable":true,"href":"https:\/\/ibomberdefense.standardof.net\/fr\/wp-json\/wp\/v2\/comments?post=347"}],"version-history":[{"count":0,"href":"https:\/\/ibomberdefense.standardof.net\/fr\/wp-json\/wp\/v2\/pages\/347\/revisions"}],"up":[{"embeddable":true,"href":"https:\/\/ibomberdefense.standardof.net\/fr\/wp-json\/wp\/v2\/pages\/268"}],"wp:featuredmedia":[{"embeddable":true,"href":"https:\/\/ibomberdefense.standardof.net\/fr\/wp-json\/wp\/v2\/media\/127"}],"wp:attachment":[{"href":"https:\/\/ibomberdefense.standardof.net\/fr\/wp-json\/wp\/v2\/media?parent=347"}],"curies":[{"name":"wp","href":"https:\/\/api.w.org\/{rel}","templated":true}]}}