{"id":349,"date":"2020-10-19T07:41:48","date_gmt":"2020-10-19T07:41:48","guid":{"rendered":"https:\/\/ibomberdefense.standardof.net\/?page_id=349"},"modified":"2020-10-19T08:04:43","modified_gmt":"2020-10-19T08:04:43","slug":"14-great-britain-final-victory","status":"publish","type":"page","link":"https:\/\/ibomberdefense.standardof.net\/fr\/guide\/axe-campagne\/14-grande-bretagne-finale-victoire\/","title":{"rendered":"14. Grande-Bretagne: victoire finale!"},"content":{"rendered":"<div class=\"wp-block-image\"><figure class=\"aligncenter size-large\"><a href=\"https:\/\/ibomberdefense.standardof.net\/fr\/guide\/axe-campagne\/14-grande-bretagne-finale-victoire\/ibomber-defense-axis-campaign-14-great-britain-final-victory-1\/\"><img decoding=\"async\" width=\"800\" height=\"450\" src=\"https:\/\/ibomberdefense.standardof.net\/wp-content\/uploads\/sites\/5\/2020\/10\/iBomber-Defense-Axis-Campaign-14.-Great-Britain-Final-Victory-1-800x450.jpg\" alt=\"&quot;iBomber Defense&quot; - Campagne de l&#039;Axe - 14. Grande-Bretagne - Victoire finale! (1)\" class=\"wp-image-132\" title=\"\" srcset=\"https:\/\/ibomberdefense.standardof.net\/wp-content\/uploads\/sites\/5\/2020\/10\/iBomber-Defense-Axis-Campaign-14.-Great-Britain-Final-Victory-1-800x450.jpg 800w, https:\/\/ibomberdefense.standardof.net\/wp-content\/uploads\/sites\/5\/2020\/10\/iBomber-Defense-Axis-Campaign-14.-Great-Britain-Final-Victory-1-512x288.jpg 512w, https:\/\/ibomberdefense.standardof.net\/wp-content\/uploads\/sites\/5\/2020\/10\/iBomber-Defense-Axis-Campaign-14.-Great-Britain-Final-Victory-1-200x113.jpg 200w, https:\/\/ibomberdefense.standardof.net\/wp-content\/uploads\/sites\/5\/2020\/10\/iBomber-Defense-Axis-Campaign-14.-Great-Britain-Final-Victory-1-768x432.jpg 768w, https:\/\/ibomberdefense.standardof.net\/wp-content\/uploads\/sites\/5\/2020\/10\/iBomber-Defense-Axis-Campaign-14.-Great-Britain-Final-Victory-1-16x9.jpg 16w, https:\/\/ibomberdefense.standardof.net\/wp-content\/uploads\/sites\/5\/2020\/10\/iBomber-Defense-Axis-Campaign-14.-Great-Britain-Final-Victory-1.jpg 1280w\" sizes=\"(max-width: 800px) 100vw, 800px\" \/><\/a><figcaption>Routes emprunt\u00e9es par l&#039;ennemi au dernier niveau de la campagne de l&#039;Axe d&#039;iBomber Defence, Grande-Bretagne. Le violet est pour les unit\u00e9s navales tandis que le bleu est pour les avions. <\/figcaption><\/figure><\/div>\n\n\n\n<p>La quatorzi\u00e8me et derni\u00e8re mission de la campagne de l&#039;Axe vous emm\u00e8ne dans le paysage d\u00e9truit de la Grande-Bretagne pour repousser 50 vagues d&#039;avions combin\u00e9s, d&#039;unit\u00e9s navales et d&#039;unit\u00e9s terrestres. Les ennemis s&#039;approcheront de plusieurs chemins, de toutes les directions sauf le nord avec des unit\u00e9s navales arrivant \u00e0 la vague 10 et des avions \u00e0 la vague 21.<\/p>\n\n\n\n<p>Le placement de la tourelle se concentrera sur la construction de d\u00e9fenses \u00e0 proximit\u00e9 de vos bases d&#039;origine et sur l&#039;atteinte du statut X-Weapon d\u00e8s que possible. Finalement, tout deviendra \u00e9tal\u00e9 comme le niveau final de la campagne alli\u00e9e, cette mission a un espace de construction limit\u00e9.<\/p>\n\n\n\n<h3 class=\"wp-block-heading\"><strong>Placement de la tourelle:<\/strong><\/h3>\n\n\n\n<figure class=\"wp-block-gallery columns-2 is-cropped wp-block-gallery-1 is-layout-flex wp-block-gallery-is-layout-flex\"><ul class=\"blocks-gallery-grid\"><li class=\"blocks-gallery-item\"><figure><a href=\"https:\/\/ibomberdefense.standardof.net\/fr\/guide\/axe-campagne\/14-grande-bretagne-finale-victoire\/ibomber-defense-axis-campaign-14-great-britain-final-victory-2\/\"><img decoding=\"async\" width=\"800\" height=\"450\" src=\"https:\/\/ibomberdefense.standardof.net\/wp-content\/uploads\/sites\/5\/2020\/10\/iBomber-Defense-Axis-Campaign-14.-Great-Britain-Final-Victory-2-800x450.jpg\" alt=\"&quot;iBomber Defense&quot; - Campagne de l&#039;Axe - 14. Grande-Bretagne - Victoire finale! (2)\" data-id=\"133\" data-full-url=\"https:\/\/ibomberdefense.standardof.net\/wp-content\/uploads\/sites\/5\/2020\/10\/iBomber-Defense-Axis-Campaign-14.-Great-Britain-Final-Victory-2.jpg\" data-link=\"https:\/\/ibomberdefense.standardof.net\/guide\/axis-campaign\/14-great-britain-final-victory\/ibomber-defense-axis-campaign-14-great-britain-final-victory-2\/\" class=\"wp-image-133\" title=\"\" srcset=\"https:\/\/ibomberdefense.standardof.net\/wp-content\/uploads\/sites\/5\/2020\/10\/iBomber-Defense-Axis-Campaign-14.-Great-Britain-Final-Victory-2-800x450.jpg 800w, https:\/\/ibomberdefense.standardof.net\/wp-content\/uploads\/sites\/5\/2020\/10\/iBomber-Defense-Axis-Campaign-14.-Great-Britain-Final-Victory-2-512x288.jpg 512w, https:\/\/ibomberdefense.standardof.net\/wp-content\/uploads\/sites\/5\/2020\/10\/iBomber-Defense-Axis-Campaign-14.-Great-Britain-Final-Victory-2-200x113.jpg 200w, https:\/\/ibomberdefense.standardof.net\/wp-content\/uploads\/sites\/5\/2020\/10\/iBomber-Defense-Axis-Campaign-14.-Great-Britain-Final-Victory-2-768x432.jpg 768w, https:\/\/ibomberdefense.standardof.net\/wp-content\/uploads\/sites\/5\/2020\/10\/iBomber-Defense-Axis-Campaign-14.-Great-Britain-Final-Victory-2-16x9.jpg 16w, https:\/\/ibomberdefense.standardof.net\/wp-content\/uploads\/sites\/5\/2020\/10\/iBomber-Defense-Axis-Campaign-14.-Great-Britain-Final-Victory-2.jpg 1280w\" sizes=\"(max-width: 800px) 100vw, 800px\" \/><\/a><figcaption class=\"blocks-gallery-item__caption\">Placement de la tourelle Wave 10.<\/figcaption><\/figure><\/li><li class=\"blocks-gallery-item\"><figure><a href=\"https:\/\/ibomberdefense.standardof.net\/fr\/guide\/axe-campagne\/14-grande-bretagne-finale-victoire\/ibomber-defense-axis-campaign-14-great-britain-final-victory-3\/\"><img decoding=\"async\" width=\"800\" height=\"450\" src=\"https:\/\/ibomberdefense.standardof.net\/wp-content\/uploads\/sites\/5\/2020\/10\/iBomber-Defense-Axis-Campaign-14.-Great-Britain-Final-Victory-3-800x450.jpg\" alt=\"&quot;iBomber Defense&quot; - Campagne de l&#039;Axe - 14. Grande-Bretagne - Victoire finale! (3)\" data-id=\"134\" data-full-url=\"https:\/\/ibomberdefense.standardof.net\/wp-content\/uploads\/sites\/5\/2020\/10\/iBomber-Defense-Axis-Campaign-14.-Great-Britain-Final-Victory-3.jpg\" data-link=\"https:\/\/ibomberdefense.standardof.net\/guide\/axis-campaign\/14-great-britain-final-victory\/ibomber-defense-axis-campaign-14-great-britain-final-victory-3\/\" class=\"wp-image-134\" title=\"\" srcset=\"https:\/\/ibomberdefense.standardof.net\/wp-content\/uploads\/sites\/5\/2020\/10\/iBomber-Defense-Axis-Campaign-14.-Great-Britain-Final-Victory-3-800x450.jpg 800w, https:\/\/ibomberdefense.standardof.net\/wp-content\/uploads\/sites\/5\/2020\/10\/iBomber-Defense-Axis-Campaign-14.-Great-Britain-Final-Victory-3-512x288.jpg 512w, https:\/\/ibomberdefense.standardof.net\/wp-content\/uploads\/sites\/5\/2020\/10\/iBomber-Defense-Axis-Campaign-14.-Great-Britain-Final-Victory-3-200x113.jpg 200w, https:\/\/ibomberdefense.standardof.net\/wp-content\/uploads\/sites\/5\/2020\/10\/iBomber-Defense-Axis-Campaign-14.-Great-Britain-Final-Victory-3-768x432.jpg 768w, https:\/\/ibomberdefense.standardof.net\/wp-content\/uploads\/sites\/5\/2020\/10\/iBomber-Defense-Axis-Campaign-14.-Great-Britain-Final-Victory-3-16x9.jpg 16w, https:\/\/ibomberdefense.standardof.net\/wp-content\/uploads\/sites\/5\/2020\/10\/iBomber-Defense-Axis-Campaign-14.-Great-Britain-Final-Victory-3.jpg 1280w\" sizes=\"(max-width: 800px) 100vw, 800px\" \/><\/a><figcaption class=\"blocks-gallery-item__caption\">Placement de la tourelle Wave 20.<\/figcaption><\/figure><\/li><\/ul><\/figure>\n\n\n\n<p>Essayez de placer une arme X d\u00e8s le d\u00e9part avec vos fonds de d\u00e9part directement en bas \u00e0 gauche de la base au sol. Suivez cela avec une mitrailleuse rapidement mise \u00e0 niveau au niveau 3 plac\u00e9e sur la section de terrain sur\u00e9lev\u00e9e juste en dessous de la base au sol sur laquelle la ligne d&#039;avion bleue passe directement. \u00c0 la vague 10, vous devriez avoir une deuxi\u00e8me X-Weapon dans le patch directement \u00e0 droite de votre base terrestre avec une mitrailleuse enti\u00e8rement am\u00e9lior\u00e9e sur la cr\u00eate pour arr\u00eater les bateaux de patrouille qui lancent les attaques navales.<\/p>\n\n\n\n<p>Entre le niveau 10 et 20, commencez \u00e0 placer des canons autour de vos armes X, en ignorant toute autre mitrailleuse (sur les photos, vous verrez que j&#039;ai d\u00e9plac\u00e9 la MG vers le bas de quelques espaces pour emp\u00eacher l&#039;arme X d&#039;\u00eatre distraite, plus d&#039;informations dans le vid\u00e9o ci-dessous) et en pla\u00e7ant quelques tourelles Inferno vers le bas pour ralentir l&#039;approche des unit\u00e9s terrestres. Assurez-vous d&#039;avoir les AA pr\u00eats \u00e0 la fin de la vague 20.<\/p>\n\n\n\n<p>Les vagues 20 \u00e0 30 devraient d\u00e9sormais se concentrer sur la mise \u00e0 niveau des canons plac\u00e9s pour renforcer les X-Weapons, puis sur la mise \u00e0 niveau des X-Weapons elles-m\u00eames. Essayez de construire une tourelle Inferno le long de la cr\u00eate sup\u00e9rieure pour ralentir \u00e9galement les unit\u00e9s navales. Les enfers sont une n\u00e9cessit\u00e9 pratique incontestable \u00e0 ce niveau.<\/p>\n\n\n\n<figure class=\"wp-block-gallery columns-2 is-cropped wp-block-gallery-2 is-layout-flex wp-block-gallery-is-layout-flex\"><ul class=\"blocks-gallery-grid\"><li class=\"blocks-gallery-item\"><figure><a href=\"https:\/\/ibomberdefense.standardof.net\/fr\/guide\/axe-campagne\/14-grande-bretagne-finale-victoire\/ibomber-defense-axis-campaign-14-great-britain-final-victory-4\/\"><img decoding=\"async\" width=\"800\" height=\"450\" src=\"https:\/\/ibomberdefense.standardof.net\/wp-content\/uploads\/sites\/5\/2020\/10\/iBomber-Defense-Axis-Campaign-14.-Great-Britain-Final-Victory-4-800x450.jpg\" alt=\"&quot;iBomber Defense&quot; - Campagne de l&#039;Axe - 14. Grande-Bretagne - Victoire finale! (4)\" data-id=\"135\" data-full-url=\"https:\/\/ibomberdefense.standardof.net\/wp-content\/uploads\/sites\/5\/2020\/10\/iBomber-Defense-Axis-Campaign-14.-Great-Britain-Final-Victory-4.jpg\" data-link=\"https:\/\/ibomberdefense.standardof.net\/guide\/axis-campaign\/14-great-britain-final-victory\/ibomber-defense-axis-campaign-14-great-britain-final-victory-4\/\" class=\"wp-image-135\" title=\"\" srcset=\"https:\/\/ibomberdefense.standardof.net\/wp-content\/uploads\/sites\/5\/2020\/10\/iBomber-Defense-Axis-Campaign-14.-Great-Britain-Final-Victory-4-800x450.jpg 800w, https:\/\/ibomberdefense.standardof.net\/wp-content\/uploads\/sites\/5\/2020\/10\/iBomber-Defense-Axis-Campaign-14.-Great-Britain-Final-Victory-4-512x288.jpg 512w, https:\/\/ibomberdefense.standardof.net\/wp-content\/uploads\/sites\/5\/2020\/10\/iBomber-Defense-Axis-Campaign-14.-Great-Britain-Final-Victory-4-200x113.jpg 200w, https:\/\/ibomberdefense.standardof.net\/wp-content\/uploads\/sites\/5\/2020\/10\/iBomber-Defense-Axis-Campaign-14.-Great-Britain-Final-Victory-4-768x432.jpg 768w, https:\/\/ibomberdefense.standardof.net\/wp-content\/uploads\/sites\/5\/2020\/10\/iBomber-Defense-Axis-Campaign-14.-Great-Britain-Final-Victory-4-16x9.jpg 16w, https:\/\/ibomberdefense.standardof.net\/wp-content\/uploads\/sites\/5\/2020\/10\/iBomber-Defense-Axis-Campaign-14.-Great-Britain-Final-Victory-4.jpg 1280w\" sizes=\"(max-width: 800px) 100vw, 800px\" \/><\/a><figcaption class=\"blocks-gallery-item__caption\">Placement de la tourelle Wave 30.<\/figcaption><\/figure><\/li><li class=\"blocks-gallery-item\"><figure><a href=\"https:\/\/ibomberdefense.standardof.net\/fr\/guide\/axe-campagne\/14-grande-bretagne-finale-victoire\/ibomber-defense-axis-campaign-14-great-britain-final-victory-5\/\"><img decoding=\"async\" width=\"800\" height=\"450\" src=\"https:\/\/ibomberdefense.standardof.net\/wp-content\/uploads\/sites\/5\/2020\/10\/iBomber-Defense-Axis-Campaign-14.-Great-Britain-Final-Victory-5-800x450.jpg\" alt=\"&quot;iBomber Defense&quot; - Campagne de l&#039;Axe - 14. Grande-Bretagne - Victoire finale! (5)\" data-id=\"136\" data-full-url=\"https:\/\/ibomberdefense.standardof.net\/wp-content\/uploads\/sites\/5\/2020\/10\/iBomber-Defense-Axis-Campaign-14.-Great-Britain-Final-Victory-5.jpg\" data-link=\"https:\/\/ibomberdefense.standardof.net\/guide\/axis-campaign\/14-great-britain-final-victory\/ibomber-defense-axis-campaign-14-great-britain-final-victory-5\/\" class=\"wp-image-136\" title=\"\" srcset=\"https:\/\/ibomberdefense.standardof.net\/wp-content\/uploads\/sites\/5\/2020\/10\/iBomber-Defense-Axis-Campaign-14.-Great-Britain-Final-Victory-5-800x450.jpg 800w, https:\/\/ibomberdefense.standardof.net\/wp-content\/uploads\/sites\/5\/2020\/10\/iBomber-Defense-Axis-Campaign-14.-Great-Britain-Final-Victory-5-512x288.jpg 512w, https:\/\/ibomberdefense.standardof.net\/wp-content\/uploads\/sites\/5\/2020\/10\/iBomber-Defense-Axis-Campaign-14.-Great-Britain-Final-Victory-5-200x113.jpg 200w, https:\/\/ibomberdefense.standardof.net\/wp-content\/uploads\/sites\/5\/2020\/10\/iBomber-Defense-Axis-Campaign-14.-Great-Britain-Final-Victory-5-768x432.jpg 768w, https:\/\/ibomberdefense.standardof.net\/wp-content\/uploads\/sites\/5\/2020\/10\/iBomber-Defense-Axis-Campaign-14.-Great-Britain-Final-Victory-5-16x9.jpg 16w, https:\/\/ibomberdefense.standardof.net\/wp-content\/uploads\/sites\/5\/2020\/10\/iBomber-Defense-Axis-Campaign-14.-Great-Britain-Final-Victory-5.jpg 1280w\" sizes=\"(max-width: 800px) 100vw, 800px\" \/><\/a><figcaption class=\"blocks-gallery-item__caption\">Placement de la tourelle Wave 40.<\/figcaption><\/figure><\/li><\/ul><\/figure>\n\n\n\n<p>Deux autres armes X, ce qui porte votre total \u00e0 quatre, est un bon objectif vers lequel se diriger vers la vague 40. Placer une tourelle Inferno pr\u00e8s du chemin vert et jaune fusionnent lorsque l&#039;attaque surprise les ouvre \u00e0 la vague 30 est un important coup de main \u00e0 avoir.<\/p>\n\n\n\n<p>Les 10 derni\u00e8res vagues devraient \u00eatre similaires \u00e0 30\u201340, construisant une autre paire d&#039;armes X avec des canons de soutien - peut-\u00eatre quelques mitrailleuses une fois que vous avez d\u00e9j\u00e0 fait de s\u00e9rieux progr\u00e8s pour fournir une m\u00e9thode moins ch\u00e8re pour renforcer vos super-armes. La petite parcelle de terre verte pr\u00e8s de votre bace naval est un bon endroit pour mettre des fonds suppl\u00e9mentaires dans un seul canon comme sauvegarde au cas o\u00f9 quelque chose passerait \u00e0 travers vos d\u00e9fenses nordiques dans la confusion.<\/p>\n\n\n\n<div class=\"wp-block-image\"><figure class=\"aligncenter size-large\"><a href=\"https:\/\/ibomberdefense.standardof.net\/fr\/guide\/axe-campagne\/14-grande-bretagne-finale-victoire\/ibomber-defense-axis-campaign-14-great-britain-final-victory-6\/\"><img decoding=\"async\" width=\"800\" height=\"450\" src=\"https:\/\/ibomberdefense.standardof.net\/wp-content\/uploads\/sites\/5\/2020\/10\/iBomber-Defense-Axis-Campaign-14.-Great-Britain-Final-Victory-6-800x450.jpg\" alt=\"&quot;iBomber Defense&quot; - Campagne de l&#039;Axe - 14. Grande-Bretagne - Victoire finale! (6)\" class=\"wp-image-137\" title=\"\" srcset=\"https:\/\/ibomberdefense.standardof.net\/wp-content\/uploads\/sites\/5\/2020\/10\/iBomber-Defense-Axis-Campaign-14.-Great-Britain-Final-Victory-6-800x450.jpg 800w, https:\/\/ibomberdefense.standardof.net\/wp-content\/uploads\/sites\/5\/2020\/10\/iBomber-Defense-Axis-Campaign-14.-Great-Britain-Final-Victory-6-512x288.jpg 512w, https:\/\/ibomberdefense.standardof.net\/wp-content\/uploads\/sites\/5\/2020\/10\/iBomber-Defense-Axis-Campaign-14.-Great-Britain-Final-Victory-6-200x113.jpg 200w, https:\/\/ibomberdefense.standardof.net\/wp-content\/uploads\/sites\/5\/2020\/10\/iBomber-Defense-Axis-Campaign-14.-Great-Britain-Final-Victory-6-768x432.jpg 768w, https:\/\/ibomberdefense.standardof.net\/wp-content\/uploads\/sites\/5\/2020\/10\/iBomber-Defense-Axis-Campaign-14.-Great-Britain-Final-Victory-6-16x9.jpg 16w, https:\/\/ibomberdefense.standardof.net\/wp-content\/uploads\/sites\/5\/2020\/10\/iBomber-Defense-Axis-Campaign-14.-Great-Britain-Final-Victory-6.jpg 1280w\" sizes=\"(max-width: 800px) 100vw, 800px\" \/><\/a><figcaption>Placement de la tourelle Wave 50.<\/figcaption><\/figure><\/div>\n\n\n\n<hr class=\"wp-block-separator\"\/>\n\n\n\n<h4 class=\"has-text-align-center wp-block-heading\">Guide vid\u00e9o<\/h4>\n\n\n\n<figure class=\"wp-block-embed-youtube wp-block-embed is-type-video is-provider-youtube wp-embed-aspect-4-3 wp-has-aspect-ratio\"><div class=\"wp-block-embed__wrapper\">\n<div class=\"ast-oembed-container\" style=\"height: 100%;\"><iframe title=\"iBomber Defence - Grande-Bretagne - Victoire finale! - V\u00e9t\u00e9ran + Parfait\" width=\"500\" height=\"281\" src=\"https:\/\/www.youtube.com\/embed\/kG0MR7czZHg?feature=oembed\" frameborder=\"0\" allow=\"accelerometer; autoplay; clipboard-write; encrypted-media; gyroscope; picture-in-picture; web-share\" referrerpolicy=\"strict-origin-when-cross-origin\" allowfullscreen><\/iframe><\/div>\n<\/div><\/figure>","protected":false},"excerpt":{"rendered":"<p>The fourteenth and final mission in the Axis campaign takes you to the wrecked landscape of Great Britain to fend off 50 waves of combined aircraft, naval units, and ground units. Enemies will approach from multiple paths, from every direction except north with naval units arriving at wave 10 and aircraft at wave 21. Turret [&hellip;]<\/p>","protected":false},"author":1,"featured_media":137,"parent":268,"menu_order":14,"comment_status":"open","ping_status":"closed","template":"","meta":{"_uag_custom_page_level_css":"","site-sidebar-layout":"default","site-content-layout":"default","ast-site-content-layout":"","site-content-style":"default","site-sidebar-style":"default","ast-global-header-display":"","ast-banner-title-visibility":"","ast-main-header-display":"","ast-hfb-above-header-display":"","ast-hfb-below-header-display":"","ast-hfb-mobile-header-display":"","site-post-title":"","ast-breadcrumbs-content":"","ast-featured-img":"","footer-sml-layout":"","theme-transparent-header-meta":"default","adv-header-id-meta":"","stick-header-meta":"","header-above-stick-meta":"","header-main-stick-meta":"","header-below-stick-meta":"","astra-migrate-meta-layouts":"default","ast-page-background-enabled":"default","ast-page-background-meta":{"desktop":{"background-color":"","background-image":"","background-repeat":"repeat","background-position":"center center","background-size":"auto","background-attachment":"scroll","background-type":"","background-media":"","overlay-type":"","overlay-color":"","overlay-gradient":""},"tablet":{"background-color":"","background-image":"","background-repeat":"repeat","background-position":"center center","background-size":"auto","background-attachment":"scroll","background-type":"","background-media":"","overlay-type":"","overlay-color":"","overlay-gradient":""},"mobile":{"background-color":"","background-image":"","background-repeat":"repeat","background-position":"center center","background-size":"auto","background-attachment":"scroll","background-type":"","background-media":"","overlay-type":"","overlay-color":"","overlay-gradient":""}},"ast-content-background-meta":{"desktop":{"background-color":"var(--ast-global-color-5)","background-image":"","background-repeat":"repeat","background-position":"center center","background-size":"auto","background-attachment":"scroll","background-type":"","background-media":"","overlay-type":"","overlay-color":"","overlay-gradient":""},"tablet":{"background-color":"var(--ast-global-color-5)","background-image":"","background-repeat":"repeat","background-position":"center center","background-size":"auto","background-attachment":"scroll","background-type":"","background-media":"","overlay-type":"","overlay-color":"","overlay-gradient":""},"mobile":{"background-color":"var(--ast-global-color-5)","background-image":"","background-repeat":"repeat","background-position":"center center","background-size":"auto","background-attachment":"scroll","background-type":"","background-media":"","overlay-type":"","overlay-color":"","overlay-gradient":""}},"footnotes":""},"uagb_featured_image_src":{"full":["https:\/\/ibomberdefense.standardof.net\/wp-content\/uploads\/sites\/5\/2020\/10\/iBomber-Defense-Axis-Campaign-14.-Great-Britain-Final-Victory-6.jpg",1280,720,false],"thumbnail":["https:\/\/ibomberdefense.standardof.net\/wp-content\/uploads\/sites\/5\/2020\/10\/iBomber-Defense-Axis-Campaign-14.-Great-Britain-Final-Victory-6-200x113.jpg",200,113,true],"medium":["https:\/\/ibomberdefense.standardof.net\/wp-content\/uploads\/sites\/5\/2020\/10\/iBomber-Defense-Axis-Campaign-14.-Great-Britain-Final-Victory-6-512x288.jpg",512,288,true],"medium_large":["https:\/\/ibomberdefense.standardof.net\/wp-content\/uploads\/sites\/5\/2020\/10\/iBomber-Defense-Axis-Campaign-14.-Great-Britain-Final-Victory-6-768x432.jpg",768,432,true],"large":["https:\/\/ibomberdefense.standardof.net\/wp-content\/uploads\/sites\/5\/2020\/10\/iBomber-Defense-Axis-Campaign-14.-Great-Britain-Final-Victory-6-800x450.jpg",800,450,true],"1536x1536":["https:\/\/ibomberdefense.standardof.net\/wp-content\/uploads\/sites\/5\/2020\/10\/iBomber-Defense-Axis-Campaign-14.-Great-Britain-Final-Victory-6.jpg",1280,720,false],"2048x2048":["https:\/\/ibomberdefense.standardof.net\/wp-content\/uploads\/sites\/5\/2020\/10\/iBomber-Defense-Axis-Campaign-14.-Great-Britain-Final-Victory-6.jpg",1280,720,false],"trp-custom-language-flag":["https:\/\/ibomberdefense.standardof.net\/wp-content\/uploads\/sites\/5\/2020\/10\/iBomber-Defense-Axis-Campaign-14.-Great-Britain-Final-Victory-6-16x9.jpg",16,9,true]},"uagb_author_info":{"display_name":"SOE","author_link":"https:\/\/ibomberdefense.standardof.net\/fr\/author\/k-tastic\/"},"uagb_comment_info":0,"uagb_excerpt":"The fourteenth and final mission in the Axis campaign takes you to the wrecked landscape of Great Britain to fend off 50 waves of combined aircraft, naval units, and ground units. Enemies will approach from multiple paths, from every direction except north with naval units arriving at wave 10 and aircraft at wave 21. Turret&hellip;","_links":{"self":[{"href":"https:\/\/ibomberdefense.standardof.net\/fr\/wp-json\/wp\/v2\/pages\/349"}],"collection":[{"href":"https:\/\/ibomberdefense.standardof.net\/fr\/wp-json\/wp\/v2\/pages"}],"about":[{"href":"https:\/\/ibomberdefense.standardof.net\/fr\/wp-json\/wp\/v2\/types\/page"}],"author":[{"embeddable":true,"href":"https:\/\/ibomberdefense.standardof.net\/fr\/wp-json\/wp\/v2\/users\/1"}],"replies":[{"embeddable":true,"href":"https:\/\/ibomberdefense.standardof.net\/fr\/wp-json\/wp\/v2\/comments?post=349"}],"version-history":[{"count":0,"href":"https:\/\/ibomberdefense.standardof.net\/fr\/wp-json\/wp\/v2\/pages\/349\/revisions"}],"up":[{"embeddable":true,"href":"https:\/\/ibomberdefense.standardof.net\/fr\/wp-json\/wp\/v2\/pages\/268"}],"wp:featuredmedia":[{"embeddable":true,"href":"https:\/\/ibomberdefense.standardof.net\/fr\/wp-json\/wp\/v2\/media\/137"}],"wp:attachment":[{"href":"https:\/\/ibomberdefense.standardof.net\/fr\/wp-json\/wp\/v2\/media?parent=349"}],"curies":[{"name":"wp","href":"https:\/\/api.w.org\/{rel}","templated":true}]}}