{"id":156,"date":"2020-10-18T16:15:45","date_gmt":"2020-10-18T16:15:45","guid":{"rendered":"https:\/\/ibomberdefense.standardof.net\/?page_id=156"},"modified":"2020-10-19T08:06:58","modified_gmt":"2020-10-19T08:06:58","slug":"quick-play-and-bonus-levels","status":"publish","type":"page","link":"https:\/\/ibomberdefense.standardof.net\/vi\/guide\/choi-nhanh-va-cap-thuong\/","title":{"rendered":"Ch\u01a1i nhanh v\u00e0 m\u1ee9c th\u01b0\u1edfng"},"content":{"rendered":"<p>H\u01b0\u1edbng d\u1eabn n\u00e0y ti\u1ebfp t\u1ee5c h\u01b0\u1edbng d\u1eabn v\u1ec1 tr\u00f2 ch\u01a1i \u0111i\u1ec7n t\u1eed iBomber Defense, bao g\u1ed3m t\u1ea5t c\u1ea3 c\u00e1c b\u1ea3n \u0111\u1ed3 Ch\u01a1i nhanh v\u00e0 C\u1ea5p th\u01b0\u1edfng. Nh\u1eefng h\u01b0\u1edbng d\u1eabn n\u00e0y \u0111\u01b0\u1ee3c vi\u1ebft cho <strong>C\u1ef1u chi\u1ebfn binh <\/strong>kh\u00f3 kh\u0103n (kh\u00f3 nh\u1ea5t) v\u00e0 ch\u1ee9ng minh c\u00e1c ph\u01b0\u01a1ng ph\u00e1p \u0111\u01b0\u1ee3c s\u1eed d\u1ee5ng \u0111\u1ec3 \u0111\u1ea1t \u0111\u01b0\u1ee3c <strong>Ho\u00e0n h\u1ea3o <\/strong>\u0111\u00e1nh gi\u00e1 tr\u00ean m\u1ecdi b\u1ea3n \u0111\u1ed3. Nh\u1eefng chi\u1ebfn l\u01b0\u1ee3c n\u00e0y \u0111\u01b0\u1ee3c s\u1eed d\u1ee5ng \u0111\u1ec3 \u0111\u1ea1t \u0111\u01b0\u1ee3c huy ch\u01b0\u01a1ng Ng\u01b0\u1eddi s\u1ed1ng s\u00f3t, Ng\u01b0\u1eddi b\u1ea3o v\u1ec7 c\u0103n c\u1ee9 v\u00e0 Ng\u01b0\u1eddi b\u1ea3o v\u1ec7 th\u00e1p ph\u00e1o cho m\u1ed7i b\u1ea3n \u0111\u1ed3, li\u00ean quan \u0111\u1ebfn th\u00e0nh t\u00edch Ng\u01b0\u1eddi b\u1ea3o v\u1ec7, Ng\u01b0\u1eddi s\u1ed1ng s\u00f3t v\u00e0 Ng\u01b0\u1eddi b\u1ea3o v\u1ec7 cho C\u1ef1u chi\u1ebfn binh v\u00e0 gi\u1ea3m kh\u00f3 kh\u0103n.<\/p>\n\n\n\n<p><strong>Ghi ch\u00fa: <\/strong>M\u1eb7c d\u00f9 tr\u01b0\u1edbc \u0111\u00e2y t\u00f4i \u0111\u00e3 \u0111\u1ec1 c\u1eadp kh\u00e1c, c\u00e1c nhi\u1ec7m v\u1ee5 Quickplay kh\u00e1c bi\u1ec7t \u0111\u00e1ng k\u1ec3 so v\u1edbi c\u00e1c nhi\u1ec7m v\u1ee5 chi\u1ebfn d\u1ecbch \u1edf ch\u1ed7 b\u1ea1n s\u1ebd ph\u1ea3i \u0111\u1ed1i m\u1eb7t v\u1edbi c\u00e1c l\u00e0n s\u00f3ng h\u01a1i kh\u00e1c v\u1edbi c\u00e1c t\u00f9y ch\u1ecdn th\u00e1p ph\u00e1o h\u1ea1n ch\u1ebf h\u01a1n. V\u00ec l\u00fd do n\u00e0y, t\u00f4i quy\u1ebft \u0111\u1ecbnh ti\u1ebfp t\u1ee5c h\u01b0\u1edbng d\u1eabn cho c\u00e1c nhi\u1ec7m v\u1ee5 n\u00e0y. M\u1ed7i c\u1ea5p \u0111\u1ed9 \u0111\u01b0\u1ee3c li\u00ean k\u1ebft b\u00ean d\u01b0\u1edbi, m\u1ed7i c\u1ea5p \u0111\u1ed9 c\u00f3 h\u01b0\u1edbng d\u1eabn v\u00e0 trang ri\u00eang.<\/p>\n\n\n\n<p>** H\u01b0\u1edbng d\u1eabn n\u00e0y v\u00e0 c\u00e1c ph\u1ea7n ph\u1ee5 c\u1ee7a n\u00f3 hi\u1ec7n l\u00e0 WIP. Khi c\u00e1c h\u01b0\u1edbng d\u1eabn cho t\u1eebng nhi\u1ec7m v\u1ee5 \u0111\u01b0\u1ee3c ho\u00e0n th\u00e0nh v\u00e0 xu\u1ea5t b\u1ea3n, b\u1ea1n s\u1ebd th\u1ea5y trang n\u00e0y \u0111\u01b0\u1ee3c c\u1eadp nh\u1eadt v\u1edbi c\u00e1c li\u00ean k\u1ebft \u0111\u1ebfn t\u1eebng nhi\u1ec7m v\u1ee5.<\/p>\n\n\n\n<h3 class=\"wp-block-heading\">C\u00e1c c\u1ea5p \u0111\u1ed9 ch\u01a1i nhanh c\u1ee7a \u0110\u1ed3ng minh:<\/h3>\n\n\n\n<ol><li><strong><a href=\"https:\/\/ibomberdefense.standardof.net\/vi\/guide\/choi-nhanh-va-cap-thuong\/dong-minh-tay-au\/\" class=\"rank-math-link\">T\u00e2y \u00c2u<\/a><\/strong><\/li><li><strong><a href=\"https:\/\/ibomberdefense.standardof.net\/vi\/guide\/choi-nhanh-va-cap-thuong\/dong-minh-phuong-tay-dia-trung-hai\/\" class=\"rank-math-link\">T\u00e2y \u0110\u1ecba Trung H\u1ea3i<\/a><\/strong><\/li><li>T\u00e2y B\u1eafc Phi<\/li><li>T\u00e2y \u00c2u<\/li><li>\u0110\u00f4ng Nam \u00c2u<\/li><li>\u0110\u00f4ng \u0110\u1ecba Trung H\u1ea3i<\/li><li>Nam \u00c2u<\/li><li>T\u00e2y Nga<\/li><li>\u0110\u00f4ng B\u1eafc \u00c2u<\/li><li>B\u1eafc \u00c2u<\/li><li>n\u01b0\u1edbc \u0110\u1ee9c<\/li><\/ol>\n\n\n\n<h3 class=\"wp-block-heading\">C\u00e1c c\u1ea5p \u0111\u1ed9 ch\u01a1i nhanh c\u1ee7a Axis:<\/h3>\n\n\n\n<ol><li>B\u1eafc \u00c2u<\/li><li>T\u00e2y Nga<\/li><li>\u0110\u00f4ng B\u1eafc \u00c2u<\/li><li>\u0110\u00f4ng B\u1eafc Phi<\/li><li>\u0110\u00f4ng Nam \u00c2u<\/li><li>\u0110\u00f4ng \u0110\u1ecba Trung H\u1ea3i<\/li><li>T\u00e2y B\u1eafc Phi<\/li><li>Nam \u00c2u<\/li><li>T\u00e2y \u0110\u1ecba Trung H\u1ea3i<\/li><li>T\u00e2y \u00c2u<\/li><li>N\u01b0\u1edbc Anh<\/li><\/ol>\n\n\n\n<h3 class=\"wp-block-heading\">Nhi\u1ec7m v\u1ee5 th\u01b0\u1edfng:<\/h3>\n\n\n\n<ol><li>Thu ho\u1ea1ch \u0111\u1eafng<\/li><li>Trong s\u1ed1 c\u00e1c ph\u1ebf t\u00edch<\/li><\/ol>\n\n\n\n<h3 class=\"wp-block-heading\">C\u00e1c H\u01b0\u1edbng d\u1eabn Ph\u00f2ng th\u1ee7 iBomber kh\u00e1c:<\/h3>\n\n\n\n<p>H\u01b0\u1edbng d\u1eabn Chi\u1ebfn d\u1ecbch \u0110\u1ed3ng minh<br>H\u01b0\u1edbng d\u1eabn Chi\u1ebfn d\u1ecbch Tr\u1ee5c<\/p>","protected":false},"excerpt":{"rendered":"<p>This guide continues the walkthrough of the video game iBomber Defense, covering all of the Quick Play and Bonus Level maps. These guides are written for the Veteran difficulty (hardest) and demonstrate methods used to get a Perfect rating on every single map. These strategies are meant to be used in order to also achieve [&hellip;]<\/p>","protected":false},"author":1,"featured_media":15,"parent":139,"menu_order":3,"comment_status":"closed","ping_status":"closed","template":"","meta":{"_uag_custom_page_level_css":"","site-sidebar-layout":"default","site-content-layout":"default","ast-site-content-layout":"","site-content-style":"default","site-sidebar-style":"default","ast-global-header-display":"","ast-banner-title-visibility":"","ast-main-header-display":"","ast-hfb-above-header-display":"","ast-hfb-below-header-display":"","ast-hfb-mobile-header-display":"","site-post-title":"","ast-breadcrumbs-content":"","ast-featured-img":"","footer-sml-layout":"","theme-transparent-header-meta":"default","adv-header-id-meta":"","stick-header-meta":"","header-above-stick-meta":"","header-main-stick-meta":"","header-below-stick-meta":"","astra-migrate-meta-layouts":"default","ast-page-background-enabled":"default","ast-page-background-meta":{"desktop":{"background-color":"","background-image":"","background-repeat":"repeat","background-position":"center center","background-size":"auto","background-attachment":"scroll","background-type":"","background-media":"","overlay-type":"","overlay-color":"","overlay-gradient":""},"tablet":{"background-color":"","background-image":"","background-repeat":"repeat","background-position":"center center","background-size":"auto","background-attachment":"scroll","background-type":"","background-media":"","overlay-type":"","overlay-color":"","overlay-gradient":""},"mobile":{"background-color":"","background-image":"","background-repeat":"repeat","background-position":"center center","background-size":"auto","background-attachment":"scroll","background-type":"","background-media":"","overlay-type":"","overlay-color":"","overlay-gradient":""}},"ast-content-background-meta":{"desktop":{"background-color":"var(--ast-global-color-5)","background-image":"","background-repeat":"repeat","background-position":"center center","background-size":"auto","background-attachment":"scroll","background-type":"","background-media":"","overlay-type":"","overlay-color":"","overlay-gradient":""},"tablet":{"background-color":"var(--ast-global-color-5)","background-image":"","background-repeat":"repeat","background-position":"center center","background-size":"auto","background-attachment":"scroll","background-type":"","background-media":"","overlay-type":"","overlay-color":"","overlay-gradient":""},"mobile":{"background-color":"var(--ast-global-color-5)","background-image":"","background-repeat":"repeat","background-position":"center center","background-size":"auto","background-attachment":"scroll","background-type":"","background-media":"","overlay-type":"","overlay-color":"","overlay-gradient":""}},"footnotes":""},"uagb_featured_image_src":{"full":["https:\/\/ibomberdefense.standardof.net\/wp-content\/uploads\/sites\/5\/2020\/10\/iBomber-Defense-Header-1.jpg",1020,766,false],"thumbnail":["https:\/\/ibomberdefense.standardof.net\/wp-content\/uploads\/sites\/5\/2020\/10\/iBomber-Defense-Header-1-200x150.jpg",200,150,true],"medium":["https:\/\/ibomberdefense.standardof.net\/wp-content\/uploads\/sites\/5\/2020\/10\/iBomber-Defense-Header-1-512x385.jpg",512,385,true],"medium_large":["https:\/\/ibomberdefense.standardof.net\/wp-content\/uploads\/sites\/5\/2020\/10\/iBomber-Defense-Header-1-768x577.jpg",768,577,true],"large":["https:\/\/ibomberdefense.standardof.net\/wp-content\/uploads\/sites\/5\/2020\/10\/iBomber-Defense-Header-1-800x601.jpg",800,601,true],"1536x1536":["https:\/\/ibomberdefense.standardof.net\/wp-content\/uploads\/sites\/5\/2020\/10\/iBomber-Defense-Header-1.jpg",1020,766,false],"2048x2048":["https:\/\/ibomberdefense.standardof.net\/wp-content\/uploads\/sites\/5\/2020\/10\/iBomber-Defense-Header-1.jpg",1020,766,false],"trp-custom-language-flag":["https:\/\/ibomberdefense.standardof.net\/wp-content\/uploads\/sites\/5\/2020\/10\/iBomber-Defense-Header-1-16x12.jpg",16,12,true]},"uagb_author_info":{"display_name":"SOE","author_link":"https:\/\/ibomberdefense.standardof.net\/vi\/author\/k-tastic\/"},"uagb_comment_info":0,"uagb_excerpt":"This guide continues the walkthrough of the video game iBomber Defense, covering all of the Quick Play and Bonus Level maps. These guides are written for the Veteran difficulty (hardest) and demonstrate methods used to get a Perfect rating on every single map. These strategies are meant to be used in order to also achieve&hellip;","_links":{"self":[{"href":"https:\/\/ibomberdefense.standardof.net\/vi\/wp-json\/wp\/v2\/pages\/156"}],"collection":[{"href":"https:\/\/ibomberdefense.standardof.net\/vi\/wp-json\/wp\/v2\/pages"}],"about":[{"href":"https:\/\/ibomberdefense.standardof.net\/vi\/wp-json\/wp\/v2\/types\/page"}],"author":[{"embeddable":true,"href":"https:\/\/ibomberdefense.standardof.net\/vi\/wp-json\/wp\/v2\/users\/1"}],"replies":[{"embeddable":true,"href":"https:\/\/ibomberdefense.standardof.net\/vi\/wp-json\/wp\/v2\/comments?post=156"}],"version-history":[{"count":0,"href":"https:\/\/ibomberdefense.standardof.net\/vi\/wp-json\/wp\/v2\/pages\/156\/revisions"}],"up":[{"embeddable":true,"href":"https:\/\/ibomberdefense.standardof.net\/vi\/wp-json\/wp\/v2\/pages\/139"}],"wp:featuredmedia":[{"embeddable":true,"href":"https:\/\/ibomberdefense.standardof.net\/vi\/wp-json\/wp\/v2\/media\/15"}],"wp:attachment":[{"href":"https:\/\/ibomberdefense.standardof.net\/vi\/wp-json\/wp\/v2\/media?parent=156"}],"curies":[{"name":"wp","href":"https:\/\/api.w.org\/{rel}","templated":true}]}}