{"id":159,"date":"2020-10-18T16:32:10","date_gmt":"2020-10-18T16:32:10","guid":{"rendered":"https:\/\/ibomberdefense.standardof.net\/?page_id=159"},"modified":"2020-10-19T08:07:04","modified_gmt":"2020-10-19T08:07:04","slug":"allied-western-europe","status":"publish","type":"page","link":"https:\/\/ibomberdefense.standardof.net\/vi\/guide\/choi-nhanh-va-cap-thuong\/dong-minh-tay-au\/","title":{"rendered":"C\u1ea5p \u0111\u1ed9 ch\u01a1i nhanh c\u1ee7a \u0110\u1ed3ng minh: T\u00e2y \u00c2u"},"content":{"rendered":"<p>H\u01b0\u1edbng d\u1eabn s\u01a1 l\u01b0\u1ee3c n\u00e0y s\u1ebd bao g\u1ed3m c\u1ea5p \u0111\u1ed9 Ch\u01a1i nhanh c\u1ee7a \u0110\u1ed3ng minh, T\u00e2y \u00c2u trong tr\u00f2 ch\u01a1i \u0111i\u1ec7n t\u1eed iBomber Defense. B\u00ean trong, b\u1ea1n s\u1ebd t\u00ecm th\u1ea5y m\u1ed9t video h\u01b0\u1edbng d\u1eabn c\u00f3 b\u00ecnh lu\u1eadn c\u00f9ng v\u1edbi h\u01b0\u1edbng d\u1eabn chi ti\u1ebft v\u1ec1 c\u00e1ch th\u1ee9c v\u00e0 nh\u1eefng th\u00e1p ph\u00e1o c\u1ea7n \u0111\u1eb7t \u0111\u1ec3 b\u1ea3o v\u1ec7 c\u0103n c\u1ee9 c\u1ee7a b\u1ea1n v\u00e0 \u0111\u1ea1t \u0111\u01b0\u1ee3c x\u1ebfp h\u1ea1ng ho\u00e0n h\u1ea3o c\u00f9ng v\u1edbi c\u1ea3 ba huy ch\u01b0\u01a1ng trong c\u1ea5p \u0111\u1ed9 n\u00e0y.<\/p>\n\n\n\n<div class=\"wp-block-image\"><figure class=\"aligncenter size-large\"><a href=\"https:\/\/ibomberdefense.standardof.net\/vi\/guide\/choi-nhanh-va-cap-thuong\/dong-minh-tay-au\/ibomber-defense-allied-quick-play-01-western-europe-1\/\"><img decoding=\"async\" width=\"800\" height=\"500\" src=\"https:\/\/ibomberdefense.standardof.net\/wp-content\/uploads\/sites\/5\/2020\/10\/iBomber-Defense-Allied-Quick-Play-01-Western-Europe-1-800x500.jpg\" alt=\"&quot;iBomber Defense&quot; - Ch\u01a1i nhanh c\u1ee7a \u0110\u1ed3ng minh 01 - T\u00e2y \u00c2u (1)\" class=\"wp-image-7\" title=\"\" srcset=\"https:\/\/ibomberdefense.standardof.net\/wp-content\/uploads\/sites\/5\/2020\/10\/iBomber-Defense-Allied-Quick-Play-01-Western-Europe-1-800x500.jpg 800w, https:\/\/ibomberdefense.standardof.net\/wp-content\/uploads\/sites\/5\/2020\/10\/iBomber-Defense-Allied-Quick-Play-01-Western-Europe-1-512x320.jpg 512w, https:\/\/ibomberdefense.standardof.net\/wp-content\/uploads\/sites\/5\/2020\/10\/iBomber-Defense-Allied-Quick-Play-01-Western-Europe-1-200x125.jpg 200w, https:\/\/ibomberdefense.standardof.net\/wp-content\/uploads\/sites\/5\/2020\/10\/iBomber-Defense-Allied-Quick-Play-01-Western-Europe-1-768x480.jpg 768w, https:\/\/ibomberdefense.standardof.net\/wp-content\/uploads\/sites\/5\/2020\/10\/iBomber-Defense-Allied-Quick-Play-01-Western-Europe-1-16x10.jpg 16w, https:\/\/ibomberdefense.standardof.net\/wp-content\/uploads\/sites\/5\/2020\/10\/iBomber-Defense-Allied-Quick-Play-01-Western-Europe-1.jpg 1280w\" sizes=\"(max-width: 800px) 100vw, 800px\" \/><\/a><figcaption>Ph\u01b0\u01a1ng h\u01b0\u1edbng qu\u00e2n \u0111\u1ecbch.<\/figcaption><\/figure><\/div>\n\n\n\n<p>Trong l\u1ea7n tr\u1edf l\u1ea1i b\u1ea3n \u0111\u1ed3 \u0111\u01a1n gi\u1ea3n m\u1edf \u0111\u1ea7u n\u00e0y, b\u1ea1n s\u1ebd ph\u1ea3i \u0111\u1ed1i m\u1eb7t v\u1edbi m\u1ed9t cu\u1ed9c t\u1ea5n c\u00f4ng h\u1ed7n h\u1ee3p c\u1ee7a c\u00e1c \u0111\u01a1n v\u1ecb m\u1eb7t \u0111\u1ea5t, ch\u1ee7 y\u1ebfu l\u00e0 b\u1ed9 binh v\u00e0 xe h\u1ea1ng nh\u1eb9, trong 20 \u0111\u1ee3t. Gi\u1ed1ng nh\u01b0 phi\u00ean b\u1ea3n chi\u1ebfn d\u1ecbch, c\u00f3 hai con \u0111\u01b0\u1eddng xu\u1ea5t ph\u00e1t t\u1eeb tr\u00ean c\u00f9ng c\u1ee7a b\u1ea3n \u0111\u1ed3, ch\u00fang h\u1ed9i t\u1ee5 v\u1ec1 m\u1ed9t con \u0111\u01b0\u1eddng duy nh\u1ea5t d\u1eabn \u0111\u1ebfn c\u0103n c\u1ee9 c\u1ee7a b\u1ea1n. Chi\u1ebfn l\u01b0\u1ee3c t\u1ed1i \u01b0u \u1edf \u0111\u00e2y s\u1ebd l\u00e0 t\u1eadp trung v\u1ecb tr\u00ed th\u00e1p ph\u00e1o d\u1ecdc theo con \u0111\u01b0\u1eddng h\u1ed9i t\u1ee5 n\u00e0y, b\u1ecf qua c\u00e1c tuy\u1ebfn \u0111\u01b0\u1eddng b\u1ecb chia c\u1eaft \u0111\u1ec3 t\u1ed1i \u0111a h\u00f3a vi\u1ec7c s\u1eed d\u1ee5ng t\u1eebng \u0111\u00f4 la \u0111\u00e3 b\u1ecf ra.<\/p>\n\n\n\n<h3 class=\"wp-block-heading\"><strong>Ti\u00eau \u0111i\u1ec3m Chi\u1ebfn th\u1eafng:<\/strong><\/h3>\n\n\n\n<p>B\u1ea1n s\u1ebd ch\u1ec9 c\u00f3 m\u1ed9t \u0111i\u1ec3m \u0111\u1ec3 chi ti\u00eau cho vi\u1ec7c n\u00e2ng c\u1ea5p th\u00e1p ph\u00e1o c\u1ee7a m\u00ecnh, v\u1edbi c\u1ea5p 2 c\u1ee7a Ph\u00e1o v\u00e0 S\u00fang m\u00e1y \u0111\u00e3 \u0111\u01b0\u1ee3c trao cho b\u1ea1n, c\u00f9ng v\u1edbi c\u1ea5p m\u1ed9t AA (ch\u01b0a s\u1eed d\u1ee5ng). L\u1ea5y \u0111i\u1ec3m c\u00f3 s\u1eb5n v\u00e0 ti\u00eau n\u00f3 \u1edf Th\u00e1p Comm c\u1ea5p m\u1ed9t.<\/p>\n\n\n\n<h3 class=\"wp-block-heading\"><strong>V\u1ecb tr\u00ed th\u00e1p ph\u00e1o:<\/strong><\/h3>\n\n\n\n<p>V\u00e0i \u0111\u1ee3t \u0111\u1ea7u s\u1ebd kh\u00e1 nh\u1eb9, v\u00ec v\u1eady h\u00e3y t\u1eadp trung x\u00e2y d\u1ef1ng v\u00e0 n\u00e2ng c\u1ea5p \u0111\u1ea7y \u0111\u1ee7 m\u1ed9t c\u1eb7p S\u00fang m\u00e1y d\u1ecdc theo con \u0111\u01b0\u1eddng h\u1ed9i t\u1ee5<strong>,<\/strong> tr\u01b0\u1edbc kh\u00fac cua \u0111\u1ea7u ti\u00ean \u1edf ph\u00eda nam. \u0110\u1eb7t m\u1ed9t th\u00e1p s\u00fang M\u00e1y th\u1ee9 ba xung quanh l\u00e0n s\u00f3ng 7 \u1edf l\u1ed1i v\u00e0o c\u0103n c\u1ee9 c\u1ee7a b\u1ea1n, v\u1edbi m\u1ed9t kho\u1ea3ng c\u00e1ch nh\u1ecf gi\u1eefa n\u00f3 v\u00e0 ch\u00ednh t\u00f2a nh\u00e0 \u0111\u1ec3 gi\u00fap che nh\u1eefng ch\u1ed7 r\u00f2 r\u1ec9 ti\u1ec1m \u1ea9n. Khi b\u1eaft \u0111\u1ea7u l\u00e0n s\u00f3ng 10 n\u00ean mang theo m\u1ed9t th\u00e1p ph\u00e1o \u0111\u01b0\u1ee3c \u0111\u1eb7t g\u1ea7n hai kh\u1ea9u \u0111\u1ea7u ti\u00ean, v\u1ecb tr\u00ed n\u00e0y \u0111\u01b0\u1ee3c g\u1ecdi l\u00e0 nh\u00f3m ph\u00f2ng th\u1ee7 d\u1eabn \u0111\u1ea7u. \u0110\u1ea3m b\u1ea3o r\u1eb1ng nh\u00f3m d\u1eabn \u0111\u1ea7u \u0111\u01b0\u1ee3c nh\u00f3m l\u1ea1i \u0111\u1ec3 khi b\u1ea1n \u0111\u1eb7t Th\u00e1p Comm sau n\u00e0y, t\u1ea5t c\u1ea3 h\u1ecd s\u1ebd \u0111\u01b0\u1ee3c n\u00e2ng c\u1ea5p v\u1edbi s\u1ef1 gia t\u0103ng c\u1ee7a n\u00f3.<\/p>\n\n\n\n<p>S\u00f3ng 11 n\u00ean l\u00e0 th\u1eddi gian cho Th\u00e1p Comm, \u0111\u01b0\u1ee3c \u0111\u1eb7t nh\u01b0 \u0111\u00e3 \u0111\u1ec1 c\u1eadp \u1edf tr\u00ean. Ngo\u00e0i vi\u1ec7c cu\u1ed1i c\u00f9ng ti\u1ebft ki\u1ec7m 50$ \u0111\u1ec3 n\u00e2ng c\u1ea5p Ph\u00e1o c\u1ee7a b\u1ea1n l\u00ean c\u1ea5p 2 v\u00e0o kho\u1ea3ng s\u00f3ng 17, s\u1ed1 ti\u1ec1n c\u00f2n l\u1ea1i c\u1ee7a b\u1ea1n c\u00f3 th\u1ec3 d\u00f9ng \u0111\u1ec3 \u0111\u1eb7t nhi\u1ec1u th\u00e1p s\u00fang m\u00e1y h\u01a1n trong nh\u00f3m ph\u00f2ng th\u1ee7 tr\u1ef1c di\u1ec7n. N\u1ebfu c\u00f3 \u0111i\u1ec1u g\u00ec \u0111\u00f3 v\u01b0\u1ee3t qua, b\u1ea1n c\u00f3 th\u1ec3 t\u00f9y ch\u1ecdn n\u00e2ng c\u1ea5p th\u00e1p ch\u1ed1ng r\u00f2 r\u1ec9 c\u1ee7a m\u00ecnh, tuy nhi\u00ean, t\u00f4i th\u1ea5y kh\u00f4ng c\u1ea7n thi\u1ebft ph\u1ea3i l\u00e0m nh\u01b0 v\u1eady. \u0110\u1eebng c\u1ed1 g\u1eafng ti\u1ebft ki\u1ec7m qu\u00e1 nhi\u1ec1u ti\u1ec1n v\u00ec b\u1ea1n s\u1ebd c\u1ea7n ph\u1ea3i chi ti\u00eau g\u1ea7n h\u1ebft \u0111\u1ec3 theo k\u1ecbp s\u00f3ng gi\u00f3.<\/p>\n\n\n\n<figure class=\"wp-block-gallery columns-2 is-cropped wp-block-gallery-1 is-layout-flex wp-block-gallery-is-layout-flex\"><ul class=\"blocks-gallery-grid\"><li class=\"blocks-gallery-item\"><figure><a href=\"https:\/\/ibomberdefense.standardof.net\/vi\/guide\/choi-nhanh-va-cap-thuong\/dong-minh-tay-au\/ibomber-defense-allied-quick-play-01-western-europe-2\/\"><img decoding=\"async\" width=\"800\" height=\"500\" src=\"https:\/\/ibomberdefense.standardof.net\/wp-content\/uploads\/sites\/5\/2020\/10\/iBomber-Defense-Allied-Quick-Play-01-Western-Europe-2-800x500.jpg\" alt=\"&quot;iBomber Defense&quot; - Ch\u01a1i nhanh c\u1ee7a \u0110\u1ed3ng minh 01 - T\u00e2y \u00c2u (2)\" data-id=\"8\" data-full-url=\"https:\/\/ibomberdefense.standardof.net\/wp-content\/uploads\/sites\/5\/2020\/10\/iBomber-Defense-Allied-Quick-Play-01-Western-Europe-2.jpg\" data-link=\"https:\/\/ibomberdefense.standardof.net\/guide\/quick-play-and-bonus-levels\/allied-western-europe\/ibomber-defense-allied-quick-play-01-western-europe-2\/\" class=\"wp-image-8\" title=\"\" srcset=\"https:\/\/ibomberdefense.standardof.net\/wp-content\/uploads\/sites\/5\/2020\/10\/iBomber-Defense-Allied-Quick-Play-01-Western-Europe-2-800x500.jpg 800w, https:\/\/ibomberdefense.standardof.net\/wp-content\/uploads\/sites\/5\/2020\/10\/iBomber-Defense-Allied-Quick-Play-01-Western-Europe-2-512x320.jpg 512w, https:\/\/ibomberdefense.standardof.net\/wp-content\/uploads\/sites\/5\/2020\/10\/iBomber-Defense-Allied-Quick-Play-01-Western-Europe-2-200x125.jpg 200w, https:\/\/ibomberdefense.standardof.net\/wp-content\/uploads\/sites\/5\/2020\/10\/iBomber-Defense-Allied-Quick-Play-01-Western-Europe-2-768x480.jpg 768w, https:\/\/ibomberdefense.standardof.net\/wp-content\/uploads\/sites\/5\/2020\/10\/iBomber-Defense-Allied-Quick-Play-01-Western-Europe-2-16x10.jpg 16w, https:\/\/ibomberdefense.standardof.net\/wp-content\/uploads\/sites\/5\/2020\/10\/iBomber-Defense-Allied-Quick-Play-01-Western-Europe-2.jpg 1280w\" sizes=\"(max-width: 800px) 100vw, 800px\" \/><\/a><figcaption class=\"blocks-gallery-item__caption\">V\u1ecb tr\u00ed th\u00e1p ph\u00e1o s\u00f3ng 10.<\/figcaption><\/figure><\/li><li class=\"blocks-gallery-item\"><figure><a href=\"https:\/\/ibomberdefense.standardof.net\/vi\/guide\/choi-nhanh-va-cap-thuong\/dong-minh-tay-au\/ibomber-defense-allied-quick-play-01-western-europe-3\/\"><img decoding=\"async\" width=\"800\" height=\"500\" src=\"https:\/\/ibomberdefense.standardof.net\/wp-content\/uploads\/sites\/5\/2020\/10\/iBomber-Defense-Allied-Quick-Play-01-Western-Europe-3-800x500.jpg\" alt=\"&quot;iBomber Defense&quot; - Ch\u01a1i nhanh c\u1ee7a \u0110\u1ed3ng minh 01 - T\u00e2y \u00c2u (3)\" data-id=\"9\" data-full-url=\"https:\/\/ibomberdefense.standardof.net\/wp-content\/uploads\/sites\/5\/2020\/10\/iBomber-Defense-Allied-Quick-Play-01-Western-Europe-3.jpg\" data-link=\"https:\/\/ibomberdefense.standardof.net\/guide\/quick-play-and-bonus-levels\/allied-western-europe\/ibomber-defense-allied-quick-play-01-western-europe-3\/\" class=\"wp-image-9\" title=\"\" srcset=\"https:\/\/ibomberdefense.standardof.net\/wp-content\/uploads\/sites\/5\/2020\/10\/iBomber-Defense-Allied-Quick-Play-01-Western-Europe-3-800x500.jpg 800w, https:\/\/ibomberdefense.standardof.net\/wp-content\/uploads\/sites\/5\/2020\/10\/iBomber-Defense-Allied-Quick-Play-01-Western-Europe-3-512x320.jpg 512w, https:\/\/ibomberdefense.standardof.net\/wp-content\/uploads\/sites\/5\/2020\/10\/iBomber-Defense-Allied-Quick-Play-01-Western-Europe-3-200x125.jpg 200w, https:\/\/ibomberdefense.standardof.net\/wp-content\/uploads\/sites\/5\/2020\/10\/iBomber-Defense-Allied-Quick-Play-01-Western-Europe-3-768x480.jpg 768w, https:\/\/ibomberdefense.standardof.net\/wp-content\/uploads\/sites\/5\/2020\/10\/iBomber-Defense-Allied-Quick-Play-01-Western-Europe-3-16x10.jpg 16w, https:\/\/ibomberdefense.standardof.net\/wp-content\/uploads\/sites\/5\/2020\/10\/iBomber-Defense-Allied-Quick-Play-01-Western-Europe-3.jpg 1280w\" sizes=\"(max-width: 800px) 100vw, 800px\" \/><\/a><figcaption class=\"blocks-gallery-item__caption\">V\u1ecb tr\u00ed th\u00e1p ph\u00e1o c\u1ee7a Wave 20.<\/figcaption><\/figure><\/li><\/ul><\/figure>\n\n\n\n<hr class=\"wp-block-separator\"\/>\n\n\n\n<h4 class=\"has-text-align-center wp-block-heading\">H\u01b0\u1edbng d\u1eabn Video<\/h4>\n\n\n\n<figure class=\"wp-block-embed-youtube wp-block-embed is-type-video is-provider-youtube wp-embed-aspect-4-3 wp-has-aspect-ratio\"><div class=\"wp-block-embed__wrapper\">\n<div class=\"ast-oembed-container\" style=\"height: 100%;\"><iframe title=\"iBomber Defense - T\u00e2y \u00c2u - Ch\u1ebf \u0111\u1ed9 ch\u01a1i nhanh - C\u1ef1u chi\u1ebfn binh + Ho\u00e0n h\u1ea3o\" width=\"500\" height=\"375\" src=\"https:\/\/www.youtube.com\/embed\/NHkoyBFki8k?feature=oembed\" frameborder=\"0\" allow=\"accelerometer; autoplay; clipboard-write; encrypted-media; gyroscope; picture-in-picture; web-share\" referrerpolicy=\"strict-origin-when-cross-origin\" allowfullscreen><\/iframe><\/div>\n<\/div><\/figure>","protected":false},"excerpt":{"rendered":"<p>This walkthrough guide will cover the Western Europe, Allied Quickplay level in the video game iBomber Defense. Within you will find a video playthrough with commentary along with detailed instructions on how and what turrets to place in order to protect your base and achieve a perfect rating along with all three medals in this [&hellip;]<\/p>","protected":false},"author":1,"featured_media":18,"parent":156,"menu_order":1,"comment_status":"open","ping_status":"closed","template":"","meta":{"_uag_custom_page_level_css":"","site-sidebar-layout":"default","site-content-layout":"default","ast-site-content-layout":"","site-content-style":"default","site-sidebar-style":"default","ast-global-header-display":"","ast-banner-title-visibility":"","ast-main-header-display":"","ast-hfb-above-header-display":"","ast-hfb-below-header-display":"","ast-hfb-mobile-header-display":"","site-post-title":"","ast-breadcrumbs-content":"","ast-featured-img":"","footer-sml-layout":"","theme-transparent-header-meta":"default","adv-header-id-meta":"","stick-header-meta":"","header-above-stick-meta":"","header-main-stick-meta":"","header-below-stick-meta":"","astra-migrate-meta-layouts":"default","ast-page-background-enabled":"default","ast-page-background-meta":{"desktop":{"background-color":"","background-image":"","background-repeat":"repeat","background-position":"center center","background-size":"auto","background-attachment":"scroll","background-type":"","background-media":"","overlay-type":"","overlay-color":"","overlay-gradient":""},"tablet":{"background-color":"","background-image":"","background-repeat":"repeat","background-position":"center center","background-size":"auto","background-attachment":"scroll","background-type":"","background-media":"","overlay-type":"","overlay-color":"","overlay-gradient":""},"mobile":{"background-color":"","background-image":"","background-repeat":"repeat","background-position":"center center","background-size":"auto","background-attachment":"scroll","background-type":"","background-media":"","overlay-type":"","overlay-color":"","overlay-gradient":""}},"ast-content-background-meta":{"desktop":{"background-color":"var(--ast-global-color-5)","background-image":"","background-repeat":"repeat","background-position":"center center","background-size":"auto","background-attachment":"scroll","background-type":"","background-media":"","overlay-type":"","overlay-color":"","overlay-gradient":""},"tablet":{"background-color":"var(--ast-global-color-5)","background-image":"","background-repeat":"repeat","background-position":"center center","background-size":"auto","background-attachment":"scroll","background-type":"","background-media":"","overlay-type":"","overlay-color":"","overlay-gradient":""},"mobile":{"background-color":"var(--ast-global-color-5)","background-image":"","background-repeat":"repeat","background-position":"center center","background-size":"auto","background-attachment":"scroll","background-type":"","background-media":"","overlay-type":"","overlay-color":"","overlay-gradient":""}},"footnotes":""},"uagb_featured_image_src":{"full":["https:\/\/ibomberdefense.standardof.net\/wp-content\/uploads\/sites\/5\/2020\/10\/iBomber-Defense-Level-1-Western-Europe-The-Fight-Starts-Here-2.jpg",1280,720,false],"thumbnail":["https:\/\/ibomberdefense.standardof.net\/wp-content\/uploads\/sites\/5\/2020\/10\/iBomber-Defense-Level-1-Western-Europe-The-Fight-Starts-Here-2-200x113.jpg",200,113,true],"medium":["https:\/\/ibomberdefense.standardof.net\/wp-content\/uploads\/sites\/5\/2020\/10\/iBomber-Defense-Level-1-Western-Europe-The-Fight-Starts-Here-2-512x288.jpg",512,288,true],"medium_large":["https:\/\/ibomberdefense.standardof.net\/wp-content\/uploads\/sites\/5\/2020\/10\/iBomber-Defense-Level-1-Western-Europe-The-Fight-Starts-Here-2-768x432.jpg",768,432,true],"large":["https:\/\/ibomberdefense.standardof.net\/wp-content\/uploads\/sites\/5\/2020\/10\/iBomber-Defense-Level-1-Western-Europe-The-Fight-Starts-Here-2-800x450.jpg",800,450,true],"1536x1536":["https:\/\/ibomberdefense.standardof.net\/wp-content\/uploads\/sites\/5\/2020\/10\/iBomber-Defense-Level-1-Western-Europe-The-Fight-Starts-Here-2.jpg",1280,720,false],"2048x2048":["https:\/\/ibomberdefense.standardof.net\/wp-content\/uploads\/sites\/5\/2020\/10\/iBomber-Defense-Level-1-Western-Europe-The-Fight-Starts-Here-2.jpg",1280,720,false],"trp-custom-language-flag":["https:\/\/ibomberdefense.standardof.net\/wp-content\/uploads\/sites\/5\/2020\/10\/iBomber-Defense-Level-1-Western-Europe-The-Fight-Starts-Here-2-16x9.jpg",16,9,true]},"uagb_author_info":{"display_name":"SOE","author_link":"https:\/\/ibomberdefense.standardof.net\/vi\/author\/k-tastic\/"},"uagb_comment_info":0,"uagb_excerpt":"This walkthrough guide will cover the Western Europe, Allied Quickplay level in the video game iBomber Defense. Within you will find a video playthrough with commentary along with detailed instructions on how and what turrets to place in order to protect your base and achieve a perfect rating along with all three medals in this&hellip;","_links":{"self":[{"href":"https:\/\/ibomberdefense.standardof.net\/vi\/wp-json\/wp\/v2\/pages\/159"}],"collection":[{"href":"https:\/\/ibomberdefense.standardof.net\/vi\/wp-json\/wp\/v2\/pages"}],"about":[{"href":"https:\/\/ibomberdefense.standardof.net\/vi\/wp-json\/wp\/v2\/types\/page"}],"author":[{"embeddable":true,"href":"https:\/\/ibomberdefense.standardof.net\/vi\/wp-json\/wp\/v2\/users\/1"}],"replies":[{"embeddable":true,"href":"https:\/\/ibomberdefense.standardof.net\/vi\/wp-json\/wp\/v2\/comments?post=159"}],"version-history":[{"count":0,"href":"https:\/\/ibomberdefense.standardof.net\/vi\/wp-json\/wp\/v2\/pages\/159\/revisions"}],"up":[{"embeddable":true,"href":"https:\/\/ibomberdefense.standardof.net\/vi\/wp-json\/wp\/v2\/pages\/156"}],"wp:featuredmedia":[{"embeddable":true,"href":"https:\/\/ibomberdefense.standardof.net\/vi\/wp-json\/wp\/v2\/media\/18"}],"wp:attachment":[{"href":"https:\/\/ibomberdefense.standardof.net\/vi\/wp-json\/wp\/v2\/media?parent=159"}],"curies":[{"name":"wp","href":"https:\/\/api.w.org\/{rel}","templated":true}]}}