{"id":262,"date":"2020-10-19T05:24:17","date_gmt":"2020-10-19T05:24:17","guid":{"rendered":"https:\/\/ibomberdefense.standardof.net\/?page_id=262"},"modified":"2020-10-19T08:07:07","modified_gmt":"2020-10-19T08:07:07","slug":"allied-western-mediterranean","status":"publish","type":"page","link":"https:\/\/ibomberdefense.standardof.net\/vi\/guide\/choi-nhanh-va-cap-thuong\/dong-minh-phuong-tay-dia-trung-hai\/","title":{"rendered":"C\u1ea5p \u0111\u1ed9 ch\u01a1i nhanh c\u1ee7a \u0110\u1ed3ng minh: T\u00e2y \u0110\u1ecba Trung H\u1ea3i"},"content":{"rendered":"<p>H\u01b0\u1edbng d\u1eabn n\u00e0y s\u1ebd bao g\u1ed3m c\u1ea5p \u0111\u1ed9 Ch\u01a1i nhanh c\u1ee7a \u0110\u1ed3ng minh T\u00e2y \u0110\u1ecba Trung H\u1ea3i trong tr\u00f2 ch\u01a1i \u0111i\u1ec7n t\u1eed iBomber Defense. B\u00ean trong, b\u1ea1n s\u1ebd t\u00ecm th\u1ea5y m\u1ed9t video h\u01b0\u1edbng d\u1eabn c\u00f3 b\u00ecnh lu\u1eadn c\u00f9ng v\u1edbi h\u01b0\u1edbng d\u1eabn chi ti\u1ebft v\u1ec1 c\u00e1ch th\u1ee9c v\u00e0 nh\u1eefng th\u00e1p ph\u00e1o c\u1ea7n \u0111\u1eb7t \u0111\u1ec3 b\u1ea3o v\u1ec7 c\u0103n c\u1ee9 c\u1ee7a b\u1ea1n v\u00e0 \u0111\u1ea1t \u0111\u01b0\u1ee3c x\u1ebfp h\u1ea1ng ho\u00e0n h\u1ea3o c\u00f9ng v\u1edbi c\u1ea3 ba huy ch\u01b0\u01a1ng trong c\u1ea5p \u0111\u1ed9 n\u00e0y.<\/p>\n\n\n\n<div class=\"wp-block-image\"><figure class=\"aligncenter size-large\"><a href=\"https:\/\/ibomberdefense.standardof.net\/vi\/guide\/choi-nhanh-va-cap-thuong\/dong-minh-phuong-tay-dia-trung-hai\/ibomber-defense-allied-quick-play-02-western-mediterranean-1\/\"><img decoding=\"async\" width=\"800\" height=\"500\" src=\"https:\/\/ibomberdefense.standardof.net\/wp-content\/uploads\/sites\/5\/2020\/10\/iBomber-Defense-Allied-Quick-Play-02-Western-Mediterranean-1-800x500.jpg\" alt=\"&quot;iBomber Defense&quot; - Ch\u01a1i nhanh c\u1ee7a \u0110\u1ed3ng minh 02 - T\u00e2y \u0110\u1ecba Trung H\u1ea3i (1)\" class=\"wp-image-10\" title=\"\" srcset=\"https:\/\/ibomberdefense.standardof.net\/wp-content\/uploads\/sites\/5\/2020\/10\/iBomber-Defense-Allied-Quick-Play-02-Western-Mediterranean-1-800x500.jpg 800w, https:\/\/ibomberdefense.standardof.net\/wp-content\/uploads\/sites\/5\/2020\/10\/iBomber-Defense-Allied-Quick-Play-02-Western-Mediterranean-1-512x320.jpg 512w, https:\/\/ibomberdefense.standardof.net\/wp-content\/uploads\/sites\/5\/2020\/10\/iBomber-Defense-Allied-Quick-Play-02-Western-Mediterranean-1-200x125.jpg 200w, https:\/\/ibomberdefense.standardof.net\/wp-content\/uploads\/sites\/5\/2020\/10\/iBomber-Defense-Allied-Quick-Play-02-Western-Mediterranean-1-768x480.jpg 768w, https:\/\/ibomberdefense.standardof.net\/wp-content\/uploads\/sites\/5\/2020\/10\/iBomber-Defense-Allied-Quick-Play-02-Western-Mediterranean-1-16x10.jpg 16w, https:\/\/ibomberdefense.standardof.net\/wp-content\/uploads\/sites\/5\/2020\/10\/iBomber-Defense-Allied-Quick-Play-02-Western-Mediterranean-1.jpg 1280w\" sizes=\"(max-width: 800px) 100vw, 800px\" \/><\/a><figcaption>Con \u0111\u01b0\u1eddng m\u00e0 \u0111\u01a1n v\u1ecb \u0111\u1ecbch s\u1ebd \u0111i \u1edf T\u00e2y \u0110\u1ecba Trung H\u1ea3i.<\/figcaption><\/figure><\/div>\n\n\n\n<p>M\u1ed9t nhi\u1ec7m v\u1ee5 ch\u01a1i nhanh \u0111\u01a1n gi\u1ea3n kh\u00e1c, trong phi\u00ean b\u1ea3n Allied T\u00e2y \u0110\u1ecba Trung H\u1ea3i, b\u1ea1n s\u1ebd ph\u1ea3i \u0111\u1ed1i m\u1eb7t v\u1edbi m\u1ed9t lo\u1ea1t c\u00e1c \u0111\u01a1n v\u1ecb h\u1ea3i qu\u00e2n h\u1ed7n h\u1ee3p, \u0111i qua m\u1ed9t b\u1ed9 ba h\u00f2n \u0111\u1ea3o n\u1eb1m gi\u1eefa m\u1ed9t s\u1ed1 b\u00e1n \u0111\u1ea3o \u0111\u1ea5t li\u1ec1n, \u0111i t\u1eeb T\u00e2y Nam \u0111\u1ebfn \u0110\u00f4ng B\u1eafc. Nhi\u1ec7m v\u1ee5 n\u00e0y s\u1ebd t\u1eadp trung v\u00e0o ch\u1ea5t l\u01b0\u1ee3ng c\u1ee7a c\u00e1c th\u00e1p ph\u00e1o v\u00e0 v\u1ecb tr\u00ed thay v\u00ec s\u1ed1 l\u01b0\u1ee3ng v\u00ec vi\u1ec7c s\u1eed d\u1ee5ng m\u1ed9t s\u1ed1 v\u1ecb tr\u00ed b\u1eafn t\u1ed1i \u01b0u s\u1ebd l\u00e0 ch\u00eca kh\u00f3a \u1edf \u0111\u00e2y.<\/p>\n\n\n\n<h3 class=\"wp-block-heading\">Ti\u00eau \u0111i\u1ec3m Chi\u1ebfn th\u1eafng:<\/h3>\n\n\n\n<p>Ch\u1ec9 c\u00f3 m\u1ed9t \u0111i\u1ec3m \u0111\u1ec3 ti\u00eau, \u0111\u00f3 l\u00e0 n\u00e2ng c\u1ea5p th\u00e1p s\u00fang M\u00e1y m\u00f3c \u0111\u1ec3 m\u1edf kh\u00f3a c\u1ea5p \u0111\u1ed9 ba, \u0111\u00e2y s\u1ebd l\u00e0 m\u1ed9t tr\u1ee3 gi\u00fap \u0111\u00e1ng k\u1ec3 trong nhi\u1ec7m v\u1ee5 n\u00e0y.<\/p>\n\n\n\n<div class=\"wp-block-image\"><figure class=\"aligncenter size-large\"><a href=\"https:\/\/ibomberdefense.standardof.net\/vi\/guide\/choi-nhanh-va-cap-thuong\/dong-minh-phuong-tay-dia-trung-hai\/ibomber-defense-allied-quick-play-02-western-mediterranean-2\/\"><img decoding=\"async\" width=\"800\" height=\"500\" src=\"https:\/\/ibomberdefense.standardof.net\/wp-content\/uploads\/sites\/5\/2020\/10\/iBomber-Defense-Allied-Quick-Play-02-Western-Mediterranean-2-800x500.jpg\" alt=\"&quot;iBomber Defense&quot; - Ch\u01a1i nhanh c\u1ee7a \u0110\u1ed3ng minh 02 - T\u00e2y \u0110\u1ecba Trung H\u1ea3i (2)\" class=\"wp-image-11\" title=\"\" srcset=\"https:\/\/ibomberdefense.standardof.net\/wp-content\/uploads\/sites\/5\/2020\/10\/iBomber-Defense-Allied-Quick-Play-02-Western-Mediterranean-2-800x500.jpg 800w, https:\/\/ibomberdefense.standardof.net\/wp-content\/uploads\/sites\/5\/2020\/10\/iBomber-Defense-Allied-Quick-Play-02-Western-Mediterranean-2-512x320.jpg 512w, https:\/\/ibomberdefense.standardof.net\/wp-content\/uploads\/sites\/5\/2020\/10\/iBomber-Defense-Allied-Quick-Play-02-Western-Mediterranean-2-200x125.jpg 200w, https:\/\/ibomberdefense.standardof.net\/wp-content\/uploads\/sites\/5\/2020\/10\/iBomber-Defense-Allied-Quick-Play-02-Western-Mediterranean-2-768x480.jpg 768w, https:\/\/ibomberdefense.standardof.net\/wp-content\/uploads\/sites\/5\/2020\/10\/iBomber-Defense-Allied-Quick-Play-02-Western-Mediterranean-2-16x10.jpg 16w, https:\/\/ibomberdefense.standardof.net\/wp-content\/uploads\/sites\/5\/2020\/10\/iBomber-Defense-Allied-Quick-Play-02-Western-Mediterranean-2.jpg 1280w\" sizes=\"(max-width: 800px) 100vw, 800px\" \/><\/a><figcaption>H\u01b0\u1edbng d\u1eabn v\u1ecb tr\u00ed th\u00e1p ph\u00e1o.<\/figcaption><\/figure><\/div>\n\n\n\n<h3 class=\"wp-block-heading\">V\u1ecb tr\u00ed th\u00e1p ph\u00e1o<\/h3>\n\n\n\n<p>\u0110\u1ed1i v\u1edbi m\u1ee5c \u0111\u00edch c\u1ee7a h\u01b0\u1edbng d\u1eabn c\u1ee7a nhi\u1ec7m v\u1ee5 n\u00e0y, t\u00f4i s\u1ebd th\u1ef1c hi\u1ec7n m\u1ed9t c\u00e1ch ti\u1ebfp c\u1eadn h\u01a1i kh\u00e1c so v\u1edbi b\u00ecnh th\u01b0\u1eddng, v\u00ec chi\u1ebfn l\u01b0\u1ee3c \u0111\u01b0\u1ee3c s\u1eed d\u1ee5ng ch\u1ec9 x\u1eed l\u00fd m\u1ed9t s\u1ed1 th\u00e1p ph\u00e1o \u0111\u01b0\u1ee3c \u0111\u1eb7t t\u1ea1i c\u00e1c v\u1ecb tr\u00ed chi\u1ebfn l\u01b0\u1ee3c, t\u00f4i s\u1ebd xem qua h\u01b0\u1edbng d\u1eabn v\u1ecb tr\u00ed t\u1eebng b\u01b0\u1edbc cho t\u1eebng th\u00e1p ph\u00e1o v\u00e0 ch\u00fang s\u00f3ng ch\u00fang \u0111\u01b0\u1ee3c \u0111\u1eb7t t\u1ea1i. \u0110\u1ea3m b\u1ea3o tham kh\u1ea3o h\u00ecnh \u1ea3nh th\u1ee9 hai \u1edf b\u00ean ph\u1ea3i \u0111\u1ec3 bi\u1ebft v\u1ecb tr\u00ed th\u00edch h\u1ee3p c\u1ee7a c\u00e1c \u0111i\u1ec3m \u0111\u01b0\u1ee3c \u0111\u1ec1 c\u1eadp.<\/p>\n\n\n\n<p>\u0110\u1ee3t 1: B\u1eaft \u0111\u1ea7u b\u1eb1ng c\u00e1ch x\u00e2y d\u1ef1ng v\u00e0 n\u00e2ng c\u1ea5p \u0111\u1ea7y \u0111\u1ee7 S\u00fang m\u00e1y l\u00ean c\u1ea5p 3, \u0111\u01b0\u1ee3c \u0111\u1eb7t t\u1ea1i \u0111i\u1ec3m <strong>A<\/strong>, l\u00e0 m\u1ed9t h\u00f2n \u0111\u1ea3o nh\u1ecf, \u0111\u01a1n l\u1ebb g\u1ea7n n\u01a1i c\u00e1c con t\u00e0u \u0111i v\u00e0o b\u1ea3n \u0111\u1ed3. H\u00e3y theo d\u00f5i th\u00e1p ph\u00e1o n\u00e0y trong su\u1ed1t c\u1ea5p \u0111\u1ed9 v\u00ec cu\u1ed1i c\u00f9ng b\u1ea1n s\u1ebd c\u1ea7n ph\u1ea3i s\u1eeda ch\u1eefa n\u00f3 v\u1ec1 cu\u1ed1i.<\/p>\n\n\n\n<p>End of Wave 4: \u0110\u1eb7t m\u1ed9t th\u00e1p s\u00fang MG c\u1ea5p 1 t\u1ea1i \u0111i\u1ec3m <strong>B<\/strong>, tr\u00ean b\u00e1n \u0111\u1ea3o \u0111\u1ea5t li\u1ec1n t\u1ea1i ch\u1ed7 nh\u00f4 ra trong n\u01b0\u1edbc, xa nh\u1ea5t v\u1ec1 ph\u00eda t\u00e2y. N\u00e2ng c\u1ea5p l\u00ean c\u1ea5p 2 \u1edf s\u00f3ng 6 v\u00e0 c\u1ea5p 3 \u1edf cu\u1ed1i s\u00f3ng 8.<\/p>\n\n\n\n<p>S\u00f3ng 9: \u0110\u1eb7t S\u00fang m\u00e1y th\u1ee9 ba v\u00e0 cu\u1ed1i c\u00f9ng c\u1ee7a b\u1ea1n t\u1ea1i \u0111i\u1ec3m <strong>D<\/strong> tr\u00ean \u0111i\u1ec3m c\u1ef1c nam c\u1ee7a h\u00f2n \u0111\u1ea3o ph\u00eda b\u1eafc. N\u00e2ng c\u1ea5p l\u00ean c\u1ea5p 2 \u1edf s\u00f3ng 10.<\/p>\n\n\n\n<p>Cu\u1ed1i l\u00e0n s\u00f3ng 13: \u0110\u1eb7t th\u00e1p ph\u00e1o \u0111\u1ea7u ti\u00ean c\u1ee7a b\u1ea1n t\u1ea1i \u0111i\u1ec3m <strong>C<\/strong> tr\u00ean b\u00e1n \u0111\u1ea3o ph\u00eda nam, 2 \u00f4 vu\u00f4ng b\u00ean ph\u1ea3i v\u00e0 m\u1ed9t \u00f4 vu\u00f4ng ph\u00eda tr\u00ean t\u1eeb S\u00fang m\u00e1y tr\u00ean c\u00f9ng m\u1ea3nh \u0111\u1ea5t b\u1ea1n \u0111\u00e3 x\u00e2y tr\u01b0\u1edbc \u0111\u00f3.<\/p>\n\n\n\n<p>Wave 16: N\u00e2ng c\u1ea5p \u0111i\u1ec3m <strong>D<\/strong> Th\u00e1p s\u00fang MG \u0111\u1ebfn c\u1ea5p \u0111\u1ed9 cu\u1ed1i c\u00f9ng (3).<\/p>\n\n\n\n<p>L\u00e0n s\u00f3ng 17: Ch\u1ebf t\u1ea1o m\u1ed9t kh\u1ea9u Ph\u00e1o th\u1ee9 hai t\u1ea1i \u0111i\u1ec3m <strong>E<\/strong> l\u00e0 m\u1ed9t h\u00ecnh vu\u00f4ng \u1edf ph\u00eda \u0111\u00f4ng b\u1eafc c\u1ee7a \u0111i\u1ec3m <strong>D<\/strong> s\u00fang m\u00e1y b\u1ea1n v\u1eeba n\u00e2ng c\u1ea5p.<\/p>\n\n\n\n<p>K\u1ec3 t\u1eeb \u0111\u00e2y tr\u1edf \u0111i, h\u00e3y n\u00e2ng c\u1ea5p Ph\u00e1o \u0111\u1ea7u ti\u00ean c\u1ee7a b\u1ea1n \u1edf \u0111i\u1ec3m C l\u00ean c\u1ea5p 2 khi b\u1ea1n c\u00f3 c\u01a1 h\u1ed9i v\u00e0 ki\u1ec3m tra c\u00e1c th\u00e1p ph\u00e1o ch\u00ednh c\u1ee7a b\u1ea1n xem c\u00f3 c\u1ea7n s\u1eeda ch\u1eefa g\u00ec kh\u00f4ng. N\u00f3 s\u1ebd l\u00e0 m\u1ed9t c\u00e1i b\u1ecdc v\u1edbi nh\u1eefng g\u00ec b\u1ea1n c\u00f3 b\u00e2y gi\u1edd.<\/p>\n\n\n\n<figure class=\"wp-block-gallery columns-2 is-cropped wp-block-gallery-1 is-layout-flex wp-block-gallery-is-layout-flex\"><ul class=\"blocks-gallery-grid\"><li class=\"blocks-gallery-item\"><figure><a href=\"https:\/\/ibomberdefense.standardof.net\/vi\/guide\/choi-nhanh-va-cap-thuong\/dong-minh-phuong-tay-dia-trung-hai\/ibomber-defense-allied-quick-play-02-western-mediterranean-3\/\"><img decoding=\"async\" width=\"800\" height=\"500\" src=\"https:\/\/ibomberdefense.standardof.net\/wp-content\/uploads\/sites\/5\/2020\/10\/iBomber-Defense-Allied-Quick-Play-02-Western-Mediterranean-3-800x500.jpg\" alt=\"&quot;iBomber Defense&quot; - Ch\u01a1i nhanh c\u1ee7a \u0110\u1ed3ng minh 02 - T\u00e2y \u0110\u1ecba Trung H\u1ea3i (3)\" data-id=\"12\" data-full-url=\"https:\/\/ibomberdefense.standardof.net\/wp-content\/uploads\/sites\/5\/2020\/10\/iBomber-Defense-Allied-Quick-Play-02-Western-Mediterranean-3.jpg\" data-link=\"https:\/\/ibomberdefense.standardof.net\/guide\/quick-play-and-bonus-levels\/allied-western-mediterranean\/ibomber-defense-allied-quick-play-02-western-mediterranean-3\/\" class=\"wp-image-12\" title=\"\" srcset=\"https:\/\/ibomberdefense.standardof.net\/wp-content\/uploads\/sites\/5\/2020\/10\/iBomber-Defense-Allied-Quick-Play-02-Western-Mediterranean-3-800x500.jpg 800w, https:\/\/ibomberdefense.standardof.net\/wp-content\/uploads\/sites\/5\/2020\/10\/iBomber-Defense-Allied-Quick-Play-02-Western-Mediterranean-3-512x320.jpg 512w, https:\/\/ibomberdefense.standardof.net\/wp-content\/uploads\/sites\/5\/2020\/10\/iBomber-Defense-Allied-Quick-Play-02-Western-Mediterranean-3-200x125.jpg 200w, https:\/\/ibomberdefense.standardof.net\/wp-content\/uploads\/sites\/5\/2020\/10\/iBomber-Defense-Allied-Quick-Play-02-Western-Mediterranean-3-768x480.jpg 768w, https:\/\/ibomberdefense.standardof.net\/wp-content\/uploads\/sites\/5\/2020\/10\/iBomber-Defense-Allied-Quick-Play-02-Western-Mediterranean-3-16x10.jpg 16w, https:\/\/ibomberdefense.standardof.net\/wp-content\/uploads\/sites\/5\/2020\/10\/iBomber-Defense-Allied-Quick-Play-02-Western-Mediterranean-3.jpg 1280w\" sizes=\"(max-width: 800px) 100vw, 800px\" \/><\/a><figcaption class=\"blocks-gallery-item__caption\">V\u1ecb tr\u00ed th\u00e1p ph\u00e1o s\u00f3ng 10.<\/figcaption><\/figure><\/li><li class=\"blocks-gallery-item\"><figure><a href=\"https:\/\/ibomberdefense.standardof.net\/vi\/guide\/choi-nhanh-va-cap-thuong\/dong-minh-phuong-tay-dia-trung-hai\/ibomber-defense-allied-quick-play-02-western-mediterranean-4\/\"><img decoding=\"async\" width=\"800\" height=\"500\" src=\"https:\/\/ibomberdefense.standardof.net\/wp-content\/uploads\/sites\/5\/2020\/10\/iBomber-Defense-Allied-Quick-Play-02-Western-Mediterranean-4-800x500.jpg\" alt=\"&quot;iBomber Defense&quot; - Ch\u01a1i nhanh c\u1ee7a \u0110\u1ed3ng minh 02 - T\u00e2y \u0110\u1ecba Trung H\u1ea3i (4)\" data-id=\"13\" data-full-url=\"https:\/\/ibomberdefense.standardof.net\/wp-content\/uploads\/sites\/5\/2020\/10\/iBomber-Defense-Allied-Quick-Play-02-Western-Mediterranean-4.jpg\" data-link=\"https:\/\/ibomberdefense.standardof.net\/guide\/quick-play-and-bonus-levels\/allied-western-mediterranean\/ibomber-defense-allied-quick-play-02-western-mediterranean-4\/\" class=\"wp-image-13\" title=\"\" srcset=\"https:\/\/ibomberdefense.standardof.net\/wp-content\/uploads\/sites\/5\/2020\/10\/iBomber-Defense-Allied-Quick-Play-02-Western-Mediterranean-4-800x500.jpg 800w, https:\/\/ibomberdefense.standardof.net\/wp-content\/uploads\/sites\/5\/2020\/10\/iBomber-Defense-Allied-Quick-Play-02-Western-Mediterranean-4-512x320.jpg 512w, https:\/\/ibomberdefense.standardof.net\/wp-content\/uploads\/sites\/5\/2020\/10\/iBomber-Defense-Allied-Quick-Play-02-Western-Mediterranean-4-200x125.jpg 200w, https:\/\/ibomberdefense.standardof.net\/wp-content\/uploads\/sites\/5\/2020\/10\/iBomber-Defense-Allied-Quick-Play-02-Western-Mediterranean-4-768x480.jpg 768w, https:\/\/ibomberdefense.standardof.net\/wp-content\/uploads\/sites\/5\/2020\/10\/iBomber-Defense-Allied-Quick-Play-02-Western-Mediterranean-4-16x10.jpg 16w, https:\/\/ibomberdefense.standardof.net\/wp-content\/uploads\/sites\/5\/2020\/10\/iBomber-Defense-Allied-Quick-Play-02-Western-Mediterranean-4.jpg 1280w\" sizes=\"(max-width: 800px) 100vw, 800px\" \/><\/a><figcaption class=\"blocks-gallery-item__caption\">S\u00f3ng 20.<\/figcaption><\/figure><\/li><\/ul><\/figure>\n\n\n\n<hr class=\"wp-block-separator\"\/>\n\n\n\n<h4 class=\"has-text-align-center wp-block-heading\">H\u01b0\u1edbng d\u1eabn Video<\/h4>\n\n\n\n<figure class=\"wp-block-embed-youtube wp-block-embed is-type-video is-provider-youtube wp-embed-aspect-4-3 wp-has-aspect-ratio\"><div class=\"wp-block-embed__wrapper\">\n<div class=\"ast-oembed-container\" style=\"height: 100%;\"><iframe title=\"iBomber Defense - T\u00e2y \u0110\u1ecba Trung H\u1ea3i - Ch\u1ebf \u0111\u1ed9 ch\u01a1i nhanh - C\u1ef1u chi\u1ebfn binh + Ho\u00e0n h\u1ea3o\" width=\"500\" height=\"375\" src=\"https:\/\/www.youtube.com\/embed\/9nyuZG1F55g?feature=oembed\" frameborder=\"0\" allow=\"accelerometer; autoplay; clipboard-write; encrypted-media; gyroscope; picture-in-picture; web-share\" referrerpolicy=\"strict-origin-when-cross-origin\" allowfullscreen><\/iframe><\/div>\n<\/div><\/figure>","protected":false},"excerpt":{"rendered":"<p>This walkthrough guide will cover the Western Mediterranean, Allied Quick Play level in the video game iBomber Defense. Within you will find a video playthrough with commentary along with detailed instructions on how and what turrets to place in order to protect your base and achieve a perfect rating along with all three medals in [&hellip;]<\/p>","protected":false},"author":1,"featured_media":13,"parent":156,"menu_order":2,"comment_status":"open","ping_status":"closed","template":"","meta":{"_uag_custom_page_level_css":"","site-sidebar-layout":"default","site-content-layout":"default","ast-site-content-layout":"","site-content-style":"default","site-sidebar-style":"default","ast-global-header-display":"","ast-banner-title-visibility":"","ast-main-header-display":"","ast-hfb-above-header-display":"","ast-hfb-below-header-display":"","ast-hfb-mobile-header-display":"","site-post-title":"","ast-breadcrumbs-content":"","ast-featured-img":"","footer-sml-layout":"","theme-transparent-header-meta":"default","adv-header-id-meta":"","stick-header-meta":"","header-above-stick-meta":"","header-main-stick-meta":"","header-below-stick-meta":"","astra-migrate-meta-layouts":"default","ast-page-background-enabled":"default","ast-page-background-meta":{"desktop":{"background-color":"","background-image":"","background-repeat":"repeat","background-position":"center center","background-size":"auto","background-attachment":"scroll","background-type":"","background-media":"","overlay-type":"","overlay-color":"","overlay-gradient":""},"tablet":{"background-color":"","background-image":"","background-repeat":"repeat","background-position":"center center","background-size":"auto","background-attachment":"scroll","background-type":"","background-media":"","overlay-type":"","overlay-color":"","overlay-gradient":""},"mobile":{"background-color":"","background-image":"","background-repeat":"repeat","background-position":"center center","background-size":"auto","background-attachment":"scroll","background-type":"","background-media":"","overlay-type":"","overlay-color":"","overlay-gradient":""}},"ast-content-background-meta":{"desktop":{"background-color":"var(--ast-global-color-5)","background-image":"","background-repeat":"repeat","background-position":"center center","background-size":"auto","background-attachment":"scroll","background-type":"","background-media":"","overlay-type":"","overlay-color":"","overlay-gradient":""},"tablet":{"background-color":"var(--ast-global-color-5)","background-image":"","background-repeat":"repeat","background-position":"center center","background-size":"auto","background-attachment":"scroll","background-type":"","background-media":"","overlay-type":"","overlay-color":"","overlay-gradient":""},"mobile":{"background-color":"var(--ast-global-color-5)","background-image":"","background-repeat":"repeat","background-position":"center center","background-size":"auto","background-attachment":"scroll","background-type":"","background-media":"","overlay-type":"","overlay-color":"","overlay-gradient":""}},"footnotes":""},"uagb_featured_image_src":{"full":["https:\/\/ibomberdefense.standardof.net\/wp-content\/uploads\/sites\/5\/2020\/10\/iBomber-Defense-Allied-Quick-Play-02-Western-Mediterranean-4.jpg",1280,800,false],"thumbnail":["https:\/\/ibomberdefense.standardof.net\/wp-content\/uploads\/sites\/5\/2020\/10\/iBomber-Defense-Allied-Quick-Play-02-Western-Mediterranean-4-200x125.jpg",200,125,true],"medium":["https:\/\/ibomberdefense.standardof.net\/wp-content\/uploads\/sites\/5\/2020\/10\/iBomber-Defense-Allied-Quick-Play-02-Western-Mediterranean-4-512x320.jpg",512,320,true],"medium_large":["https:\/\/ibomberdefense.standardof.net\/wp-content\/uploads\/sites\/5\/2020\/10\/iBomber-Defense-Allied-Quick-Play-02-Western-Mediterranean-4-768x480.jpg",768,480,true],"large":["https:\/\/ibomberdefense.standardof.net\/wp-content\/uploads\/sites\/5\/2020\/10\/iBomber-Defense-Allied-Quick-Play-02-Western-Mediterranean-4-800x500.jpg",800,500,true],"1536x1536":["https:\/\/ibomberdefense.standardof.net\/wp-content\/uploads\/sites\/5\/2020\/10\/iBomber-Defense-Allied-Quick-Play-02-Western-Mediterranean-4.jpg",1280,800,false],"2048x2048":["https:\/\/ibomberdefense.standardof.net\/wp-content\/uploads\/sites\/5\/2020\/10\/iBomber-Defense-Allied-Quick-Play-02-Western-Mediterranean-4.jpg",1280,800,false],"trp-custom-language-flag":["https:\/\/ibomberdefense.standardof.net\/wp-content\/uploads\/sites\/5\/2020\/10\/iBomber-Defense-Allied-Quick-Play-02-Western-Mediterranean-4-16x10.jpg",16,10,true]},"uagb_author_info":{"display_name":"SOE","author_link":"https:\/\/ibomberdefense.standardof.net\/vi\/author\/k-tastic\/"},"uagb_comment_info":0,"uagb_excerpt":"This walkthrough guide will cover the Western Mediterranean, Allied Quick Play level in the video game iBomber Defense. Within you will find a video playthrough with commentary along with detailed instructions on how and what turrets to place in order to protect your base and achieve a perfect rating along with all three medals in&hellip;","_links":{"self":[{"href":"https:\/\/ibomberdefense.standardof.net\/vi\/wp-json\/wp\/v2\/pages\/262"}],"collection":[{"href":"https:\/\/ibomberdefense.standardof.net\/vi\/wp-json\/wp\/v2\/pages"}],"about":[{"href":"https:\/\/ibomberdefense.standardof.net\/vi\/wp-json\/wp\/v2\/types\/page"}],"author":[{"embeddable":true,"href":"https:\/\/ibomberdefense.standardof.net\/vi\/wp-json\/wp\/v2\/users\/1"}],"replies":[{"embeddable":true,"href":"https:\/\/ibomberdefense.standardof.net\/vi\/wp-json\/wp\/v2\/comments?post=262"}],"version-history":[{"count":0,"href":"https:\/\/ibomberdefense.standardof.net\/vi\/wp-json\/wp\/v2\/pages\/262\/revisions"}],"up":[{"embeddable":true,"href":"https:\/\/ibomberdefense.standardof.net\/vi\/wp-json\/wp\/v2\/pages\/156"}],"wp:featuredmedia":[{"embeddable":true,"href":"https:\/\/ibomberdefense.standardof.net\/vi\/wp-json\/wp\/v2\/media\/13"}],"wp:attachment":[{"href":"https:\/\/ibomberdefense.standardof.net\/vi\/wp-json\/wp\/v2\/media?parent=262"}],"curies":[{"name":"wp","href":"https:\/\/api.w.org\/{rel}","templated":true}]}}