{"id":268,"date":"2020-10-19T05:30:12","date_gmt":"2020-10-19T05:30:12","guid":{"rendered":"https:\/\/ibomberdefense.standardof.net\/?page_id=268"},"modified":"2020-10-19T08:06:55","modified_gmt":"2020-10-19T08:06:55","slug":"axis-campaign","status":"publish","type":"page","link":"https:\/\/ibomberdefense.standardof.net\/vi\/guide\/chien-dich-truc\/","title":{"rendered":"Chi\u1ebfn d\u1ecbch Tr\u1ee5c"},"content":{"rendered":"<h2 class=\"wp-block-heading\">Ph\u1ea7n 1<\/h2>\n\n\n\n<p>\u0110\u00e2y l\u00e0 h\u01b0\u1edbng d\u1eabn cho tr\u00f2 ch\u01a1i \u0111i\u1ec7n t\u1eed <em>iBomber Defense<\/em>v\u00e0 n\u00f3 cung c\u1ea5p h\u01b0\u1edbng d\u1eabn cho b\u1ea3y c\u1ea5p \u0111\u1ed9 \u0111\u1ea7u ti\u00ean c\u1ee7a chi\u1ebfn d\u1ecbch Tr\u1ee5c. H\u01b0\u1edbng d\u1eabn n\u00e0y \u0111\u01b0\u1ee3c vi\u1ebft cho <strong>C\u1ef1u chi\u1ebfn binh <\/strong>kh\u00f3 kh\u0103n (kh\u00f3 nh\u1ea5t) v\u00e0 tr\u00ecnh b\u00e0y c\u00e1c ph\u01b0\u01a1ng ph\u00e1p \u0111\u01b0\u1ee3c s\u1eed d\u1ee5ng \u0111\u1ec3 \u0111\u1ea1t \u0111\u01b0\u1ee3c <strong>Ho\u00e0n h\u1ea3o <\/strong>\u0111\u00e1nh gi\u00e1 tr\u00ean m\u1ecdi b\u1ea3n \u0111\u1ed3. B\u00ean trong b\u1ea1n s\u1ebd t\u00ecm th\u1ea5y video, b\u1ea3n \u0111\u1ed3 v\u00e0 th\u00f4ng tin h\u1eefu \u00edch b\u1ed5 sung.<\/p>\n\n\n\n<p>B\u1eaft \u0111\u1ea7u chi\u1ebfn d\u1ecbch Tr\u1ee5c m\u1edbi sau khi ho\u00e0n th\u00e0nh Chi\u1ebfn d\u1ecbch \u0110\u1ed3ng minh, b\u1ea1n s\u1ebd b\u1eaft \u0111\u1ea7u l\u1ea1i t\u1eeb \u0111\u1ea7u v\u1ec1 m\u1eb7t gi\u00e0nh \u0111\u01b0\u1ee3c \u0111i\u1ec3m chi\u1ebfn th\u1eafng, v\u1edbi hai th\u00e1p ph\u00e1o v\u1ec1 c\u01a1 b\u1ea3n kh\u00e1c v\u1edbi c\u00e1c bi\u1ebfn th\u1ec3 c\u1ee7a \u0110\u1ed3ng minh: Firestorm v\u00e0 X-Weapon thay th\u1ebf cho Sabotage v\u00e0 Comms, t\u01b0\u01a1ng \u1ee9ng. Ngo\u00e0i ra, v\u00ec b\u1ea1n kh\u00f4ng c\u00f2n Comms, n\u00ean ti\u1ec1n l\u00e3i kh\u00f4ng c\u00f2n \u0111\u01b0\u1ee3c t\u00edch l\u0169y n\u1eefa; tuy nhi\u00ean, x\u00e2y d\u1ef1ng th\u00e1p ph\u00e1o c\u1ee7a phe Tr\u1ee5c r\u1ebb h\u01a1n. C\u00e1c chi\u1ebfn l\u01b0\u1ee3c c\u1ee5 th\u1ec3 \u0111\u00e3 thay \u0111\u1ed5i s\u1ebd \u0111\u01b0\u1ee3c th\u1ea3o lu\u1eadn trong c\u00e1c ph\u1ea7n c\u1ea5p d\u01b0\u1edbi \u0111\u00e2y.<\/p>\n\n\n\n<h3 class=\"wp-block-heading\"><strong>M\u1ee5c l\u1ee5c<\/strong><\/h3>\n\n\n\n<ol><li><a href=\"https:\/\/ibomberdefense.standardof.net\/vi\/guide\/chien-dich-truc\/1-bac-au-valhalla\/\" class=\"rank-math-link\">B\u1eafc \u00c2u: Valhalla<\/a><\/li><li><a href=\"https:\/\/ibomberdefense.standardof.net\/vi\/guide\/chien-dich-truc\/2-dong-bac-chau-au-tia-chop\/\" class=\"rank-math-link\">\u0110\u00f4ng B\u1eafc \u00c2u: Tia ch\u1edbp<\/a><\/li><li><a href=\"https:\/\/ibomberdefense.standardof.net\/vi\/guide\/chien-dich-truc\/3-tay-nga-rau-do\/\" class=\"rank-math-link\">T\u00e2y Nga: R\u00e2u \u0111\u1ecf<\/a><\/li><li><a href=\"https:\/\/ibomberdefense.standardof.net\/vi\/guide\/chien-dich-truc\/4-dong-bac-au-phan-cong\/\" class=\"rank-math-link\">\u0110\u00f4ng B\u1eafc \u00c2u: Ph\u1ea3n c\u00f4ng<\/a><\/li><li><a href=\"https:\/\/ibomberdefense.standardof.net\/vi\/guide\/chien-dich-truc\/5-dong-bac-phi-sa-mac-hoang-hon\/\" class=\"rank-math-link\">\u0110\u00f4ng B\u1eafc Phi: Ho\u00e0ng h\u00f4n sa m\u1ea1c<\/a><\/li><li><a href=\"https:\/\/ibomberdefense.standardof.net\/vi\/guide\/chien-dich-truc\/6-dot-nang-nong-dong-nam-chau-au\/\" class=\"rank-math-link\">\u0110\u00f4ng Nam \u00c2u: S\u00f3ng nhi\u1ec7t<\/a><\/li><li><a href=\"https:\/\/ibomberdefense.standardof.net\/vi\/guide\/chien-dich-truc\/7-dong-dia-trung-hai-tigerhark\/\" class=\"rank-math-link\">\u0110\u00f4ng \u0110\u1ecba Trung H\u1ea3i: Tigershark<\/a><\/li><\/ol>\n\n\n\n<h2 class=\"wp-block-heading\">Ph\u1ea7n 2<\/h2>\n\n\n\n<p>H\u01b0\u1edbng d\u1eabn s\u01a1 l\u01b0\u1ee3c n\u00e0y bao g\u1ed3m n\u1eeda sau c\u1ee7a chi\u1ebfn d\u1ecbch Tr\u1ee5c trong tr\u00f2 ch\u01a1i \u0111i\u1ec7n t\u1eed <em>iBomber Defense<\/em>. Trong \u0111\u00f3, b\u1ea1n s\u1ebd t\u00ecm th\u1ea5y b\u1ea3n \u0111\u1ed3 v\u00e0 m\u1eb9o v\u1ec1 v\u1ecb tr\u00ed th\u00e1p ph\u00e1o, \u0111\u01b0\u1ee3c vi\u1ebft cho <strong>C\u1ef1u chi\u1ebfn binh <\/strong>kh\u00f3 kh\u0103n, v\u1edbi c\u00e1c video h\u01b0\u1edbng d\u1eabn c\u00e1ch \u0111\u1ea1t \u0111\u01b0\u1ee3c <strong>Ho\u00e0n h\u1ea3o <\/strong>x\u1ebfp h\u1ea1ng trong nhi\u1ec7m v\u1ee5 8 \u0111\u1ebfn 14.<\/p>\n\n\n\n<p><strong>M\u1ee5c l\u1ee5c:<\/strong><\/p>\n\n\n\n<p>8. <a href=\"https:\/\/ibomberdefense.standardof.net\/vi\/guide\/chien-dich-truc\/8-cuoc-phan-cong-dong-dia-trung-hai-2\/\" class=\"rank-math-link\">\u0110\u00f4ng \u0110\u1ecba Trung H\u1ea3i - Ph\u1ea3n c\u00f4ng<\/a><br>9. <a href=\"https:\/\/ibomberdefense.standardof.net\/vi\/guide\/chien-dich-truc\/9-tay-bac-phi-tren-bai-bien\/\" class=\"rank-math-link\">T\u00e2y B\u1eafc Phi - Tr\u00ean b\u00e3i bi\u1ec3n<\/a><br>10. <a href=\"https:\/\/ibomberdefense.standardof.net\/vi\/guide\/chien-dich-truc\/cay-dinh-ba-10-nam-chau-au\/\" class=\"rank-math-link\">Nam \u00c2u - C\u00e2y \u0111inh ba<\/a><br>11. <a href=\"https:\/\/ibomberdefense.standardof.net\/vi\/guide\/chien-dich-truc\/11-tay-au-giao-thoa-sat\/\" class=\"rank-math-link\">T\u00e2y \u00c2u - Th\u1eadp t\u1ef1 s\u1eaft<\/a><br>12. <a href=\"https:\/\/ibomberdefense.standardof.net\/vi\/guide\/chien-dich-truc\/12-tay-dia-trung-hai-mang-nhen\/\" class=\"rank-math-link\">T\u00e2y \u0110\u1ecba Trung H\u1ea3i - M\u1ea1ng nh\u1ec7n<\/a><br>13. <a href=\"https:\/\/ibomberdefense.standardof.net\/vi\/guide\/chien-dich-truc\/13-cuoc-phan-cong-tay-bac-phi\/\" class=\"rank-math-link\">T\u00e2y B\u1eafc Phi - Ph\u1ea3n c\u00f4ng<\/a><br>14. <a href=\"https:\/\/ibomberdefense.standardof.net\/vi\/guide\/chien-dich-truc\/14-dai-thang-nuoc-anh-chung-cuoc\/\" class=\"rank-math-link\">V\u01b0\u01a1ng qu\u1ed1c Anh - Chi\u1ebfn th\u1eafng cu\u1ed1i c\u00f9ng!<\/a><\/p>","protected":false},"excerpt":{"rendered":"<p>Part 1 This is a guide for the video game iBomber Defense, and it provides walkthroughs for the first seven levels of the Axis campaign. This guide is written for the Veteran difficulty (hardest) and demonstrates methods used to get a Perfect rating on every single map. Within you will find videos, maps, and additional [&hellip;]<\/p>","protected":false},"author":1,"featured_media":15,"parent":139,"menu_order":2,"comment_status":"open","ping_status":"closed","template":"","meta":{"_uag_custom_page_level_css":"","site-sidebar-layout":"default","site-content-layout":"default","ast-site-content-layout":"","site-content-style":"default","site-sidebar-style":"default","ast-global-header-display":"","ast-banner-title-visibility":"","ast-main-header-display":"","ast-hfb-above-header-display":"","ast-hfb-below-header-display":"","ast-hfb-mobile-header-display":"","site-post-title":"","ast-breadcrumbs-content":"","ast-featured-img":"","footer-sml-layout":"","theme-transparent-header-meta":"default","adv-header-id-meta":"","stick-header-meta":"","header-above-stick-meta":"","header-main-stick-meta":"","header-below-stick-meta":"","astra-migrate-meta-layouts":"default","ast-page-background-enabled":"default","ast-page-background-meta":{"desktop":{"background-color":"","background-image":"","background-repeat":"repeat","background-position":"center center","background-size":"auto","background-attachment":"scroll","background-type":"","background-media":"","overlay-type":"","overlay-color":"","overlay-gradient":""},"tablet":{"background-color":"","background-image":"","background-repeat":"repeat","background-position":"center center","background-size":"auto","background-attachment":"scroll","background-type":"","background-media":"","overlay-type":"","overlay-color":"","overlay-gradient":""},"mobile":{"background-color":"","background-image":"","background-repeat":"repeat","background-position":"center center","background-size":"auto","background-attachment":"scroll","background-type":"","background-media":"","overlay-type":"","overlay-color":"","overlay-gradient":""}},"ast-content-background-meta":{"desktop":{"background-color":"var(--ast-global-color-5)","background-image":"","background-repeat":"repeat","background-position":"center center","background-size":"auto","background-attachment":"scroll","background-type":"","background-media":"","overlay-type":"","overlay-color":"","overlay-gradient":""},"tablet":{"background-color":"var(--ast-global-color-5)","background-image":"","background-repeat":"repeat","background-position":"center center","background-size":"auto","background-attachment":"scroll","background-type":"","background-media":"","overlay-type":"","overlay-color":"","overlay-gradient":""},"mobile":{"background-color":"var(--ast-global-color-5)","background-image":"","background-repeat":"repeat","background-position":"center center","background-size":"auto","background-attachment":"scroll","background-type":"","background-media":"","overlay-type":"","overlay-color":"","overlay-gradient":""}},"footnotes":""},"uagb_featured_image_src":{"full":["https:\/\/ibomberdefense.standardof.net\/wp-content\/uploads\/sites\/5\/2020\/10\/iBomber-Defense-Header-1.jpg",1020,766,false],"thumbnail":["https:\/\/ibomberdefense.standardof.net\/wp-content\/uploads\/sites\/5\/2020\/10\/iBomber-Defense-Header-1-200x150.jpg",200,150,true],"medium":["https:\/\/ibomberdefense.standardof.net\/wp-content\/uploads\/sites\/5\/2020\/10\/iBomber-Defense-Header-1-512x385.jpg",512,385,true],"medium_large":["https:\/\/ibomberdefense.standardof.net\/wp-content\/uploads\/sites\/5\/2020\/10\/iBomber-Defense-Header-1-768x577.jpg",768,577,true],"large":["https:\/\/ibomberdefense.standardof.net\/wp-content\/uploads\/sites\/5\/2020\/10\/iBomber-Defense-Header-1-800x601.jpg",800,601,true],"1536x1536":["https:\/\/ibomberdefense.standardof.net\/wp-content\/uploads\/sites\/5\/2020\/10\/iBomber-Defense-Header-1.jpg",1020,766,false],"2048x2048":["https:\/\/ibomberdefense.standardof.net\/wp-content\/uploads\/sites\/5\/2020\/10\/iBomber-Defense-Header-1.jpg",1020,766,false],"trp-custom-language-flag":["https:\/\/ibomberdefense.standardof.net\/wp-content\/uploads\/sites\/5\/2020\/10\/iBomber-Defense-Header-1-16x12.jpg",16,12,true]},"uagb_author_info":{"display_name":"SOE","author_link":"https:\/\/ibomberdefense.standardof.net\/vi\/author\/k-tastic\/"},"uagb_comment_info":0,"uagb_excerpt":"Part 1 This is a guide for the video game iBomber Defense, and it provides walkthroughs for the first seven levels of the Axis campaign. This guide is written for the Veteran difficulty (hardest) and demonstrates methods used to get a Perfect rating on every single map. Within you will find videos, maps, and additional&hellip;","_links":{"self":[{"href":"https:\/\/ibomberdefense.standardof.net\/vi\/wp-json\/wp\/v2\/pages\/268"}],"collection":[{"href":"https:\/\/ibomberdefense.standardof.net\/vi\/wp-json\/wp\/v2\/pages"}],"about":[{"href":"https:\/\/ibomberdefense.standardof.net\/vi\/wp-json\/wp\/v2\/types\/page"}],"author":[{"embeddable":true,"href":"https:\/\/ibomberdefense.standardof.net\/vi\/wp-json\/wp\/v2\/users\/1"}],"replies":[{"embeddable":true,"href":"https:\/\/ibomberdefense.standardof.net\/vi\/wp-json\/wp\/v2\/comments?post=268"}],"version-history":[{"count":0,"href":"https:\/\/ibomberdefense.standardof.net\/vi\/wp-json\/wp\/v2\/pages\/268\/revisions"}],"up":[{"embeddable":true,"href":"https:\/\/ibomberdefense.standardof.net\/vi\/wp-json\/wp\/v2\/pages\/139"}],"wp:featuredmedia":[{"embeddable":true,"href":"https:\/\/ibomberdefense.standardof.net\/vi\/wp-json\/wp\/v2\/media\/15"}],"wp:attachment":[{"href":"https:\/\/ibomberdefense.standardof.net\/vi\/wp-json\/wp\/v2\/media?parent=268"}],"curies":[{"name":"wp","href":"https:\/\/api.w.org\/{rel}","templated":true}]}}