{"id":271,"date":"2020-10-19T05:51:03","date_gmt":"2020-10-19T05:51:03","guid":{"rendered":"https:\/\/ibomberdefense.standardof.net\/?page_id=271"},"modified":"2020-10-19T08:05:46","modified_gmt":"2020-10-19T08:05:46","slug":"1-western-europe-the-fight-starts-here","status":"publish","type":"page","link":"https:\/\/ibomberdefense.standardof.net\/vi\/guide\/chien-dich-dong-minh\/1-tay-au-cuoc-chien-bat-dau-tai-day\/","title":{"rendered":"1. T\u00e2y \u00c2u: Cu\u1ed9c chi\u1ebfn b\u1eaft \u0111\u1ea7u t\u1ea1i \u0111\u00e2y!"},"content":{"rendered":"<p>C\u1ea5p \u0111\u1ed9 \u0111\u1ea7u ti\u00ean trong chi\u1ebfn d\u1ecbch \u0110\u1ed3ng minh, T\u00e2y \u00c2u l\u00e0 m\u1ed9t kh\u00f3a h\u1ecdc nh\u1eadp m\u00f4n v\u1ec1 chi\u1ebfn thu\u1eadt v\u00e0 chi\u1ebfn l\u01b0\u1ee3c c\u1ee7a tr\u00f2 ch\u01a1i ph\u00f2ng th\u1ee7 th\u00e1p ph\u00e1o. C\u1ea5p \u0111\u1ed9 n\u00e0y di\u1ec5n ra trong m\u1ed9t khu v\u1ef1c r\u1eebng r\u1eadm, n\u01a1i b\u1ea1n s\u1ebd ph\u1ea3i \u0111\u1ed1i m\u1eb7t v\u1edbi 20 \u0111\u1ee3t l\u1ef1c l\u01b0\u1ee3ng m\u1eb7t \u0111\u1ea5t.<\/p>\n\n\n\n<div class=\"wp-block-image\"><figure class=\"aligncenter size-large\"><a href=\"https:\/\/ibomberdefense.standardof.net\/vi\/guide\/chien-dich-dong-minh\/1-tay-au-cuoc-chien-bat-dau-tai-day\/ibomber-defense-level-1-western-europe-the-fight-starts-here-1\/\"><img decoding=\"async\" width=\"800\" height=\"450\" src=\"https:\/\/ibomberdefense.standardof.net\/wp-content\/uploads\/sites\/5\/2020\/10\/iBomber-Defense-Level-1-Western-Europe-The-Fight-Starts-Here-1-800x450.jpg\" alt=\"&quot;iBomber Defense&quot; - C\u1ea5p \u0111\u1ed9 1 - T\u00e2y \u00c2u: Cu\u1ed9c chi\u1ebfn b\u1eaft \u0111\u1ea7u t\u1ea1i \u0111\u00e2y! (1)\" class=\"wp-image-17\" title=\"\" srcset=\"https:\/\/ibomberdefense.standardof.net\/wp-content\/uploads\/sites\/5\/2020\/10\/iBomber-Defense-Level-1-Western-Europe-The-Fight-Starts-Here-1-800x450.jpg 800w, https:\/\/ibomberdefense.standardof.net\/wp-content\/uploads\/sites\/5\/2020\/10\/iBomber-Defense-Level-1-Western-Europe-The-Fight-Starts-Here-1-512x288.jpg 512w, https:\/\/ibomberdefense.standardof.net\/wp-content\/uploads\/sites\/5\/2020\/10\/iBomber-Defense-Level-1-Western-Europe-The-Fight-Starts-Here-1-200x113.jpg 200w, https:\/\/ibomberdefense.standardof.net\/wp-content\/uploads\/sites\/5\/2020\/10\/iBomber-Defense-Level-1-Western-Europe-The-Fight-Starts-Here-1-768x432.jpg 768w, https:\/\/ibomberdefense.standardof.net\/wp-content\/uploads\/sites\/5\/2020\/10\/iBomber-Defense-Level-1-Western-Europe-The-Fight-Starts-Here-1-16x9.jpg 16w, https:\/\/ibomberdefense.standardof.net\/wp-content\/uploads\/sites\/5\/2020\/10\/iBomber-Defense-Level-1-Western-Europe-The-Fight-Starts-Here-1.jpg 1280w\" sizes=\"(max-width: 800px) 100vw, 800px\" \/><\/a><figcaption>T\u00e2y \u00c2u - \u0110\u01b0\u1eddng \u0111i c\u1ee7a \u0111\u01a1n v\u1ecb \u0111\u1ecbch.<\/figcaption><\/figure><\/div>\n\n\n\n<p>T\u1ea1i th\u1eddi \u0111i\u1ec3m n\u00e0y trong chi\u1ebfn d\u1ecbch c\u1ee7a <em>iBomber Defense<\/em> b\u1ea1n s\u1ebd b\u1ecb gi\u1edbi h\u1ea1n ch\u1ec9 \u0111\u01b0\u1ee3c \u0111\u1eb7t c\u00e1c th\u00e1p s\u00fang M\u00e1y v\u00e0 Ph\u00e1o, c\u1ea3 hai \u0111\u1ec1u ch\u1ec9 c\u00f3 th\u1ec3 \u0111\u01b0\u1ee3c n\u00e2ng c\u1ea5p l\u00ean c\u1ea5p 2. B\u1ea1n s\u1ebd ph\u1ea3i t\u00edch l\u0169y \u0111i\u1ec3m chi\u1ebfn th\u1eafng b\u1eb1ng c\u00e1ch \u0111\u00e1nh b\u1ea1i c\u00e1c nhi\u1ec7m v\u1ee5 \u0111\u1ec3 m\u1edf kh\u00f3a c\u00e1c c\u1ea5p \u0111\u1ed9 n\u00e2ng c\u1ea5p v\u00e0 th\u00e1p ph\u00e1o b\u1ed5 sung. \u1ede cu\u1ed1i ph\u1ea7n h\u01b0\u1edbng d\u1eabn c\u1ee7a m\u1ed7i c\u1ea5p \u0111\u1ed9 s\u1ebd c\u00f3 \u0111\u1ec1 c\u1eadp \u0111\u1ebfn nh\u1eefng g\u00ec t\u00f4i \u0111\u00e3 s\u1eed d\u1ee5ng \u0111i\u1ec3m chi\u1ebfn th\u1eafng \u0111\u1ec3 gi\u00fap l\u00e0m theo h\u01b0\u1edbng d\u1eabn.<\/p>\n\n\n\n<h3 class=\"wp-block-heading\"><strong>V\u1ecb tr\u00ed th\u00e1p ph\u00e1o<\/strong><\/h3>\n\n\n\n<p>V\u1ecb tr\u00ed th\u00e1p ph\u00e1o \u1edf T\u00e2y \u00c2u kh\u00e1 \u0111\u01a1n gi\u1ea3n. Ch\u1ee7 y\u1ebfu l\u00e0 b\u1ea1n s\u1ebd mu\u1ed1n c\u00f3 m\u1ed9t s\u1ed1 \u00edt th\u00e1p s\u00fang M\u00e1y c\u1ea5p 2 d\u1ecdc theo con \u0111\u01b0\u1eddng ch\u00ednh sau khi hai \u0111\u01b0\u1eddng v\u00e0o h\u1ed9i t\u1ee5. \u0110\u1eb7t c\u00e1c th\u00e1p ph\u00e1o c\u1ee7a b\u1ea1n d\u1ecdc theo tuy\u1ebfn \u0111\u01b0\u1eddng n\u00e0y c\u00f3 ngh\u0129a l\u00e0 ch\u00fang s\u1ebd lu\u00f4n b\u1eafn v\u00e0o c\u00e1c \u0111\u01a1n v\u1ecb \u0111\u1ed1i ph\u01b0\u01a1ng, thay v\u00ec ch\u1ec9 hi\u1ec7u qu\u1ea3 khi m\u1ed9t l\u00e0n s\u00f3ng \u0111\u1ebfn t\u1eeb h\u01b0\u1edbng c\u1ee5 th\u1ec3 c\u1ee7a n\u00f3 n\u1ebfu \u0111\u01b0\u1ee3c \u0111\u1eb7t tr\u01b0\u1edbc \u0111i\u1ec3m h\u1ed9i t\u1ee5. M\u1ed9t c\u1eb7p th\u00e1p ph\u00e1o s\u1ebd b\u1ed5 sung cho S\u00fang m\u00e1y m\u1ed9t c\u00e1ch \u0111\u1ed9c \u0111\u00e1o khi \u0111\u1ebfn \u0111\u1ee3t cu\u1ed1i c\u00f9ng \u0111\u01b0\u1ee3c b\u1ecdc th\u00e9p d\u00e0y \u0111\u1eb7c.<\/p>\n\n\n\n<figure class=\"wp-block-gallery columns-2 is-cropped wp-block-gallery-1 is-layout-flex wp-block-gallery-is-layout-flex\"><ul class=\"blocks-gallery-grid\"><li class=\"blocks-gallery-item\"><figure><a href=\"https:\/\/ibomberdefense.standardof.net\/vi\/guide\/chien-dich-dong-minh\/1-tay-au-cuoc-chien-bat-dau-tai-day\/ibomber-defense-level-1-western-europe-the-fight-starts-here-2\/\"><img decoding=\"async\" width=\"800\" height=\"450\" src=\"https:\/\/ibomberdefense.standardof.net\/wp-content\/uploads\/sites\/5\/2020\/10\/iBomber-Defense-Level-1-Western-Europe-The-Fight-Starts-Here-2-800x450.jpg\" alt=\"&quot;iBomber Defense&quot; - C\u1ea5p \u0111\u1ed9 1 - T\u00e2y \u00c2u: Cu\u1ed9c chi\u1ebfn b\u1eaft \u0111\u1ea7u t\u1ea1i \u0111\u00e2y! (2)\" data-id=\"18\" data-full-url=\"https:\/\/ibomberdefense.standardof.net\/wp-content\/uploads\/sites\/5\/2020\/10\/iBomber-Defense-Level-1-Western-Europe-The-Fight-Starts-Here-2.jpg\" data-link=\"https:\/\/ibomberdefense.standardof.net\/guide\/allied-campaign\/1-western-europe-the-fight-starts-here\/ibomber-defense-level-1-western-europe-the-fight-starts-here-2\/\" class=\"wp-image-18\" title=\"\" srcset=\"https:\/\/ibomberdefense.standardof.net\/wp-content\/uploads\/sites\/5\/2020\/10\/iBomber-Defense-Level-1-Western-Europe-The-Fight-Starts-Here-2-800x450.jpg 800w, https:\/\/ibomberdefense.standardof.net\/wp-content\/uploads\/sites\/5\/2020\/10\/iBomber-Defense-Level-1-Western-Europe-The-Fight-Starts-Here-2-512x288.jpg 512w, https:\/\/ibomberdefense.standardof.net\/wp-content\/uploads\/sites\/5\/2020\/10\/iBomber-Defense-Level-1-Western-Europe-The-Fight-Starts-Here-2-200x113.jpg 200w, https:\/\/ibomberdefense.standardof.net\/wp-content\/uploads\/sites\/5\/2020\/10\/iBomber-Defense-Level-1-Western-Europe-The-Fight-Starts-Here-2-768x432.jpg 768w, https:\/\/ibomberdefense.standardof.net\/wp-content\/uploads\/sites\/5\/2020\/10\/iBomber-Defense-Level-1-Western-Europe-The-Fight-Starts-Here-2-16x9.jpg 16w, https:\/\/ibomberdefense.standardof.net\/wp-content\/uploads\/sites\/5\/2020\/10\/iBomber-Defense-Level-1-Western-Europe-The-Fight-Starts-Here-2.jpg 1280w\" sizes=\"(max-width: 800px) 100vw, 800px\" \/><\/a><figcaption class=\"blocks-gallery-item__caption\">V\u1ecb tr\u00ed th\u00e1p ph\u00e1o \u1edf s\u00f3ng 11<\/figcaption><\/figure><\/li><li class=\"blocks-gallery-item\"><figure><a href=\"https:\/\/ibomberdefense.standardof.net\/vi\/guide\/chien-dich-dong-minh\/1-tay-au-cuoc-chien-bat-dau-tai-day\/ibomber-defense-level-1-western-europe-the-fight-starts-here-3\/\"><img decoding=\"async\" width=\"800\" height=\"450\" src=\"https:\/\/ibomberdefense.standardof.net\/wp-content\/uploads\/sites\/5\/2020\/10\/iBomber-Defense-Level-1-Western-Europe-The-Fight-Starts-Here-3-800x450.jpg\" alt=\"&quot;iBomber Defense&quot; - C\u1ea5p \u0111\u1ed9 1 - T\u00e2y \u00c2u: Cu\u1ed9c chi\u1ebfn b\u1eaft \u0111\u1ea7u t\u1ea1i \u0111\u00e2y! (3)\" data-id=\"19\" data-full-url=\"https:\/\/ibomberdefense.standardof.net\/wp-content\/uploads\/sites\/5\/2020\/10\/iBomber-Defense-Level-1-Western-Europe-The-Fight-Starts-Here-3.jpg\" data-link=\"https:\/\/ibomberdefense.standardof.net\/guide\/allied-campaign\/1-western-europe-the-fight-starts-here\/ibomber-defense-level-1-western-europe-the-fight-starts-here-3\/\" class=\"wp-image-19\" title=\"\" srcset=\"https:\/\/ibomberdefense.standardof.net\/wp-content\/uploads\/sites\/5\/2020\/10\/iBomber-Defense-Level-1-Western-Europe-The-Fight-Starts-Here-3-800x450.jpg 800w, https:\/\/ibomberdefense.standardof.net\/wp-content\/uploads\/sites\/5\/2020\/10\/iBomber-Defense-Level-1-Western-Europe-The-Fight-Starts-Here-3-512x288.jpg 512w, https:\/\/ibomberdefense.standardof.net\/wp-content\/uploads\/sites\/5\/2020\/10\/iBomber-Defense-Level-1-Western-Europe-The-Fight-Starts-Here-3-200x113.jpg 200w, https:\/\/ibomberdefense.standardof.net\/wp-content\/uploads\/sites\/5\/2020\/10\/iBomber-Defense-Level-1-Western-Europe-The-Fight-Starts-Here-3-768x432.jpg 768w, https:\/\/ibomberdefense.standardof.net\/wp-content\/uploads\/sites\/5\/2020\/10\/iBomber-Defense-Level-1-Western-Europe-The-Fight-Starts-Here-3-16x9.jpg 16w, https:\/\/ibomberdefense.standardof.net\/wp-content\/uploads\/sites\/5\/2020\/10\/iBomber-Defense-Level-1-Western-Europe-The-Fight-Starts-Here-3.jpg 1280w\" sizes=\"(max-width: 800px) 100vw, 800px\" \/><\/a><figcaption class=\"blocks-gallery-item__caption\">V\u1ecb tr\u00ed th\u00e1p ph\u00e1o \u1edf s\u00f3ng 20<\/figcaption><\/figure><\/li><\/ul><\/figure>\n\n\n\n<h3 class=\"wp-block-heading\"><strong>Chi ti\u00eau \u0111i\u1ec3m chi\u1ebfn th\u1eafng<\/strong><\/h3>\n\n\n\n<p>Xem x\u00e9t m\u1ed9t s\u1ed1 nhi\u1ec7m v\u1ee5 ti\u1ebfp theo s\u1ebd ch\u1ec9 t\u1eadp trung v\u00e0o c\u00e1c \u0111\u01a1n v\u1ecb m\u1eb7t \u0111\u1ea5t y\u1ebfu h\u01a1n, t\u00f4i \u0111\u00e3 ch\u1ecdn d\u00e0nh \u0111i\u1ec3m chi\u1ebfn th\u1eafng cho S\u00fang m\u00e1y v\u00e0 Ph\u00e1o, m\u1edf kh\u00f3a n\u00e2ng c\u1ea5p c\u1ea5p 3 cho c\u1ea3 hai lo\u1ea1i v\u0169 kh\u00ed.<\/p>\n\n\n\n<p>Th\u1ee9 h\u1ea1ng hi\u1ec7n t\u1ea1i c\u1ee7a c\u00e1c v\u1eadt ph\u1ea9m \u0111\u00e3 m\u1edf kh\u00f3a l\u00e0:<br>S\u00fang m\u00e1y 3, Ph\u00e1o 3, Ph\u00f2ng kh\u00f4ng 1<\/p>\n\n\n\n<hr class=\"wp-block-separator\"\/>\n\n\n\n<h4 class=\"has-text-align-center wp-block-heading\">H\u01b0\u1edbng d\u1eabn Video<\/h4>\n\n\n\n<figure class=\"wp-block-embed-youtube wp-block-embed is-type-video is-provider-youtube wp-embed-aspect-16-9 wp-has-aspect-ratio\"><div class=\"wp-block-embed__wrapper\">\n<div class=\"ast-oembed-container\" style=\"height: 100%;\"><iframe title=\"iBomber Defense - T\u00e2y \u00c2u - C\u1ef1u chi\u1ebfn binh + Ho\u00e0n h\u1ea3o\" width=\"500\" height=\"281\" src=\"https:\/\/www.youtube.com\/embed\/JRC6j0sOqck?feature=oembed\" frameborder=\"0\" allow=\"accelerometer; autoplay; clipboard-write; encrypted-media; gyroscope; picture-in-picture; web-share\" referrerpolicy=\"strict-origin-when-cross-origin\" allowfullscreen><\/iframe><\/div>\n<\/div><\/figure>","protected":false},"excerpt":{"rendered":"<p>The first level in the Allied campaign, Western Europe is a bit of an introductory course in the tactics and strategies of a turret defense game. This level takes place in a forested area where you will face 20 waves of ground forces only. At this point in the campaign of iBomber Defense you will [&hellip;]<\/p>","protected":false},"author":1,"featured_media":19,"parent":266,"menu_order":1,"comment_status":"open","ping_status":"closed","template":"","meta":{"_uag_custom_page_level_css":"","site-sidebar-layout":"default","site-content-layout":"default","ast-site-content-layout":"","site-content-style":"default","site-sidebar-style":"default","ast-global-header-display":"","ast-banner-title-visibility":"","ast-main-header-display":"","ast-hfb-above-header-display":"","ast-hfb-below-header-display":"","ast-hfb-mobile-header-display":"","site-post-title":"","ast-breadcrumbs-content":"","ast-featured-img":"","footer-sml-layout":"","theme-transparent-header-meta":"default","adv-header-id-meta":"","stick-header-meta":"","header-above-stick-meta":"","header-main-stick-meta":"","header-below-stick-meta":"","astra-migrate-meta-layouts":"default","ast-page-background-enabled":"default","ast-page-background-meta":{"desktop":{"background-color":"","background-image":"","background-repeat":"repeat","background-position":"center center","background-size":"auto","background-attachment":"scroll","background-type":"","background-media":"","overlay-type":"","overlay-color":"","overlay-gradient":""},"tablet":{"background-color":"","background-image":"","background-repeat":"repeat","background-position":"center center","background-size":"auto","background-attachment":"scroll","background-type":"","background-media":"","overlay-type":"","overlay-color":"","overlay-gradient":""},"mobile":{"background-color":"","background-image":"","background-repeat":"repeat","background-position":"center center","background-size":"auto","background-attachment":"scroll","background-type":"","background-media":"","overlay-type":"","overlay-color":"","overlay-gradient":""}},"ast-content-background-meta":{"desktop":{"background-color":"var(--ast-global-color-5)","background-image":"","background-repeat":"repeat","background-position":"center center","background-size":"auto","background-attachment":"scroll","background-type":"","background-media":"","overlay-type":"","overlay-color":"","overlay-gradient":""},"tablet":{"background-color":"var(--ast-global-color-5)","background-image":"","background-repeat":"repeat","background-position":"center center","background-size":"auto","background-attachment":"scroll","background-type":"","background-media":"","overlay-type":"","overlay-color":"","overlay-gradient":""},"mobile":{"background-color":"var(--ast-global-color-5)","background-image":"","background-repeat":"repeat","background-position":"center center","background-size":"auto","background-attachment":"scroll","background-type":"","background-media":"","overlay-type":"","overlay-color":"","overlay-gradient":""}},"footnotes":""},"uagb_featured_image_src":{"full":["https:\/\/ibomberdefense.standardof.net\/wp-content\/uploads\/sites\/5\/2020\/10\/iBomber-Defense-Level-1-Western-Europe-The-Fight-Starts-Here-3.jpg",1280,720,false],"thumbnail":["https:\/\/ibomberdefense.standardof.net\/wp-content\/uploads\/sites\/5\/2020\/10\/iBomber-Defense-Level-1-Western-Europe-The-Fight-Starts-Here-3-200x113.jpg",200,113,true],"medium":["https:\/\/ibomberdefense.standardof.net\/wp-content\/uploads\/sites\/5\/2020\/10\/iBomber-Defense-Level-1-Western-Europe-The-Fight-Starts-Here-3-512x288.jpg",512,288,true],"medium_large":["https:\/\/ibomberdefense.standardof.net\/wp-content\/uploads\/sites\/5\/2020\/10\/iBomber-Defense-Level-1-Western-Europe-The-Fight-Starts-Here-3-768x432.jpg",768,432,true],"large":["https:\/\/ibomberdefense.standardof.net\/wp-content\/uploads\/sites\/5\/2020\/10\/iBomber-Defense-Level-1-Western-Europe-The-Fight-Starts-Here-3-800x450.jpg",800,450,true],"1536x1536":["https:\/\/ibomberdefense.standardof.net\/wp-content\/uploads\/sites\/5\/2020\/10\/iBomber-Defense-Level-1-Western-Europe-The-Fight-Starts-Here-3.jpg",1280,720,false],"2048x2048":["https:\/\/ibomberdefense.standardof.net\/wp-content\/uploads\/sites\/5\/2020\/10\/iBomber-Defense-Level-1-Western-Europe-The-Fight-Starts-Here-3.jpg",1280,720,false],"trp-custom-language-flag":["https:\/\/ibomberdefense.standardof.net\/wp-content\/uploads\/sites\/5\/2020\/10\/iBomber-Defense-Level-1-Western-Europe-The-Fight-Starts-Here-3-16x9.jpg",16,9,true]},"uagb_author_info":{"display_name":"SOE","author_link":"https:\/\/ibomberdefense.standardof.net\/vi\/author\/k-tastic\/"},"uagb_comment_info":1,"uagb_excerpt":"The first level in the Allied campaign, Western Europe is a bit of an introductory course in the tactics and strategies of a turret defense game. This level takes place in a forested area where you will face 20 waves of ground forces only. At this point in the campaign of iBomber Defense you will&hellip;","_links":{"self":[{"href":"https:\/\/ibomberdefense.standardof.net\/vi\/wp-json\/wp\/v2\/pages\/271"}],"collection":[{"href":"https:\/\/ibomberdefense.standardof.net\/vi\/wp-json\/wp\/v2\/pages"}],"about":[{"href":"https:\/\/ibomberdefense.standardof.net\/vi\/wp-json\/wp\/v2\/types\/page"}],"author":[{"embeddable":true,"href":"https:\/\/ibomberdefense.standardof.net\/vi\/wp-json\/wp\/v2\/users\/1"}],"replies":[{"embeddable":true,"href":"https:\/\/ibomberdefense.standardof.net\/vi\/wp-json\/wp\/v2\/comments?post=271"}],"version-history":[{"count":0,"href":"https:\/\/ibomberdefense.standardof.net\/vi\/wp-json\/wp\/v2\/pages\/271\/revisions"}],"up":[{"embeddable":true,"href":"https:\/\/ibomberdefense.standardof.net\/vi\/wp-json\/wp\/v2\/pages\/266"}],"wp:featuredmedia":[{"embeddable":true,"href":"https:\/\/ibomberdefense.standardof.net\/vi\/wp-json\/wp\/v2\/media\/19"}],"wp:attachment":[{"href":"https:\/\/ibomberdefense.standardof.net\/vi\/wp-json\/wp\/v2\/media?parent=271"}],"curies":[{"name":"wp","href":"https:\/\/api.w.org\/{rel}","templated":true}]}}