{"id":274,"date":"2020-10-19T05:56:18","date_gmt":"2020-10-19T05:56:18","guid":{"rendered":"https:\/\/ibomberdefense.standardof.net\/?page_id=274"},"modified":"2020-10-19T08:05:52","modified_gmt":"2020-10-19T08:05:52","slug":"2-western-mediterranean-sea-devils","status":"publish","type":"page","link":"https:\/\/ibomberdefense.standardof.net\/vi\/guide\/chien-dich-dong-minh\/2-tay-dia-hai-quy-2\/","title":{"rendered":"2. T\u00e2y \u0110\u1ecba Trung H\u1ea3i: Nh\u1eefng con qu\u1ef7 bi\u1ec3n!"},"content":{"rendered":"<p>M\u1ee9c T\u00e2y \u0110\u1ecba Trung H\u1ea3i \u1edf <em>iBomber Defense<\/em> \u0111\u01b0a ch\u00fang t\u00f4i \u0111\u1ebfn m\u1ed9t k\u00eanh m\u00e0 t\u00e0u h\u1ea3i qu\u00e2n c\u1ee7a \u0111\u1ed1i ph\u01b0\u01a1ng \u0111ang c\u1ed1 g\u1eafng v\u01b0\u1ee3t qua \u0111\u1ec3 \u0111\u1ebfn c\u0103n c\u1ee9 c\u1ee7a b\u1ea1n. \u0110\u00e2y l\u00e0 l\u1ea7n \u0111\u1ea7u ti\u00ean b\u1ea1n ch\u1ea1m tr\u00e1n v\u1edbi c\u00e1c \u0111\u01a1n v\u1ecb n\u01b0\u1edbc trong tr\u00f2 ch\u01a1i, s\u1eed d\u1ee5ng l\u1ee3i th\u1ebf v\u1ec1 chi\u1ec1u cao \u0111\u1ec3 t\u0103ng ph\u1ea1m vi c\u1ee7a c\u00e1c th\u00e1p ph\u00e1o c\u1ee7a b\u1ea1n.<\/p>\n\n\n\n<div class=\"wp-block-image\"><figure class=\"aligncenter size-large\"><a href=\"https:\/\/ibomberdefense.standardof.net\/vi\/guide\/chien-dich-dong-minh\/2-tay-dia-hai-quy-2\/ibomber-defense-level-2-western-mediterranean-sea-devils-1\/\"><img decoding=\"async\" width=\"800\" height=\"450\" src=\"https:\/\/ibomberdefense.standardof.net\/wp-content\/uploads\/sites\/5\/2020\/10\/iBomber-Defense-Level-2-Western-Mediterranean-Sea-Devils-1-800x450.jpg\" alt=\"&quot;iBomber Defense&quot; - C\u1ea5p \u0111\u1ed9 2 - T\u00e2y \u0110\u1ecba Trung H\u1ea3i: Nh\u1eefng con qu\u1ef7 bi\u1ec3n! (1)\" class=\"wp-image-20\" title=\"\" srcset=\"https:\/\/ibomberdefense.standardof.net\/wp-content\/uploads\/sites\/5\/2020\/10\/iBomber-Defense-Level-2-Western-Mediterranean-Sea-Devils-1-800x450.jpg 800w, https:\/\/ibomberdefense.standardof.net\/wp-content\/uploads\/sites\/5\/2020\/10\/iBomber-Defense-Level-2-Western-Mediterranean-Sea-Devils-1-512x288.jpg 512w, https:\/\/ibomberdefense.standardof.net\/wp-content\/uploads\/sites\/5\/2020\/10\/iBomber-Defense-Level-2-Western-Mediterranean-Sea-Devils-1-200x113.jpg 200w, https:\/\/ibomberdefense.standardof.net\/wp-content\/uploads\/sites\/5\/2020\/10\/iBomber-Defense-Level-2-Western-Mediterranean-Sea-Devils-1-768x432.jpg 768w, https:\/\/ibomberdefense.standardof.net\/wp-content\/uploads\/sites\/5\/2020\/10\/iBomber-Defense-Level-2-Western-Mediterranean-Sea-Devils-1-16x9.jpg 16w, https:\/\/ibomberdefense.standardof.net\/wp-content\/uploads\/sites\/5\/2020\/10\/iBomber-Defense-Level-2-Western-Mediterranean-Sea-Devils-1.jpg 1280w\" sizes=\"(max-width: 800px) 100vw, 800px\" \/><\/a><figcaption>Ch\u1ec9 c\u00f3 m\u1ed9t con \u0111\u01b0\u1eddng cho c\u00e1c \u0111\u01a1n v\u1ecb h\u1ea3i qu\u00e2n \u1edf T\u00e2y \u0110\u1ecba Trung H\u1ea3i.<\/figcaption><\/figure><\/div>\n\n\n\n<p>C\u00e1c c\u1ea5p \u0111\u1ed9 h\u1ea3i qu\u00e2n n\u00f3i chung s\u1ebd \u01b0u ti\u00ean b\u1ed1 tr\u00ed c\u00e1c th\u00e1p ph\u00e1o tr\u00ean th\u00e1p s\u00fang M\u00e1y do c\u00e1c \u0111\u01a1n v\u1ecb th\u01b0\u1eddng \u0111\u01b0\u1ee3c b\u1ecdc th\u00e9p n\u1eb7ng h\u01a1n v\u00e0 kho\u1ea3ng c\u00e1ch xa h\u01a1n so v\u1edbi n\u01a1i c\u00e1c \u0111\u01a1n v\u1ecb h\u1ea3i qu\u00e2n di chuy\u1ec3n d\u1ecdc theo \u0111\u01b0\u1eddng \u0111i c\u1ee7a h\u1ecd v\u00e0 c\u00e1c \u0111i\u1ec3m m\u1edf \u0111\u1ec3 \u0111\u1eb7t th\u00e1p ph\u00e1o. C\u1ea5p \u0111\u1ed9 n\u00e0y c\u00f3 ph\u1ea7n ngo\u1ea1i l\u1ec7, v\u1eabn c\u00f2n s\u1edbm, tuy nhi\u00ean Ph\u00e1o \u0111\u00e0i v\u1eabn s\u1ebd c\u00f3 gi\u00e1 tr\u1ecb \u1edf \u0111\u00e2y.<\/p>\n\n\n\n<h3 class=\"wp-block-heading\"><strong>V\u1ecb tr\u00ed th\u00e1p ph\u00e1o<\/strong><\/h3>\n\n\n\n<p>V\u00ec g\u1ea7n \u0111\u00e2y ch\u00fang t\u00f4i \u0111\u00e3 m\u1edf kh\u00f3a \u0110\u1ea1i b\u00e1c c\u1ea5p 3 v\u00e0 S\u00fang m\u00e1y, ch\u00fang t\u00f4i s\u1ebd t\u1eadp trung v\u00e0o vi\u1ec7c ki\u1ebfm m\u1ed9t s\u1ed1 \u00edt th\u00e1p ph\u00e1o c\u1ea5p cao cho c\u1ea5p \u0111\u1ed9 n\u00e0y, \u0111i\u1ec1u n\u00e0y s\u1ebd ph\u00f9 h\u1ee3p v\u1edbi m\u1ee5c \u0111\u00edch ng\u0103n ch\u1eb7n k\u1ebb th\u00f9 m\u1ed9t c\u00e1ch ho\u00e0n h\u1ea3o. \u0110i\u1ec1u n\u00e0y th\u00edch h\u1ee3p h\u01a1n v\u1edbi nhi\u1ec1u th\u00e1p ph\u00e1o v\u00ec v\u1ecb tr\u00ed b\u1eafn t\u1ed1i \u01b0u trong nhi\u1ec7m v\u1ee5 n\u00e0y r\u1ea5t m\u1ecfng.<\/p>\n\n\n\n<p>Hai th\u00e1p s\u00fang M\u00e1y s\u1ebd chi\u1ebfm h\u1ebft hai b\u00ean c\u1ee7a v\u00f9ng \u0111\u1ea5t t\u1ea1o ra kh\u00fac cua \u0111\u1ea7u ti\u00ean tr\u00ean \u0111\u01b0\u1eddng \u0111i c\u1ee7a c\u00e1c \u0111\u01a1n v\u1ecb h\u1ea3i qu\u00e2n trong khi th\u00eam 2 S\u00fang m\u00e1y v\u00e0 m\u1ed9t Ph\u00e1o \u0111\u01a1n l\u1ebb s\u1ebd chi\u1ebfm \u0111\u1ea3o b\u00ean ph\u1ea3i. Ki\u1ec3m tra c\u00e1c h\u00ecnh \u1ea3nh \u1edf b\u00ean ph\u1ea3i ho\u1eb7c b\u1ea1n c\u00f3 th\u1ec3 xem video b\u00ean d\u01b0\u1edbi \u0111\u1ec3 bi\u1ebft c\u00e1c v\u1ecb tr\u00ed th\u00e1p ph\u00e1o c\u1ee5 th\u1ec3 \u0111\u01b0\u1ee3c s\u1eed d\u1ee5ng.<\/p>\n\n\n\n<figure class=\"wp-block-gallery columns-2 is-cropped wp-block-gallery-1 is-layout-flex wp-block-gallery-is-layout-flex\"><ul class=\"blocks-gallery-grid\"><li class=\"blocks-gallery-item\"><figure><a href=\"https:\/\/ibomberdefense.standardof.net\/vi\/guide\/chien-dich-dong-minh\/2-tay-dia-hai-quy-2\/ibomber-defense-level-2-western-mediterranean-sea-devils-2\/\"><img decoding=\"async\" width=\"800\" height=\"450\" src=\"https:\/\/ibomberdefense.standardof.net\/wp-content\/uploads\/sites\/5\/2020\/10\/iBomber-Defense-Level-2-Western-Mediterranean-Sea-Devils-2-800x450.jpg\" alt=\"&quot;iBomber Defense&quot; - C\u1ea5p \u0111\u1ed9 2 - T\u00e2y \u0110\u1ecba Trung H\u1ea3i: Nh\u1eefng con qu\u1ef7 bi\u1ec3n! (2)\" data-id=\"21\" data-full-url=\"https:\/\/ibomberdefense.standardof.net\/wp-content\/uploads\/sites\/5\/2020\/10\/iBomber-Defense-Level-2-Western-Mediterranean-Sea-Devils-2.jpg\" data-link=\"https:\/\/ibomberdefense.standardof.net\/guide\/allied-campaign\/2-western-mediterranean-sea-devils\/ibomber-defense-level-2-western-mediterranean-sea-devils-2\/\" class=\"wp-image-21\" title=\"\" srcset=\"https:\/\/ibomberdefense.standardof.net\/wp-content\/uploads\/sites\/5\/2020\/10\/iBomber-Defense-Level-2-Western-Mediterranean-Sea-Devils-2-800x450.jpg 800w, https:\/\/ibomberdefense.standardof.net\/wp-content\/uploads\/sites\/5\/2020\/10\/iBomber-Defense-Level-2-Western-Mediterranean-Sea-Devils-2-512x288.jpg 512w, https:\/\/ibomberdefense.standardof.net\/wp-content\/uploads\/sites\/5\/2020\/10\/iBomber-Defense-Level-2-Western-Mediterranean-Sea-Devils-2-200x113.jpg 200w, https:\/\/ibomberdefense.standardof.net\/wp-content\/uploads\/sites\/5\/2020\/10\/iBomber-Defense-Level-2-Western-Mediterranean-Sea-Devils-2-768x432.jpg 768w, https:\/\/ibomberdefense.standardof.net\/wp-content\/uploads\/sites\/5\/2020\/10\/iBomber-Defense-Level-2-Western-Mediterranean-Sea-Devils-2-16x9.jpg 16w, https:\/\/ibomberdefense.standardof.net\/wp-content\/uploads\/sites\/5\/2020\/10\/iBomber-Defense-Level-2-Western-Mediterranean-Sea-Devils-2.jpg 1280w\" sizes=\"(max-width: 800px) 100vw, 800px\" \/><\/a><figcaption class=\"blocks-gallery-item__caption\">V\u1ecb tr\u00ed th\u00e1p ph\u00e1o s\u00f3ng 10.<\/figcaption><\/figure><\/li><li class=\"blocks-gallery-item\"><figure><a href=\"https:\/\/ibomberdefense.standardof.net\/vi\/guide\/chien-dich-dong-minh\/2-tay-dia-hai-quy-2\/ibomber-defense-level-2-western-mediterranean-sea-devils-3\/\"><img decoding=\"async\" width=\"800\" height=\"450\" src=\"https:\/\/ibomberdefense.standardof.net\/wp-content\/uploads\/sites\/5\/2020\/10\/iBomber-Defense-Level-2-Western-Mediterranean-Sea-Devils-3-800x450.jpg\" alt=\"&quot;iBomber Defense&quot; - C\u1ea5p \u0111\u1ed9 2 - T\u00e2y \u0110\u1ecba Trung H\u1ea3i: Nh\u1eefng con qu\u1ef7 bi\u1ec3n! (3)\" data-id=\"22\" data-full-url=\"https:\/\/ibomberdefense.standardof.net\/wp-content\/uploads\/sites\/5\/2020\/10\/iBomber-Defense-Level-2-Western-Mediterranean-Sea-Devils-3.jpg\" data-link=\"https:\/\/ibomberdefense.standardof.net\/guide\/allied-campaign\/2-western-mediterranean-sea-devils\/ibomber-defense-level-2-western-mediterranean-sea-devils-3\/\" class=\"wp-image-22\" title=\"\" srcset=\"https:\/\/ibomberdefense.standardof.net\/wp-content\/uploads\/sites\/5\/2020\/10\/iBomber-Defense-Level-2-Western-Mediterranean-Sea-Devils-3-800x450.jpg 800w, https:\/\/ibomberdefense.standardof.net\/wp-content\/uploads\/sites\/5\/2020\/10\/iBomber-Defense-Level-2-Western-Mediterranean-Sea-Devils-3-512x288.jpg 512w, https:\/\/ibomberdefense.standardof.net\/wp-content\/uploads\/sites\/5\/2020\/10\/iBomber-Defense-Level-2-Western-Mediterranean-Sea-Devils-3-200x113.jpg 200w, https:\/\/ibomberdefense.standardof.net\/wp-content\/uploads\/sites\/5\/2020\/10\/iBomber-Defense-Level-2-Western-Mediterranean-Sea-Devils-3-768x432.jpg 768w, https:\/\/ibomberdefense.standardof.net\/wp-content\/uploads\/sites\/5\/2020\/10\/iBomber-Defense-Level-2-Western-Mediterranean-Sea-Devils-3-16x9.jpg 16w, https:\/\/ibomberdefense.standardof.net\/wp-content\/uploads\/sites\/5\/2020\/10\/iBomber-Defense-Level-2-Western-Mediterranean-Sea-Devils-3.jpg 1280w\" sizes=\"(max-width: 800px) 100vw, 800px\" \/><\/a><figcaption class=\"blocks-gallery-item__caption\">V\u1ecb tr\u00ed th\u00e1p ph\u00e1o c\u1ee7a Wave 20.<\/figcaption><\/figure><\/li><\/ul><\/figure>\n\n\n\n<h3 class=\"wp-block-heading\"><strong>Chi ti\u00eau \u0111i\u1ec3m chi\u1ebfn th\u1eafng<\/strong><\/h3>\n\n\n\n<p>T\u1ea1i th\u1eddi \u0111i\u1ec3m n\u00e0y, hai \u0111i\u1ec3m chi\u1ebfn th\u1eafng \u0111\u1ea1t \u0111\u01b0\u1ee3c trong nhi\u1ec7m v\u1ee5 n\u00e0y \u0111\u01b0\u1ee3c d\u00e0nh \u0111\u1ec3 m\u1edf kh\u00f3a th\u00e1p ph\u00e1o Sabotage \u0111\u1ec3 s\u1eed d\u1ee5ng cho m\u1ee5c \u0111\u00edch l\u00e0m ch\u1eadm nh\u00f3m k\u1ebb th\u00f9 trong khi m\u1ed9t \u0111i\u1ec3m \u0111\u01b0\u1ee3c \u0111\u01b0a v\u00e0o th\u00e1p ph\u00e1o Ph\u00f2ng kh\u00f4ng \u0111\u1ec3 m\u1edf kh\u00f3a c\u1ea5p \u0111\u1ed9 th\u1ee9 hai, v\u00ec n\u00f3 s\u1ebd c\u1ea7n thi\u1ebft S\u1edbm.<\/p>\n\n\n\n<p>Th\u1ee9 h\u1ea1ng hi\u1ec7n t\u1ea1i c\u1ee7a c\u00e1c v\u1eadt ph\u1ea9m \u0111\u00e3 m\u1edf kh\u00f3a:<br>S\u00fang m\u00e1y 3, Ph\u00e1o 3, Ph\u00f2ng kh\u00f4ng 2, Ph\u00e1 ho\u1ea1i 1<\/p>\n\n\n\n<hr class=\"wp-block-separator\"\/>\n\n\n\n<h4 class=\"has-text-align-center wp-block-heading\">H\u01b0\u1edbng d\u1eabn Video<\/h4>\n\n\n\n<figure class=\"wp-block-embed-youtube wp-block-embed is-type-video is-provider-youtube wp-embed-aspect-16-9 wp-has-aspect-ratio wp-embed-aspect-4-3\"><div class=\"wp-block-embed__wrapper\">\n<div class=\"ast-oembed-container\" style=\"height: 100%;\"><iframe title=\"iBomber Defense - T\u00e2y \u0110\u1ecba Trung H\u1ea3i - C\u1ef1u chi\u1ebfn binh + Ho\u00e0n h\u1ea3o\" width=\"500\" height=\"281\" src=\"https:\/\/www.youtube.com\/embed\/hEjBsdPlZ4A?feature=oembed\" frameborder=\"0\" allow=\"accelerometer; autoplay; clipboard-write; encrypted-media; gyroscope; picture-in-picture; web-share\" referrerpolicy=\"strict-origin-when-cross-origin\" allowfullscreen><\/iframe><\/div>\n<\/div><\/figure>","protected":false},"excerpt":{"rendered":"<p>The Western Mediterranean level in iBomber Defense takes us to a channel which enemy naval vessels are trying to cross in order to reach your base. Its time to encounter water units for the first time in the game, using height advantages to boost the range of your turrets. Naval levels will generally prioritize the [&hellip;]<\/p>","protected":false},"author":1,"featured_media":22,"parent":266,"menu_order":2,"comment_status":"open","ping_status":"closed","template":"","meta":{"_uag_custom_page_level_css":"","site-sidebar-layout":"default","site-content-layout":"default","ast-site-content-layout":"","site-content-style":"default","site-sidebar-style":"default","ast-global-header-display":"","ast-banner-title-visibility":"","ast-main-header-display":"","ast-hfb-above-header-display":"","ast-hfb-below-header-display":"","ast-hfb-mobile-header-display":"","site-post-title":"","ast-breadcrumbs-content":"","ast-featured-img":"","footer-sml-layout":"","theme-transparent-header-meta":"default","adv-header-id-meta":"","stick-header-meta":"","header-above-stick-meta":"","header-main-stick-meta":"","header-below-stick-meta":"","astra-migrate-meta-layouts":"default","ast-page-background-enabled":"default","ast-page-background-meta":{"desktop":{"background-color":"","background-image":"","background-repeat":"repeat","background-position":"center center","background-size":"auto","background-attachment":"scroll","background-type":"","background-media":"","overlay-type":"","overlay-color":"","overlay-gradient":""},"tablet":{"background-color":"","background-image":"","background-repeat":"repeat","background-position":"center center","background-size":"auto","background-attachment":"scroll","background-type":"","background-media":"","overlay-type":"","overlay-color":"","overlay-gradient":""},"mobile":{"background-color":"","background-image":"","background-repeat":"repeat","background-position":"center center","background-size":"auto","background-attachment":"scroll","background-type":"","background-media":"","overlay-type":"","overlay-color":"","overlay-gradient":""}},"ast-content-background-meta":{"desktop":{"background-color":"var(--ast-global-color-5)","background-image":"","background-repeat":"repeat","background-position":"center center","background-size":"auto","background-attachment":"scroll","background-type":"","background-media":"","overlay-type":"","overlay-color":"","overlay-gradient":""},"tablet":{"background-color":"var(--ast-global-color-5)","background-image":"","background-repeat":"repeat","background-position":"center center","background-size":"auto","background-attachment":"scroll","background-type":"","background-media":"","overlay-type":"","overlay-color":"","overlay-gradient":""},"mobile":{"background-color":"var(--ast-global-color-5)","background-image":"","background-repeat":"repeat","background-position":"center center","background-size":"auto","background-attachment":"scroll","background-type":"","background-media":"","overlay-type":"","overlay-color":"","overlay-gradient":""}},"footnotes":""},"uagb_featured_image_src":{"full":["https:\/\/ibomberdefense.standardof.net\/wp-content\/uploads\/sites\/5\/2020\/10\/iBomber-Defense-Level-2-Western-Mediterranean-Sea-Devils-3.jpg",1280,720,false],"thumbnail":["https:\/\/ibomberdefense.standardof.net\/wp-content\/uploads\/sites\/5\/2020\/10\/iBomber-Defense-Level-2-Western-Mediterranean-Sea-Devils-3-200x113.jpg",200,113,true],"medium":["https:\/\/ibomberdefense.standardof.net\/wp-content\/uploads\/sites\/5\/2020\/10\/iBomber-Defense-Level-2-Western-Mediterranean-Sea-Devils-3-512x288.jpg",512,288,true],"medium_large":["https:\/\/ibomberdefense.standardof.net\/wp-content\/uploads\/sites\/5\/2020\/10\/iBomber-Defense-Level-2-Western-Mediterranean-Sea-Devils-3-768x432.jpg",768,432,true],"large":["https:\/\/ibomberdefense.standardof.net\/wp-content\/uploads\/sites\/5\/2020\/10\/iBomber-Defense-Level-2-Western-Mediterranean-Sea-Devils-3-800x450.jpg",800,450,true],"1536x1536":["https:\/\/ibomberdefense.standardof.net\/wp-content\/uploads\/sites\/5\/2020\/10\/iBomber-Defense-Level-2-Western-Mediterranean-Sea-Devils-3.jpg",1280,720,false],"2048x2048":["https:\/\/ibomberdefense.standardof.net\/wp-content\/uploads\/sites\/5\/2020\/10\/iBomber-Defense-Level-2-Western-Mediterranean-Sea-Devils-3.jpg",1280,720,false],"trp-custom-language-flag":["https:\/\/ibomberdefense.standardof.net\/wp-content\/uploads\/sites\/5\/2020\/10\/iBomber-Defense-Level-2-Western-Mediterranean-Sea-Devils-3-16x9.jpg",16,9,true]},"uagb_author_info":{"display_name":"SOE","author_link":"https:\/\/ibomberdefense.standardof.net\/vi\/author\/k-tastic\/"},"uagb_comment_info":0,"uagb_excerpt":"The Western Mediterranean level in iBomber Defense takes us to a channel which enemy naval vessels are trying to cross in order to reach your base. Its time to encounter water units for the first time in the game, using height advantages to boost the range of your turrets. Naval levels will generally prioritize the&hellip;","_links":{"self":[{"href":"https:\/\/ibomberdefense.standardof.net\/vi\/wp-json\/wp\/v2\/pages\/274"}],"collection":[{"href":"https:\/\/ibomberdefense.standardof.net\/vi\/wp-json\/wp\/v2\/pages"}],"about":[{"href":"https:\/\/ibomberdefense.standardof.net\/vi\/wp-json\/wp\/v2\/types\/page"}],"author":[{"embeddable":true,"href":"https:\/\/ibomberdefense.standardof.net\/vi\/wp-json\/wp\/v2\/users\/1"}],"replies":[{"embeddable":true,"href":"https:\/\/ibomberdefense.standardof.net\/vi\/wp-json\/wp\/v2\/comments?post=274"}],"version-history":[{"count":0,"href":"https:\/\/ibomberdefense.standardof.net\/vi\/wp-json\/wp\/v2\/pages\/274\/revisions"}],"up":[{"embeddable":true,"href":"https:\/\/ibomberdefense.standardof.net\/vi\/wp-json\/wp\/v2\/pages\/266"}],"wp:featuredmedia":[{"embeddable":true,"href":"https:\/\/ibomberdefense.standardof.net\/vi\/wp-json\/wp\/v2\/media\/22"}],"wp:attachment":[{"href":"https:\/\/ibomberdefense.standardof.net\/vi\/wp-json\/wp\/v2\/media?parent=274"}],"curies":[{"name":"wp","href":"https:\/\/api.w.org\/{rel}","templated":true}]}}