{"id":276,"date":"2020-10-19T06:00:04","date_gmt":"2020-10-19T06:00:04","guid":{"rendered":"https:\/\/ibomberdefense.standardof.net\/?page_id=276"},"modified":"2020-10-19T08:05:56","modified_gmt":"2020-10-19T08:05:56","slug":"3-north-west-africa-seiged","status":"publish","type":"page","link":"https:\/\/ibomberdefense.standardof.net\/vi\/guide\/chien-dich-dong-minh\/3-tay-bac-phi-seiged-2\/","title":{"rendered":"3. T\u00e2y B\u1eafc Phi: Seiged"},"content":{"rendered":"<div class=\"wp-block-image\"><figure class=\"aligncenter size-large\"><a href=\"https:\/\/ibomberdefense.standardof.net\/vi\/guide\/chien-dich-dong-minh\/3-tay-bac-phi-seiged-2\/ibomber-defense-level-3-north-west-africa-seiged-1\/\"><img decoding=\"async\" width=\"800\" height=\"450\" src=\"https:\/\/ibomberdefense.standardof.net\/wp-content\/uploads\/sites\/5\/2020\/10\/iBomber-Defense-Level-3-North-West-Africa-Seiged-1-800x450.jpg\" alt=\"&quot;iBomber Defense&quot; - C\u1ea5p \u0111\u1ed9 3 - T\u00e2y B\u1eafc Phi: Seiged (1)\" class=\"wp-image-23\" title=\"\" srcset=\"https:\/\/ibomberdefense.standardof.net\/wp-content\/uploads\/sites\/5\/2020\/10\/iBomber-Defense-Level-3-North-West-Africa-Seiged-1-800x450.jpg 800w, https:\/\/ibomberdefense.standardof.net\/wp-content\/uploads\/sites\/5\/2020\/10\/iBomber-Defense-Level-3-North-West-Africa-Seiged-1-512x288.jpg 512w, https:\/\/ibomberdefense.standardof.net\/wp-content\/uploads\/sites\/5\/2020\/10\/iBomber-Defense-Level-3-North-West-Africa-Seiged-1-200x113.jpg 200w, https:\/\/ibomberdefense.standardof.net\/wp-content\/uploads\/sites\/5\/2020\/10\/iBomber-Defense-Level-3-North-West-Africa-Seiged-1-768x432.jpg 768w, https:\/\/ibomberdefense.standardof.net\/wp-content\/uploads\/sites\/5\/2020\/10\/iBomber-Defense-Level-3-North-West-Africa-Seiged-1-16x9.jpg 16w, https:\/\/ibomberdefense.standardof.net\/wp-content\/uploads\/sites\/5\/2020\/10\/iBomber-Defense-Level-3-North-West-Africa-Seiged-1.jpg 1280w\" sizes=\"(max-width: 800px) 100vw, 800px\" \/><\/a><figcaption>\u0110\u01b0\u1eddng \u0111i \u0111\u01a1n v\u1ecb T\u00e2y B\u1eafc Phi.<\/figcaption><\/figure><\/div>\n\n\n\n<p>T\u00e2y B\u1eafc Phi \u0111\u01b0a ch\u00fang ta tr\u1edf l\u1ea1i vi\u1ec7c \u0111\u1ed1i m\u1eb7t v\u1edbi c\u00e1c \u0111\u01a1n v\u1ecb m\u1eb7t \u0111\u1ea5t ch\u1ec9 trong c\u1ea5p \u0111\u1ed9 th\u1ee9 ba c\u1ee7a chi\u1ebfn d\u1ecbch \u0110\u1ed3ng minh trong <em>iBomber Defense<\/em>. \u1ede c\u1ea5p \u0111\u1ed9 sa m\u1ea1c n\u00e0y c\u00f3 m\u1ed9t s\u1ed1 cao nguy\u00ean kh\u00f4ng th\u1ec3 x\u00e2y d\u1ef1ng tr\u00ean \u0111\u00f3, ch\u00fang ta s\u1ebd ph\u1ea3i \u0111\u1ed1i m\u1eb7t v\u1edbi 30 con s\u00f3ng \u0111\u1ebfn t\u1eeb hai con \u0111\u01b0\u1eddng h\u1ed9i t\u1ee5 nhanh ch\u00f3ng v\u1ec1 m\u1ed9t t\u1eeb ph\u00eda t\u00e2y.<\/p>\n\n\n\n<p>Tr\u00e1nh x\u00e2y d\u1ef1ng c\u00e1c th\u00e1p ph\u00e1o g\u1ea7n ho\u1eb7c d\u1ecdc theo \u0111\u01b0\u1eddng vi\u1ec1n m\u1edd nh\u1ea1t c\u1ee7a con \u0111\u01b0\u1eddng u\u1ed1n cong v\u1ec1 ph\u00eda nam c\u1ee7a cao nguy\u00ean m\u00e0 hai con \u0111\u01b0\u1eddng h\u1ed9i t\u1ee5 tr\u01b0\u1edbc \u0111\u00f3. S\u1ebd c\u00f3 m\u1ed9t nhi\u1ec7m v\u1ee5 ti\u1ec1n th\u01b0\u1edfng ph\u1ea3n c\u00f4ng ti\u1ebfp theo s\u1ebd \u0111\u00e1nh bom d\u1ea3i \u0111\u1ea5t \u0111\u00f3, ph\u00e1 h\u1ee7y c\u00e1c th\u00e1p ph\u00e1o \u0111\u1eb7t tr\u1ef1c ti\u1ebfp tr\u00ean ho\u1eb7c g\u1ea7n tuy\u1ebfn \u0111\u00f3.<\/p>\n\n\n\n<h3 class=\"wp-block-heading\"><strong>V\u1ecb tr\u00ed th\u00e1p ph\u00e1o<\/strong><\/h3>\n\n\n\n<p>V\u1ecb tr\u00ed t\u1ed1t nh\u1ea5t \u0111\u1ec3 \u0111\u1eb7t ph\u1ea7n l\u1edbn c\u00e1c th\u00e1p ph\u00e1o c\u1ee7a b\u1ea1n l\u00e0 d\u1ecdc theo b\u00ean ph\u1ea3i c\u1ee7a con \u0111\u01b0\u1eddng d\u1eabn \u0111\u1ebfn c\u0103n c\u1ee9 c\u1ee7a b\u1ea1n, ngay ph\u00eda b\u1eafc c\u1ee7a c\u0103n c\u1ee9. M\u1ed9t v\u00e0i kh\u1ea9u \u0110\u1ea1i b\u00e1c v\u00e0 m\u1ed9t s\u1ed1 th\u00e1p s\u00fang M\u00e1y \u0111\u01b0\u1ee3c n\u00e2ng c\u1ea5p l\u00ean c\u1ea5p \u0111\u1ed9 3 s\u1ebd th\u1ef1c hi\u1ec7n xu\u1ea5t s\u1eafc nhi\u1ec7m v\u1ee5 \u0111\u1ed1i ph\u00f3 v\u1edbi k\u1ebb th\u00f9. Ch\u00fang t\u00f4i v\u1eabn c\u00f2n \u0111\u1ee7 s\u1edbm \u0111\u1ec3 tham gia v\u00e0o tr\u00f2 ch\u01a1i c\u1ee7a anh ta khi c\u00e1c \u0111\u01a1n v\u1ecb b\u1ecdc th\u00e9p kh\u00f4ng \u0111\u1ebfn trong s\u00f3ng th\u1ee7y tri\u1ec1u, v\u00ec v\u1eady S\u00fang m\u00e1y ch\u1eafc ch\u1eafn \u0111\u01b0\u1ee3c \u01b0u ti\u00ean.<\/p>\n\n\n\n<p>M\u1ed9t th\u00e1p ph\u00e1o Sabotage s\u1ebd ho\u1ea1t \u0111\u1ed9ng t\u1ed1t, \u0111\u01b0\u1ee3c \u0111\u1eb7t ngay tr\u01b0\u1edbc nh\u00f3m th\u00e1p ph\u00e1o ch\u00ednh c\u1ee7a b\u1ea1n \u0111\u01b0\u1ee3c \u0111\u1eb7t ngay tr\u01b0\u1edbc c\u0103n c\u1ee9. C\u00e1c th\u00e1p ph\u00e1o \u1edf \u0111\u00e2y c\u0169ng s\u1ebd h\u1eefu \u00edch khi ch\u1ed1ng l\u1ea1i c\u00e1c \u0111\u01a1n v\u1ecb \u0111\u1ebfn tr\u00ean con \u0111\u01b0\u1eddng ph\u00e1c th\u1ea3o m\u1edd nh\u1ea1t trong nhi\u1ec7m v\u1ee5 ph\u1ea3n c\u00f4ng ti\u1ebfp theo, nhi\u1ec7m v\u1ee5 n\u00e0y gi\u1eef l\u1ea1i b\u1ea5t k\u1ef3 th\u00e1p n\u00e0o b\u1ea1n \u0111\u00e3 x\u00e2y d\u1ef1ng trong c\u1ea5p \u0111\u1ed9 n\u00e0y, tr\u1eeb nh\u1eefng th\u00e1p b\u1ecb ph\u00e1 h\u1ee7y. N\u1ebfu b\u1ea1n nh\u1eadn th\u1ea5y h\u00ecnh \u1ea3nh s\u00f3ng 30 \u1edf b\u00ean ph\u1ea3i, m\u1ed9t th\u00e1p ph\u00e1o Machine Gun \u1edf trung t\u00e2m c\u1ee7a b\u1ed9 ba \u0111\u01b0\u1ee3c \u0111\u1eb7t b\u00ean tr\u00e1i c\u1ee7a con \u0111\u01b0\u1eddng g\u1ea7n v\u1edbi c\u0103n c\u1ee9 n\u1eb1m tr\u00ean v\u00f9ng ti\u00eau di\u1ec7t s\u1ebd b\u1ecb ph\u00e1 h\u1ee7y khi con \u0111\u01b0\u1eddng m\u1edbi m\u1edf ra nhi\u1ec7m v\u1ee5 ti\u1ebfp theo .<\/p>\n\n\n\n<figure class=\"wp-block-gallery columns-2 is-cropped wp-block-gallery-1 is-layout-flex wp-block-gallery-is-layout-flex\"><ul class=\"blocks-gallery-grid\"><li class=\"blocks-gallery-item\"><figure><a href=\"https:\/\/ibomberdefense.standardof.net\/vi\/guide\/chien-dich-dong-minh\/3-tay-bac-phi-seiged-2\/ibomber-defense-level-3-north-west-africa-seiged-2\/\"><img decoding=\"async\" width=\"800\" height=\"450\" src=\"https:\/\/ibomberdefense.standardof.net\/wp-content\/uploads\/sites\/5\/2020\/10\/iBomber-Defense-Level-3-North-West-Africa-Seiged-2-800x450.jpg\" alt=\"&quot;iBomber Defense&quot; - C\u1ea5p \u0111\u1ed9 3 - T\u00e2y B\u1eafc Phi: Seiged (2)\" data-id=\"24\" data-full-url=\"https:\/\/ibomberdefense.standardof.net\/wp-content\/uploads\/sites\/5\/2020\/10\/iBomber-Defense-Level-3-North-West-Africa-Seiged-2.jpg\" data-link=\"https:\/\/ibomberdefense.standardof.net\/guide\/allied-campaign\/3-north-west-africa-seiged\/ibomber-defense-level-3-north-west-africa-seiged-2\/\" class=\"wp-image-24\" title=\"\" srcset=\"https:\/\/ibomberdefense.standardof.net\/wp-content\/uploads\/sites\/5\/2020\/10\/iBomber-Defense-Level-3-North-West-Africa-Seiged-2-800x450.jpg 800w, https:\/\/ibomberdefense.standardof.net\/wp-content\/uploads\/sites\/5\/2020\/10\/iBomber-Defense-Level-3-North-West-Africa-Seiged-2-512x288.jpg 512w, https:\/\/ibomberdefense.standardof.net\/wp-content\/uploads\/sites\/5\/2020\/10\/iBomber-Defense-Level-3-North-West-Africa-Seiged-2-200x113.jpg 200w, https:\/\/ibomberdefense.standardof.net\/wp-content\/uploads\/sites\/5\/2020\/10\/iBomber-Defense-Level-3-North-West-Africa-Seiged-2-768x432.jpg 768w, https:\/\/ibomberdefense.standardof.net\/wp-content\/uploads\/sites\/5\/2020\/10\/iBomber-Defense-Level-3-North-West-Africa-Seiged-2-16x9.jpg 16w, https:\/\/ibomberdefense.standardof.net\/wp-content\/uploads\/sites\/5\/2020\/10\/iBomber-Defense-Level-3-North-West-Africa-Seiged-2.jpg 1280w\" sizes=\"(max-width: 800px) 100vw, 800px\" \/><\/a><figcaption class=\"blocks-gallery-item__caption\">V\u1ecb tr\u00ed th\u00e1p ph\u00e1o s\u00f3ng 10.<\/figcaption><\/figure><\/li><li class=\"blocks-gallery-item\"><figure><a href=\"https:\/\/ibomberdefense.standardof.net\/vi\/guide\/chien-dich-dong-minh\/3-tay-bac-phi-seiged-2\/ibomber-defense-level-3-north-west-africa-seiged-3\/\"><img decoding=\"async\" width=\"800\" height=\"450\" src=\"https:\/\/ibomberdefense.standardof.net\/wp-content\/uploads\/sites\/5\/2020\/10\/iBomber-Defense-Level-3-North-West-Africa-Seiged-3-800x450.jpg\" alt=\"&quot;iBomber Defense&quot; - C\u1ea5p \u0111\u1ed9 3 - T\u00e2y B\u1eafc Phi: Seiged (3)\" data-id=\"25\" data-full-url=\"https:\/\/ibomberdefense.standardof.net\/wp-content\/uploads\/sites\/5\/2020\/10\/iBomber-Defense-Level-3-North-West-Africa-Seiged-3.jpg\" data-link=\"https:\/\/ibomberdefense.standardof.net\/guide\/allied-campaign\/3-north-west-africa-seiged\/ibomber-defense-level-3-north-west-africa-seiged-3\/\" class=\"wp-image-25\" title=\"\" srcset=\"https:\/\/ibomberdefense.standardof.net\/wp-content\/uploads\/sites\/5\/2020\/10\/iBomber-Defense-Level-3-North-West-Africa-Seiged-3-800x450.jpg 800w, https:\/\/ibomberdefense.standardof.net\/wp-content\/uploads\/sites\/5\/2020\/10\/iBomber-Defense-Level-3-North-West-Africa-Seiged-3-512x288.jpg 512w, https:\/\/ibomberdefense.standardof.net\/wp-content\/uploads\/sites\/5\/2020\/10\/iBomber-Defense-Level-3-North-West-Africa-Seiged-3-200x113.jpg 200w, https:\/\/ibomberdefense.standardof.net\/wp-content\/uploads\/sites\/5\/2020\/10\/iBomber-Defense-Level-3-North-West-Africa-Seiged-3-768x432.jpg 768w, https:\/\/ibomberdefense.standardof.net\/wp-content\/uploads\/sites\/5\/2020\/10\/iBomber-Defense-Level-3-North-West-Africa-Seiged-3-16x9.jpg 16w, https:\/\/ibomberdefense.standardof.net\/wp-content\/uploads\/sites\/5\/2020\/10\/iBomber-Defense-Level-3-North-West-Africa-Seiged-3.jpg 1280w\" sizes=\"(max-width: 800px) 100vw, 800px\" \/><\/a><figcaption class=\"blocks-gallery-item__caption\">V\u1ecb tr\u00ed th\u00e1p ph\u00e1o c\u1ee7a Wave 20.<\/figcaption><\/figure><\/li><li class=\"blocks-gallery-item\"><figure><a href=\"https:\/\/ibomberdefense.standardof.net\/vi\/guide\/chien-dich-dong-minh\/3-tay-bac-phi-seiged-2\/ibomber-defense-level-3-north-west-africa-seiged-4\/\"><img decoding=\"async\" width=\"800\" height=\"450\" src=\"https:\/\/ibomberdefense.standardof.net\/wp-content\/uploads\/sites\/5\/2020\/10\/iBomber-Defense-Level-3-North-West-Africa-Seiged-4-800x450.jpg\" alt=\"&quot;iBomber Defense&quot; - C\u1ea5p \u0111\u1ed9 3 - T\u00e2y B\u1eafc Phi: Seiged (4)\" data-id=\"26\" data-full-url=\"https:\/\/ibomberdefense.standardof.net\/wp-content\/uploads\/sites\/5\/2020\/10\/iBomber-Defense-Level-3-North-West-Africa-Seiged-4.jpg\" data-link=\"https:\/\/ibomberdefense.standardof.net\/guide\/allied-campaign\/3-north-west-africa-seiged\/ibomber-defense-level-3-north-west-africa-seiged-4\/\" class=\"wp-image-26\" title=\"\" srcset=\"https:\/\/ibomberdefense.standardof.net\/wp-content\/uploads\/sites\/5\/2020\/10\/iBomber-Defense-Level-3-North-West-Africa-Seiged-4-800x450.jpg 800w, https:\/\/ibomberdefense.standardof.net\/wp-content\/uploads\/sites\/5\/2020\/10\/iBomber-Defense-Level-3-North-West-Africa-Seiged-4-512x288.jpg 512w, https:\/\/ibomberdefense.standardof.net\/wp-content\/uploads\/sites\/5\/2020\/10\/iBomber-Defense-Level-3-North-West-Africa-Seiged-4-200x113.jpg 200w, https:\/\/ibomberdefense.standardof.net\/wp-content\/uploads\/sites\/5\/2020\/10\/iBomber-Defense-Level-3-North-West-Africa-Seiged-4-768x432.jpg 768w, https:\/\/ibomberdefense.standardof.net\/wp-content\/uploads\/sites\/5\/2020\/10\/iBomber-Defense-Level-3-North-West-Africa-Seiged-4-16x9.jpg 16w, https:\/\/ibomberdefense.standardof.net\/wp-content\/uploads\/sites\/5\/2020\/10\/iBomber-Defense-Level-3-North-West-Africa-Seiged-4.jpg 1280w\" sizes=\"(max-width: 800px) 100vw, 800px\" \/><\/a><figcaption class=\"blocks-gallery-item__caption\">V\u1ecb tr\u00ed th\u00e1p ph\u00e1o c\u1ee7a Wave 30.<\/figcaption><\/figure><\/li><\/ul><\/figure>\n\n\n\n<h3 class=\"wp-block-heading\"><strong>Chi ti\u00eau \u0111i\u1ec3m chi\u1ebfn th\u1eafng<\/strong><\/h3>\n\n\n\n<p>Hai \u0111i\u1ec3m chi\u1ebfn th\u1eafng m\u00e0 t\u00f4i \u0111\u1ea1t \u0111\u01b0\u1ee3c khi th\u1ef1c hi\u1ec7n nhi\u1ec7m v\u1ee5 n\u00e0y \u0111\u01b0\u1ee3c d\u00f9ng \u0111\u1ec3 m\u1edf kh\u00f3a th\u00e1p ph\u00e1o Comm l\u00ean c\u1ea5p 1 v\u00e0 S\u1eeda ch\u1eefa l\u00ean c\u1ea5p 1, gi\u1ea3m chi ph\u00ed s\u1eeda ch\u1eefa th\u00e1p ph\u00e1o trong tr\u00f2 ch\u01a1i. Th\u00e1p ph\u00e1o Comm s\u1ebd t\u0103ng ph\u1ea1m vi v\u00e0 h\u1ecfa l\u1ef1c c\u1ee7a c\u00e1c th\u00e1p ph\u00e1o g\u1ea7n \u0111\u00f3 \u0111\u1ed3ng th\u1eddi cho ph\u00e9p b\u1ea1n t\u00edch l\u0169y ti\u1ec1n l\u00e3i v\u1edbi s\u1ed1 ti\u1ec1n ti\u1ebft ki\u1ec7m \u0111\u01b0\u1ee3c trong c\u00e1c c\u1ea5p \u0111\u1ed9.<\/p>\n\n\n\n<p>C\u1ea5p \u0111\u1ed9 c\u1ee7a c\u00e1c v\u1eadt ph\u1ea9m hi\u1ec7n \u0111\u00e3 m\u1edf kh\u00f3a:<br>S\u00fang m\u00e1y 3, Ph\u00e1o 3, Ph\u00f2ng kh\u00f4ng 2, Ph\u00e1 ho\u1ea1i 1, Li\u00ean k\u1ebft 1, S\u1eeda ch\u1eefa 1<\/p>\n\n\n\n<hr class=\"wp-block-separator\"\/>\n\n\n\n<h4 class=\"has-text-align-center wp-block-heading\">H\u01b0\u1edbng d\u1eabn Video<\/h4>\n\n\n\n<figure class=\"wp-block-embed-youtube wp-block-embed is-type-video is-provider-youtube wp-embed-aspect-16-9 wp-has-aspect-ratio wp-embed-aspect-4-3\"><div class=\"wp-block-embed__wrapper\">\n<div class=\"ast-oembed-container\" style=\"height: 100%;\"><iframe title=\"iBomber Defense - T\u00e2y B\u1eafc Phi - Seiged - C\u1ef1u chi\u1ebfn binh + Ho\u00e0n h\u1ea3o\" width=\"500\" height=\"281\" src=\"https:\/\/www.youtube.com\/embed\/qSDFBieAOa0?feature=oembed\" frameborder=\"0\" allow=\"accelerometer; autoplay; clipboard-write; encrypted-media; gyroscope; picture-in-picture; web-share\" referrerpolicy=\"strict-origin-when-cross-origin\" allowfullscreen><\/iframe><\/div>\n<\/div><\/figure>","protected":false},"excerpt":{"rendered":"<p>North West Africa takes us back to facing ground units only in the third level of the Allied campaign in iBomber Defense. In this desert level featuring several plateaus that cannot be built on we will face 30 waves coming from two paths converging quickly to one from the west. Avoid building turrets near or [&hellip;]<\/p>","protected":false},"author":1,"featured_media":26,"parent":266,"menu_order":3,"comment_status":"open","ping_status":"closed","template":"","meta":{"_uag_custom_page_level_css":"","site-sidebar-layout":"default","site-content-layout":"default","ast-site-content-layout":"","site-content-style":"default","site-sidebar-style":"default","ast-global-header-display":"","ast-banner-title-visibility":"","ast-main-header-display":"","ast-hfb-above-header-display":"","ast-hfb-below-header-display":"","ast-hfb-mobile-header-display":"","site-post-title":"","ast-breadcrumbs-content":"","ast-featured-img":"","footer-sml-layout":"","theme-transparent-header-meta":"default","adv-header-id-meta":"","stick-header-meta":"","header-above-stick-meta":"","header-main-stick-meta":"","header-below-stick-meta":"","astra-migrate-meta-layouts":"default","ast-page-background-enabled":"default","ast-page-background-meta":{"desktop":{"background-color":"","background-image":"","background-repeat":"repeat","background-position":"center center","background-size":"auto","background-attachment":"scroll","background-type":"","background-media":"","overlay-type":"","overlay-color":"","overlay-gradient":""},"tablet":{"background-color":"","background-image":"","background-repeat":"repeat","background-position":"center center","background-size":"auto","background-attachment":"scroll","background-type":"","background-media":"","overlay-type":"","overlay-color":"","overlay-gradient":""},"mobile":{"background-color":"","background-image":"","background-repeat":"repeat","background-position":"center center","background-size":"auto","background-attachment":"scroll","background-type":"","background-media":"","overlay-type":"","overlay-color":"","overlay-gradient":""}},"ast-content-background-meta":{"desktop":{"background-color":"var(--ast-global-color-5)","background-image":"","background-repeat":"repeat","background-position":"center center","background-size":"auto","background-attachment":"scroll","background-type":"","background-media":"","overlay-type":"","overlay-color":"","overlay-gradient":""},"tablet":{"background-color":"var(--ast-global-color-5)","background-image":"","background-repeat":"repeat","background-position":"center center","background-size":"auto","background-attachment":"scroll","background-type":"","background-media":"","overlay-type":"","overlay-color":"","overlay-gradient":""},"mobile":{"background-color":"var(--ast-global-color-5)","background-image":"","background-repeat":"repeat","background-position":"center center","background-size":"auto","background-attachment":"scroll","background-type":"","background-media":"","overlay-type":"","overlay-color":"","overlay-gradient":""}},"footnotes":""},"uagb_featured_image_src":{"full":["https:\/\/ibomberdefense.standardof.net\/wp-content\/uploads\/sites\/5\/2020\/10\/iBomber-Defense-Level-3-North-West-Africa-Seiged-4.jpg",1280,720,false],"thumbnail":["https:\/\/ibomberdefense.standardof.net\/wp-content\/uploads\/sites\/5\/2020\/10\/iBomber-Defense-Level-3-North-West-Africa-Seiged-4-200x113.jpg",200,113,true],"medium":["https:\/\/ibomberdefense.standardof.net\/wp-content\/uploads\/sites\/5\/2020\/10\/iBomber-Defense-Level-3-North-West-Africa-Seiged-4-512x288.jpg",512,288,true],"medium_large":["https:\/\/ibomberdefense.standardof.net\/wp-content\/uploads\/sites\/5\/2020\/10\/iBomber-Defense-Level-3-North-West-Africa-Seiged-4-768x432.jpg",768,432,true],"large":["https:\/\/ibomberdefense.standardof.net\/wp-content\/uploads\/sites\/5\/2020\/10\/iBomber-Defense-Level-3-North-West-Africa-Seiged-4-800x450.jpg",800,450,true],"1536x1536":["https:\/\/ibomberdefense.standardof.net\/wp-content\/uploads\/sites\/5\/2020\/10\/iBomber-Defense-Level-3-North-West-Africa-Seiged-4.jpg",1280,720,false],"2048x2048":["https:\/\/ibomberdefense.standardof.net\/wp-content\/uploads\/sites\/5\/2020\/10\/iBomber-Defense-Level-3-North-West-Africa-Seiged-4.jpg",1280,720,false],"trp-custom-language-flag":["https:\/\/ibomberdefense.standardof.net\/wp-content\/uploads\/sites\/5\/2020\/10\/iBomber-Defense-Level-3-North-West-Africa-Seiged-4-16x9.jpg",16,9,true]},"uagb_author_info":{"display_name":"SOE","author_link":"https:\/\/ibomberdefense.standardof.net\/vi\/author\/k-tastic\/"},"uagb_comment_info":0,"uagb_excerpt":"North West Africa takes us back to facing ground units only in the third level of the Allied campaign in iBomber Defense. In this desert level featuring several plateaus that cannot be built on we will face 30 waves coming from two paths converging quickly to one from the west. Avoid building turrets near or&hellip;","_links":{"self":[{"href":"https:\/\/ibomberdefense.standardof.net\/vi\/wp-json\/wp\/v2\/pages\/276"}],"collection":[{"href":"https:\/\/ibomberdefense.standardof.net\/vi\/wp-json\/wp\/v2\/pages"}],"about":[{"href":"https:\/\/ibomberdefense.standardof.net\/vi\/wp-json\/wp\/v2\/types\/page"}],"author":[{"embeddable":true,"href":"https:\/\/ibomberdefense.standardof.net\/vi\/wp-json\/wp\/v2\/users\/1"}],"replies":[{"embeddable":true,"href":"https:\/\/ibomberdefense.standardof.net\/vi\/wp-json\/wp\/v2\/comments?post=276"}],"version-history":[{"count":0,"href":"https:\/\/ibomberdefense.standardof.net\/vi\/wp-json\/wp\/v2\/pages\/276\/revisions"}],"up":[{"embeddable":true,"href":"https:\/\/ibomberdefense.standardof.net\/vi\/wp-json\/wp\/v2\/pages\/266"}],"wp:featuredmedia":[{"embeddable":true,"href":"https:\/\/ibomberdefense.standardof.net\/vi\/wp-json\/wp\/v2\/media\/26"}],"wp:attachment":[{"href":"https:\/\/ibomberdefense.standardof.net\/vi\/wp-json\/wp\/v2\/media?parent=276"}],"curies":[{"name":"wp","href":"https:\/\/api.w.org\/{rel}","templated":true}]}}