{"id":283,"date":"2020-10-19T06:06:58","date_gmt":"2020-10-19T06:06:58","guid":{"rendered":"https:\/\/ibomberdefense.standardof.net\/?page_id=283"},"modified":"2020-10-19T08:05:59","modified_gmt":"2020-10-19T08:05:59","slug":"4-north-west-africa-counterattack","status":"publish","type":"page","link":"https:\/\/ibomberdefense.standardof.net\/vi\/guide\/chien-dich-dong-minh\/4-tay-bac-phi-phan-cong-2\/","title":{"rendered":"4. T\u00e2y B\u1eafc Phi: Ph\u1ea3n c\u00f4ng"},"content":{"rendered":"<div class=\"wp-block-image\"><figure class=\"aligncenter size-large\"><a href=\"https:\/\/ibomberdefense.standardof.net\/vi\/guide\/chien-dich-dong-minh\/4-tay-bac-phi-phan-cong-2\/ibomber-defense-level-4-north-west-africa-counterattack-1\/\"><img decoding=\"async\" width=\"800\" height=\"450\" src=\"https:\/\/ibomberdefense.standardof.net\/wp-content\/uploads\/sites\/5\/2020\/10\/iBomber-Defense-Level-4-North-West-Africa-Counterattack-1-800x450.jpg\" alt=\"&quot;iBomber Defense&quot; - C\u1ea5p \u0111\u1ed9 4 - T\u00e2y B\u1eafc Phi: Ph\u1ea3n c\u00f4ng (1)\" class=\"wp-image-27\" title=\"\" srcset=\"https:\/\/ibomberdefense.standardof.net\/wp-content\/uploads\/sites\/5\/2020\/10\/iBomber-Defense-Level-4-North-West-Africa-Counterattack-1-800x450.jpg 800w, https:\/\/ibomberdefense.standardof.net\/wp-content\/uploads\/sites\/5\/2020\/10\/iBomber-Defense-Level-4-North-West-Africa-Counterattack-1-512x288.jpg 512w, https:\/\/ibomberdefense.standardof.net\/wp-content\/uploads\/sites\/5\/2020\/10\/iBomber-Defense-Level-4-North-West-Africa-Counterattack-1-200x113.jpg 200w, https:\/\/ibomberdefense.standardof.net\/wp-content\/uploads\/sites\/5\/2020\/10\/iBomber-Defense-Level-4-North-West-Africa-Counterattack-1-768x432.jpg 768w, https:\/\/ibomberdefense.standardof.net\/wp-content\/uploads\/sites\/5\/2020\/10\/iBomber-Defense-Level-4-North-West-Africa-Counterattack-1-16x9.jpg 16w, https:\/\/ibomberdefense.standardof.net\/wp-content\/uploads\/sites\/5\/2020\/10\/iBomber-Defense-Level-4-North-West-Africa-Counterattack-1.jpg 1280w\" sizes=\"(max-width: 800px) 100vw, 800px\" \/><\/a><figcaption>\u0110\u01b0\u1eddng \u0111i c\u1ee7a \u0111\u01a1n v\u1ecb \u0111\u1ecbch trong \u0111\u1ee3t ph\u1ea3n c\u00f4ng c\u1ea5p T\u00e2y B\u1eafc Phi.<\/figcaption><\/figure><\/div>\n\n\n\n<p>Trong nhi\u1ec7m v\u1ee5 ti\u1ec1n th\u01b0\u1edfng ph\u1ea3n c\u00f4ng n\u00e0y, \u0111\u00e3 \u0111\u1ebfn l\u00fac quay tr\u1edf l\u1ea1i c\u1ea5p \u0111\u1ed9 tr\u01b0\u1edbc \u0111\u00f3, T\u00e2y B\u1eafc Phi, ti\u1ebfp t\u1ee5c n\u01a1i ch\u00fang ta \u0111\u00e3 d\u1eebng l\u1ea1i cho 20 \u0111\u1ee3t kh\u00e1c, n\u1ebfu b\u1ea1n ti\u1ebfp c\u1eadn m\u00e0 kh\u00f4ng m\u1ea5t m\u1ea1ng n\u00e0o, b\u1ea1n s\u1ebd \u0111\u01b0\u1ee3c th\u01b0\u1edfng 3 \u0111i\u1ec3m chi\u1ebfn th\u1eafng. V\u00ec nhi\u1ec7m v\u1ee5 n\u00e0y l\u00e0 m\u1ed9t ph\u1ea7n th\u01b0\u1edfng, b\u1ea1n kh\u00f4ng c\u1ea7n ph\u1ea3i v\u01b0\u1ee3t qua n\u00f3 \u0111\u1ec3 ti\u1ebfp t\u1ee5c v\u1edbi chi\u1ebfn d\u1ecbch, tuy nhi\u00ean, b\u1ea1n ho\u00e0n to\u00e0n c\u00f3 th\u1ec3 ki\u1ebfm \u0111\u01b0\u1ee3c m\u1ed9t \u0111i\u1ec3m ho\u00e0n h\u1ea3o \u1edf \u0111\u00e2y, ngay c\u1ea3 tr\u00ean Veteran.<\/p>\n\n\n\n<p>V\u1edbi v\u1ecb tr\u00ed th\u00e1p ph\u00e1o c\u1ee7a t\u00f4i t\u1eeb cu\u1ed1i nhi\u1ec7m v\u1ee5 tr\u01b0\u1edbc v\u1eabn \u0111\u01b0\u1ee3c gi\u1eef l\u1ea1i v\u00e0 kho b\u1ea1c kh\u1edfi \u0111\u1ea7u t\u0103ng cao \u0111\u00e1ng k\u1ec3, s\u1ebd \u0111\u1ebfn l\u00fac chu\u1ea9n b\u1ecb cho m\u1ed9t s\u1ed1 th\u1eed th\u00e1ch b\u1ed5 sung. V\u1edbi th\u00e1p ph\u00e1o \u0111\u01b0\u1ee3c m\u1edf kh\u00f3a sau khi d\u00e0nh \u0111i\u1ec3m chi\u1ebfn th\u1eafng \u1edf c\u1ea5p \u0111\u1ed9 cu\u1ed1i c\u00f9ng, ch\u00fang t\u00f4i c\u0169ng c\u00f3 th\u1ec3 b\u1eaft \u0111\u1ea7u t\u0103ng t\u1ea7m b\u1eafn, h\u1ecfa l\u1ef1c c\u1ee7a th\u00e1p ph\u00e1o v\u00e0 ki\u1ebfm l\u00e3i t\u1eeb ti\u1ec1n t\u00edch l\u0169y.<\/p>\n\n\n\n<h3 class=\"wp-block-heading\"><strong>V\u1ecb tr\u00ed th\u00e1p ph\u00e1o<\/strong><\/h3>\n\n\n\n<p>M\u1ed9t th\u00e1p ph\u00e1o c\u1ee7a S\u00fang m\u00e1y b\u1ecb ph\u00e1 h\u1ee7y khi m\u00e1y bay n\u00e9m bom c\u1ee7a \u0111\u1ed1i ph\u01b0\u01a1ng xu\u1ea5t hi\u1ec7n \u1edf ph\u1ea7n \u0111\u1ea7u c\u1ee7a nhi\u1ec7m v\u1ee5 \u0111\u1ec3 d\u1ecdn \u0111\u01b0\u1eddng k\u1ebb th\u00f9 m\u1edbi. \u0110i\u1ec1u n\u00e0y c\u00f3 th\u1ec3 d\u1ec5 d\u00e0ng \u0111\u01b0\u1ee3c b\u00f9 \u0111\u1eafp b\u1eb1ng c\u00e1ch \u0111\u1eb7t m\u1ed9t v\u00e0i S\u00fang m\u00e1y v\u00e0 m\u1ed9t th\u00e1p ph\u00e1o Ph\u00e1 ho\u1ea1i d\u1ecdc theo con \u0111\u01b0\u1eddng m\u1edd nh\u1ea1t trong khi ti\u1ebfp t\u1ee5c t\u00edch l\u0169y c\u00e1c th\u00e1p ph\u00e1o trong b\u1ea3n v\u00e1 \u0111\u00e3 \u0111\u01b0\u1ee3c x\u00e2y d\u1ef1ng g\u1ea7n c\u0103n c\u1ee9 nh\u00e0 tr\u01b0\u1edbc \u0111\u00f3.<\/p>\n\n\n\n<p>Nh\u1eadn \u0111\u01b0\u1ee3c nhi\u1ec1u \u0110\u1ea1i b\u00e1c h\u01a1n \u0111\u1ebfn c\u1ea5p 3 v\u00e0 s\u1eed d\u1ee5ng \u00edt nh\u1ea5t m\u1ed9t th\u00e1p ph\u00e1o Comms \u0111\u1ec3 t\u0103ng ph\u1ea1m vi v\u00e0 s\u1ee9c m\u1ea1nh c\u1ee7a c\u00e0ng nhi\u1ec1u s\u00fang kh\u00e1c c\u00e0ng t\u1ed1t s\u1ebd l\u00e0 m\u1ed9t tr\u1ee3 gi\u00fap to l\u1edbn kh\u00e1c, v\u00ec v\u1edbi v\u1ecb tr\u00ed n\u00e0y, ch\u00fang ta v\u1eabn c\u00f3 th\u1ec3 bao qu\u00e1t m\u1ecdi con \u0111\u01b0\u1eddng v\u1edbi m\u1ed9t nh\u00f3m v\u0169 kh\u00ed. V\u1eabn ch\u01b0a c\u00f3 \u0111\u01a1n v\u1ecb kh\u00f4ng qu\u00e2n \u1edf c\u1ea5p \u0111\u1ed9 n\u00e0y n\u00ean Ch\u1ed1ng kh\u00f4ng kh\u00ed kh\u00f4ng ph\u1ea3i l\u00e0 v\u1ea5n \u0111\u1ec1.<\/p>\n\n\n\n<figure class=\"wp-block-gallery columns-2 is-cropped wp-block-gallery-1 is-layout-flex wp-block-gallery-is-layout-flex\"><ul class=\"blocks-gallery-grid\"><li class=\"blocks-gallery-item\"><figure><a href=\"https:\/\/ibomberdefense.standardof.net\/vi\/guide\/chien-dich-dong-minh\/4-tay-bac-phi-phan-cong-2\/ibomber-defense-level-4-north-west-africa-counterattack-2\/\"><img decoding=\"async\" width=\"800\" height=\"450\" src=\"https:\/\/ibomberdefense.standardof.net\/wp-content\/uploads\/sites\/5\/2020\/10\/iBomber-Defense-Level-4-North-West-Africa-Counterattack-2-800x450.jpg\" alt=\"&quot;iBomber Defense&quot; - C\u1ea5p \u0111\u1ed9 4 - T\u00e2y B\u1eafc Phi: Ph\u1ea3n c\u00f4ng (2)\" data-id=\"28\" data-full-url=\"https:\/\/ibomberdefense.standardof.net\/wp-content\/uploads\/sites\/5\/2020\/10\/iBomber-Defense-Level-4-North-West-Africa-Counterattack-2.jpg\" data-link=\"https:\/\/ibomberdefense.standardof.net\/guide\/allied-campaign\/4-north-west-africa-counterattack\/ibomber-defense-level-4-north-west-africa-counterattack-2\/\" class=\"wp-image-28\" title=\"\" srcset=\"https:\/\/ibomberdefense.standardof.net\/wp-content\/uploads\/sites\/5\/2020\/10\/iBomber-Defense-Level-4-North-West-Africa-Counterattack-2-800x450.jpg 800w, https:\/\/ibomberdefense.standardof.net\/wp-content\/uploads\/sites\/5\/2020\/10\/iBomber-Defense-Level-4-North-West-Africa-Counterattack-2-512x288.jpg 512w, https:\/\/ibomberdefense.standardof.net\/wp-content\/uploads\/sites\/5\/2020\/10\/iBomber-Defense-Level-4-North-West-Africa-Counterattack-2-200x113.jpg 200w, https:\/\/ibomberdefense.standardof.net\/wp-content\/uploads\/sites\/5\/2020\/10\/iBomber-Defense-Level-4-North-West-Africa-Counterattack-2-768x432.jpg 768w, https:\/\/ibomberdefense.standardof.net\/wp-content\/uploads\/sites\/5\/2020\/10\/iBomber-Defense-Level-4-North-West-Africa-Counterattack-2-16x9.jpg 16w, https:\/\/ibomberdefense.standardof.net\/wp-content\/uploads\/sites\/5\/2020\/10\/iBomber-Defense-Level-4-North-West-Africa-Counterattack-2.jpg 1280w\" sizes=\"(max-width: 800px) 100vw, 800px\" \/><\/a><figcaption class=\"blocks-gallery-item__caption\">V\u1ecb tr\u00ed th\u00e1p ph\u00e1o s\u00f3ng 10.<\/figcaption><\/figure><\/li><li class=\"blocks-gallery-item\"><figure><a href=\"https:\/\/ibomberdefense.standardof.net\/vi\/guide\/chien-dich-dong-minh\/4-tay-bac-phi-phan-cong-2\/ibomber-defense-level-4-north-west-africa-counterattack-3\/\"><img decoding=\"async\" width=\"800\" height=\"450\" src=\"https:\/\/ibomberdefense.standardof.net\/wp-content\/uploads\/sites\/5\/2020\/10\/iBomber-Defense-Level-4-North-West-Africa-Counterattack-3-800x450.jpg\" alt=\"&quot;iBomber Defense&quot; - C\u1ea5p \u0111\u1ed9 4 - T\u00e2y B\u1eafc Phi: Ph\u1ea3n c\u00f4ng (3)\" data-id=\"29\" data-full-url=\"https:\/\/ibomberdefense.standardof.net\/wp-content\/uploads\/sites\/5\/2020\/10\/iBomber-Defense-Level-4-North-West-Africa-Counterattack-3.jpg\" data-link=\"https:\/\/ibomberdefense.standardof.net\/guide\/allied-campaign\/4-north-west-africa-counterattack\/ibomber-defense-level-4-north-west-africa-counterattack-3\/\" class=\"wp-image-29\" title=\"\" srcset=\"https:\/\/ibomberdefense.standardof.net\/wp-content\/uploads\/sites\/5\/2020\/10\/iBomber-Defense-Level-4-North-West-Africa-Counterattack-3-800x450.jpg 800w, https:\/\/ibomberdefense.standardof.net\/wp-content\/uploads\/sites\/5\/2020\/10\/iBomber-Defense-Level-4-North-West-Africa-Counterattack-3-512x288.jpg 512w, https:\/\/ibomberdefense.standardof.net\/wp-content\/uploads\/sites\/5\/2020\/10\/iBomber-Defense-Level-4-North-West-Africa-Counterattack-3-200x113.jpg 200w, https:\/\/ibomberdefense.standardof.net\/wp-content\/uploads\/sites\/5\/2020\/10\/iBomber-Defense-Level-4-North-West-Africa-Counterattack-3-768x432.jpg 768w, https:\/\/ibomberdefense.standardof.net\/wp-content\/uploads\/sites\/5\/2020\/10\/iBomber-Defense-Level-4-North-West-Africa-Counterattack-3-16x9.jpg 16w, https:\/\/ibomberdefense.standardof.net\/wp-content\/uploads\/sites\/5\/2020\/10\/iBomber-Defense-Level-4-North-West-Africa-Counterattack-3.jpg 1280w\" sizes=\"(max-width: 800px) 100vw, 800px\" \/><\/a><figcaption class=\"blocks-gallery-item__caption\">V\u1ecb tr\u00ed th\u00e1p ph\u00e1o c\u1ee7a Wave 20.<\/figcaption><\/figure><\/li><\/ul><\/figure>\n\n\n\n<h3 class=\"wp-block-heading\"><strong>Chi ti\u00eau \u0111i\u1ec3m chi\u1ebfn th\u1eafng<\/strong><\/h3>\n\n\n\n<p>V\u1edbi 3 \u0111i\u1ec3m chi\u1ebfn th\u1eafng \u0111\u01b0\u1ee3c trao cho vi\u1ec7c ho\u00e0n th\u00e0nh nhi\u1ec7m v\u1ee5 n\u00e0y m\u1ed9t c\u00e1ch ho\u00e0n h\u1ea3o, t\u00f4i \u0111\u00e3 ch\u1ecdn \u0111\u01b0a hai \u0111i\u1ec3m \u0111\u00f3 v\u00e0o n\u00e2ng c\u1ea5p Mua, t\u0103ng gi\u00e1 tr\u1ecb b\u00e1n l\u1ea1i v\u00e0 cung c\u1ea5p kho b\u1ea1c kh\u1edfi \u0111i\u1ec3m l\u1edbn h\u01a1n. \u0110i\u1ec3m th\u1ee9 ba \u0111i v\u00e0o th\u00e1p ph\u00e1o Comms \u0111\u1ec3 m\u1edf kh\u00f3a c\u1ea5p \u0111\u1ed9 th\u1ee9 hai.<\/p>\n\n\n\n<p>C\u1ea5p \u0111\u1ed9 c\u1ee7a c\u00e1c v\u1eadt ph\u1ea9m hi\u1ec7n \u0111\u00e3 m\u1edf kh\u00f3a:<br>S\u00fang m\u00e1y 3, Ph\u00e1o 3, Ph\u00f2ng kh\u00f4ng 2, Ph\u00e1 ho\u1ea1i 1, H\u00e0ng 2, Mua 2, S\u1eeda ch\u1eefa 1<\/p>\n\n\n\n<hr class=\"wp-block-separator\"\/>\n\n\n\n<h4 class=\"has-text-align-center wp-block-heading\">H\u01b0\u1edbng d\u1eabn Video<\/h4>\n\n\n\n<figure class=\"wp-block-embed-youtube wp-block-embed is-type-video is-provider-youtube wp-embed-aspect-16-9 wp-has-aspect-ratio\"><div class=\"wp-block-embed__wrapper\">\n<div class=\"ast-oembed-container\" style=\"height: 100%;\"><iframe title=\"iBomber Defense - Ph\u1ea3n c\u00f4ng T\u00e2y B\u1eafc Phi - C\u1ef1u chi\u1ebfn binh + Ho\u00e0n h\u1ea3o\" width=\"500\" height=\"281\" src=\"https:\/\/www.youtube.com\/embed\/ASmemkYsZQs?feature=oembed\" frameborder=\"0\" allow=\"accelerometer; autoplay; clipboard-write; encrypted-media; gyroscope; picture-in-picture; web-share\" referrerpolicy=\"strict-origin-when-cross-origin\" allowfullscreen><\/iframe><\/div>\n<\/div><\/figure>","protected":false},"excerpt":{"rendered":"<p>In this counterattack bonus mission it is time to go back to the previous level, North West Africa, picking up where we left off for another 20 waves, which if you reach without losing any lives you will be awarded 3 victory points. Since this mission is a bonus one, you do not have to [&hellip;]<\/p>","protected":false},"author":1,"featured_media":29,"parent":266,"menu_order":4,"comment_status":"open","ping_status":"closed","template":"","meta":{"_uag_custom_page_level_css":"","site-sidebar-layout":"default","site-content-layout":"default","ast-site-content-layout":"","site-content-style":"default","site-sidebar-style":"default","ast-global-header-display":"","ast-banner-title-visibility":"","ast-main-header-display":"","ast-hfb-above-header-display":"","ast-hfb-below-header-display":"","ast-hfb-mobile-header-display":"","site-post-title":"","ast-breadcrumbs-content":"","ast-featured-img":"","footer-sml-layout":"","theme-transparent-header-meta":"default","adv-header-id-meta":"","stick-header-meta":"","header-above-stick-meta":"","header-main-stick-meta":"","header-below-stick-meta":"","astra-migrate-meta-layouts":"default","ast-page-background-enabled":"default","ast-page-background-meta":{"desktop":{"background-color":"","background-image":"","background-repeat":"repeat","background-position":"center center","background-size":"auto","background-attachment":"scroll","background-type":"","background-media":"","overlay-type":"","overlay-color":"","overlay-gradient":""},"tablet":{"background-color":"","background-image":"","background-repeat":"repeat","background-position":"center center","background-size":"auto","background-attachment":"scroll","background-type":"","background-media":"","overlay-type":"","overlay-color":"","overlay-gradient":""},"mobile":{"background-color":"","background-image":"","background-repeat":"repeat","background-position":"center center","background-size":"auto","background-attachment":"scroll","background-type":"","background-media":"","overlay-type":"","overlay-color":"","overlay-gradient":""}},"ast-content-background-meta":{"desktop":{"background-color":"var(--ast-global-color-5)","background-image":"","background-repeat":"repeat","background-position":"center center","background-size":"auto","background-attachment":"scroll","background-type":"","background-media":"","overlay-type":"","overlay-color":"","overlay-gradient":""},"tablet":{"background-color":"var(--ast-global-color-5)","background-image":"","background-repeat":"repeat","background-position":"center center","background-size":"auto","background-attachment":"scroll","background-type":"","background-media":"","overlay-type":"","overlay-color":"","overlay-gradient":""},"mobile":{"background-color":"var(--ast-global-color-5)","background-image":"","background-repeat":"repeat","background-position":"center center","background-size":"auto","background-attachment":"scroll","background-type":"","background-media":"","overlay-type":"","overlay-color":"","overlay-gradient":""}},"footnotes":""},"uagb_featured_image_src":{"full":["https:\/\/ibomberdefense.standardof.net\/wp-content\/uploads\/sites\/5\/2020\/10\/iBomber-Defense-Level-4-North-West-Africa-Counterattack-3.jpg",1280,720,false],"thumbnail":["https:\/\/ibomberdefense.standardof.net\/wp-content\/uploads\/sites\/5\/2020\/10\/iBomber-Defense-Level-4-North-West-Africa-Counterattack-3-200x113.jpg",200,113,true],"medium":["https:\/\/ibomberdefense.standardof.net\/wp-content\/uploads\/sites\/5\/2020\/10\/iBomber-Defense-Level-4-North-West-Africa-Counterattack-3-512x288.jpg",512,288,true],"medium_large":["https:\/\/ibomberdefense.standardof.net\/wp-content\/uploads\/sites\/5\/2020\/10\/iBomber-Defense-Level-4-North-West-Africa-Counterattack-3-768x432.jpg",768,432,true],"large":["https:\/\/ibomberdefense.standardof.net\/wp-content\/uploads\/sites\/5\/2020\/10\/iBomber-Defense-Level-4-North-West-Africa-Counterattack-3-800x450.jpg",800,450,true],"1536x1536":["https:\/\/ibomberdefense.standardof.net\/wp-content\/uploads\/sites\/5\/2020\/10\/iBomber-Defense-Level-4-North-West-Africa-Counterattack-3.jpg",1280,720,false],"2048x2048":["https:\/\/ibomberdefense.standardof.net\/wp-content\/uploads\/sites\/5\/2020\/10\/iBomber-Defense-Level-4-North-West-Africa-Counterattack-3.jpg",1280,720,false],"trp-custom-language-flag":["https:\/\/ibomberdefense.standardof.net\/wp-content\/uploads\/sites\/5\/2020\/10\/iBomber-Defense-Level-4-North-West-Africa-Counterattack-3-16x9.jpg",16,9,true]},"uagb_author_info":{"display_name":"SOE","author_link":"https:\/\/ibomberdefense.standardof.net\/vi\/author\/k-tastic\/"},"uagb_comment_info":0,"uagb_excerpt":"In this counterattack bonus mission it is time to go back to the previous level, North West Africa, picking up where we left off for another 20 waves, which if you reach without losing any lives you will be awarded 3 victory points. Since this mission is a bonus one, you do not have to&hellip;","_links":{"self":[{"href":"https:\/\/ibomberdefense.standardof.net\/vi\/wp-json\/wp\/v2\/pages\/283"}],"collection":[{"href":"https:\/\/ibomberdefense.standardof.net\/vi\/wp-json\/wp\/v2\/pages"}],"about":[{"href":"https:\/\/ibomberdefense.standardof.net\/vi\/wp-json\/wp\/v2\/types\/page"}],"author":[{"embeddable":true,"href":"https:\/\/ibomberdefense.standardof.net\/vi\/wp-json\/wp\/v2\/users\/1"}],"replies":[{"embeddable":true,"href":"https:\/\/ibomberdefense.standardof.net\/vi\/wp-json\/wp\/v2\/comments?post=283"}],"version-history":[{"count":0,"href":"https:\/\/ibomberdefense.standardof.net\/vi\/wp-json\/wp\/v2\/pages\/283\/revisions"}],"up":[{"embeddable":true,"href":"https:\/\/ibomberdefense.standardof.net\/vi\/wp-json\/wp\/v2\/pages\/266"}],"wp:featuredmedia":[{"embeddable":true,"href":"https:\/\/ibomberdefense.standardof.net\/vi\/wp-json\/wp\/v2\/media\/29"}],"wp:attachment":[{"href":"https:\/\/ibomberdefense.standardof.net\/vi\/wp-json\/wp\/v2\/media?parent=283"}],"curies":[{"name":"wp","href":"https:\/\/api.w.org\/{rel}","templated":true}]}}