{"id":284,"date":"2020-10-19T06:07:15","date_gmt":"2020-10-19T06:07:15","guid":{"rendered":"https:\/\/ibomberdefense.standardof.net\/?page_id=284"},"modified":"2020-10-19T08:06:04","modified_gmt":"2020-10-19T08:06:04","slug":"5-north-east-africa-red-scorpion","status":"publish","type":"page","link":"https:\/\/ibomberdefense.standardof.net\/vi\/guide\/chien-dich-dong-minh\/5-dong-bac-phi-bo-cap-do\/","title":{"rendered":"5. \u0110\u00f4ng B\u1eafc Phi: B\u1ecd c\u1ea1p \u0111\u1ecf"},"content":{"rendered":"<div class=\"wp-block-image\"><figure class=\"aligncenter size-large\"><a href=\"https:\/\/ibomberdefense.standardof.net\/vi\/guide\/chien-dich-dong-minh\/5-dong-bac-phi-bo-cap-do\/ibomber-defense-level-5-north-east-africa-red-scorpion-1\/\"><img decoding=\"async\" width=\"800\" height=\"450\" src=\"https:\/\/ibomberdefense.standardof.net\/wp-content\/uploads\/sites\/5\/2020\/10\/iBomber-Defense-Level-5-North-East-Africa-Red-Scorpion-1-800x450.jpg\" alt=\"&quot;iBomber Defense&quot; - C\u1ea5p \u0111\u1ed9 5 - \u0110\u00f4ng B\u1eafc Phi: B\u1ecd c\u1ea1p \u0111\u1ecf (1)\" class=\"wp-image-30\" title=\"\" srcset=\"https:\/\/ibomberdefense.standardof.net\/wp-content\/uploads\/sites\/5\/2020\/10\/iBomber-Defense-Level-5-North-East-Africa-Red-Scorpion-1-800x450.jpg 800w, https:\/\/ibomberdefense.standardof.net\/wp-content\/uploads\/sites\/5\/2020\/10\/iBomber-Defense-Level-5-North-East-Africa-Red-Scorpion-1-512x288.jpg 512w, https:\/\/ibomberdefense.standardof.net\/wp-content\/uploads\/sites\/5\/2020\/10\/iBomber-Defense-Level-5-North-East-Africa-Red-Scorpion-1-200x113.jpg 200w, https:\/\/ibomberdefense.standardof.net\/wp-content\/uploads\/sites\/5\/2020\/10\/iBomber-Defense-Level-5-North-East-Africa-Red-Scorpion-1-768x432.jpg 768w, https:\/\/ibomberdefense.standardof.net\/wp-content\/uploads\/sites\/5\/2020\/10\/iBomber-Defense-Level-5-North-East-Africa-Red-Scorpion-1-16x9.jpg 16w, https:\/\/ibomberdefense.standardof.net\/wp-content\/uploads\/sites\/5\/2020\/10\/iBomber-Defense-Level-5-North-East-Africa-Red-Scorpion-1.jpg 1280w\" sizes=\"(max-width: 800px) 100vw, 800px\" \/><\/a><figcaption>\u0110\u01b0\u1eddng \u0111i c\u1ee7a c\u00e1c \u0111\u01a1n v\u1ecb \u0111\u1ed1i ph\u01b0\u01a1ng \u1edf \u0110\u00f4ng B\u1eafc Phi. \u0110\u01b0\u1eddng m\u00e0u xanh l\u00e1 c\u00e2y v\u00e0 m\u00e0u v\u00e0ng l\u00e0 \u0111\u01a1n v\u1ecb m\u1eb7t \u0111\u1ea5t, \u0111\u01b0\u1eddng m\u00e0u \u0111en l\u00e0 \u0111\u01a1n v\u1ecb kh\u00f4ng qu\u00e2n.<\/figcaption><\/figure><\/div>\n\n\n\n<p>B\u00e2y gi\u1edd \u0111\u00e3 tr\u1edf l\u1ea1i sa m\u1ea1c m\u1ed9t l\u1ea7n n\u1eefa nh\u01b0ng \u1edf m\u1ed9t \u0111\u1ecba \u0111i\u1ec3m m\u1edbi, \u0110\u00f4ng B\u1eafc Phi ph\u1ea3i \u0111\u1ed1i m\u1eb7t v\u1edbi 3 con \u0111\u01b0\u1eddng kh\u00e1c nhau c\u1ee7a c\u00e1c \u0111\u01a1n v\u1ecb m\u1eb7t \u0111\u1ea5t di chuy\u1ec3n gi\u1eefa m\u1ed9t lo\u1ea1t cao nguy\u00ean m\u00e0 ch\u00fang ta c\u00f3 th\u1ec3 x\u00e2y d\u1ef1ng \u0111\u1ec3 t\u0103ng t\u1ea7m ho\u1ea1t \u0111\u1ed9ng v\u1edbi nh\u00f3m \u0111\u01a1n v\u1ecb kh\u00f4ng qu\u00e2n \u0111\u1ea7u ti\u00ean ph\u1ea3i \u0111\u1ed1i m\u1eb7t t\u1eeb tr\u01b0\u1edbc \u0111\u1ebfn nay. trung t\u00e2m c\u1ee7a b\u1ea3n \u0111\u1ed3.<\/p>\n\n\n\n<p>N\u01a1i t\u1ed1t nh\u1ea5t \u0111\u1ec3 t\u1eadp trung x\u00e2y d\u1ef1ng v\u0169 kh\u00ed c\u1ee7a b\u1ea1n l\u00e0 tr\u00ean c\u00e1c cao nguy\u00ean chi\u1ebfm trung t\u00e2m c\u1ee7a b\u1ea3n \u0111\u1ed3. V\u00ec nh\u1eefng con \u0111\u01b0\u1eddng \u0111an xen gi\u1eefa v\u00e0 h\u1ed9i t\u1ee5 xung quanh khu \u0111\u1ea5t cao n\u00e0y, c\u00e1c th\u00e1p ph\u00e1o \u0111\u1eb7t d\u1ecdc theo khu v\u1ef1c n\u00e0y s\u1ebd c\u00f3 m\u1ed9t tr\u01b0\u1eddng b\u1eafn tuy\u1ec7t v\u1eddi \u0111\u1ec3 b\u1eafn tr\u00fang ph\u1ea7n l\u1edbn c\u00e1c \u0111\u01a1n v\u1ecb \u0111ang ti\u1ebfn v\u1ec1 c\u0103n c\u1ee9 c\u1ee7a b\u1ea1n.<\/p>\n\n\n\n<h3 class=\"wp-block-heading\"><strong>V\u1ecb tr\u00ed th\u00e1p ph\u00e1o<\/strong><\/h3>\n\n\n\n<p>B\u1eaft \u0111\u1ea7u \u0111\u1eb7t m\u1ed9t c\u1eb7p th\u00e1p s\u00fang M\u00e1y \u1edf n\u01a1i c\u00e1c con \u0111\u01b0\u1eddng h\u1ed9i t\u1ee5 th\u00e0nh con \u0111\u01b0\u1eddng duy nh\u1ea5t cu\u1ed1i c\u00f9ng h\u01b0\u1edbng t\u1edbi c\u0103n c\u1ee9, tr\u00ean cao nguy\u00ean ngay ph\u00eda t\u00e2y b\u1eafc c\u1ee7a c\u0103n c\u1ee9. B\u1eaft \u0111\u1ea7u ti\u1ebft ki\u1ec7m cho th\u00e1p ph\u00e1o Comms \u0111\u1ec3 \u0111\u1eb7t tr\u00ean cao nguy\u00ean n\u00e0y, sau \u0111\u00f3 ti\u1ebfp t\u1ee5c x\u00e2y d\u1ef1ng tr\u00ean \u0111\u00f3 b\u1eb1ng \u0110\u1ea1i b\u00e1c v\u00e0 m\u1ed9t S\u00fang m\u00e1y kh\u00e1c \u0111\u1ec3 c\u00f3 nhi\u1ec1u th\u00e1p ph\u00e1o ch\u1ed3ng l\u00ean nhau khu v\u1ef1c h\u1ed9i t\u1ee5, \u0111\u1eb7c bi\u1ec7t l\u00e0 khi t\u0103ng chi\u1ec1u cao v\u00e0 ph\u1ea1m vi di chuy\u1ec3n.<\/p>\n\n\n\n<p>S\u00f3ng kh\u00f4ng kh\u00ed xu\u1ea5t hi\u1ec7n l\u1ea7n \u0111\u1ea7u ti\u00ean trong tr\u00f2 ch\u01a1i \u1edf l\u00e0n s\u00f3ng 20, v\u00ec v\u1eady h\u00e3y \u0111\u1ea3m b\u1ea3o c\u00f3 m\u1ed9t s\u1ed1 th\u00e1p Ph\u00f2ng kh\u00f4ng tr\u01b0\u1edbc \u0111\u00f3, \u0111\u1eb7t ch\u00fang v\u1ec1 ph\u00eda trung t\u00e2m c\u1ee7a b\u1ea3n \u0111\u1ed3 \u0111\u1ec3 c\u00f3 \u0111\u01b0\u1ee3c t\u1ea7m bao qu\u00e1t t\u1ed1t nh\u1ea5t d\u1ecdc theo \u0111\u01b0\u1eddng \u0111i c\u1ee7a \u0111\u01a1n v\u1ecb kh\u00f4ng qu\u00e2n. Khi cao nguy\u00ean \u0111\u1ea7u ti\u00ean \u0111\u01b0\u1ee3c trang b\u1ecb \u0111\u1ed9c \u0111\u00e1o, b\u1ea1n c\u00f3 th\u1ec3 l\u00e0m vi\u1ec7c \u0111\u1ec3 th\u00eam v\u00e0o 3 cao nguy\u00ean trung t\u00e2m kh\u00e1c trong khi th\u00eam Comms v\u00e0o m\u1ed7i cao nguy\u00ean \u0111\u1ec3 t\u1ea1o cho m\u00ecnh m\u1ed9t m\u1ea1ng l\u01b0\u1edbi ph\u00f2ng th\u1ee7 m\u1ea1nh m\u1ebd.<\/p>\n\n\n\n<figure class=\"wp-block-gallery columns-2 is-cropped wp-block-gallery-1 is-layout-flex wp-block-gallery-is-layout-flex\"><ul class=\"blocks-gallery-grid\"><li class=\"blocks-gallery-item\"><figure><a href=\"https:\/\/ibomberdefense.standardof.net\/vi\/guide\/chien-dich-dong-minh\/5-dong-bac-phi-bo-cap-do\/ibomber-defense-level-5-north-east-africa-red-scorpion-2\/\"><img decoding=\"async\" width=\"800\" height=\"450\" src=\"https:\/\/ibomberdefense.standardof.net\/wp-content\/uploads\/sites\/5\/2020\/10\/iBomber-Defense-Level-5-North-East-Africa-Red-Scorpion-2-800x450.jpg\" alt=\"&quot;iBomber Defense&quot; - C\u1ea5p \u0111\u1ed9 5 - \u0110\u00f4ng B\u1eafc Phi: B\u1ecd c\u1ea1p \u0111\u1ecf (2)\" data-id=\"31\" data-full-url=\"https:\/\/ibomberdefense.standardof.net\/wp-content\/uploads\/sites\/5\/2020\/10\/iBomber-Defense-Level-5-North-East-Africa-Red-Scorpion-2.jpg\" data-link=\"https:\/\/ibomberdefense.standardof.net\/guide\/allied-campaign\/5-north-east-africa-red-scorpion\/ibomber-defense-level-5-north-east-africa-red-scorpion-2\/\" class=\"wp-image-31\" title=\"\" srcset=\"https:\/\/ibomberdefense.standardof.net\/wp-content\/uploads\/sites\/5\/2020\/10\/iBomber-Defense-Level-5-North-East-Africa-Red-Scorpion-2-800x450.jpg 800w, https:\/\/ibomberdefense.standardof.net\/wp-content\/uploads\/sites\/5\/2020\/10\/iBomber-Defense-Level-5-North-East-Africa-Red-Scorpion-2-512x288.jpg 512w, https:\/\/ibomberdefense.standardof.net\/wp-content\/uploads\/sites\/5\/2020\/10\/iBomber-Defense-Level-5-North-East-Africa-Red-Scorpion-2-200x113.jpg 200w, https:\/\/ibomberdefense.standardof.net\/wp-content\/uploads\/sites\/5\/2020\/10\/iBomber-Defense-Level-5-North-East-Africa-Red-Scorpion-2-768x432.jpg 768w, https:\/\/ibomberdefense.standardof.net\/wp-content\/uploads\/sites\/5\/2020\/10\/iBomber-Defense-Level-5-North-East-Africa-Red-Scorpion-2-16x9.jpg 16w, https:\/\/ibomberdefense.standardof.net\/wp-content\/uploads\/sites\/5\/2020\/10\/iBomber-Defense-Level-5-North-East-Africa-Red-Scorpion-2.jpg 1280w\" sizes=\"(max-width: 800px) 100vw, 800px\" \/><\/a><figcaption class=\"blocks-gallery-item__caption\">V\u1ecb tr\u00ed th\u00e1p ph\u00e1o s\u00f3ng 10.<\/figcaption><\/figure><\/li><li class=\"blocks-gallery-item\"><figure><a href=\"https:\/\/ibomberdefense.standardof.net\/vi\/guide\/chien-dich-dong-minh\/5-dong-bac-phi-bo-cap-do\/ibomber-defense-level-5-north-east-africa-red-scorpion-3\/\"><img decoding=\"async\" width=\"800\" height=\"450\" src=\"https:\/\/ibomberdefense.standardof.net\/wp-content\/uploads\/sites\/5\/2020\/10\/iBomber-Defense-Level-5-North-East-Africa-Red-Scorpion-3-800x450.jpg\" alt=\"&quot;iBomber Defense&quot; - C\u1ea5p \u0111\u1ed9 5 - \u0110\u00f4ng B\u1eafc Phi: B\u1ecd c\u1ea1p \u0111\u1ecf (3)\" data-id=\"32\" data-full-url=\"https:\/\/ibomberdefense.standardof.net\/wp-content\/uploads\/sites\/5\/2020\/10\/iBomber-Defense-Level-5-North-East-Africa-Red-Scorpion-3.jpg\" data-link=\"https:\/\/ibomberdefense.standardof.net\/guide\/allied-campaign\/5-north-east-africa-red-scorpion\/ibomber-defense-level-5-north-east-africa-red-scorpion-3\/\" class=\"wp-image-32\" title=\"\" srcset=\"https:\/\/ibomberdefense.standardof.net\/wp-content\/uploads\/sites\/5\/2020\/10\/iBomber-Defense-Level-5-North-East-Africa-Red-Scorpion-3-800x450.jpg 800w, https:\/\/ibomberdefense.standardof.net\/wp-content\/uploads\/sites\/5\/2020\/10\/iBomber-Defense-Level-5-North-East-Africa-Red-Scorpion-3-512x288.jpg 512w, https:\/\/ibomberdefense.standardof.net\/wp-content\/uploads\/sites\/5\/2020\/10\/iBomber-Defense-Level-5-North-East-Africa-Red-Scorpion-3-200x113.jpg 200w, https:\/\/ibomberdefense.standardof.net\/wp-content\/uploads\/sites\/5\/2020\/10\/iBomber-Defense-Level-5-North-East-Africa-Red-Scorpion-3-768x432.jpg 768w, https:\/\/ibomberdefense.standardof.net\/wp-content\/uploads\/sites\/5\/2020\/10\/iBomber-Defense-Level-5-North-East-Africa-Red-Scorpion-3-16x9.jpg 16w, https:\/\/ibomberdefense.standardof.net\/wp-content\/uploads\/sites\/5\/2020\/10\/iBomber-Defense-Level-5-North-East-Africa-Red-Scorpion-3.jpg 1280w\" sizes=\"(max-width: 800px) 100vw, 800px\" \/><\/a><figcaption class=\"blocks-gallery-item__caption\">V\u1ecb tr\u00ed th\u00e1p ph\u00e1o c\u1ee7a Wave 20.<\/figcaption><\/figure><\/li><li class=\"blocks-gallery-item\"><figure><a href=\"https:\/\/ibomberdefense.standardof.net\/vi\/guide\/chien-dich-dong-minh\/5-dong-bac-phi-bo-cap-do\/ibomber-defense-level-5-north-east-africa-red-scorpion-4\/\"><img decoding=\"async\" width=\"800\" height=\"450\" src=\"https:\/\/ibomberdefense.standardof.net\/wp-content\/uploads\/sites\/5\/2020\/10\/iBomber-Defense-Level-5-North-East-Africa-Red-Scorpion-4-800x450.jpg\" alt=\"&quot;iBomber Defense&quot; - C\u1ea5p \u0111\u1ed9 5 - \u0110\u00f4ng B\u1eafc Phi: B\u1ecd c\u1ea1p \u0111\u1ecf (4)\" data-id=\"33\" data-full-url=\"https:\/\/ibomberdefense.standardof.net\/wp-content\/uploads\/sites\/5\/2020\/10\/iBomber-Defense-Level-5-North-East-Africa-Red-Scorpion-4.jpg\" data-link=\"https:\/\/ibomberdefense.standardof.net\/guide\/allied-campaign\/5-north-east-africa-red-scorpion\/ibomber-defense-level-5-north-east-africa-red-scorpion-4\/\" class=\"wp-image-33\" title=\"\" srcset=\"https:\/\/ibomberdefense.standardof.net\/wp-content\/uploads\/sites\/5\/2020\/10\/iBomber-Defense-Level-5-North-East-Africa-Red-Scorpion-4-800x450.jpg 800w, https:\/\/ibomberdefense.standardof.net\/wp-content\/uploads\/sites\/5\/2020\/10\/iBomber-Defense-Level-5-North-East-Africa-Red-Scorpion-4-512x288.jpg 512w, https:\/\/ibomberdefense.standardof.net\/wp-content\/uploads\/sites\/5\/2020\/10\/iBomber-Defense-Level-5-North-East-Africa-Red-Scorpion-4-200x113.jpg 200w, https:\/\/ibomberdefense.standardof.net\/wp-content\/uploads\/sites\/5\/2020\/10\/iBomber-Defense-Level-5-North-East-Africa-Red-Scorpion-4-768x432.jpg 768w, https:\/\/ibomberdefense.standardof.net\/wp-content\/uploads\/sites\/5\/2020\/10\/iBomber-Defense-Level-5-North-East-Africa-Red-Scorpion-4-16x9.jpg 16w, https:\/\/ibomberdefense.standardof.net\/wp-content\/uploads\/sites\/5\/2020\/10\/iBomber-Defense-Level-5-North-East-Africa-Red-Scorpion-4.jpg 1280w\" sizes=\"(max-width: 800px) 100vw, 800px\" \/><\/a><figcaption class=\"blocks-gallery-item__caption\">V\u1ecb tr\u00ed th\u00e1p ph\u00e1o c\u1ee7a Wave 30.<\/figcaption><\/figure><\/li><\/ul><\/figure>\n\n\n\n<h3 class=\"wp-block-heading\"><strong>Chi ti\u00eau \u0111i\u1ec3m chi\u1ebfn th\u1eafng<\/strong><\/h3>\n\n\n\n<p>V\u1edbi vi\u1ec7c gi\u1edbi thi\u1ec7u c\u00e1c \u0111\u01a1n v\u1ecb kh\u00f4ng qu\u00e2n v\u00e0o th\u1eddi \u0111i\u1ec3m n\u00e0y trong tr\u00f2 ch\u01a1i, t\u1ed1t nh\u1ea5t b\u1ea1n n\u00ean d\u00e0nh m\u1ed9t trong hai \u0111i\u1ec3m chi\u1ebfn th\u1eafng gi\u00e0nh \u0111\u01b0\u1ee3c t\u1eeb c\u1ea5p \u0111\u1ed9 n\u00e0y tr\u00ean th\u00e1p ph\u00e1o Ph\u00f2ng kh\u00f4ng \u0111\u1ec3 m\u1edf kh\u00f3a c\u1ea5p \u0111\u1ed9 th\u1ee9 ba v\u00ec kh\u00f4ng gian d\u00e0nh cho ch\u00fang th\u01b0\u1eddng b\u1ecb h\u1ea1n ch\u1ebf, c\u1ea7n n\u00e2ng c\u1ea5p c\u1ea5p \u0111\u1ed9 th\u1ee9 3. Ti\u1ebfp theo, ch\u00fang ta c\u00f3 th\u1ec3 n\u00e2ng c\u1ea5p th\u00e1p ph\u00e1o Sabotage l\u00ean c\u1ea5p \u0111\u1ed9 2 \u0111\u1ec3 c\u00f3 m\u1ed9t c\u00f4ng c\u1ee5 t\u1ed1t h\u01a1n \u0111\u1ec3 s\u1eed d\u1ee5ng \u0111\u1ec3 l\u00e0m ch\u1eadm k\u1ebb th\u00f9.<\/p>\n\n\n\n<p>C\u1ea5p \u0111\u1ed9 c\u1ee7a c\u00e1c v\u1eadt ph\u1ea9m hi\u1ec7n \u0111\u00e3 m\u1edf kh\u00f3a:<br>S\u00fang m\u00e1y 3, Ph\u00e1o 3, Ph\u00f2ng kh\u00f4ng 3, Ph\u00e1 ho\u1ea1i 2, H\u00e0ng 2, Mua 2, S\u1eeda ch\u1eefa 1<\/p>\n\n\n\n<hr class=\"wp-block-separator\"\/>\n\n\n\n<h4 class=\"has-text-align-center wp-block-heading\">H\u01b0\u1edbng d\u1eabn Video<\/h4>\n\n\n\n<figure class=\"wp-block-embed-youtube wp-block-embed is-type-video is-provider-youtube wp-embed-aspect-16-9 wp-has-aspect-ratio\"><div class=\"wp-block-embed__wrapper\">\n<div class=\"ast-oembed-container\" style=\"height: 100%;\"><iframe title=\"iBomber Defense - \u0110\u00f4ng B\u1eafc Phi - B\u1ecd c\u1ea1p \u0111\u1ecf - C\u1ef1u chi\u1ebfn binh + Ho\u00e0n h\u1ea3o\" width=\"500\" height=\"281\" src=\"https:\/\/www.youtube.com\/embed\/3Vn9yk3Rkgc?feature=oembed\" frameborder=\"0\" allow=\"accelerometer; autoplay; clipboard-write; encrypted-media; gyroscope; picture-in-picture; web-share\" referrerpolicy=\"strict-origin-when-cross-origin\" allowfullscreen><\/iframe><\/div>\n<\/div><\/figure>","protected":false},"excerpt":{"rendered":"<p>Now were back to the desert again but in a new location, North East Africa facing 3 different paths of ground units that travel between a series of plateaus that we can build on for increased range with the first group of air units faced so far traveling down the center of the map. The [&hellip;]<\/p>","protected":false},"author":1,"featured_media":33,"parent":266,"menu_order":5,"comment_status":"open","ping_status":"closed","template":"","meta":{"_uag_custom_page_level_css":"","site-sidebar-layout":"default","site-content-layout":"default","ast-site-content-layout":"","site-content-style":"default","site-sidebar-style":"default","ast-global-header-display":"","ast-banner-title-visibility":"","ast-main-header-display":"","ast-hfb-above-header-display":"","ast-hfb-below-header-display":"","ast-hfb-mobile-header-display":"","site-post-title":"","ast-breadcrumbs-content":"","ast-featured-img":"","footer-sml-layout":"","theme-transparent-header-meta":"default","adv-header-id-meta":"","stick-header-meta":"","header-above-stick-meta":"","header-main-stick-meta":"","header-below-stick-meta":"","astra-migrate-meta-layouts":"default","ast-page-background-enabled":"default","ast-page-background-meta":{"desktop":{"background-color":"","background-image":"","background-repeat":"repeat","background-position":"center center","background-size":"auto","background-attachment":"scroll","background-type":"","background-media":"","overlay-type":"","overlay-color":"","overlay-gradient":""},"tablet":{"background-color":"","background-image":"","background-repeat":"repeat","background-position":"center center","background-size":"auto","background-attachment":"scroll","background-type":"","background-media":"","overlay-type":"","overlay-color":"","overlay-gradient":""},"mobile":{"background-color":"","background-image":"","background-repeat":"repeat","background-position":"center center","background-size":"auto","background-attachment":"scroll","background-type":"","background-media":"","overlay-type":"","overlay-color":"","overlay-gradient":""}},"ast-content-background-meta":{"desktop":{"background-color":"var(--ast-global-color-5)","background-image":"","background-repeat":"repeat","background-position":"center center","background-size":"auto","background-attachment":"scroll","background-type":"","background-media":"","overlay-type":"","overlay-color":"","overlay-gradient":""},"tablet":{"background-color":"var(--ast-global-color-5)","background-image":"","background-repeat":"repeat","background-position":"center center","background-size":"auto","background-attachment":"scroll","background-type":"","background-media":"","overlay-type":"","overlay-color":"","overlay-gradient":""},"mobile":{"background-color":"var(--ast-global-color-5)","background-image":"","background-repeat":"repeat","background-position":"center center","background-size":"auto","background-attachment":"scroll","background-type":"","background-media":"","overlay-type":"","overlay-color":"","overlay-gradient":""}},"footnotes":""},"uagb_featured_image_src":{"full":["https:\/\/ibomberdefense.standardof.net\/wp-content\/uploads\/sites\/5\/2020\/10\/iBomber-Defense-Level-5-North-East-Africa-Red-Scorpion-4.jpg",1280,720,false],"thumbnail":["https:\/\/ibomberdefense.standardof.net\/wp-content\/uploads\/sites\/5\/2020\/10\/iBomber-Defense-Level-5-North-East-Africa-Red-Scorpion-4-200x113.jpg",200,113,true],"medium":["https:\/\/ibomberdefense.standardof.net\/wp-content\/uploads\/sites\/5\/2020\/10\/iBomber-Defense-Level-5-North-East-Africa-Red-Scorpion-4-512x288.jpg",512,288,true],"medium_large":["https:\/\/ibomberdefense.standardof.net\/wp-content\/uploads\/sites\/5\/2020\/10\/iBomber-Defense-Level-5-North-East-Africa-Red-Scorpion-4-768x432.jpg",768,432,true],"large":["https:\/\/ibomberdefense.standardof.net\/wp-content\/uploads\/sites\/5\/2020\/10\/iBomber-Defense-Level-5-North-East-Africa-Red-Scorpion-4-800x450.jpg",800,450,true],"1536x1536":["https:\/\/ibomberdefense.standardof.net\/wp-content\/uploads\/sites\/5\/2020\/10\/iBomber-Defense-Level-5-North-East-Africa-Red-Scorpion-4.jpg",1280,720,false],"2048x2048":["https:\/\/ibomberdefense.standardof.net\/wp-content\/uploads\/sites\/5\/2020\/10\/iBomber-Defense-Level-5-North-East-Africa-Red-Scorpion-4.jpg",1280,720,false],"trp-custom-language-flag":["https:\/\/ibomberdefense.standardof.net\/wp-content\/uploads\/sites\/5\/2020\/10\/iBomber-Defense-Level-5-North-East-Africa-Red-Scorpion-4-16x9.jpg",16,9,true]},"uagb_author_info":{"display_name":"SOE","author_link":"https:\/\/ibomberdefense.standardof.net\/vi\/author\/k-tastic\/"},"uagb_comment_info":0,"uagb_excerpt":"Now were back to the desert again but in a new location, North East Africa facing 3 different paths of ground units that travel between a series of plateaus that we can build on for increased range with the first group of air units faced so far traveling down the center of the map. The&hellip;","_links":{"self":[{"href":"https:\/\/ibomberdefense.standardof.net\/vi\/wp-json\/wp\/v2\/pages\/284"}],"collection":[{"href":"https:\/\/ibomberdefense.standardof.net\/vi\/wp-json\/wp\/v2\/pages"}],"about":[{"href":"https:\/\/ibomberdefense.standardof.net\/vi\/wp-json\/wp\/v2\/types\/page"}],"author":[{"embeddable":true,"href":"https:\/\/ibomberdefense.standardof.net\/vi\/wp-json\/wp\/v2\/users\/1"}],"replies":[{"embeddable":true,"href":"https:\/\/ibomberdefense.standardof.net\/vi\/wp-json\/wp\/v2\/comments?post=284"}],"version-history":[{"count":0,"href":"https:\/\/ibomberdefense.standardof.net\/vi\/wp-json\/wp\/v2\/pages\/284\/revisions"}],"up":[{"embeddable":true,"href":"https:\/\/ibomberdefense.standardof.net\/vi\/wp-json\/wp\/v2\/pages\/266"}],"wp:featuredmedia":[{"embeddable":true,"href":"https:\/\/ibomberdefense.standardof.net\/vi\/wp-json\/wp\/v2\/media\/33"}],"wp:attachment":[{"href":"https:\/\/ibomberdefense.standardof.net\/vi\/wp-json\/wp\/v2\/media?parent=284"}],"curies":[{"name":"wp","href":"https:\/\/api.w.org\/{rel}","templated":true}]}}