{"id":285,"date":"2020-10-19T06:07:32","date_gmt":"2020-10-19T06:07:32","guid":{"rendered":"https:\/\/ibomberdefense.standardof.net\/?page_id=285"},"modified":"2020-10-19T08:06:08","modified_gmt":"2020-10-19T08:06:08","slug":"6-south-east-europe-eightball","status":"publish","type":"page","link":"https:\/\/ibomberdefense.standardof.net\/vi\/guide\/chien-dich-dong-minh\/6-dong-nam-chau-au\/","title":{"rendered":"6. \u0110\u00f4ng Nam \u00c2u: Qu\u1ea3 b\u00f3ng t\u00e1m"},"content":{"rendered":"<div class=\"wp-block-image\"><figure class=\"aligncenter size-large\"><a href=\"https:\/\/ibomberdefense.standardof.net\/vi\/guide\/chien-dich-dong-minh\/6-dong-nam-chau-au\/ibomber-defense-level-6-south-east-europe-eightball-1\/\"><img decoding=\"async\" width=\"800\" height=\"450\" src=\"https:\/\/ibomberdefense.standardof.net\/wp-content\/uploads\/sites\/5\/2020\/10\/iBomber-Defense-Level-6-South-East-Europe-Eightball-1-800x450.jpg\" alt=\"&quot;iBomber Defense&quot; - C\u1ea5p \u0111\u1ed9 6 - \u0110\u00f4ng Nam \u00c2u: Eightball (1)\" class=\"wp-image-34\" title=\"\" srcset=\"https:\/\/ibomberdefense.standardof.net\/wp-content\/uploads\/sites\/5\/2020\/10\/iBomber-Defense-Level-6-South-East-Europe-Eightball-1-800x450.jpg 800w, https:\/\/ibomberdefense.standardof.net\/wp-content\/uploads\/sites\/5\/2020\/10\/iBomber-Defense-Level-6-South-East-Europe-Eightball-1-512x288.jpg 512w, https:\/\/ibomberdefense.standardof.net\/wp-content\/uploads\/sites\/5\/2020\/10\/iBomber-Defense-Level-6-South-East-Europe-Eightball-1-200x113.jpg 200w, https:\/\/ibomberdefense.standardof.net\/wp-content\/uploads\/sites\/5\/2020\/10\/iBomber-Defense-Level-6-South-East-Europe-Eightball-1-768x432.jpg 768w, https:\/\/ibomberdefense.standardof.net\/wp-content\/uploads\/sites\/5\/2020\/10\/iBomber-Defense-Level-6-South-East-Europe-Eightball-1-16x9.jpg 16w, https:\/\/ibomberdefense.standardof.net\/wp-content\/uploads\/sites\/5\/2020\/10\/iBomber-Defense-Level-6-South-East-Europe-Eightball-1.jpg 1280w\" sizes=\"(max-width: 800px) 100vw, 800px\" \/><\/a><figcaption>C\u00e1c con \u0111\u01b0\u1eddng m\u00e0u \u0111\u1ecf v\u00e0 xanh lam bi\u1ec3u th\u1ecb c\u00e1c tuy\u1ebfn \u0111\u01b0\u1eddng di chuy\u1ec3n c\u1ee7a c\u00e1c \u0111\u01a1n v\u1ecb m\u1eb7t \u0111\u1ea5t v\u1edbi c\u00e1c \u0111\u01a1n v\u1ecb kh\u00f4ng qu\u00e2n \u0111i theo con \u0111\u01b0\u1eddng m\u00e0u cam \u1edf \u0110\u00f4ng Nam \u00c2u.<\/figcaption><\/figure><\/div>\n\n\n\n<p>B\u00e2y gi\u1edd ch\u00fang t\u00f4i quay tr\u1edf l\u1ea1i v\u00f9ng \u0111\u1ea5t r\u1eebng xanh t\u01b0\u01a1i \u0111\u1ec3 \u0111\u1ed1i m\u1eb7t v\u1edbi 30 l\u00e0n s\u00f3ng c\u1ee7a c\u00e1c \u0111\u01a1n v\u1ecb m\u1eb7t \u0111\u1ea5t v\u00e0 kh\u00f4ng qu\u00e2n di chuy\u1ec3n xung quanh v\u00e0 tr\u00ean m\u1ed9t h\u1ed3 n\u01b0\u1edbc g\u1ea7n \u0111\u00f3 m\u00e0 c\u0103n c\u1ee9 n\u1eb1m ngay ph\u00eda \u0111\u00f4ng nam. Th\u1eadt kh\u00f4ng may, c\u00e1c con \u0111\u01b0\u1eddng \u1edf \u0111\u00e2y h\u1ed9i t\u1ee5 r\u1ea5t mu\u1ed9n v\u00e0 c\u00f3 r\u1ea5t \u00edt c\u01a1 h\u1ed9i b\u1ed1 tr\u00ed th\u00e1p ph\u00e1o, v\u00ec v\u1eady c\u00e1c chi\u1ebfn l\u01b0\u1ee3c \u1edf \u0111\u00e2y s\u1ebd ph\u1ea3i t\u1eadp trung v\u00e0o hai c\u0103n c\u1ee9 h\u1ecfa l\u1ef1c ri\u00eang bi\u1ec7t \u0111\u1ec3 x\u1eed l\u00fd t\u1eebng \u0111\u01b0\u1eddng v\u00e0o c\u1ee7a c\u00e1c \u0111\u01a1n v\u1ecb m\u1eb7t \u0111\u1ea5t c\u00f3 AA \u1edf trung t\u00e2m.<\/p>\n\n\n\n<p>Ch\u1ec9 c\u00f3 hai con \u0111\u01b0\u1eddng m\u00e0 c\u00e1c \u0111\u01a1n v\u1ecb m\u1eb7t \u0111\u1ea5t th\u1ef1c hi\u1ec7n, v\u1edbi m\u1ed9t ph\u1ea7n ba d\u00e0nh cho M\u00e1y bay \u0111i qua \u0111\u01b0\u1eddng cong \u1edf gi\u1eefa s\u1eafp t\u1edbi c\u0103n c\u1ee9. C\u00e1c c\u0103n c\u1ee9 h\u1ecfa l\u1ef1c m\u00e0 ch\u00fang t\u00f4i s\u1ebd ch\u1ecdn \u0111\u1ec3 x\u00e2y d\u1ef1ng s\u1ebd n\u1eb1m tr\u00ean cao nguy\u00ean ph\u00eda nam v\u00e0 kho\u1ea3ng \u0111\u1ea5t tr\u1ed1ng gi\u1eefa r\u1eebng v\u00e0 h\u1ed3 \u1edf l\u1ed1i v\u00e0o ph\u00eda b\u1eafc.<\/p>\n\n\n\n<h3 class=\"wp-block-heading\"><strong>V\u1ecb tr\u00ed th\u00e1p ph\u00e1o<\/strong><\/h3>\n\n\n\n<p>Cho \u0111\u1ebfn h\u1ebft l\u00e0n s\u00f3ng 10, t\u1ed1t nh\u1ea5t b\u1ea1n n\u00ean t\u1eadp trung v\u00e0o m\u1ed9t c\u1eb7p th\u00e1p s\u00fang M\u00e1y cho m\u1ed7i c\u0103n c\u1ee9 h\u1ecfa l\u1ef1c \u0111\u01b0\u1ee3c \u0111\u1ec1 c\u1eadp \u1edf tr\u00ean v\u00e0 c\u00f3 th\u1ec3 nh\u00ecn th\u1ea5y trong h\u00ecnh \u1ea3nh l\u00e0n s\u00f3ng \u1edf b\u00ean ph\u1ea3i. \u0110\u01b0a t\u1eebng c\u1eb7p tr\u1ee5 c\u1ee7a S\u00fang M\u00e1y l\u00ean c\u1ea5p 3 v\u00ec ch\u00fang s\u1ebd \u0111\u1ed1i m\u1eb7t v\u1edbi h\u1ea7u h\u1ebft c\u00e1c \u0111\u01a1n v\u1ecb h\u1ea1ng nh\u1eb9 cho \u0111\u1ebfn th\u1eddi \u0111i\u1ec3m n\u00e0y. M\u1ed7i khi th\u00e1p s\u00fang M\u00e1y m\u1edbi l\u00ean, n\u00f3 s\u1ebd \u0111\u01b0\u1ee3c n\u00e2ng c\u1ea5p l\u00ean c\u1ea5p 3 kh\u00e1 nhanh.<\/p>\n\n\n\n<p>T\u1eeb c\u00e1c \u0111\u1ee3t 10 \u0111\u1ebfn 20, b\u1ea1n s\u1ebd mu\u1ed1n t\u1eadp trung v\u00e0o vi\u1ec7c x\u00e2y d\u1ef1ng m\u1ed9t th\u00e1p s\u00fang M\u00e1y th\u1ee9 3 t\u1ea1i m\u1ed7i c\u0103n c\u1ee9 h\u1ecfa l\u1ef1c trong khi th\u00eam m\u1ed9t Th\u00e1p ph\u00e1o Comms v\u00e0o m\u1ed7i c\u0103n c\u1ee9 \u0111\u1ec3 n\u00e2ng cao t\u1ea7m b\u1eafn c\u1ee7a ch\u00fang. \u0110\u1ebfn c\u1ea5p \u0111\u1ed9 15, b\u1ea1n s\u1ebd c\u1ea7n ph\u1ea3i c\u00f3 m\u1ed9t th\u00e1p ph\u00e1o Ph\u00f2ng kh\u00f4ng \u0111\u01b0\u1ee3c \u0111\u1eb7t \u1edf c\u0103n c\u1ee9 h\u1ecfa l\u1ef1c ph\u00eda b\u1eafc, c\u00e1ch xa r\u00eca c\u1ee7a con \u0111\u01b0\u1eddng \u0111\u1ec3 tr\u00e1nh s\u1eed d\u1ee5ng h\u1ebft m\u1ed9t v\u1ecb tr\u00ed h\u1eefu \u00edch h\u01a1n cho m\u1ed9t kh\u1ea9u s\u00fang kh\u00e1c. V\u1ec1 h\u01b0\u1edbng 20, vi\u1ec7c b\u1ed5 sung m\u1ed9t kh\u1ea9u ph\u00e1o v\u1edbi th\u00e1p ph\u00e1o Comms th\u1ee9 ba ngay b\u00ean c\u1ea1nh c\u0103n c\u1ee9 t\u1ea1i c\u00e1c \u0111\u01b0\u1eddng d\u1eabn h\u1ed9i t\u1ee5 s\u1ebd cho ph\u00e9p ch\u00fang t\u00f4i d\u1ef1 ph\u00f2ng ch\u1ed1ng l\u1ea1i b\u1ea5t c\u1ee9 th\u1ee9 g\u00ec tr\u01b0\u1ee3t qua.<\/p>\n\n\n\n<p>C\u00e1c Waves 20 \u0111\u1ebfn 30 n\u00ean t\u1eadp trung v\u00e0o vi\u1ec7c n\u00e2ng c\u1ea5p th\u00e1p ph\u00e1o Comms l\u00ean c\u1ea5p 2 \u0111\u1ed3ng th\u1eddi b\u1ed5 sung th\u00eam m\u1ed9t th\u00e1p ph\u00e1o b\u1ed5 sung cho c\u1ea3 c\u0103n c\u1ee9 h\u1ecfa l\u1ef1c v\u00e0 \u1edf ph\u00eda b\u00ean kia c\u1ee7a con \u0111\u01b0\u1eddng c\u1ea1nh c\u0103n c\u1ee9 n\u01a1i hai con \u0111\u01b0\u1eddng ch\u00ednh h\u1ed9i t\u1ee5. N\u1ebfu b\u1ea1n c\u00f3 th\u00eam m\u1ed9t s\u1ed1 ti\u1ec1n, vi\u1ec7c n\u00e2ng c\u1ea5p \u0110\u1ea1i b\u00e1c \u1edf c\u1ea5p \u0111\u1ed9 1 n\u00ean v\u1ec1 cu\u1ed1i v\u00ec \u0110\u1ea1i b\u00e1c c\u1ea5p 2 kh\u00f4ng th\u1ef1c s\u1ef1 c\u1ea7n thi\u1ebft \u1edf \u0111\u00e2y.<\/p>\n\n\n\n<figure class=\"wp-block-gallery columns-2 is-cropped wp-block-gallery-1 is-layout-flex wp-block-gallery-is-layout-flex\"><ul class=\"blocks-gallery-grid\"><li class=\"blocks-gallery-item\"><figure><a href=\"https:\/\/ibomberdefense.standardof.net\/vi\/guide\/chien-dich-dong-minh\/6-dong-nam-chau-au\/ibomber-defense-level-6-south-east-europe-eightball-2\/\"><img decoding=\"async\" width=\"800\" height=\"450\" src=\"https:\/\/ibomberdefense.standardof.net\/wp-content\/uploads\/sites\/5\/2020\/10\/iBomber-Defense-Level-6-South-East-Europe-Eightball-2-800x450.jpg\" alt=\"&quot;iBomber Defense&quot; - C\u1ea5p 6 - \u0110\u00f4ng Nam \u00c2u: Qu\u1ea3 c\u1ea7u t\u00e1m (2)\" data-id=\"35\" data-full-url=\"https:\/\/ibomberdefense.standardof.net\/wp-content\/uploads\/sites\/5\/2020\/10\/iBomber-Defense-Level-6-South-East-Europe-Eightball-2.jpg\" data-link=\"https:\/\/ibomberdefense.standardof.net\/guide\/allied-campaign\/6-south-east-europe-eightball\/ibomber-defense-level-6-south-east-europe-eightball-2\/\" class=\"wp-image-35\" title=\"\" srcset=\"https:\/\/ibomberdefense.standardof.net\/wp-content\/uploads\/sites\/5\/2020\/10\/iBomber-Defense-Level-6-South-East-Europe-Eightball-2-800x450.jpg 800w, https:\/\/ibomberdefense.standardof.net\/wp-content\/uploads\/sites\/5\/2020\/10\/iBomber-Defense-Level-6-South-East-Europe-Eightball-2-512x288.jpg 512w, https:\/\/ibomberdefense.standardof.net\/wp-content\/uploads\/sites\/5\/2020\/10\/iBomber-Defense-Level-6-South-East-Europe-Eightball-2-200x113.jpg 200w, https:\/\/ibomberdefense.standardof.net\/wp-content\/uploads\/sites\/5\/2020\/10\/iBomber-Defense-Level-6-South-East-Europe-Eightball-2-768x432.jpg 768w, https:\/\/ibomberdefense.standardof.net\/wp-content\/uploads\/sites\/5\/2020\/10\/iBomber-Defense-Level-6-South-East-Europe-Eightball-2-16x9.jpg 16w, https:\/\/ibomberdefense.standardof.net\/wp-content\/uploads\/sites\/5\/2020\/10\/iBomber-Defense-Level-6-South-East-Europe-Eightball-2.jpg 1280w\" sizes=\"(max-width: 800px) 100vw, 800px\" \/><\/a><figcaption class=\"blocks-gallery-item__caption\">V\u1ecb tr\u00ed th\u00e1p ph\u00e1o s\u00f3ng 10.<\/figcaption><\/figure><\/li><li class=\"blocks-gallery-item\"><figure><a href=\"https:\/\/ibomberdefense.standardof.net\/vi\/guide\/chien-dich-dong-minh\/6-dong-nam-chau-au\/ibomber-defense-level-6-south-east-europe-eightball-3\/\"><img decoding=\"async\" width=\"800\" height=\"450\" src=\"https:\/\/ibomberdefense.standardof.net\/wp-content\/uploads\/sites\/5\/2020\/10\/iBomber-Defense-Level-6-South-East-Europe-Eightball-3-800x450.jpg\" alt=\"&quot;iBomber Defense&quot; - C\u1ea5p \u0111\u1ed9 6 - \u0110\u00f4ng Nam \u00c2u: Qu\u1ea3 c\u1ea7u t\u00e1m (3)\" data-id=\"36\" data-full-url=\"https:\/\/ibomberdefense.standardof.net\/wp-content\/uploads\/sites\/5\/2020\/10\/iBomber-Defense-Level-6-South-East-Europe-Eightball-3.jpg\" data-link=\"https:\/\/ibomberdefense.standardof.net\/guide\/allied-campaign\/6-south-east-europe-eightball\/ibomber-defense-level-6-south-east-europe-eightball-3\/\" class=\"wp-image-36\" title=\"\" srcset=\"https:\/\/ibomberdefense.standardof.net\/wp-content\/uploads\/sites\/5\/2020\/10\/iBomber-Defense-Level-6-South-East-Europe-Eightball-3-800x450.jpg 800w, https:\/\/ibomberdefense.standardof.net\/wp-content\/uploads\/sites\/5\/2020\/10\/iBomber-Defense-Level-6-South-East-Europe-Eightball-3-512x288.jpg 512w, https:\/\/ibomberdefense.standardof.net\/wp-content\/uploads\/sites\/5\/2020\/10\/iBomber-Defense-Level-6-South-East-Europe-Eightball-3-200x113.jpg 200w, https:\/\/ibomberdefense.standardof.net\/wp-content\/uploads\/sites\/5\/2020\/10\/iBomber-Defense-Level-6-South-East-Europe-Eightball-3-768x432.jpg 768w, https:\/\/ibomberdefense.standardof.net\/wp-content\/uploads\/sites\/5\/2020\/10\/iBomber-Defense-Level-6-South-East-Europe-Eightball-3-16x9.jpg 16w, https:\/\/ibomberdefense.standardof.net\/wp-content\/uploads\/sites\/5\/2020\/10\/iBomber-Defense-Level-6-South-East-Europe-Eightball-3.jpg 1280w\" sizes=\"(max-width: 800px) 100vw, 800px\" \/><\/a><figcaption class=\"blocks-gallery-item__caption\">V\u1ecb tr\u00ed th\u00e1p ph\u00e1o c\u1ee7a Wave 20.<\/figcaption><\/figure><\/li><li class=\"blocks-gallery-item\"><figure><a href=\"https:\/\/ibomberdefense.standardof.net\/vi\/guide\/chien-dich-dong-minh\/6-dong-nam-chau-au\/ibomber-defense-level-6-south-east-europe-eightball-4\/\"><img decoding=\"async\" width=\"800\" height=\"450\" src=\"https:\/\/ibomberdefense.standardof.net\/wp-content\/uploads\/sites\/5\/2020\/10\/iBomber-Defense-Level-6-South-East-Europe-Eightball-4-800x450.jpg\" alt=\"&quot;iBomber Defense&quot; - C\u1ea5p \u0111\u1ed9 6 - \u0110\u00f4ng Nam \u00c2u: Qu\u1ea3 c\u1ea7u t\u00e1m (4)\" data-id=\"37\" data-full-url=\"https:\/\/ibomberdefense.standardof.net\/wp-content\/uploads\/sites\/5\/2020\/10\/iBomber-Defense-Level-6-South-East-Europe-Eightball-4.jpg\" data-link=\"https:\/\/ibomberdefense.standardof.net\/guide\/allied-campaign\/6-south-east-europe-eightball\/ibomber-defense-level-6-south-east-europe-eightball-4\/\" class=\"wp-image-37\" title=\"\" srcset=\"https:\/\/ibomberdefense.standardof.net\/wp-content\/uploads\/sites\/5\/2020\/10\/iBomber-Defense-Level-6-South-East-Europe-Eightball-4-800x450.jpg 800w, https:\/\/ibomberdefense.standardof.net\/wp-content\/uploads\/sites\/5\/2020\/10\/iBomber-Defense-Level-6-South-East-Europe-Eightball-4-512x288.jpg 512w, https:\/\/ibomberdefense.standardof.net\/wp-content\/uploads\/sites\/5\/2020\/10\/iBomber-Defense-Level-6-South-East-Europe-Eightball-4-200x113.jpg 200w, https:\/\/ibomberdefense.standardof.net\/wp-content\/uploads\/sites\/5\/2020\/10\/iBomber-Defense-Level-6-South-East-Europe-Eightball-4-768x432.jpg 768w, https:\/\/ibomberdefense.standardof.net\/wp-content\/uploads\/sites\/5\/2020\/10\/iBomber-Defense-Level-6-South-East-Europe-Eightball-4-16x9.jpg 16w, https:\/\/ibomberdefense.standardof.net\/wp-content\/uploads\/sites\/5\/2020\/10\/iBomber-Defense-Level-6-South-East-Europe-Eightball-4.jpg 1280w\" sizes=\"(max-width: 800px) 100vw, 800px\" \/><\/a><figcaption class=\"blocks-gallery-item__caption\">V\u1ecb tr\u00ed th\u00e1p ph\u00e1o c\u1ee7a Wave 30.<\/figcaption><\/figure><\/li><\/ul><\/figure>\n\n\n\n<h3 class=\"wp-block-heading\"><strong>Chi ti\u00eau \u0111i\u1ec3m chi\u1ebfn th\u1eafng<\/strong><\/h3>\n\n\n\n<p>V\u1edbi hai \u0111i\u1ec3m \u0111\u01b0\u1ee3c trao cho vi\u1ec7c ho\u00e0n th\u00e0nh ho\u00e0n h\u1ea3o c\u1ea5p \u0111\u1ed9 n\u00e0y, m\u1ed9t \u0111i\u1ec3m \u0111\u00e3 \u0111\u01b0\u1ee3c d\u00e0nh cho th\u00e1p ph\u00e1o Comms \u0111\u1ec3 m\u1edf kh\u00f3a c\u1ea5p \u0111\u1ed9 th\u1ee9 3 v\u00e0 ti\u1ec1m n\u0103ng \u0111\u00e1ng kinh ng\u1ea1c c\u1ee7a n\u00f3 cho c\u00e1c kho\u1ea3n t\u00edn d\u1ee5ng th\u01b0\u1edfng trong khi \u0111\u01b0a chi\u1ebfc c\u00f2n l\u1ea1i s\u1eed d\u1ee5ng tr\u00ean th\u00e1p ph\u00e1o Sabotage \u0111\u1ec3 t\u1ea5t c\u1ea3 v\u0169 kh\u00ed c\u00f3 th\u1ec3 n\u00e2ng c\u1ea5p l\u00ean c\u1ea5p 3. T\u1ea1i th\u1eddi \u0111i\u1ec3m n\u00e0y, m\u1ecdi th\u1ee9 \u0111\u1ec1u \u1edf c\u1ea5p \u0111\u1ed9 3 ngo\u1ea1i tr\u1eeb Mua v\u00e0 S\u1eeda ch\u1eefa v\u1eabn \u1edf c\u1ea5p \u0111\u1ed9 2.<\/p>\n\n\n\n<hr class=\"wp-block-separator\"\/>\n\n\n\n<h4 class=\"has-text-align-center wp-block-heading\">H\u01b0\u1edbng d\u1eabn Video<\/h4>\n\n\n\n<figure class=\"wp-block-embed-youtube wp-block-embed is-type-video is-provider-youtube wp-embed-aspect-16-9 wp-has-aspect-ratio\"><div class=\"wp-block-embed__wrapper\">\n<div class=\"ast-oembed-container\" style=\"height: 100%;\"><iframe title=\"iBomber Defense - \u0110\u00f4ng Nam \u00c2u - Eightball - C\u1ef1u chi\u1ebfn binh + Ho\u00e0n h\u1ea3o\" width=\"500\" height=\"281\" src=\"https:\/\/www.youtube.com\/embed\/bWgEgcBmGLY?feature=oembed\" frameborder=\"0\" allow=\"accelerometer; autoplay; clipboard-write; encrypted-media; gyroscope; picture-in-picture; web-share\" referrerpolicy=\"strict-origin-when-cross-origin\" allowfullscreen><\/iframe><\/div>\n<\/div><\/figure>","protected":false},"excerpt":{"rendered":"<p>Now we are back to the bright green lands of forest to face 30 waves of ground and air units that travel around and over a nearby lake which the base sits just southeast of. Unfortunately the paths here converge very late in an are with little turret placement opportunity so strategies here will have [&hellip;]<\/p>","protected":false},"author":1,"featured_media":37,"parent":266,"menu_order":6,"comment_status":"open","ping_status":"closed","template":"","meta":{"_uag_custom_page_level_css":"","site-sidebar-layout":"default","site-content-layout":"default","ast-site-content-layout":"","site-content-style":"default","site-sidebar-style":"default","ast-global-header-display":"","ast-banner-title-visibility":"","ast-main-header-display":"","ast-hfb-above-header-display":"","ast-hfb-below-header-display":"","ast-hfb-mobile-header-display":"","site-post-title":"","ast-breadcrumbs-content":"","ast-featured-img":"","footer-sml-layout":"","theme-transparent-header-meta":"default","adv-header-id-meta":"","stick-header-meta":"","header-above-stick-meta":"","header-main-stick-meta":"","header-below-stick-meta":"","astra-migrate-meta-layouts":"default","ast-page-background-enabled":"default","ast-page-background-meta":{"desktop":{"background-color":"","background-image":"","background-repeat":"repeat","background-position":"center center","background-size":"auto","background-attachment":"scroll","background-type":"","background-media":"","overlay-type":"","overlay-color":"","overlay-gradient":""},"tablet":{"background-color":"","background-image":"","background-repeat":"repeat","background-position":"center center","background-size":"auto","background-attachment":"scroll","background-type":"","background-media":"","overlay-type":"","overlay-color":"","overlay-gradient":""},"mobile":{"background-color":"","background-image":"","background-repeat":"repeat","background-position":"center center","background-size":"auto","background-attachment":"scroll","background-type":"","background-media":"","overlay-type":"","overlay-color":"","overlay-gradient":""}},"ast-content-background-meta":{"desktop":{"background-color":"var(--ast-global-color-5)","background-image":"","background-repeat":"repeat","background-position":"center center","background-size":"auto","background-attachment":"scroll","background-type":"","background-media":"","overlay-type":"","overlay-color":"","overlay-gradient":""},"tablet":{"background-color":"var(--ast-global-color-5)","background-image":"","background-repeat":"repeat","background-position":"center center","background-size":"auto","background-attachment":"scroll","background-type":"","background-media":"","overlay-type":"","overlay-color":"","overlay-gradient":""},"mobile":{"background-color":"var(--ast-global-color-5)","background-image":"","background-repeat":"repeat","background-position":"center center","background-size":"auto","background-attachment":"scroll","background-type":"","background-media":"","overlay-type":"","overlay-color":"","overlay-gradient":""}},"footnotes":""},"uagb_featured_image_src":{"full":["https:\/\/ibomberdefense.standardof.net\/wp-content\/uploads\/sites\/5\/2020\/10\/iBomber-Defense-Level-6-South-East-Europe-Eightball-4.jpg",1280,720,false],"thumbnail":["https:\/\/ibomberdefense.standardof.net\/wp-content\/uploads\/sites\/5\/2020\/10\/iBomber-Defense-Level-6-South-East-Europe-Eightball-4-200x113.jpg",200,113,true],"medium":["https:\/\/ibomberdefense.standardof.net\/wp-content\/uploads\/sites\/5\/2020\/10\/iBomber-Defense-Level-6-South-East-Europe-Eightball-4-512x288.jpg",512,288,true],"medium_large":["https:\/\/ibomberdefense.standardof.net\/wp-content\/uploads\/sites\/5\/2020\/10\/iBomber-Defense-Level-6-South-East-Europe-Eightball-4-768x432.jpg",768,432,true],"large":["https:\/\/ibomberdefense.standardof.net\/wp-content\/uploads\/sites\/5\/2020\/10\/iBomber-Defense-Level-6-South-East-Europe-Eightball-4-800x450.jpg",800,450,true],"1536x1536":["https:\/\/ibomberdefense.standardof.net\/wp-content\/uploads\/sites\/5\/2020\/10\/iBomber-Defense-Level-6-South-East-Europe-Eightball-4.jpg",1280,720,false],"2048x2048":["https:\/\/ibomberdefense.standardof.net\/wp-content\/uploads\/sites\/5\/2020\/10\/iBomber-Defense-Level-6-South-East-Europe-Eightball-4.jpg",1280,720,false],"trp-custom-language-flag":["https:\/\/ibomberdefense.standardof.net\/wp-content\/uploads\/sites\/5\/2020\/10\/iBomber-Defense-Level-6-South-East-Europe-Eightball-4-16x9.jpg",16,9,true]},"uagb_author_info":{"display_name":"SOE","author_link":"https:\/\/ibomberdefense.standardof.net\/vi\/author\/k-tastic\/"},"uagb_comment_info":0,"uagb_excerpt":"Now we are back to the bright green lands of forest to face 30 waves of ground and air units that travel around and over a nearby lake which the base sits just southeast of. Unfortunately the paths here converge very late in an are with little turret placement opportunity so strategies here will have&hellip;","_links":{"self":[{"href":"https:\/\/ibomberdefense.standardof.net\/vi\/wp-json\/wp\/v2\/pages\/285"}],"collection":[{"href":"https:\/\/ibomberdefense.standardof.net\/vi\/wp-json\/wp\/v2\/pages"}],"about":[{"href":"https:\/\/ibomberdefense.standardof.net\/vi\/wp-json\/wp\/v2\/types\/page"}],"author":[{"embeddable":true,"href":"https:\/\/ibomberdefense.standardof.net\/vi\/wp-json\/wp\/v2\/users\/1"}],"replies":[{"embeddable":true,"href":"https:\/\/ibomberdefense.standardof.net\/vi\/wp-json\/wp\/v2\/comments?post=285"}],"version-history":[{"count":0,"href":"https:\/\/ibomberdefense.standardof.net\/vi\/wp-json\/wp\/v2\/pages\/285\/revisions"}],"up":[{"embeddable":true,"href":"https:\/\/ibomberdefense.standardof.net\/vi\/wp-json\/wp\/v2\/pages\/266"}],"wp:featuredmedia":[{"embeddable":true,"href":"https:\/\/ibomberdefense.standardof.net\/vi\/wp-json\/wp\/v2\/media\/37"}],"wp:attachment":[{"href":"https:\/\/ibomberdefense.standardof.net\/vi\/wp-json\/wp\/v2\/media?parent=285"}],"curies":[{"name":"wp","href":"https:\/\/api.w.org\/{rel}","templated":true}]}}