{"id":286,"date":"2020-10-19T06:07:46","date_gmt":"2020-10-19T06:07:46","guid":{"rendered":"https:\/\/ibomberdefense.standardof.net\/?page_id=286"},"modified":"2020-10-19T08:06:12","modified_gmt":"2020-10-19T08:06:12","slug":"7-eastern-mediterranean-bottleneck","status":"publish","type":"page","link":"https:\/\/ibomberdefense.standardof.net\/vi\/guide\/chien-dich-dong-minh\/7-dong-dia-trung-hai-nut-co-chai\/","title":{"rendered":"7. \u0110\u00f4ng \u0110\u1ecba Trung H\u1ea3i: N\u00fat c\u1ed5 chai"},"content":{"rendered":"<div class=\"wp-block-image\"><figure class=\"aligncenter size-large\"><a href=\"https:\/\/ibomberdefense.standardof.net\/vi\/guide\/chien-dich-dong-minh\/7-dong-dia-trung-hai-nut-co-chai\/ibomber-defense-level-7-eastern-mediterranean-bottleneck-1\/\"><img decoding=\"async\" width=\"800\" height=\"450\" src=\"https:\/\/ibomberdefense.standardof.net\/wp-content\/uploads\/sites\/5\/2020\/10\/iBomber-Defense-Level-7-Eastern-Mediterranean-Bottleneck-1-800x450.jpg\" alt=\"&quot;iBomber Defense&quot; - C\u1ea5p 7 - \u0110\u00f4ng \u0110\u1ecba Trung H\u1ea3i: N\u00fat c\u1ed5 chai (1)\" class=\"wp-image-38\" title=\"\" srcset=\"https:\/\/ibomberdefense.standardof.net\/wp-content\/uploads\/sites\/5\/2020\/10\/iBomber-Defense-Level-7-Eastern-Mediterranean-Bottleneck-1-800x450.jpg 800w, https:\/\/ibomberdefense.standardof.net\/wp-content\/uploads\/sites\/5\/2020\/10\/iBomber-Defense-Level-7-Eastern-Mediterranean-Bottleneck-1-512x288.jpg 512w, https:\/\/ibomberdefense.standardof.net\/wp-content\/uploads\/sites\/5\/2020\/10\/iBomber-Defense-Level-7-Eastern-Mediterranean-Bottleneck-1-200x113.jpg 200w, https:\/\/ibomberdefense.standardof.net\/wp-content\/uploads\/sites\/5\/2020\/10\/iBomber-Defense-Level-7-Eastern-Mediterranean-Bottleneck-1-768x432.jpg 768w, https:\/\/ibomberdefense.standardof.net\/wp-content\/uploads\/sites\/5\/2020\/10\/iBomber-Defense-Level-7-Eastern-Mediterranean-Bottleneck-1-16x9.jpg 16w, https:\/\/ibomberdefense.standardof.net\/wp-content\/uploads\/sites\/5\/2020\/10\/iBomber-Defense-Level-7-Eastern-Mediterranean-Bottleneck-1.jpg 1280w\" sizes=\"(max-width: 800px) 100vw, 800px\" \/><\/a><figcaption>Con \u0111\u01b0\u1eddng m\u00e0u xanh l\u00e1 c\u00e2y bi\u1ec3u th\u1ecb tuy\u1ebfn \u0111\u01b0\u1eddng \u0111i c\u1ee7a c\u00e1c \u0111\u01a1n v\u1ecb kh\u00f4ng qu\u00e2n trong khi d\u1ea5u m\u00e0u \u0111\u1ecf v\u00e0 cam bi\u1ec3u th\u1ecb n\u01a1i c\u00e1c \u0111\u01a1n v\u1ecb h\u1ea3i qu\u00e2n di chuy\u1ec3n \u1edf \u0110\u00f4ng \u0110\u1ecba Trung H\u1ea3i.<\/figcaption><\/figure><\/div>\n\n\n\n<p>C\u1ea5p \u0111\u1ed9 th\u1ee9 b\u1ea3y trong chi\u1ebfn d\u1ecbch \u0110\u1ed3ng minh, bao g\u1ed3m c\u1ea3 c\u00e1c nhi\u1ec7m v\u1ee5 th\u01b0\u1edfng, l\u00e0 b\u1ea3n \u0111\u1ed3 \u0110\u00f4ng \u0110\u1ecba Trung H\u1ea3i, trong \u0111\u00f3 b\u1ea1n b\u1ea3o v\u1ec7 m\u1ed9t b\u1ebfn c\u1ea3ng v\u1edbi m\u1ed9t b\u1ed9 ba Qu\u1ea7n \u0111\u1ea3o m\u00e0 c\u00e1c \u0111\u01a1n v\u1ecb h\u1ea3i qu\u00e2n c\u1ee7a \u0111\u1ed1i ph\u01b0\u01a1ng s\u1ebd \u0111i v\u00f2ng quanh t\u1eeb hai l\u1ed1i v\u00e0o ch\u00ednh tr\u00ean tuy\u1ebfn \u0111\u01b0\u1eddng c\u1ee7a h\u1ecd \u0111\u1ebfn c\u0103n c\u1ee9 c\u1ee7a b\u1ea1n m\u00e0n h\u00ecnh ph\u00eda \u0111\u00f4ng.<\/p>\n\n\n\n<p>Kho\u1ea3ng th\u1eddi gian n\u00e0y, ch\u00fang ta s\u1ebd \u0111\u1ed1i m\u1eb7t v\u1edbi 40 l\u00e0n s\u00f3ng c\u1ee7a c\u1ea3 \u0111\u01a1n v\u1ecb kh\u00f4ng qu\u00e2n v\u00e0 h\u1ea3i qu\u00e2n, v\u1edbi m\u00e1y bay xu\u1ea5t hi\u1ec7n \u1edf l\u00e0n s\u00f3ng 20. Cu\u1ed1i c\u00f9ng b\u1ea1n s\u1ebd quay l\u1ea1i nhi\u1ec7m v\u1ee5 n\u00e0y \u0111\u1ec3 ph\u1ea3n c\u00f4ng v\u00ec v\u1eady h\u00e3y \u0111\u1ea3m b\u1ea3o r\u1eb1ng b\u1ea1n kh\u00f4ng b\u00e1n b\u1ea5t c\u1ee9 th\u1ee9 g\u00ec v\u00e0o cu\u1ed1i nhi\u1ec7m v\u1ee5 n\u00e0y.<\/p>\n\n\n\n<h3 class=\"wp-block-heading\"><strong>V\u1ecb tr\u00ed th\u00e1p ph\u00e1o<\/strong><\/h3>\n\n\n\n<figure class=\"wp-block-gallery columns-2 is-cropped wp-block-gallery-1 is-layout-flex wp-block-gallery-is-layout-flex\"><ul class=\"blocks-gallery-grid\"><li class=\"blocks-gallery-item\"><figure><a href=\"https:\/\/ibomberdefense.standardof.net\/vi\/guide\/chien-dich-dong-minh\/7-dong-dia-trung-hai-nut-co-chai\/ibomber-defense-level-7-eastern-mediterranean-bottleneck-2\/\"><img decoding=\"async\" width=\"800\" height=\"450\" src=\"https:\/\/ibomberdefense.standardof.net\/wp-content\/uploads\/sites\/5\/2020\/10\/iBomber-Defense-Level-7-Eastern-Mediterranean-Bottleneck-2-800x450.jpg\" alt=\"&quot;iBomber Defense&quot; - C\u1ea5p 7 - \u0110\u00f4ng \u0110\u1ecba Trung H\u1ea3i: N\u00fat c\u1ed5 chai (2)\" data-id=\"39\" data-full-url=\"https:\/\/ibomberdefense.standardof.net\/wp-content\/uploads\/sites\/5\/2020\/10\/iBomber-Defense-Level-7-Eastern-Mediterranean-Bottleneck-2.jpg\" data-link=\"https:\/\/ibomberdefense.standardof.net\/guide\/allied-campaign\/7-eastern-mediterranean-bottleneck\/ibomber-defense-level-7-eastern-mediterranean-bottleneck-2\/\" class=\"wp-image-39\" title=\"\" srcset=\"https:\/\/ibomberdefense.standardof.net\/wp-content\/uploads\/sites\/5\/2020\/10\/iBomber-Defense-Level-7-Eastern-Mediterranean-Bottleneck-2-800x450.jpg 800w, https:\/\/ibomberdefense.standardof.net\/wp-content\/uploads\/sites\/5\/2020\/10\/iBomber-Defense-Level-7-Eastern-Mediterranean-Bottleneck-2-512x288.jpg 512w, https:\/\/ibomberdefense.standardof.net\/wp-content\/uploads\/sites\/5\/2020\/10\/iBomber-Defense-Level-7-Eastern-Mediterranean-Bottleneck-2-200x113.jpg 200w, https:\/\/ibomberdefense.standardof.net\/wp-content\/uploads\/sites\/5\/2020\/10\/iBomber-Defense-Level-7-Eastern-Mediterranean-Bottleneck-2-768x432.jpg 768w, https:\/\/ibomberdefense.standardof.net\/wp-content\/uploads\/sites\/5\/2020\/10\/iBomber-Defense-Level-7-Eastern-Mediterranean-Bottleneck-2-16x9.jpg 16w, https:\/\/ibomberdefense.standardof.net\/wp-content\/uploads\/sites\/5\/2020\/10\/iBomber-Defense-Level-7-Eastern-Mediterranean-Bottleneck-2.jpg 1280w\" sizes=\"(max-width: 800px) 100vw, 800px\" \/><\/a><figcaption class=\"blocks-gallery-item__caption\">V\u1ecb tr\u00ed th\u00e1p ph\u00e1o s\u00f3ng 10.<\/figcaption><\/figure><\/li><li class=\"blocks-gallery-item\"><figure><a href=\"https:\/\/ibomberdefense.standardof.net\/vi\/guide\/chien-dich-dong-minh\/7-dong-dia-trung-hai-nut-co-chai\/ibomber-defense-level-7-eastern-mediterranean-bottleneck-3\/\"><img decoding=\"async\" width=\"800\" height=\"450\" src=\"https:\/\/ibomberdefense.standardof.net\/wp-content\/uploads\/sites\/5\/2020\/10\/iBomber-Defense-Level-7-Eastern-Mediterranean-Bottleneck-3-800x450.jpg\" alt=\"&quot;iBomber Defense&quot; - C\u1ea5p 7 - \u0110\u00f4ng \u0110\u1ecba Trung H\u1ea3i: N\u00fat c\u1ed5 chai (3)\" data-id=\"40\" data-full-url=\"https:\/\/ibomberdefense.standardof.net\/wp-content\/uploads\/sites\/5\/2020\/10\/iBomber-Defense-Level-7-Eastern-Mediterranean-Bottleneck-3.jpg\" data-link=\"https:\/\/ibomberdefense.standardof.net\/guide\/allied-campaign\/7-eastern-mediterranean-bottleneck\/ibomber-defense-level-7-eastern-mediterranean-bottleneck-3\/\" class=\"wp-image-40\" title=\"\" srcset=\"https:\/\/ibomberdefense.standardof.net\/wp-content\/uploads\/sites\/5\/2020\/10\/iBomber-Defense-Level-7-Eastern-Mediterranean-Bottleneck-3-800x450.jpg 800w, https:\/\/ibomberdefense.standardof.net\/wp-content\/uploads\/sites\/5\/2020\/10\/iBomber-Defense-Level-7-Eastern-Mediterranean-Bottleneck-3-512x288.jpg 512w, https:\/\/ibomberdefense.standardof.net\/wp-content\/uploads\/sites\/5\/2020\/10\/iBomber-Defense-Level-7-Eastern-Mediterranean-Bottleneck-3-200x113.jpg 200w, https:\/\/ibomberdefense.standardof.net\/wp-content\/uploads\/sites\/5\/2020\/10\/iBomber-Defense-Level-7-Eastern-Mediterranean-Bottleneck-3-768x432.jpg 768w, https:\/\/ibomberdefense.standardof.net\/wp-content\/uploads\/sites\/5\/2020\/10\/iBomber-Defense-Level-7-Eastern-Mediterranean-Bottleneck-3-16x9.jpg 16w, https:\/\/ibomberdefense.standardof.net\/wp-content\/uploads\/sites\/5\/2020\/10\/iBomber-Defense-Level-7-Eastern-Mediterranean-Bottleneck-3.jpg 1280w\" sizes=\"(max-width: 800px) 100vw, 800px\" \/><\/a><figcaption class=\"blocks-gallery-item__caption\">V\u1ecb tr\u00ed th\u00e1p ph\u00e1o c\u1ee7a Wave 20.<\/figcaption><\/figure><\/li><\/ul><\/figure>\n\n\n\n<p>L\u00ean \u0111\u1ebfn s\u00f3ng 10 n\u00ean t\u1eadp trung x\u00e2y d\u1ef1ng 3 S\u00fang m\u00e1y v\u00e0 n\u00e2ng ch\u00fang l\u00ean c\u1ea5p 3 m\u1ed7i kh\u1ea9u. 2 trong s\u1ed1 ch\u00fang n\u00ean \u0111\u01b0\u1ee3c \u0111\u1eb7t tr\u00ean h\u00f2n \u0111\u1ea3o nh\u1ecf h\u01a1n trong s\u1ed1 hai h\u00f2n \u0111\u1ea3o kh\u00f4ng k\u1ebft n\u1ed1i trong khi h\u00f2n \u0111\u1ea3o th\u1ee9 ba n\u1eb1m \u1edf \u0111i\u1ec3m h\u1ed9i t\u1ee5 c\u00e0ng v\u1ec1 ph\u00eda t\u00e2y so v\u1edbi m\u1eb7t n\u01b0\u1edbc c\u00e0ng t\u1ed1t.<\/p>\n\n\n\n<p>Khi b\u1ea1n ti\u1ebfn l\u00ean v\u00f9ng v\u1eaby hai m\u01b0\u01a1i, b\u1ea1n n\u00ean t\u1eadp trung v\u00e0o c\u00e1c m\u1ea3nh \u0111\u1ea5t ph\u00eda tr\u00ean v\u00e0 ph\u00eda d\u01b0\u1edbi t\u1ea1o n\u00ean \u0111\u1ec9nh Y nghi\u00eang sang m\u1ed9t b\u00ean l\u00e0m \u0111i\u1ec3m h\u1ed9i t\u1ee5 cho hai \u0111\u01b0\u1eddng \u0111i c\u1ee7a t\u00e0u h\u1ea3i qu\u00e2n. Th\u00eam \u00edt nh\u1ea5t m\u1ed9t th\u00e1p ph\u00e1o Comms \u0111\u1ec3 t\u0103ng c\u01b0\u1eddng h\u1ecfa l\u1ef1c cho ph\u00eda b\u1eafc v\u00e0 tri\u1ec3n khai th\u00e1p ph\u00e1o Ph\u00f2ng kh\u00f4ng tr\u01b0\u1edbc khi \u0111\u1ea1t c\u1ea5p 20.<\/p>\n\n\n\n<p>C\u1ed1 g\u1eafng b\u1eaft \u0111\u1ea7u ti\u1ebft ki\u1ec7m ti\u1ec1n m\u1eb7t d\u01b0 th\u1eeba khi b\u1ea1n c\u00f3 Ph\u00e1o c\u1ea5p hai khi b\u1ea1n ti\u1ebfn v\u1ec1 ph\u00eda s\u00f3ng ba m\u01b0\u01a1i, \u0111\u1ebfn l\u00fac \u0111\u00f3 b\u1ea1n s\u1ebd c\u00f3 \u00edt nh\u1ea5t hai \u0110\u1ea1i b\u00e1c c\u1ea5p 3 v\u00e0 \u0110i k\u00e8m c\u1ea5p 3 \u0111\u1ec3 c\u1ea5p h\u1ecfa l\u1ef1c, t\u1ea7m b\u1eafn v\u00e0 t\u00edch l\u0169y ti\u1ec1n l\u00e3i v\u1edbi s\u1ed1 ti\u1ec1n c\u00f2n l\u1ea1i c\u1ee7a b\u1ea1n ti\u1ec1n b\u1ea1c. R\u1ea5t nhi\u1ec1u th\u00e1p s\u00fang M\u00e1y v\u1eabn c\u00f2n hi\u1ec7u qu\u1ea3 v\u00e0o th\u1eddi \u0111i\u1ec3m n\u00e0y trong tr\u00f2 ch\u01a1i m\u1eb7c d\u00f9 ph\u1ea3i \u0111\u1ed1i m\u1eb7t v\u1edbi t\u00e0u h\u1ea3i qu\u00e2n v\u00ec v\u1eabn c\u00f2n nhi\u1ec1u lo\u1ea1i y\u1ebfu h\u01a1n \u1edf \u0111\u00e2y.<\/p>\n\n\n\n<p>Khi b\u1ea1n \u0111\u1ea1t \u0111\u1ebfn c\u1ea5p \u0111\u1ed9 35, \u0111\u00e3 \u0111\u1ebfn l\u00fac b\u1eaft \u0111\u1ea7u ch\u1ec9 th\u00eam \u0110\u1ea1i b\u00e1c, cho \u0111\u1ebfn th\u1eddi \u0111i\u1ec3m \u0111\u00f3 \u0111\u00e3 l\u1ea5p \u0111\u1ea7y ph\u1ea7n l\u1edbn kh\u00f4ng gian m\u1edf d\u1ecdc theo khu v\u1ef1c h\u1ed9i t\u1ee5, th\u00eam m\u1ed9t s\u1ed1 Ph\u00f2ng kh\u00f4ng b\u1ed5 sung khi c\u00e1c m\u00e1y bay n\u00e9m bom n\u1eb7ng h\u01a1n b\u1eaft \u0111\u1ea7u xu\u1ea5t hi\u1ec7n. H\u00e3y nh\u1edb ki\u1ec3m tra c\u00e1c b\u1ee9c \u1ea3nh b\u00ean ph\u1ea3i \u0111\u1ec3 c\u00f3 h\u00ecnh \u1ea3nh v\u1ec1 c\u00e1c th\u00e1p ph\u00e1o c\u1ee7a t\u00f4i tr\u00f4ng nh\u01b0 th\u1ebf n\u00e0o khi nh\u00ecn c\u00e1c con s\u00f3ng kh\u00e1c nhau.<\/p>\n\n\n\n<figure class=\"wp-block-gallery columns-2 is-cropped wp-block-gallery-2 is-layout-flex wp-block-gallery-is-layout-flex\"><ul class=\"blocks-gallery-grid\"><li class=\"blocks-gallery-item\"><figure><a href=\"https:\/\/ibomberdefense.standardof.net\/vi\/guide\/chien-dich-dong-minh\/7-dong-dia-trung-hai-nut-co-chai\/ibomber-defense-level-7-eastern-mediterranean-bottleneck-4\/\"><img decoding=\"async\" width=\"800\" height=\"450\" src=\"https:\/\/ibomberdefense.standardof.net\/wp-content\/uploads\/sites\/5\/2020\/10\/iBomber-Defense-Level-7-Eastern-Mediterranean-Bottleneck-4-800x450.jpg\" alt=\"&quot;iBomber Defense&quot; - C\u1ea5p 7 - \u0110\u00f4ng \u0110\u1ecba Trung H\u1ea3i: N\u00fat c\u1ed5 chai (4)\" data-id=\"41\" data-full-url=\"https:\/\/ibomberdefense.standardof.net\/wp-content\/uploads\/sites\/5\/2020\/10\/iBomber-Defense-Level-7-Eastern-Mediterranean-Bottleneck-4.jpg\" data-link=\"https:\/\/ibomberdefense.standardof.net\/guide\/allied-campaign\/7-eastern-mediterranean-bottleneck\/ibomber-defense-level-7-eastern-mediterranean-bottleneck-4\/\" class=\"wp-image-41\" title=\"\" srcset=\"https:\/\/ibomberdefense.standardof.net\/wp-content\/uploads\/sites\/5\/2020\/10\/iBomber-Defense-Level-7-Eastern-Mediterranean-Bottleneck-4-800x450.jpg 800w, https:\/\/ibomberdefense.standardof.net\/wp-content\/uploads\/sites\/5\/2020\/10\/iBomber-Defense-Level-7-Eastern-Mediterranean-Bottleneck-4-512x288.jpg 512w, https:\/\/ibomberdefense.standardof.net\/wp-content\/uploads\/sites\/5\/2020\/10\/iBomber-Defense-Level-7-Eastern-Mediterranean-Bottleneck-4-200x113.jpg 200w, https:\/\/ibomberdefense.standardof.net\/wp-content\/uploads\/sites\/5\/2020\/10\/iBomber-Defense-Level-7-Eastern-Mediterranean-Bottleneck-4-768x432.jpg 768w, https:\/\/ibomberdefense.standardof.net\/wp-content\/uploads\/sites\/5\/2020\/10\/iBomber-Defense-Level-7-Eastern-Mediterranean-Bottleneck-4-16x9.jpg 16w, https:\/\/ibomberdefense.standardof.net\/wp-content\/uploads\/sites\/5\/2020\/10\/iBomber-Defense-Level-7-Eastern-Mediterranean-Bottleneck-4.jpg 1280w\" sizes=\"(max-width: 800px) 100vw, 800px\" \/><\/a><figcaption class=\"blocks-gallery-item__caption\">V\u1ecb tr\u00ed th\u00e1p ph\u00e1o c\u1ee7a Wave 30.<\/figcaption><\/figure><\/li><li class=\"blocks-gallery-item\"><figure><a href=\"https:\/\/ibomberdefense.standardof.net\/vi\/guide\/chien-dich-dong-minh\/7-dong-dia-trung-hai-nut-co-chai\/ibomber-defense-level-7-eastern-mediterranean-bottleneck-5\/\"><img decoding=\"async\" width=\"800\" height=\"450\" src=\"https:\/\/ibomberdefense.standardof.net\/wp-content\/uploads\/sites\/5\/2020\/10\/iBomber-Defense-Level-7-Eastern-Mediterranean-Bottleneck-5-800x450.jpg\" alt=\"&quot;iBomber Defense&quot; - C\u1ea5p 7 - \u0110\u00f4ng \u0110\u1ecba Trung H\u1ea3i: N\u00fat c\u1ed5 chai (5)\" data-id=\"42\" data-full-url=\"https:\/\/ibomberdefense.standardof.net\/wp-content\/uploads\/sites\/5\/2020\/10\/iBomber-Defense-Level-7-Eastern-Mediterranean-Bottleneck-5.jpg\" data-link=\"https:\/\/ibomberdefense.standardof.net\/guide\/allied-campaign\/7-eastern-mediterranean-bottleneck\/ibomber-defense-level-7-eastern-mediterranean-bottleneck-5\/\" class=\"wp-image-42\" title=\"\" srcset=\"https:\/\/ibomberdefense.standardof.net\/wp-content\/uploads\/sites\/5\/2020\/10\/iBomber-Defense-Level-7-Eastern-Mediterranean-Bottleneck-5-800x450.jpg 800w, https:\/\/ibomberdefense.standardof.net\/wp-content\/uploads\/sites\/5\/2020\/10\/iBomber-Defense-Level-7-Eastern-Mediterranean-Bottleneck-5-512x288.jpg 512w, https:\/\/ibomberdefense.standardof.net\/wp-content\/uploads\/sites\/5\/2020\/10\/iBomber-Defense-Level-7-Eastern-Mediterranean-Bottleneck-5-200x113.jpg 200w, https:\/\/ibomberdefense.standardof.net\/wp-content\/uploads\/sites\/5\/2020\/10\/iBomber-Defense-Level-7-Eastern-Mediterranean-Bottleneck-5-768x432.jpg 768w, https:\/\/ibomberdefense.standardof.net\/wp-content\/uploads\/sites\/5\/2020\/10\/iBomber-Defense-Level-7-Eastern-Mediterranean-Bottleneck-5-16x9.jpg 16w, https:\/\/ibomberdefense.standardof.net\/wp-content\/uploads\/sites\/5\/2020\/10\/iBomber-Defense-Level-7-Eastern-Mediterranean-Bottleneck-5.jpg 1280w\" sizes=\"(max-width: 800px) 100vw, 800px\" \/><\/a><figcaption class=\"blocks-gallery-item__caption\">V\u1ecb tr\u00ed th\u00e1p ph\u00e1o c\u1ee7a Wave 40.<\/figcaption><\/figure><\/li><\/ul><\/figure>\n\n\n\n<h3 class=\"wp-block-heading\"><strong>Chi ti\u00eau \u0111i\u1ec3m chi\u1ebfn th\u1eafng<\/strong><\/h3>\n\n\n\n<p>V\u1edbi hai \u0111i\u1ec3m chi\u1ebfn th\u1eafng ki\u1ebfm \u0111\u01b0\u1ee3c trong c\u1ea5p \u0111\u1ed9 n\u00e0y, n\u1ebfu b\u1ea1n \u0111\u00e3 ki\u1ebfm \u0111\u01b0\u1ee3c s\u1ed1 ti\u1ec1n t\u1ed1i \u0111a t\u1eeb c\u00e1c nhi\u1ec7m v\u1ee5 tr\u01b0\u1edbc \u0111\u00f3 cho \u0111\u1ebfn nay, b\u1ea1n s\u1ebd c\u00f3 th\u1ec3 n\u00e2ng c\u1ea5p t\u1ed1i \u0111a ho\u00e0n to\u00e0n. T\u1eeb th\u1eddi \u0111i\u1ec3m n\u00e0y tr\u1edf \u0111i, \u0111i\u1ec3m chi\u1ebfn th\u1eafng s\u1ebd b\u1ecb lo\u1ea1i kh\u1ecfi h\u01b0\u1edbng d\u1eabn chi\u1ebfn d\u1ecbch \u0111\u1ed3ng minh cho <em>iBomber Defense<\/em> v\u00ec chi ti\u00eau ch\u00fang kh\u00f4ng c\u00f2n l\u00e0 m\u1ed9t v\u1ea5n \u0111\u1ec1.<\/p>\n\n\n\n<hr class=\"wp-block-separator\"\/>\n\n\n\n<h4 class=\"has-text-align-center wp-block-heading\">H\u01b0\u1edbng d\u1eabn Video<\/h4>\n\n\n\n<figure class=\"wp-block-embed-youtube wp-block-embed is-type-video is-provider-youtube wp-embed-aspect-16-9 wp-has-aspect-ratio\"><div class=\"wp-block-embed__wrapper\">\n<div class=\"ast-oembed-container\" style=\"height: 100%;\"><iframe title=\"iBomber Defense - \u0110\u00f4ng \u0110\u1ecba Trung H\u1ea3i - N\u00fat c\u1ed5 chai - C\u1ef1u chi\u1ebfn binh + Ho\u00e0n h\u1ea3o\" width=\"500\" height=\"281\" src=\"https:\/\/www.youtube.com\/embed\/BkCTuVpcb6A?feature=oembed\" frameborder=\"0\" allow=\"accelerometer; autoplay; clipboard-write; encrypted-media; gyroscope; picture-in-picture; web-share\" referrerpolicy=\"strict-origin-when-cross-origin\" allowfullscreen><\/iframe><\/div>\n<\/div><\/figure>","protected":false},"excerpt":{"rendered":"<p>The seventh level in the Allied campaign, counting the bonus missions, is the Eastern Mediterranean map which has you defending a harbor with a trio of Islands that the enemy naval units will curve around from two main entrances on their route through to your base off-screen to the east. This time around we will [&hellip;]<\/p>","protected":false},"author":1,"featured_media":42,"parent":266,"menu_order":7,"comment_status":"open","ping_status":"closed","template":"","meta":{"_uag_custom_page_level_css":"","site-sidebar-layout":"default","site-content-layout":"default","ast-site-content-layout":"","site-content-style":"default","site-sidebar-style":"default","ast-global-header-display":"","ast-banner-title-visibility":"","ast-main-header-display":"","ast-hfb-above-header-display":"","ast-hfb-below-header-display":"","ast-hfb-mobile-header-display":"","site-post-title":"","ast-breadcrumbs-content":"","ast-featured-img":"","footer-sml-layout":"","theme-transparent-header-meta":"default","adv-header-id-meta":"","stick-header-meta":"","header-above-stick-meta":"","header-main-stick-meta":"","header-below-stick-meta":"","astra-migrate-meta-layouts":"default","ast-page-background-enabled":"default","ast-page-background-meta":{"desktop":{"background-color":"","background-image":"","background-repeat":"repeat","background-position":"center center","background-size":"auto","background-attachment":"scroll","background-type":"","background-media":"","overlay-type":"","overlay-color":"","overlay-gradient":""},"tablet":{"background-color":"","background-image":"","background-repeat":"repeat","background-position":"center center","background-size":"auto","background-attachment":"scroll","background-type":"","background-media":"","overlay-type":"","overlay-color":"","overlay-gradient":""},"mobile":{"background-color":"","background-image":"","background-repeat":"repeat","background-position":"center center","background-size":"auto","background-attachment":"scroll","background-type":"","background-media":"","overlay-type":"","overlay-color":"","overlay-gradient":""}},"ast-content-background-meta":{"desktop":{"background-color":"var(--ast-global-color-5)","background-image":"","background-repeat":"repeat","background-position":"center center","background-size":"auto","background-attachment":"scroll","background-type":"","background-media":"","overlay-type":"","overlay-color":"","overlay-gradient":""},"tablet":{"background-color":"var(--ast-global-color-5)","background-image":"","background-repeat":"repeat","background-position":"center center","background-size":"auto","background-attachment":"scroll","background-type":"","background-media":"","overlay-type":"","overlay-color":"","overlay-gradient":""},"mobile":{"background-color":"var(--ast-global-color-5)","background-image":"","background-repeat":"repeat","background-position":"center center","background-size":"auto","background-attachment":"scroll","background-type":"","background-media":"","overlay-type":"","overlay-color":"","overlay-gradient":""}},"footnotes":""},"uagb_featured_image_src":{"full":["https:\/\/ibomberdefense.standardof.net\/wp-content\/uploads\/sites\/5\/2020\/10\/iBomber-Defense-Level-7-Eastern-Mediterranean-Bottleneck-5.jpg",1280,720,false],"thumbnail":["https:\/\/ibomberdefense.standardof.net\/wp-content\/uploads\/sites\/5\/2020\/10\/iBomber-Defense-Level-7-Eastern-Mediterranean-Bottleneck-5-200x113.jpg",200,113,true],"medium":["https:\/\/ibomberdefense.standardof.net\/wp-content\/uploads\/sites\/5\/2020\/10\/iBomber-Defense-Level-7-Eastern-Mediterranean-Bottleneck-5-512x288.jpg",512,288,true],"medium_large":["https:\/\/ibomberdefense.standardof.net\/wp-content\/uploads\/sites\/5\/2020\/10\/iBomber-Defense-Level-7-Eastern-Mediterranean-Bottleneck-5-768x432.jpg",768,432,true],"large":["https:\/\/ibomberdefense.standardof.net\/wp-content\/uploads\/sites\/5\/2020\/10\/iBomber-Defense-Level-7-Eastern-Mediterranean-Bottleneck-5-800x450.jpg",800,450,true],"1536x1536":["https:\/\/ibomberdefense.standardof.net\/wp-content\/uploads\/sites\/5\/2020\/10\/iBomber-Defense-Level-7-Eastern-Mediterranean-Bottleneck-5.jpg",1280,720,false],"2048x2048":["https:\/\/ibomberdefense.standardof.net\/wp-content\/uploads\/sites\/5\/2020\/10\/iBomber-Defense-Level-7-Eastern-Mediterranean-Bottleneck-5.jpg",1280,720,false],"trp-custom-language-flag":["https:\/\/ibomberdefense.standardof.net\/wp-content\/uploads\/sites\/5\/2020\/10\/iBomber-Defense-Level-7-Eastern-Mediterranean-Bottleneck-5-16x9.jpg",16,9,true]},"uagb_author_info":{"display_name":"SOE","author_link":"https:\/\/ibomberdefense.standardof.net\/vi\/author\/k-tastic\/"},"uagb_comment_info":0,"uagb_excerpt":"The seventh level in the Allied campaign, counting the bonus missions, is the Eastern Mediterranean map which has you defending a harbor with a trio of Islands that the enemy naval units will curve around from two main entrances on their route through to your base off-screen to the east. This time around we will&hellip;","_links":{"self":[{"href":"https:\/\/ibomberdefense.standardof.net\/vi\/wp-json\/wp\/v2\/pages\/286"}],"collection":[{"href":"https:\/\/ibomberdefense.standardof.net\/vi\/wp-json\/wp\/v2\/pages"}],"about":[{"href":"https:\/\/ibomberdefense.standardof.net\/vi\/wp-json\/wp\/v2\/types\/page"}],"author":[{"embeddable":true,"href":"https:\/\/ibomberdefense.standardof.net\/vi\/wp-json\/wp\/v2\/users\/1"}],"replies":[{"embeddable":true,"href":"https:\/\/ibomberdefense.standardof.net\/vi\/wp-json\/wp\/v2\/comments?post=286"}],"version-history":[{"count":0,"href":"https:\/\/ibomberdefense.standardof.net\/vi\/wp-json\/wp\/v2\/pages\/286\/revisions"}],"up":[{"embeddable":true,"href":"https:\/\/ibomberdefense.standardof.net\/vi\/wp-json\/wp\/v2\/pages\/266"}],"wp:featuredmedia":[{"embeddable":true,"href":"https:\/\/ibomberdefense.standardof.net\/vi\/wp-json\/wp\/v2\/media\/42"}],"wp:attachment":[{"href":"https:\/\/ibomberdefense.standardof.net\/vi\/wp-json\/wp\/v2\/media?parent=286"}],"curies":[{"name":"wp","href":"https:\/\/api.w.org\/{rel}","templated":true}]}}