{"id":298,"date":"2020-10-19T06:25:22","date_gmt":"2020-10-19T06:25:22","guid":{"rendered":"https:\/\/ibomberdefense.standardof.net\/?page_id=298"},"modified":"2020-10-19T08:06:15","modified_gmt":"2020-10-19T08:06:15","slug":"8-eastern-mediterranean-counterattack","status":"publish","type":"page","link":"https:\/\/ibomberdefense.standardof.net\/vi\/guide\/chien-dich-dong-minh\/8-cuoc-phan-cong-dong-dia-trung-hai\/","title":{"rendered":"8. \u0110\u00f4ng \u0110\u1ecba Trung H\u1ea3i: Ph\u1ea3n c\u00f4ng"},"content":{"rendered":"<div class=\"wp-block-image\"><figure class=\"aligncenter size-large\"><a href=\"https:\/\/ibomberdefense.standardof.net\/vi\/guide\/chien-dich-dong-minh\/8-cuoc-phan-cong-dong-dia-trung-hai\/ibomber-defense-level-8-eastern-mediterranean-counterattack-1\/\"><img decoding=\"async\" width=\"800\" height=\"450\" src=\"https:\/\/ibomberdefense.standardof.net\/wp-content\/uploads\/sites\/5\/2020\/10\/iBomber-Defense-Level-8-Eastern-Mediterranean-Counterattack-1-800x450.jpg\" alt=\"&quot;iBomber Defense&quot; - C\u1ea5p 8 - \u0110\u00f4ng \u0110\u1ecba Trung H\u1ea3i: Ph\u1ea3n c\u00f4ng (1)\" class=\"wp-image-43\" title=\"\" srcset=\"https:\/\/ibomberdefense.standardof.net\/wp-content\/uploads\/sites\/5\/2020\/10\/iBomber-Defense-Level-8-Eastern-Mediterranean-Counterattack-1-800x450.jpg 800w, https:\/\/ibomberdefense.standardof.net\/wp-content\/uploads\/sites\/5\/2020\/10\/iBomber-Defense-Level-8-Eastern-Mediterranean-Counterattack-1-512x288.jpg 512w, https:\/\/ibomberdefense.standardof.net\/wp-content\/uploads\/sites\/5\/2020\/10\/iBomber-Defense-Level-8-Eastern-Mediterranean-Counterattack-1-200x113.jpg 200w, https:\/\/ibomberdefense.standardof.net\/wp-content\/uploads\/sites\/5\/2020\/10\/iBomber-Defense-Level-8-Eastern-Mediterranean-Counterattack-1-768x432.jpg 768w, https:\/\/ibomberdefense.standardof.net\/wp-content\/uploads\/sites\/5\/2020\/10\/iBomber-Defense-Level-8-Eastern-Mediterranean-Counterattack-1-16x9.jpg 16w, https:\/\/ibomberdefense.standardof.net\/wp-content\/uploads\/sites\/5\/2020\/10\/iBomber-Defense-Level-8-Eastern-Mediterranean-Counterattack-1.jpg 1280w\" sizes=\"(max-width: 800px) 100vw, 800px\" \/><\/a><figcaption>\u0110\u01b0\u1eddng \u0111i c\u1ee7a c\u00e1c \u0111\u01a1n v\u1ecb \u0111\u1ed1i ph\u01b0\u01a1ng \u1edf \u0110\u00f4ng \u0110\u1ecba Trung H\u1ea3i ph\u1ea3n c\u00f4ng trong &quot;iBomber Defense&quot;. M\u00e0u \u0111\u1ecf, cam v\u00e0 v\u00e0ng l\u00e0 c\u00e1c \u0111\u01a1n v\u1ecb h\u1ea3i qu\u00e2n, xanh lam l\u00e0 m\u00e1y bay.<\/figcaption><\/figure><\/div>\n\n\n\n<p>Nhi\u1ec7m v\u1ee5 ti\u1ec1n th\u01b0\u1edfng cho \u0111\u1ee3t ph\u1ea3n c\u00f4ng th\u1ee9 hai \u0111\u01b0a ch\u00fang ta tr\u1edf l\u1ea1i \u0110\u00f4ng \u0110\u1ecba Trung H\u1ea3i v\u1edbi 20 \u0111\u1ee3t kh\u00e1c c\u1ee7a c\u00e1c \u0111\u01a1n v\u1ecb h\u1ea3i qu\u00e2n v\u00e0 kh\u00f4ng qu\u00e2n th\u1eadm ch\u00ed c\u00f2n m\u1ea1nh h\u01a1n. B\u1ea1n s\u1ebd b\u1eaft \u0111\u1ea7u nhi\u1ec7m v\u1ee5 n\u00e0y v\u1edbi c\u00e1c th\u00e1p ph\u00e1o m\u00e0 b\u1ea1n \u0111\u00e3 x\u00e2y d\u1ef1ng \u1edf cu\u1ed1i c\u1ea5p \u0111\u1ed9 tr\u01b0\u1edbc v\u00e0 m\u1ed9t m\u00e1y bay n\u00e9m bom c\u1ee7a k\u1ebb th\u00f9 s\u1ebd \u0111\u1ebfn v\u00e0 m\u1edf ra con \u0111\u01b0\u1eddng t\u1ea5n c\u00f4ng th\u1ee9 ba cho c\u00e1c t\u00e0u h\u1ea3i qu\u00e2n ti\u1ebfp c\u1eadn, ph\u00e1 h\u1ee7y c\u00e2y c\u1ea7u n\u1ed1i h\u00f2n \u0111\u1ea3o l\u1edbn nh\u1ea5t v\u1edbi \u0111\u1ea5t li\u1ec1n c\u00f9ng v\u1edbi b\u1ea5t c\u1ee9 th\u1ee9 g\u00ec tr\u00ean h\u00f2n \u0111\u1ea3o nh\u1ecf nh\u1ea5t.<\/p>\n\n\n\n<p>V\u1edbi vi\u1ec7c m\u1edf kh\u00f3a t\u1ea5t c\u1ea3 c\u00e1c n\u00e2ng c\u1ea5p v\u00e0o th\u1eddi \u0111i\u1ec3m n\u00e0y v\u00e0 s\u1ed1 l\u01b0\u1ee3ng \u0111\u00e1ng k\u1ec3 c\u00e1c \u0111\u1ee3t trong c\u00e1c nhi\u1ec7m v\u1ee5 ti\u1ebfp theo, n\u00f3 tr\u1edf th\u00e0nh m\u1ed9t l\u1ef1a ch\u1ecdn kh\u1ea3 thi v\u1ec1 m\u1eb7t chi\u1ebfn l\u01b0\u1ee3c \u0111\u1ec3 c\u00f3 \u0111\u01b0\u1ee3c 3 th\u00e1p ph\u00e1o c\u1ea5p ba c\u00e0ng s\u1edbm c\u00e0ng t\u1ed1t trong khi t\u00edch l\u0169y \u0111\u01b0\u1ee3c 150$ \u1edf cu\u1ed1i m\u1ed7i c\u1ea5p . L\u00e0m \u0111i\u1ec1u n\u00e0y cho ph\u00e9p b\u1ea1n nh\u1eadn \u0111\u01b0\u1ee3c l\u00e3i su\u1ea5t ti\u1ec1n th\u01b0\u1edfng t\u1ed1i \u0111a l\u00e0 50$ m\u1ed7i \u0111\u1ee3t. T\u1eeb \u0111\u00e2y tr\u1edf \u0111i, \u0111\u00e2y tr\u1edf th\u00e0nh m\u1ed9t chi\u1ebfn l\u01b0\u1ee3c l\u1eb7p l\u1ea1i.<\/p>\n\n\n\n<h3 class=\"wp-block-heading\"><strong>V\u1ecb tr\u00ed th\u00e1p ph\u00e1o<\/strong><\/h3>\n\n\n\n<p>T\u1eeb l\u00e0n s\u00f3ng ban \u0111\u1ea7u cho \u0111\u1ebfn l\u00e0n s\u00f3ng 10, b\u1ea1n n\u00ean t\u1eadp trung ch\u1ee7 y\u1ebfu v\u00e0o vi\u1ec7c nh\u1eadn to\u00e0n b\u1ed9 ti\u1ec1n th\u01b0\u1edfng l\u00e3i su\u1ea5t t\u1eeb ba th\u00e1p Truy\u1ec1n th\u00f4ng \u0111\u01b0\u1ee3c n\u00e2ng c\u1ea5p ho\u00e0n ch\u1ec9nh trong khi \u0111i\u1ec1n v\u00e0o b\u1ea5t k\u1ef3 \u0111i\u1ec3m m\u1edf n\u00e0o tr\u00ean v\u00f9ng \u0111\u1ea5t ch\u00ednh ph\u00eda b\u1eafc v\u00e0 ph\u00eda nam. \u0110\u1ea1i b\u00e1c l\u00e0 con \u0111\u01b0\u1eddng \u0111\u1ec3 \u0111i \u0111\u1ebfn \u0111\u00e2y, c\u00f3 th\u1ec3 th\u00eam m\u1ed9t v\u00e0i th\u00e1p s\u00fang M\u00e1y, nh\u01b0ng ch\u1ec9 c\u1ea7n th\u00eam m\u1ed9t kh\u1ea9u Ph\u00f2ng kh\u00f4ng b\u1ed5 sung, \u0111\u01b0\u1ee3c \u0111\u1eb7t tr\u00ean h\u00f2n \u0111\u1ea3o l\u1edbn nh\u1ea5t d\u01b0\u1edbi \u0111\u01b0\u1eddng bay c\u1ee7a ch\u00fang.<\/p>\n\n\n\n<p>Tr\u00ean \u0111\u01b0\u1eddng v\u01b0\u1ee3t qua l\u00e0n s\u00f3ng 20, b\u1ea1n s\u1ebd \u0111\u1ea1t \u0111\u1ebfn \u0111i\u1ec3m m\u00e0 b\u1ea1n \u0111\u00e3 \u0111\u00f3ng g\u00f3i c\u00e1c th\u00e1p ph\u00e1o v\u00e0o m\u1ecdi kh\u00f4ng gian c\u00f3 th\u1ec3, \u0111\u1ea3m b\u1ea3o r\u1eb1ng b\u1ea1n c\u00f3 Comms b\u00ean trong c\u00e1c c\u1ee5m th\u00e1p ph\u00e1o b\u1ea5t c\u1ee9 khi n\u00e0o c\u00f3 th\u1ec3 \u0111\u1ec3 t\u0103ng ph\u1ea1m vi v\u00e0 h\u1ecfa l\u1ef1c c\u1ee7a ch\u00fang, ngay c\u1ea3 khi \u0111\u00e3 ki\u1ebfm \u0111\u01b0\u1ee3c ti\u1ec1n l\u00e3i t\u1ed1i \u0111a.<\/p>\n\n\n\n<figure class=\"wp-block-gallery columns-2 is-cropped wp-block-gallery-1 is-layout-flex wp-block-gallery-is-layout-flex\"><ul class=\"blocks-gallery-grid\"><li class=\"blocks-gallery-item\"><figure><a href=\"https:\/\/ibomberdefense.standardof.net\/vi\/guide\/chien-dich-dong-minh\/8-cuoc-phan-cong-dong-dia-trung-hai\/ibomber-defense-level-8-eastern-mediterranean-counterattack-2\/\"><img decoding=\"async\" width=\"800\" height=\"450\" src=\"https:\/\/ibomberdefense.standardof.net\/wp-content\/uploads\/sites\/5\/2020\/10\/iBomber-Defense-Level-8-Eastern-Mediterranean-Counterattack-2-800x450.jpg\" alt=\"&quot;iBomber Defense&quot; - C\u1ea5p 8 - \u0110\u00f4ng \u0110\u1ecba Trung H\u1ea3i: Ph\u1ea3n c\u00f4ng (2)\" data-id=\"44\" data-full-url=\"https:\/\/ibomberdefense.standardof.net\/wp-content\/uploads\/sites\/5\/2020\/10\/iBomber-Defense-Level-8-Eastern-Mediterranean-Counterattack-2.jpg\" data-link=\"https:\/\/ibomberdefense.standardof.net\/guide\/allied-campaign\/8-eastern-mediterranean-counterattack\/ibomber-defense-level-8-eastern-mediterranean-counterattack-2\/\" class=\"wp-image-44\" title=\"\" srcset=\"https:\/\/ibomberdefense.standardof.net\/wp-content\/uploads\/sites\/5\/2020\/10\/iBomber-Defense-Level-8-Eastern-Mediterranean-Counterattack-2-800x450.jpg 800w, https:\/\/ibomberdefense.standardof.net\/wp-content\/uploads\/sites\/5\/2020\/10\/iBomber-Defense-Level-8-Eastern-Mediterranean-Counterattack-2-512x288.jpg 512w, https:\/\/ibomberdefense.standardof.net\/wp-content\/uploads\/sites\/5\/2020\/10\/iBomber-Defense-Level-8-Eastern-Mediterranean-Counterattack-2-200x113.jpg 200w, https:\/\/ibomberdefense.standardof.net\/wp-content\/uploads\/sites\/5\/2020\/10\/iBomber-Defense-Level-8-Eastern-Mediterranean-Counterattack-2-768x432.jpg 768w, https:\/\/ibomberdefense.standardof.net\/wp-content\/uploads\/sites\/5\/2020\/10\/iBomber-Defense-Level-8-Eastern-Mediterranean-Counterattack-2-16x9.jpg 16w, https:\/\/ibomberdefense.standardof.net\/wp-content\/uploads\/sites\/5\/2020\/10\/iBomber-Defense-Level-8-Eastern-Mediterranean-Counterattack-2.jpg 1280w\" sizes=\"(max-width: 800px) 100vw, 800px\" \/><\/a><figcaption class=\"blocks-gallery-item__caption\">V\u1ecb tr\u00ed th\u00e1p ph\u00e1o \u1edf l\u00e0n s\u00f3ng 10 trong cu\u1ed9c ph\u1ea3n c\u00f4ng \u0110\u00f4ng \u0110\u1ecba Trung H\u1ea3i.<\/figcaption><\/figure><\/li><li class=\"blocks-gallery-item\"><figure><a href=\"https:\/\/ibomberdefense.standardof.net\/vi\/guide\/chien-dich-dong-minh\/8-cuoc-phan-cong-dong-dia-trung-hai\/ibomber-defense-level-8-eastern-mediterranean-counterattack-3\/\"><img decoding=\"async\" width=\"800\" height=\"450\" src=\"https:\/\/ibomberdefense.standardof.net\/wp-content\/uploads\/sites\/5\/2020\/10\/iBomber-Defense-Level-8-Eastern-Mediterranean-Counterattack-3-800x450.jpg\" alt=\"&quot;iBomber Defense&quot; - C\u1ea5p 8 - \u0110\u00f4ng \u0110\u1ecba Trung H\u1ea3i: Ph\u1ea3n c\u00f4ng (3)\" data-id=\"45\" data-full-url=\"https:\/\/ibomberdefense.standardof.net\/wp-content\/uploads\/sites\/5\/2020\/10\/iBomber-Defense-Level-8-Eastern-Mediterranean-Counterattack-3.jpg\" data-link=\"https:\/\/ibomberdefense.standardof.net\/guide\/allied-campaign\/8-eastern-mediterranean-counterattack\/ibomber-defense-level-8-eastern-mediterranean-counterattack-3\/\" class=\"wp-image-45\" title=\"\" srcset=\"https:\/\/ibomberdefense.standardof.net\/wp-content\/uploads\/sites\/5\/2020\/10\/iBomber-Defense-Level-8-Eastern-Mediterranean-Counterattack-3-800x450.jpg 800w, https:\/\/ibomberdefense.standardof.net\/wp-content\/uploads\/sites\/5\/2020\/10\/iBomber-Defense-Level-8-Eastern-Mediterranean-Counterattack-3-512x288.jpg 512w, https:\/\/ibomberdefense.standardof.net\/wp-content\/uploads\/sites\/5\/2020\/10\/iBomber-Defense-Level-8-Eastern-Mediterranean-Counterattack-3-200x113.jpg 200w, https:\/\/ibomberdefense.standardof.net\/wp-content\/uploads\/sites\/5\/2020\/10\/iBomber-Defense-Level-8-Eastern-Mediterranean-Counterattack-3-768x432.jpg 768w, https:\/\/ibomberdefense.standardof.net\/wp-content\/uploads\/sites\/5\/2020\/10\/iBomber-Defense-Level-8-Eastern-Mediterranean-Counterattack-3-16x9.jpg 16w, https:\/\/ibomberdefense.standardof.net\/wp-content\/uploads\/sites\/5\/2020\/10\/iBomber-Defense-Level-8-Eastern-Mediterranean-Counterattack-3.jpg 1280w\" sizes=\"(max-width: 800px) 100vw, 800px\" \/><\/a><figcaption class=\"blocks-gallery-item__caption\">V\u1ecb tr\u00ed th\u00e1p ph\u00e1o \u1edf s\u00f3ng 20.<\/figcaption><\/figure><\/li><\/ul><\/figure>\n\n\n\n<hr class=\"wp-block-separator\"\/>\n\n\n\n<h4 class=\"has-text-align-center wp-block-heading\">H\u01b0\u1edbng d\u1eabn Video<\/h4>\n\n\n\n<figure class=\"wp-block-embed-youtube wp-block-embed is-type-video is-provider-youtube wp-embed-aspect-16-9 wp-has-aspect-ratio wp-embed-aspect-4-3\"><div class=\"wp-block-embed__wrapper\">\n<div class=\"ast-oembed-container\" style=\"height: 100%;\"><iframe title=\"iBomber Defense - \u0110\u00f4ng \u0110\u1ecba Trung H\u1ea3i - Ph\u1ea3n c\u00f4ng - C\u1ef1u chi\u1ebfn binh + Ho\u00e0n h\u1ea3o\" width=\"500\" height=\"281\" src=\"https:\/\/www.youtube.com\/embed\/VhyvzgQnsDA?feature=oembed\" frameborder=\"0\" allow=\"accelerometer; autoplay; clipboard-write; encrypted-media; gyroscope; picture-in-picture; web-share\" referrerpolicy=\"strict-origin-when-cross-origin\" allowfullscreen><\/iframe><\/div>\n<\/div><\/figure>","protected":false},"excerpt":{"rendered":"<p>The second counterattack bonus mission brings us again back to the Eastern Mediterranean for another 20 waves of even stronger naval and air units. You will begin this mission with the turrets you had built at the end of the previous level and an enemy bomber will come and open up a third route of [&hellip;]<\/p>","protected":false},"author":1,"featured_media":45,"parent":266,"menu_order":8,"comment_status":"open","ping_status":"closed","template":"","meta":{"_uag_custom_page_level_css":"","site-sidebar-layout":"default","site-content-layout":"default","ast-site-content-layout":"","site-content-style":"default","site-sidebar-style":"default","ast-global-header-display":"","ast-banner-title-visibility":"","ast-main-header-display":"","ast-hfb-above-header-display":"","ast-hfb-below-header-display":"","ast-hfb-mobile-header-display":"","site-post-title":"","ast-breadcrumbs-content":"","ast-featured-img":"","footer-sml-layout":"","theme-transparent-header-meta":"default","adv-header-id-meta":"","stick-header-meta":"","header-above-stick-meta":"","header-main-stick-meta":"","header-below-stick-meta":"","astra-migrate-meta-layouts":"default","ast-page-background-enabled":"default","ast-page-background-meta":{"desktop":{"background-color":"","background-image":"","background-repeat":"repeat","background-position":"center center","background-size":"auto","background-attachment":"scroll","background-type":"","background-media":"","overlay-type":"","overlay-color":"","overlay-gradient":""},"tablet":{"background-color":"","background-image":"","background-repeat":"repeat","background-position":"center center","background-size":"auto","background-attachment":"scroll","background-type":"","background-media":"","overlay-type":"","overlay-color":"","overlay-gradient":""},"mobile":{"background-color":"","background-image":"","background-repeat":"repeat","background-position":"center center","background-size":"auto","background-attachment":"scroll","background-type":"","background-media":"","overlay-type":"","overlay-color":"","overlay-gradient":""}},"ast-content-background-meta":{"desktop":{"background-color":"var(--ast-global-color-5)","background-image":"","background-repeat":"repeat","background-position":"center center","background-size":"auto","background-attachment":"scroll","background-type":"","background-media":"","overlay-type":"","overlay-color":"","overlay-gradient":""},"tablet":{"background-color":"var(--ast-global-color-5)","background-image":"","background-repeat":"repeat","background-position":"center center","background-size":"auto","background-attachment":"scroll","background-type":"","background-media":"","overlay-type":"","overlay-color":"","overlay-gradient":""},"mobile":{"background-color":"var(--ast-global-color-5)","background-image":"","background-repeat":"repeat","background-position":"center center","background-size":"auto","background-attachment":"scroll","background-type":"","background-media":"","overlay-type":"","overlay-color":"","overlay-gradient":""}},"footnotes":""},"uagb_featured_image_src":{"full":["https:\/\/ibomberdefense.standardof.net\/wp-content\/uploads\/sites\/5\/2020\/10\/iBomber-Defense-Level-8-Eastern-Mediterranean-Counterattack-3.jpg",1280,720,false],"thumbnail":["https:\/\/ibomberdefense.standardof.net\/wp-content\/uploads\/sites\/5\/2020\/10\/iBomber-Defense-Level-8-Eastern-Mediterranean-Counterattack-3-200x113.jpg",200,113,true],"medium":["https:\/\/ibomberdefense.standardof.net\/wp-content\/uploads\/sites\/5\/2020\/10\/iBomber-Defense-Level-8-Eastern-Mediterranean-Counterattack-3-512x288.jpg",512,288,true],"medium_large":["https:\/\/ibomberdefense.standardof.net\/wp-content\/uploads\/sites\/5\/2020\/10\/iBomber-Defense-Level-8-Eastern-Mediterranean-Counterattack-3-768x432.jpg",768,432,true],"large":["https:\/\/ibomberdefense.standardof.net\/wp-content\/uploads\/sites\/5\/2020\/10\/iBomber-Defense-Level-8-Eastern-Mediterranean-Counterattack-3-800x450.jpg",800,450,true],"1536x1536":["https:\/\/ibomberdefense.standardof.net\/wp-content\/uploads\/sites\/5\/2020\/10\/iBomber-Defense-Level-8-Eastern-Mediterranean-Counterattack-3.jpg",1280,720,false],"2048x2048":["https:\/\/ibomberdefense.standardof.net\/wp-content\/uploads\/sites\/5\/2020\/10\/iBomber-Defense-Level-8-Eastern-Mediterranean-Counterattack-3.jpg",1280,720,false],"trp-custom-language-flag":["https:\/\/ibomberdefense.standardof.net\/wp-content\/uploads\/sites\/5\/2020\/10\/iBomber-Defense-Level-8-Eastern-Mediterranean-Counterattack-3-16x9.jpg",16,9,true]},"uagb_author_info":{"display_name":"SOE","author_link":"https:\/\/ibomberdefense.standardof.net\/vi\/author\/k-tastic\/"},"uagb_comment_info":0,"uagb_excerpt":"The second counterattack bonus mission brings us again back to the Eastern Mediterranean for another 20 waves of even stronger naval and air units. You will begin this mission with the turrets you had built at the end of the previous level and an enemy bomber will come and open up a third route of&hellip;","_links":{"self":[{"href":"https:\/\/ibomberdefense.standardof.net\/vi\/wp-json\/wp\/v2\/pages\/298"}],"collection":[{"href":"https:\/\/ibomberdefense.standardof.net\/vi\/wp-json\/wp\/v2\/pages"}],"about":[{"href":"https:\/\/ibomberdefense.standardof.net\/vi\/wp-json\/wp\/v2\/types\/page"}],"author":[{"embeddable":true,"href":"https:\/\/ibomberdefense.standardof.net\/vi\/wp-json\/wp\/v2\/users\/1"}],"replies":[{"embeddable":true,"href":"https:\/\/ibomberdefense.standardof.net\/vi\/wp-json\/wp\/v2\/comments?post=298"}],"version-history":[{"count":0,"href":"https:\/\/ibomberdefense.standardof.net\/vi\/wp-json\/wp\/v2\/pages\/298\/revisions"}],"up":[{"embeddable":true,"href":"https:\/\/ibomberdefense.standardof.net\/vi\/wp-json\/wp\/v2\/pages\/266"}],"wp:featuredmedia":[{"embeddable":true,"href":"https:\/\/ibomberdefense.standardof.net\/vi\/wp-json\/wp\/v2\/media\/45"}],"wp:attachment":[{"href":"https:\/\/ibomberdefense.standardof.net\/vi\/wp-json\/wp\/v2\/media?parent=298"}],"curies":[{"name":"wp","href":"https:\/\/api.w.org\/{rel}","templated":true}]}}