{"id":299,"date":"2020-10-19T06:25:43","date_gmt":"2020-10-19T06:25:43","guid":{"rendered":"https:\/\/ibomberdefense.standardof.net\/?page_id=299"},"modified":"2020-10-19T08:06:19","modified_gmt":"2020-10-19T08:06:19","slug":"9-south-east-europe-snowblind","status":"publish","type":"page","link":"https:\/\/ibomberdefense.standardof.net\/vi\/guide\/chien-dich-dong-minh\/9-dong-nam-chau-au\/","title":{"rendered":"9. \u0110\u00f4ng Nam \u00c2u: Snowblind"},"content":{"rendered":"<div class=\"wp-block-image\"><figure class=\"aligncenter size-large\"><a href=\"https:\/\/ibomberdefense.standardof.net\/vi\/guide\/chien-dich-dong-minh\/9-dong-nam-chau-au\/ibomber-defense-level-9-south-east-europe-snowblind-1\/\"><img decoding=\"async\" width=\"800\" height=\"450\" src=\"https:\/\/ibomberdefense.standardof.net\/wp-content\/uploads\/sites\/5\/2020\/10\/iBomber-Defense-Level-9-South-East-Europe-Snowblind-1-800x450.jpg\" alt=\"&quot;iBomber Defense&quot; - C\u1ea5p 9 - \u0110\u00f4ng Nam \u00c2u: Snowblind (1)\" class=\"wp-image-46\" title=\"\" srcset=\"https:\/\/ibomberdefense.standardof.net\/wp-content\/uploads\/sites\/5\/2020\/10\/iBomber-Defense-Level-9-South-East-Europe-Snowblind-1-800x450.jpg 800w, https:\/\/ibomberdefense.standardof.net\/wp-content\/uploads\/sites\/5\/2020\/10\/iBomber-Defense-Level-9-South-East-Europe-Snowblind-1-512x288.jpg 512w, https:\/\/ibomberdefense.standardof.net\/wp-content\/uploads\/sites\/5\/2020\/10\/iBomber-Defense-Level-9-South-East-Europe-Snowblind-1-200x113.jpg 200w, https:\/\/ibomberdefense.standardof.net\/wp-content\/uploads\/sites\/5\/2020\/10\/iBomber-Defense-Level-9-South-East-Europe-Snowblind-1-768x432.jpg 768w, https:\/\/ibomberdefense.standardof.net\/wp-content\/uploads\/sites\/5\/2020\/10\/iBomber-Defense-Level-9-South-East-Europe-Snowblind-1-16x9.jpg 16w, https:\/\/ibomberdefense.standardof.net\/wp-content\/uploads\/sites\/5\/2020\/10\/iBomber-Defense-Level-9-South-East-Europe-Snowblind-1.jpg 1280w\" sizes=\"(max-width: 800px) 100vw, 800px\" \/><\/a><figcaption>\u0110\u01b0\u1eddng \u0111i c\u1ee7a k\u1ebb th\u00f9 \u1edf \u0110\u00f4ng Nam \u00c2u c\u1ea5p iBomber Defense. M\u00e0u \u0111\u1ecf, v\u00e0ng v\u00e0 cam l\u00e0 \u0111\u01a1n v\u1ecb m\u1eb7t \u0111\u1ea5t, \u0111\u01b0\u1eddng xanh lam l\u00e0 m\u00e1y bay.<\/figcaption><\/figure><\/div>\n\n\n\n<p>Ti\u1ebfp t\u1ee5c tr\u1edf \u0111i trong chi\u1ebfn d\u1ecbch \u0110\u1ed3ng minh c\u1ee7a <em>iBomber Defense<\/em> \u0111\u00e3 \u0111\u1ebfn l\u00fac ph\u1ea3i \u0111\u1ed1i m\u1eb7t v\u1edbi c\u1ea5p \u0111\u1ed9 \u0110\u00f4ng Nam \u00c2u, di\u1ec5n ra trong m\u1ed9t thung l\u0169ng xanh ch\u1ea1y quanh m\u1ed9t ng\u1ecdn n\u00fai tuy\u1ebft ph\u1ee7 \u1edf trung t\u00e2m v\u00e0 \u0111\u01b0\u1ee3c l\u00f3t b\u1eb1ng nh\u1eefng r\u1eb7ng n\u00fai tuy\u1ebft ph\u1ee7 l\u1edbn h\u01a1n d\u1ecdc hai b\u00ean. B\u1ea1n s\u1ebd ph\u1ea3i \u0111\u1ed1i m\u1eb7t v\u1edbi t\u1ed5ng c\u1ed9ng 40 l\u00e0n s\u00f3ng k\u1ebb th\u00f9 c\u1ee7a c\u00e1c \u0111\u01a1n v\u1ecb m\u1eb7t \u0111\u1ea5t v\u00e0 m\u00e1y bay k\u1ebft h\u1ee3p.<\/p>\n\n\n\n<p>V\u1ecb tr\u00ed c\u1ee7a th\u00e1p ph\u00e1o s\u1ebd t\u1eadp trung ph\u1ea7n l\u1edbn v\u00e0o n\u1eeda ph\u00eda t\u00e2y c\u1ee7a b\u1ea3n \u0111\u1ed3 v\u1edbi c\u00e1c th\u00e1p ph\u00e1o \u0111\u01b0\u1ee3c \u0111\u1eb7t tr\u00ean n\u00fai trung t\u00e2m \u0111\u1ec3 ti\u1ebfp c\u1eadn c\u1ea3 tuy\u1ebfn \u0111\u01b0\u1eddng tr\u00ean v\u00e0 d\u01b0\u1edbi. C\u00e1c \u0111\u01a1n v\u1ecb kh\u00f4ng qu\u00e2n s\u1ebd xu\u1ea5t hi\u1ec7n \u1edf c\u1ea5p \u0111\u1ed9 20 v\u00e0 s\u1ebd c\u00f3 th\u00eam m\u1ed9t nhi\u1ec7m v\u1ee5 ph\u1ea3n c\u00f4ng s\u1ebd tr\u1edf l\u1ea1i c\u1ea5p \u0111\u1ed9 n\u00e0y sau n\u00e0y.<\/p>\n\n\n\n<h3 class=\"wp-block-heading\"><strong>V\u1ecb tr\u00ed th\u00e1p ph\u00e1o<\/strong><\/h3>\n\n\n\n<figure class=\"wp-block-gallery columns-2 is-cropped wp-block-gallery-1 is-layout-flex wp-block-gallery-is-layout-flex\"><ul class=\"blocks-gallery-grid\"><li class=\"blocks-gallery-item\"><figure><a href=\"https:\/\/ibomberdefense.standardof.net\/vi\/guide\/chien-dich-dong-minh\/9-dong-nam-chau-au\/ibomber-defense-level-9-south-east-europe-snowblind-2\/\"><img decoding=\"async\" width=\"800\" height=\"450\" src=\"https:\/\/ibomberdefense.standardof.net\/wp-content\/uploads\/sites\/5\/2020\/10\/iBomber-Defense-Level-9-South-East-Europe-Snowblind-2-800x450.jpg\" alt=\"&quot;iBomber Defense&quot; - C\u1ea5p 9 - \u0110\u00f4ng Nam \u00c2u: Snowblind (2)\" data-id=\"47\" data-full-url=\"https:\/\/ibomberdefense.standardof.net\/wp-content\/uploads\/sites\/5\/2020\/10\/iBomber-Defense-Level-9-South-East-Europe-Snowblind-2.jpg\" data-link=\"https:\/\/ibomberdefense.standardof.net\/guide\/allied-campaign\/9-south-east-europe-snowblind\/ibomber-defense-level-9-south-east-europe-snowblind-2\/\" class=\"wp-image-47\" title=\"\" srcset=\"https:\/\/ibomberdefense.standardof.net\/wp-content\/uploads\/sites\/5\/2020\/10\/iBomber-Defense-Level-9-South-East-Europe-Snowblind-2-800x450.jpg 800w, https:\/\/ibomberdefense.standardof.net\/wp-content\/uploads\/sites\/5\/2020\/10\/iBomber-Defense-Level-9-South-East-Europe-Snowblind-2-512x288.jpg 512w, https:\/\/ibomberdefense.standardof.net\/wp-content\/uploads\/sites\/5\/2020\/10\/iBomber-Defense-Level-9-South-East-Europe-Snowblind-2-200x113.jpg 200w, https:\/\/ibomberdefense.standardof.net\/wp-content\/uploads\/sites\/5\/2020\/10\/iBomber-Defense-Level-9-South-East-Europe-Snowblind-2-768x432.jpg 768w, https:\/\/ibomberdefense.standardof.net\/wp-content\/uploads\/sites\/5\/2020\/10\/iBomber-Defense-Level-9-South-East-Europe-Snowblind-2-16x9.jpg 16w, https:\/\/ibomberdefense.standardof.net\/wp-content\/uploads\/sites\/5\/2020\/10\/iBomber-Defense-Level-9-South-East-Europe-Snowblind-2.jpg 1280w\" sizes=\"(max-width: 800px) 100vw, 800px\" \/><\/a><figcaption class=\"blocks-gallery-item__caption\">V\u1ecb tr\u00ed th\u00e1p ph\u00e1o \u1edf s\u00f3ng 10.<\/figcaption><\/figure><\/li><li class=\"blocks-gallery-item\"><figure><a href=\"https:\/\/ibomberdefense.standardof.net\/vi\/guide\/chien-dich-dong-minh\/9-dong-nam-chau-au\/ibomber-defense-level-9-south-east-europe-snowblind-3\/\"><img decoding=\"async\" width=\"800\" height=\"450\" src=\"https:\/\/ibomberdefense.standardof.net\/wp-content\/uploads\/sites\/5\/2020\/10\/iBomber-Defense-Level-9-South-East-Europe-Snowblind-3-800x450.jpg\" alt=\"&quot;iBomber Defense&quot; - C\u1ea5p 9 - \u0110\u00f4ng Nam \u00c2u: Snowblind (3)\" data-id=\"48\" data-full-url=\"https:\/\/ibomberdefense.standardof.net\/wp-content\/uploads\/sites\/5\/2020\/10\/iBomber-Defense-Level-9-South-East-Europe-Snowblind-3.jpg\" data-link=\"https:\/\/ibomberdefense.standardof.net\/guide\/allied-campaign\/9-south-east-europe-snowblind\/ibomber-defense-level-9-south-east-europe-snowblind-3\/\" class=\"wp-image-48\" title=\"\" srcset=\"https:\/\/ibomberdefense.standardof.net\/wp-content\/uploads\/sites\/5\/2020\/10\/iBomber-Defense-Level-9-South-East-Europe-Snowblind-3-800x450.jpg 800w, https:\/\/ibomberdefense.standardof.net\/wp-content\/uploads\/sites\/5\/2020\/10\/iBomber-Defense-Level-9-South-East-Europe-Snowblind-3-512x288.jpg 512w, https:\/\/ibomberdefense.standardof.net\/wp-content\/uploads\/sites\/5\/2020\/10\/iBomber-Defense-Level-9-South-East-Europe-Snowblind-3-200x113.jpg 200w, https:\/\/ibomberdefense.standardof.net\/wp-content\/uploads\/sites\/5\/2020\/10\/iBomber-Defense-Level-9-South-East-Europe-Snowblind-3-768x432.jpg 768w, https:\/\/ibomberdefense.standardof.net\/wp-content\/uploads\/sites\/5\/2020\/10\/iBomber-Defense-Level-9-South-East-Europe-Snowblind-3-16x9.jpg 16w, https:\/\/ibomberdefense.standardof.net\/wp-content\/uploads\/sites\/5\/2020\/10\/iBomber-Defense-Level-9-South-East-Europe-Snowblind-3.jpg 1280w\" sizes=\"(max-width: 800px) 100vw, 800px\" \/><\/a><figcaption class=\"blocks-gallery-item__caption\">V\u1ecb tr\u00ed th\u00e1p ph\u00e1o \u1edf s\u00f3ng 20.<\/figcaption><\/figure><\/li><\/ul><\/figure>\n\n\n\n<p>T\u1eeb \u0111\u1ee3t b\u1eaft \u0111\u1ea7u l\u00ean \u0111\u1ebfn s\u1ed1 10, t\u1ed1t nh\u1ea5t l\u00e0 b\u1ea1n n\u00ean t\u1eadp trung v\u00e0o vi\u1ec7c c\u00f3 \u0111\u01b0\u1ee3c hai th\u00e1p s\u00fang M\u00e1y \u0111\u01b0\u1ee3c n\u00e2ng c\u1ea5p ho\u00e0n ch\u1ec9nh, \u1edf m\u1ed7i l\u1ed1i v\u00e0o v\u1edbi m\u1ed9t th\u00e1p b\u1ed5 sung \u1edf ch\u00e2n \u0111\u1ebf v\u00e0 m\u1ed9t th\u00e1p ph\u00e1o tr\u00ean n\u00fai trung t\u00e2m c\u00f3 th\u1ec3 b\u1eafn t\u1eeb v\u1ecb tr\u00ed \u0111\u00e3 n\u00f3i ch\u1ed1ng l\u1ea1i c\u1ea3 hai. c\u00e1c tuy\u1ebfn \u0111\u01b0\u1eddng. H\u00e3y nh\u1edb r\u1eb1ng nhi\u1ec7m v\u1ee5 ph\u1ea3n c\u00f4ng s\u1ebd m\u1edf ra m\u1ed9t con \u0111\u01b0\u1eddng m\u1edbi \u1edf ph\u00eda d\u01b0\u1edbi c\u00f9ng b\u00ean tr\u00e1i c\u1ee7a b\u1ea3n \u0111\u1ed3, n\u01a1i b\u1ea1n c\u00f3 th\u1ec3 nh\u00ecn th\u1ea5y m\u1ed9t con \u0111\u01b0\u1eddng ph\u1ee7 \u0111\u1ea7y tuy\u1ebft.<\/p>\n\n\n\n<p>\u0110\u1ed1i v\u1edbi l\u00e0n s\u00f3ng 20, b\u1ea1n s\u1ebd mu\u1ed1n t\u1eadp trung v\u00e0o vi\u1ec7c x\u00e2y d\u1ef1ng m\u1ed9t Ph\u00e1o kh\u00e1c tr\u00ean ng\u1ecdn n\u00fai trung t\u00e2m c\u00f9ng v\u1edbi m\u1ed9t th\u00e1p ph\u00e1o AA cho m\u00e1y bay \u0111ang \u0111\u1ebfn. B\u1ea1n c\u0169ng n\u00ean t\u1eadp trung v\u00e0o vi\u1ec7c x\u00e2y d\u1ef1ng c\u00e1c c\u0103n c\u1ee9 h\u1ecfa l\u1ef1c b\u1ed5 sung m\u1edbi v\u1edbi th\u00e1p ph\u00e1o Comms \u0111\u1ec3 t\u0103ng c\u01b0\u1eddng v\u00e0 b\u1eaft \u0111\u1ea7u t\u00edch l\u0169y s\u1ef1 quan t\u00e2m \u0111\u1ebfn c\u00e1c ph\u1ea7n ph\u00eda b\u1eafc v\u00e0 t\u00e2y nam c\u1ee7a b\u1ea3n \u0111\u1ed3 g\u1ea7n c\u0103n c\u1ee9.<\/p>\n\n\n\n<p>T\u1eeb l\u00e0n s\u00f3ng 20 \u0111\u1ebfn 30, b\u1ea1n n\u00ean l\u00e0m vi\u1ec7c \u0111\u1ec3 n\u00e2ng c\u1ea5p c\u00e1c th\u00e1p ph\u00e1o Comms c\u1ee7a m\u00ecnh cho c\u00e1c m\u1ee5c \u0111\u00edch quan t\u00e2m \u0111\u1ed3ng th\u1eddi th\u00eam c\u00e1c th\u00e1p ph\u00e1o v\u00e0o c\u1ea3 3 v\u1ecb tr\u00ed \u0111\u01b0\u1ee3c x\u00e2y d\u1ef1ng cho \u0111\u1ebfn nay l\u00e0 ph\u00eda b\u1eafc v\u00e0 t\u00e2y nam c\u1ee7a b\u1ea3n \u0111\u1ed3 v\u00e0 ng\u1ecdn n\u00fai trung t\u00e2m. C\u0169ng c\u1ed1 g\u1eafng n\u00e2ng th\u00e1p ph\u00e1o Ph\u00f2ng kh\u00f4ng c\u1ee7a b\u1ea1n l\u00ean c\u1ea5p 3 trong th\u1eddi gian n\u00e0y.<\/p>\n\n\n\n<p>M\u01b0\u1eddi \u0111\u1ee3t cu\u1ed1i c\u00f9ng n\u00ean t\u1eadp trung v\u00e0o vi\u1ec7c t\u1ed1i \u0111a h\u00f3a ti\u1ec1n th\u01b0\u1edfng l\u00e3i su\u1ea5t c\u1ee7a m\u1ed7i \u0111\u1ee3t trong khi s\u1eed d\u1ee5ng ti\u1ec1n th\u00eam \u0111\u1ec3 n\u00e2ng c\u1ea5p t\u1ea5t c\u1ea3 c\u00e1c th\u00e1p ph\u00e1o c\u1ee7a b\u1ea1n l\u00ean c\u1ea5p 3. S\u1ebd r\u1ea5t \u0111\u00e1ng gi\u00e1 n\u1ebfu b\u1ea1n th\u00eam m\u1ed9t th\u00e1p ph\u00e1o Ph\u00f2ng kh\u00f4ng th\u1ee9 hai \u1edf \u0111\u00e2u \u0111\u00f3 d\u1ecdc theo con \u0111\u01b0\u1eddng trung t\u00e2m m\u00e0 m\u00e1y bay \u0111i, c\u00e1 nh\u00e2n t\u00f4i ch\u1ecdn ph\u00eda \u0111\u00f4ng c\u1ee7a ng\u1ecdn n\u00fai trung t\u00e2m.<\/p>\n\n\n\n<figure class=\"wp-block-gallery columns-2 is-cropped wp-block-gallery-2 is-layout-flex wp-block-gallery-is-layout-flex\"><ul class=\"blocks-gallery-grid\"><li class=\"blocks-gallery-item\"><figure><a href=\"https:\/\/ibomberdefense.standardof.net\/vi\/guide\/chien-dich-dong-minh\/9-dong-nam-chau-au\/ibomber-defense-level-9-south-east-europe-snowblind-4\/\"><img decoding=\"async\" width=\"800\" height=\"450\" src=\"https:\/\/ibomberdefense.standardof.net\/wp-content\/uploads\/sites\/5\/2020\/10\/iBomber-Defense-Level-9-South-East-Europe-Snowblind-4-800x450.jpg\" alt=\"&quot;iBomber Defense&quot; - C\u1ea5p 9 - \u0110\u00f4ng Nam \u00c2u: Snowblind (4)\" data-id=\"49\" data-full-url=\"https:\/\/ibomberdefense.standardof.net\/wp-content\/uploads\/sites\/5\/2020\/10\/iBomber-Defense-Level-9-South-East-Europe-Snowblind-4.jpg\" data-link=\"https:\/\/ibomberdefense.standardof.net\/guide\/allied-campaign\/9-south-east-europe-snowblind\/ibomber-defense-level-9-south-east-europe-snowblind-4\/\" class=\"wp-image-49\" title=\"\" srcset=\"https:\/\/ibomberdefense.standardof.net\/wp-content\/uploads\/sites\/5\/2020\/10\/iBomber-Defense-Level-9-South-East-Europe-Snowblind-4-800x450.jpg 800w, https:\/\/ibomberdefense.standardof.net\/wp-content\/uploads\/sites\/5\/2020\/10\/iBomber-Defense-Level-9-South-East-Europe-Snowblind-4-512x288.jpg 512w, https:\/\/ibomberdefense.standardof.net\/wp-content\/uploads\/sites\/5\/2020\/10\/iBomber-Defense-Level-9-South-East-Europe-Snowblind-4-200x113.jpg 200w, https:\/\/ibomberdefense.standardof.net\/wp-content\/uploads\/sites\/5\/2020\/10\/iBomber-Defense-Level-9-South-East-Europe-Snowblind-4-768x432.jpg 768w, https:\/\/ibomberdefense.standardof.net\/wp-content\/uploads\/sites\/5\/2020\/10\/iBomber-Defense-Level-9-South-East-Europe-Snowblind-4-16x9.jpg 16w, https:\/\/ibomberdefense.standardof.net\/wp-content\/uploads\/sites\/5\/2020\/10\/iBomber-Defense-Level-9-South-East-Europe-Snowblind-4.jpg 1280w\" sizes=\"(max-width: 800px) 100vw, 800px\" \/><\/a><figcaption class=\"blocks-gallery-item__caption\">V\u1ecb tr\u00ed th\u00e1p ph\u00e1o \u1edf s\u00f3ng 30.<\/figcaption><\/figure><\/li><li class=\"blocks-gallery-item\"><figure><a href=\"https:\/\/ibomberdefense.standardof.net\/vi\/guide\/chien-dich-dong-minh\/9-dong-nam-chau-au\/ibomber-defense-level-9-south-east-europe-snowblind-5\/\"><img decoding=\"async\" width=\"800\" height=\"450\" src=\"https:\/\/ibomberdefense.standardof.net\/wp-content\/uploads\/sites\/5\/2020\/10\/iBomber-Defense-Level-9-South-East-Europe-Snowblind-5-800x450.jpg\" alt=\"&quot;iBomber Defense&quot; - C\u1ea5p 9 - \u0110\u00f4ng Nam \u00c2u: Snowblind (5)\" data-id=\"50\" data-full-url=\"https:\/\/ibomberdefense.standardof.net\/wp-content\/uploads\/sites\/5\/2020\/10\/iBomber-Defense-Level-9-South-East-Europe-Snowblind-5.jpg\" data-link=\"https:\/\/ibomberdefense.standardof.net\/guide\/allied-campaign\/9-south-east-europe-snowblind\/ibomber-defense-level-9-south-east-europe-snowblind-5\/\" class=\"wp-image-50\" title=\"\" srcset=\"https:\/\/ibomberdefense.standardof.net\/wp-content\/uploads\/sites\/5\/2020\/10\/iBomber-Defense-Level-9-South-East-Europe-Snowblind-5-800x450.jpg 800w, https:\/\/ibomberdefense.standardof.net\/wp-content\/uploads\/sites\/5\/2020\/10\/iBomber-Defense-Level-9-South-East-Europe-Snowblind-5-512x288.jpg 512w, https:\/\/ibomberdefense.standardof.net\/wp-content\/uploads\/sites\/5\/2020\/10\/iBomber-Defense-Level-9-South-East-Europe-Snowblind-5-200x113.jpg 200w, https:\/\/ibomberdefense.standardof.net\/wp-content\/uploads\/sites\/5\/2020\/10\/iBomber-Defense-Level-9-South-East-Europe-Snowblind-5-768x432.jpg 768w, https:\/\/ibomberdefense.standardof.net\/wp-content\/uploads\/sites\/5\/2020\/10\/iBomber-Defense-Level-9-South-East-Europe-Snowblind-5-16x9.jpg 16w, https:\/\/ibomberdefense.standardof.net\/wp-content\/uploads\/sites\/5\/2020\/10\/iBomber-Defense-Level-9-South-East-Europe-Snowblind-5.jpg 1280w\" sizes=\"(max-width: 800px) 100vw, 800px\" \/><\/a><figcaption class=\"blocks-gallery-item__caption\">V\u1ecb tr\u00ed th\u00e1p ph\u00e1o \u1edf s\u00f3ng 40.<\/figcaption><\/figure><\/li><\/ul><\/figure>\n\n\n\n<hr class=\"wp-block-separator\"\/>\n\n\n\n<h4 class=\"has-text-align-center wp-block-heading\">H\u01b0\u1edbng d\u1eabn Video<\/h4>\n\n\n\n<figure class=\"wp-block-embed-youtube wp-block-embed is-type-video is-provider-youtube wp-embed-aspect-4-3 wp-has-aspect-ratio\"><div class=\"wp-block-embed__wrapper\">\n<div class=\"ast-oembed-container\" style=\"height: 100%;\"><iframe title=\"iBomber Defense - \u0110\u00f4ng Nam \u00c2u - Snowblind - Veteran + Perfect\" width=\"500\" height=\"281\" src=\"https:\/\/www.youtube.com\/embed\/qZ8uu88C06g?feature=oembed\" frameborder=\"0\" allow=\"accelerometer; autoplay; clipboard-write; encrypted-media; gyroscope; picture-in-picture; web-share\" referrerpolicy=\"strict-origin-when-cross-origin\" allowfullscreen><\/iframe><\/div>\n<\/div><\/figure>","protected":false},"excerpt":{"rendered":"<p>Proceeding onwards in the Allied campaign of iBomber Defense it is time to face the South East Europe level, taking place in a green valley that runs around a central snow covered mountain and lined with even larger snow covered ridges along the sides. You will have to face a total of 40 waves of [&hellip;]<\/p>","protected":false},"author":1,"featured_media":50,"parent":266,"menu_order":9,"comment_status":"open","ping_status":"closed","template":"","meta":{"_uag_custom_page_level_css":"","site-sidebar-layout":"default","site-content-layout":"default","ast-site-content-layout":"","site-content-style":"default","site-sidebar-style":"default","ast-global-header-display":"","ast-banner-title-visibility":"","ast-main-header-display":"","ast-hfb-above-header-display":"","ast-hfb-below-header-display":"","ast-hfb-mobile-header-display":"","site-post-title":"","ast-breadcrumbs-content":"","ast-featured-img":"","footer-sml-layout":"","theme-transparent-header-meta":"default","adv-header-id-meta":"","stick-header-meta":"","header-above-stick-meta":"","header-main-stick-meta":"","header-below-stick-meta":"","astra-migrate-meta-layouts":"default","ast-page-background-enabled":"default","ast-page-background-meta":{"desktop":{"background-color":"","background-image":"","background-repeat":"repeat","background-position":"center center","background-size":"auto","background-attachment":"scroll","background-type":"","background-media":"","overlay-type":"","overlay-color":"","overlay-gradient":""},"tablet":{"background-color":"","background-image":"","background-repeat":"repeat","background-position":"center center","background-size":"auto","background-attachment":"scroll","background-type":"","background-media":"","overlay-type":"","overlay-color":"","overlay-gradient":""},"mobile":{"background-color":"","background-image":"","background-repeat":"repeat","background-position":"center center","background-size":"auto","background-attachment":"scroll","background-type":"","background-media":"","overlay-type":"","overlay-color":"","overlay-gradient":""}},"ast-content-background-meta":{"desktop":{"background-color":"var(--ast-global-color-5)","background-image":"","background-repeat":"repeat","background-position":"center center","background-size":"auto","background-attachment":"scroll","background-type":"","background-media":"","overlay-type":"","overlay-color":"","overlay-gradient":""},"tablet":{"background-color":"var(--ast-global-color-5)","background-image":"","background-repeat":"repeat","background-position":"center center","background-size":"auto","background-attachment":"scroll","background-type":"","background-media":"","overlay-type":"","overlay-color":"","overlay-gradient":""},"mobile":{"background-color":"var(--ast-global-color-5)","background-image":"","background-repeat":"repeat","background-position":"center center","background-size":"auto","background-attachment":"scroll","background-type":"","background-media":"","overlay-type":"","overlay-color":"","overlay-gradient":""}},"footnotes":""},"uagb_featured_image_src":{"full":["https:\/\/ibomberdefense.standardof.net\/wp-content\/uploads\/sites\/5\/2020\/10\/iBomber-Defense-Level-9-South-East-Europe-Snowblind-5.jpg",1280,720,false],"thumbnail":["https:\/\/ibomberdefense.standardof.net\/wp-content\/uploads\/sites\/5\/2020\/10\/iBomber-Defense-Level-9-South-East-Europe-Snowblind-5-200x113.jpg",200,113,true],"medium":["https:\/\/ibomberdefense.standardof.net\/wp-content\/uploads\/sites\/5\/2020\/10\/iBomber-Defense-Level-9-South-East-Europe-Snowblind-5-512x288.jpg",512,288,true],"medium_large":["https:\/\/ibomberdefense.standardof.net\/wp-content\/uploads\/sites\/5\/2020\/10\/iBomber-Defense-Level-9-South-East-Europe-Snowblind-5-768x432.jpg",768,432,true],"large":["https:\/\/ibomberdefense.standardof.net\/wp-content\/uploads\/sites\/5\/2020\/10\/iBomber-Defense-Level-9-South-East-Europe-Snowblind-5-800x450.jpg",800,450,true],"1536x1536":["https:\/\/ibomberdefense.standardof.net\/wp-content\/uploads\/sites\/5\/2020\/10\/iBomber-Defense-Level-9-South-East-Europe-Snowblind-5.jpg",1280,720,false],"2048x2048":["https:\/\/ibomberdefense.standardof.net\/wp-content\/uploads\/sites\/5\/2020\/10\/iBomber-Defense-Level-9-South-East-Europe-Snowblind-5.jpg",1280,720,false],"trp-custom-language-flag":["https:\/\/ibomberdefense.standardof.net\/wp-content\/uploads\/sites\/5\/2020\/10\/iBomber-Defense-Level-9-South-East-Europe-Snowblind-5-16x9.jpg",16,9,true]},"uagb_author_info":{"display_name":"SOE","author_link":"https:\/\/ibomberdefense.standardof.net\/vi\/author\/k-tastic\/"},"uagb_comment_info":0,"uagb_excerpt":"Proceeding onwards in the Allied campaign of iBomber Defense it is time to face the South East Europe level, taking place in a green valley that runs around a central snow covered mountain and lined with even larger snow covered ridges along the sides. You will have to face a total of 40 waves of&hellip;","_links":{"self":[{"href":"https:\/\/ibomberdefense.standardof.net\/vi\/wp-json\/wp\/v2\/pages\/299"}],"collection":[{"href":"https:\/\/ibomberdefense.standardof.net\/vi\/wp-json\/wp\/v2\/pages"}],"about":[{"href":"https:\/\/ibomberdefense.standardof.net\/vi\/wp-json\/wp\/v2\/types\/page"}],"author":[{"embeddable":true,"href":"https:\/\/ibomberdefense.standardof.net\/vi\/wp-json\/wp\/v2\/users\/1"}],"replies":[{"embeddable":true,"href":"https:\/\/ibomberdefense.standardof.net\/vi\/wp-json\/wp\/v2\/comments?post=299"}],"version-history":[{"count":0,"href":"https:\/\/ibomberdefense.standardof.net\/vi\/wp-json\/wp\/v2\/pages\/299\/revisions"}],"up":[{"embeddable":true,"href":"https:\/\/ibomberdefense.standardof.net\/vi\/wp-json\/wp\/v2\/pages\/266"}],"wp:featuredmedia":[{"embeddable":true,"href":"https:\/\/ibomberdefense.standardof.net\/vi\/wp-json\/wp\/v2\/media\/50"}],"wp:attachment":[{"href":"https:\/\/ibomberdefense.standardof.net\/vi\/wp-json\/wp\/v2\/media?parent=299"}],"curies":[{"name":"wp","href":"https:\/\/api.w.org\/{rel}","templated":true}]}}