{"id":300,"date":"2020-10-19T06:26:07","date_gmt":"2020-10-19T06:26:07","guid":{"rendered":"https:\/\/ibomberdefense.standardof.net\/?page_id=300"},"modified":"2020-10-19T08:06:23","modified_gmt":"2020-10-19T08:06:23","slug":"10-western-russia-barbarossa","status":"publish","type":"page","link":"https:\/\/ibomberdefense.standardof.net\/vi\/guide\/chien-dich-dong-minh\/10-tay-nga-barbarossa\/","title":{"rendered":"10. Mi\u1ec1n T\u00e2y n\u01b0\u1edbc Nga: Barbarossa"},"content":{"rendered":"<div class=\"wp-block-image\"><figure class=\"aligncenter size-large\"><a href=\"https:\/\/ibomberdefense.standardof.net\/vi\/guide\/chien-dich-dong-minh\/10-tay-nga-barbarossa\/ibomber-defense-level-10-western-russia-barbarossa-1\/\"><img decoding=\"async\" width=\"800\" height=\"450\" src=\"https:\/\/ibomberdefense.standardof.net\/wp-content\/uploads\/sites\/5\/2020\/10\/iBomber-Defense-Level-10-Western-Russia-Barbarossa-1-800x450.jpg\" alt=\"&quot;iBomber Defense&quot; - C\u1ea5p 10 - T\u00e2y Nga: Barbarossa (1)\" class=\"wp-image-51\" title=\"\" srcset=\"https:\/\/ibomberdefense.standardof.net\/wp-content\/uploads\/sites\/5\/2020\/10\/iBomber-Defense-Level-10-Western-Russia-Barbarossa-1-800x450.jpg 800w, https:\/\/ibomberdefense.standardof.net\/wp-content\/uploads\/sites\/5\/2020\/10\/iBomber-Defense-Level-10-Western-Russia-Barbarossa-1-512x288.jpg 512w, https:\/\/ibomberdefense.standardof.net\/wp-content\/uploads\/sites\/5\/2020\/10\/iBomber-Defense-Level-10-Western-Russia-Barbarossa-1-200x113.jpg 200w, https:\/\/ibomberdefense.standardof.net\/wp-content\/uploads\/sites\/5\/2020\/10\/iBomber-Defense-Level-10-Western-Russia-Barbarossa-1-768x432.jpg 768w, https:\/\/ibomberdefense.standardof.net\/wp-content\/uploads\/sites\/5\/2020\/10\/iBomber-Defense-Level-10-Western-Russia-Barbarossa-1-16x9.jpg 16w, https:\/\/ibomberdefense.standardof.net\/wp-content\/uploads\/sites\/5\/2020\/10\/iBomber-Defense-Level-10-Western-Russia-Barbarossa-1.jpg 1280w\" sizes=\"(max-width: 800px) 100vw, 800px\" \/><\/a><figcaption>C\u00e1c con \u0111\u01b0\u1eddng do c\u00e1c \u0111\u01a1n v\u1ecb m\u1eb7t \u0111\u1ea5t \u1edf T\u00e2y Nga \u0111\u1ea3m nhi\u1ec7m.<\/figcaption><\/figure><\/div>\n\n\n\n<p>C\u1ea5p \u0111\u1ed9 th\u1ee9 m\u01b0\u1eddi trong chi\u1ebfn d\u1ecbch \u0110\u1ed3ng minh c\u1ee7a <em>iBomber Defense<\/em> v\u00e0 nhi\u1ec7m v\u1ee5 th\u1ee9 ba trong n\u1eeda sau c\u1ee7a h\u01b0\u1edbng d\u1eabn xuy\u00ean su\u1ed1t n\u00e0y s\u1ebd \u0111\u01b0a ch\u00fang ta \u0111\u1ebfn v\u00f9ng \u0111\u1ea5t tuy\u1ebft ph\u1ee7 \u1edf mi\u1ec1n T\u00e2y n\u01b0\u1edbc Nga. B\u1ea1n s\u1ebd ph\u1ea3i \u0111\u1ed1i m\u1eb7t v\u1edbi b\u1ed1n m\u01b0\u01a1i \u0111\u1ee3t \u0111\u01a1n v\u1ecb m\u1eb7t \u0111\u1ea5t \u0111\u1ebfn t\u1eeb 3 con \u0111\u01b0\u1eddng ph\u00e1t ra t\u1eeb ph\u00eda t\u00e2y b\u1eafc, \u0111\u00f4ng b\u1eafc v\u00e0 t\u00e2y nam, cu\u1ed9n quanh v\u1ec1 ph\u00eda trung t\u00e2m c\u1ee7a b\u1ea3n \u0111\u1ed3 n\u01a1i \u0111\u1eb7t c\u0103n c\u1ee9. Kh\u00f4ng c\u00f3 \u0111\u01a1n v\u1ecb kh\u00f4ng qu\u00e2n n\u00e0o ph\u1ea3i \u0111\u1ed1i m\u1eb7t trong c\u1ea5p \u0111\u1ed9 n\u00e0y.<\/p>\n\n\n\n<p>V\u1ecb tr\u00ed th\u00e1p ph\u00e1o \u1edf mi\u1ec1n T\u00e2y n\u01b0\u1edbc Nga s\u1ebd t\u1eadp trung v\u00e0o vi\u1ec7c t\u1ea1o ra m\u1ed9t h\u00e0ng d\u00e0y \u0111\u1eb7c c\u00e1c kh\u1ea9u Ph\u00e1o ch\u1ee7 y\u1ebfu \u0111\u01b0\u1ee3c t\u0103ng c\u01b0\u1eddng b\u1edfi c\u00e1c th\u00e1p Comms tr\u1ea3i d\u00e0i qua trung t\u00e2m c\u1ee7a b\u1ea3n \u0111\u1ed3. C\u1ea5p \u0111\u1ed9 n\u00e0y c\u00f3 nh\u1eefng n\u01a1i tuy\u1ec7t v\u1eddi \u0111\u1ec3 \u0111\u1eb7t nhi\u1ec1u th\u00e1p ph\u00e1o bao g\u1ed3m nhi\u1ec1u tuy\u1ebfn \u0111\u01b0\u1eddng.<\/p>\n\n\n\n<h3 class=\"wp-block-heading\"><strong>V\u1ecb tr\u00ed th\u00e1p ph\u00e1o<\/strong><\/h3>\n\n\n\n<figure class=\"wp-block-gallery columns-2 is-cropped wp-block-gallery-1 is-layout-flex wp-block-gallery-is-layout-flex\"><ul class=\"blocks-gallery-grid\"><li class=\"blocks-gallery-item\"><figure><a href=\"https:\/\/ibomberdefense.standardof.net\/vi\/guide\/chien-dich-dong-minh\/10-tay-nga-barbarossa\/ibomber-defense-level-10-western-russia-barbarossa-2\/\"><img decoding=\"async\" width=\"800\" height=\"450\" src=\"https:\/\/ibomberdefense.standardof.net\/wp-content\/uploads\/sites\/5\/2020\/10\/iBomber-Defense-Level-10-Western-Russia-Barbarossa-2-800x450.jpg\" alt=\"&quot;Ph\u00f2ng th\u1ee7 iBomber&quot; - C\u1ea5p 10 - T\u00e2y Nga: Barbarossa (2)\" data-id=\"52\" data-full-url=\"https:\/\/ibomberdefense.standardof.net\/wp-content\/uploads\/sites\/5\/2020\/10\/iBomber-Defense-Level-10-Western-Russia-Barbarossa-2.jpg\" data-link=\"https:\/\/ibomberdefense.standardof.net\/guide\/allied-campaign\/10-western-russia-barbarossa\/ibomber-defense-level-10-western-russia-barbarossa-2\/\" class=\"wp-image-52\" title=\"\" srcset=\"https:\/\/ibomberdefense.standardof.net\/wp-content\/uploads\/sites\/5\/2020\/10\/iBomber-Defense-Level-10-Western-Russia-Barbarossa-2-800x450.jpg 800w, https:\/\/ibomberdefense.standardof.net\/wp-content\/uploads\/sites\/5\/2020\/10\/iBomber-Defense-Level-10-Western-Russia-Barbarossa-2-512x288.jpg 512w, https:\/\/ibomberdefense.standardof.net\/wp-content\/uploads\/sites\/5\/2020\/10\/iBomber-Defense-Level-10-Western-Russia-Barbarossa-2-200x113.jpg 200w, https:\/\/ibomberdefense.standardof.net\/wp-content\/uploads\/sites\/5\/2020\/10\/iBomber-Defense-Level-10-Western-Russia-Barbarossa-2-768x432.jpg 768w, https:\/\/ibomberdefense.standardof.net\/wp-content\/uploads\/sites\/5\/2020\/10\/iBomber-Defense-Level-10-Western-Russia-Barbarossa-2-16x9.jpg 16w, https:\/\/ibomberdefense.standardof.net\/wp-content\/uploads\/sites\/5\/2020\/10\/iBomber-Defense-Level-10-Western-Russia-Barbarossa-2.jpg 1280w\" sizes=\"(max-width: 800px) 100vw, 800px\" \/><\/a><figcaption class=\"blocks-gallery-item__caption\">V\u1ecb tr\u00ed th\u00e1p ph\u00e1o s\u00f3ng 10.<\/figcaption><\/figure><\/li><li class=\"blocks-gallery-item\"><figure><a href=\"https:\/\/ibomberdefense.standardof.net\/vi\/guide\/chien-dich-dong-minh\/10-tay-nga-barbarossa\/ibomber-defense-level-10-western-russia-barbarossa-3\/\"><img decoding=\"async\" width=\"800\" height=\"450\" src=\"https:\/\/ibomberdefense.standardof.net\/wp-content\/uploads\/sites\/5\/2020\/10\/iBomber-Defense-Level-10-Western-Russia-Barbarossa-3-800x450.jpg\" alt=\"&quot;Ph\u00f2ng th\u1ee7 iBomber&quot; - C\u1ea5p 10 - T\u00e2y Nga: Barbarossa (3)\" data-id=\"53\" data-full-url=\"https:\/\/ibomberdefense.standardof.net\/wp-content\/uploads\/sites\/5\/2020\/10\/iBomber-Defense-Level-10-Western-Russia-Barbarossa-3.jpg\" data-link=\"https:\/\/ibomberdefense.standardof.net\/guide\/allied-campaign\/10-western-russia-barbarossa\/ibomber-defense-level-10-western-russia-barbarossa-3\/\" class=\"wp-image-53\" title=\"\" srcset=\"https:\/\/ibomberdefense.standardof.net\/wp-content\/uploads\/sites\/5\/2020\/10\/iBomber-Defense-Level-10-Western-Russia-Barbarossa-3-800x450.jpg 800w, https:\/\/ibomberdefense.standardof.net\/wp-content\/uploads\/sites\/5\/2020\/10\/iBomber-Defense-Level-10-Western-Russia-Barbarossa-3-512x288.jpg 512w, https:\/\/ibomberdefense.standardof.net\/wp-content\/uploads\/sites\/5\/2020\/10\/iBomber-Defense-Level-10-Western-Russia-Barbarossa-3-200x113.jpg 200w, https:\/\/ibomberdefense.standardof.net\/wp-content\/uploads\/sites\/5\/2020\/10\/iBomber-Defense-Level-10-Western-Russia-Barbarossa-3-768x432.jpg 768w, https:\/\/ibomberdefense.standardof.net\/wp-content\/uploads\/sites\/5\/2020\/10\/iBomber-Defense-Level-10-Western-Russia-Barbarossa-3-16x9.jpg 16w, https:\/\/ibomberdefense.standardof.net\/wp-content\/uploads\/sites\/5\/2020\/10\/iBomber-Defense-Level-10-Western-Russia-Barbarossa-3.jpg 1280w\" sizes=\"(max-width: 800px) 100vw, 800px\" \/><\/a><figcaption class=\"blocks-gallery-item__caption\">V\u1ecb tr\u00ed th\u00e1p ph\u00e1o c\u1ee7a Wave 20.<\/figcaption><\/figure><\/li><\/ul><\/figure>\n\n\n\n<p>T\u1eeb khi b\u1eaft \u0111\u1ea7u cho \u0111\u1ebfn s\u00f3ng 10, b\u1ea1n n\u00ean t\u1eadp trung n\u1ed7 l\u1ef1c, nh\u01b0 th\u01b0\u1eddng l\u1ec7 khi \u0111\u1ed1i m\u1eb7t v\u1edbi l\u1ef1c l\u01b0\u1ee3ng m\u1eb7t \u0111\u1ea5t, tr\u01b0\u1edbc ti\u00ean h\u00e3y ch\u1ebf t\u1ea1o m\u1ed9t c\u1eb7p S\u00fang m\u00e1y c\u1ea5p 3, m\u1ed7i b\u00ean m\u1ed9t kh\u1ea9u t\u1ea1i \u0111i\u1ec3m m\u00e0 c\u1ea3 3 \u0111\u01b0\u1eddng \u0111i \u0111\u1ec1u h\u1ed9i t\u1ee5. Khi nh\u1eefng th\u1ee9 n\u00e0y \u0111\u00e3 ho\u00e0n t\u1ea5t, b\u1ea1n c\u00f3 th\u1ec3 th\u00eam m\u1ed9t S\u00fang m\u00e1y kh\u00e1c \u0111\u1ec3 b\u1eaft \u0111\u1ea7u n\u00e2ng c\u1ea5p ngay b\u00ean tr\u00e1i c\u1ee7a cao nguy\u00ean nh\u1ecf g\u1ea7n c\u0103n c\u1ee9 c\u1ee7a b\u1ea1n.<\/p>\n\n\n\n<p>Ti\u1ebfp c\u1eadn l\u00e0n s\u00f3ng 20 s\u1ebd bao g\u1ed3m vi\u1ec7c m\u1edf r\u1ed9ng h\u1ec7 th\u1ed1ng ph\u00f2ng th\u1ee7 th\u00e1p ph\u00e1o m\u00e0 b\u1ea1n c\u00f3 \u1edf c\u1ea3 b\u00ean ph\u1ea3i v\u00e0 b\u00ean tr\u00e1i c\u1ee7a c\u0103n c\u1ee9, m\u1ed7i th\u00e1p \u0111\u01b0\u1ee3c h\u1ed7 tr\u1ee3 b\u1edfi th\u00e1p Comms c\u1ea5p 2 s\u1ebd b\u1eaft \u0111\u1ea7u t\u00edch l\u0169y l\u00e3i su\u1ea5t cho b\u1ea1n. \u0110\u1ea3m b\u1ea3o r\u1eb1ng b\u1ea1n b\u1eaft \u0111\u1ea7u \u0111\u1eb7t Ph\u00e1o c\u1ea5p 1 \u1edf c\u1ea3 hai b\u00ean c\u00f9ng v\u1edbi S\u00fang m\u00e1y b\u1ed5 sung.<\/p>\n\n\n\n<p>Tr\u00ean \u0111\u01b0\u1eddng \u0111\u1ebfn v\u1eaby v\u00f9ng th\u1ee9 ba m\u01b0\u01a1i \u1edf T\u00e2y Nga, h\u00e3y b\u1eaft \u0111\u1ea7u x\u00e2y d\u1ef1ng m\u1ed9t c\u0103n c\u1ee9 th\u00e1p ph\u00e1o ph\u1ee5, n\u01a1i c\u00e1c \u0111\u01b0\u1eddng v\u00e0o tr\u00ean c\u00f9ng b\u00ean ph\u1ea3i v\u00e0 d\u01b0\u1edbi c\u00f9ng b\u00ean tr\u00e1i h\u1ed9i t\u1ee5 v\u1edbi nhau tr\u01b0\u1edbc khi g\u1eb7p \u0111\u01b0\u1eddng tr\u00ean c\u00f9ng b\u00ean tr\u00e1i tr\u01b0\u1edbc c\u0103n c\u1ee9. C\u1ed1 g\u1eafng c\u00f3 ba th\u00e1p Comms c\u1ea5p 3 v\u00e0 t\u1ea5t c\u1ea3 c\u00e1c th\u00e1p \u0111\u00e3 \u0111\u1eb7t c\u1ee7a b\u1ea1n \u0111\u01b0\u1ee3c n\u00e2ng c\u1ea5p l\u00ean c\u1ea5p t\u1ed1i \u0111a c\u1ee7a ch\u00fang. Th\u00e1p ph\u00e1o ph\u00e1 ho\u1ea1i c\u00f3 th\u1ec3 h\u1eefu \u00edch \u1edf \u0111\u00e2y \u0111\u1ec3 b\u00f9 \u0111\u1eafp cho kho\u1ea3ng c\u00e1ch ng\u1eafn m\u00e0 b\u1ea1n c\u00f3 \u0111\u1ec3 ng\u0103n ch\u1eb7n k\u1ebb th\u00f9.<\/p>\n\n\n\n<p>Gi\u1eefa l\u00e0n s\u00f3ng 30 v\u00e0 cu\u1ed1i c\u00f9ng l\u00e0 l\u00e0n s\u00f3ng 40, b\u1ea1n s\u1ebd c\u00f3 th\u1ec3 s\u1eed d\u1ee5ng s\u1ed1 ti\u1ec1n l\u00e3i kh\u1ed5ng l\u1ed3 m\u00e0 b\u1ea1n nh\u1eadn \u0111\u01b0\u1ee3c m\u1ed7i \u0111\u1ee3t \u0111\u1ec3 b\u1eaft \u0111\u1ea7u t\u00edch l\u0169y c\u00e1c tr\u01b0\u1eddng \u0110\u1ea1i b\u00e1c \u0111\u1ec3 ch\u1ebf ng\u1ef1 k\u1ebb th\u00f9. H\u00e3y nh\u1edb s\u1eed d\u1ee5ng c\u00e1c h\u00ecnh \u1ea3nh \u1edf b\u00ean ph\u1ea3i v\u00e0 video b\u00ean d\u01b0\u1edbi \u0111\u1ec3 bi\u1ebft th\u00eam chi ti\u1ebft c\u1ee5 th\u1ec3 v\u1ec1 c\u00e1c v\u1ecb tr\u00ed th\u00e1p ph\u00e1o c\u1ee7a t\u00f4i.<\/p>\n\n\n\n<figure class=\"wp-block-gallery columns-2 is-cropped wp-block-gallery-2 is-layout-flex wp-block-gallery-is-layout-flex\"><ul class=\"blocks-gallery-grid\"><li class=\"blocks-gallery-item\"><figure><a href=\"https:\/\/ibomberdefense.standardof.net\/vi\/guide\/chien-dich-dong-minh\/10-tay-nga-barbarossa\/ibomber-defense-level-10-western-russia-barbarossa-4\/\"><img decoding=\"async\" width=\"800\" height=\"450\" src=\"https:\/\/ibomberdefense.standardof.net\/wp-content\/uploads\/sites\/5\/2020\/10\/iBomber-Defense-Level-10-Western-Russia-Barbarossa-4-800x450.jpg\" alt=\"&quot;iBomber Defense&quot; - C\u1ea5p 10 - T\u00e2y Nga: Barbarossa (4)\" data-id=\"54\" data-full-url=\"https:\/\/ibomberdefense.standardof.net\/wp-content\/uploads\/sites\/5\/2020\/10\/iBomber-Defense-Level-10-Western-Russia-Barbarossa-4.jpg\" data-link=\"https:\/\/ibomberdefense.standardof.net\/guide\/allied-campaign\/10-western-russia-barbarossa\/ibomber-defense-level-10-western-russia-barbarossa-4\/\" class=\"wp-image-54\" title=\"\" srcset=\"https:\/\/ibomberdefense.standardof.net\/wp-content\/uploads\/sites\/5\/2020\/10\/iBomber-Defense-Level-10-Western-Russia-Barbarossa-4-800x450.jpg 800w, https:\/\/ibomberdefense.standardof.net\/wp-content\/uploads\/sites\/5\/2020\/10\/iBomber-Defense-Level-10-Western-Russia-Barbarossa-4-512x288.jpg 512w, https:\/\/ibomberdefense.standardof.net\/wp-content\/uploads\/sites\/5\/2020\/10\/iBomber-Defense-Level-10-Western-Russia-Barbarossa-4-200x113.jpg 200w, https:\/\/ibomberdefense.standardof.net\/wp-content\/uploads\/sites\/5\/2020\/10\/iBomber-Defense-Level-10-Western-Russia-Barbarossa-4-768x432.jpg 768w, https:\/\/ibomberdefense.standardof.net\/wp-content\/uploads\/sites\/5\/2020\/10\/iBomber-Defense-Level-10-Western-Russia-Barbarossa-4-16x9.jpg 16w, https:\/\/ibomberdefense.standardof.net\/wp-content\/uploads\/sites\/5\/2020\/10\/iBomber-Defense-Level-10-Western-Russia-Barbarossa-4.jpg 1280w\" sizes=\"(max-width: 800px) 100vw, 800px\" \/><\/a><figcaption class=\"blocks-gallery-item__caption\">V\u1ecb tr\u00ed th\u00e1p ph\u00e1o c\u1ee7a Wave 30.<\/figcaption><\/figure><\/li><li class=\"blocks-gallery-item\"><figure><a href=\"https:\/\/ibomberdefense.standardof.net\/vi\/guide\/chien-dich-dong-minh\/10-tay-nga-barbarossa\/ibomber-defense-level-10-western-russia-barbarossa-5\/\"><img decoding=\"async\" width=\"800\" height=\"450\" src=\"https:\/\/ibomberdefense.standardof.net\/wp-content\/uploads\/sites\/5\/2020\/10\/iBomber-Defense-Level-10-Western-Russia-Barbarossa-5-800x450.jpg\" alt=\"&quot;iBomber Defense&quot; - C\u1ea5p 10 - T\u00e2y Nga: Barbarossa (5)\" data-id=\"55\" data-full-url=\"https:\/\/ibomberdefense.standardof.net\/wp-content\/uploads\/sites\/5\/2020\/10\/iBomber-Defense-Level-10-Western-Russia-Barbarossa-5.jpg\" data-link=\"https:\/\/ibomberdefense.standardof.net\/guide\/allied-campaign\/10-western-russia-barbarossa\/ibomber-defense-level-10-western-russia-barbarossa-5\/\" class=\"wp-image-55\" title=\"\" srcset=\"https:\/\/ibomberdefense.standardof.net\/wp-content\/uploads\/sites\/5\/2020\/10\/iBomber-Defense-Level-10-Western-Russia-Barbarossa-5-800x450.jpg 800w, https:\/\/ibomberdefense.standardof.net\/wp-content\/uploads\/sites\/5\/2020\/10\/iBomber-Defense-Level-10-Western-Russia-Barbarossa-5-512x288.jpg 512w, https:\/\/ibomberdefense.standardof.net\/wp-content\/uploads\/sites\/5\/2020\/10\/iBomber-Defense-Level-10-Western-Russia-Barbarossa-5-200x113.jpg 200w, https:\/\/ibomberdefense.standardof.net\/wp-content\/uploads\/sites\/5\/2020\/10\/iBomber-Defense-Level-10-Western-Russia-Barbarossa-5-768x432.jpg 768w, https:\/\/ibomberdefense.standardof.net\/wp-content\/uploads\/sites\/5\/2020\/10\/iBomber-Defense-Level-10-Western-Russia-Barbarossa-5-16x9.jpg 16w, https:\/\/ibomberdefense.standardof.net\/wp-content\/uploads\/sites\/5\/2020\/10\/iBomber-Defense-Level-10-Western-Russia-Barbarossa-5.jpg 1280w\" sizes=\"(max-width: 800px) 100vw, 800px\" \/><\/a><figcaption class=\"blocks-gallery-item__caption\">V\u1ecb tr\u00ed th\u00e1p ph\u00e1o c\u1ee7a Wave 40.<\/figcaption><\/figure><\/li><\/ul><\/figure>\n\n\n\n<hr class=\"wp-block-separator\"\/>\n\n\n\n<h4 class=\"has-text-align-center wp-block-heading\">H\u01b0\u1edbng d\u1eabn Video<\/h4>\n\n\n\n<figure class=\"wp-block-embed-youtube wp-block-embed is-type-video is-provider-youtube wp-embed-aspect-16-9 wp-has-aspect-ratio\"><div class=\"wp-block-embed__wrapper\">\n<div class=\"ast-oembed-container\" style=\"height: 100%;\"><iframe title=\"iBomber Defense - T\u00e2y Nga - Barbarossa - C\u1ef1u chi\u1ebfn binh + Ho\u00e0n h\u1ea3o\" width=\"500\" height=\"281\" src=\"https:\/\/www.youtube.com\/embed\/UuXaSzCxym8?feature=oembed\" frameborder=\"0\" allow=\"accelerometer; autoplay; clipboard-write; encrypted-media; gyroscope; picture-in-picture; web-share\" referrerpolicy=\"strict-origin-when-cross-origin\" allowfullscreen><\/iframe><\/div>\n<\/div><\/figure>","protected":false},"excerpt":{"rendered":"<p>The tenth level in the Allied campaign of iBomber Defense and the third mission in this second half of the walkthrough guide takes us to the snow covered lands of Western Russia. You will be facing forty waves of ground units that come from 3 roads emanating from the northwest, northeast and southwest, curling around [&hellip;]<\/p>","protected":false},"author":1,"featured_media":55,"parent":266,"menu_order":10,"comment_status":"open","ping_status":"closed","template":"","meta":{"_uag_custom_page_level_css":"","site-sidebar-layout":"default","site-content-layout":"default","ast-site-content-layout":"","site-content-style":"default","site-sidebar-style":"default","ast-global-header-display":"","ast-banner-title-visibility":"","ast-main-header-display":"","ast-hfb-above-header-display":"","ast-hfb-below-header-display":"","ast-hfb-mobile-header-display":"","site-post-title":"","ast-breadcrumbs-content":"","ast-featured-img":"","footer-sml-layout":"","theme-transparent-header-meta":"default","adv-header-id-meta":"","stick-header-meta":"","header-above-stick-meta":"","header-main-stick-meta":"","header-below-stick-meta":"","astra-migrate-meta-layouts":"default","ast-page-background-enabled":"default","ast-page-background-meta":{"desktop":{"background-color":"","background-image":"","background-repeat":"repeat","background-position":"center center","background-size":"auto","background-attachment":"scroll","background-type":"","background-media":"","overlay-type":"","overlay-color":"","overlay-gradient":""},"tablet":{"background-color":"","background-image":"","background-repeat":"repeat","background-position":"center center","background-size":"auto","background-attachment":"scroll","background-type":"","background-media":"","overlay-type":"","overlay-color":"","overlay-gradient":""},"mobile":{"background-color":"","background-image":"","background-repeat":"repeat","background-position":"center center","background-size":"auto","background-attachment":"scroll","background-type":"","background-media":"","overlay-type":"","overlay-color":"","overlay-gradient":""}},"ast-content-background-meta":{"desktop":{"background-color":"var(--ast-global-color-5)","background-image":"","background-repeat":"repeat","background-position":"center center","background-size":"auto","background-attachment":"scroll","background-type":"","background-media":"","overlay-type":"","overlay-color":"","overlay-gradient":""},"tablet":{"background-color":"var(--ast-global-color-5)","background-image":"","background-repeat":"repeat","background-position":"center center","background-size":"auto","background-attachment":"scroll","background-type":"","background-media":"","overlay-type":"","overlay-color":"","overlay-gradient":""},"mobile":{"background-color":"var(--ast-global-color-5)","background-image":"","background-repeat":"repeat","background-position":"center center","background-size":"auto","background-attachment":"scroll","background-type":"","background-media":"","overlay-type":"","overlay-color":"","overlay-gradient":""}},"footnotes":""},"uagb_featured_image_src":{"full":["https:\/\/ibomberdefense.standardof.net\/wp-content\/uploads\/sites\/5\/2020\/10\/iBomber-Defense-Level-10-Western-Russia-Barbarossa-5.jpg",1280,720,false],"thumbnail":["https:\/\/ibomberdefense.standardof.net\/wp-content\/uploads\/sites\/5\/2020\/10\/iBomber-Defense-Level-10-Western-Russia-Barbarossa-5-200x113.jpg",200,113,true],"medium":["https:\/\/ibomberdefense.standardof.net\/wp-content\/uploads\/sites\/5\/2020\/10\/iBomber-Defense-Level-10-Western-Russia-Barbarossa-5-512x288.jpg",512,288,true],"medium_large":["https:\/\/ibomberdefense.standardof.net\/wp-content\/uploads\/sites\/5\/2020\/10\/iBomber-Defense-Level-10-Western-Russia-Barbarossa-5-768x432.jpg",768,432,true],"large":["https:\/\/ibomberdefense.standardof.net\/wp-content\/uploads\/sites\/5\/2020\/10\/iBomber-Defense-Level-10-Western-Russia-Barbarossa-5-800x450.jpg",800,450,true],"1536x1536":["https:\/\/ibomberdefense.standardof.net\/wp-content\/uploads\/sites\/5\/2020\/10\/iBomber-Defense-Level-10-Western-Russia-Barbarossa-5.jpg",1280,720,false],"2048x2048":["https:\/\/ibomberdefense.standardof.net\/wp-content\/uploads\/sites\/5\/2020\/10\/iBomber-Defense-Level-10-Western-Russia-Barbarossa-5.jpg",1280,720,false],"trp-custom-language-flag":["https:\/\/ibomberdefense.standardof.net\/wp-content\/uploads\/sites\/5\/2020\/10\/iBomber-Defense-Level-10-Western-Russia-Barbarossa-5-16x9.jpg",16,9,true]},"uagb_author_info":{"display_name":"SOE","author_link":"https:\/\/ibomberdefense.standardof.net\/vi\/author\/k-tastic\/"},"uagb_comment_info":0,"uagb_excerpt":"The tenth level in the Allied campaign of iBomber Defense and the third mission in this second half of the walkthrough guide takes us to the snow covered lands of Western Russia. You will be facing forty waves of ground units that come from 3 roads emanating from the northwest, northeast and southwest, curling around&hellip;","_links":{"self":[{"href":"https:\/\/ibomberdefense.standardof.net\/vi\/wp-json\/wp\/v2\/pages\/300"}],"collection":[{"href":"https:\/\/ibomberdefense.standardof.net\/vi\/wp-json\/wp\/v2\/pages"}],"about":[{"href":"https:\/\/ibomberdefense.standardof.net\/vi\/wp-json\/wp\/v2\/types\/page"}],"author":[{"embeddable":true,"href":"https:\/\/ibomberdefense.standardof.net\/vi\/wp-json\/wp\/v2\/users\/1"}],"replies":[{"embeddable":true,"href":"https:\/\/ibomberdefense.standardof.net\/vi\/wp-json\/wp\/v2\/comments?post=300"}],"version-history":[{"count":0,"href":"https:\/\/ibomberdefense.standardof.net\/vi\/wp-json\/wp\/v2\/pages\/300\/revisions"}],"up":[{"embeddable":true,"href":"https:\/\/ibomberdefense.standardof.net\/vi\/wp-json\/wp\/v2\/pages\/266"}],"wp:featuredmedia":[{"embeddable":true,"href":"https:\/\/ibomberdefense.standardof.net\/vi\/wp-json\/wp\/v2\/media\/55"}],"wp:attachment":[{"href":"https:\/\/ibomberdefense.standardof.net\/vi\/wp-json\/wp\/v2\/media?parent=300"}],"curies":[{"name":"wp","href":"https:\/\/api.w.org\/{rel}","templated":true}]}}