{"id":301,"date":"2020-10-19T06:26:26","date_gmt":"2020-10-19T06:26:26","guid":{"rendered":"https:\/\/ibomberdefense.standardof.net\/?page_id=301"},"modified":"2020-10-19T08:06:28","modified_gmt":"2020-10-19T08:06:28","slug":"11-north-east-europe-heart-of-oak","status":"publish","type":"page","link":"https:\/\/ibomberdefense.standardof.net\/vi\/guide\/chien-dich-dong-minh\/11-dong-bac-chau-au-trai-tim-cua-soi\/","title":{"rendered":"11. \u0110\u00f4ng B\u1eafc \u00c2u: Tr\u00e1i tim c\u1ee7a g\u1ed7 s\u1ed3i"},"content":{"rendered":"<div class=\"wp-block-image\"><figure class=\"aligncenter size-large\"><a href=\"https:\/\/ibomberdefense.standardof.net\/vi\/guide\/chien-dich-dong-minh\/11-dong-bac-chau-au-trai-tim-cua-soi\/ibomber-defense-level-11-north-east-europe-heart-of-oak-1\/\"><img decoding=\"async\" width=\"800\" height=\"450\" src=\"https:\/\/ibomberdefense.standardof.net\/wp-content\/uploads\/sites\/5\/2020\/10\/iBomber-Defense-Level-11-North-East-Europe-Heart-of-Oak-1-800x450.jpg\" alt=\"&quot;iBomber Defense&quot; - C\u1ea5p 11 - \u0110\u00f4ng B\u1eafc \u00c2u: Tr\u00e1i tim g\u1ed7 s\u1ed3i (1)\" class=\"wp-image-56\" title=\"\" srcset=\"https:\/\/ibomberdefense.standardof.net\/wp-content\/uploads\/sites\/5\/2020\/10\/iBomber-Defense-Level-11-North-East-Europe-Heart-of-Oak-1-800x450.jpg 800w, https:\/\/ibomberdefense.standardof.net\/wp-content\/uploads\/sites\/5\/2020\/10\/iBomber-Defense-Level-11-North-East-Europe-Heart-of-Oak-1-512x288.jpg 512w, https:\/\/ibomberdefense.standardof.net\/wp-content\/uploads\/sites\/5\/2020\/10\/iBomber-Defense-Level-11-North-East-Europe-Heart-of-Oak-1-200x113.jpg 200w, https:\/\/ibomberdefense.standardof.net\/wp-content\/uploads\/sites\/5\/2020\/10\/iBomber-Defense-Level-11-North-East-Europe-Heart-of-Oak-1-768x432.jpg 768w, https:\/\/ibomberdefense.standardof.net\/wp-content\/uploads\/sites\/5\/2020\/10\/iBomber-Defense-Level-11-North-East-Europe-Heart-of-Oak-1-16x9.jpg 16w, https:\/\/ibomberdefense.standardof.net\/wp-content\/uploads\/sites\/5\/2020\/10\/iBomber-Defense-Level-11-North-East-Europe-Heart-of-Oak-1.jpg 1280w\" sizes=\"(max-width: 800px) 100vw, 800px\" \/><\/a><figcaption>Nhi\u1ec1u tuy\u1ebfn \u0111\u01b0\u1eddng kh\u00e1c nhau \u0111\u01b0\u1ee3c th\u1ef1c hi\u1ec7n b\u1edfi c\u00e1c \u0111\u01a1n v\u1ecb \u0111\u1ed1i ph\u01b0\u01a1ng \u1edf \u0110\u00f4ng B\u1eafc \u00c2u. D\u00f2ng m\u00e0u T\u00edm l\u00e0 m\u00e1y bay.<\/figcaption><\/figure><\/div>\n\n\n\n<p>C\u1ea5p \u0111\u1ed9 \u0110\u00f4ng B\u1eafc \u00c2u c\u1ee7a chi\u1ebfn d\u1ecbch \u0110\u1ed3ng minh trong <em>iBomber Defense<\/em> \u0111\u01b0a ch\u00fang ta tr\u1edf l\u1ea1i v\u00f9ng \u0111\u1ea5t r\u1eebng xanh \u0111\u1ec3 b\u1ea3o v\u1ec7 m\u1ed9t c\u0103n c\u1ee9 c\u00f3 8 \u0111\u01b0\u1eddng t\u1ea5n c\u00f4ng kh\u00e1c nhau, ch\u01b0a k\u1ec3 \u0111\u01b0\u1eddng di chuy\u1ec3n c\u1ee7a c\u00e1c \u0111\u01a1n v\u1ecb kh\u00f4ng qu\u00e2n ti\u1ebfn v\u1ec1 c\u0103n c\u1ee9 c\u1ee7a b\u1ea1n. V\u1ecb tr\u00ed th\u00e1p ph\u00e1o b\u1eaft \u0111\u1ea7u kh\u00f3 kh\u0103n h\u01a1n m\u1ed9t ch\u00fat \u1edf c\u1ea5p \u0111\u1ed9 n\u00e0y v\u00ec c\u00f3 r\u1ea5t nhi\u1ec1u kho\u1ea3ng tr\u1ed1ng tr\u00ean c\u00e1c con \u0111\u01b0\u1eddng khi\u1ebfn c\u00e1c t\u00f9y ch\u1ecdn v\u1ecb tr\u00ed c\u00f3 ph\u1ea7n h\u1ea1n ch\u1ebf.<\/p>\n\n\n\n<p>V\u00ec \u0111\u00e2y l\u00e0 m\u1ed9t nhi\u1ec7m v\u1ee5 kh\u00e1c v\u1edbi s\u1ed1 \u0111i\u1ec3m x\u00e2y d\u1ef1ng h\u1ea1n ch\u1ebf, n\u00ean vi\u1ec7c n\u00e2ng c\u1ea5p c\u00e1c th\u00e1p ph\u00e1o c\u1ee7a b\u1ea1n l\u00ean c\u1ea5p \u0111\u1ed9 t\u1ed1i \u0111a l\u00e0 kh\u00e1 quan tr\u1ecdng. C\u00e1c th\u00e1p ph\u00e1o \u0111\u01b0\u1ee3c x\u00e2y d\u1ef1ng \u1edf \u0111\u00e2y ch\u1ee7 y\u1ebfu s\u1ebd t\u1eadp trung v\u00e0o v\u00e0 xung quanh hai cao nguy\u00ean trung t\u00e2m. C\u00f3 t\u1ed5ng c\u1ed9ng 40 \u0111\u1ee3t s\u00f3ng \u0111\u1ec3 ch\u1ed1ng l\u1ea1i \u1edf \u0110\u00f4ng B\u1eafc \u00c2u v\u00e0 m\u00e1y bay s\u1ebd b\u1eaft \u0111\u1ea7u xu\u1ea5t hi\u1ec7n \u1edf \u0111\u1ee3t 20.<\/p>\n\n\n\n<h3 class=\"wp-block-heading\"><strong>V\u1ecb tr\u00ed th\u00e1p ph\u00e1o<\/strong><\/h3>\n\n\n\n<figure class=\"wp-block-gallery columns-2 is-cropped wp-block-gallery-1 is-layout-flex wp-block-gallery-is-layout-flex\"><ul class=\"blocks-gallery-grid\"><li class=\"blocks-gallery-item\"><figure><a href=\"https:\/\/ibomberdefense.standardof.net\/vi\/guide\/chien-dich-dong-minh\/11-dong-bac-chau-au-trai-tim-cua-soi\/ibomber-defense-level-11-north-east-europe-heart-of-oak-2\/\"><img decoding=\"async\" width=\"800\" height=\"450\" src=\"https:\/\/ibomberdefense.standardof.net\/wp-content\/uploads\/sites\/5\/2020\/10\/iBomber-Defense-Level-11-North-East-Europe-Heart-of-Oak-2-800x450.jpg\" alt=\"&quot;iBomber Defense&quot; - C\u1ea5p 11 - \u0110\u00f4ng B\u1eafc \u00c2u: Heart of Oak (2)\" data-id=\"57\" data-full-url=\"https:\/\/ibomberdefense.standardof.net\/wp-content\/uploads\/sites\/5\/2020\/10\/iBomber-Defense-Level-11-North-East-Europe-Heart-of-Oak-2.jpg\" data-link=\"https:\/\/ibomberdefense.standardof.net\/guide\/allied-campaign\/11-north-east-europe-heart-of-oak\/ibomber-defense-level-11-north-east-europe-heart-of-oak-2\/\" class=\"wp-image-57\" title=\"\" srcset=\"https:\/\/ibomberdefense.standardof.net\/wp-content\/uploads\/sites\/5\/2020\/10\/iBomber-Defense-Level-11-North-East-Europe-Heart-of-Oak-2-800x450.jpg 800w, https:\/\/ibomberdefense.standardof.net\/wp-content\/uploads\/sites\/5\/2020\/10\/iBomber-Defense-Level-11-North-East-Europe-Heart-of-Oak-2-512x288.jpg 512w, https:\/\/ibomberdefense.standardof.net\/wp-content\/uploads\/sites\/5\/2020\/10\/iBomber-Defense-Level-11-North-East-Europe-Heart-of-Oak-2-200x113.jpg 200w, https:\/\/ibomberdefense.standardof.net\/wp-content\/uploads\/sites\/5\/2020\/10\/iBomber-Defense-Level-11-North-East-Europe-Heart-of-Oak-2-768x432.jpg 768w, https:\/\/ibomberdefense.standardof.net\/wp-content\/uploads\/sites\/5\/2020\/10\/iBomber-Defense-Level-11-North-East-Europe-Heart-of-Oak-2-16x9.jpg 16w, https:\/\/ibomberdefense.standardof.net\/wp-content\/uploads\/sites\/5\/2020\/10\/iBomber-Defense-Level-11-North-East-Europe-Heart-of-Oak-2.jpg 1280w\" sizes=\"(max-width: 800px) 100vw, 800px\" \/><\/a><figcaption class=\"blocks-gallery-item__caption\">V\u1ecb tr\u00ed th\u00e1p ph\u00e1o s\u00f3ng 10.<\/figcaption><\/figure><\/li><li class=\"blocks-gallery-item\"><figure><a href=\"https:\/\/ibomberdefense.standardof.net\/vi\/guide\/chien-dich-dong-minh\/11-dong-bac-chau-au-trai-tim-cua-soi\/ibomber-defense-level-11-north-east-europe-heart-of-oak-3\/\"><img decoding=\"async\" width=\"800\" height=\"450\" src=\"https:\/\/ibomberdefense.standardof.net\/wp-content\/uploads\/sites\/5\/2020\/10\/iBomber-Defense-Level-11-North-East-Europe-Heart-of-Oak-3-800x450.jpg\" alt=\"&quot;iBomber Defense&quot; - C\u1ea5p 11 - \u0110\u00f4ng B\u1eafc \u00c2u: Tr\u00e1i tim g\u1ed7 s\u1ed3i (3)\" data-id=\"58\" data-full-url=\"https:\/\/ibomberdefense.standardof.net\/wp-content\/uploads\/sites\/5\/2020\/10\/iBomber-Defense-Level-11-North-East-Europe-Heart-of-Oak-3.jpg\" data-link=\"https:\/\/ibomberdefense.standardof.net\/guide\/allied-campaign\/11-north-east-europe-heart-of-oak\/ibomber-defense-level-11-north-east-europe-heart-of-oak-3\/\" class=\"wp-image-58\" title=\"\" srcset=\"https:\/\/ibomberdefense.standardof.net\/wp-content\/uploads\/sites\/5\/2020\/10\/iBomber-Defense-Level-11-North-East-Europe-Heart-of-Oak-3-800x450.jpg 800w, https:\/\/ibomberdefense.standardof.net\/wp-content\/uploads\/sites\/5\/2020\/10\/iBomber-Defense-Level-11-North-East-Europe-Heart-of-Oak-3-512x288.jpg 512w, https:\/\/ibomberdefense.standardof.net\/wp-content\/uploads\/sites\/5\/2020\/10\/iBomber-Defense-Level-11-North-East-Europe-Heart-of-Oak-3-200x113.jpg 200w, https:\/\/ibomberdefense.standardof.net\/wp-content\/uploads\/sites\/5\/2020\/10\/iBomber-Defense-Level-11-North-East-Europe-Heart-of-Oak-3-768x432.jpg 768w, https:\/\/ibomberdefense.standardof.net\/wp-content\/uploads\/sites\/5\/2020\/10\/iBomber-Defense-Level-11-North-East-Europe-Heart-of-Oak-3-16x9.jpg 16w, https:\/\/ibomberdefense.standardof.net\/wp-content\/uploads\/sites\/5\/2020\/10\/iBomber-Defense-Level-11-North-East-Europe-Heart-of-Oak-3.jpg 1280w\" sizes=\"(max-width: 800px) 100vw, 800px\" \/><\/a><figcaption class=\"blocks-gallery-item__caption\">V\u1ecb tr\u00ed th\u00e1p ph\u00e1o c\u1ee7a Wave 20.<\/figcaption><\/figure><\/li><\/ul><\/figure>\n\n\n\n<p>\u0110\u1ec3 b\u1eaft \u0111\u1ea7u v\u00e0 l\u00e0m cho qu\u1ea3 b\u00f3ng l\u0103n, con \u0111\u01b0\u1eddng h\u01b0\u1edbng t\u1edbi l\u00e0n s\u00f3ng 10 n\u00ean t\u1eadp trung v\u00e0o vi\u1ec7c c\u00f3 \u0111\u01b0\u1ee3c hai th\u00e1p s\u00fang M\u00e1y \u1edf hai b\u00ean c\u1ee7a con \u0111\u01b0\u1eddng n\u01a1i t\u1ea5t c\u1ea3 c\u00e1c con \u0111\u01b0\u1eddng h\u1ed9i t\u1ee5. Sau khi hai \u0111\u1ea7u n\u00e0y l\u00ean v\u00e0 \u00edt nh\u1ea5t l\u00e0 c\u1ea5p 2, h\u00e3y \u0111\u1ea3m b\u1ea3o \u0111\u1eb7t m\u1ed9t th\u00e1p ph\u00e1o \u1edf \u0111\u00e2u \u0111\u00f3 d\u1ecdc theo con \u0111\u01b0\u1eddng m\u00e0u \u0111\u1ecf, t\u1ed1t nh\u1ea5t l\u00e0 n\u01a1i c\u00e1c con \u0111\u01b0\u1eddng m\u00e0u \u0111\u1ecf v\u00e0 cam g\u1eb7p nhau (xem h\u00ecnh b\u00ean ph\u1ea3i).<\/p>\n\n\n\n<p>Ti\u1ebfn v\u1ec1 ph\u00eda l\u00e0n s\u00f3ng 20 n\u00ean t\u1eadp trung v\u00e0o vi\u1ec7c th\u00eam th\u00e1p ph\u00e1o v\u00e0o kho v\u0169 kh\u00ed c\u1ee7a b\u1ea1n, m\u1ed9t th\u00e1p Comms c\u1ea5p 2 v\u00e0 m\u1ed9t th\u00e1p ph\u00e1o Ph\u00f2ng kh\u00f4ng c\u00f3 th\u1ec3 th\u1ef1c hi\u1ec7n \u0111\u01b0\u1ee3c v\u1edbi vi\u1ec7c n\u00e2ng c\u1ea5p c\u1ea5p 2 kh\u1ecfi bat, \u0111\u01b0\u1ee3c \u0111\u1eb7t \u1edf g\u00f3c tr\u00ean c\u00f9ng b\u00ean tr\u00e1i c\u1ee7a cao nguy\u00ean b\u00ean ph\u1ea3i-trung t\u00e2m . B\u00ecnh nguy\u00ean b\u00ean tr\u00e1i n\u00ean c\u00f3 hai kh\u00f4ng gian b\u1ecb chi\u1ebfm, \u00edt nh\u1ea5t m\u1ed9t trong s\u1ed1 \u0111\u00f3 ph\u1ea3i l\u00e0 Ph\u00e1o, c\u00f2n l\u1ea1i c\u00f3 th\u1ec3 l\u00e0 S\u00fang m\u00e1y.<\/p>\n\n\n\n<p>Khi ti\u1ebfn h\u00e0nh c\u1ee7a b\u1ea1n tr\u1edf \u0111i t\u1eeb l\u00e0n s\u00f3ng hai m\u01b0\u01a1i \u0111\u1ebfn ba m\u01b0\u01a1i, h\u00e3y m\u1edf r\u1ed9ng c\u00e1c v\u1ecb tr\u00ed m\u00e0 b\u1ea1n \u0111\u00e3 b\u1eaft \u0111\u1ea7u x\u00e2y d\u1ef1ng cho \u0111\u1ebfn nay, nh\u1eadn \u0111\u01b0\u1ee3c 3 th\u00e1p Comms c\u1ea5p ba \u0111\u01b0\u1ee3c \u0111\u1eb7t \u0111\u1ec3 t\u0103ng c\u01b0\u1eddng c\u00e1c th\u00e1p ph\u00e1o c\u1ee7a b\u1ea1n v\u00e0 b\u1eaft \u0111\u1ea7u l\u1ea1i qu\u00e1 tr\u00ecnh ch\u1ebf ng\u1ef1 v\u1edbi ti\u1ec1n th\u01b0\u1edfng l\u00e3i 50$ m\u1ed7i \u0111\u1ee3t. M\u1ed9t th\u00e1p ph\u00e1o ph\u00f2ng kh\u00f4ng c\u1ea5p 3 v\u1eabn \u1ed5n v\u00e0o th\u1eddi \u0111i\u1ec3m n\u00e0y, nh\u01b0ng b\u1ea1n n\u00ean c\u00f3 m\u1ed9t v\u00e0i kh\u1ea9u ph\u00e1o c\u1ea5p 2 v\u00e0o l\u00fac n\u00e0y.<\/p>\n\n\n\n<p>10 \u0111\u1ee3t cu\u1ed1i c\u00f9ng, th\u01b0\u1eddng l\u00e0 \u0111\u1ee3t r\u00fat ra nhi\u1ec1u nh\u1ea5t v\u00e0 t\u1ea5t nhi\u00ean l\u00e0 \u0111\u1ee3t \u0111\u01b0\u1ee3c b\u1ecdc th\u00e9p d\u00e0y nh\u1ea5t, s\u1ebd mu\u1ed1n t\u1eadp trung v\u00e0o vi\u1ec7c nh\u1eadn \u0111\u01b0\u1ee3c kh\u1ed1i l\u01b0\u1ee3ng l\u1edbn c\u00e1c th\u00e1p ph\u00e1o m\u00e0 b\u1ea1n n\u00ean c\u00f3, \u0111\u01b0\u1ee3c t\u0103ng c\u01b0\u1eddng b\u1edfi Comms, t\u1ea5t c\u1ea3 l\u00ean \u0111\u1ebfn c\u1ea5p 3. M\u1ed9t c\u1ea5p 3 b\u1ed5 sung Th\u00e1p ph\u00e1o Ph\u00f2ng kh\u00f4ng c\u00f3 th\u1ec3 \u0111\u01b0\u1ee3c \u0111\u1eb7t v\u00e0 n\u1ebfu c\u1ea3 hai \u0111\u01b0\u1ee3c t\u0103ng c\u01b0\u1eddng b\u1eb1ng Comms, s\u1ebd r\u1ea5t nhi\u1ec1u kh\u1ea3 n\u0103ng \u0111\u1ec3 ng\u0103n ch\u1eb7n l\u00e0n s\u00f3ng c\u1ee7a t\u1ea5t c\u1ea3 c\u00e1c m\u00e1y bay \u0111\u1ed1i ph\u01b0\u01a1ng m\u00e0 b\u1ea1n ph\u1ea3i \u0111\u1ed1i m\u1eb7t.<\/p>\n\n\n\n<figure class=\"wp-block-gallery columns-2 is-cropped wp-block-gallery-2 is-layout-flex wp-block-gallery-is-layout-flex\"><ul class=\"blocks-gallery-grid\"><li class=\"blocks-gallery-item\"><figure><a href=\"https:\/\/ibomberdefense.standardof.net\/vi\/guide\/chien-dich-dong-minh\/11-dong-bac-chau-au-trai-tim-cua-soi\/ibomber-defense-level-11-north-east-europe-heart-of-oak-4\/\"><img decoding=\"async\" width=\"800\" height=\"450\" src=\"https:\/\/ibomberdefense.standardof.net\/wp-content\/uploads\/sites\/5\/2020\/10\/iBomber-Defense-Level-11-North-East-Europe-Heart-of-Oak-4-800x450.jpg\" alt=\"&quot;iBomber Defense&quot; - C\u1ea5p 11 - \u0110\u00f4ng B\u1eafc \u00c2u: Tr\u00e1i tim g\u1ed7 s\u1ed3i (4)\" data-id=\"59\" data-full-url=\"https:\/\/ibomberdefense.standardof.net\/wp-content\/uploads\/sites\/5\/2020\/10\/iBomber-Defense-Level-11-North-East-Europe-Heart-of-Oak-4.jpg\" data-link=\"https:\/\/ibomberdefense.standardof.net\/guide\/allied-campaign\/11-north-east-europe-heart-of-oak\/ibomber-defense-level-11-north-east-europe-heart-of-oak-4\/\" class=\"wp-image-59\" title=\"\" srcset=\"https:\/\/ibomberdefense.standardof.net\/wp-content\/uploads\/sites\/5\/2020\/10\/iBomber-Defense-Level-11-North-East-Europe-Heart-of-Oak-4-800x450.jpg 800w, https:\/\/ibomberdefense.standardof.net\/wp-content\/uploads\/sites\/5\/2020\/10\/iBomber-Defense-Level-11-North-East-Europe-Heart-of-Oak-4-512x288.jpg 512w, https:\/\/ibomberdefense.standardof.net\/wp-content\/uploads\/sites\/5\/2020\/10\/iBomber-Defense-Level-11-North-East-Europe-Heart-of-Oak-4-200x113.jpg 200w, https:\/\/ibomberdefense.standardof.net\/wp-content\/uploads\/sites\/5\/2020\/10\/iBomber-Defense-Level-11-North-East-Europe-Heart-of-Oak-4-768x432.jpg 768w, https:\/\/ibomberdefense.standardof.net\/wp-content\/uploads\/sites\/5\/2020\/10\/iBomber-Defense-Level-11-North-East-Europe-Heart-of-Oak-4-16x9.jpg 16w, https:\/\/ibomberdefense.standardof.net\/wp-content\/uploads\/sites\/5\/2020\/10\/iBomber-Defense-Level-11-North-East-Europe-Heart-of-Oak-4.jpg 1280w\" sizes=\"(max-width: 800px) 100vw, 800px\" \/><\/a><figcaption class=\"blocks-gallery-item__caption\">V\u1ecb tr\u00ed th\u00e1p ph\u00e1o c\u1ee7a Wave 30.<\/figcaption><\/figure><\/li><li class=\"blocks-gallery-item\"><figure><a href=\"https:\/\/ibomberdefense.standardof.net\/vi\/guide\/chien-dich-dong-minh\/11-dong-bac-chau-au-trai-tim-cua-soi\/ibomber-defense-level-11-north-east-europe-heart-of-oak-5\/\"><img decoding=\"async\" width=\"800\" height=\"450\" src=\"https:\/\/ibomberdefense.standardof.net\/wp-content\/uploads\/sites\/5\/2020\/10\/iBomber-Defense-Level-11-North-East-Europe-Heart-of-Oak-5-800x450.jpg\" alt=\"&quot;iBomber Defense&quot; - C\u1ea5p 11 - \u0110\u00f4ng B\u1eafc \u00c2u: Heart of Oak (5)\" data-id=\"60\" data-full-url=\"https:\/\/ibomberdefense.standardof.net\/wp-content\/uploads\/sites\/5\/2020\/10\/iBomber-Defense-Level-11-North-East-Europe-Heart-of-Oak-5.jpg\" data-link=\"https:\/\/ibomberdefense.standardof.net\/guide\/allied-campaign\/11-north-east-europe-heart-of-oak\/ibomber-defense-level-11-north-east-europe-heart-of-oak-5\/\" class=\"wp-image-60\" title=\"\" srcset=\"https:\/\/ibomberdefense.standardof.net\/wp-content\/uploads\/sites\/5\/2020\/10\/iBomber-Defense-Level-11-North-East-Europe-Heart-of-Oak-5-800x450.jpg 800w, https:\/\/ibomberdefense.standardof.net\/wp-content\/uploads\/sites\/5\/2020\/10\/iBomber-Defense-Level-11-North-East-Europe-Heart-of-Oak-5-512x288.jpg 512w, https:\/\/ibomberdefense.standardof.net\/wp-content\/uploads\/sites\/5\/2020\/10\/iBomber-Defense-Level-11-North-East-Europe-Heart-of-Oak-5-200x113.jpg 200w, https:\/\/ibomberdefense.standardof.net\/wp-content\/uploads\/sites\/5\/2020\/10\/iBomber-Defense-Level-11-North-East-Europe-Heart-of-Oak-5-768x432.jpg 768w, https:\/\/ibomberdefense.standardof.net\/wp-content\/uploads\/sites\/5\/2020\/10\/iBomber-Defense-Level-11-North-East-Europe-Heart-of-Oak-5-16x9.jpg 16w, https:\/\/ibomberdefense.standardof.net\/wp-content\/uploads\/sites\/5\/2020\/10\/iBomber-Defense-Level-11-North-East-Europe-Heart-of-Oak-5.jpg 1280w\" sizes=\"(max-width: 800px) 100vw, 800px\" \/><\/a><figcaption class=\"blocks-gallery-item__caption\">V\u1ecb tr\u00ed th\u00e1p ph\u00e1o c\u1ee7a Wave 40.<\/figcaption><\/figure><\/li><\/ul><\/figure>\n\n\n\n<hr class=\"wp-block-separator\"\/>\n\n\n\n<h4 class=\"has-text-align-center wp-block-heading\">H\u01b0\u1edbng d\u1eabn Video<\/h4>\n\n\n\n<figure class=\"wp-block-embed-youtube wp-block-embed is-type-video is-provider-youtube wp-embed-aspect-16-9 wp-has-aspect-ratio\"><div class=\"wp-block-embed__wrapper\">\n<div class=\"ast-oembed-container\" style=\"height: 100%;\"><iframe title=\"iBomber Defense - \u0110\u00f4ng B\u1eafc \u00c2u - Heart of Oak - Veteran + Perfect\" width=\"500\" height=\"281\" src=\"https:\/\/www.youtube.com\/embed\/8mlxvN6yhaY?feature=oembed\" frameborder=\"0\" allow=\"accelerometer; autoplay; clipboard-write; encrypted-media; gyroscope; picture-in-picture; web-share\" referrerpolicy=\"strict-origin-when-cross-origin\" allowfullscreen><\/iframe><\/div>\n<\/div><\/figure>","protected":false},"excerpt":{"rendered":"<p>The North East Europe level of the Allied campaign in iBomber Defense takes us back to the green forested lands to defend a base that has 8 different routes of attack, not including the route traveled by air units towards your base. Turret placement begins to get a little tricky in this level as so [&hellip;]<\/p>","protected":false},"author":1,"featured_media":60,"parent":266,"menu_order":11,"comment_status":"open","ping_status":"closed","template":"","meta":{"_uag_custom_page_level_css":"","site-sidebar-layout":"default","site-content-layout":"default","ast-site-content-layout":"","site-content-style":"default","site-sidebar-style":"default","ast-global-header-display":"","ast-banner-title-visibility":"","ast-main-header-display":"","ast-hfb-above-header-display":"","ast-hfb-below-header-display":"","ast-hfb-mobile-header-display":"","site-post-title":"","ast-breadcrumbs-content":"","ast-featured-img":"","footer-sml-layout":"","theme-transparent-header-meta":"default","adv-header-id-meta":"","stick-header-meta":"","header-above-stick-meta":"","header-main-stick-meta":"","header-below-stick-meta":"","astra-migrate-meta-layouts":"default","ast-page-background-enabled":"default","ast-page-background-meta":{"desktop":{"background-color":"","background-image":"","background-repeat":"repeat","background-position":"center center","background-size":"auto","background-attachment":"scroll","background-type":"","background-media":"","overlay-type":"","overlay-color":"","overlay-gradient":""},"tablet":{"background-color":"","background-image":"","background-repeat":"repeat","background-position":"center center","background-size":"auto","background-attachment":"scroll","background-type":"","background-media":"","overlay-type":"","overlay-color":"","overlay-gradient":""},"mobile":{"background-color":"","background-image":"","background-repeat":"repeat","background-position":"center center","background-size":"auto","background-attachment":"scroll","background-type":"","background-media":"","overlay-type":"","overlay-color":"","overlay-gradient":""}},"ast-content-background-meta":{"desktop":{"background-color":"var(--ast-global-color-5)","background-image":"","background-repeat":"repeat","background-position":"center center","background-size":"auto","background-attachment":"scroll","background-type":"","background-media":"","overlay-type":"","overlay-color":"","overlay-gradient":""},"tablet":{"background-color":"var(--ast-global-color-5)","background-image":"","background-repeat":"repeat","background-position":"center center","background-size":"auto","background-attachment":"scroll","background-type":"","background-media":"","overlay-type":"","overlay-color":"","overlay-gradient":""},"mobile":{"background-color":"var(--ast-global-color-5)","background-image":"","background-repeat":"repeat","background-position":"center center","background-size":"auto","background-attachment":"scroll","background-type":"","background-media":"","overlay-type":"","overlay-color":"","overlay-gradient":""}},"footnotes":""},"uagb_featured_image_src":{"full":["https:\/\/ibomberdefense.standardof.net\/wp-content\/uploads\/sites\/5\/2020\/10\/iBomber-Defense-Level-11-North-East-Europe-Heart-of-Oak-5.jpg",1280,720,false],"thumbnail":["https:\/\/ibomberdefense.standardof.net\/wp-content\/uploads\/sites\/5\/2020\/10\/iBomber-Defense-Level-11-North-East-Europe-Heart-of-Oak-5-200x113.jpg",200,113,true],"medium":["https:\/\/ibomberdefense.standardof.net\/wp-content\/uploads\/sites\/5\/2020\/10\/iBomber-Defense-Level-11-North-East-Europe-Heart-of-Oak-5-512x288.jpg",512,288,true],"medium_large":["https:\/\/ibomberdefense.standardof.net\/wp-content\/uploads\/sites\/5\/2020\/10\/iBomber-Defense-Level-11-North-East-Europe-Heart-of-Oak-5-768x432.jpg",768,432,true],"large":["https:\/\/ibomberdefense.standardof.net\/wp-content\/uploads\/sites\/5\/2020\/10\/iBomber-Defense-Level-11-North-East-Europe-Heart-of-Oak-5-800x450.jpg",800,450,true],"1536x1536":["https:\/\/ibomberdefense.standardof.net\/wp-content\/uploads\/sites\/5\/2020\/10\/iBomber-Defense-Level-11-North-East-Europe-Heart-of-Oak-5.jpg",1280,720,false],"2048x2048":["https:\/\/ibomberdefense.standardof.net\/wp-content\/uploads\/sites\/5\/2020\/10\/iBomber-Defense-Level-11-North-East-Europe-Heart-of-Oak-5.jpg",1280,720,false],"trp-custom-language-flag":["https:\/\/ibomberdefense.standardof.net\/wp-content\/uploads\/sites\/5\/2020\/10\/iBomber-Defense-Level-11-North-East-Europe-Heart-of-Oak-5-16x9.jpg",16,9,true]},"uagb_author_info":{"display_name":"SOE","author_link":"https:\/\/ibomberdefense.standardof.net\/vi\/author\/k-tastic\/"},"uagb_comment_info":0,"uagb_excerpt":"The North East Europe level of the Allied campaign in iBomber Defense takes us back to the green forested lands to defend a base that has 8 different routes of attack, not including the route traveled by air units towards your base. Turret placement begins to get a little tricky in this level as so&hellip;","_links":{"self":[{"href":"https:\/\/ibomberdefense.standardof.net\/vi\/wp-json\/wp\/v2\/pages\/301"}],"collection":[{"href":"https:\/\/ibomberdefense.standardof.net\/vi\/wp-json\/wp\/v2\/pages"}],"about":[{"href":"https:\/\/ibomberdefense.standardof.net\/vi\/wp-json\/wp\/v2\/types\/page"}],"author":[{"embeddable":true,"href":"https:\/\/ibomberdefense.standardof.net\/vi\/wp-json\/wp\/v2\/users\/1"}],"replies":[{"embeddable":true,"href":"https:\/\/ibomberdefense.standardof.net\/vi\/wp-json\/wp\/v2\/comments?post=301"}],"version-history":[{"count":0,"href":"https:\/\/ibomberdefense.standardof.net\/vi\/wp-json\/wp\/v2\/pages\/301\/revisions"}],"up":[{"embeddable":true,"href":"https:\/\/ibomberdefense.standardof.net\/vi\/wp-json\/wp\/v2\/pages\/266"}],"wp:featuredmedia":[{"embeddable":true,"href":"https:\/\/ibomberdefense.standardof.net\/vi\/wp-json\/wp\/v2\/media\/60"}],"wp:attachment":[{"href":"https:\/\/ibomberdefense.standardof.net\/vi\/wp-json\/wp\/v2\/media?parent=301"}],"curies":[{"name":"wp","href":"https:\/\/api.w.org\/{rel}","templated":true}]}}