{"id":302,"date":"2020-10-19T06:26:41","date_gmt":"2020-10-19T06:26:41","guid":{"rendered":"https:\/\/ibomberdefense.standardof.net\/?page_id=302"},"modified":"2020-10-19T08:06:32","modified_gmt":"2020-10-19T08:06:32","slug":"12-northern-europe-firestorm","status":"publish","type":"page","link":"https:\/\/ibomberdefense.standardof.net\/vi\/guide\/chien-dich-dong-minh\/12-bac-au-bao-lua\/","title":{"rendered":"12. B\u1eafc \u00c2u: B\u00e3o l\u1eeda"},"content":{"rendered":"<div class=\"wp-block-image\"><figure class=\"aligncenter size-large\"><a href=\"https:\/\/ibomberdefense.standardof.net\/vi\/guide\/chien-dich-dong-minh\/12-bac-au-bao-lua\/ibomber-defense-level-12-northern-europe-firestorm-1\/\"><img decoding=\"async\" width=\"800\" height=\"450\" src=\"https:\/\/ibomberdefense.standardof.net\/wp-content\/uploads\/sites\/5\/2020\/10\/iBomber-Defense-Level-12-Northern-Europe-Firestorm-1-800x450.jpg\" alt=\"&quot;iBomber Defense&quot; - C\u1ea5p 12 - B\u1eafc \u00c2u: B\u00e3o l\u1eeda (1)\" class=\"wp-image-61\" title=\"\" srcset=\"https:\/\/ibomberdefense.standardof.net\/wp-content\/uploads\/sites\/5\/2020\/10\/iBomber-Defense-Level-12-Northern-Europe-Firestorm-1-800x450.jpg 800w, https:\/\/ibomberdefense.standardof.net\/wp-content\/uploads\/sites\/5\/2020\/10\/iBomber-Defense-Level-12-Northern-Europe-Firestorm-1-512x288.jpg 512w, https:\/\/ibomberdefense.standardof.net\/wp-content\/uploads\/sites\/5\/2020\/10\/iBomber-Defense-Level-12-Northern-Europe-Firestorm-1-200x113.jpg 200w, https:\/\/ibomberdefense.standardof.net\/wp-content\/uploads\/sites\/5\/2020\/10\/iBomber-Defense-Level-12-Northern-Europe-Firestorm-1-768x432.jpg 768w, https:\/\/ibomberdefense.standardof.net\/wp-content\/uploads\/sites\/5\/2020\/10\/iBomber-Defense-Level-12-Northern-Europe-Firestorm-1-16x9.jpg 16w, https:\/\/ibomberdefense.standardof.net\/wp-content\/uploads\/sites\/5\/2020\/10\/iBomber-Defense-Level-12-Northern-Europe-Firestorm-1.jpg 1280w\" sizes=\"(max-width: 800px) 100vw, 800px\" \/><\/a><figcaption>Nhi\u1ec1u tuy\u1ebfn \u0111\u01b0\u1eddng do t\u00e0u h\u1ea3i qu\u00e2n \u1edf B\u1eafc \u00c2u th\u1ef1c hi\u1ec7n, ngo\u1ea1i tr\u1eeb con \u0111\u01b0\u1eddng m\u00e0u xanh lam nh\u1ea1t do m\u00e1y bay \u0111i. C\u00e1c m\u0169i t\u00ean \u0111\u01b0\u1ee3c b\u1ecf ra ngo\u00e0i \u0111\u1ec3 gi\u1ea3m b\u1edbt s\u1ef1 l\u1ed9n x\u1ed9n, nh\u01b0ng m\u1ecdi th\u1ee9 \u0111\u1ec1u di chuy\u1ec3n t\u1eeb t\u00e2y sang \u0111\u00f4ng.<\/figcaption><\/figure><\/div>\n\n\n\n<p>B\u1eafc \u00c2u \u0111\u01b0a ch\u00fang ta tr\u1edf l\u1ea1i v\u00f9ng bi\u1ec3n b\u0103ng gi\u00e1 \u0111\u1ec3 ch\u1ed1ng l\u1ea1i 50 \u0111\u1ee3t t\u00e0u h\u1ea3i qu\u00e2n kh\u1ed5ng l\u1ed3 trong b\u1ea3n \u0111\u1ed3 c\u00f3 th\u1ec3 l\u00e0 ph\u1ee9c t\u1ea1p nh\u1ea5t cho \u0111\u1ebfn nay khi d\u1ef1 \u0111o\u00e1n \u0111\u01b0\u1eddng \u0111i m\u00e0 k\u1ebb th\u00f9 c\u1ee7a b\u1ea1n s\u1ebd \u0111i. V\u00ec b\u1ea3n \u0111\u1ed3 n\u00e0y l\u00e0 m\u1ed9t lo\u1ea1t c\u00e1c h\u00f2n \u0111\u1ea3o m\u00e0 c\u00e1c con t\u00e0u \u0111i qua, n\u00ean \u0111i\u1ec1u quan tr\u1ecdng l\u00e0 ph\u1ea3i c\u00f3 ph\u1ea1m vi bao qu\u00e1t r\u1ed9ng \u0111\u1ec3 x\u1eed l\u00fd k\u1ebb th\u00f9.<\/p>\n\n\n\n<p>M\u00e1y bay b\u1eaft \u0111\u1ea7u xu\u1ea5t hi\u1ec7n nh\u01b0 tr\u01b0\u1edbc \u0111\u00e2y, \u1edf l\u00e0n s\u00f3ng 20 nh\u01b0ng ph\u1ea7n l\u1edbn tr\u1ecdng t\u00e2m c\u1ee7a b\u1ea1n s\u1ebd l\u00e0 x\u1ea3 r\u00e1c v\u00e0o c\u00e1c h\u00f2n \u0111\u1ea3o trung t\u00e2m v\u00e0 b\u00ean ph\u1ea3i v\u1edbi c\u00e0ng nhi\u1ec1u th\u00e1p ph\u00e1o c\u1ea5p 3 c\u00e0ng t\u1ed1t, t\u1ea5t c\u1ea3 \u0111\u1ec1u \u0111\u01b0\u1ee3c t\u0103ng c\u01b0\u1eddng v\u1edbi c\u00e1c th\u00e1p Truy\u1ec1n th\u00f4ng v\u1edbi \u0111\u00f4i khi Ch\u1ed1ng Th\u00e1p ph\u00e1o tr\u00ean kh\u00f4ng v\u00e0 ch\u1ec9 r\u1ea3i r\u00e1c c\u00e1c th\u00e1p s\u00fang M\u00e1y t\u1ea1i m\u1ed9t s\u1ed1 kh\u00fac cua tr\u00ean \u0111\u01b0\u1eddng k\u1ebb th\u00f9.<\/p>\n\n\n\n<h3 class=\"wp-block-heading\"><strong>V\u1ecb tr\u00ed th\u00e1p ph\u00e1o<\/strong><\/h3>\n\n\n\n<figure class=\"wp-block-gallery columns-2 is-cropped wp-block-gallery-1 is-layout-flex wp-block-gallery-is-layout-flex\"><ul class=\"blocks-gallery-grid\"><li class=\"blocks-gallery-item\"><figure><a href=\"https:\/\/ibomberdefense.standardof.net\/vi\/guide\/chien-dich-dong-minh\/12-bac-au-bao-lua\/ibomber-defense-level-12-northern-europe-firestorm-2\/\"><img decoding=\"async\" width=\"800\" height=\"450\" src=\"https:\/\/ibomberdefense.standardof.net\/wp-content\/uploads\/sites\/5\/2020\/10\/iBomber-Defense-Level-12-Northern-Europe-Firestorm-2-800x450.jpg\" alt=\"&quot;iBomber Defense&quot; - C\u1ea5p 12 - B\u1eafc \u00c2u: B\u00e3o l\u1eeda (2)\" data-id=\"62\" data-full-url=\"https:\/\/ibomberdefense.standardof.net\/wp-content\/uploads\/sites\/5\/2020\/10\/iBomber-Defense-Level-12-Northern-Europe-Firestorm-2.jpg\" data-link=\"https:\/\/ibomberdefense.standardof.net\/guide\/allied-campaign\/12-northern-europe-firestorm\/ibomber-defense-level-12-northern-europe-firestorm-2\/\" class=\"wp-image-62\" title=\"\" srcset=\"https:\/\/ibomberdefense.standardof.net\/wp-content\/uploads\/sites\/5\/2020\/10\/iBomber-Defense-Level-12-Northern-Europe-Firestorm-2-800x450.jpg 800w, https:\/\/ibomberdefense.standardof.net\/wp-content\/uploads\/sites\/5\/2020\/10\/iBomber-Defense-Level-12-Northern-Europe-Firestorm-2-512x288.jpg 512w, https:\/\/ibomberdefense.standardof.net\/wp-content\/uploads\/sites\/5\/2020\/10\/iBomber-Defense-Level-12-Northern-Europe-Firestorm-2-200x113.jpg 200w, https:\/\/ibomberdefense.standardof.net\/wp-content\/uploads\/sites\/5\/2020\/10\/iBomber-Defense-Level-12-Northern-Europe-Firestorm-2-768x432.jpg 768w, https:\/\/ibomberdefense.standardof.net\/wp-content\/uploads\/sites\/5\/2020\/10\/iBomber-Defense-Level-12-Northern-Europe-Firestorm-2-16x9.jpg 16w, https:\/\/ibomberdefense.standardof.net\/wp-content\/uploads\/sites\/5\/2020\/10\/iBomber-Defense-Level-12-Northern-Europe-Firestorm-2.jpg 1280w\" sizes=\"(max-width: 800px) 100vw, 800px\" \/><\/a><figcaption class=\"blocks-gallery-item__caption\">V\u1ecb tr\u00ed th\u00e1p ph\u00e1o c\u1ee7a Wave 10 \u1edf c\u1ea5p \u0111\u1ed9 &quot;Ph\u00f2ng th\u1ee7 iBomber&quot; \u1edf B\u1eafc \u00c2u.<\/figcaption><\/figure><\/li><li class=\"blocks-gallery-item\"><figure><a href=\"https:\/\/ibomberdefense.standardof.net\/vi\/guide\/chien-dich-dong-minh\/12-bac-au-bao-lua\/ibomber-defense-level-12-northern-europe-firestorm-3\/\"><img decoding=\"async\" width=\"800\" height=\"450\" src=\"https:\/\/ibomberdefense.standardof.net\/wp-content\/uploads\/sites\/5\/2020\/10\/iBomber-Defense-Level-12-Northern-Europe-Firestorm-3-800x450.jpg\" alt=\"&quot;iBomber Defense&quot; - C\u1ea5p 12 - B\u1eafc \u00c2u: B\u00e3o l\u1eeda (3)\" data-id=\"63\" data-full-url=\"https:\/\/ibomberdefense.standardof.net\/wp-content\/uploads\/sites\/5\/2020\/10\/iBomber-Defense-Level-12-Northern-Europe-Firestorm-3.jpg\" data-link=\"https:\/\/ibomberdefense.standardof.net\/guide\/allied-campaign\/12-northern-europe-firestorm\/ibomber-defense-level-12-northern-europe-firestorm-3\/\" class=\"wp-image-63\" title=\"\" srcset=\"https:\/\/ibomberdefense.standardof.net\/wp-content\/uploads\/sites\/5\/2020\/10\/iBomber-Defense-Level-12-Northern-Europe-Firestorm-3-800x450.jpg 800w, https:\/\/ibomberdefense.standardof.net\/wp-content\/uploads\/sites\/5\/2020\/10\/iBomber-Defense-Level-12-Northern-Europe-Firestorm-3-512x288.jpg 512w, https:\/\/ibomberdefense.standardof.net\/wp-content\/uploads\/sites\/5\/2020\/10\/iBomber-Defense-Level-12-Northern-Europe-Firestorm-3-200x113.jpg 200w, https:\/\/ibomberdefense.standardof.net\/wp-content\/uploads\/sites\/5\/2020\/10\/iBomber-Defense-Level-12-Northern-Europe-Firestorm-3-768x432.jpg 768w, https:\/\/ibomberdefense.standardof.net\/wp-content\/uploads\/sites\/5\/2020\/10\/iBomber-Defense-Level-12-Northern-Europe-Firestorm-3-16x9.jpg 16w, https:\/\/ibomberdefense.standardof.net\/wp-content\/uploads\/sites\/5\/2020\/10\/iBomber-Defense-Level-12-Northern-Europe-Firestorm-3.jpg 1280w\" sizes=\"(max-width: 800px) 100vw, 800px\" \/><\/a><figcaption class=\"blocks-gallery-item__caption\">V\u1ecb tr\u00ed th\u00e1p ph\u00e1o c\u1ee7a Wave 20.<\/figcaption><\/figure><\/li><\/ul><\/figure>\n\n\n\n<p>T\u1eeb \u0111\u1ea7u \u0111i l\u00ean theo h\u01b0\u1edbng s\u00f3ng 10, b\u1ea1n s\u1ebd mu\u1ed1n t\u1eadp trung nh\u01b0 th\u01b0\u1eddng l\u1ec7, v\u00e0o c\u00e1c th\u00e1p s\u00fang M\u00e1y M\u00e1y, \u0111\u1eb7t b\u1ed1n trong s\u1ed1 ch\u00fang, m\u1ed9t \u1edf m\u1ed7i kh\u00fac cua kh\u00e1c nhau m\u00e0 c\u00e1c t\u00e0u h\u1ea3i qu\u00e2n th\u1ef1c hi\u1ec7n tr\u00ean \u0111\u01b0\u1eddng \u0111i c\u1ee7a ch\u00fang. \u0110i\u1ec1u n\u00e0y \u0111\u01b0\u1ee3c nh\u00ecn th\u1ea5y r\u00f5 nh\u1ea5t trong c\u00e1c h\u00ecnh \u1ea3nh b\u00ean ph\u1ea3i (h\u00ecnh thu nh\u1ecf #2).<\/p>\n\n\n\n<p>Con \u0111\u01b0\u1eddng h\u01b0\u1edbng t\u1edbi l\u00e0n s\u00f3ng 20 s\u1ebd \u0111\u01b0\u1ee3c m\u1edf b\u1eb1ng vi\u1ec7c n\u00e2ng c\u1ea5p m\u1ed9t s\u1ed1 th\u00e1p s\u00fang M\u00e1y trong khi x\u00e2y d\u1ef1ng m\u1ed9t th\u00e1p ph\u00e1o AA duy nh\u1ea5t \u1edf trung t\u00e2m h\u00f2n \u0111\u1ea3o l\u1edbn nh\u1ea5t trong khi bao ph\u1ee7 h\u00f2n \u0111\u1ea3o nh\u1ecf b\u00ean ph\u1ea3i \u0111\u1ea7y th\u00e1p ph\u00e1o \u0111\u01b0\u1ee3c t\u0103ng c\u01b0\u1eddng b\u1edfi m\u1ed9t th\u00e1p Truy\u1ec1n th\u00f4ng. C\u00e1c kh\u1ea9u ph\u00e1o s\u1ebd l\u00e0 c\u00f4ng tr\u00ecnh \u01b0a th\u00edch c\u1ee7a b\u1ea1n k\u1ec3 t\u1eeb \u0111\u00e2y tr\u1edf \u0111i.<\/p>\n\n\n\n<p>Khi b\u1ea1n th\u1ef1c hi\u1ec7n theo c\u00e1ch c\u1ee7a m\u00ecnh t\u1eeb c\u1ea5p 20 \u0111\u1ebfn c\u1ea5p ba m\u01b0\u01a1i, h\u00e3y d\u00e0nh th\u1eddi gian n\u00e0y \u0111\u1ec3 t\u00edch l\u0169y ti\u1ec1n l\u00e3i trong khi n\u00e2ng c\u1ea5p c\u00e1c th\u00e1p ph\u00e1o tr\u00ean h\u00f2n \u0111\u1ea3o nh\u1ecf b\u00ean ph\u1ea3i c\u1ee7a b\u1ea1n trong khi b\u1eaft \u0111\u1ea7u ph\u00e1t tri\u1ec3n \u1edf h\u00f2n \u0111\u1ea3o trung t\u00e2m l\u1edbn. B\u1ea3n th\u00e2n Wave 30 c\u0169ng c\u00f3 ngh\u0129a l\u00e0 c\u00f3 2 th\u00e1p Comms c\u1ea5p 3 c\u1ea5p cho b\u1ea1n th\u00eam ti\u1ec1n khi m\u1ed7i v\u00f2ng tr\u00f4i qua.<\/p>\n\n\n\n<p>Ti\u1ebfp t\u1ee5c tr\u1edf \u0111i cho \u0111\u1ebfn s\u00f3ng b\u1ed1n m\u01b0\u01a1i, b\u1ea1n th\u1ef1c s\u1ef1 n\u00ean c\u00e0o b\u1eb1ng b\u1ed9t sau khi \u0111\u1eb7t th\u00e1p Comms th\u1ee9 3 \u0111\u1ec3 cung c\u1ea5p ph\u1ea1m vi b\u1ea3o v\u1ec7 cho c\u00e1c th\u00e1p \u0111\u01b0\u1ee3c \u0111\u1eb7t tr\u00ean \u0111\u1ea3o trung t\u00e2m trong khi n\u00e2ng c\u1ea5p c\u1ea3 ba th\u00e1p l\u00ean m\u1ee9c n\u00e2ng c\u1ea5p cao nh\u1ea5t c\u1ee7a ch\u00fang. S\u1eed d\u1ee5ng qu\u1ef9 ch\u1ebf ng\u1ef1 \u0111\u1ec3 l\u00e0m cho to\u00e0n b\u1ed9 h\u00f2n \u0111\u1ea3o trung t\u00e2m \u0111\u01b0\u1ee3c bao ph\u1ee7 b\u1edfi \u0110\u1ea1i b\u00e1c ngo\u1ea1i tr\u1eeb c\u00e1c Ph\u00e1o t\u0103ng c\u01b0\u1eddng v\u00e0 hai th\u00e1p Ph\u00f2ng kh\u00f4ng \u1edf c\u1ea5p 3. Khi b\u1ea1n ti\u1ebfn v\u1ec1 c\u1ea5p 50, tr\u1ecdng t\u00e2m s\u1ebd chuy\u1ec3n sang vi\u1ec7c n\u00e2ng gi\u00e1 \u0110\u1ea1i b\u00e1c nh\u00ecn th\u1ea5y trong h\u00ecnh \u1ea3nh s\u00f3ng 40 l\u00ean c\u1ea5p \u0111\u1ed9 3, cung c\u1ea5p m\u1ed9t b\u1ee9c t\u01b0\u1eddng \u0111\u1ea1n n\u1eb7ng theo ngh\u0129a \u0111en \u0111\u1ec3 \u0111\u1eadp c\u00e1c t\u00e0u h\u1ea3i qu\u00e2n th\u00e0nh nh\u1eefng m\u1ea3nh v\u1ee5n.<\/p>\n\n\n\n<figure class=\"wp-block-gallery columns-2 is-cropped wp-block-gallery-2 is-layout-flex wp-block-gallery-is-layout-flex\"><ul class=\"blocks-gallery-grid\"><li class=\"blocks-gallery-item\"><figure><a href=\"https:\/\/ibomberdefense.standardof.net\/vi\/guide\/chien-dich-dong-minh\/12-bac-au-bao-lua\/ibomber-defense-level-12-northern-europe-firestorm-4\/\"><img decoding=\"async\" width=\"800\" height=\"450\" src=\"https:\/\/ibomberdefense.standardof.net\/wp-content\/uploads\/sites\/5\/2020\/10\/iBomber-Defense-Level-12-Northern-Europe-Firestorm-4-800x450.jpg\" alt=\"&quot;iBomber Defense&quot; - C\u1ea5p 12 - B\u1eafc \u00c2u: B\u00e3o l\u1eeda (4)\" data-id=\"64\" data-full-url=\"https:\/\/ibomberdefense.standardof.net\/wp-content\/uploads\/sites\/5\/2020\/10\/iBomber-Defense-Level-12-Northern-Europe-Firestorm-4.jpg\" data-link=\"https:\/\/ibomberdefense.standardof.net\/guide\/allied-campaign\/12-northern-europe-firestorm\/ibomber-defense-level-12-northern-europe-firestorm-4\/\" class=\"wp-image-64\" title=\"\" srcset=\"https:\/\/ibomberdefense.standardof.net\/wp-content\/uploads\/sites\/5\/2020\/10\/iBomber-Defense-Level-12-Northern-Europe-Firestorm-4-800x450.jpg 800w, https:\/\/ibomberdefense.standardof.net\/wp-content\/uploads\/sites\/5\/2020\/10\/iBomber-Defense-Level-12-Northern-Europe-Firestorm-4-512x288.jpg 512w, https:\/\/ibomberdefense.standardof.net\/wp-content\/uploads\/sites\/5\/2020\/10\/iBomber-Defense-Level-12-Northern-Europe-Firestorm-4-200x113.jpg 200w, https:\/\/ibomberdefense.standardof.net\/wp-content\/uploads\/sites\/5\/2020\/10\/iBomber-Defense-Level-12-Northern-Europe-Firestorm-4-768x432.jpg 768w, https:\/\/ibomberdefense.standardof.net\/wp-content\/uploads\/sites\/5\/2020\/10\/iBomber-Defense-Level-12-Northern-Europe-Firestorm-4-16x9.jpg 16w, https:\/\/ibomberdefense.standardof.net\/wp-content\/uploads\/sites\/5\/2020\/10\/iBomber-Defense-Level-12-Northern-Europe-Firestorm-4.jpg 1280w\" sizes=\"(max-width: 800px) 100vw, 800px\" \/><\/a><figcaption class=\"blocks-gallery-item__caption\">V\u1ecb tr\u00ed th\u00e1p ph\u00e1o c\u1ee7a Wave 30.<\/figcaption><\/figure><\/li><li class=\"blocks-gallery-item\"><figure><a href=\"https:\/\/ibomberdefense.standardof.net\/vi\/guide\/chien-dich-dong-minh\/12-bac-au-bao-lua\/ibomber-defense-level-12-northern-europe-firestorm-5\/\"><img decoding=\"async\" width=\"800\" height=\"450\" src=\"https:\/\/ibomberdefense.standardof.net\/wp-content\/uploads\/sites\/5\/2020\/10\/iBomber-Defense-Level-12-Northern-Europe-Firestorm-5-800x450.jpg\" alt=\"&quot;iBomber Defense&quot; - C\u1ea5p 12 - B\u1eafc \u00c2u: B\u00e3o l\u1eeda (5)\" data-id=\"65\" data-full-url=\"https:\/\/ibomberdefense.standardof.net\/wp-content\/uploads\/sites\/5\/2020\/10\/iBomber-Defense-Level-12-Northern-Europe-Firestorm-5.jpg\" data-link=\"https:\/\/ibomberdefense.standardof.net\/guide\/allied-campaign\/12-northern-europe-firestorm\/ibomber-defense-level-12-northern-europe-firestorm-5\/\" class=\"wp-image-65\" title=\"\" srcset=\"https:\/\/ibomberdefense.standardof.net\/wp-content\/uploads\/sites\/5\/2020\/10\/iBomber-Defense-Level-12-Northern-Europe-Firestorm-5-800x450.jpg 800w, https:\/\/ibomberdefense.standardof.net\/wp-content\/uploads\/sites\/5\/2020\/10\/iBomber-Defense-Level-12-Northern-Europe-Firestorm-5-512x288.jpg 512w, https:\/\/ibomberdefense.standardof.net\/wp-content\/uploads\/sites\/5\/2020\/10\/iBomber-Defense-Level-12-Northern-Europe-Firestorm-5-200x113.jpg 200w, https:\/\/ibomberdefense.standardof.net\/wp-content\/uploads\/sites\/5\/2020\/10\/iBomber-Defense-Level-12-Northern-Europe-Firestorm-5-768x432.jpg 768w, https:\/\/ibomberdefense.standardof.net\/wp-content\/uploads\/sites\/5\/2020\/10\/iBomber-Defense-Level-12-Northern-Europe-Firestorm-5-16x9.jpg 16w, https:\/\/ibomberdefense.standardof.net\/wp-content\/uploads\/sites\/5\/2020\/10\/iBomber-Defense-Level-12-Northern-Europe-Firestorm-5.jpg 1280w\" sizes=\"(max-width: 800px) 100vw, 800px\" \/><\/a><figcaption class=\"blocks-gallery-item__caption\">V\u1ecb tr\u00ed th\u00e1p ph\u00e1o c\u1ee7a Wave 40 \u1edf c\u1ea5p \u0111\u1ed9 &quot;Ph\u00f2ng th\u1ee7 iBomber&quot; \u1edf B\u1eafc \u00c2u.<\/figcaption><\/figure><\/li><li class=\"blocks-gallery-item\"><figure><a href=\"https:\/\/ibomberdefense.standardof.net\/vi\/guide\/chien-dich-dong-minh\/12-bac-au-bao-lua\/ibomber-defense-level-12-northern-europe-firestorm-6\/\"><img decoding=\"async\" width=\"800\" height=\"450\" src=\"https:\/\/ibomberdefense.standardof.net\/wp-content\/uploads\/sites\/5\/2020\/10\/iBomber-Defense-Level-12-Northern-Europe-Firestorm-6-800x450.jpg\" alt=\"&quot;iBomber Defense&quot; - C\u1ea5p 12 - B\u1eafc \u00c2u: B\u00e3o l\u1eeda (6)\" data-id=\"66\" data-full-url=\"https:\/\/ibomberdefense.standardof.net\/wp-content\/uploads\/sites\/5\/2020\/10\/iBomber-Defense-Level-12-Northern-Europe-Firestorm-6.jpg\" data-link=\"https:\/\/ibomberdefense.standardof.net\/guide\/allied-campaign\/12-northern-europe-firestorm\/ibomber-defense-level-12-northern-europe-firestorm-6\/\" class=\"wp-image-66\" title=\"\" srcset=\"https:\/\/ibomberdefense.standardof.net\/wp-content\/uploads\/sites\/5\/2020\/10\/iBomber-Defense-Level-12-Northern-Europe-Firestorm-6-800x450.jpg 800w, https:\/\/ibomberdefense.standardof.net\/wp-content\/uploads\/sites\/5\/2020\/10\/iBomber-Defense-Level-12-Northern-Europe-Firestorm-6-512x288.jpg 512w, https:\/\/ibomberdefense.standardof.net\/wp-content\/uploads\/sites\/5\/2020\/10\/iBomber-Defense-Level-12-Northern-Europe-Firestorm-6-200x113.jpg 200w, https:\/\/ibomberdefense.standardof.net\/wp-content\/uploads\/sites\/5\/2020\/10\/iBomber-Defense-Level-12-Northern-Europe-Firestorm-6-768x432.jpg 768w, https:\/\/ibomberdefense.standardof.net\/wp-content\/uploads\/sites\/5\/2020\/10\/iBomber-Defense-Level-12-Northern-Europe-Firestorm-6-16x9.jpg 16w, https:\/\/ibomberdefense.standardof.net\/wp-content\/uploads\/sites\/5\/2020\/10\/iBomber-Defense-Level-12-Northern-Europe-Firestorm-6.jpg 1280w\" sizes=\"(max-width: 800px) 100vw, 800px\" \/><\/a><figcaption class=\"blocks-gallery-item__caption\">V\u1ecb tr\u00ed th\u00e1p ph\u00e1o c\u1ee7a Wave 50 \u1edf c\u1ea5p \u0111\u1ed9 &quot;Ph\u00f2ng th\u1ee7 iBomber&quot; \u1edf B\u1eafc \u00c2u.<\/figcaption><\/figure><\/li><\/ul><\/figure>\n\n\n\n<hr class=\"wp-block-separator\"\/>\n\n\n\n<h4 class=\"has-text-align-center wp-block-heading\">H\u01b0\u1edbng d\u1eabn Video<\/h4>\n\n\n\n<figure class=\"wp-block-embed-youtube wp-block-embed is-type-video is-provider-youtube wp-embed-aspect-16-9 wp-has-aspect-ratio\"><div class=\"wp-block-embed__wrapper\">\n<div class=\"ast-oembed-container\" style=\"height: 100%;\"><iframe title=\"iBomber Defense - B\u1eafc \u00c2u - Firestorm - Veteran + Perfect\" width=\"500\" height=\"281\" src=\"https:\/\/www.youtube.com\/embed\/kwe8sJlFnhk?feature=oembed\" frameborder=\"0\" allow=\"accelerometer; autoplay; clipboard-write; encrypted-media; gyroscope; picture-in-picture; web-share\" referrerpolicy=\"strict-origin-when-cross-origin\" allowfullscreen><\/iframe><\/div>\n<\/div><\/figure>","protected":false},"excerpt":{"rendered":"<p>Northern Europe takes us back to the icy waters in order to fend off a massive 50 waves of naval vessels in what is quite possibly the most complicated map so far when it comes to predicting the route your enemy will take. Since this map is a series of island through which the ships [&hellip;]<\/p>","protected":false},"author":1,"featured_media":66,"parent":266,"menu_order":12,"comment_status":"open","ping_status":"closed","template":"","meta":{"_uag_custom_page_level_css":"","site-sidebar-layout":"default","site-content-layout":"default","ast-site-content-layout":"","site-content-style":"default","site-sidebar-style":"default","ast-global-header-display":"","ast-banner-title-visibility":"","ast-main-header-display":"","ast-hfb-above-header-display":"","ast-hfb-below-header-display":"","ast-hfb-mobile-header-display":"","site-post-title":"","ast-breadcrumbs-content":"","ast-featured-img":"","footer-sml-layout":"","theme-transparent-header-meta":"default","adv-header-id-meta":"","stick-header-meta":"","header-above-stick-meta":"","header-main-stick-meta":"","header-below-stick-meta":"","astra-migrate-meta-layouts":"default","ast-page-background-enabled":"default","ast-page-background-meta":{"desktop":{"background-color":"","background-image":"","background-repeat":"repeat","background-position":"center center","background-size":"auto","background-attachment":"scroll","background-type":"","background-media":"","overlay-type":"","overlay-color":"","overlay-gradient":""},"tablet":{"background-color":"","background-image":"","background-repeat":"repeat","background-position":"center center","background-size":"auto","background-attachment":"scroll","background-type":"","background-media":"","overlay-type":"","overlay-color":"","overlay-gradient":""},"mobile":{"background-color":"","background-image":"","background-repeat":"repeat","background-position":"center center","background-size":"auto","background-attachment":"scroll","background-type":"","background-media":"","overlay-type":"","overlay-color":"","overlay-gradient":""}},"ast-content-background-meta":{"desktop":{"background-color":"var(--ast-global-color-5)","background-image":"","background-repeat":"repeat","background-position":"center center","background-size":"auto","background-attachment":"scroll","background-type":"","background-media":"","overlay-type":"","overlay-color":"","overlay-gradient":""},"tablet":{"background-color":"var(--ast-global-color-5)","background-image":"","background-repeat":"repeat","background-position":"center center","background-size":"auto","background-attachment":"scroll","background-type":"","background-media":"","overlay-type":"","overlay-color":"","overlay-gradient":""},"mobile":{"background-color":"var(--ast-global-color-5)","background-image":"","background-repeat":"repeat","background-position":"center center","background-size":"auto","background-attachment":"scroll","background-type":"","background-media":"","overlay-type":"","overlay-color":"","overlay-gradient":""}},"footnotes":""},"uagb_featured_image_src":{"full":["https:\/\/ibomberdefense.standardof.net\/wp-content\/uploads\/sites\/5\/2020\/10\/iBomber-Defense-Level-12-Northern-Europe-Firestorm-6.jpg",1280,720,false],"thumbnail":["https:\/\/ibomberdefense.standardof.net\/wp-content\/uploads\/sites\/5\/2020\/10\/iBomber-Defense-Level-12-Northern-Europe-Firestorm-6-200x113.jpg",200,113,true],"medium":["https:\/\/ibomberdefense.standardof.net\/wp-content\/uploads\/sites\/5\/2020\/10\/iBomber-Defense-Level-12-Northern-Europe-Firestorm-6-512x288.jpg",512,288,true],"medium_large":["https:\/\/ibomberdefense.standardof.net\/wp-content\/uploads\/sites\/5\/2020\/10\/iBomber-Defense-Level-12-Northern-Europe-Firestorm-6-768x432.jpg",768,432,true],"large":["https:\/\/ibomberdefense.standardof.net\/wp-content\/uploads\/sites\/5\/2020\/10\/iBomber-Defense-Level-12-Northern-Europe-Firestorm-6-800x450.jpg",800,450,true],"1536x1536":["https:\/\/ibomberdefense.standardof.net\/wp-content\/uploads\/sites\/5\/2020\/10\/iBomber-Defense-Level-12-Northern-Europe-Firestorm-6.jpg",1280,720,false],"2048x2048":["https:\/\/ibomberdefense.standardof.net\/wp-content\/uploads\/sites\/5\/2020\/10\/iBomber-Defense-Level-12-Northern-Europe-Firestorm-6.jpg",1280,720,false],"trp-custom-language-flag":["https:\/\/ibomberdefense.standardof.net\/wp-content\/uploads\/sites\/5\/2020\/10\/iBomber-Defense-Level-12-Northern-Europe-Firestorm-6-16x9.jpg",16,9,true]},"uagb_author_info":{"display_name":"SOE","author_link":"https:\/\/ibomberdefense.standardof.net\/vi\/author\/k-tastic\/"},"uagb_comment_info":0,"uagb_excerpt":"Northern Europe takes us back to the icy waters in order to fend off a massive 50 waves of naval vessels in what is quite possibly the most complicated map so far when it comes to predicting the route your enemy will take. Since this map is a series of island through which the ships&hellip;","_links":{"self":[{"href":"https:\/\/ibomberdefense.standardof.net\/vi\/wp-json\/wp\/v2\/pages\/302"}],"collection":[{"href":"https:\/\/ibomberdefense.standardof.net\/vi\/wp-json\/wp\/v2\/pages"}],"about":[{"href":"https:\/\/ibomberdefense.standardof.net\/vi\/wp-json\/wp\/v2\/types\/page"}],"author":[{"embeddable":true,"href":"https:\/\/ibomberdefense.standardof.net\/vi\/wp-json\/wp\/v2\/users\/1"}],"replies":[{"embeddable":true,"href":"https:\/\/ibomberdefense.standardof.net\/vi\/wp-json\/wp\/v2\/comments?post=302"}],"version-history":[{"count":0,"href":"https:\/\/ibomberdefense.standardof.net\/vi\/wp-json\/wp\/v2\/pages\/302\/revisions"}],"up":[{"embeddable":true,"href":"https:\/\/ibomberdefense.standardof.net\/vi\/wp-json\/wp\/v2\/pages\/266"}],"wp:featuredmedia":[{"embeddable":true,"href":"https:\/\/ibomberdefense.standardof.net\/vi\/wp-json\/wp\/v2\/media\/66"}],"wp:attachment":[{"href":"https:\/\/ibomberdefense.standardof.net\/vi\/wp-json\/wp\/v2\/media?parent=302"}],"curies":[{"name":"wp","href":"https:\/\/api.w.org\/{rel}","templated":true}]}}